{"id":12177,"date":"2018-01-08T13:06:24","date_gmt":"2018-01-08T12:06:24","guid":{"rendered":"https:\/\/ddoptics.shop\/?post_type=product&#038;p=12177"},"modified":"2025-10-07T11:11:17","modified_gmt":"2025-10-07T09:11:17","slug":"v6-2komma5-15x50-gen-3-nowa-siatka-4-mrad-2","status":"publish","type":"product","link":"https:\/\/ddoptics.shop\/pl\/kaufen\/v6-2komma5-15x50-gen-3-new-absehen-4-mrad\/","title":{"rendered":"Luneta celownicza DDoptics Nighteagle 2.5-15\u00d750 | V6 | A4N | Regulacja MRAD - Gen 3"},"content":{"rendered":"<div class=\"container section-title-container\" ><h3 class=\"section-title section-title-normal\"><b aria-hidden=\"true\"><\/b><span class=\"section-title-main\" ><i class=\"icon-cross\" aria-hidden=\"true\"><\/i>Kr\u00f3tki przegl\u0105d lunety celowniczej DDoptics V6 2,5-15x50 z regulacj\u0105 MRAD<\/span><b aria-hidden=\"true\"><\/b><\/h3><\/div>\n<table style=\"background-color: #cacaca; width: 100%;\">\n<tbody>\n<tr style=\"height: 24px;\">\n<td style=\"height: 24px; width: 20%;\"><strong>Rura<\/strong><\/td>\n<td style=\"height: 24px; width: 30%;\">Rurka mono 30 mm<\/td>\n<td style=\"height: 24px; width: 20%;\"><strong>Pole widzenia: m @100m<\/strong><\/td>\n<td style=\"height: 24px; width: 30%;\">13,5 - 2,2 m<\/td>\n<\/tr>\n<tr style=\"height: 24px;\">\n<td style=\"height: 24px; width: 20%;\"><strong>System optyczny<\/strong><\/td>\n<td style=\"height: 24px; width: 30%;\">\u00a02,5-15-krotny<\/td>\n<td style=\"height: 24px; width: 20%;\">\u00a0<strong>Odleg\u0142o\u015b\u0107 mi\u0119dzy \u017arenicami<\/strong><\/td>\n<td style=\"height: 24px; width: 30%;\">\u00a088 - 89 mm<\/td>\n<\/tr>\n<tr style=\"height: 24px;\">\n<td style=\"height: 24px; width: 20%;\"><strong>Obiektyw<\/strong><\/td>\n<td style=\"height: 24px; width: 30%;\">\u00a050 mm<\/td>\n<td style=\"height: 24px; width: 20%;\">\u00a0<strong>D\u0142ugo\u015b\u0107<\/strong><\/td>\n<td style=\"height: 24px; width: 30%;\">\u00a0361 mm<\/td>\n<\/tr>\n<tr style=\"height: 24px;\">\n<td style=\"height: 24px; width: 20%;\"><strong>Siatka<\/strong><\/td>\n<td style=\"height: 24px; width: 30%;\">\u00a0Nowy celownik 4 \/ A4N<\/td>\n<td style=\"height: 24px; width: 20%;\">\u00a0<strong>Waga<\/strong><\/td>\n<td style=\"height: 24px; width: 30%;\">\u00a0640 g<\/td>\n<\/tr>\n<tr style=\"height: 24px;\">\n<td style=\"height: 24px; width: 20%;\"><strong>Punkt \u015bwietlny<\/strong><\/td>\n<td style=\"height: 24px; width: 30%;\">\u00a0Standardowy lub iFibre<\/td>\n<td style=\"height: 24px; width: 20%;\">\u00a0<strong>Ochrona przed zaparowaniem<\/strong><\/td>\n<td style=\"height: 24px; width: 30%;\">\u00a0Wype\u0142nienie azotem przed zaparowaniem<\/td>\n<\/tr>\n<tr style=\"height: 24px;\">\n<td style=\"height: 24px; width: 20%;\"><strong>Ostro\u015b\u0107\/paralaksa<\/strong><\/td>\n<td style=\"height: 24px; width: 30%;\">\u00a0Regulowany obiektyw od 20 m do niesko\u0144czono\u015bci<\/td>\n<td style=\"height: 24px; width: 20%;\">\u00a0<strong>Szczelno\u015b\u0107<\/strong><\/td>\n<td style=\"height: 24px; width: 30%;\">\u00a0Odporno\u015b\u0107 na wod\u0119 i uderzenia<\/td>\n<\/tr>\n<\/tbody>\n<\/table>\n<div class=\"row\"  id=\"row-1480682074\">\n\n\t<div id=\"col-635538537\" class=\"col medium-8 small-12 large-8\"  >\n\t\t\t\t<div class=\"col-inner\"  >\n\t\t\t\n\t\t\t\n<h2>Luneta celownicza DDoptics Nighteagle 2.5-15\u00d750 - pot\u0119\u017cna luneta celownicza z 6-krotnym zoomem i regulacj\u0105 MRAD click (1 cm\/klik - 100 m)<\/h2>\n<p>Nowy <strong>Luneta celownicza DDoptics 2.5-15\u00d750<\/strong>\u00a0z regulacj\u0105 klikni\u0119cia MRAD jest szczeg\u00f3lnie odpowiedni dla <strong>Tereny \u0142owieckie z r\u00f3\u017cnymi odleg\u0142o\u015bciami strza\u0142u<\/strong>. Obejmuje szeroki zakres terenu, np. do polowa\u0144 g\u00f3rskich lub polowa\u0144 w terenie.<\/p>\n<p>Nowa Generacja 3 zosta\u0142a wyposa\u017cona w <strong>ci\u0119\u017cko dzia\u0142aj\u0105ca regulacja celownika<\/strong> wykonana z metalu, Zerostop, New Reticle 4, szk\u0142o CT, pow\u0142oka DDlucid i podw\u00f3jne skalowanie.<\/p>\n<p>The <a href=\"https:\/\/ddoptics.shop\/pl\/sklep\/celownik-teleskopowy\/v6-6x-zoom\/\" target=\"_blank\" rel=\"noopener noreferrer\">6-krotny <strong>Celownik teleskopowy <\/strong><\/a>Spe\u0142nia wszystkie wymagania dotycz\u0105ce polowa\u0144, takie jak<strong>\u00a0Prze\u015bladowanie, ukrywanie si\u0119 <\/strong>w mieszkaniu i w<strong> G\u00f3ry.<\/strong><\/p>\n<h3>Uniwersalna luneta DDoptics do broni my\u015bliwskiej - ZF V6 2.5-15\u00d750 Gen 3 ze skal\u0105 MRAD<\/h3>\n<p>Podczas dalszego rozwoju 2.5-15\u00d750 do Gen 3 <strong>konsekwentnie zrezygnowano ze wszystkich plastikowych cz\u0119\u015bci.\u00a0<\/strong>W\u015br\u00f3d niskich, <strong>Wie\u017cyczki my\u015bliwskie z podw\u00f3jnym skalowaniem<\/strong> ukrywa <strong>Precyzyjny i p\u0142ynnie dzia\u0142aj\u0105cy mechanizm<\/strong>, kt\u00f3re do tej pory <strong>tylko w wersji z lunet\u0105 taktyczn\u0105<\/strong> zosta\u0142 zainstalowany.<\/p>\n<p>Zaleta: mo\u017cna obej\u015b\u0107 si\u0119 bez os\u0142ony ochronnej nad regulacj\u0105 siatki celowniczej, a tym samym mie\u0107 <strong>Dost\u0119p do regulacji siatki celowniczej w dowolnym momencie<\/strong> w celu skorygowania odleg\u0142o\u015bci strza\u0142u lub pr\u0119dko\u015bci wiatru.<\/p>\n\t\t<\/div>\n\t\t\t\t\t<\/div>\n\n\t\n\n\t<div id=\"col-853789471\" class=\"col medium-4 small-12 large-4\"  >\n\t\t\t\t<div class=\"col-inner\"  >\n\t\t\t\n\t\t\t\n<a class=\"button primary expand\" >\n\t\t<span>Cechy szczeg\u00f3lne lunety celowniczej<\/span>\n\t<\/a>\n\n\n\t<section class=\"section\" id=\"section_773207908\">\n\t\t<div class=\"section-bg fill\" >\n\t\t\t\t\t\t\t\t\t<div class=\"section-bg-overlay absolute fill\"><\/div>\n\t\t\t\n\n\t\t<\/div>\n\n\t\t\n\n\t\t<div class=\"section-content relative\">\n\t\t\t\n\t<div class=\"img has-hover x md-x lg-x y md-y lg-y\" id=\"image_522760702\">\n\t\t<a class=\"\" href=\"https:\/\/www.ddoptics.de\/garantiebestimmungen\" target=\"_blank\" rel=\"no follow noopener\">\t\t\t\t\t\t<div class=\"img-inner dark\" >\n\t\t\t<img decoding=\"async\" width=\"352\" height=\"160\" src=\"https:\/\/ddoptics.shop\/wp-content\/uploads\/2014\/09\/DDoptics-Garantie.jpg\" class=\"attachment-large size-large\" alt=\"Gwarancja DDoptics\" srcset=\"https:\/\/ddoptics.shop\/wp-content\/uploads\/2014\/09\/DDoptics-Garantie.jpg 352w, https:\/\/ddoptics.shop\/wp-content\/uploads\/2014\/09\/DDoptics-Garantie-304x138.jpg 304w, https:\/\/ddoptics.shop\/wp-content\/uploads\/2014\/09\/DDoptics-Garantie-305x139.jpg 305w, https:\/\/ddoptics.shop\/wp-content\/uploads\/2014\/09\/DDoptics-Garantie-250x114.jpg 250w\" sizes=\"(max-width: 352px) 100vw, 352px\" title=\"\">\t\t\t\t\t\t\n\t\t\t\t\t<\/div>\n\t\t\t\t\t\t<\/a>\t\t\n<style>\n#image_522760702 {\n  width: 100%;\n}\n<\/style>\n\t<\/div>\n\t\n\t<div id=\"gap-2132347517\" class=\"gap-element clearfix\" style=\"display:block; height:auto;\">\n\t\t\n<style>\n#gap-2132347517 {\n  padding-top: 15px;\n}\n<\/style>\n\t<\/div>\n\t\n\t<div id=\"text-4082387493\" class=\"text\">\n\t\t\n<p><span style=\"font-size: 80%;\"><em>\u21d2 <strong>Teraz z regulacj\u0105 klikni\u0119cia 0,1 MRAD: (1 cm\/klikni\u0119cie)<\/strong><br \/>\n\u21d2 Regulacja metalowego celownika<br \/>\n<strong>\u21d2 Szk\u0142o CT<\/strong> (Clear Transmission)<br \/>\n<strong>\u21d2 Podw\u00f3jne skalowanie<\/strong><br \/>\n\u21d2 Ekstremalna przepuszczalno\u015b\u0107 \u015bwiat\u0142a do 94,7%<br \/>\n<strong>\u21d2 Twardy taktyczny zatrzask<\/strong><br \/>\n\u21d2 Mo\u017cliwa kontrola IFiber<br \/>\n<strong>\u21d2 Nowy celownik 4<\/strong> w 2. p\u0142aszczy\u017anie obrazu<br \/>\n\u21d2 Zerowy stop \/ Zerostop<br \/>\n\u21d2 Test kuloodporno\u015bci: <a href=\"https:\/\/de.wikipedia.org\/wiki\/.375_Holland_%26_Holland_Magnum\" target=\"_blank\" rel=\"noopener sponsored\" data-schema-attribute=\"\">375H&amp;H<\/a> 1000 strza\u0142\u00f3w<br \/>\n<strong>\u21d2 Fuzja lunet ze wzgl\u0119du na du\u017ce powi\u0119kszenie<\/strong><br \/>\n\u21d2 P\u0142ynnie regulowana kompensacja paralaksy<br \/>\n\u21d2 Mo\u017cliwe bardzo d\u0142ugie uj\u0119cia<br \/>\n<\/em><\/span><\/p>\n\t\t\n<style>\n#text-4082387493 {\n  line-height: 1.15;\n  color: rgb(33, 107, 227);\n}\n#text-4082387493 > * {\n  color: rgb(33, 107, 227);\n}\n<\/style>\n\t<\/div>\n\t\n\t\t<\/div>\n\n\t\t\n<style>\n#section_773207908 {\n  padding-top: 30px;\n  padding-bottom: 30px;\n  background-color: rgb(232, 232, 232);\n}\n#section_773207908 .section-bg-overlay {\n  background-color: rgba(255,255,255,.5);\n}\n<\/style>\n\t<\/section>\n\t\n<div class=\"is-divider divider clearfix\" ><\/div>\n\t\t<\/div>\n\t\t\t\t\t<\/div>\n\n\t\n<\/div>\n\t<div class=\"img has-hover x md-x lg-x y md-y lg-y\" id=\"image_1515093930\">\n\t\t\t\t\t\t\t\t<div class=\"img-inner dark\" >\n\t\t\t<img decoding=\"async\" width=\"1020\" height=\"477\" src=\"https:\/\/ddoptics.shop\/wp-content\/uploads\/2016\/04\/2_5-15x50-1600x748.jpg\" class=\"attachment-large size-large\" alt=\"Luneta celownicza ics rysunek Nighteagle 2,5-15x50\" srcset=\"https:\/\/ddoptics.shop\/wp-content\/uploads\/2016\/04\/2_5-15x50-1600x748.jpg 1600w, https:\/\/ddoptics.shop\/wp-content\/uploads\/2016\/04\/2_5-15x50-scaled-304x142.jpg 304w, https:\/\/ddoptics.shop\/wp-content\/uploads\/2016\/04\/2_5-15x50-scaled-305x143.jpg 305w, https:\/\/ddoptics.shop\/wp-content\/uploads\/2016\/04\/2_5-15x50-scaled-632x296.jpg 632w, https:\/\/ddoptics.shop\/wp-content\/uploads\/2016\/04\/2_5-15x50-800x374.jpg 800w, https:\/\/ddoptics.shop\/wp-content\/uploads\/2016\/04\/2_5-15x50-scaled-250x117.jpg 250w, https:\/\/ddoptics.shop\/wp-content\/uploads\/2016\/04\/2_5-15x50-scaled-510x238.jpg 510w\" sizes=\"(max-width: 1020px) 100vw, 1020px\" title=\"\">\t\t\t\t\t\t\n\t\t\t\t\t<\/div>\n\t\t\t\t\t\t\t\t\n<style>\n#image_1515093930 {\n  width: 100%;\n}\n<\/style>\n\t<\/div>\n\t\n<p>Dla bezpiecze\u0144stwa <strong>\u0141atwy w regulacji ogranicznik zera zapewnia powr\u00f3t do ustawienia zerowego<\/strong> ( Zerostop). Dzi\u0119ki polu widzenia wynosz\u0105cemu 13,5 metra (przy powi\u0119kszeniu 2,5x), luneta Nighteagle 2.5-15\u00d750 spe\u0142nia wszystkie wymagania polowania w ruchu.<\/p>\n<p>Te <strong>Optyka z 6-krotnym zoomem wyr\u00f3\u017cnia si\u0119 bardzo wysok\u0105 intensywno\u015bci\u0105 \u015bwiat\u0142a i doskona\u0142ym obrazem o wysokim kontra\u015bcie.<\/strong> na. Sprawia to, \u017ce Nighteagle 2.5-15\u00d750 jest przeznaczony dla wymagaj\u0105cych my\u015bliwych, do\u015bwiadczonych technicznie strzelc\u00f3w dalekiego zasi\u0119gu i strzelc\u00f3w sportowych, kt\u00f3rzy chc\u0105 korzysta\u0107 z lunety Nighteagle 2.5-15\u00d750. <strong>Luneta celownicza dalekiego zasi\u0119gu o maksymalnej wydajno\u015bci optycznej<\/strong> wyszukiwanie.<\/p>\n<h3>Luneta celownicza DDoptics 2.5-15\u00d750 Nighteagle - transmisja \u015bwiat\u0142a o najwy\u017cszych warto\u015bciach<\/h3>\n<p>The <strong>W pe\u0142ni powlekana optyka<\/strong>, kt\u00f3ry nie pozwala na \u017cadne odbicia, oferuje niezwykle kontrastowy i wierny kolorystycznie obraz o wyj\u0105tkowej ostro\u015bci kraw\u0119dzi. Dzi\u0119ki minimalnej ilo\u015bci fa\u0142szywego \u015bwiat\u0142a, nawet pod\u015bwietlenie nie stanowi problemu. W <strong>Transmisja \u015bwiat\u0142a ma warto\u015bci szczytowe 94,7% (dzie\u0144) i 93% (noc).<\/strong> kt\u00f3re umo\u017cliwiaj\u0105 niezawodn\u0105 reakcj\u0119 a\u017c do ostatniego \u015bwiat\u0142a karabinu.<\/p>\n<h3>Nowo opracowany celownik ZF 4 (A4N) na <a href=\"https:\/\/ddoptics.shop\/pl\/termin-techniczny\/siatka-druga-plaszczyzna-obrazu\/\" target=\"_blank\" rel=\"noopener\" data-schema-attribute=\"\">2. p\u0142aszczyzna obrazu<\/a><\/h3>\n<p>The <strong>nowo opracowany celownik 4<\/strong> od DDoptics sprawia, \u017ce <strong>wi\u0119cej miejsca na czyst\u0105 odpowied\u017a.<\/strong><\/p>\n<figure id=\"attachment_1951\" aria-describedby=\"caption-attachment-1951\" style=\"width: 250px\" class=\"wp-caption alignright\"><a href=\"https:\/\/ddoptics.shop\/wp-content\/uploads\/2016\/04\/Neues-DDoptics-Absehen.jpg\" rel=\"attachment wp-att-1951\"><img decoding=\"async\" class=\"wp-image-1951\" src=\"https:\/\/ddoptics.shop\/wp-content\/uploads\/2016\/04\/Neues-DDoptics-Absehen-340x340.jpg\" alt=\"Nowy celownik DDoptics 4\" width=\"250\" height=\"199\" title=\"\" srcset=\"https:\/\/ddoptics.shop\/wp-content\/uploads\/2016\/04\/Neues-DDoptics-Absehen-304x242.jpg 304w, https:\/\/ddoptics.shop\/wp-content\/uploads\/2016\/04\/Neues-DDoptics-Absehen-305x243.jpg 305w, https:\/\/ddoptics.shop\/wp-content\/uploads\/2016\/04\/Neues-DDoptics-Absehen-632x503.jpg 632w, https:\/\/ddoptics.shop\/wp-content\/uploads\/2016\/04\/Neues-DDoptics-Absehen.jpg 800w, https:\/\/ddoptics.shop\/wp-content\/uploads\/2016\/04\/Neues-DDoptics-Absehen-250x199.jpg 250w, https:\/\/ddoptics.shop\/wp-content\/uploads\/2016\/04\/Neues-DDoptics-Absehen-510x406.jpg 510w\" sizes=\"(max-width: 250px) 100vw, 250px\" \/><\/a><figcaption id=\"caption-attachment-1951\" class=\"wp-caption-text\">Nowy celownik DDoptics 4<\/figcaption><\/figure>\n<p>Aby da\u0107 ci decyduj\u0105c\u0105 przewag\u0119, zmniejszyli\u015bmy grube paski do po\u0142owy grubo\u015bci A4 i podwoili\u015bmy odleg\u0142o\u015b\u0107 (\u015brodek) mi\u0119dzy grubymi paskami.<\/p>\n<p><strong>Ca\u0142y obraz wydaje si\u0119 ja\u015bniejszy, wi\u0119kszy i wyra\u017aniejszy dzi\u0119ki nowemu celownikowi.<\/strong> Niemniej jednak, nadal mo\u017cna dobrze widzie\u0107 siatk\u0119 celownicz\u0105 w nocy. Celownik <strong>Nowy celownik 4 znajduje si\u0119 w p\u0142aszczy\u017anie obrazu okularu (2. p\u0142aszczyzna obrazu).<\/strong> i dlatego zawsze pozostaje w tym samym rozmiarze przy zmianie powi\u0119kszenia.<\/p>\n<p>Z <strong>Przy maksymalnym powi\u0119kszeniu 15 razy, krzy\u017cyk tylko minimalnie zas\u0142ania cel.<\/strong> Ka\u017cde klikni\u0119cie reguluje celownik o 1 cm na 100 metr\u00f3w, 2 cm na 200 metr\u00f3w itd. Ca\u0142kowity zakres regulacji:<\/p>\n<ul>\n<li>27,5 MRAD - 275 klikni\u0119\u0107 - 2,75 m<\/li>\n<li>Skok regulacji \/ klikni\u0119cie na 100 m: 1 cm<\/li>\n<li>Skok regulacji \/ klikni\u0119cie przy 200 m: 2 cm<\/li>\n<li>Zakres regulacji \/ klikni\u0119cie przy 300 m: 3 cm<\/li>\n<li>Skok regulacji \/ klikni\u0119cie przy 600 m: 6 cm<\/li>\n<\/ul>\n<p>The <strong>Regulacja klikni\u0119ciem dzia\u0142a z absolutn\u0105 dok\u0142adno\u015bci\u0105 powtarzania<\/strong> i mo\u017cna go wyzerowa\u0107 po wystrzale (w przypadku u\u017cycia wielu \u0142adunk\u00f3w). Zamontowana z boku kompensacja paralaksy (od 20 jard\u00f3w do niesko\u0144czono\u015bci) chroni przed nieprawid\u0142owym ustawieniem, a tak\u017ce zapewnia ostry jak brzytwa i niem\u0119cz\u0105cy obraz przy wszystkich ustawieniach powi\u0119kszenia.<\/p>\n<h3>Solidne wykonanie, prosta instalacja<\/h3>\n<p>The <strong>DDoptics Nighteagle 2.5-15\u00d750 jest wype\u0142niony azotem, a zatem ca\u0142kowicie wodoodporny<\/strong> <strong>i zabezpieczone przed wewn\u0119trznymi z\u0142\u0105czami.<\/strong> Teleskopowy tubus celownika (\u015brednica: 30 mm, d\u0142ugo\u015b\u0107: 361,5 mm, waga: 640 g) jest wykonany z jednego kawa\u0142ka duraluminium i anodyzowany na twardo. Ten nowy rodzaj pow\u0142oki jest wyj\u0105tkowo g\u0142adki, odporny na zabrudzenia i zarysowania.<\/p>\n<h3>Precyzyjnie \u015bciemniana pod\u015bwietlana kropka lunety celowniczej od DDoptics<\/h3>\n<p>The <strong>Punkt \u015bwietlny z w\u0142\u00f3kna szklanego<\/strong>, (opcjonalnie, za dodatkow\u0105 op\u0142at\u0105 99 \u20ac, r\u00f3wnie\u017c w <strong>automatyczna wersja IFiber<\/strong> dost\u0119pny) od DDoptics z ca\u0142kowicie przeprojektowanym obwodem elektronicznym jest tak ma\u0142y, \u017ce osi\u0105gana jest tylko najmniejsza mo\u017cliwa okluzja celu.<\/p>\n<p>Dzi\u0119ki <strong>Technologia \u015bwiat\u0142owodowa sprawia, \u017ce punkt \u015bwietlny jest przyciemniany do wysokiego poziomu.<\/strong> jest nie tylko ciemniejszy, ale tak\u017ce drobniejszy. Punkt \u015bwietlny mo\u017cna przyciemni\u0107 w spos\u00f3b ci\u0105g\u0142y o 100 procent, a\u017c przestanie by\u0107 widoczny dla ludzkiego oka.<\/p>\n<p>Siatka celownicza ma wtedy taki sam efekt jak optyka celownicza bez pod\u015bwietlanej jednostki. Gdy pod\u015bwietlana kropka jest aktywna, nie ma irytuj\u0105cej po\u015bwiaty ani odbi\u0107 w optyce. Poniewa\u017c jednostka pod\u015bwietlaj\u0105ca jest produkowana r\u0119cznie, specjalne wymagania klient\u00f3w mog\u0105 by\u0107 uwzgl\u0119dniane indywidualnie.<\/p>\n<h3>Docelowy uk\u0142ad optyczny Regulacja odleg\u0142o\u015bci mi\u0119dzy \u017arenicami i dioptrii<\/h3>\n<p>Odci\u0105\u017cenie oczu jest wi\u0119cej ni\u017c wystarczaj\u0105ce i wynosi 89 mm. Dla <strong>wymagana jest tylko po\u0142owa obrotu dla ca\u0142ego zakresu powi\u0119kszenia<\/strong>. Regulacj\u0119 dioptrii (od -3 do +4) mo\u017cna \u0142atwo przeprowadzi\u0107 na gumowanej ko\u0144c\u00f3wce okularu za pomoc\u0105 \u017cebrowanej regulacji.<\/p>","protected":false},"excerpt":{"rendered":"<p><img decoding=\"async\" class=\"alignnone wp-image-10452 size-full\" title=\"Strzelectwo sportowe\" src=\"https:\/\/ddoptics.shop\/wp-content\/uploads\/2016\/07\/Target-Schiessen.jpg\" alt=\"Strzelanie do celu\" width=\"50\" height=\"50\" \/><img decoding=\"async\" class=\"alignnone wp-image-10168 size-full\" title=\"Polowanie na stoisku\" src=\"https:\/\/ddoptics.shop\/wp-content\/uploads\/2016\/09\/Jagd-klein.jpg\" alt=\"Lornetka my\u015bliwska\" width=\"50\" height=\"50\" \/><img decoding=\"async\" class=\"alignnone wp-image-10178 size-full\" title=\"Polowanie w g\u00f3rach\" src=\"https:\/\/ddoptics.shop\/wp-content\/uploads\/2016\/04\/Gebirgsjagd-klein.jpg\" alt=\"G\u00f3rska lornetka my\u015bliwska\" width=\"50\" height=\"50\" \/><\/p>\n<p>The <strong>Uniwersalna luneta celownicza o wysokiej intensywno\u015bci V6 2.5-15\u00d750 Gen 3<\/strong> z\u00a0<strong>6-krotny zoom,\u00a0<span style=\"color: #ff0000;\">nowo opracowany celownik <span style=\"color: #ed1c24;\">4<\/span><\/span><span style=\"color: #ed1c24;\">\u00a0i regulacja MRAD<\/span> przekonany\u00a0<\/strong>dzi\u0119ki swojej wszechstronno\u015bci w polowaniu. <strong>Opcjonalnie z inteligentnym <a title=\"NOWA pod\u015bwietlana kropka DDoptics IFiber\" href=\"\/pl\/termin-techniczny-wiki\/inteligentny-punkt-swietlny-ddoptics-ifiber\/\" target=\"_blank\" rel=\"noopener noreferrer\">Punkt \u015bwietlny IFibre<\/a> za dodatkow\u0105 op\u0142at\u0105 w wysoko\u015bci 99,- \u20ac.<\/strong><\/p>\n<a href=\"https:\/\/amzn.to\/3z3OFH8\" target=\"_blank\" class=\"button success is-success is-small\" rel=\"\u201dnofollow\u201d noopener\" >\n\t\t<span>klient amazon? - korzysta\u0107 z korzy\u015bci prime?<\/span>\n\t<\/a>","protected":false},"featured_media":12182,"comment_status":"open","ping_status":"closed","template":"","meta":{"inline_featured_image":false,"footnotes":""},"product_brand":[],"product_cat":[478,453,638,697,640,641,919,637,68],"product_tag":[586,78,80,698,1098,79],"class_list":{"0":"post-12177","1":"product","2":"type-product","3":"status-publish","4":"has-post-thumbnail","6":"product_cat-25-15x50","7":"product_cat-50-mm-objektivdurchmesser","8":"product_cat-ansitzjagd","9":"product_cat-mrad-klickverstellung","10":"product_cat-pirschjagd-und-gebirgsjagd","11":"product_cat-sportschiessen","12":"product_cat-v6-6-fach-zoom","13":"product_cat-zf-anwendung","14":"product_cat-zielfernrohr","15":"product_tag-2-5-15x50","16":"product_tag-ddoptics","17":"product_tag-gen-3","18":"product_tag-mrad-1-cm-klickverstellung","19":"product_tag-nighteagle","20":"product_tag-zielfernrohr","21":"product_shipping_class-paket","22":"pa_brand-marke-ddoptics","23":"pa_produkt-typ-zielfernrohr","25":"first","26":"instock","27":"sale","28":"taxable","29":"shipping-taxable","30":"purchasable","31":"product-type-bundle"},"bundled_by":[],"bundle_stock_status":"instock","bundle_stock_quantity":40,"bundle_virtual":false,"bundle_layout":"default","bundle_add_to_cart_form_location":"default","bundle_editable_in_cart":false,"bundle_sold_individually_context":"product","bundle_item_grouping":"parent","bundle_min_size":"","bundle_max_size":"","bundle_price":{"price":{"min":{"incl_tax":"895.01","excl_tax":"745.84"},"max":{"incl_tax":"999.32","excl_tax":"832.76"}},"regular_price":{"min":{"incl_tax":"995.01","excl_tax":"829.18"},"max":{"incl_tax":"1110.9","excl_tax":"925.75"}}},"bundled_items":[{"bundled_item_id":54,"product_id":12809,"menu_order":0,"quantity_min":1,"quantity_max":1,"quantity_default":1,"priced_individually":true,"shipped_individually":false,"override_title":true,"title":"","override_description":false,"description":"","optional":false,"hide_thumbnail":true,"discount":"","override_variations":true,"allowed_variations":[12810,12811],"override_default_variation_attributes":false,"default_variation_attributes":[],"single_product_visibility":"visible","cart_visibility":"visible","order_visibility":"visible","single_product_price_visibility":"visible","cart_price_visibility":"visible","order_price_visibility":"visible","stock_status":"in_stock"},{"bundled_item_id":55,"product_id":12812,"menu_order":1,"quantity_min":1,"quantity_max":1,"quantity_default":1,"priced_individually":true,"shipped_individually":false,"override_title":true,"title":"Prawie prezent - czapki z klapk\u0105","override_description":false,"description":"","optional":true,"hide_thumbnail":false,"discount":"68.55","override_variations":true,"allowed_variations":[12817],"override_default_variation_attributes":true,"default_variation_attributes":[{"id":17,"name":"Rozmiar lunety","option":"25-15x50"}],"single_product_visibility":"visible","cart_visibility":"visible","order_visibility":"visible","single_product_price_visibility":"visible","cart_price_visibility":"visible","order_price_visibility":"visible","stock_status":"in_stock"}],"bundle_sell_ids":[],"_links":{"self":[{"href":"https:\/\/ddoptics.shop\/pl\/wp-json\/wp\/v2\/product\/12177","targetHints":{"allow":["GET"]}}],"collection":[{"href":"https:\/\/ddoptics.shop\/pl\/wp-json\/wp\/v2\/product"}],"about":[{"href":"https:\/\/ddoptics.shop\/pl\/wp-json\/wp\/v2\/types\/product"}],"replies":[{"embeddable":true,"href":"https:\/\/ddoptics.shop\/pl\/wp-json\/wp\/v2\/comments?post=12177"}],"version-history":[{"count":17,"href":"https:\/\/ddoptics.shop\/pl\/wp-json\/wp\/v2\/product\/12177\/revisions"}],"predecessor-version":[{"id":29223,"href":"https:\/\/ddoptics.shop\/pl\/wp-json\/wp\/v2\/product\/12177\/revisions\/29223"}],"wp:featuredmedia":[{"embeddable":true,"href":"https:\/\/ddoptics.shop\/pl\/wp-json\/wp\/v2\/media\/12182"}],"wp:attachment":[{"href":"https:\/\/ddoptics.shop\/pl\/wp-json\/wp\/v2\/media?parent=12177"}],"wp:term":[{"taxonomy":"product_brand","embeddable":true,"href":"https:\/\/ddoptics.shop\/pl\/wp-json\/wp\/v2\/product_brand?post=12177"},{"taxonomy":"product_cat","embeddable":true,"href":"https:\/\/ddoptics.shop\/pl\/wp-json\/wp\/v2\/product_cat?post=12177"},{"taxonomy":"product_tag","embeddable":true,"href":"https:\/\/ddoptics.shop\/pl\/wp-json\/wp\/v2\/product_tag?post=12177"}],"curies":[{"name":"wp","href":"https:\/\/api.w.org\/{rel}","templated":true}]}}