{"id":12245,"date":"2018-01-29T13:37:15","date_gmt":"2018-01-29T12:37:15","guid":{"rendered":"https:\/\/ddoptics.shop\/?post_type=product&#038;p=12245"},"modified":"2025-07-04T10:37:47","modified_gmt":"2025-07-04T08:37:47","slug":"luneta-celownicza-nighteagle-1-6x24-gen-3-krzyz-celowniczy","status":"publish","type":"product","link":"https:\/\/ddoptics.shop\/pl\/kaufen\/zielfernrohr-nighteagle-1-6x24-gen-3-crosshair\/","title":{"rendered":"Luneta celownicza Nighteagle V6 1-6\u00d724 Gen 3 od DDoptics Krzy\u017c celowniczy | Regulacja MRAD - Gen 3"},"content":{"rendered":"<div class=\"container section-title-container\" ><h3 class=\"section-title section-title-normal\"><b aria-hidden=\"true\"><\/b><span class=\"section-title-main\" ><i class=\"icon-cross\" aria-hidden=\"true\"><\/i>Kr\u00f3tki przegl\u0105d lunety celowniczej DDoptics V6 1-6x24 Gen 3 MRAD<\/span><b aria-hidden=\"true\"><\/b><\/h3><\/div>\n<table style=\"background-color: #cacaca; width: 100%;\">\n<tbody>\n<tr style=\"height: 24px;\">\n<td style=\"height: 24px; width: 20%;\"><strong>Rura<\/strong><\/td>\n<td style=\"height: 24px; width: 30%;\">Rurka mono 30 mm<\/td>\n<td style=\"height: 24px; width: 20%;\"><strong>Pole widzenia: m @100m<\/strong><\/td>\n<td style=\"height: 24px; width: 30%;\">37,8 - 6,3 m<\/td>\n<\/tr>\n<tr style=\"height: 24px;\">\n<td style=\"height: 24px; width: 20%;\"><strong>System optyczny<\/strong><\/td>\n<td style=\"height: 24px; width: 30%;\">1-6-krotny<\/td>\n<td style=\"height: 24px; width: 20%;\">\u00a0<strong>Odleg\u0142o\u015b\u0107 mi\u0119dzy \u017arenicami<\/strong><\/td>\n<td style=\"height: 24px; width: 30%;\">99 - 100 mm<\/td>\n<\/tr>\n<tr style=\"height: 24px;\">\n<td style=\"height: 24px; width: 20%;\"><strong>Obiektyw<\/strong><\/td>\n<td style=\"height: 24px; width: 30%;\">24 mm<\/td>\n<td style=\"height: 24px; width: 20%;\">\u00a0<strong>D\u0142ugo\u015b\u0107<\/strong><\/td>\n<td style=\"height: 24px; width: 30%;\">261 mm<\/td>\n<\/tr>\n<tr style=\"height: 24px;\">\n<td style=\"height: 24px; width: 20%;\"><strong>Siatka<\/strong><\/td>\n<td style=\"height: 24px; width: 30%;\">Celownik<\/td>\n<td style=\"height: 24px; width: 20%;\">\u00a0<strong>Waga<\/strong><\/td>\n<td style=\"height: 24px; width: 30%;\">535 g<\/td>\n<\/tr>\n<tr style=\"height: 24px;\">\n<td style=\"height: 24px; width: 20%;\"><strong>Punkt \u015bwietlny<\/strong><\/td>\n<td style=\"height: 24px; width: 30%;\">Standardowy lub iFibre<\/td>\n<td style=\"height: 24px; width: 20%;\">\u00a0<strong>Ochrona przed zaparowaniem<\/strong><\/td>\n<td style=\"height: 24px; width: 30%;\">Wype\u0142nienie azotem przed zaparowaniem<\/td>\n<\/tr>\n<tr style=\"height: 24px;\">\n<td style=\"height: 24px; width: 20%;\"><strong>Ostro\u015b\u0107\/paralaksa<\/strong><\/td>\n<td style=\"height: 24px; width: 30%;\">Regulowany obiektyw od 25 m do niesko\u0144czono\u015bci<\/td>\n<td style=\"height: 24px; width: 20%;\">\u00a0<strong>Szczelno\u015b\u0107<\/strong><\/td>\n<td style=\"height: 24px; width: 30%;\">Odporno\u015b\u0107 na wod\u0119 i uderzenia<\/td>\n<\/tr>\n<\/tbody>\n<\/table>\n<div class=\"row\"  id=\"row-466654628\">\n\n\t<div id=\"col-11141638\" class=\"col medium-8 small-12 large-8\"  >\n\t\t\t\t<div class=\"col-inner\"  >\n\t\t\t\n\t\t\t\n<h2>Luneta celownicza Nighteagle 1-6\u00d724 V6 od DDoptics - kompaktowa luneta celownicza z 6-krotnym zoomem, celownikiem i regulacj\u0105 MRAD - 1 cm \/ 100 m na klikni\u0119cie<\/h2>\n<blockquote><p>Nowa 3 generacja lunet celowniczych DDoptics<\/p><\/blockquote>\n<p>Podobnie jak wszystkie optyki celownicze 3. generacji <strong>DDoptics V6 1-6\u00d724 HDX<\/strong> o tych funkcjach.<\/p>\n<p>Opr\u00f3cz ulepszonej optyki (lepsza pow\u0142oka, szk\u0142o CT, mniej b\u0142\u0119d\u00f3w centrowania i wy\u017csza przepuszczalno\u015b\u0107 \u015bwiat\u0142a), to przede wszystkim nowe metalowe wie\u017ce o twardo\u015bci 0,1 mm. <a href=\"https:\/\/ddoptics.shop\/pl\/termin-techniczny\/obliczanie-minuty-katowej-lub-moa-dla-lunet-celowniczych\/\" target=\"_blank\" rel=\"noopener noreferrer\">MRAD<\/a> Regulacja klikni\u0119\u0107, w tym Zerostop i nowo opracowany celownik Corsshair, kt\u00f3ry jest wykonany z tego materia\u0142u. <strong>Luneta celownicza DDoptics<\/strong> stworzy\u0107 co\u015b wyj\u0105tkowego.<\/p>\n<h3>DDoptics V6 - luneta celownicza 1-6\u00d724 z ultraszerokim polem widzenia<\/h3>\n<p>The <strong>Optyka celownicza DDoptics 1-6\u00d724 V6<\/strong> HDX nie pozostawia nic do \u017cyczenia wymagaj\u0105cym my\u015bliwym, je\u015bli chodzi o nowoczesne lunety do polowa\u0144 p\u0119dzonych.<\/p>\n<p>Z kompaktowym <strong>Ca\u0142kowita d\u0142ugo\u015b\u0107 261 mm, waga 500 g i \u015brednica rurki 30 mm<\/strong> Luneta jest por\u0119czna i pasuje do ka\u017cdego karabinu. Ta luneta celownicza jest wyposa\u017cona w niezwykle szerokie pole widzenia wynosz\u0105ce 37,8 m na 100 m.<\/p>\n<p>The <strong>Luneta celownicza Driven Hunt<\/strong> Odpowiada siatce czerwonej kropki na najni\u017cszym poziomie powi\u0119kszenia, a tym samym zapewnia jeden z najwa\u017cniejszych punkt\u00f3w podczas polowania w ruchu, a mianowicie szybkie namierzanie celu.<\/p>\n<p>Nowy <strong>Celownik<\/strong> zosta\u0142 specjalnie opracowany do polowa\u0144 z nagonk\u0105.<\/p>\n\t\t<\/div>\n\t\t\t\t\t<\/div>\n\n\t\n\n\t<div id=\"col-1514569199\" class=\"col medium-4 small-12 large-4\"  >\n\t\t\t\t<div class=\"col-inner\"  >\n\t\t\t\n\t\t\t\n<a class=\"button primary expand\" >\n\t\t<span>Cechy szczeg\u00f3lne lunety celowniczej<\/span>\n\t<\/a>\n\n\n\t<section class=\"section\" id=\"section_624346824\">\n\t\t<div class=\"section-bg fill\" >\n\t\t\t\t\t\t\t\t\t<div class=\"section-bg-overlay absolute fill\"><\/div>\n\t\t\t\n\n\t\t<\/div>\n\n\t\t\n\n\t\t<div class=\"section-content relative\">\n\t\t\t\n\t<div class=\"img has-hover x md-x lg-x y md-y lg-y\" id=\"image_1746805905\">\n\t\t<a class=\"\" href=\"https:\/\/www.ddoptics.de\/garantiebestimmungen\" target=\"_blank\" rel=\"no follow noopener\">\t\t\t\t\t\t<div class=\"img-inner dark\" >\n\t\t\t<img decoding=\"async\" width=\"352\" height=\"160\" src=\"https:\/\/ddoptics.shop\/wp-content\/uploads\/2014\/09\/DDoptics-Garantie.jpg\" class=\"attachment-large size-large\" alt=\"Gwarancja DDoptics\" srcset=\"https:\/\/ddoptics.shop\/wp-content\/uploads\/2014\/09\/DDoptics-Garantie.jpg 352w, https:\/\/ddoptics.shop\/wp-content\/uploads\/2014\/09\/DDoptics-Garantie-304x138.jpg 304w, https:\/\/ddoptics.shop\/wp-content\/uploads\/2014\/09\/DDoptics-Garantie-305x139.jpg 305w, https:\/\/ddoptics.shop\/wp-content\/uploads\/2014\/09\/DDoptics-Garantie-250x114.jpg 250w\" sizes=\"(max-width: 352px) 100vw, 352px\" title=\"\">\t\t\t\t\t\t\n\t\t\t\t\t<\/div>\n\t\t\t\t\t\t<\/a>\t\t\n<style>\n#image_1746805905 {\n  width: 100%;\n}\n<\/style>\n\t<\/div>\n\t\n\t<div id=\"gap-1670793398\" class=\"gap-element clearfix\" style=\"display:block; height:auto;\">\n\t\t\n<style>\n#gap-1670793398 {\n  padding-top: 15px;\n}\n<\/style>\n\t<\/div>\n\t\n\t<div id=\"text-616031159\" class=\"text\">\n\t\t\n<p><span style=\"font-size: 80%;\"><em>\u21d2 Regulacja metalowego celownika<\/em><\/span><br \/>\n<span style=\"font-size: 80%;\"><em><strong>\u21d2 Szk\u0142o CT<\/strong> (Clear Transmission)<\/em><\/span><br \/>\n<span style=\"font-size: 80%;\"><em><strong>\u21d2 Podw\u00f3jne skalowanie<\/strong><\/em><\/span><br \/>\n<span style=\"font-size: 80%;\"><em>\u21d2 Ekstremalna przepuszczalno\u015b\u0107 \u015bwiat\u0142a do 94,7%<\/em><\/span><br \/>\n<span style=\"font-size: 80%;\"><em><strong>\u21d2 Twardy taktyczny zatrzask<\/strong><\/em><\/span><br \/>\n<span style=\"font-size: 80%;\"><em><strong>\u21d2 IFiber Control<\/strong> mo\u017cliwy<\/em><\/span><br \/>\n<span style=\"font-size: 80%;\"><em><strong>\u21d2 Celownik optyczny<\/strong> w 2. p\u0142aszczy\u017anie obrazu<\/em><\/span><br \/>\n<span style=\"font-size: 80%;\"><em>\u21d2 Zero stop \/ <strong>Zerostop<\/strong><\/em><\/span><br \/>\n<span style=\"font-size: 80%;\"><em>\u21d2 Test kuloodporno\u015bci: <a href=\"https:\/\/de.wikipedia.org\/wiki\/.375_Holland_%26_Holland_Magnum\" target=\"_blank\" rel=\"noopener sponsored\" data-schema-attribute=\"\">375 H&amp;H<\/a> 1000 strza\u0142\u00f3w<\/em><\/span><br \/>\n<span style=\"font-size: 80%;\"><em><strong>\u21d2 P\u0142ynnie regulowana kompensacja paralaksy<\/strong><\/em><\/span><br \/>\n<span style=\"font-size: 80%;\"><em>\u21d2 Twarda, taktyczna blokada klikni\u0119cia 0,1 MRAD (1 cm\/klikni\u0119cie)<\/em><\/span><br \/>\n<span style=\"font-size: 80%;\"><em>\u21d2 Skok regulacji 484 klikni\u0119cia<\/em><\/span><br \/>\n\t\t\n<style>\n#text-616031159 {\n  line-height: 1.15;\n  color: rgb(33, 107, 227);\n}\n#text-616031159 > * {\n  color: rgb(33, 107, 227);\n}\n<\/style>\n\t<\/div>\n\t\n\t\t<\/div>\n\n\t\t\n<style>\n#section_624346824 {\n  padding-top: 30px;\n  padding-bottom: 30px;\n  background-color: rgb(232, 232, 232);\n}\n#section_624346824 .section-bg-overlay {\n  background-color: rgba(255,255,255,.5);\n}\n<\/style>\n\t<\/section>\n\t\n\t\t<\/div>\n\t\t\t\t\t<\/div>\n\n\t\n<\/div>\n\t<div class=\"img has-hover x md-x lg-x y md-y lg-y\" id=\"image_876240636\">\n\t\t\t\t\t\t\t\t<div class=\"img-inner dark\" >\n\t\t\t<img decoding=\"async\" width=\"1020\" height=\"295\" src=\"https:\/\/ddoptics.shop\/wp-content\/uploads\/2018\/01\/Zeichnung-V6-1-6x24.jpg\" class=\"attachment-large size-large\" alt=\"Luneta celownicza DDoptics V6 1-6x24 rysunek\" srcset=\"https:\/\/ddoptics.shop\/wp-content\/uploads\/2018\/01\/Zeichnung-V6-1-6x24.jpg 1400w, https:\/\/ddoptics.shop\/wp-content\/uploads\/2018\/01\/Zeichnung-V6-1-6x24-304x88.jpg 304w, https:\/\/ddoptics.shop\/wp-content\/uploads\/2018\/01\/Zeichnung-V6-1-6x24-305x88.jpg 305w, https:\/\/ddoptics.shop\/wp-content\/uploads\/2018\/01\/Zeichnung-V6-1-6x24-632x183.jpg 632w, https:\/\/ddoptics.shop\/wp-content\/uploads\/2018\/01\/Zeichnung-V6-1-6x24-800x231.jpg 800w, https:\/\/ddoptics.shop\/wp-content\/uploads\/2018\/01\/Zeichnung-V6-1-6x24-250x72.jpg 250w, https:\/\/ddoptics.shop\/wp-content\/uploads\/2018\/01\/Zeichnung-V6-1-6x24-510x148.jpg 510w\" sizes=\"(max-width: 1020px) 100vw, 1020px\" title=\"\">\t\t\t\t\t\t\n\t\t\t\t\t<\/div>\n\t\t\t\t\t\t\t\t\n<style>\n#image_876240636 {\n  width: 100%;\n}\n<\/style>\n\t<\/div>\n\t\n<div class=\"is-divider divider clearfix\" ><\/div>\n<h3>Du\u017cy zoom, imponuj\u0105ca \u017arenica wyj\u015bciowa z DDoptics V6 1-6\u00d724<\/h3>\n<p>Dzi\u0119ki jego <strong>Zakres zoomu 6x jest mo\u017cliwy dzi\u0119ki 1-6\u00d724 V6 HDX<\/strong> odpowiada r\u00f3wnie\u017c za strza\u0142y na wi\u0119ksze odleg\u0142o\u015bci. Na przyk\u0142ad, je\u015bli zwierzyna porusza si\u0119 daleko przed my\u015bliwym lub czeka.<\/p>\n<p>Dodatkow\u0105 gwarancj\u0105 szybkiego i bezpiecznego zatrzymania jest <strong>Du\u017ca \u017arenica wyj\u015bciowa (12,0-4,06 mm) na lunecie celowniczej<\/strong>. Pozwala to my\u015bliwemu na szybsze dostrze\u017cenie celu przed oboma oczami.<\/p>\n<h3>Jasna, pod\u015bwietlana kropka w siatce celowniczej lunety do polowa\u0144 p\u0119dzonych<\/h3>\n<p>The <strong>nowy celownik Crosshair<\/strong> pozostaje niezmieniony w rozmiarze (2. p\u0142aszczyzna obrazu), gdy zmienia si\u0119 powi\u0119kszenie i jest<strong> cienki i nieodblaskowy czerwony \u015bwiat\u0142owodowy punkt \u015bwietlny<\/strong> kt\u00f3re mo\u017cna przyciemnia\u0107 precyzyjnie i w spos\u00f3b ci\u0105g\u0142y.<\/p>\n<p>Pod\u015bwietlana kropka jest zamontowana na okularze, co u\u0142atwia u\u017cytkowanie. Technologia \u015bwiat\u0142owodowa zapewnia, \u017ce <strong>Wy\u0142\u0105czone efekty boczne i cross-fade<\/strong> s\u0105. Gdy pod\u015bwietlana kropka jest aktywna, nie ma irytuj\u0105cych odblask\u00f3w ani odbi\u0107.<\/p>\n<p><strong>The <a href=\"https:\/\/ddoptics.shop\/pl\/termin-techniczny\/siatka-dla-lunet-celowniczych\/\" target=\"_blank\" rel=\"noopener\" data-schema-attribute=\"\">Siatka<\/a> dostosowuje si\u0119 o 0,1 MRAD (1 cm na 100 m) na klikni\u0119cie.<\/strong> Twarda taktyczna regulacja klikni\u0119ciem dzia\u0142a z absolutn\u0105 powtarzalno\u015bci\u0105. Wymienny pier\u015bcie\u0144 do powi\u0119kszania\/zmniejszania siatki celowniczej na okularze jest antypo\u015blizgowy.<\/p>\n<p><strong>Ca\u0142kowity zakres regulacji optyki celowniczej:<\/strong><\/p>\n<ul>\n<li>484 klikni\u0119cia<\/li>\n<li>odpowiada 48,4 MRAD<\/li>\n<li>odpowiada 24,2 MRAD na stron\u0119<\/li>\n<\/ul>\n<h3>Zalecane u\u017cycie v6 1-6\u00d724<\/h3>\n<p>Niezwykle szeroki <strong>Pole widzenia prawie 40 metr\u00f3w, 6-krotny zoom<\/strong> Wyj\u0105tkowe cechy lunety celowniczej 1-6\u00d724 V6 HDX do IPSC, polowa\u0144 p\u0119dzonych i polowa\u0144 z p\u0119dzeniem to \u0142atwe celowanie nawet na wi\u0119kszych odleg\u0142o\u015bciach.<\/p>\n<p>Bezrefleksyjna i doskonale wyczuwalna pod\u015bwietlana kropka \u015bwiat\u0142owodowa zapewnia my\u015bliwemu wysoki poziom bezpiecze\u0144stwa podczas polowania. <strong>szybkie namierzenie celu i oddanie celnego strza\u0142u.<\/strong> W pe\u0142ni zalecany do wszystkich dyscyplin strzeleckich IPSC.<\/p>","protected":false},"excerpt":{"rendered":"<p><img decoding=\"async\" class=\"size-full wp-image-10471 alignnone\" src=\"https:\/\/ddoptics.shop\/wp-content\/uploads\/2016\/04\/Ansitz-Jagd.jpg\" alt=\"Polowanie na stoisku\" width=\"50\" height=\"50\" \/><img decoding=\"async\" class=\"wp-image-10452 size-full alignnone\" src=\"https:\/\/ddoptics.shop\/wp-content\/uploads\/2016\/07\/Target-Schiessen.jpg\" alt=\"Strzelanie do celu\" width=\"50\" height=\"50\" \/><img decoding=\"async\" class=\"size-full wp-image-10168 alignnone\" src=\"https:\/\/ddoptics.shop\/wp-content\/uploads\/2016\/09\/Jagd-klein.jpg\" alt=\"Lornetka my\u015bliwska\" width=\"50\" height=\"50\" \/><img decoding=\"async\" class=\"size-full wp-image-10180 alignnone\" src=\"https:\/\/ddoptics.shop\/wp-content\/uploads\/2016\/04\/Bergwandern-klein.jpg\" alt=\"Lornetka do w\u0119dr\u00f3wek g\u00f3rskich\" width=\"50\" height=\"50\" \/><br \/>\nV6 HDX - specjalista od polowa\u0144 z nap\u0119dem od <strong>DDoptics V6 1-6\u00d724<\/strong> z siatk\u0105 celownicz\u0105.  Ta luneta celownicza jest wyposa\u017cona w niezwykle szerokie pole widzenia wynosz\u0105ce 37,8 metra na 100 metr\u00f3w. <strong>Opcjonalnie z inteligentnym <a title=\"NOWA pod\u015bwietlana kropka DDoptics IFiber\" href=\"\/pl\/termin-techniczny-wiki\/inteligentny-punkt-swietlny-ddoptics-ifiber\/\" target=\"_blank\" rel=\"noopener noreferrer\">Punkt \u015bwietlny IFibre<\/a> z dop\u0142at\u0105 99 \u20ac.<\/strong><\/p>","protected":false},"featured_media":12253,"comment_status":"open","ping_status":"closed","template":"","meta":{"inline_featured_image":false,"footnotes":""},"product_brand":[],"product_cat":[710,452,949,639,697,640,919,637,68],"product_tag":[708,78,709,80,698],"class_list":{"0":"post-12245","1":"product","2":"type-product","3":"status-publish","4":"has-post-thumbnail","6":"product_cat-1-6x24","7":"product_cat-24-mm-objektivdurchmesser","8":"product_cat-messeaktion","9":"product_cat-bewegungsjagd","10":"product_cat-mrad-klickverstellung","11":"product_cat-pirschjagd-und-gebirgsjagd","12":"product_cat-v6-6-fach-zoom","13":"product_cat-zf-anwendung","14":"product_cat-zielfernrohr","15":"product_tag-1-6x24","16":"product_tag-ddoptics","17":"product_tag-drueckjagdzielfernrohr","18":"product_tag-gen-3","19":"product_tag-mrad-1-cm-klickverstellung","20":"product_shipping_class-paket","21":"pa_brand-marke-ddoptics","22":"pa_produkt-typ-zielfernrohr","24":"first","25":"outofstock","26":"sale","27":"taxable","28":"shipping-taxable","29":"purchasable","30":"product-type-bundle"},"bundled_by":[],"bundle_stock_status":"outofstock","bundle_stock_quantity":0,"bundle_virtual":false,"bundle_layout":"default","bundle_add_to_cart_form_location":"default","bundle_editable_in_cart":false,"bundle_sold_individually_context":"product","bundle_item_grouping":"parent","bundle_min_size":"","bundle_max_size":"","bundle_price":{"price":{"min":{"incl_tax":"775.01","excl_tax":"645.84"},"max":{"incl_tax":"879.32","excl_tax":"732.76"}},"regular_price":{"min":{"incl_tax":"1149.01","excl_tax":"957.51"},"max":{"incl_tax":"1264.9","excl_tax":"1054.08"}}},"bundled_items":[{"bundled_item_id":52,"product_id":12809,"menu_order":0,"quantity_min":1,"quantity_max":1,"quantity_default":1,"priced_individually":true,"shipped_individually":false,"override_title":true,"title":"","override_description":false,"description":"","optional":false,"hide_thumbnail":true,"discount":"","override_variations":true,"allowed_variations":[12810,12811],"override_default_variation_attributes":false,"default_variation_attributes":[],"single_product_visibility":"visible","cart_visibility":"visible","order_visibility":"visible","single_product_price_visibility":"visible","cart_price_visibility":"visible","order_price_visibility":"visible","stock_status":"in_stock"},{"bundled_item_id":53,"product_id":12812,"menu_order":1,"quantity_min":1,"quantity_max":1,"quantity_default":1,"priced_individually":true,"shipped_individually":false,"override_title":true,"title":"Prawie prezent - czapki z klapk\u0105","override_description":false,"description":"","optional":true,"hide_thumbnail":false,"discount":"68.55","override_variations":false,"allowed_variations":[],"override_default_variation_attributes":true,"default_variation_attributes":[{"id":17,"name":"Rozmiar lunety","option":"1-6x24"}],"single_product_visibility":"visible","cart_visibility":"visible","order_visibility":"visible","single_product_price_visibility":"visible","cart_price_visibility":"visible","order_price_visibility":"visible","stock_status":"in_stock"}],"bundle_sell_ids":[],"_links":{"self":[{"href":"https:\/\/ddoptics.shop\/pl\/wp-json\/wp\/v2\/product\/12245","targetHints":{"allow":["GET"]}}],"collection":[{"href":"https:\/\/ddoptics.shop\/pl\/wp-json\/wp\/v2\/product"}],"about":[{"href":"https:\/\/ddoptics.shop\/pl\/wp-json\/wp\/v2\/types\/product"}],"replies":[{"embeddable":true,"href":"https:\/\/ddoptics.shop\/pl\/wp-json\/wp\/v2\/comments?post=12245"}],"version-history":[{"count":12,"href":"https:\/\/ddoptics.shop\/pl\/wp-json\/wp\/v2\/product\/12245\/revisions"}],"predecessor-version":[{"id":28596,"href":"https:\/\/ddoptics.shop\/pl\/wp-json\/wp\/v2\/product\/12245\/revisions\/28596"}],"wp:featuredmedia":[{"embeddable":true,"href":"https:\/\/ddoptics.shop\/pl\/wp-json\/wp\/v2\/media\/12253"}],"wp:attachment":[{"href":"https:\/\/ddoptics.shop\/pl\/wp-json\/wp\/v2\/media?parent=12245"}],"wp:term":[{"taxonomy":"product_brand","embeddable":true,"href":"https:\/\/ddoptics.shop\/pl\/wp-json\/wp\/v2\/product_brand?post=12245"},{"taxonomy":"product_cat","embeddable":true,"href":"https:\/\/ddoptics.shop\/pl\/wp-json\/wp\/v2\/product_cat?post=12245"},{"taxonomy":"product_tag","embeddable":true,"href":"https:\/\/ddoptics.shop\/pl\/wp-json\/wp\/v2\/product_tag?post=12245"}],"curies":[{"name":"wp","href":"https:\/\/api.w.org\/{rel}","templated":true}]}}