{"id":12611,"date":"2018-06-15T11:01:20","date_gmt":"2018-06-15T09:01:20","guid":{"rendered":"https:\/\/ddoptics.shop\/?post_type=product&#038;p=12611"},"modified":"2025-07-03T13:49:55","modified_gmt":"2025-07-03T11:49:55","slug":"lornetka-ddoptics-nighteagle-ergo-12x56","status":"publish","type":"product","link":"https:\/\/ddoptics.shop\/pl\/kaufen\/ddoptics-nighteagle-ergo-12x56-fernglas\/","title":{"rendered":"Lornetka DDoptics Nighteagle ERGO 12\u00d756 Gen 3.1"},"content":{"rendered":"<div class=\"row\"  id=\"row-1089361927\">\n\n\t<div id=\"col-525909263\" class=\"col medium-8 small-12 large-8\"  >\n\t\t\t\t<div class=\"col-inner\"  >\n\t\t\t\n\t\t\t\n<div>\n<h2>DDoptics Nighteagle ERGO <a href=\"https:\/\/ddoptics.shop\/pl\/sklep\/lornetka\/powiekszenie-lornetki\/12-krotna-poprawa\/\" target=\"_blank\" rel=\"noopener\" data-schema-attribute=\"\">12<\/a>Lornetka x56 Gen 3.1 | Szybka, ma\u0142a i lekka uniwersalna lornetka<\/h2>\n<p>Nowy <strong>Nighteagle Ergo 12\u00d756<\/strong> to co\u015b wi\u0119cej ni\u017c kolejna generacja - to bezkompromisowe rozwi\u0105zanie dla tych, kt\u00f3rzy oczekuj\u0105 wydajno\u015bci przy niskiej wadze i umiarkowanej cenie.<\/p>\n<p>Pomimo niewielkiej wagi, wynosz\u0105cej zaledwie 940 g <strong>12\u00d756 Nighteagle Ergo<\/strong> Niesamowita wydajno\u015b\u0107, kt\u00f3ra przewy\u017csza wi\u0119kszo\u015b\u0107 lornetek w przedziale cenowym 400 euro. W tym <strong>Nighteagle Ergo 12\u00d756 jest predestynowany do obserwacji przyrody na wi\u0119kszych odleg\u0142o\u015bciach<\/strong>.<\/p>\n<h3>Nowy DDoptics ERGO Generation 3.1<\/h3>\n<p>Nowa generacja 3.1 zosta\u0142a jeszcze bardziej udoskonalona: <strong>Pokr\u0119t\u0142o regulacji ostro\u015bci i dioptrii<\/strong> s\u0105 wykonane z wytrzyma\u0142ego metalu. Og\u00f3lnie rzecz bior\u0105c, lornetka jest l\u017cejsza o ca\u0142e 20 gram\u00f3w. Ponadto <strong>Muszle oczne z innowacyjnym mechanizmem blokuj\u0105cym typu Z<\/strong> pod warunkiem.<\/p>\n<\/div>\n\t\t<\/div>\n\t\t\t\t\n<style>\n#col-525909263 > .col-inner {\n  margin: 0px 0px -30px 0px;\n}\n<\/style>\n\t<\/div>\n\n\t\n\n\t<div id=\"col-1405317726\" class=\"col medium-4 small-12 large-4\"  >\n\t\t\t\t<div class=\"col-inner\"  >\n\t\t\t\n\t\t\t\n\t<div class=\"img has-hover x md-x lg-x y md-y lg-y\" id=\"image_1100942761\">\n\t\t\t\t\t\t\t\t<div class=\"img-inner dark\" >\n\t\t\t\t\t\t\t\t\t\n\t\t\t\t\t<\/div>\n\t\t\t\t\t\t\t\t\n<style>\n#image_1100942761 {\n  width: 100%;\n}\n<\/style>\n\t<\/div>\n\t\n\t<div class=\"img has-hover x md-x lg-x y md-y lg-y\" id=\"image_950390777\">\n\t\t<a class=\"\" href=\"https:\/\/www.shop.ddoptics.de\/garantiebestimmungen\" target=\"_blank\" rel=\"noopener\">\t\t\t\t\t\t<div class=\"img-inner dark\" >\n\t\t\t<img decoding=\"async\" width=\"352\" height=\"160\" src=\"https:\/\/ddoptics.shop\/wp-content\/uploads\/2014\/09\/DDoptics-Garantie.jpg\" class=\"attachment-large size-large\" alt=\"Gwarancja DDoptics\" srcset=\"https:\/\/ddoptics.shop\/wp-content\/uploads\/2014\/09\/DDoptics-Garantie.jpg 352w, https:\/\/ddoptics.shop\/wp-content\/uploads\/2014\/09\/DDoptics-Garantie-304x138.jpg 304w, https:\/\/ddoptics.shop\/wp-content\/uploads\/2014\/09\/DDoptics-Garantie-305x139.jpg 305w, https:\/\/ddoptics.shop\/wp-content\/uploads\/2014\/09\/DDoptics-Garantie-250x114.jpg 250w\" sizes=\"(max-width: 352px) 100vw, 352px\" title=\"\">\t\t\t\t\t\t\n\t\t\t\t\t<\/div>\n\t\t\t\t\t\t<\/a>\t\t\n<style>\n#image_950390777 {\n  width: 100%;\n}\n<\/style>\n\t<\/div>\n\t\n<h3>Fakty dotycz\u0105ce lornetek DDoptics EDX<\/h3>\n\n\t\t<div class=\"icon-box featured-box icon-box-left text-left\"  >\n\t\t\t\t\t<div class=\"icon-box-img\" style=\"width: 32px\">\n\t\t\t\t<div class=\"icon\">\n\t\t\t\t\t<div class=\"icon-inner\" >\n\t\t\t\t\t\t<img decoding=\"async\" width=\"100\" height=\"83\" src=\"https:\/\/ddoptics.shop\/wp-content\/uploads\/2021\/05\/DDoptics-SHG-Icon.jpg\" class=\"attachment-medium size-medium\" alt=\"Ikona lornetki DDoptics SHG\" title=\"\">\t\t\t\t\t<\/div>\n\t\t\t\t<\/div>\n\t\t\t<\/div>\n\t\t\t\t<div class=\"icon-box-text last-reset\">\n\t\t\t\t\t\t\t\t\t\n<p><span data-sheets-value=\"{&quot;1&quot;:2,&quot;2&quot;:&quot;\u2705&quot;}\" data-sheets-userformat=\"{&quot;2&quot;:15297,&quot;3&quot;:{&quot;1&quot;:0},&quot;9&quot;:0,&quot;10&quot;:2,&quot;11&quot;:0,&quot;12&quot;:0,&quot;14&quot;:{&quot;1&quot;:2,&quot;2&quot;:0},&quot;15&quot;:&quot;Calibri, sans-serif&quot;,&quot;16&quot;:11}\">Lustro dielektryczne<br \/>\n<\/span><\/p>\n\t\t<\/div>\n\t<\/div>\n\t\n\t\n\n\t\t<div class=\"icon-box featured-box icon-box-left text-left\"  >\n\t\t\t\t\t<div class=\"icon-box-img\" style=\"width: 32px\">\n\t\t\t\t<div class=\"icon\">\n\t\t\t\t\t<div class=\"icon-inner\" >\n\t\t\t\t\t\t<img decoding=\"async\" width=\"100\" height=\"83\" src=\"https:\/\/ddoptics.shop\/wp-content\/uploads\/2021\/05\/DDoptics-SHG-Icon.jpg\" class=\"attachment-medium size-medium\" alt=\"Ikona lornetki DDoptics SHG\" title=\"\">\t\t\t\t\t<\/div>\n\t\t\t\t<\/div>\n\t\t\t<\/div>\n\t\t\t\t<div class=\"icon-box-text last-reset\">\n\t\t\t\t\t\t\t\t\t\n<p>\u2705 <span data-sheets-value=\"{&quot;1&quot;:2,&quot;2&quot;:&quot;\u2705&quot;}\" data-sheets-userformat=\"{&quot;2&quot;:15297,&quot;3&quot;:{&quot;1&quot;:0},&quot;9&quot;:0,&quot;10&quot;:2,&quot;11&quot;:0,&quot;12&quot;:0,&quot;14&quot;:{&quot;1&quot;:2,&quot;2&quot;:0},&quot;15&quot;:&quot;Calibri, sans-serif&quot;,&quot;16&quot;:11}\"><strong>Najja\u015bniejsze szk\u0142o z serii Ergo<\/strong> do nocnych polowa\u0144<\/span><\/p>\n\t\t<\/div>\n\t<\/div>\n\t\n\t\n\n\t\t<div class=\"icon-box featured-box icon-box-left text-left\"  >\n\t\t\t\t\t<div class=\"icon-box-img\" style=\"width: 32px\">\n\t\t\t\t<div class=\"icon\">\n\t\t\t\t\t<div class=\"icon-inner\" >\n\t\t\t\t\t\t<img decoding=\"async\" width=\"100\" height=\"83\" src=\"https:\/\/ddoptics.shop\/wp-content\/uploads\/2021\/05\/DDoptics-SHG-Icon.jpg\" class=\"attachment-medium size-medium\" alt=\"Ikona lornetki DDoptics SHG\" title=\"\">\t\t\t\t\t<\/div>\n\t\t\t\t<\/div>\n\t\t\t<\/div>\n\t\t\t\t<div class=\"icon-box-text last-reset\">\n\t\t\t\t\t\t\t\t\t\n<p>\u2705 <span data-sheets-value=\"{&quot;1&quot;:2,&quot;2&quot;:&quot;\u2705&quot;}\" data-sheets-userformat=\"{&quot;2&quot;:15297,&quot;3&quot;:{&quot;1&quot;:0},&quot;9&quot;:0,&quot;10&quot;:2,&quot;11&quot;:0,&quot;12&quot;:0,&quot;14&quot;:{&quot;1&quot;:2,&quot;2&quot;:0},&quot;15&quot;:&quot;Calibri, sans-serif&quot;,&quot;16&quot;:11}\">Lustro dielektryczne<\/span><\/p>\n\t\t<\/div>\n\t<\/div>\n\t\n\t\n\n\t\t<div class=\"icon-box featured-box icon-box-left text-left\"  >\n\t\t\t\t\t<div class=\"icon-box-img\" style=\"width: 32px\">\n\t\t\t\t<div class=\"icon\">\n\t\t\t\t\t<div class=\"icon-inner\" >\n\t\t\t\t\t\t<img decoding=\"async\" width=\"100\" height=\"83\" src=\"https:\/\/ddoptics.shop\/wp-content\/uploads\/2021\/05\/DDoptics-SHG-Icon.jpg\" class=\"attachment-medium size-medium\" alt=\"Ikona lornetki DDoptics SHG\" title=\"\">\t\t\t\t\t<\/div>\n\t\t\t\t<\/div>\n\t\t\t<\/div>\n\t\t\t\t<div class=\"icon-box-text last-reset\">\n\t\t\t\t\t\t\t\t\t\n<p>\u2705 <span data-sheets-value=\"{&quot;1&quot;:2,&quot;2&quot;:&quot;\u2705&quot;}\" data-sheets-userformat=\"{&quot;2&quot;:15297,&quot;3&quot;:{&quot;1&quot;:0},&quot;9&quot;:0,&quot;10&quot;:2,&quot;11&quot;:0,&quot;12&quot;:0,&quot;14&quot;:{&quot;1&quot;:2,&quot;2&quot;:0},&quot;15&quot;:&quot;Calibri, sans-serif&quot;,&quot;16&quot;:11}\">Silne \u015bwiat\u0142o i kontrast + Dobra ostro\u015b\u0107 kraw\u0119dzi<\/span><\/p>\n\t\t<\/div>\n\t<\/div>\n\t\n\t\n\n\t\t<div class=\"icon-box featured-box icon-box-left text-left\"  >\n\t\t\t\t\t<div class=\"icon-box-img\" style=\"width: 32px\">\n\t\t\t\t<div class=\"icon\">\n\t\t\t\t\t<div class=\"icon-inner\" >\n\t\t\t\t\t\t<img decoding=\"async\" width=\"100\" height=\"83\" src=\"https:\/\/ddoptics.shop\/wp-content\/uploads\/2021\/05\/DDoptics-SHG-Icon.jpg\" class=\"attachment-medium size-medium\" alt=\"Ikona lornetki DDoptics SHG\" title=\"\">\t\t\t\t\t<\/div>\n\t\t\t\t<\/div>\n\t\t\t<\/div>\n\t\t\t\t<div class=\"icon-box-text last-reset\">\n\t\t\t\t\t\t\t\t\t\n<p>\u2705 <span data-sheets-value=\"{&quot;1&quot;:2,&quot;2&quot;:&quot;\u2705&quot;}\" data-sheets-userformat=\"{&quot;2&quot;:15297,&quot;3&quot;:{&quot;1&quot;:0},&quot;9&quot;:0,&quot;10&quot;:2,&quot;11&quot;:0,&quot;12&quot;:0,&quot;14&quot;:{&quot;1&quot;:2,&quot;2&quot;:0},&quot;15&quot;:&quot;Calibri, sans-serif&quot;,&quot;16&quot;:11}\">Cena - profesjonalna wydajno\u015b\u0107<\/span><\/p>\n\t\t<\/div>\n\t<\/div>\n\t\n\t\n\n\t\t<div class=\"icon-box featured-box icon-box-left text-left\"  >\n\t\t\t\t\t<div class=\"icon-box-img\" style=\"width: 32px\">\n\t\t\t\t<div class=\"icon\">\n\t\t\t\t\t<div class=\"icon-inner\" >\n\t\t\t\t\t\t<img decoding=\"async\" width=\"100\" height=\"83\" src=\"https:\/\/ddoptics.shop\/wp-content\/uploads\/2021\/05\/DDoptics-SHG-Icon.jpg\" class=\"attachment-medium size-medium\" alt=\"Ikona lornetki DDoptics SHG\" title=\"\">\t\t\t\t\t<\/div>\n\t\t\t\t<\/div>\n\t\t\t<\/div>\n\t\t\t\t<div class=\"icon-box-text last-reset\">\n\t\t\t\t\t\t\t\t\t\n<p>\u2705 <span data-sheets-value=\"{&quot;1&quot;:2,&quot;2&quot;:&quot;\u2705&quot;}\" data-sheets-userformat=\"{&quot;2&quot;:15297,&quot;3&quot;:{&quot;1&quot;:0},&quot;9&quot;:0,&quot;10&quot;:2,&quot;11&quot;:0,&quot;12&quot;:0,&quot;14&quot;:{&quot;1&quot;:2,&quot;2&quot;:0},&quot;15&quot;:&quot;Calibri, sans-serif&quot;,&quot;16&quot;:11}\">Szk\u0142o CT o niskiej dyspersji<\/span><\/p>\n\t\t<\/div>\n\t<\/div>\n\t\n\t\n\t\t<\/div>\n\t\t\t\t\t<\/div>\n\n\t\n<\/div>\n<h3>Widzie\u0107 rzeczy ja\u015bniej, niezale\u017cnie od o\u015bwietlenia.<\/h3>\n<p>Niezale\u017cnie od tego, czy w ci\u0105gu dnia, czy o zmierzchu, najlepszym sposobem na do\u015bwiadczenie <strong>wra\u017cenie wizualne, gdy jest ca\u0142kowicie naturalne i wierne kolorom<\/strong> pojawia si\u0119.<\/p>\n<p>Nowy wygl\u0105d Nighteagle'a <strong>12\u00d756 ERGO 3.1<\/strong> daje widzowi poczucie obcowania z genialn\u0105 rzeczywisto\u015bci\u0105, w kt\u00f3rej Nighteagle zawsze zaskakuje w pozytywny spos\u00f3b. <strong>Obrze\u017ca kolor\u00f3w i przek\u0142amania kolor\u00f3w<\/strong> jest prawie nieznana z tej lornetki, linia prosta pozostaje lini\u0105 prost\u0105 nawet na kraw\u0119dziach.<\/p>\n<h3>Ja\u015bniejsza, l\u017cejsza, o wy\u017cszym kontra\u015bcie - ERGO 12\u00d756 Gen. 3.1<\/h3>\n<p>Je\u015bli ka\u017cdy palec lornetki wie, gdzie jest jego miejsce, je\u015bli masz wra\u017cenie, \u017ce trzymasz w d\u0142oni lekk\u0105 i ma\u0142\u0105 lornetk\u0119, i je\u015bli ta lornetka jest mimo wszystko ja\u015bniejsza i ma wi\u0119kszy kontrast, ni\u017c wcze\u015bniej s\u0105dzi\u0142e\u015b, \u017ce jest to mo\u017cliwe przy tak niewielkiej wadze, to znaczy, \u017ce zrobili\u015bmy wszystko dobrze.<\/p>\n<h3>Znajd\u017a punkt ostro\u015bci nawet w ciemno\u015bci (Smart Focus 50m-infinity)<\/h3>\n<p>Korzystne w <strong>Smart Focus dzia\u0142a o zmierzchu lub w nocy:<\/strong> Technika ta w znacznym stopniu eliminuje potrzeb\u0119 ponownego ustawiania ostro\u015bci w Nighteagle.<br \/>\nPo ustawieniu ostro\u015bci na obiekcie oddalonym o oko\u0142o 100 metr\u00f3w, oko automatycznie dostosowuje si\u0119 w zakresie odleg\u0142o\u015bci od 50 metr\u00f3w do niesko\u0144czono\u015bci bez konieczno\u015bci ci\u0105g\u0142ego ponownego ustawiania ostro\u015bci.<\/p>\n<h3>\u0141atwa regulacja funkcji od 50 m do niesko\u0144czono\u015bci<\/h3>\n<p>Nowy DDoptics <strong>Nighteagle ERGO 12\u00d756 3.1<\/strong> Trzecia generacja sta\u0142a si\u0119 nieco bardziej podobna do swojego \u201cstarszego brata\u201d, Pirschlera Gen 3. Nowy Nighteagle ma r\u00f3wnie\u017c dotykowy znacznik linii, kt\u00f3ry pozwala \u0142atwo przywr\u00f3ci\u0107 ostro\u015b\u0107 lornetki w dzie\u0144 i w nocy.<\/p>\n<p>Do <strong>Podczas regulacji w nocy, dotykowe oznaczenie linii na pokr\u0119tle regulacji ostro\u015bci<\/strong> Wystarczy obr\u00f3ci\u0107 na \u201cg\u00f3r\u0119\u201d i obraz jest ostry.<\/p>","protected":false},"excerpt":{"rendered":"<p><img decoding=\"async\" class=\"alignnone wp-image-10471 size-full\" title=\"Polowanie na stoisku\" src=\"https:\/\/ddoptics.shop\/wp-content\/uploads\/2016\/04\/Ansitz-Jagd.jpg\" alt=\"Polowanie na stoisku\" width=\"50\" height=\"50\" \/><img decoding=\"async\" class=\"alignnone size-full wp-image-10170\" src=\"https:\/\/ddoptics.shop\/wp-content\/uploads\/2016\/09\/Ornitologie-klein.jpg\" alt=\"Obserwacja ptak\u00f3w\" width=\"50\" height=\"50\" \/><img decoding=\"async\" class=\"alignnone size-full wp-image-10180\" src=\"https:\/\/ddoptics.shop\/wp-content\/uploads\/2016\/04\/Bergwandern-klein.jpg\" alt=\"Lornetka do w\u0119dr\u00f3wek g\u00f3rskich\" width=\"50\" height=\"50\" \/><br \/>\nNowy <strong>Nighteagle Ergo Gen 3<\/strong> to najlepsza lornetka 12\u00d756 od DDoptics w swoim przedziale cenowym. NOWO\u015a\u0106: <strong>Generacja 3.1<\/strong> z metalowym pokr\u0119t\u0142em ogniskowania i regulacj\u0105 dioptrii oraz <strong>Ulepszone metalowe muszle oczne z blokad\u0105 Z<\/strong>!<\/p>","protected":false},"featured_media":12618,"comment_status":"open","ping_status":"closed","template":"","meta":{"inline_featured_image":false,"footnotes":""},"product_brand":[],"product_cat":[352,364,329,67,344,354],"product_tag":[504,737,78,648,649],"class_list":{"0":"post-12611","1":"product","2":"type-product","3":"status-publish","4":"has-post-thumbnail","6":"product_cat-12x-vergroesserung","7":"product_cat-56-mm-objektiv","8":"product_cat-ddoptics","9":"product_cat-fernglas","10":"product_cat-naturbeobachtung","11":"product_cat-vogelbeobachtung","12":"product_tag-12x56","13":"product_tag-12x56-fernglas","14":"product_tag-ddoptics","15":"product_tag-ddoptics-gen-3","16":"product_tag-ergo-gen-3-fernglas","17":"product_shipping_class-paket","18":"pa_brand-marke-ddoptics","19":"pa_farbe-gruen","20":"pa_produkt-typ-fernglas","22":"first","23":"instock","24":"sale","25":"taxable","26":"shipping-taxable","27":"purchasable","28":"product-type-simple"},"bundled_by":[],"bundle_stock_status":"instock","bundle_stock_quantity":49,"bundle_virtual":false,"bundle_layout":"","bundle_add_to_cart_form_location":"","bundle_editable_in_cart":false,"bundle_sold_individually_context":"","bundle_item_grouping":"","bundle_min_size":"","bundle_max_size":"","bundle_price":[],"bundled_items":[],"bundle_sell_ids":[],"_links":{"self":[{"href":"https:\/\/ddoptics.shop\/pl\/wp-json\/wp\/v2\/product\/12611","targetHints":{"allow":["GET"]}}],"collection":[{"href":"https:\/\/ddoptics.shop\/pl\/wp-json\/wp\/v2\/product"}],"about":[{"href":"https:\/\/ddoptics.shop\/pl\/wp-json\/wp\/v2\/types\/product"}],"replies":[{"embeddable":true,"href":"https:\/\/ddoptics.shop\/pl\/wp-json\/wp\/v2\/comments?post=12611"}],"version-history":[{"count":7,"href":"https:\/\/ddoptics.shop\/pl\/wp-json\/wp\/v2\/product\/12611\/revisions"}],"predecessor-version":[{"id":23097,"href":"https:\/\/ddoptics.shop\/pl\/wp-json\/wp\/v2\/product\/12611\/revisions\/23097"}],"wp:featuredmedia":[{"embeddable":true,"href":"https:\/\/ddoptics.shop\/pl\/wp-json\/wp\/v2\/media\/12618"}],"wp:attachment":[{"href":"https:\/\/ddoptics.shop\/pl\/wp-json\/wp\/v2\/media?parent=12611"}],"wp:term":[{"taxonomy":"product_brand","embeddable":true,"href":"https:\/\/ddoptics.shop\/pl\/wp-json\/wp\/v2\/product_brand?post=12611"},{"taxonomy":"product_cat","embeddable":true,"href":"https:\/\/ddoptics.shop\/pl\/wp-json\/wp\/v2\/product_cat?post=12611"},{"taxonomy":"product_tag","embeddable":true,"href":"https:\/\/ddoptics.shop\/pl\/wp-json\/wp\/v2\/product_tag?post=12611"}],"curies":[{"name":"wp","href":"https:\/\/api.w.org\/{rel}","templated":true}]}}