{"id":12741,"date":"2018-09-25T10:55:35","date_gmt":"2018-09-25T08:55:35","guid":{"rendered":"https:\/\/ddoptics.shop\/?post_type=product&#038;p=12741"},"modified":"2025-06-27T13:43:33","modified_gmt":"2025-06-27T11:43:33","slug":"lornetka-ddoptics-8x45-stalker-gen-3","status":"publish","type":"product","link":"https:\/\/ddoptics.shop\/pl\/kaufen\/ddoptics-fernglas-8x45-pirschler-gen-3\/","title":{"rendered":"Lornetka DDoptics Pirschler 8\u00d745 Gen. 3"},"content":{"rendered":"<div class=\"row\"  id=\"row-531199759\">\n\n\t<div id=\"col-548086677\" class=\"col medium-8 small-12 large-8\"  >\n\t\t\t\t<div class=\"col-inner\"  >\n\t\t\t\n\t\t\t\n<h2>Lornetka DDoptics Pirschler 8\u00d745 Gen 3 - zielona. Soczewki 45 mm i pryzmaty Abbe-K\u00f6niga zapewniaj\u0105 odpowiedni\u0105 jasno\u015b\u0107<\/h2>\n<p>Nowy <strong>Niezwykle jasna i niezniszczalna lornetka nocna i my\u015bliwska Pirschler 8\u00d745<\/strong>\u00a0to d\u0142ugo oczekiwany <strong>mniejsza \u201cstalkingowa wersja\u201d nocnego szk\u0142a Pirschler 8\u00d756<\/strong>. Gdy tylko spojrzysz przez okulary lornetki DDoptics \u201ePirschler 8\u00d745\u201c, jasno\u015b\u0107 obrazu dos\u0142ownie przyci\u0105ga wzrok. Niezwykle wysoka przepuszczalno\u015b\u0107 \u015bwiat\u0142a stanowi podstaw\u0119 dla wysokiego kontrastu i doskona\u0142ej reprodukcji obrazu z ostrymi jak brzytwa konturami.<\/p>\n<p>Nawet w nocy <strong>Pirschler 8\u00d745<\/strong> Lornetka jako wierny towarzysz. Odpowiedzialna za <strong>jasne i wyra\u017ane odwzorowanie obrazu to szk\u0142o CT z wyszukan\u0105 pow\u0142ok\u0105 DDlucid<\/strong> oraz <strong>Wysokiej jako\u015bci pryzmat Abbe King<\/strong>n. Dyspersja jest bardzo niska.<\/p>\n<p>G\u0142\u00f3wnymi cechami tej lornetki, opr\u00f3cz zredukowanego rozmiaru, s\u0105 niewielka waga (dzi\u0119ki magnezowej obudowie) n<strong>950 g przy \u015brednicy obiektywu 45 mm.\u00a0<\/strong>To w\u0142a\u015bnie wi\u0119ksze soczewki obiektywowe umo\u017cliwiaj\u0105 wa\u017cne po\u0142\u0105czenie z pryzmatami Abbego-K\u00f6niga - dzi\u0119ki czemu lornetka jest znacznie ja\u015bniejsza ni\u017c lornetki o \u015brednicy obiektywu 42 mm. .<\/p>\n<h3>Stabilno\u015b\u0107 i wytrzyma\u0142o\u015b\u0107 lornetki Pirschler 8\u00d745 Gen 3 od DDoptics<\/h3>\n<p>Dzi\u0119ki nowoczesnym materia\u0142om i technikom produkcji <strong>Lornetka jest niezniszczalna i lekka,<\/strong> i niezwykle wygodny w obs\u0142udze. Dzi\u0119ki temu <strong>\u201eLornetki \u201cPirschler\" 8\u00d745 i 10\u00d745<\/strong> Nie tylko dla ka\u017cdego obszaru zastosowania, ale s\u0105 r\u00f3wnie\u017c idealne dla <strong>D\u0142onie dzieci\u0119ce i damskie.<\/strong>W nowej lornetce Pirschler 8\u00d745 nie ma ani grama plastiku (z wyj\u0105tkiem os\u0142ony statywu i pancerza), ani na samym korpusie, ani na cz\u0119\u015bciach zu\u017cywaj\u0105cych si\u0119.<\/p>\n\t\t<\/div>\n\t\t\t\t\n<style>\n#col-548086677 > .col-inner {\n  margin: 0px 0px -30px 0px;\n}\n<\/style>\n\t<\/div>\n\n\t\n\n\t<div id=\"col-1298473565\" class=\"col medium-4 small-12 large-4\"  >\n\t\t\t\t<div class=\"col-inner\"  >\n\t\t\t\n\t\t\t\n\t<div class=\"img has-hover x md-x lg-x y md-y lg-y\" id=\"image_993908977\">\n\t\t\t\t\t\t\t\t<div class=\"img-inner dark\" >\n\t\t\t\t\t\t\t\t\t\n\t\t\t\t\t<\/div>\n\t\t\t\t\t\t\t\t\n<style>\n#image_993908977 {\n  width: 100%;\n}\n<\/style>\n\t<\/div>\n\t\n\t<div class=\"img has-hover x md-x lg-x y md-y lg-y\" id=\"image_235372407\">\n\t\t<a class=\"\" href=\"https:\/\/www.shop.ddoptics.de\/garantiebestimmungen\" target=\"_blank\" rel=\"noopener\">\t\t\t\t\t\t<div class=\"img-inner dark\" >\n\t\t\t<img decoding=\"async\" width=\"352\" height=\"160\" src=\"https:\/\/ddoptics.shop\/wp-content\/uploads\/2014\/09\/DDoptics-Garantie.jpg\" class=\"attachment-large size-large\" alt=\"Gwarancja DDoptics\" srcset=\"https:\/\/ddoptics.shop\/wp-content\/uploads\/2014\/09\/DDoptics-Garantie.jpg 352w, https:\/\/ddoptics.shop\/wp-content\/uploads\/2014\/09\/DDoptics-Garantie-304x138.jpg 304w, https:\/\/ddoptics.shop\/wp-content\/uploads\/2014\/09\/DDoptics-Garantie-305x139.jpg 305w, https:\/\/ddoptics.shop\/wp-content\/uploads\/2014\/09\/DDoptics-Garantie-250x114.jpg 250w\" sizes=\"(max-width: 352px) 100vw, 352px\" title=\"\">\t\t\t\t\t\t\n\t\t\t\t\t<\/div>\n\t\t\t\t\t\t<\/a>\t\t\n<style>\n#image_235372407 {\n  width: 100%;\n}\n<\/style>\n\t<\/div>\n\t\n<h3>Fakty dotycz\u0105ce lornetek DDoptics Pirschler<\/h3>\n\n\t\t<div class=\"icon-box featured-box icon-box-left text-left\"  >\n\t\t\t\t\t<div class=\"icon-box-img\" style=\"width: 32px\">\n\t\t\t\t<div class=\"icon\">\n\t\t\t\t\t<div class=\"icon-inner\" >\n\t\t\t\t\t\t<img decoding=\"async\" width=\"100\" height=\"83\" src=\"https:\/\/ddoptics.shop\/wp-content\/uploads\/2021\/05\/DDoptics-SHG-Icon.jpg\" class=\"attachment-medium size-medium\" alt=\"Ikona lornetki DDoptics SHG\" title=\"\">\t\t\t\t\t<\/div>\n\t\t\t\t<\/div>\n\t\t\t<\/div>\n\t\t\t\t<div class=\"icon-box-text last-reset\">\n\t\t\t\t\t\t\t\t\t\n<p>\u2705 ABBE K\u00d6NIG Prismen<\/p>\n\t\t<\/div>\n\t<\/div>\n\t\n\t\n\n\t\t<div class=\"icon-box featured-box icon-box-left text-left\"  >\n\t\t\t\t\t<div class=\"icon-box-img\" style=\"width: 32px\">\n\t\t\t\t<div class=\"icon\">\n\t\t\t\t\t<div class=\"icon-inner\" >\n\t\t\t\t\t\t<img decoding=\"async\" width=\"100\" height=\"83\" src=\"https:\/\/ddoptics.shop\/wp-content\/uploads\/2021\/05\/DDoptics-SHG-Icon.jpg\" class=\"attachment-medium size-medium\" alt=\"Ikona lornetki DDoptics SHG\" title=\"\">\t\t\t\t\t<\/div>\n\t\t\t\t<\/div>\n\t\t\t<\/div>\n\t\t\t\t<div class=\"icon-box-text last-reset\">\n\t\t\t\t\t\t\t\t\t\n<p>Niezniszczalny metalowy korpus z magnezu (Mg)<\/p>\n\t\t<\/div>\n\t<\/div>\n\t\n\t\n\n\t\t<div class=\"icon-box featured-box icon-box-left text-left\"  >\n\t\t\t\t\t<div class=\"icon-box-img\" style=\"width: 32px\">\n\t\t\t\t<div class=\"icon\">\n\t\t\t\t\t<div class=\"icon-inner\" >\n\t\t\t\t\t\t<img decoding=\"async\" width=\"100\" height=\"83\" src=\"https:\/\/ddoptics.shop\/wp-content\/uploads\/2021\/05\/DDoptics-SHG-Icon.jpg\" class=\"attachment-medium size-medium\" alt=\"Ikona lornetki DDoptics SHG\" title=\"\">\t\t\t\t\t<\/div>\n\t\t\t\t<\/div>\n\t\t\t<\/div>\n\t\t\t\t<div class=\"icon-box-text last-reset\">\n\t\t\t\t\t\t\t\t\t\n<p>\u2705 Komplett neue Optik mit CT Glas<\/p>\n\t\t<\/div>\n\t<\/div>\n\t\n\t\n\n\t\t<div class=\"icon-box featured-box icon-box-left text-left\"  >\n\t\t\t\t\t<div class=\"icon-box-img\" style=\"width: 32px\">\n\t\t\t\t<div class=\"icon\">\n\t\t\t\t\t<div class=\"icon-inner\" >\n\t\t\t\t\t\t<img decoding=\"async\" width=\"100\" height=\"83\" src=\"https:\/\/ddoptics.shop\/wp-content\/uploads\/2021\/05\/DDoptics-SHG-Icon.jpg\" class=\"attachment-medium size-medium\" alt=\"Ikona lornetki DDoptics SHG\" title=\"\">\t\t\t\t\t<\/div>\n\t\t\t\t<\/div>\n\t\t\t<\/div>\n\t\t\t\t<div class=\"icon-box-text last-reset\">\n\t\t\t\t\t\t\t\t\t\n<p>\u2705 135 m Sehfeld f\u00fcr angenehmes Abglasen<\/p>\n\t\t<\/div>\n\t<\/div>\n\t\n\t\n\n\t\t<div class=\"icon-box featured-box icon-box-left text-left\"  >\n\t\t\t\t\t<div class=\"icon-box-img\" style=\"width: 32px\">\n\t\t\t\t<div class=\"icon\">\n\t\t\t\t\t<div class=\"icon-inner\" >\n\t\t\t\t\t\t<img decoding=\"async\" width=\"100\" height=\"83\" src=\"https:\/\/ddoptics.shop\/wp-content\/uploads\/2021\/05\/DDoptics-SHG-Icon.jpg\" class=\"attachment-medium size-medium\" alt=\"Ikona lornetki DDoptics SHG\" title=\"\">\t\t\t\t\t<\/div>\n\t\t\t\t<\/div>\n\t\t\t<\/div>\n\t\t\t\t<div class=\"icon-box-text last-reset\">\n\t\t\t\t\t\t\t\t\t\n<p>\u2705 Raindefender Nano &#8211; Lotus Verg\u00fctung<\/p>\n\t\t<\/div>\n\t<\/div>\n\t\n\t\n\n\t\t<div class=\"icon-box featured-box icon-box-left text-left\"  >\n\t\t\t\t\t<div class=\"icon-box-img\" style=\"width: 32px\">\n\t\t\t\t<div class=\"icon\">\n\t\t\t\t\t<div class=\"icon-inner\" >\n\t\t\t\t\t\t<img decoding=\"async\" width=\"100\" height=\"83\" src=\"https:\/\/ddoptics.shop\/wp-content\/uploads\/2021\/05\/DDoptics-SHG-Icon.jpg\" class=\"attachment-medium size-medium\" alt=\"Ikona lornetki DDoptics SHG\" title=\"\">\t\t\t\t\t<\/div>\n\t\t\t\t<\/div>\n\t\t\t<\/div>\n\t\t\t\t<div class=\"icon-box-text last-reset\">\n\t\t\t\t\t\t\t\t\t\n<p>\u2705 Koncepcja Best Grip zapewniaj\u0105ca antypo\u015blizgowo\u015b\u0107<\/p>\n\t\t<\/div>\n\t<\/div>\n\t\n\t\n<div class=\"is-divider divider clearfix\" ><\/div>\n\t\t<\/div>\n\t\t\t\t\t<\/div>\n\n\t\n<\/div>\n<figure id=\"attachment_12747\" aria-describedby=\"caption-attachment-12747\" style=\"width: 400px\" class=\"wp-caption alignright\"><a href=\"https:\/\/ddoptics.shop\/wp-content\/uploads\/2018\/09\/Lichttransmissionswerte-Pirschler-45mm.jpg\"><img decoding=\"async\" class=\"wp-image-12747\" src=\"https:\/\/ddoptics.shop\/wp-content\/uploads\/2018\/09\/Lichttransmissionswerte-Pirschler-45mm.jpg\" alt=\"Warto\u015bci transmisji \u015bwiat\u0142a lornetki Pirschler 8x45\" width=\"400\" height=\"265\" title=\"\" srcset=\"https:\/\/ddoptics.shop\/wp-content\/uploads\/2018\/09\/Lichttransmissionswerte-Pirschler-45mm.jpg 900w, https:\/\/ddoptics.shop\/wp-content\/uploads\/2018\/09\/Lichttransmissionswerte-Pirschler-45mm-304x201.jpg 304w, https:\/\/ddoptics.shop\/wp-content\/uploads\/2018\/09\/Lichttransmissionswerte-Pirschler-45mm-305x202.jpg 305w, https:\/\/ddoptics.shop\/wp-content\/uploads\/2018\/09\/Lichttransmissionswerte-Pirschler-45mm-632x419.jpg 632w, https:\/\/ddoptics.shop\/wp-content\/uploads\/2018\/09\/Lichttransmissionswerte-Pirschler-45mm-800x530.jpg 800w, https:\/\/ddoptics.shop\/wp-content\/uploads\/2018\/09\/Lichttransmissionswerte-Pirschler-45mm-510x338.jpg 510w, https:\/\/ddoptics.shop\/wp-content\/uploads\/2018\/09\/Lichttransmissionswerte-Pirschler-45mm-250x166.jpg 250w\" sizes=\"(max-width: 400px) 100vw, 400px\" \/><\/a><figcaption id=\"caption-attachment-12747\" class=\"wp-caption-text\">Warto\u015bci przepuszczalno\u015bci \u015bwiat\u0142a lornetki Pirschler 8\u00d745<\/figcaption><\/figure>\n<p><strong>Korpus i mostek lornetki wykonane s\u0105 z niezwykle lekkiego stopu magnezu.<\/strong> z konstrukcji samolotu i sprawiaj\u0105, \u017ce lornetka jest praktycznie niezniszczalna. W zestawie <strong>Dioptria lornetki (zakres regulacji +-4)<\/strong> nie znajduje si\u0119 ju\u017c na pokr\u0119tle regulacji ostro\u015bci, ale na prawym okularze lornetki, co zapewnia lepsz\u0105 funkcjonalno\u015b\u0107. Wszystkie elementy obs\u0142ugi - dioptriomierz, okular, pokr\u0119t\u0142o ogniskowania - s\u0105 wykonane z duraluminium, co gwarantuje ich d\u0142ug\u0105 \u017cywotno\u015b\u0107.<\/p>\n<p>Tak zwane wzmocnienie \u201eBest Grip\u201c po zewn\u0119trznej stronie korpusu zapobiega \u015blizganiu si\u0119 d\u0142oni. To sprawia, \u017ce <strong>chwytanie i trzymanie tej kompaktowej lornetki jedn\u0105 r\u0119k\u0105<\/strong> Wygodna i bezpieczna nawet w r\u0119kawiczkach.<\/p>\n<h3>Optyka lornetki Brilliant Pirschler 8\u00d745<\/h3>\n<p>Patrz\u0105c przez okulary <strong>Lornetka Pirschler 8\u00d745 dos\u0142ownie osza\u0142amia jasno\u015bci\u0105 obrazu i<\/strong>w oku. Jeden <strong>Niezwykle wysoka przepuszczalno\u015b\u0107 \u015bwiat\u0142a<\/strong> stanowi podstaw\u0119 dla <strong>Wysoki kontrast i doskona\u0142e odwzorowanie obrazu<\/strong> z ostrymi jak brzytwa konturami - nawet o zmierzchu. Nawet w nocy, Pirschler 8\u00d745 okazuje si\u0119 by\u0107 wiernym towarzyszem wielu obserwacji. Odpowiedzialny za <strong>jasne i wyra\u017ane odwzorowanie obrazu to szk\u0142o CT z wyszukan\u0105 pow\u0142ok\u0105 DDlucid<\/strong> i wysokiej jako\u015bci pryzmaty Abbego-K\u00f6niga. Dyspersja jest bardzo niska.<\/p>\n<h3>Wygodna obs\u0142uga zapewnia niezak\u0142\u00f3con\u0105 obserwacj\u0119 przyrody<\/h3>\n<p>Lornetki \u201ePirschler\u201c wygodnie le\u017c\u0105 w d\u0142oni dzi\u0119ki zaawansowanej ergonomicznej konstrukcji. Pancerz \u201eBest Grip\u201c na zewn\u0105trz lornetki zapobiega \u015blizganiu si\u0119 d\u0142oni. <strong>Chwyt jedn\u0105 r\u0119k\u0105, bezpieczne i stabilne trzymanie<\/strong> to zas\u0142uga <strong>otwarty most<\/strong> dzi\u0119ki ergonomicznemu uchwytowi jest wygodna i komfortowa nawet w r\u0119kawiczkach.<\/p>\n<p>Dioptriomierz (zakres regulacji +-4) znajduje si\u0119 na prawym okularze i, podobnie jak wszystkie elementy obs\u0142ugi, jest wykonany z wytrzyma\u0142ego duraluminium. Pow\u0142oka \u201eRaindefender Nano\u201c zapewnia hydrofobowy efekt lotosu, lornetka jest ca\u0142kowicie wodoodporna.<\/p>\n<p>Okulary mog\u0105 by\u0107 u\u017cywane do <strong>Idealna odleg\u0142o\u015b\u0107 mi\u0119dzy \u017arenicami w 3 pozycjach siatki<\/strong> do \u015brodka lub na zewn\u0105trz. Pozwala to osobom nosz\u0105cym okulary na nieograniczone korzystanie z szerokiego pola widzenia 135 m. Regulacja dzia\u0142a p\u0142ynnie i bez luz\u00f3w.<\/p>\n<h3>Wodoodporna obudowa i wodoodporna nanopow\u0142oka<\/h3>\n<p>The <strong>\u201ePow\u0142oka \u201cRaindefender Nano\" zapewnia wodoodporny efekt lotosu,<\/strong> Sama lornetka jest ca\u0142kowicie wodoodporna do 1 metra w ciep\u0142ej lub zimnej wodzie.<\/p>\n<figure id=\"attachment_10769\" aria-describedby=\"caption-attachment-10769\" style=\"width: 400px\" class=\"wp-caption alignright\"><img decoding=\"async\" class=\"size-full wp-image-10769\" src=\"https:\/\/ddoptics.shop\/wp-content\/uploads\/2017\/02\/Fernglas-Pirschler-8x56-smart-Focus-small.jpg\" alt=\"Lornetka Pirschler 15x56 z funkcj\u0105 Smart Focus\" width=\"400\" height=\"267\" title=\"\" srcset=\"https:\/\/ddoptics.shop\/wp-content\/uploads\/2017\/02\/Fernglas-Pirschler-8x56-smart-Focus-small.jpg 400w, https:\/\/ddoptics.shop\/wp-content\/uploads\/2017\/02\/Fernglas-Pirschler-8x56-smart-Focus-small-304x203.jpg 304w, https:\/\/ddoptics.shop\/wp-content\/uploads\/2017\/02\/Fernglas-Pirschler-8x56-smart-Focus-small-305x204.jpg 305w, https:\/\/ddoptics.shop\/wp-content\/uploads\/2017\/02\/Fernglas-Pirschler-8x56-smart-Focus-small-250x167.jpg 250w\" sizes=\"(max-width: 400px) 100vw, 400px\" \/><figcaption id=\"caption-attachment-10769\" class=\"wp-caption-text\"><strong>Lornetka Pirschler 8\u00d745 z funkcj\u0105 Smart Focus<\/strong><\/figcaption><\/figure>\n<h3>Funkcja Smart Focus od 50 m do niesko\u0144czono\u015bci<\/h3>\n<p>Korzystne w<strong> Smart Focus dzia\u0142a o zmierzchu lub w nocy:<\/strong> Technologia ta w znacznym stopniu eliminuje potrzeb\u0119 ponownego ustawiania ostro\u015bci w \u201ePirschler\u201c 8\u00d745\u201c. Po ustawieniu ostro\u015bci na obiekcie oddalonym o oko\u0142o 100 metr\u00f3w, oko automatycznie dostosowuje si\u0119 w zakresie odleg\u0142o\u015bci od 50 metr\u00f3w do niesko\u0144czono\u015bci bez konieczno\u015bci ci\u0105g\u0142ego ponownego ustawiania ostro\u015bci.<\/p>\n<h3>Szerokie pole widzenia dzi\u0119ki Pirschler 8\u00d745<\/h3>\n<p>The <strong>Pole widzenia lornetki wynosi 135 metr\u00f3w<\/strong> Oferuje wyra\u017ane korzy\u015bci podczas przeszukiwania i zapewnia szybsze znajdowanie i rozpoznawanie zwierzyny.<\/p>\n<h3>Pirschler 8\u00d745 - odpowiedni r\u00f3wnie\u017c dla os\u00f3b nosz\u0105cych okulary<\/h3>\n<ul>\n<li>The <strong>3 pozycje muszli ocznych: wsuwana i wysuwana<\/strong>\u00a0wykonane z metalu zapewniaj\u0105 doskona\u0142y odst\u0119p od oka.<\/li>\n<li>Regulacja jest p\u0142ynna, solidna i dzia\u0142a absolutnie bez \u017cadnych luz\u00f3w.<\/li>\n<li>Z drugiej strony, lornetka \u201ePirschler\u201c 8\u00d745 charakteryzuje si\u0119 wi\u0119ksz\u0105 odleg\u0142o\u015bci\u0105 \u017arenicy wyj\u015bciowej (20 mm) w por\u00f3wnaniu do innych lornetek tej klasy.<\/li>\n<\/ul>","protected":false},"excerpt":{"rendered":"<p><img decoding=\"async\" class=\"alignnone wp-image-10471 size-full\" title=\"Polowanie na stoisku\" src=\"https:\/\/ddoptics.shop\/wp-content\/uploads\/2016\/04\/Ansitz-Jagd.jpg\" alt=\"Polowanie na stoisku\" width=\"50\" height=\"50\" \/><img decoding=\"async\" class=\"alignnone wp-image-10168 size-full\" title=\"Polowanie na dziki\" src=\"https:\/\/ddoptics.shop\/wp-content\/uploads\/2016\/09\/Jagd-klein.jpg\" alt=\"Lornetka my\u015bliwska\" width=\"50\" height=\"50\" \/><img decoding=\"async\" class=\"alignnone wp-image-10166 size-full\" title=\"Lornetka nocna\" src=\"https:\/\/ddoptics.shop\/wp-content\/uploads\/2016\/09\/Astronomie-klein.jpg\" alt=\"Lornetka astronomiczna\" width=\"50\" height=\"50\" \/><br \/>\nNajja\u015bniejsza uniwersalna lornetka w swojej klasie - z pryzmatami Abbego-K\u00f6niga. Nowa superjasna i niezniszczalna lornetka nocna i my\u015bliwska Pirschler 8\u00d745.<\/p>","protected":false},"featured_media":12745,"comment_status":"open","ping_status":"closed","template":"","meta":{"inline_featured_image":false,"footnotes":""},"product_brand":[],"product_cat":[746,349,949,329,345,344],"product_tag":[745,78,80,744,743],"class_list":{"0":"post-12741","1":"product","2":"type-product","3":"status-publish","4":"has-post-thumbnail","6":"product_cat-45-mm-objektiv","7":"product_cat-8x-vergroesserung","8":"product_cat-messeaktion","9":"product_cat-ddoptics","10":"product_cat-jagd-und-wild","11":"product_cat-naturbeobachtung","12":"product_tag-8x45-fernglas","13":"product_tag-ddoptics","14":"product_tag-gen-3","15":"product_tag-pirschler-8x45","16":"product_tag-pirschler-fernglas","17":"product_shipping_class-paket","18":"pa_brand-marke-ddoptics","19":"pa_farbe-gruen","20":"pa_produkt-typ-fernglas","22":"first","23":"instock","24":"sale","25":"taxable","26":"shipping-taxable","27":"purchasable","28":"product-type-simple"},"bundled_by":[],"bundle_stock_status":"instock","bundle_stock_quantity":46,"bundle_virtual":false,"bundle_layout":"","bundle_add_to_cart_form_location":"","bundle_editable_in_cart":false,"bundle_sold_individually_context":"","bundle_item_grouping":"","bundle_min_size":"","bundle_max_size":"","bundle_price":[],"bundled_items":[],"bundle_sell_ids":[],"_links":{"self":[{"href":"https:\/\/ddoptics.shop\/pl\/wp-json\/wp\/v2\/product\/12741","targetHints":{"allow":["GET"]}}],"collection":[{"href":"https:\/\/ddoptics.shop\/pl\/wp-json\/wp\/v2\/product"}],"about":[{"href":"https:\/\/ddoptics.shop\/pl\/wp-json\/wp\/v2\/types\/product"}],"replies":[{"embeddable":true,"href":"https:\/\/ddoptics.shop\/pl\/wp-json\/wp\/v2\/comments?post=12741"}],"version-history":[{"count":8,"href":"https:\/\/ddoptics.shop\/pl\/wp-json\/wp\/v2\/product\/12741\/revisions"}],"predecessor-version":[{"id":28500,"href":"https:\/\/ddoptics.shop\/pl\/wp-json\/wp\/v2\/product\/12741\/revisions\/28500"}],"wp:featuredmedia":[{"embeddable":true,"href":"https:\/\/ddoptics.shop\/pl\/wp-json\/wp\/v2\/media\/12745"}],"wp:attachment":[{"href":"https:\/\/ddoptics.shop\/pl\/wp-json\/wp\/v2\/media?parent=12741"}],"wp:term":[{"taxonomy":"product_brand","embeddable":true,"href":"https:\/\/ddoptics.shop\/pl\/wp-json\/wp\/v2\/product_brand?post=12741"},{"taxonomy":"product_cat","embeddable":true,"href":"https:\/\/ddoptics.shop\/pl\/wp-json\/wp\/v2\/product_cat?post=12741"},{"taxonomy":"product_tag","embeddable":true,"href":"https:\/\/ddoptics.shop\/pl\/wp-json\/wp\/v2\/product_tag?post=12741"}],"curies":[{"name":"wp","href":"https:\/\/api.w.org\/{rel}","templated":true}]}}