{"id":12806,"date":"2018-12-12T21:37:28","date_gmt":"2018-12-12T20:37:28","guid":{"rendered":"https:\/\/ddoptics.shop\/?post_type=product&#038;p=12806"},"modified":"2025-10-07T11:23:07","modified_gmt":"2025-10-07T09:23:07","slug":"luneta-celownicza-ddoptics-v6-2komma5-16x42-mrad-2","status":"publish","type":"product","link":"https:\/\/ddoptics.shop\/pl\/kaufen\/ddoptics-zielfernrohr-v6-2komma5-16x42-mrad\/","title":{"rendered":"Luneta celownicza DDoptics Nighteagle 2.5-16\u00d742 | V6 | A4N | Regulacja MRAD - Gen 3"},"content":{"rendered":"<div class=\"container section-title-container\" ><h3 class=\"section-title section-title-normal\"><b aria-hidden=\"true\"><\/b><span class=\"section-title-main\" ><i class=\"icon-cross\" aria-hidden=\"true\"><\/i>Kr\u00f3tki przegl\u0105d lunety celowniczej DDoptics V6 2,5-16x42 | MRAD<\/span><b aria-hidden=\"true\"><\/b><\/h3><\/div>\n<table style=\"width: 100%;\">\n<tbody>\n<tr>\n<td style=\"width: 20%;\"><strong>Rura:<\/strong><\/td>\n<td style=\"width: 30%;\">Rurka mono 30 mm<\/td>\n<td style=\"width: 20%;\"><strong>Pole widzenia: m przy 100 m:<\/strong><\/td>\n<td style=\"width: 30%;\">14 - 2,5 m<\/td>\n<\/tr>\n<tr>\n<td style=\"width: 20%;\"><strong>Uk\u0142ad optyczny:<\/strong><\/td>\n<td style=\"width: 30%;\">Powi\u0119kszenie 2,5-16x<\/td>\n<td style=\"width: 20%;\"><strong>Odleg\u0142o\u015b\u0107 mi\u0119dzy \u017arenicami:<\/strong><\/td>\n<td style=\"width: 30%;\">90,5 mm<\/td>\n<\/tr>\n<tr>\n<td style=\"width: 20%;\"><strong>Cel:<\/strong><\/td>\n<td style=\"width: 30%;\">42 mm<\/td>\n<td style=\"width: 20%;\"><strong>D\u0142ugo\u015b\u0107:<\/strong><\/td>\n<td style=\"width: 30%;\">332 mm<\/td>\n<\/tr>\n<tr>\n<td style=\"width: 20%;\"><strong>Celownik:<\/strong><\/td>\n<td style=\"width: 30%;\">Nowy celownik 4 \/ A4N<\/td>\n<td style=\"width: 20%;\"><strong>Waga:<\/strong><\/td>\n<td style=\"width: 30%;\">\u00a0610 g<\/td>\n<\/tr>\n<tr>\n<td style=\"width: 20%;\"><strong>Punkt \u015bwietlny<\/strong><\/td>\n<td style=\"width: 30%;\">LP 2 lub iFibre<\/td>\n<td style=\"width: 20%;\"><strong>Ochrona przed zaparowaniem:<\/strong><\/td>\n<td style=\"width: 30%;\">Wype\u0142nienie azotem przed zaparowaniem<\/td>\n<\/tr>\n<tr>\n<td style=\"width: 20%;\"><strong>Ostro\u015b\u0107\/paralaksa:<\/strong><\/td>\n<td style=\"width: 30%;\">Regulowany obiektyw od 20 m do niesko\u0144czono\u015bci<\/td>\n<td style=\"width: 20%;\"><strong>\u00a0Szczelno\u015b\u0107:<\/strong><\/td>\n<td style=\"width: 30%;\">Odporno\u015b\u0107 na wod\u0119 i wstrz\u0105sy<\/td>\n<\/tr>\n<\/tbody>\n<\/table>\n<div class=\"row\"  id=\"row-831536344\">\n\n\t<div id=\"col-305572762\" class=\"col medium-8 small-12 large-8\"  >\n\t\t\t\t<div class=\"col-inner\"  >\n\t\t\t\n\t\t\t\n<h2>Luneta celownicza DDoptics Nighteagle 2.5-16\u00d742 V6 - kompaktowa luneta celownicza z 6-krotnym zoomem, siatk\u0105 A4N i regulacj\u0105 MRAD - specjalista od polowa\u0144 w g\u00f3rach<\/h2>\n<p>Nowy <strong>\u201cW\u0105ska\u201d luneta celownicza V6 Doptics<\/strong> jest wykonany z wytrzyma\u0142ego stopu aluminium, jest odporny na uderzenia i nie zawiera plastikowych element\u00f3w. Wszystkie cz\u0119\u015bci aluminiowe maj\u0105 niepo\u0142yskuj\u0105c\u0105, anodowan\u0105 pow\u0142ok\u0119 \u201efine black\u201c.<\/p>\n<p>The <strong>Wysokowydajny uk\u0142ad optyczny ZF<\/strong>k prze\u015bwituje <strong>Wysokowydajne szk\u0142o CT (Clear Transmission)<\/strong>, co gwarantuje niezwykle jasny i wyra\u017any widok - a nawet b<strong>przy 16-krotnym powi\u0119kszeniu obraz o wysokim kontra\u015bcie, bez paralaksy i w wiernych kolorach<\/strong> o wyj\u0105tkowej ostro\u015bci kraw\u0119dzi i doskona\u0142ej transmisji.<\/p>\n<blockquote><p>Dzi\u0119ki polu widzenia wynosz\u0105cemu 14 m lub 2,5 m (przy powi\u0119kszeniu 2,5x lub 16x), optyka nadaje si\u0119 do wszystkich zastosowa\u0144 my\u015bliwskich - zw\u0142aszcza na ma\u0142ych, lekkich karabinach g\u00f3rskich.<\/p><\/blockquote>\n<h3>Najwy\u017csza jako\u015b\u0107 <a href=\"https:\/\/ddoptics.shop\/pl\/sklep\/celownik-teleskopowy\/v6-6x-zoom\/\" target=\"_blank\" rel=\"noopener\" data-schema-attribute=\"\">V6<\/a> Wyposa\u017cenie lunety celowniczej<\/h3>\n<p>Luneta celownicza jest wyposa\u017cona w <strong>ultracienki pod\u015bwietlany celownik A4N<\/strong> (druga p\u0142aszczyzna obrazu), kt\u00f3ra tylko minimalnie pokrywa cel. W warunkach s\u0142abego o\u015bwietlenia lub w nocy<strong> Bezodblaskowy czerwony \u015bwiat\u0142owodowy punkt \u015bwietlny,<\/strong> kt\u00f3ry jest precyzyjny i<strong> mo\u017ce by\u0107 przyciemniany w spos\u00f3b ci\u0105g\u0142y<\/strong> i opcjonalnie z<strong> inteligentna funkcja automatycznego w\u0142\u0105czania\/wy\u0142\u0105czania (iFibre\u2122).<\/strong><\/p>\n\t\t<\/div>\n\t\t\t\t\t<\/div>\n\n\t\n\n\t<div id=\"col-1849601117\" class=\"col medium-4 small-12 large-4\"  >\n\t\t\t\t<div class=\"col-inner\"  >\n\t\t\t\n\t\t\t\n<a class=\"button primary expand\" >\n\t\t<span>Cechy szczeg\u00f3lne lunety celowniczej<\/span>\n\t<\/a>\n\n\n\t<section class=\"section\" id=\"section_414838505\">\n\t\t<div class=\"section-bg fill\" >\n\t\t\t\t\t\t\t\t\t<div class=\"section-bg-overlay absolute fill\"><\/div>\n\t\t\t\n\n\t\t<\/div>\n\n\t\t\n\n\t\t<div class=\"section-content relative\">\n\t\t\t\n\t<div class=\"img has-hover x md-x lg-x y md-y lg-y\" id=\"image_1400794064\">\n\t\t<a class=\"\" href=\"https:\/\/www.ddoptics.de\/garantiebestimmungen\" target=\"_blank\" rel=\"no follow noopener\">\t\t\t\t\t\t<div class=\"img-inner dark\" >\n\t\t\t<img decoding=\"async\" width=\"352\" height=\"160\" src=\"https:\/\/ddoptics.shop\/wp-content\/uploads\/2014\/09\/DDoptics-Garantie.jpg\" class=\"attachment-large size-large\" alt=\"Gwarancja DDoptics\" srcset=\"https:\/\/ddoptics.shop\/wp-content\/uploads\/2014\/09\/DDoptics-Garantie.jpg 352w, https:\/\/ddoptics.shop\/wp-content\/uploads\/2014\/09\/DDoptics-Garantie-304x138.jpg 304w, https:\/\/ddoptics.shop\/wp-content\/uploads\/2014\/09\/DDoptics-Garantie-305x139.jpg 305w, https:\/\/ddoptics.shop\/wp-content\/uploads\/2014\/09\/DDoptics-Garantie-250x114.jpg 250w\" sizes=\"(max-width: 352px) 100vw, 352px\" title=\"\">\t\t\t\t\t\t\n\t\t\t\t\t<\/div>\n\t\t\t\t\t\t<\/a>\t\t\n<style>\n#image_1400794064 {\n  width: 100%;\n}\n<\/style>\n\t<\/div>\n\t\n\t<div id=\"gap-189209881\" class=\"gap-element clearfix\" style=\"display:block; height:auto;\">\n\t\t\n<style>\n#gap-189209881 {\n  padding-top: 15px;\n}\n<\/style>\n\t<\/div>\n\t\n\t<div id=\"text-119814652\" class=\"text\">\n\t\t\n<p><span style=\"font-size: 80%;\"><em>\u21d2 Ponad 6-krotny zoom z ma\u0142ym obiektywem 42 mm<br \/>\n\u21d2 14 m - pole widzenia 2,5 m - automatycznie pod\u015bwietlana kropka<br \/>\n\u21d2 Idealny do u\u017cytku w nocy z przystawk\u0105<br \/>\n\u21d2 Regulacja siatki Metalowe wie\u017cyczki (bez plastikowych)<br \/>\n\u21d2 Szk\u0142o CT (przejrzysta transmisja) (niska dyspersja)<br \/>\n\u21d2 podw\u00f3jne skalowanie (podw\u00f3jny obr\u00f3t)<br \/>\n\u21d2 Test kuloodporno\u015bci: <a href=\"https:\/\/de.wikipedia.org\/wiki\/.375_Holland_%26_Holland_Magnum\" target=\"_blank\" rel=\"noopener sponsored\" data-schema-attribute=\"\">375 H&amp;H<\/a> 1000 strza\u0142\u00f3w<br \/>\n\u21d2 Zerostop dla ASV (zatrzymanie zerowe)<br \/>\n\u21d2 twarde taktyczne 0,1 <a href=\"https:\/\/ddoptics.shop\/pl\/termin-techniczny\/obliczanie-minuty-katowej-lub-moa-dla-lunet-celowniczych\/\" target=\"_blank\" rel=\"noopener noreferrer\">MRAD<\/a>-blokada klikni\u0119cia (1 cm\/klikni\u0119cie)<br \/>\n\u21d2 Nowy, minimalistyczny celownik A4N<br \/>\n\u21d2 Pot\u0119\u017cna niwelacja paralaksy z zasi\u0119giem zbli\u017cenia 10 m.<br \/>\n<\/em><\/span><br \/>\n\t\t\n<style>\n#text-119814652 {\n  line-height: 1.15;\n  color: rgb(33, 107, 227);\n}\n#text-119814652 > * {\n  color: rgb(33, 107, 227);\n}\n<\/style>\n\t<\/div>\n\t\n\t\t<\/div>\n\n\t\t\n<style>\n#section_414838505 {\n  padding-top: 30px;\n  padding-bottom: 30px;\n  background-color: rgb(232, 232, 232);\n}\n#section_414838505 .section-bg-overlay {\n  background-color: rgba(255,255,255,.5);\n}\n<\/style>\n\t<\/section>\n\t\n<div class=\"is-divider divider clearfix\" ><\/div>\n\t\t<\/div>\n\t\t\t\t\t<\/div>\n\n\t\n<\/div>\n\t<div class=\"img has-hover x md-x lg-x y md-y lg-y\" id=\"image_646978742\">\n\t\t\t\t\t\t\t\t<div class=\"img-inner dark\" >\n\t\t\t<img decoding=\"async\" width=\"1020\" height=\"339\" src=\"https:\/\/ddoptics.shop\/wp-content\/uploads\/2018\/12\/25-16x42-V6-DDoptics.jpg\" class=\"attachment-large size-large\" alt=\"Luneta celownicza 2,5-16x42 V6 DDoptics\" srcset=\"https:\/\/ddoptics.shop\/wp-content\/uploads\/2018\/12\/25-16x42-V6-DDoptics.jpg 1428w, https:\/\/ddoptics.shop\/wp-content\/uploads\/2018\/12\/25-16x42-V6-DDoptics-800x266.jpg 800w, https:\/\/ddoptics.shop\/wp-content\/uploads\/2018\/12\/25-16x42-V6-DDoptics-18x6.jpg 18w, https:\/\/ddoptics.shop\/wp-content\/uploads\/2018\/12\/25-16x42-V6-DDoptics-304x101.jpg 304w, https:\/\/ddoptics.shop\/wp-content\/uploads\/2018\/12\/25-16x42-V6-DDoptics-632x210.jpg 632w, https:\/\/ddoptics.shop\/wp-content\/uploads\/2018\/12\/25-16x42-V6-DDoptics-305x101.jpg 305w\" sizes=\"(max-width: 1020px) 100vw, 1020px\" title=\"\">\t\t\t\t\t\t\n\t\t\t\t\t<\/div>\n\t\t\t\t\t\t\t\t\n<style>\n#image_646978742 {\n  width: 100%;\n}\n<\/style>\n\t<\/div>\n\t\n<h3>ZF V6 2.5-16\u00d742 posiada szybk\u0105 regulacj\u0119 siatki celowniczej (ASV).<\/h3>\n<p>Ich od <strong>Wykonane z metalu wie\u017ce do regulacji wysoko\u015bci i bok\u00f3w s\u0105 ca\u0142kowicie wodoszczelne.<\/strong> ASV ma podw\u00f3jne skalowanie (podw\u00f3jny obr\u00f3t) i ogranicznik zera (Zerostop). Pozwala to na ustawienie r\u00f3\u017cnych odleg\u0142o\u015bci strzelania w zale\u017cno\u015bci od kierunku i si\u0142y wiatru lub ruchu celu.<\/p>\n<p>Po klikni\u0119ciu przycisku<strong> Siatka o 0,1 MRAD (miliradian)<\/strong> dostosowane. The <strong>odpowiada 1 cm na 100 m.<\/strong> Regulacja klikni\u0119\u0107 dzia\u0142a z absolutn\u0105 precyzj\u0105 i powtarzaln\u0105 dok\u0142adno\u015bci\u0105.<\/p>\n<h3>Zakres regulacji lunety celowniczej DDoptics V6<\/h3>\n<ul>\n<li>Jeden obr\u00f3t wie\u017cy regulacyjnej odpowiada 10 mrad. (100 cm na 100 m)<\/li>\n<li>Ca\u0142kowity zakres regulacji wynosi 26 mrad. (260 cm na 100 m)<\/li>\n<li>Odpowiada to zakresowi regulacji 2600 cm na 1000 m.<\/li>\n<\/ul>\n<p><strong>Luneta celownicza DDoptics V6 2.5-16\u00d742 oferuje istotne zalety dzi\u0119ki du\u017cemu zakresowi regulacji i powi\u0119kszenia:<\/strong><\/p>\n<ul>\n<li>Z jednej strony, w ci\u0105gu dnia <strong>16-krotne powi\u0119kszenie zapewnia niezawodne strzelanie nawet na du\u017cych odleg\u0142o\u015bciach<\/strong> Du\u017cy zakres regulacji siatki celowniczej umo\u017cliwia precyzyjne ustawienie odleg\u0142o\u015bci strza\u0142u.<\/li>\n<li>Z drugiej strony <strong>Nocne polowanie w po\u0142\u0105czeniu z NSG, WBK (przestrzega\u0107 przepis\u00f3w prawnych)<\/strong> Du\u017ce powi\u0119kszenia mo\u017cna r\u00f3wnie\u017c uzyska\u0107 dzi\u0119ki kompensacji paralaksy z du\u017cym zakresem regulacji.<\/li>\n<\/ul>\n<p>Korektor paralaksy (bliski zasi\u0119g 10 m), kt\u00f3ry zosta\u0142 specjalnie zaprojektowany do tego zastosowania, jest r\u00f3wnie\u017c w stanie kompensowa\u0107 <strong>wy\u017csze powi\u0119kszenia w celu kompensacji rozmycia obrazu spowodowanego przez przystawki NSG-WBK<\/strong>, kt\u00f3ra nie dzia\u0142a z lunetami ze s\u0142absz\u0105 kompensacj\u0105 paralaksy lub bez kompensacji paralaksy.<\/p>\n<p>W czasach wysokiej populacji dzik\u00f3w sprawia to, \u017ce luneta celownicza jest idealnym wyborem. <strong>predestynowane do nocnych polowa\u0144 ze specjaln\u0105 licencj\u0105.<\/strong><\/p>","protected":false},"excerpt":{"rendered":"<p><a href=\"https:\/\/ddoptics.shop\/wp-content\/uploads\/2016\/09\/Wandern-klein.jpg\"><img decoding=\"async\" class=\"alignnone size-full wp-image-10174\" src=\"https:\/\/ddoptics.shop\/wp-content\/uploads\/2016\/09\/Wandern-klein.jpg\" alt=\"Lornetka turystyczna Treckking\" width=\"50\" height=\"50\" \/><\/a><a href=\"https:\/\/ddoptics.shop\/wp-content\/uploads\/2016\/04\/Gebirgsjagd-klein.jpg\"><img decoding=\"async\" class=\"alignnone size-full wp-image-10178\" src=\"https:\/\/ddoptics.shop\/wp-content\/uploads\/2016\/04\/Gebirgsjagd-klein.jpg\" alt=\"G\u00f3rska lornetka my\u015bliwska\" width=\"50\" height=\"50\" \/><\/a><img decoding=\"async\" class=\"alignnone wp-image-10180 size-full\" title=\"Lornetka do w\u0119dr\u00f3wek g\u00f3rskich\" src=\"https:\/\/ddoptics.shop\/wp-content\/uploads\/2016\/04\/Bergwandern-klein.jpg\" alt=\"Lornetka do w\u0119dr\u00f3wek g\u00f3rskich\" width=\"50\" height=\"50\" \/><br \/>\nNowy <strong>My\u015blistwo g\u00f3rskie i wszechstronny towarzysz od DDoptics<\/strong> - ma\u0142y i odpowiedni do d\u0142ugich uj\u0119\u0107. <strong>Opcjonalnie z inteligentnym <a title=\"NOWA pod\u015bwietlana kropka DDoptics IFiber\" href=\"\/pl\/termin-techniczny-wiki\/inteligentny-punkt-swietlny-ddoptics-ifiber\/\" target=\"_blank\" rel=\"noopener noreferrer\">Punkt \u015bwietlny IFibre<\/a> z dop\u0142at\u0105 99 \u20ac.<\/strong><\/p>\n<a href=\"https:\/\/amzn.to\/3AMthHr\" target=\"_blank\" class=\"button success is-success is-small\" rel=\"\u201dnofollow\u201d noopener\" >\n\t\t<span>klient amazon? - korzysta\u0107 z korzy\u015bci prime?<\/span>\n\t<\/a>","protected":false},"featured_media":12823,"comment_status":"open","ping_status":"closed","template":"","meta":{"inline_featured_image":false,"footnotes":""},"product_brand":[],"product_cat":[763,455,638,697,640,641,919,68],"product_tag":[758,761,1098,760],"class_list":{"0":"post-12806","1":"product","2":"type-product","3":"status-publish","4":"has-post-thumbnail","6":"product_cat-25-16x42","7":"product_cat-42-mm-objektivdurchmesser","8":"product_cat-ansitzjagd","9":"product_cat-mrad-klickverstellung","10":"product_cat-pirschjagd-und-gebirgsjagd","11":"product_cat-sportschiessen","12":"product_cat-v6-6-fach-zoom","13":"product_cat-zielfernrohr","14":"product_tag-2-5-16x42","15":"product_tag-6-fach-zoom","16":"product_tag-nighteagle","17":"product_tag-v6-ddoptics","18":"product_shipping_class-paket","19":"pa_brand-marke-ddoptics","20":"pa_farbe-schwarz","22":"first","23":"instock","24":"sale","25":"taxable","26":"shipping-taxable","27":"purchasable","28":"product-type-bundle"},"bundled_by":[],"bundle_stock_status":"instock","bundle_stock_quantity":"","bundle_virtual":false,"bundle_layout":"default","bundle_add_to_cart_form_location":"default","bundle_editable_in_cart":false,"bundle_sold_individually_context":"product","bundle_item_grouping":"parent","bundle_min_size":"","bundle_max_size":"","bundle_price":{"price":{"min":{"incl_tax":"897.01","excl_tax":"747.51"},"max":{"incl_tax":"1001.32","excl_tax":"834.43"}},"regular_price":{"min":{"incl_tax":"997.01","excl_tax":"830.84"},"max":{"incl_tax":"1112.9","excl_tax":"927.41"}}},"bundled_items":[{"bundled_item_id":50,"product_id":12809,"menu_order":0,"quantity_min":1,"quantity_max":1,"quantity_default":1,"priced_individually":true,"shipped_individually":false,"override_title":true,"title":"","override_description":false,"description":"123","optional":false,"hide_thumbnail":false,"discount":"","override_variations":true,"allowed_variations":[12810,12811],"override_default_variation_attributes":false,"default_variation_attributes":[{"id":6,"name":"Punkt \u015bwietlny","option":"ddoptics-standard-lp-ii"}],"single_product_visibility":"visible","cart_visibility":"visible","order_visibility":"visible","single_product_price_visibility":"visible","cart_price_visibility":"visible","order_price_visibility":"visible","stock_status":"in_stock"},{"bundled_item_id":51,"product_id":12812,"menu_order":1,"quantity_min":1,"quantity_max":1,"quantity_default":1,"priced_individually":true,"shipped_individually":false,"override_title":true,"title":"Prawie prezent - czapki z klapk\u0105","override_description":false,"description":"Fast Geschenkt - Flip Caps","optional":true,"hide_thumbnail":false,"discount":"68.55","override_variations":true,"allowed_variations":[12818],"override_default_variation_attributes":true,"default_variation_attributes":[{"id":17,"name":"Rozmiar lunety","option":"25-16x42"}],"single_product_visibility":"visible","cart_visibility":"visible","order_visibility":"visible","single_product_price_visibility":"visible","cart_price_visibility":"visible","order_price_visibility":"visible","stock_status":"in_stock"}],"bundle_sell_ids":[],"_links":{"self":[{"href":"https:\/\/ddoptics.shop\/pl\/wp-json\/wp\/v2\/product\/12806","targetHints":{"allow":["GET"]}}],"collection":[{"href":"https:\/\/ddoptics.shop\/pl\/wp-json\/wp\/v2\/product"}],"about":[{"href":"https:\/\/ddoptics.shop\/pl\/wp-json\/wp\/v2\/types\/product"}],"replies":[{"embeddable":true,"href":"https:\/\/ddoptics.shop\/pl\/wp-json\/wp\/v2\/comments?post=12806"}],"version-history":[{"count":15,"href":"https:\/\/ddoptics.shop\/pl\/wp-json\/wp\/v2\/product\/12806\/revisions"}],"predecessor-version":[{"id":29228,"href":"https:\/\/ddoptics.shop\/pl\/wp-json\/wp\/v2\/product\/12806\/revisions\/29228"}],"wp:featuredmedia":[{"embeddable":true,"href":"https:\/\/ddoptics.shop\/pl\/wp-json\/wp\/v2\/media\/12823"}],"wp:attachment":[{"href":"https:\/\/ddoptics.shop\/pl\/wp-json\/wp\/v2\/media?parent=12806"}],"wp:term":[{"taxonomy":"product_brand","embeddable":true,"href":"https:\/\/ddoptics.shop\/pl\/wp-json\/wp\/v2\/product_brand?post=12806"},{"taxonomy":"product_cat","embeddable":true,"href":"https:\/\/ddoptics.shop\/pl\/wp-json\/wp\/v2\/product_cat?post=12806"},{"taxonomy":"product_tag","embeddable":true,"href":"https:\/\/ddoptics.shop\/pl\/wp-json\/wp\/v2\/product_tag?post=12806"}],"curies":[{"name":"wp","href":"https:\/\/api.w.org\/{rel}","templated":true}]}}