{"id":12812,"date":"2018-12-13T16:26:29","date_gmt":"2018-12-13T15:26:29","guid":{"rendered":"https:\/\/ddoptics.shop\/?post_type=product&#038;p=12812"},"modified":"2025-10-07T11:00:19","modified_gmt":"2025-10-07T09:00:19","slug":"zestaw-zaslepek-ochronnych-ddoptics-do-lunet-celowniczych","status":"publish","type":"product","link":"https:\/\/ddoptics.shop\/pl\/kaufen\/ddoptics-schutzkappe-flip-cap-set-fuer-zielfernrohr\/","title":{"rendered":"Zestaw za\u015blepek ochronnych DDoptics (okular + soczewka obiektywowa) do lunet celowniczych DDoptics"},"content":{"rendered":"<h2>DDoptics Flip Cap (czarny) do okularu i obiektywu lunety celowniczej - os\u0142ony ochronne lub za\u015blepki<\/h2>\n<div class=\"row\"  id=\"row-368787658\">\n\n\t<div id=\"col-1899028858\" class=\"col medium-8 small-12 large-8\"  >\n\t\t\t\t<div class=\"col-inner\"  >\n\t\t\t\n\t\t\t\n<p>Teraz nowo\u015b\u0107: <strong>Nasadki ochronne DDoptics<\/strong> - zwana r\u00f3wnie\u017c flip cap - <strong>f\u00fcr Okular und Objektiv.<\/strong><\/p>\n<p>The<strong> Zestaw klapek \/ nasadek ochronnych<\/strong> dla lunet celowniczych wynosi <strong>dost\u0119pny w specjalnej cenie z zam\u00f3wion\u0105 lunet\u0105 DDoptics.<\/strong> W ten spos\u00f3b luneta DDoptics jest chroniona do 100%.<\/p>\n<blockquote><p>Klapki s\u0105 idealnie dopasowane do lunety, a dzi\u0119ki specjalnemu gumowemu mocowaniu s\u0105 do niej stabilnie przymocowane.<\/p><\/blockquote>\n<p>The <strong>czarna pokrywa<\/strong> z <strong>dyskretny nadruk logo<\/strong> mo\u017cna \u0142atwo otwiera\u0107 i zamyka\u0107 za pomoc\u0105 spr\u0119\u017cynowego zatrzasku.<\/p>\n<h3>Opis produktu Za\u015blepka lunety, za\u015blepka ochronna lub za\u015blepka maskuj\u0105ca<\/h3>\n<ul>\n<li><strong>dost\u0119pne dla wszystkich lunet DDoptics Nighteagle i NFX<\/strong><\/li>\n<li>ochrona ca\u0142ego systemu optycznego<\/li>\n<li>Specjalny gumowy uchwyt zapewnia bezpieczne dopasowanie<\/li>\n<li>Pokrywa jest \u0142atwa do otwierania i zamykania<\/li>\n<li>z zapi\u0119ciem spr\u0119\u017cynowym<\/li>\n<li>czarny z subtelnym nadrukiem logo<\/li>\n<\/ul>\n\t\t<\/div>\n\t\t\t\t\t<\/div>\n\n\t\n\n\t<div id=\"col-968085979\" class=\"col medium-4 small-12 large-4\"  >\n\t\t\t\t<div class=\"col-inner\"  >\n\t\t\t\n\t\t\t\n<a class=\"button primary expand\" >\n\t\t<span>Cechy szczeg\u00f3lne lunety celowniczej<\/span>\n\t<\/a>\n\n\n\t<section class=\"section\" id=\"section_1866223831\">\n\t\t<div class=\"section-bg fill\" >\n\t\t\t\t\t\t\t\t\t<div class=\"section-bg-overlay absolute fill\"><\/div>\n\t\t\t\n\n\t\t<\/div>\n\n\t\t\n\n\t\t<div class=\"section-content relative\">\n\t\t\t\n\t<div class=\"img has-hover x md-x lg-x y md-y lg-y\" id=\"image_856559026\">\n\t\t<a class=\"\" href=\"https:\/\/www.ddoptics.de\/garantiebestimmungen\" target=\"_blank\" rel=\"no follow noopener\">\t\t\t\t\t\t<div class=\"img-inner dark\" >\n\t\t\t<img decoding=\"async\" width=\"352\" height=\"160\" src=\"https:\/\/ddoptics.shop\/wp-content\/uploads\/2014\/09\/DDoptics-Garantie.jpg\" class=\"attachment-large size-large\" alt=\"Gwarancja DDoptics\" srcset=\"https:\/\/ddoptics.shop\/wp-content\/uploads\/2014\/09\/DDoptics-Garantie.jpg 352w, https:\/\/ddoptics.shop\/wp-content\/uploads\/2014\/09\/DDoptics-Garantie-304x138.jpg 304w, https:\/\/ddoptics.shop\/wp-content\/uploads\/2014\/09\/DDoptics-Garantie-305x139.jpg 305w, https:\/\/ddoptics.shop\/wp-content\/uploads\/2014\/09\/DDoptics-Garantie-250x114.jpg 250w\" sizes=\"(max-width: 352px) 100vw, 352px\" title=\"\">\t\t\t\t\t\t\n\t\t\t\t\t<\/div>\n\t\t\t\t\t\t<\/a>\t\t\n<style>\n#image_856559026 {\n  width: 100%;\n}\n<\/style>\n\t<\/div>\n\t\n\t<div id=\"gap-1593170934\" class=\"gap-element clearfix\" style=\"display:block; height:auto;\">\n\t\t\n<style>\n#gap-1593170934 {\n  padding-top: 15px;\n}\n<\/style>\n\t<\/div>\n\t\n\t<div id=\"text-2994581759\" class=\"text\">\n\t\t\n<p><span style=\"font-size: 80%;\"><em>\u21d2 wystarczy zam\u00f3wi\u0107 w po\u0142\u0105czeniu z celownikiem optycznym<br \/>\n\u21d2 Sk\u0142ada si\u0119 z os\u0142ony okularu i os\u0142ony obiektywu<br \/>\n\u21d2 odpowiedni rozmiar mo\u017cna wybra\u0107 indywidualnie<br \/>\n\u21d2 ochrona ca\u0142ego uk\u0142adu optycznego<br \/>\n\u21d2 ze specjalnym gumowym uchwytem zapewniaj\u0105cym bezpieczne dopasowanie<br \/>\n\u21d2 Pokrywa jest \u0142atwa do otwierania i zamykania<br \/>\n\u21d2 czarny z subtelnym nadrukiem logo<br \/>\n<\/em><\/span><\/p>\n\t\t\n<style>\n#text-2994581759 {\n  line-height: 1.15;\n  color: rgb(33, 107, 227);\n}\n#text-2994581759 > * {\n  color: rgb(33, 107, 227);\n}\n<\/style>\n\t<\/div>\n\t\n\t\t<\/div>\n\n\t\t\n<style>\n#section_1866223831 {\n  padding-top: 30px;\n  padding-bottom: 30px;\n  background-color: rgb(232, 232, 232);\n}\n#section_1866223831 .section-bg-overlay {\n  background-color: rgba(255,255,255,.5);\n}\n<\/style>\n\t<\/section>\n\t\n<div class=\"is-divider divider clearfix\" ><\/div>\n\t\t<\/div>\n\t\t\t\t\t<\/div>\n\n\t\n<\/div>","protected":false},"excerpt":{"rendered":"<p>Zestaw DDoptics Flip Cap SET (czarny) do okularu i obiektywu w atrakcyjnej ofercie.<\/p>","protected":false},"featured_media":12827,"comment_status":"open","ping_status":"closed","template":"","meta":{"inline_featured_image":false,"footnotes":""},"product_brand":[],"product_cat":[],"product_tag":[754,755,753,762],"class_list":{"0":"post-12812","1":"product","2":"type-product","3":"status-publish","4":"has-post-thumbnail","6":"product_tag-abdeckkappen","7":"product_tag-flip-cap","8":"product_tag-schutzkappe","9":"product_tag-zf-schutzkappen","10":"product_shipping_class-paket","11":"pa_brand-marke-ddoptics","12":"pa_farbe-schwarz","14":"first","15":"instock","16":"taxable","17":"shipping-taxable","18":"purchasable","19":"product-type-variable"},"bundled_by":["12806","12245","12177","9201","1963","1942","555","12196","11793","10517","2003","1994","12862","17654","18770","18833","21141","23245","23519","23563","25839","26806","26986","27680","27817","27932"],"bundle_stock_status":"instock","bundle_stock_quantity":null,"bundle_virtual":false,"bundle_layout":"","bundle_add_to_cart_form_location":"","bundle_editable_in_cart":false,"bundle_sold_individually_context":"","bundle_item_grouping":"","bundle_min_size":"","bundle_max_size":"","bundle_price":[],"bundled_items":[],"bundle_sell_ids":[],"_links":{"self":[{"href":"https:\/\/ddoptics.shop\/pl\/wp-json\/wp\/v2\/product\/12812","targetHints":{"allow":["GET"]}}],"collection":[{"href":"https:\/\/ddoptics.shop\/pl\/wp-json\/wp\/v2\/product"}],"about":[{"href":"https:\/\/ddoptics.shop\/pl\/wp-json\/wp\/v2\/types\/product"}],"replies":[{"embeddable":true,"href":"https:\/\/ddoptics.shop\/pl\/wp-json\/wp\/v2\/comments?post=12812"}],"version-history":[{"count":4,"href":"https:\/\/ddoptics.shop\/pl\/wp-json\/wp\/v2\/product\/12812\/revisions"}],"predecessor-version":[{"id":29217,"href":"https:\/\/ddoptics.shop\/pl\/wp-json\/wp\/v2\/product\/12812\/revisions\/29217"}],"wp:featuredmedia":[{"embeddable":true,"href":"https:\/\/ddoptics.shop\/pl\/wp-json\/wp\/v2\/media\/12827"}],"wp:attachment":[{"href":"https:\/\/ddoptics.shop\/pl\/wp-json\/wp\/v2\/media?parent=12812"}],"wp:term":[{"taxonomy":"product_brand","embeddable":true,"href":"https:\/\/ddoptics.shop\/pl\/wp-json\/wp\/v2\/product_brand?post=12812"},{"taxonomy":"product_cat","embeddable":true,"href":"https:\/\/ddoptics.shop\/pl\/wp-json\/wp\/v2\/product_cat?post=12812"},{"taxonomy":"product_tag","embeddable":true,"href":"https:\/\/ddoptics.shop\/pl\/wp-json\/wp\/v2\/product_tag?post=12812"}],"curies":[{"name":"wp","href":"https:\/\/api.w.org\/{rel}","templated":true}]}}