{"id":13363,"date":"2019-04-11T09:25:11","date_gmt":"2019-04-11T07:25:11","guid":{"rendered":"https:\/\/ddoptics.shop\/?post_type=product&#038;p=13363"},"modified":"2025-06-27T13:48:22","modified_gmt":"2025-06-27T11:48:22","slug":"lornetka-ddoptics-lux-hr-8x25-ed-pocket","status":"publish","type":"product","link":"https:\/\/ddoptics.shop\/pl\/kaufen\/fernglas-ddoptics-lux-hr-8x25-ed-pocket\/","title":{"rendered":"Lornetka DDoptics Lux-HR 8\u00d725 ED \u201cPocket\u201d"},"content":{"rendered":"<div class=\"row\"  id=\"row-109281791\">\n\n\t<div id=\"col-2140480077\" class=\"col medium-8 small-12 large-8\"  >\n\t\t\t\t<div class=\"col-inner\"  >\n\t\t\t\n\t\t\t\n<h2>Bardzo dobra i przyst\u0119pna cenowo. Lekka i kompaktowa lornetka DDoptics Lux-HR 8\u00d725 ED \u201cPocket\u201d<\/h2>\n<p>Nowa lornetka Lux-HR 8\u00d725 \u201cPocket\u201d ED to wysokiej jako\u015bci lornetka, kt\u00f3ra zmie\u015bci si\u0119 w ka\u017cdej kieszeni kurtki.<\/p>\n<p>The <strong>DDoptics Lux-HR \u201cPocket\u201d ED<\/strong> przychodzi<strong> Dzi\u0119ki stabilnej i lekkiej obudowie magnezowej<\/strong> do wagi poni\u017cej 300 gram\u00f3w.<\/p>\n<p>Dzi\u0119ki temu <strong>Mini lornetka<\/strong> Pomimo niewielkich rozmiar\u00f3w, otrzymujesz jasny i<strong> wyra\u017any obraz<\/strong> z doskona\u0142\u0105 rozdzielczo\u015bci\u0105. Mo\u017ce by\u0107 r\u00f3wnie\u017c dobrze u\u017cywana o zmierzchu - oczywi\u015bcie nie tak d\u0142ugo, jak lornetki z obiektywem 42 mm. <strong>Lux-HR 8\u00d725 \u201cPocket\u201d ED<\/strong> \u0142\u0105czy \u015bwiat\u0142o i<strong> Kompaktowa konstrukcja<\/strong> z doskona\u0142\u0105 optyczn\u0105 \u201cprzyjemno\u015bci\u0105 ogl\u0105dania\u201d.<\/p>\n<p>Wa\u017cny szczeg\u00f3\u0142: muszle oczne s\u0105 r\u00f3wnie\u017c wykonane z metalu i pokryte gum\u0105.<\/p>\n<h3>Instalacja wysokiej jako\u015bci komponent\u00f3w optycznych w lornetce 8\u00d725<\/h3>\n<p>Podobnie jak w przypadku wszystkich lornetek DDoptics Lux-HR, Pocket's <strong>Soczewki sp\u0142aszczaj\u0105ce pole<\/strong> wbudowany. Jest to absolutna specjalno\u015b\u0107 dla lornetek w tym segmencie cenowym.<\/p>\n<p>Obiektywy sp\u0142aszczaj\u0105ce pole to<strong> Specjalne soczewki dodatkowe<\/strong> w ramach <strong>Zestaw obiektyw\u00f3w.<\/strong> Kompensuj\u0105 one krzywizn\u0119 pola obrazu spowodowan\u0105 promieniem obiektywu, a tym samym daj\u0105 niemal p\u0142aski obraz.<\/p>\n<p>Zaleta: Linie i kraw\u0119dzie, kt\u00f3re s\u0105<strong> Krzywizna obiektywu<\/strong> s\u0105 naturalnie wygi\u0119te, s\u0105 ponownie <strong>pokazany prosto<\/strong>. Zaleta, je\u015bli chcesz zrobi\u0107 zdj\u0119cie przez lornetk\u0119.<\/p>\n\t\t<\/div>\n\t\t\t\t\n<style>\n#col-2140480077 > .col-inner {\n  margin: 0px 0px -30px 0px;\n}\n<\/style>\n\t<\/div>\n\n\t\n\n\t<div id=\"col-212422097\" class=\"col medium-4 small-12 large-4\"  >\n\t\t\t\t<div class=\"col-inner\"  >\n\t\t\t\n\t\t\t\n\t<div class=\"img has-hover x md-x lg-x y md-y lg-y\" id=\"image_996567289\">\n\t\t\t\t\t\t\t\t<div class=\"img-inner dark\" >\n\t\t\t\t\t\t\t\t\t\n\t\t\t\t\t<\/div>\n\t\t\t\t\t\t\t\t\n<style>\n#image_996567289 {\n  width: 100%;\n}\n<\/style>\n\t<\/div>\n\t\n\t<div class=\"img has-hover x md-x lg-x y md-y lg-y\" id=\"image_1976311733\">\n\t\t<a class=\"\" href=\"https:\/\/www.shop.ddoptics.de\/garantiebestimmungen\" target=\"_blank\" rel=\"noopener\">\t\t\t\t\t\t<div class=\"img-inner dark\" >\n\t\t\t<img decoding=\"async\" width=\"352\" height=\"160\" src=\"https:\/\/ddoptics.shop\/wp-content\/uploads\/2014\/09\/DDoptics-Garantie.jpg\" class=\"attachment-large size-large\" alt=\"Gwarancja DDoptics\" srcset=\"https:\/\/ddoptics.shop\/wp-content\/uploads\/2014\/09\/DDoptics-Garantie.jpg 352w, https:\/\/ddoptics.shop\/wp-content\/uploads\/2014\/09\/DDoptics-Garantie-304x138.jpg 304w, https:\/\/ddoptics.shop\/wp-content\/uploads\/2014\/09\/DDoptics-Garantie-305x139.jpg 305w, https:\/\/ddoptics.shop\/wp-content\/uploads\/2014\/09\/DDoptics-Garantie-250x114.jpg 250w\" sizes=\"(max-width: 352px) 100vw, 352px\" title=\"\">\t\t\t\t\t\t\n\t\t\t\t\t<\/div>\n\t\t\t\t\t\t<\/a>\t\t\n<style>\n#image_1976311733 {\n  width: 100%;\n}\n<\/style>\n\t<\/div>\n\t\n<h3>Fakty dotycz\u0105ce lornetek DDoptics LUX<\/h3>\n\n\t\t<div class=\"icon-box featured-box icon-box-left text-left\"  >\n\t\t\t\t\t<div class=\"icon-box-img\" style=\"width: 32px\">\n\t\t\t\t<div class=\"icon\">\n\t\t\t\t\t<div class=\"icon-inner\" >\n\t\t\t\t\t\t<img decoding=\"async\" width=\"100\" height=\"83\" src=\"https:\/\/ddoptics.shop\/wp-content\/uploads\/2021\/05\/DDoptics-SHG-Icon.jpg\" class=\"attachment-medium size-medium\" alt=\"Ikona lornetki DDoptics SHG\" title=\"\">\t\t\t\t\t<\/div>\n\t\t\t\t<\/div>\n\t\t\t<\/div>\n\t\t\t\t<div class=\"icon-box-text last-reset\">\n\t\t\t\t\t\t\t\t\t\n<p>\u2705 114 m Sehfeld<\/p>\n\t\t<\/div>\n\t<\/div>\n\t\n\t\n\n\t\t<div class=\"icon-box featured-box icon-box-left text-left\"  >\n\t\t\t\t\t<div class=\"icon-box-img\" style=\"width: 32px\">\n\t\t\t\t<div class=\"icon\">\n\t\t\t\t\t<div class=\"icon-inner\" >\n\t\t\t\t\t\t<img decoding=\"async\" width=\"100\" height=\"83\" src=\"https:\/\/ddoptics.shop\/wp-content\/uploads\/2021\/05\/DDoptics-SHG-Icon.jpg\" class=\"attachment-medium size-medium\" alt=\"Ikona lornetki DDoptics SHG\" title=\"\">\t\t\t\t\t<\/div>\n\t\t\t\t<\/div>\n\t\t\t<\/div>\n\t\t\t\t<div class=\"icon-box-text last-reset\">\n\t\t\t\t\t\t\t\t\t\n<p>\u2705 ED Glas &#8211; Voll-Apochromat<\/p>\n\t\t<\/div>\n\t<\/div>\n\t\n\t\n\n\t\t<div class=\"icon-box featured-box icon-box-left text-left\"  >\n\t\t\t\t\t<div class=\"icon-box-img\" style=\"width: 32px\">\n\t\t\t\t<div class=\"icon\">\n\t\t\t\t\t<div class=\"icon-inner\" >\n\t\t\t\t\t\t<img decoding=\"async\" width=\"100\" height=\"83\" src=\"https:\/\/ddoptics.shop\/wp-content\/uploads\/2021\/05\/DDoptics-SHG-Icon.jpg\" class=\"attachment-medium size-medium\" alt=\"Ikona lornetki DDoptics SHG\" title=\"\">\t\t\t\t\t<\/div>\n\t\t\t\t<\/div>\n\t\t\t<\/div>\n\t\t\t\t<div class=\"icon-box-text last-reset\">\n\t\t\t\t\t\t\t\t\t\n<p>\u2705 CT-Glas &amp; Barium Kronglas Prismen mit optimierte DDlucid-FMC Verg\u00fctung<\/p>\n\t\t<\/div>\n\t<\/div>\n\t\n\t\n\n\t\t<div class=\"icon-box featured-box icon-box-left text-left\"  >\n\t\t\t\t\t<div class=\"icon-box-img\" style=\"width: 32px\">\n\t\t\t\t<div class=\"icon\">\n\t\t\t\t\t<div class=\"icon-inner\" >\n\t\t\t\t\t\t<img decoding=\"async\" width=\"100\" height=\"83\" src=\"https:\/\/ddoptics.shop\/wp-content\/uploads\/2021\/05\/DDoptics-SHG-Icon.jpg\" class=\"attachment-medium size-medium\" alt=\"Ikona lornetki DDoptics SHG\" title=\"\">\t\t\t\t\t<\/div>\n\t\t\t\t<\/div>\n\t\t\t<\/div>\n\t\t\t\t<div class=\"icon-box-text last-reset\">\n\t\t\t\t\t\t\t\t\t\n<p>Soczewki sp\u0142aszczaj\u0105ce pole<\/p>\n\t\t<\/div>\n\t<\/div>\n\t\n\t\n\n\t\t<div class=\"icon-box featured-box icon-box-left text-left\"  >\n\t\t\t\t\t<div class=\"icon-box-img\" style=\"width: 32px\">\n\t\t\t\t<div class=\"icon\">\n\t\t\t\t\t<div class=\"icon-inner\" >\n\t\t\t\t\t\t<img decoding=\"async\" width=\"100\" height=\"83\" src=\"https:\/\/ddoptics.shop\/wp-content\/uploads\/2021\/05\/DDoptics-SHG-Icon.jpg\" class=\"attachment-medium size-medium\" alt=\"Ikona lornetki DDoptics SHG\" title=\"\">\t\t\t\t\t<\/div>\n\t\t\t\t<\/div>\n\t\t\t<\/div>\n\t\t\t\t<div class=\"icon-box-text last-reset\">\n\t\t\t\t\t\t\t\t\t\n<p>Zoptymalizowana pow\u0142oka DDlucid-FMC<\/p>\n\t\t<\/div>\n\t<\/div>\n\t\n\t\n\n\t\t<div class=\"icon-box featured-box icon-box-left text-left\"  >\n\t\t\t\t\t<div class=\"icon-box-img\" style=\"width: 32px\">\n\t\t\t\t<div class=\"icon\">\n\t\t\t\t\t<div class=\"icon-inner\" >\n\t\t\t\t\t\t<img decoding=\"async\" width=\"100\" height=\"83\" src=\"https:\/\/ddoptics.shop\/wp-content\/uploads\/2021\/05\/DDoptics-SHG-Icon.jpg\" class=\"attachment-medium size-medium\" alt=\"Ikona lornetki DDoptics SHG\" title=\"\">\t\t\t\t\t<\/div>\n\t\t\t\t<\/div>\n\t\t\t<\/div>\n\t\t\t\t<div class=\"icon-box-text last-reset\">\n\t\t\t\t\t\t\t\t\t\n<p>Wytrzyma\u0142a obudowa magnezowa<\/p>\n\t\t<\/div>\n\t<\/div>\n\t\n\t\n<div class=\"is-divider divider clearfix\" ><\/div>\n\t\t<\/div>\n\t\t\t\t\t<\/div>\n\n\t\n<\/div>\n<p>Soczewki Field Flattener posiadaj\u0105 r\u00f3wnie\u017c ulepszon\u0105 pow\u0142ok\u0119 DDlucid, b\u0119d\u0105c\u0105 dalszym rozwini\u0119ciem pow\u0142oki ELR (Extra Low Reflection). DDlucid od DDoptics jest obecnie jedn\u0105 z najskuteczniejszych pow\u0142ok lornetkowych. Wy\u0142\u0105cznie <strong>Lornetki klasy premium<\/strong> maj\u0105 obecnie podobnie zaawansowane pow\u0142oki. Pryzmat dachowy Schmidt-Pechan jest oczywi\u015bcie pokryty pow\u0142okami fazowymi. Wszystko to gwarantuje niem\u0119cz\u0105c\u0105 i d\u0142ug\u0105 obserwacj\u0119.<\/p>\n<p>W po\u0142\u0105czeniu z lustrem dielektrycznym <strong>Warstwa korekcji fazy<\/strong>\u00a0dla bardzo wysokich <strong>Nasycenie kolor\u00f3w<\/strong> oraz <strong>Kontrast obrazu.<\/strong> Pe\u0142ny apochromat ED redukuje rozmycie kolor\u00f3w przy pod\u015bwietleniu i gwarantuje czyste kontury.<\/p>\n<h3>Optymalny uchwyt zapewniaj\u0105cy niem\u0119cz\u0105ce widzenie z 8-krotnym powi\u0119kszeniem<\/h3>\n<p>Specjalny <strong>Gumowy pancerz<\/strong> z <strong>Mi\u0119kka warstwa dotykowa<\/strong> a specjalnie chropowata powierzchnia gwarantuje optymaln\u0105 przyczepno\u015b\u0107 i antypo\u015blizgowo\u015b\u0107 w ka\u017cdej sytuacji. Na mostku znajduje si\u0119 ergonomicznie ukszta\u0142towane wg\u0142\u0119bienie dla wygodnego podparcia palc\u00f3w. Dzi\u0119ki smuk\u0142ej i kompaktowej konstrukcji szk\u0142o doskonale le\u017cy w d\u0142oni (nawet w jednej r\u0119ce).<\/p>\n<p>Regulowane muszle oczne s\u0105 wykonane z wytrzyma\u0142ego stopu metalu. W zestawie <strong>Pow\u0142oka gumowa<\/strong> w <strong>Muszle oczne<\/strong> dodatkowo chroni okulary przed uszkodzeniem podczas intensywnego u\u017cytkowania w terenie. Oczywi\u015bcie, kieszonkowe lornetki Lux-HR s\u0105 r\u00f3wnie\u017c ca\u0142kowicie wodoodporne i zabezpieczone przed wewn\u0119trznym zaparowaniem.<\/p>\n<p><strong>Zalecenie:<\/strong> The <strong>Lornetka<\/strong> jest idealny nie tylko dla<strong> Podr\u00f3\u017cowanie<\/strong>, ale nadaje si\u0119 r\u00f3wnie\u017c do uprawiania turystyki pieszej lub<strong> wydarzenia<\/strong> z odleg\u0142o\u015bciami <strong>(np. scena plenerowa).<\/strong><\/p>","protected":false},"excerpt":{"rendered":"<p><img decoding=\"async\" class=\"alignnone wp-image-10180 size-full\" title=\"Turystyka piesza\" src=\"https:\/\/ddoptics.shop\/wp-content\/uploads\/2016\/04\/Bergwandern-klein.jpg\" alt=\"Lornetka do w\u0119dr\u00f3wek g\u00f3rskich\" width=\"50\" height=\"50\" \/><img decoding=\"async\" class=\"alignnone wp-image-10178 size-full\" title=\"Obserwacja zwierz\u0105t Polowanie w g\u00f3rach\" src=\"https:\/\/ddoptics.shop\/wp-content\/uploads\/2016\/04\/Gebirgsjagd-klein.jpg\" alt=\"G\u00f3rska lornetka my\u015bliwska\" width=\"50\" height=\"50\" \/><img decoding=\"async\" class=\"alignnone wp-image-10170 size-full\" title=\"Obserwacja ptak\u00f3w\" src=\"https:\/\/ddoptics.shop\/wp-content\/uploads\/2016\/09\/Ornitologie-klein.jpg\" alt=\"Obserwacja ptak\u00f3w\" width=\"50\" height=\"50\" \/><br \/>\nDDoptics Lux-HR 8\u00d725 \u201cPocket\u201d ED - lekka, kompaktowa lornetka z najlepsz\u0105 optyk\u0105!<\/p>","protected":false},"featured_media":13367,"comment_status":"open","ping_status":"closed","template":"","meta":{"inline_featured_image":false,"footnotes":""},"product_brand":[],"product_cat":[836,349,329,67,344,354,346],"product_tag":[90,838,78,839],"class_list":{"0":"post-13363","1":"product","2":"type-product","3":"status-publish","4":"has-post-thumbnail","6":"product_cat-25-mm-objektiv","7":"product_cat-8x-vergroesserung","8":"product_cat-ddoptics","9":"product_cat-fernglas","10":"product_cat-naturbeobachtung","11":"product_cat-vogelbeobachtung","12":"product_cat-wandern-und-reisen","13":"product_tag-8-fach-vergroesserung","14":"product_tag-8x25","15":"product_tag-ddoptics","16":"product_tag-fernglas-8x25","17":"product_shipping_class-paket","18":"pa_brand-marke-ddoptics","19":"pa_farbe-schwarz","20":"pa_produkt-typ-fernglas","22":"first","23":"instock","24":"sale","25":"taxable","26":"shipping-taxable","27":"purchasable","28":"product-type-simple"},"bundled_by":[],"bundle_stock_status":"instock","bundle_stock_quantity":null,"bundle_virtual":false,"bundle_layout":"","bundle_add_to_cart_form_location":"","bundle_editable_in_cart":false,"bundle_sold_individually_context":"","bundle_item_grouping":"","bundle_min_size":"","bundle_max_size":"","bundle_price":[],"bundled_items":[],"bundle_sell_ids":[],"_links":{"self":[{"href":"https:\/\/ddoptics.shop\/pl\/wp-json\/wp\/v2\/product\/13363","targetHints":{"allow":["GET"]}}],"collection":[{"href":"https:\/\/ddoptics.shop\/pl\/wp-json\/wp\/v2\/product"}],"about":[{"href":"https:\/\/ddoptics.shop\/pl\/wp-json\/wp\/v2\/types\/product"}],"replies":[{"embeddable":true,"href":"https:\/\/ddoptics.shop\/pl\/wp-json\/wp\/v2\/comments?post=13363"}],"version-history":[{"count":4,"href":"https:\/\/ddoptics.shop\/pl\/wp-json\/wp\/v2\/product\/13363\/revisions"}],"predecessor-version":[{"id":28502,"href":"https:\/\/ddoptics.shop\/pl\/wp-json\/wp\/v2\/product\/13363\/revisions\/28502"}],"wp:featuredmedia":[{"embeddable":true,"href":"https:\/\/ddoptics.shop\/pl\/wp-json\/wp\/v2\/media\/13367"}],"wp:attachment":[{"href":"https:\/\/ddoptics.shop\/pl\/wp-json\/wp\/v2\/media?parent=13363"}],"wp:term":[{"taxonomy":"product_brand","embeddable":true,"href":"https:\/\/ddoptics.shop\/pl\/wp-json\/wp\/v2\/product_brand?post=13363"},{"taxonomy":"product_cat","embeddable":true,"href":"https:\/\/ddoptics.shop\/pl\/wp-json\/wp\/v2\/product_cat?post=13363"},{"taxonomy":"product_tag","embeddable":true,"href":"https:\/\/ddoptics.shop\/pl\/wp-json\/wp\/v2\/product_tag?post=13363"}],"curies":[{"name":"wp","href":"https:\/\/api.w.org\/{rel}","templated":true}]}}