{"id":14364,"date":"2019-05-28T13:28:47","date_gmt":"2019-05-28T11:28:47","guid":{"rendered":"https:\/\/ddoptics.shop\/?post_type=product&#038;p=14364"},"modified":"2025-10-03T12:53:48","modified_gmt":"2025-10-03T10:53:48","slug":"luneta-ddoptics-pirschler-20-60x80-widok-prosty","status":"publish","type":"product","link":"https:\/\/ddoptics.shop\/pl\/kaufen\/spektiv-ddoptics-pirschler-20-60x80-geradeeinblick\/","title":{"rendered":"Luneta DDoptics Pirschler 20-60\u00d780 G - widok prosty"},"content":{"rendered":"<div class=\"row\"  id=\"row-1814328808\">\n\n\t<div id=\"col-1968782178\" class=\"col medium-8 small-12 large-8\"  >\n\t\t\t\t<div class=\"col-inner\"  >\n\t\t\t\n\t\t\t\n<h2>Luneta DDoptics Pirschler 20-60\u00d780 G z prostym widokiem<\/h2>\n<p>Z <strong>Luneta celownicza DDoptics Pirschler 20-60\u00d780 G<\/strong> otrzymasz <strong>Profesjonalna i stosunkowo lekka luneta w bardzo interesuj\u0105cej cenie. <\/strong>Wraz z rozwojem tej nowej lunety <strong>U\u017cycie do polowania<\/strong> brane pod uwag\u0119 o zmierzchu.<\/p>\n<p>Oczywi\u015bcie wymagania <strong>klasyczne obserwowanie ptak\u00f3w<\/strong> r\u00f3wnie\u017c brane pod uwag\u0119 - w odniesieniu do <strong>Ostro\u015b\u0107 obrazu i odwzorowanie kolor\u00f3w.<\/strong> Nowo zaprojektowany system optyczny lunety gwarantuje <strong>Wyra\u017any obraz o wysokim kontra\u015bcie<\/strong> nawet w s\u0142abych warunkach o\u015bwietleniowych.<\/p>\n<p>Nawet przy pe\u0142nym powi\u0119kszeniu 60x <strong>Luneta Pirschler<\/strong> ostry jak brzytwa obraz. W <strong>Jednostka skupiaj\u0105ca<\/strong> sk\u0142ada si\u0119 z <strong>2 cm pokr\u0119t\u0142o regulacji<\/strong>. Mo\u017cna go wygodnie obs\u0142ugiwa\u0107 w r\u0119kawiczkach nawet w niskich temperaturach.<\/p>\n<p>The<strong> nowe lunety DDoptics<\/strong> imponuje du\u017cym polem widzenia i niezwykle bliskim ogniskowaniem. Z <strong>Pirschler 20-60\u00d780 G<\/strong> Mo\u017cesz zobaczy\u0107 szczeg\u00f3\u0142y z odleg\u0142o\u015bci zaledwie 7 metr\u00f3w. Jest to ogromna zaleta, gdy <strong>Obserwacja gniazd ptak\u00f3w lub owad\u00f3w.<\/strong>\u00a0 Du\u017c\u0105 si\u0142\u0119 zapewnia <strong>Luneta dla strzelc\u00f3w sportowych<\/strong> - Trafienia w czarny cel mo\u017cna \u0142atwo dostrzec z normalnej odleg\u0142o\u015bci.<\/p>\n\t\t<\/div>\n\t\t\t\t\n<style>\n#col-1968782178 > .col-inner {\n  margin: 0px 0px -30px 0px;\n}\n<\/style>\n\t<\/div>\n\n\t\n\n\t<div id=\"col-815089374\" class=\"col medium-4 small-12 large-4\"  >\n\t\t\t\t<div class=\"col-inner\"  >\n\t\t\t\n\t\t\t\n\t<div class=\"img has-hover x md-x lg-x y md-y lg-y\" id=\"image_1715144149\">\n\t\t\t\t\t\t\t\t<div class=\"img-inner dark\" >\n\t\t\t\t\t\t\t\t\t\n\t\t\t\t\t<\/div>\n\t\t\t\t\t\t\t\t\n<style>\n#image_1715144149 {\n  width: 100%;\n}\n<\/style>\n\t<\/div>\n\t\n\t<div class=\"img has-hover x md-x lg-x y md-y lg-y\" id=\"image_1674656165\">\n\t\t<a class=\"\" href=\"https:\/\/www.shop.ddoptics.de\/garantiebestimmungen\" target=\"_blank\" rel=\"noopener\">\t\t\t\t\t\t<div class=\"img-inner dark\" >\n\t\t\t<img decoding=\"async\" width=\"352\" height=\"160\" src=\"https:\/\/ddoptics.shop\/wp-content\/uploads\/2014\/09\/DDoptics-Garantie.jpg\" class=\"attachment-large size-large\" alt=\"Gwarancja DDoptics\" srcset=\"https:\/\/ddoptics.shop\/wp-content\/uploads\/2014\/09\/DDoptics-Garantie.jpg 352w, https:\/\/ddoptics.shop\/wp-content\/uploads\/2014\/09\/DDoptics-Garantie-304x138.jpg 304w, https:\/\/ddoptics.shop\/wp-content\/uploads\/2014\/09\/DDoptics-Garantie-305x139.jpg 305w, https:\/\/ddoptics.shop\/wp-content\/uploads\/2014\/09\/DDoptics-Garantie-250x114.jpg 250w\" sizes=\"(max-width: 352px) 100vw, 352px\" title=\"\">\t\t\t\t\t\t\n\t\t\t\t\t<\/div>\n\t\t\t\t\t\t<\/a>\t\t\n<style>\n#image_1674656165 {\n  width: 100%;\n}\n<\/style>\n\t<\/div>\n\t\n<h3>Fakty dotycz\u0105ce lunety DDoptics Pirschler<\/h3>\n\n\t\t<div class=\"icon-box featured-box icon-box-left text-left\"  >\n\t\t\t\t\t<div class=\"icon-box-img\" style=\"width: 32px\">\n\t\t\t\t<div class=\"icon\">\n\t\t\t\t\t<div class=\"icon-inner\" >\n\t\t\t\t\t\t<img decoding=\"async\" width=\"97\" height=\"78\" src=\"https:\/\/ddoptics.shop\/wp-content\/uploads\/2022\/02\/HDS-Spektiv.webp\" class=\"attachment-medium size-medium\" alt=\"Luneta HDS 9-27x56\" title=\"\">\t\t\t\t\t<\/div>\n\t\t\t\t<\/div>\n\t\t\t<\/div>\n\t\t\t\t<div class=\"icon-box-text last-reset\">\n\t\t\t\t\t\t\t\t\t\n<p>Du\u017ca jednostka ogniskuj\u0105ca<\/p>\n\t\t<\/div>\n\t<\/div>\n\t\n\t\n\n\t\t<div class=\"icon-box featured-box icon-box-left text-left\"  >\n\t\t\t\t\t<div class=\"icon-box-img\" style=\"width: 32px\">\n\t\t\t\t<div class=\"icon\">\n\t\t\t\t\t<div class=\"icon-inner\" >\n\t\t\t\t\t\t<img decoding=\"async\" width=\"97\" height=\"78\" src=\"https:\/\/ddoptics.shop\/wp-content\/uploads\/2022\/02\/HDS-Spektiv.webp\" class=\"attachment-medium size-medium\" alt=\"Luneta HDS 9-27x56\" title=\"\">\t\t\t\t\t<\/div>\n\t\t\t\t<\/div>\n\t\t\t<\/div>\n\t\t\t\t<div class=\"icon-box-text last-reset\">\n\t\t\t\t\t\t\t\t\t\n<p>Wodoodporny<\/p>\n\t\t<\/div>\n\t<\/div>\n\t\n\t\n\n\t\t<div class=\"icon-box featured-box icon-box-left text-left\"  >\n\t\t\t\t\t<div class=\"icon-box-img\" style=\"width: 32px\">\n\t\t\t\t<div class=\"icon\">\n\t\t\t\t\t<div class=\"icon-inner\" >\n\t\t\t\t\t\t<img decoding=\"async\" width=\"97\" height=\"78\" src=\"https:\/\/ddoptics.shop\/wp-content\/uploads\/2022\/02\/HDS-Spektiv.webp\" class=\"attachment-medium size-medium\" alt=\"Luneta HDS 9-27x56\" title=\"\">\t\t\t\t\t<\/div>\n\t\t\t\t<\/div>\n\t\t\t<\/div>\n\t\t\t\t<div class=\"icon-box-text last-reset\">\n\t\t\t\t\t\t\t\t\t\n<p>Du\u017ce pole widzenia<\/p>\n\t\t<\/div>\n\t<\/div>\n\t\n\t\n\n\t\t<div class=\"icon-box featured-box icon-box-left text-left\"  >\n\t\t\t\t\t<div class=\"icon-box-img\" style=\"width: 32px\">\n\t\t\t\t<div class=\"icon\">\n\t\t\t\t\t<div class=\"icon-inner\" >\n\t\t\t\t\t\t<img decoding=\"async\" width=\"97\" height=\"78\" src=\"https:\/\/ddoptics.shop\/wp-content\/uploads\/2022\/02\/HDS-Spektiv.webp\" class=\"attachment-medium size-medium\" alt=\"Luneta HDS 9-27x56\" title=\"\">\t\t\t\t\t<\/div>\n\t\t\t\t<\/div>\n\t\t\t<\/div>\n\t\t\t\t<div class=\"icon-box-text last-reset\">\n\t\t\t\t\t\t\t\t\t\n<p>Bardzo wysoka rozdzielczo\u015b\u0107<\/p>\n\t\t<\/div>\n\t<\/div>\n\t\n\t\n\n\t\t<div class=\"icon-box featured-box icon-box-left text-left\"  >\n\t\t\t\t\t<div class=\"icon-box-img\" style=\"width: 32px\">\n\t\t\t\t<div class=\"icon\">\n\t\t\t\t\t<div class=\"icon-inner\" >\n\t\t\t\t\t\t<img decoding=\"async\" width=\"97\" height=\"78\" src=\"https:\/\/ddoptics.shop\/wp-content\/uploads\/2022\/02\/HDS-Spektiv.webp\" class=\"attachment-medium size-medium\" alt=\"Luneta HDS 9-27x56\" title=\"\">\t\t\t\t\t<\/div>\n\t\t\t\t<\/div>\n\t\t\t<\/div>\n\t\t\t\t<div class=\"icon-box-text last-reset\">\n\t\t\t\t\t\t\t\t\t\n<p>Niezwykle dobry obraz w tym przedziale cenowym<\/p>\n\t\t<\/div>\n\t<\/div>\n\t\n\t\n<div class=\"is-divider divider clearfix\" ><\/div>\n\t\t<\/div>\n\t\t\t\t\t<\/div>\n\n\t\n<\/div>\n<h3>ELR - pow\u0142oka Multicoating (o bardzo niskim wsp\u00f3\u0142czynniku odbicia) - pow\u0142oka FMC<\/h3>\n<p>Wszystkie <strong>Powierzchnie szk\u0142o-powietrze<\/strong> s\u0105<strong> Wielowarstwowa twarda pow\u0142oka<\/strong> gwarantuj\u0105c tym samym maksymalny kontrast, ostro\u015b\u0107 i jasno\u015b\u0107 obrazu. Czujnik <strong>Blask kolor\u00f3w<\/strong> jest wyj\u0105tkowa dzi\u0119ki tej lunecie, a tak\u017ce <strong>Jasno\u015b\u0107 obrazu<\/strong>. Do\u015bwiadczenie <strong>gwarantuje wyra\u017any obraz o wysokim kontra\u015bcie, nawet w s\u0142abych warunkach o\u015bwietleniowych i o zmierzchu<\/strong>. Nawet przy 60-krotnym powi\u0119kszeniu stalker zapewnia<strong> ostry jak brzytwa obraz.<\/strong><\/p>\n<p>Luneta jest <strong>Wype\u0142niony azotem i wodoodporny.<\/strong> Jest to gwarancja ochrony przed zaparowaniem w wilgotnych warunkach i nag\u0142ymi zmianami temperatury. Niezwykle lekka tuba zapewnia maksymaln\u0105 wytrzyma\u0142o\u015b\u0107 i mobilno\u015b\u0107. W zestawie <strong>Antypo\u015blizgowy gumowy pancerz<\/strong> Zapewnia przyczepno\u015b\u0107 i pewny chwyt.<\/p>\n<h3>Zesp\u00f3\u0142 ogniskowania lunety<\/h3>\n<p>The <strong>Jednostka ustawiania ostro\u015bci sk\u0142ada si\u0119 z 2 cm pokr\u0119t\u0142a regulacji<\/strong>, kt\u00f3r\u0105 mo\u017cna wygodnie obs\u0142ugiwa\u0107 r\u00f3wnie\u017c w r\u0119kawiczkach. Lornetka Pirschler 16-50\u00d770 G umo\u017cliwia obserwacj\u0119 z odleg\u0142o\u015bci zaledwie 7 metr\u00f3w, co jest szczeg\u00f3ln\u0105 zalet\u0105 podczas obserwacji gniazd, owad\u00f3w lub na strzelnicy.<\/p>\n<h3>Zalecenia dotycz\u0105ce lunet<\/h3>\n<p>Typowe przyk\u0142ady zastosowa\u0144 to <strong>Zamsz<\/strong> na zboczu g\u00f3ry lub <b>Cietrzew itp. <\/b>by wymieni\u0107 tylko kilka. Kompaktowe i lekkie lunety Pirschler 80 mm mog\u0105 by\u0107 r\u00f3wnie\u017c <strong>Wygodny w plecaku<\/strong> i mo\u017cna go \u0142atwo przenie\u015b\u0107 w dowolne miejsce.<\/p>\n<p>Dzi\u0119ki temu<strong> Luneta <\/strong>DDoptics naprawd\u0119 uda\u0142o si\u0119 zaoferowa\u0107 swoim klientom<strong> profesjonalna, lekka i niedroga luneta.<\/strong><\/p>","protected":false},"excerpt":{"rendered":"<p>Profesjonalny i wci\u0105\u017c stosunkowo <strong>Lekka luneta my\u015bliwska o du\u017cym powi\u0119kszeniu i nat\u0119\u017ceniu \u015bwiat\u0142a<\/strong> w interesuj\u0105co korzystnej cenie - z prostym widokiem.<\/p>","protected":false},"featured_media":14367,"comment_status":"open","ping_status":"closed","template":"","meta":{"inline_featured_image":false,"footnotes":""},"product_brand":[],"product_cat":[859,467,643,71,646],"product_tag":[858,78,155,83],"class_list":{"0":"post-14364","1":"product","2":"type-product","3":"status-publish","4":"has-post-thumbnail","6":"product_cat-80-mm","7":"product_cat-geradeeinblick","8":"product_cat-jagd","9":"product_cat-spektiv","10":"product_cat-ornithologie-vogelbeobachtung","11":"product_tag-20-60x80","12":"product_tag-ddoptics","13":"product_tag-geradeeinblick","14":"product_tag-spektiv","15":"product_shipping_class-paket","16":"pa_brand-marke-ddoptics","17":"pa_farbe-gruen","18":"pa_okulartype-20-60x","19":"pa_produkt-typ-spektiv","21":"first","22":"instock","23":"taxable","24":"shipping-taxable","25":"purchasable","26":"product-type-simple"},"bundled_by":[],"bundle_stock_status":"instock","bundle_stock_quantity":null,"bundle_virtual":false,"bundle_layout":"","bundle_add_to_cart_form_location":"","bundle_editable_in_cart":false,"bundle_sold_individually_context":"","bundle_item_grouping":"","bundle_min_size":"","bundle_max_size":"","bundle_price":[],"bundled_items":[],"bundle_sell_ids":[],"_links":{"self":[{"href":"https:\/\/ddoptics.shop\/pl\/wp-json\/wp\/v2\/product\/14364","targetHints":{"allow":["GET"]}}],"collection":[{"href":"https:\/\/ddoptics.shop\/pl\/wp-json\/wp\/v2\/product"}],"about":[{"href":"https:\/\/ddoptics.shop\/pl\/wp-json\/wp\/v2\/types\/product"}],"replies":[{"embeddable":true,"href":"https:\/\/ddoptics.shop\/pl\/wp-json\/wp\/v2\/comments?post=14364"}],"version-history":[{"count":6,"href":"https:\/\/ddoptics.shop\/pl\/wp-json\/wp\/v2\/product\/14364\/revisions"}],"predecessor-version":[{"id":29121,"href":"https:\/\/ddoptics.shop\/pl\/wp-json\/wp\/v2\/product\/14364\/revisions\/29121"}],"wp:featuredmedia":[{"embeddable":true,"href":"https:\/\/ddoptics.shop\/pl\/wp-json\/wp\/v2\/media\/14367"}],"wp:attachment":[{"href":"https:\/\/ddoptics.shop\/pl\/wp-json\/wp\/v2\/media?parent=14364"}],"wp:term":[{"taxonomy":"product_brand","embeddable":true,"href":"https:\/\/ddoptics.shop\/pl\/wp-json\/wp\/v2\/product_brand?post=14364"},{"taxonomy":"product_cat","embeddable":true,"href":"https:\/\/ddoptics.shop\/pl\/wp-json\/wp\/v2\/product_cat?post=14364"},{"taxonomy":"product_tag","embeddable":true,"href":"https:\/\/ddoptics.shop\/pl\/wp-json\/wp\/v2\/product_tag?post=14364"}],"curies":[{"name":"wp","href":"https:\/\/api.w.org\/{rel}","templated":true}]}}