{"id":16904,"date":"2019-03-12T18:09:11","date_gmt":"2019-03-12T17:09:11","guid":{"rendered":"https:\/\/ddoptics.shop\/?post_type=product&#038;p=16904"},"modified":"2025-07-02T14:06:30","modified_gmt":"2025-07-02T12:06:30","slug":"lornetka-nikon-prostaff-7s-8x42","status":"publish","type":"product","link":"https:\/\/ddoptics.shop\/pl\/kaufen\/nikon-fernglas-prostaff-7s-8x42\/","title":{"rendered":"Lornetka Nikon Prostaff 7s 8\u00d742"},"content":{"rendered":"<h2>Nikon Prostaff 7s <a href=\"https:\/\/ddoptics.shop\/pl\/sklep\/lornetka\/powiekszenie-lornetki\/8-krotna-poprawa\/\" target=\"_blank\" rel=\"noopener\" data-schema-attribute=\"\">8<\/a>Lornetka x42<\/h2>\n<p>The<strong> Lornetki Nikon<\/strong> z <strong>Seria Prostaff<\/strong> nale\u017cy do <strong>tej klasy do modeli dodatkowej klasy<\/strong>e. Dzi\u0119ki<strong> nowy system optyczny<\/strong> Lornetka jest idealna do <strong>Obserwacja ptak\u00f3w i przyrody<\/strong>.<\/p>\n<p>Podsumowuj\u0105c, za cen\u0119 oko\u0142o 220 euro otrzymujemy wysokiej jako\u015bci lornetk\u0119, kt\u00f3ra s\u0142ynie z doskona\u0142ej rozdzielczo\u015bci, <strong>\u0141atwa obs\u0142uga i du\u017ca wytrzyma\u0142o\u015b\u0107<\/strong> o wygodnej konstrukcji. Model ten jest szczeg\u00f3lnie popularny w\u015br\u00f3d entuzjast\u00f3w outdooru ze wzgl\u0119du na jego optymaln\u0105 wytrzyma\u0142o\u015b\u0107 do u\u017cytku w trudnych warunkach zewn\u0119trznych.<\/p>\n<p>Liczne detale zapewniaj\u0105 r\u00f3wnie\u017c komfort ogl\u0105dania. The<strong> Pokr\u0119t\u0142o regulacji ostro\u015bci dzi\u0119ki antypo\u015blizgowej strukturze<\/strong> szczeg\u00f3lnie szybka i \u0142atwa regulacja. Lekko\u015b\u0107, <strong>Wodoodporna i nieparuj\u0105ca lornetka<\/strong> jest idealnym towarzyszem dla entuzjast\u00f3w outdooru. Zdj\u0119cia: program partnerski amazon<\/p>\n<h3>G\u0142\u00f3wne cechy\u00a0<a href=\"https:\/\/de.wikipedia.org\/wiki\/Nikon\" target=\"_blank\" rel=\"noopener sponsored\" data-schema-attribute=\"\">Nikon<\/a> Lornetka Prostaff 7s 8\u00d742<\/h3>\n<ul>\n<li>Wysoka rozdzielczo\u015b\u0107 dzi\u0119ki pow\u0142oce z korekcj\u0105 fazy<\/li>\n<li>Wysoce odblaskowa dielektryczna pow\u0142oka lustrzana zapewniaj\u0105ca optymaln\u0105 jasno\u015b\u0107 obrazu i wierno\u015b\u0107 kolor\u00f3w<\/li>\n<li>Wyra\u017ane pole widzenia dzi\u0119ki du\u017cemu odst\u0119powi od oka, nawet dla os\u00f3b nosz\u0105cych okulary<\/li>\n<li>Regulowane gumowe muszle oczne z wieloma pozycjami blokowania<\/li>\n<li>Wodoodporny (do 1 m przez 10 minut) i przeciwmgielny dzi\u0119ki wype\u0142nieniu azotem<\/li>\n<li>Odporno\u015b\u0107 na wstrz\u0105sy i wygodny chwyt dzi\u0119ki gumowemu pancerzowi<\/li>\n<li>Wielopow\u0142okowe soczewki i pryzmaty zapewniaj\u0105ce optymaln\u0105 jako\u015b\u0107 obrazu<\/li>\n<li>Wynagrodzenie skorygowane o faz\u0119<\/li>\n<li>Du\u017ca odleg\u0142o\u015b\u0107 \u017arenicy wyj\u015bciowej zapewnia wyra\u017ane pole widzenia, nawet dla os\u00f3b nosz\u0105cych okulary.<\/li>\n<li>Szczeg\u00f3lnie lekka konstrukcja<\/li>\n<li>Szk\u0142o ekologiczne niezawieraj\u0105ce arsenu i o\u0142owiu dla wszystkich soczewek i pryzmat\u00f3w<\/li>\n<\/ul>","protected":false},"excerpt":{"rendered":"<p>Dla <strong>Cena oko\u0142o 200 euro,<\/strong>\u00a0dla kt\u00f3rych <strong>Nikon Prostaff<\/strong>\u00a0Lornetka, nie ma prawie nic do skrytykowania pod wzgl\u0119dem jako\u015bci lub wykonania.<\/p>","protected":false},"featured_media":16912,"comment_status":"open","ping_status":"closed","template":"","meta":{"inline_featured_image":false,"footnotes":""},"product_brand":[],"product_cat":[878],"product_tag":[567,894,893],"class_list":{"0":"post-16904","1":"product","2":"type-product","3":"status-publish","4":"has-post-thumbnail","6":"product_cat-diverse-fernglaeser","7":"product_tag-fernglas-8x42","8":"product_tag-nikon-fernglas","9":"product_tag-prostaff-7s-8x42","10":"pa_brand-marke-nikon","11":"pa_produkt-typ-fernglas","13":"first","14":"instock","15":"sale","16":"taxable","17":"shipping-taxable","18":"product-type-external"},"bundled_by":[],"bundle_stock_status":"instock","bundle_stock_quantity":null,"bundle_virtual":false,"bundle_layout":"","bundle_add_to_cart_form_location":"","bundle_editable_in_cart":false,"bundle_sold_individually_context":"","bundle_item_grouping":"","bundle_min_size":"","bundle_max_size":"","bundle_price":[],"bundled_items":[],"bundle_sell_ids":[],"_links":{"self":[{"href":"https:\/\/ddoptics.shop\/pl\/wp-json\/wp\/v2\/product\/16904","targetHints":{"allow":["GET"]}}],"collection":[{"href":"https:\/\/ddoptics.shop\/pl\/wp-json\/wp\/v2\/product"}],"about":[{"href":"https:\/\/ddoptics.shop\/pl\/wp-json\/wp\/v2\/types\/product"}],"replies":[{"embeddable":true,"href":"https:\/\/ddoptics.shop\/pl\/wp-json\/wp\/v2\/comments?post=16904"}],"version-history":[{"count":4,"href":"https:\/\/ddoptics.shop\/pl\/wp-json\/wp\/v2\/product\/16904\/revisions"}],"predecessor-version":[{"id":28569,"href":"https:\/\/ddoptics.shop\/pl\/wp-json\/wp\/v2\/product\/16904\/revisions\/28569"}],"wp:featuredmedia":[{"embeddable":true,"href":"https:\/\/ddoptics.shop\/pl\/wp-json\/wp\/v2\/media\/16912"}],"wp:attachment":[{"href":"https:\/\/ddoptics.shop\/pl\/wp-json\/wp\/v2\/media?parent=16904"}],"wp:term":[{"taxonomy":"product_brand","embeddable":true,"href":"https:\/\/ddoptics.shop\/pl\/wp-json\/wp\/v2\/product_brand?post=16904"},{"taxonomy":"product_cat","embeddable":true,"href":"https:\/\/ddoptics.shop\/pl\/wp-json\/wp\/v2\/product_cat?post=16904"},{"taxonomy":"product_tag","embeddable":true,"href":"https:\/\/ddoptics.shop\/pl\/wp-json\/wp\/v2\/product_tag?post=16904"}],"curies":[{"name":"wp","href":"https:\/\/api.w.org\/{rel}","templated":true}]}}