{"id":16962,"date":"2019-03-14T12:12:56","date_gmt":"2019-03-14T11:12:56","guid":{"rendered":"https:\/\/ddoptics.shop\/?post_type=product&#038;p=16962"},"modified":"2025-12-16T16:06:02","modified_gmt":"2025-12-16T15:06:02","slug":"lornetka-steiner-safari-ultrasharp-10x42","status":"publish","type":"product","link":"https:\/\/ddoptics.shop\/pl\/kaufen\/steiner-safari-ultrasharp-10x42-fernglas\/","title":{"rendered":"Lornetka Steiner Safari Ultrasharp 10\u00d742"},"content":{"rendered":"<h2>Lornetka Steiner Safari UltraSharp 10\u00d742<\/h2>\n<p>Wszechstronno\u015b\u0107 <strong>10-krotne powi\u0119kszenie i szybki obiektyw 42 mm<\/strong> dla maksymalnego rozpoznawania szczeg\u00f3\u0142\u00f3w, zar\u00f3wno z bliska, jak i z daleka. Dla ambitnych pocz\u0105tkuj\u0105cych w bran\u017cy outdoorowej.<\/p>\n<p>S\u0142o\u0144ce, deszcz czy kurz - wytrzyma\u0142a lornetka safari w zestawie <strong>praktyczna konstrukcja STEINER<\/strong> wytrzymuje ka\u017cde warunki dzi\u0119ki wytrzyma\u0142ej obudowie, <strong>Wodoodporno\u015b\u0107 i funkcjonalno\u015b\u0107 w zakresie temperatur<\/strong> od -20 \u00b0C do +70 \u00b0C<\/p>\n<p>Lornetka posiada <strong>lekki i nowoczesny design,<\/strong> jest wygodny i przyjazny dla u\u017cytkownika. W zestawie <strong>Znana na ca\u0142ym \u015bwiecie jasno\u015b\u0107 obrazu Steiner, dok\u0142adno\u015b\u0107 kolor\u00f3w i wytrzyma\u0142o\u015b\u0107<\/strong> oferuj\u0105 maksymaln\u0105 wydajno\u015b\u0107 optyczn\u0105 - i wi\u0119cej zabawy podczas przyg\u00f3d.<\/p>\n<h3>Safari UltraSharp <a href=\"https:\/\/ddoptics.shop\/pl\/sklep\/lornetka\/powiekszenie-lornetki\/10-krotna-poprawa\/\" target=\"_blank\" rel=\"noopener\" data-schema-attribute=\"\">10<\/a>x42 z now\u0105, innowacyjn\u0105 optyk\u0105<\/h3>\n<p>Z nowym <strong>Koncepcja optyki UltraSharp<\/strong> STEINER wyznacza nowy standard dla odnosz\u0105cej sukcesy serii Safari.<strong> bezkonkurencyjny punkt odniesienia w zakresie wydajno\u015bci por\u0119cznych lornetek zewn\u0119trznych.<\/strong>\u00a0Fascynuj\u0105ca ostro\u015b\u0107 a\u017c do <strong>Marginalny obszar, niesamowity blask kolor\u00f3w<\/strong> Nawet w trudnych warunkach o\u015bwietleniowych i \u017cywy obraz 3D charakteryzuj\u0105 nowo opracowan\u0105 optyk\u0119 o wysokim kontra\u015bcie.<\/p>\n<p>Te lornetki zapewniaj\u0105 <strong>Safari fotograficzne, rejsy po oceanie, koncerty, wydarzenia sportowe<\/strong> zobacz i do\u015bwiadcz znacznie wi\u0119cej. Wszechstronne 10-krotne powi\u0119kszenie i cienki obiektyw 42 mm zapewniaj\u0105 maksymalne rozpoznawanie szczeg\u00f3\u0142\u00f3w z bliska i daleka. Zdj\u0119cia: program partnerski amazon<\/p>\n<h3>G\u0142\u00f3wne cechy\u00a0<a href=\"https:\/\/de.wikipedia.org\/wiki\/Steiner-Optik\" target=\"_blank\" rel=\"noopener sponsored\" data-schema-attribute=\"\">Steiner<\/a>\u00a0Lornetka Safari UltraSharp 10\u00d742<\/h3>\n<ul>\n<li>Optyka o wysokim kontra\u015bcie: Zapewnia jasny obraz o wysokim kontra\u015bcie, wysok\u0105 ostro\u015b\u0107 kontur\u00f3w i doskona\u0142e wra\u017cenia podczas ogl\u0105dania 3D z naturalnym odwzorowaniem kolor\u00f3w w odleg\u0142o\u015bci do 2 m.<\/li>\n<li>Fast-Close-Focus: Minimalne, bezstopniowe ustawianie ostro\u015bci na centralnym nap\u0119dzie dla szybkiej, absolutnej ostro\u015bci od zbli\u017cenia do niesko\u0144czono\u015bci. Wygodne i \u0142atwe ustawianie ostro\u015bci.<\/li>\n<li>Cylindryczne, obrotowe muszle oczne: wykonane z mi\u0119kkiego, przyjaznego dla sk\u00f3ry i odpornego na starzenie silikonu.<\/li>\n<li>ClicLoc: zapewnia, \u017ce lornetka jest zawsze mocno przymocowana do paska, ale mo\u017cna j\u0105 r\u00f3wnie\u017c od\u0142\u0105czy\u0107 i ponownie przymocowa\u0107 w ci\u0105gu kilku sekund.<\/li>\n<li>Lekka i ergonomiczna konstrukcja: gumowane elementy steruj\u0105ce zapewniaj\u0105 wygodn\u0105 i d\u0142ugotrwa\u0142\u0105 obserwacj\u0119 oraz skuteczn\u0105 redukcj\u0119 ha\u0142asu. Wg\u0142\u0119bienia na palce zapewniaj\u0105 doskona\u0142\u0105 przyczepno\u015b\u0107, nawet w r\u0119kawiczkach.<\/li>\n<li>Wyj\u0105tkowa wytrzyma\u0142o\u015b\u0107: trwa\u0142a obudowa, wodoodporna i funkcjonalna w zakresie temperatur od -20 \u00b0C do +70 \u00b0C. Antypo\u015blizgowy pancerz z gumy NBR Longlife jest odporny na oleje, kwasy i warunki atmosferyczne.<\/li>\n<\/ul>","protected":false},"excerpt":{"rendered":"<p><strong>Korzystne lornetki od Steinera<\/strong> - Jasny, kontrastowy, wytrzyma\u0142y, wodoodporny, idealny do podr\u00f3\u017cy, w\u0119dr\u00f3wek, koncert\u00f3w, sportu i obserwacji przyrody.<\/p>","protected":false},"featured_media":16966,"comment_status":"open","ping_status":"closed","template":"","meta":{"inline_featured_image":false,"footnotes":""},"product_brand":[],"product_cat":[878],"product_tag":[558,897,896,898],"class_list":{"0":"post-16962","1":"product","2":"type-product","3":"status-publish","4":"has-post-thumbnail","6":"product_cat-diverse-fernglaeser","7":"product_tag-fernglas-10x42","8":"product_tag-steiner-fernglas","9":"product_tag-steiner-safari","10":"product_tag-steiner-safari-10x42","11":"pa_brand-marke-steiner","12":"pa_produkt-typ-fernglas","14":"first","15":"instock","16":"sale","17":"taxable","18":"shipping-taxable","19":"product-type-external"},"bundled_by":[],"bundle_stock_status":"instock","bundle_stock_quantity":null,"bundle_virtual":false,"bundle_layout":"","bundle_add_to_cart_form_location":"","bundle_editable_in_cart":false,"bundle_sold_individually_context":"","bundle_item_grouping":"","bundle_min_size":"","bundle_max_size":"","bundle_price":[],"bundled_items":[],"bundle_sell_ids":[],"_links":{"self":[{"href":"https:\/\/ddoptics.shop\/pl\/wp-json\/wp\/v2\/product\/16962","targetHints":{"allow":["GET"]}}],"collection":[{"href":"https:\/\/ddoptics.shop\/pl\/wp-json\/wp\/v2\/product"}],"about":[{"href":"https:\/\/ddoptics.shop\/pl\/wp-json\/wp\/v2\/types\/product"}],"replies":[{"embeddable":true,"href":"https:\/\/ddoptics.shop\/pl\/wp-json\/wp\/v2\/comments?post=16962"}],"version-history":[{"count":3,"href":"https:\/\/ddoptics.shop\/pl\/wp-json\/wp\/v2\/product\/16962\/revisions"}],"predecessor-version":[{"id":29464,"href":"https:\/\/ddoptics.shop\/pl\/wp-json\/wp\/v2\/product\/16962\/revisions\/29464"}],"wp:featuredmedia":[{"embeddable":true,"href":"https:\/\/ddoptics.shop\/pl\/wp-json\/wp\/v2\/media\/16966"}],"wp:attachment":[{"href":"https:\/\/ddoptics.shop\/pl\/wp-json\/wp\/v2\/media?parent=16962"}],"wp:term":[{"taxonomy":"product_brand","embeddable":true,"href":"https:\/\/ddoptics.shop\/pl\/wp-json\/wp\/v2\/product_brand?post=16962"},{"taxonomy":"product_cat","embeddable":true,"href":"https:\/\/ddoptics.shop\/pl\/wp-json\/wp\/v2\/product_cat?post=16962"},{"taxonomy":"product_tag","embeddable":true,"href":"https:\/\/ddoptics.shop\/pl\/wp-json\/wp\/v2\/product_tag?post=16962"}],"curies":[{"name":"wp","href":"https:\/\/api.w.org\/{rel}","templated":true}]}}