{"id":16972,"date":"2019-03-14T16:13:53","date_gmt":"2019-03-14T15:13:53","guid":{"rendered":"https:\/\/ddoptics.shop\/?post_type=product&#038;p=16972"},"modified":"2025-07-02T13:55:32","modified_gmt":"2025-07-02T11:55:32","slug":"lornetka-steiner-bluhorizons-8x22","status":"publish","type":"product","link":"https:\/\/ddoptics.shop\/pl\/kaufen\/steiner-bluhorizons-8x22-fernglas\/","title":{"rendered":"Lornetka Steiner BLUHORIZONS 8\u00d722"},"content":{"rendered":"<h2>Lornetka Steiner BluHorizons 8\u00d722 z technologi\u0105 Autobright<\/h2>\n<p><strong>Lornetka Steiner BLUHORIZONS<\/strong> s\u0105 specjalnie zaprojektowane dla wszystkich <strong>Poszukiwacz przyg\u00f3d na \u015bwie\u017cym powietrzu<\/strong> zaprojektowany. Co wi\u0119cej, BLUHORIZONS mie\u015bci si\u0119 w niemal ka\u017cdej kieszeni spodni, jest lekki i niezwykle wytrzyma\u0142y.<\/p>\n<p>Jak <strong>Pierwsza i jedyna na \u015bwiecie lornetka z soczewkami fotochromowymi.<\/strong> Oznacza to, \u017ce dostosowuje si\u0119 <strong>automatycznie do warunk\u00f3w o\u015bwietleniowych<\/strong> dzi\u0119ki czemu zawsze masz optymaln\u0105 widoczno\u015b\u0107, nawet w jasnym s\u0142o\u0144cu lub odblaskach \u015bwiat\u0142a.<\/p>\n<blockquote><p>Prawie nic nie jest bardziej irytuj\u0105ce ni\u017c bycie <strong>o\u015blepiony w decyduj\u0105cym momencie<\/strong> gdy patrzysz na wybrany motyw.<\/p><\/blockquote>\n<p>BLUHORIZONS z Autobright k\u0142adzie teraz kres tej irytacji i oferuje m\u0142odszym i starszym d\u0142ugotrwa\u0142\u0105 przyjemno\u015b\u0107 wizualn\u0105 podczas ka\u017cdej s\u0142onecznej przygody. Nie mru\u017c\u0105c oczu i nie doznaj\u0105c o\u015blepienia, mo\u017cesz ogl\u0105da\u0107 szeroki \u015bwiat w niezmiennie zrelaksowany spos\u00f3b.<\/p>\n<h3>Steiner <a href=\"https:\/\/ddoptics.shop\/pl\/sklep\/lornetka\/powiekszenie-lornetki\/8-krotna-poprawa\/\" target=\"_blank\" rel=\"noopener\" data-schema-attribute=\"\">8<\/a>Lornetka x22 z now\u0105, innowacyjn\u0105 optyk\u0105 BLUHORIZONS<\/h3>\n<p>BLUHORIZONS to <strong>Wsp\u00f3\u0142czynnik ochrony przeciws\u0142onecznej dla oczu<\/strong>. W zmieniaj\u0105cych si\u0119 warunkach o\u015bwietleniowych nasz <strong>Oczy ci\u0119\u017cko pracuj\u0105.<\/strong> Dzi\u0119ki technologii Autobright, BLUHORIZONS wspiera oczy nawet w jasnym \u015bwietle.<strong> warunki o\u015bwietleniowe i automatycznie reguluje ilo\u015b\u0107 przepuszczanego \u015bwiat\u0142a.<\/strong> staje si\u0119. Oznacza to, \u017ce oczy m\u0119cz\u0105 si\u0119 znacznie mniej i mo\u017cna si\u0119 zrelaksowa\u0107 i cieszy\u0107 ka\u017cdym widokiem. Zdj\u0119cia: program partnerski amazon.<\/p>\n<h3>G\u0142\u00f3wne cechy\u00a0<a href=\"https:\/\/de.wikipedia.org\/wiki\/Steiner-Optik\" target=\"_blank\" rel=\"noopener sponsored\" data-schema-attribute=\"\">Steiner <\/a>Lornetka BluHorizons 8\u00d722<\/h3>\n<ul>\n<li><strong>Szybka regulacja ostro\u015bci:<\/strong> Minimalne, bezstopniowe ustawianie ostro\u015bci na centralnym nap\u0119dzie zapewnia szybk\u0105, absolutn\u0105 ostro\u015b\u0107 od zbli\u017cenia do niesko\u0144czono\u015bci. Wygodne i \u0142atwe ustawianie ostro\u015bci.<\/li>\n<li><strong>Ergonomiczne muszle oczne<\/strong>Wykonane z przyjaznego dla sk\u00f3ry, odpornego na starzenie silikonu, zapewniaj\u0105 wygodn\u0105 obserwacj\u0119 i ochron\u0119 przed bocznym \u015bwiat\u0142em i przeci\u0105gami. \u0141atwe do z\u0142o\u017cenia w celu u\u017cycia z okularami.<\/li>\n<li><strong>Lekka konstrukcja:<\/strong> Zapewnia ostry jak brzytwa obraz w najmniejszych przestrzeniach, dzi\u0119ki czemu lornetk\u0119 mo\u017cna zabra\u0107 ze sob\u0105 wsz\u0119dzie.<\/li>\n<li>Technologia Autobright: Automatycznie optymalizuje przepuszczalno\u015b\u0107 \u015bwiat\u0142a obiektywu, zapewniaj\u0105c maksymaln\u0105 przejrzysto\u015b\u0107 w jasnych warunkach. Brak odblask\u00f3w od wody, piasku, \u015bniegu lub nieba. Bez mru\u017cenia oczu, zgadywania lub zm\u0119czenia oczu. Po prostu doskona\u0142y obraz.<\/li>\n<li>Ochrona oczu: Ekskluzywna technologia soczewek Steiner Autobright automatycznie dostosowuje jasno\u015b\u0107, aby zapewni\u0107 najlepsz\u0105 widoczno\u015b\u0107 w ka\u017cdej sytuacji o\u015bwietleniowej. Niezale\u017cnie od tego, czy s\u0142o\u0144ce znajduje si\u0119 tu\u017c pod horyzontem, \u015bwieci bezpo\u015brednio nad g\u0142ow\u0105, czy odbija si\u0119 od wody lub \u015bniegu pod ka\u017cdym k\u0105tem, BluHorizons s\u0105 zaprojektowane tak, aby poch\u0142ania\u0107 odpowiedni\u0105 ilo\u015b\u0107 \u015bwiat\u0142a i redukowa\u0107 odblaski, zapewniaj\u0105c optymaln\u0105 widoczno\u015b\u0107.<\/li>\n<li><strong>Ekstremalna wytrzyma\u0142o\u015b\u0107:<\/strong> Trwa\u0142a obudowa, wodoszczelno\u015b\u0107 i funkcjonalno\u015b\u0107 w zakresie temperatur od -20 \u00b0C do +70 \u00b0C. Antypo\u015blizgowy pancerz z gumy NBR Longlife jest odporny na oleje, kwasy i warunki atmosferyczne.<\/li>\n<li><strong>Szeroki zakres akcesori\u00f3w<\/strong> z wygodnym paskiem do przenoszenia i unikaln\u0105, wielofunkcyjn\u0105 torb\u0105 wykonan\u0105 z neoprenu.<\/li>\n<\/ul>","protected":false},"excerpt":{"rendered":"<p>Pierwsza na \u015bwiecie! Kompaktowa lornetka 8\u00d722 z <strong>Automatyczna regulacja przepuszczalno\u015bci \u015bwiat\u0142a<\/strong> obiektywu. Delikatny dla oczu.<\/p>","protected":false},"featured_media":16977,"comment_status":"open","ping_status":"closed","template":"","meta":{"inline_featured_image":false,"footnotes":""},"product_brand":[],"product_cat":[878],"product_tag":[904,901,899,897],"class_list":{"0":"post-16972","1":"product","2":"type-product","3":"status-publish","4":"has-post-thumbnail","6":"product_cat-diverse-fernglaeser","7":"product_tag-bluhorizons-8x22","8":"product_tag-fernglas-8x22","9":"product_tag-steiner-8x22","10":"product_tag-steiner-fernglas","11":"pa_brand-marke-steiner","12":"pa_produkt-typ-fernglas","14":"first","15":"instock","16":"sale","17":"taxable","18":"shipping-taxable","19":"product-type-external"},"bundled_by":[],"bundle_stock_status":"instock","bundle_stock_quantity":null,"bundle_virtual":false,"bundle_layout":"","bundle_add_to_cart_form_location":"","bundle_editable_in_cart":false,"bundle_sold_individually_context":"","bundle_item_grouping":"","bundle_min_size":"","bundle_max_size":"","bundle_price":[],"bundled_items":[],"bundle_sell_ids":[],"_links":{"self":[{"href":"https:\/\/ddoptics.shop\/pl\/wp-json\/wp\/v2\/product\/16972","targetHints":{"allow":["GET"]}}],"collection":[{"href":"https:\/\/ddoptics.shop\/pl\/wp-json\/wp\/v2\/product"}],"about":[{"href":"https:\/\/ddoptics.shop\/pl\/wp-json\/wp\/v2\/types\/product"}],"replies":[{"embeddable":true,"href":"https:\/\/ddoptics.shop\/pl\/wp-json\/wp\/v2\/comments?post=16972"}],"version-history":[{"count":3,"href":"https:\/\/ddoptics.shop\/pl\/wp-json\/wp\/v2\/product\/16972\/revisions"}],"predecessor-version":[{"id":28565,"href":"https:\/\/ddoptics.shop\/pl\/wp-json\/wp\/v2\/product\/16972\/revisions\/28565"}],"wp:featuredmedia":[{"embeddable":true,"href":"https:\/\/ddoptics.shop\/pl\/wp-json\/wp\/v2\/media\/16977"}],"wp:attachment":[{"href":"https:\/\/ddoptics.shop\/pl\/wp-json\/wp\/v2\/media?parent=16972"}],"wp:term":[{"taxonomy":"product_brand","embeddable":true,"href":"https:\/\/ddoptics.shop\/pl\/wp-json\/wp\/v2\/product_brand?post=16972"},{"taxonomy":"product_cat","embeddable":true,"href":"https:\/\/ddoptics.shop\/pl\/wp-json\/wp\/v2\/product_cat?post=16972"},{"taxonomy":"product_tag","embeddable":true,"href":"https:\/\/ddoptics.shop\/pl\/wp-json\/wp\/v2\/product_tag?post=16972"}],"curies":[{"name":"wp","href":"https:\/\/api.w.org\/{rel}","templated":true}]}}