{"id":17002,"date":"2019-03-15T11:40:08","date_gmt":"2019-03-15T10:40:08","guid":{"rendered":"https:\/\/ddoptics.shop\/?post_type=product&#038;p=17002"},"modified":"2025-07-02T13:38:03","modified_gmt":"2025-07-02T11:38:03","slug":"lornetka-steiner-ranger-xtreme-8x56","status":"publish","type":"product","link":"https:\/\/ddoptics.shop\/pl\/kaufen\/steiner-ranger-xtreme-8x56-fernglas\/","title":{"rendered":"Lornetka Steiner Ranger Xtreme 8\u00d756"},"content":{"rendered":"<h2>Lornetka Steiner Ranger Xtreme 8\u00d756<\/h2>\n<p>Z <strong>Lornetka Ranger Xtreme 8\u00d756, Steiner wyra\u017anie chce spodoba\u0107 si\u0119 my\u015bliwym.<\/strong> jako grupa docelowa. Cz\u0119sto jeste\u015b na pocz\u0105tku lub dopiero na pocz\u0105tku swojej drogi.<strong> Koniec dnia polowania<\/strong> udane polowanie. Pow\u00f3d jest prosty - zwierz\u0119ta pojawiaj\u0105 si\u0119, gdy s\u0105 jeszcze dobrze zakamuflowane przez pierwsze promienie s\u0142o\u0144ca lub rosn\u0105c\u0105 ciemno\u015b\u0107.<\/p>\n<p>Ulepszona transmisja \u015bwiat\u0142a optyki rozwi\u0105zuje cienie, w kt\u00f3rych ukrywa si\u0119 gra i umo\u017cliwia<strong> Najlepsza rozpoznawalno\u015b\u0107 nawet w warunkach s\u0142abego o\u015bwietlenia.<\/strong> W dobrych warunkach o\u015bwietleniowych gra mo\u017ce by\u0107<strong> ciemne i g\u0119ste lasy<\/strong> mo\u017cna lepiej dostrzec. Dzi\u0119ki du\u017cej \u015brednicy obiektywu 56 mm jest przeznaczony do u\u017cytku pod <strong>trudne warunki o\u015bwietleniowe<\/strong> i stwarza niesamowite mo\u017cliwo\u015bci obserwacji w nocy.<\/p>\n<h3>Cechy szczeg\u00f3lne lunety Steiner Ranger Xtreme 8x<a href=\"https:\/\/ddoptics.shop\/pl\/sklep\/lornetka\/srednica-obiektywu-lornetki\/obiektyw-56-mm\/\" target=\"_blank\" rel=\"noopener\" data-schema-attribute=\"\">56<\/a> Lornetka<\/h3>\n<p>Dzi\u0119ki ulepszonej technologii i zaawansowanej konstrukcji <strong>Najnowsza generacja udanej serii STEINER Ranger<\/strong> nowe rekordy w swojej klasie.<\/p>\n<blockquote><p>Ostra optyka, wysoka przepuszczalno\u015b\u0107 \u015bwiat\u0142a i pole widzenia XL: zastosowano optyk\u0119 Steiner o wysokim kontra\u015bcie, kt\u00f3ra zapewnia szczeg\u00f3lnie jasne i kontrastowe obrazy.<\/p><\/blockquote>\n<p>The <strong>Du\u017ce pole widzenia<\/strong> zosta\u0142 zrealizowany dzi\u0119ki nowemu <strong>Seria Ranger Xtreme<\/strong> a osoby nosz\u0105ce okulary mog\u0105 wykorzysta\u0107 ca\u0142e pole widzenia. Wytrzyma\u0142a obudowa Makrolon zosta\u0142a wyposa\u017cona w zoptymalizowane gumowe pancerze, kt\u00f3re zapewniaj\u0105, \u017ce lornetka jest \u0142atwa do trzymania nawet w ekstremalnych warunkach. <strong>najtrudniejsze warunki, takie jak wilgo\u0107 i zimno<\/strong> znacznie si\u0119 poprawi\u0142a.<\/p>\n<p>The <strong>Du\u017ce ko\u0142o ogniskuj\u0105ce<\/strong> umo\u017cliwia \u0142atw\u0105 i bezpieczn\u0105 obs\u0142ug\u0119 - nawet w r\u0119kawicach. <strong>Szczelno\u015b\u0107 na ci\u015bnienie wody i nape\u0142nianie azotem<\/strong> sprawiaj\u0105, \u017ce te niezwykle lekkie lornetki s\u0105 wszechstronne i idealnie nadaj\u0105 si\u0119 do ka\u017cdego zastosowania. Seria STEINER Ranger Xtreme oferuje ambitnemu my\u015bliwemu <strong>wysokowydajne szk\u0142o w uczciwej cenie.<\/strong><\/p>\n<h3>G\u0142\u00f3wne cechy <a href=\"https:\/\/de.wikipedia.org\/wiki\/Steiner-Optik\" target=\"_blank\" rel=\"noopener sponsored\" data-schema-attribute=\"\">Steiner<\/a> Lornetka Ranger Xtreme 8\u00d756<\/h3>\n<ul>\n<li><strong>Optyka o wysokim kontra\u015bcie:<\/strong> Zapewnia jasny, kontrastowy obraz, wysok\u0105 ostro\u015b\u0107 kontur\u00f3w i doskona\u0142e wra\u017cenia podczas ogl\u0105dania 3D z naturalnym odwzorowaniem kolor\u00f3w w odleg\u0142o\u015bci do 2 m.<\/li>\n<li><strong>Pole widzenia XL:<\/strong> Zapewnia przegl\u0105d i umo\u017cliwia wygodn\u0105 obserwacj\u0119.<\/li>\n<li><strong>Szybka regulacja ostro\u015bci:<\/strong> Minimalne, bezstopniowe ustawianie ostro\u015bci na centralnym nap\u0119dzie zapewnia szybk\u0105, absolutn\u0105 ostro\u015b\u0107 od zbli\u017cenia do niesko\u0144czono\u015bci. Wygodne i \u0142atwe ustawianie ostro\u015bci.<\/li>\n<li><strong>Nape\u0142nianie azotem pod ci\u015bnieniem:<\/strong> To zaawansowane technologicznie rozwi\u0105zanie firmy STEINER ca\u0142kowicie eliminuje zaparowanie lub tworzenie si\u0119 skroplin wewn\u0105trz lornetki. Dzi\u0119ki technologii 2-dro\u017cnego zaworu, lornetka mo\u017ce by\u0107 serwisowana w dowolnym momencie, nawet po wielu latach.<\/li>\n<li><strong>Ergonomiczne, obrotowe muszle oczne:<\/strong> Wykonana z przyjaznego dla sk\u00f3ry, odpornego na starzenie silikonu. Umo\u017cliwia wygodn\u0105 obserwacj\u0119 i ochron\u0119 przed \u015bwiat\u0142em i przeci\u0105gami z boku. \u0141atwa do z\u0142o\u017cenia w celu u\u017cycia z okularami.<\/li>\n<li><strong>ClicLoc:<\/strong> Lornetka jest zawsze mocno przymocowana do paska, ale mo\u017cna j\u0105 r\u00f3wnie\u017c odczepi\u0107 i ponownie przymocowa\u0107 w ci\u0105gu kilku sekund.<\/li>\n<li><strong>Lekka i ergonomiczna konstrukcja:<\/strong> Gumowane elementy obs\u0142ugowe zapewniaj\u0105 wygodn\u0105 i d\u0142ugotrwa\u0142\u0105 obserwacj\u0119 oraz skuteczn\u0105 redukcj\u0119 ha\u0142asu. Wg\u0142\u0119bienia na palce zapewniaj\u0105 doskona\u0142\u0105 przyczepno\u015b\u0107, nawet w r\u0119kawiczkach.<\/li>\n<li><strong>Wyj\u0105tkowa wytrzyma\u0142o\u015b\u0107:<\/strong> Wytrzyma\u0142a obudowa Makrolon wykonana z poliw\u0119glanu, wodoszczelno\u015b\u0107 do 3 m, wype\u0142nienie azotem pod ci\u015bnieniem zapobiegaj\u0105ce zaparowaniu wewn\u0105trz, zakres temperatur od -20 \u00b0C do +80 \u00b0C. Antypo\u015blizgowy pancerz z gumy NBR Longlife jest odporny na oleje, kwasy i warunki atmosferyczne. Odporno\u015b\u0107 na trudne warunki zapewnia niezawodne u\u017cytkowanie przez wiele pokole\u0144.<\/li>\n<li><strong>Wysokiej jako\u015bci akcesoria:<\/strong> Z torb\u0105, neoprenowym paskiem do przenoszenia ClicLoc, os\u0142on\u0105 przeciwdeszczow\u0105 i za\u015blepkami obiektywu.<\/li>\n<\/ul>","protected":false},"excerpt":{"rendered":"<p>The <strong>Steiner Ranger Xtreme 8\u00d756<\/strong> Lornetka. Ciesz si\u0119 <strong>Doskona\u0142a jako\u015b\u0107 obrazu, ostre szczeg\u00f3\u0142y, bardzo wysoka przepuszczalno\u015b\u0107 \u015bwiat\u0142a<\/strong> (92 %) w przypadku s\u0142abych warunk\u00f3w o\u015bwietleniowych.<\/p>","protected":false},"featured_media":17007,"comment_status":"open","ping_status":"closed","template":"","meta":{"inline_featured_image":false,"footnotes":""},"product_brand":[],"product_cat":[878],"product_tag":[75,93,566,80,84,908,909],"class_list":{"0":"post-17002","1":"product","2":"type-product","3":"status-publish","4":"has-post-thumbnail","6":"product_cat-diverse-fernglaeser","7":"product_tag-8x56","8":"product_tag-ansitzglas","9":"product_tag-fernglas-8x56","10":"product_tag-gen-3","11":"product_tag-nachtfernglas","12":"product_tag-steiner-8x56","13":"product_tag-steiner-ranger-xtreme","14":"product_shipping_class-paket","15":"pa_brand-marke-steiner","16":"pa_farbe-schwarz","17":"pa_produkt-typ-fernglas","19":"first","20":"instock","21":"sale","22":"taxable","23":"shipping-taxable","24":"product-type-external"},"bundled_by":[],"bundle_stock_status":"instock","bundle_stock_quantity":null,"bundle_virtual":false,"bundle_layout":"","bundle_add_to_cart_form_location":"","bundle_editable_in_cart":false,"bundle_sold_individually_context":"","bundle_item_grouping":"","bundle_min_size":"","bundle_max_size":"","bundle_price":[],"bundled_items":[],"bundle_sell_ids":[],"_links":{"self":[{"href":"https:\/\/ddoptics.shop\/pl\/wp-json\/wp\/v2\/product\/17002","targetHints":{"allow":["GET"]}}],"collection":[{"href":"https:\/\/ddoptics.shop\/pl\/wp-json\/wp\/v2\/product"}],"about":[{"href":"https:\/\/ddoptics.shop\/pl\/wp-json\/wp\/v2\/types\/product"}],"replies":[{"embeddable":true,"href":"https:\/\/ddoptics.shop\/pl\/wp-json\/wp\/v2\/comments?post=17002"}],"version-history":[{"count":3,"href":"https:\/\/ddoptics.shop\/pl\/wp-json\/wp\/v2\/product\/17002\/revisions"}],"predecessor-version":[{"id":24707,"href":"https:\/\/ddoptics.shop\/pl\/wp-json\/wp\/v2\/product\/17002\/revisions\/24707"}],"wp:featuredmedia":[{"embeddable":true,"href":"https:\/\/ddoptics.shop\/pl\/wp-json\/wp\/v2\/media\/17007"}],"wp:attachment":[{"href":"https:\/\/ddoptics.shop\/pl\/wp-json\/wp\/v2\/media?parent=17002"}],"wp:term":[{"taxonomy":"product_brand","embeddable":true,"href":"https:\/\/ddoptics.shop\/pl\/wp-json\/wp\/v2\/product_brand?post=17002"},{"taxonomy":"product_cat","embeddable":true,"href":"https:\/\/ddoptics.shop\/pl\/wp-json\/wp\/v2\/product_cat?post=17002"},{"taxonomy":"product_tag","embeddable":true,"href":"https:\/\/ddoptics.shop\/pl\/wp-json\/wp\/v2\/product_tag?post=17002"}],"curies":[{"name":"wp","href":"https:\/\/api.w.org\/{rel}","templated":true}]}}