{"id":17034,"date":"2019-03-16T12:19:04","date_gmt":"2019-03-16T11:19:04","guid":{"rendered":"https:\/\/ddoptics.shop\/?post_type=product&#038;p=17034"},"modified":"2025-07-02T13:10:47","modified_gmt":"2025-07-02T11:10:47","slug":"kieszonkowa-lornetka-bresser-hunter-10x25","status":"publish","type":"product","link":"https:\/\/ddoptics.shop\/pl\/kaufen\/bresser-fernglas-hunter-10x25-taschenfernglas\/","title":{"rendered":"Lornetka BRESSER HUNTER 10\u00d725 - Lornetka kieszonkowa"},"content":{"rendered":"<h2>Lornetka BRESSER Hunter 10\u00d725 - sk\u0142adana mini lornetka kieszonkowa<\/h2>\n<blockquote><p>Okazjonalna szklanka idealna do w\u0119dr\u00f3wek z plecakiem.<\/p><\/blockquote>\n<p>The <strong>Lornetka BRESSER Hunter 10\u00d725<\/strong> w nowej ods\u0142onie imponuje stosunkiem ceny do wydajno\u015bci. Dzi\u0119ki kompaktowej i por\u0119cznej konstrukcji ta niedroga seria modeli jest idealnym towarzyszem w wielu sytuacjach. Model <strong>W pe\u0142ni powlekana optyka i solidna mechanika<\/strong> umo\u017cliwiaj\u0105 dobre i <strong>wierne odwzorowanie kolor\u00f3w.<\/strong><\/p>\n<p>Ergonomiczny kszta\u0142t pancerza i antypo\u015blizgowa guma zapewniaj\u0105 pewny chwyt. Wbudowane szk\u0142o optyczne BK-7 zapewnia dobre odwzorowanie obrazu. Szk\u0142o to jest <strong>Idealny do w\u0119dr\u00f3wek i innych aktywno\u015bci na \u015bwie\u017cym powietrzu<\/strong> odpowiedni. Dzi\u0119ki kompaktowej konstrukcji i niewielkiej wadze mo\u017cna go \u0142atwo schowa\u0107 i zajmuje bardzo ma\u0142o miejsca w baga\u017cu.<\/p>\n<h3>Optyka \u015bredniej jako\u015bci dla lornetki BRESSER Hunter 10\u00d725 - OK w stosunku do ceny<\/h3>\n<p>Lornetka jest idealna dla ka\u017cdego, kto lubi podr\u00f3\u017cowa\u0107 i <strong>tylko od czasu do czasu para lornetek<\/strong> lub podczas podr\u00f3\u017cy, gdzie mo\u017ce si\u0119 zgubi\u0107. Bresser obiecuje, \u017ce w pe\u0142ni powlekana, niebieska optyka dobrze odwzorowuje obrazy. Zale\u017cy to jednak wy\u0142\u0105cznie od wymaga\u0144 u\u017cytkownika. W tym przypadku<strong> Odwzorowanie obrazu nie jest oczywi\u015bcie por\u00f3wnywalne z dro\u017cszymi lornetkami.<\/strong> Na 1000 metr\u00f3w masz ju\u017c widzenie tunelowe z mniejszym polem widzenia wynosz\u0105cym 96 metr\u00f3w.<\/p>\n<h3>Jako\u015b\u0107 przetwarzania - akceptowalna w stosunku do ceny<\/h3>\n<p>The <strong>Zrozumia\u0142e jest, \u017ce jako\u015b\u0107 wykonania nie jest tak wysoka<\/strong> jak w przypadku drogich modeli. Bior\u0105c jednak pod uwag\u0119 cen\u0119, mo\u017cna powiedzie\u0107, \u017ce nie nale\u017cy si\u0119 tego spodziewa\u0107. Je\u015bli chcesz u\u017cywa\u0107 lornetki cz\u0119\u015bciej, pr\u0119dzej czy p\u00f3\u017aniej b\u0119dziesz musia\u0142 kupi\u0107 co\u015b innego. Zdj\u0119cia: program partnerski amazon<\/p>\n<h3>G\u0142\u00f3wne cechy lornetki Bresser Hunter 10\u00d725<\/h3>\n<ul>\n<li>Kieszonkowa lornetka Hunter o konstrukcji dachowej posiada 10-krotne powi\u0119kszenie.<\/li>\n<li>Du\u017cy nap\u0119d centralny umo\u017cliwia szybkie ustawianie ostro\u015bci, a korpus lornetki ma gumowy pancerz.<\/li>\n<li>Pryzmaty BK-7 i obiektyw o \u015brednicy 25 mm zapewniaj\u0105 pole widzenia 96 metr\u00f3w w odleg\u0142o\u015bci 1000 metr\u00f3w, a wsp\u00f3\u0142czynnik zmierzchu wynosi 15,81.<\/li>\n<li>Sk\u0142adane muszle oczne zapewniaj\u0105 r\u00f3wnie\u017c komfort widzenia osobom nosz\u0105cym okulary, a dzi\u0119ki kompaktowym wymiarom zmieszcz\u0105 si\u0119 w ka\u017cdej kieszeni.<\/li>\n<li>Wymiary: 112x108x33 mm \/ Waga: 203 g<\/li>\n<li>Zakres dostawy: lornetka; pasek do przenoszenia; torba; \u015bciereczka<\/li>\n<\/ul>","protected":false},"excerpt":{"rendered":"<p>Dzi\u0119ki temu<strong> Optyka rekreacyjna Bresser 10\u00d725<\/strong> jeste\u015b wyposa\u017cony do okazjonalnego u\u017cytku!<\/p>\n<p>Mini lornetka idealna do <strong>D\u0142ugie podr\u00f3\u017ce i niskie bud\u017cety<\/strong> - nawet je\u015bli <strong>zgubione lub skradzione<\/strong> staje si\u0119.<\/p>","protected":false},"featured_media":17037,"comment_status":"open","ping_status":"closed","template":"","meta":{"inline_featured_image":false,"footnotes":""},"product_brand":[],"product_cat":[878],"product_tag":[913,911,910,912,914],"class_list":{"0":"post-17034","1":"product","2":"type-product","3":"status-publish","4":"has-post-thumbnail","6":"product_cat-diverse-fernglaeser","7":"product_tag-10x25-fernglas","8":"product_tag-bresser-10x25-fernglas","9":"product_tag-bresser-fernglas","10":"product_tag-bresser-taschenfernglas","11":"product_tag-mini-fernglas","12":"pa_brand-marke-bresser","13":"pa_produkt-typ-fernglas","15":"first","16":"instock","17":"sale","18":"taxable","19":"shipping-taxable","20":"product-type-external"},"bundled_by":[],"bundle_stock_status":"instock","bundle_stock_quantity":null,"bundle_virtual":false,"bundle_layout":"","bundle_add_to_cart_form_location":"","bundle_editable_in_cart":false,"bundle_sold_individually_context":"","bundle_item_grouping":"","bundle_min_size":"","bundle_max_size":"","bundle_price":[],"bundled_items":[],"bundle_sell_ids":[],"_links":{"self":[{"href":"https:\/\/ddoptics.shop\/pl\/wp-json\/wp\/v2\/product\/17034","targetHints":{"allow":["GET"]}}],"collection":[{"href":"https:\/\/ddoptics.shop\/pl\/wp-json\/wp\/v2\/product"}],"about":[{"href":"https:\/\/ddoptics.shop\/pl\/wp-json\/wp\/v2\/types\/product"}],"replies":[{"embeddable":true,"href":"https:\/\/ddoptics.shop\/pl\/wp-json\/wp\/v2\/comments?post=17034"}],"version-history":[{"count":3,"href":"https:\/\/ddoptics.shop\/pl\/wp-json\/wp\/v2\/product\/17034\/revisions"}],"predecessor-version":[{"id":28561,"href":"https:\/\/ddoptics.shop\/pl\/wp-json\/wp\/v2\/product\/17034\/revisions\/28561"}],"wp:featuredmedia":[{"embeddable":true,"href":"https:\/\/ddoptics.shop\/pl\/wp-json\/wp\/v2\/media\/17037"}],"wp:attachment":[{"href":"https:\/\/ddoptics.shop\/pl\/wp-json\/wp\/v2\/media?parent=17034"}],"wp:term":[{"taxonomy":"product_brand","embeddable":true,"href":"https:\/\/ddoptics.shop\/pl\/wp-json\/wp\/v2\/product_brand?post=17034"},{"taxonomy":"product_cat","embeddable":true,"href":"https:\/\/ddoptics.shop\/pl\/wp-json\/wp\/v2\/product_cat?post=17034"},{"taxonomy":"product_tag","embeddable":true,"href":"https:\/\/ddoptics.shop\/pl\/wp-json\/wp\/v2\/product_tag?post=17034"}],"curies":[{"name":"wp","href":"https:\/\/api.w.org\/{rel}","templated":true}]}}