{"id":1781,"date":"2016-04-06T16:18:11","date_gmt":"2016-04-06T14:18:11","guid":{"rendered":"https:\/\/beta.optik-sport-shop.at\/kaufen\/ddoptics-fernglas-edx-85x50\/"},"modified":"2025-07-03T13:16:13","modified_gmt":"2025-07-03T11:16:13","slug":"ddoptics-lornetka-edx-8komma5x50","status":"publish","type":"product","link":"https:\/\/ddoptics.shop\/pl\/kaufen\/ddoptics-fernglas-edx-8komma5x50\/","title":{"rendered":"Lornetka DDoptics EDX 8.5\u00d750"},"content":{"rendered":"<div class=\"row\"  id=\"row-1937101678\">\n\n\t<div id=\"col-1001590320\" class=\"col medium-8 small-12 large-8\"  >\n\t\t\t\t<div class=\"col-inner\"  >\n\t\t\t\n\t\t\t\n<div>\n<h2>Lornetka DDoptics EDX 8.5\u00d750 | Wysokiej klasy lornetka - niesamowita lekko\u015b\u0107 i najja\u015bniejszy obraz<\/h2>\n<p><strong>Niewiarygodne - <\/strong>prawdziwy dalszy ci\u0105g <strong>Highlight dla my\u015bliwych za oko\u0142o 1000 euro<br \/>\n<\/strong><\/p>\n<p>Najja\u015bniejszy <strong>Blask <\/strong>na<strong> Odwzorowanie kolor\u00f3w<\/strong>, <strong>Najwy\u017csza rozdzielczo\u015b\u0107 i wysoki kontrast<\/strong> po\u0142\u0105czony z <strong>Niezwykle szerokie pole widzenia nauczy\u0142o konkurencj\u0119 premium ci\u0119\u017ckiej drogi.<\/strong><\/p>\n<p><strong>Nasza opinia:<\/strong> The <strong>Szk\u0142o to niesamowite szale\u0144stwo obrazu<\/strong> - i - w <strong>Podsumowuj\u0105c, lornetka o stosunku ceny do jako\u015bci, kt\u00f3ry jest obecnie trudny do pobicia.<\/strong><\/p>\n<p>The <strong>EDX 8.5\u00d750 oferuje swojemu w\u0142a\u015bcicielowi maksymaln\u0105 wydajno\u015b\u0107 optyczn\u0105, wysok\u0105 jako\u015b\u0107, ergonomi\u0119 i wytrzyma\u0142o\u015b\u0107<\/strong> - i to przy najni\u017cszej wadze. Rozdzielczo\u015b\u0107 jest najwy\u017cszej klasy.<\/p>\n<p>Tak zwana korekcja apochromatyczna (APO) niezawodnie zapobiega powstawaniu kolorowych obw\u00f3dek na przej\u015bciach \u015bwiat\u0142o-ciemno\u015b\u0107 w EDX 8.5\u00d750. Korekcja <strong>\u0179renica wyj\u015bciowa 5,88 mm<\/strong> jest idealny do u\u017cytku o zmierzchu. 50 mm <strong>\u015arednica obiektywu<\/strong> idealnie nadaje si\u0119 do zmierzchu - nawet dla <strong>Dalsze obserwacje przyrodnicze<\/strong> z 8,5-krotnym powi\u0119kszeniem.<\/p>\n<\/div>\n\t\t<\/div>\n\t\t\t\t\n<style>\n#col-1001590320 > .col-inner {\n  margin: 0px 0px -30px 0px;\n}\n<\/style>\n\t<\/div>\n\n\t\n\n\t<div id=\"col-473932492\" class=\"col medium-4 small-12 large-4\"  >\n\t\t\t\t<div class=\"col-inner\"  >\n\t\t\t\n\t\t\t\n\t<div class=\"img has-hover x md-x lg-x y md-y lg-y\" id=\"image_1022479307\">\n\t\t\t\t\t\t\t\t<div class=\"img-inner dark\" >\n\t\t\t\t\t\t\t\t\t\n\t\t\t\t\t<\/div>\n\t\t\t\t\t\t\t\t\n<style>\n#image_1022479307 {\n  width: 100%;\n}\n<\/style>\n\t<\/div>\n\t\n\t<div class=\"img has-hover x md-x lg-x y md-y lg-y\" id=\"image_694973675\">\n\t\t<a class=\"\" href=\"https:\/\/www.shop.ddoptics.de\/garantiebestimmungen\" target=\"_blank\" rel=\"noopener\">\t\t\t\t\t\t<div class=\"img-inner dark\" >\n\t\t\t<img decoding=\"async\" width=\"352\" height=\"160\" src=\"https:\/\/ddoptics.shop\/wp-content\/uploads\/2014\/09\/DDoptics-Garantie.jpg\" class=\"attachment-large size-large\" alt=\"Gwarancja DDoptics\" srcset=\"https:\/\/ddoptics.shop\/wp-content\/uploads\/2014\/09\/DDoptics-Garantie.jpg 352w, https:\/\/ddoptics.shop\/wp-content\/uploads\/2014\/09\/DDoptics-Garantie-304x138.jpg 304w, https:\/\/ddoptics.shop\/wp-content\/uploads\/2014\/09\/DDoptics-Garantie-305x139.jpg 305w, https:\/\/ddoptics.shop\/wp-content\/uploads\/2014\/09\/DDoptics-Garantie-250x114.jpg 250w\" sizes=\"(max-width: 352px) 100vw, 352px\" title=\"\">\t\t\t\t\t\t\n\t\t\t\t\t<\/div>\n\t\t\t\t\t\t<\/a>\t\t\n<style>\n#image_694973675 {\n  width: 100%;\n}\n<\/style>\n\t<\/div>\n\t\n<h3>Fakty dotycz\u0105ce lornetek DDoptics EDX<\/h3>\n\n\t\t<div class=\"icon-box featured-box icon-box-left text-left\"  >\n\t\t\t\t\t<div class=\"icon-box-img\" style=\"width: 32px\">\n\t\t\t\t<div class=\"icon\">\n\t\t\t\t\t<div class=\"icon-inner\" >\n\t\t\t\t\t\t<img decoding=\"async\" width=\"100\" height=\"83\" src=\"https:\/\/ddoptics.shop\/wp-content\/uploads\/2021\/05\/DDoptics-SHG-Icon.jpg\" class=\"attachment-medium size-medium\" alt=\"Ikona lornetki DDoptics SHG\" title=\"\">\t\t\t\t\t<\/div>\n\t\t\t\t<\/div>\n\t\t\t<\/div>\n\t\t\t\t<div class=\"icon-box-text last-reset\">\n\t\t\t\t\t\t\t\t\t\n<p><span data-sheets-value=\"{&quot;1&quot;:2,&quot;2&quot;:&quot;\u2705&quot;}\" data-sheets-userformat=\"{&quot;2&quot;:15297,&quot;3&quot;:{&quot;1&quot;:0},&quot;9&quot;:0,&quot;10&quot;:2,&quot;11&quot;:0,&quot;12&quot;:0,&quot;14&quot;:{&quot;1&quot;:2,&quot;2&quot;:0},&quot;15&quot;:&quot;Calibri, sans-serif&quot;,&quot;16&quot;:11}\">\u2705 <strong>Obraz o wysokiej czysto\u015bci i wiernych kolorach<\/strong><\/span><\/p>\n\t\t<\/div>\n\t<\/div>\n\t\n\t\n\n\t\t<div class=\"icon-box featured-box icon-box-left text-left\"  >\n\t\t\t\t\t<div class=\"icon-box-img\" style=\"width: 32px\">\n\t\t\t\t<div class=\"icon\">\n\t\t\t\t\t<div class=\"icon-inner\" >\n\t\t\t\t\t\t<img decoding=\"async\" width=\"100\" height=\"83\" src=\"https:\/\/ddoptics.shop\/wp-content\/uploads\/2021\/05\/DDoptics-SHG-Icon.jpg\" class=\"attachment-medium size-medium\" alt=\"Ikona lornetki DDoptics SHG\" title=\"\">\t\t\t\t\t<\/div>\n\t\t\t\t<\/div>\n\t\t\t<\/div>\n\t\t\t\t<div class=\"icon-box-text last-reset\">\n\t\t\t\t\t\t\t\t\t\n<p>\u2705 <span data-sheets-value=\"{&quot;1&quot;:2,&quot;2&quot;:&quot;\u2705&quot;}\" data-sheets-userformat=\"{&quot;2&quot;:15297,&quot;3&quot;:{&quot;1&quot;:0},&quot;9&quot;:0,&quot;10&quot;:2,&quot;11&quot;:0,&quot;12&quot;:0,&quot;14&quot;:{&quot;1&quot;:2,&quot;2&quot;:0},&quot;15&quot;:&quot;Calibri, sans-serif&quot;,&quot;16&quot;:11}\">Tylko 868 gram\u00f3w<\/span><\/p>\n\t\t<\/div>\n\t<\/div>\n\t\n\t\n\n\t\t<div class=\"icon-box featured-box icon-box-left text-left\"  >\n\t\t\t\t\t<div class=\"icon-box-img\" style=\"width: 32px\">\n\t\t\t\t<div class=\"icon\">\n\t\t\t\t\t<div class=\"icon-inner\" >\n\t\t\t\t\t\t<img decoding=\"async\" width=\"100\" height=\"83\" src=\"https:\/\/ddoptics.shop\/wp-content\/uploads\/2021\/05\/DDoptics-SHG-Icon.jpg\" class=\"attachment-medium size-medium\" alt=\"Ikona lornetki DDoptics SHG\" title=\"\">\t\t\t\t\t<\/div>\n\t\t\t\t<\/div>\n\t\t\t<\/div>\n\t\t\t\t<div class=\"icon-box-text last-reset\">\n\t\t\t\t\t\t\t\t\t\n<p>\u2705 <span data-sheets-value=\"{&quot;1&quot;:2,&quot;2&quot;:&quot;\u2705&quot;}\" data-sheets-userformat=\"{&quot;2&quot;:15297,&quot;3&quot;:{&quot;1&quot;:0},&quot;9&quot;:0,&quot;10&quot;:2,&quot;11&quot;:0,&quot;12&quot;:0,&quot;14&quot;:{&quot;1&quot;:2,&quot;2&quot;:0},&quot;15&quot;:&quot;Calibri, sans-serif&quot;,&quot;16&quot;:11}\">Jasne wynagrodzenie<\/span><\/p>\n\t\t<\/div>\n\t<\/div>\n\t\n\t\n\n\t\t<div class=\"icon-box featured-box icon-box-left text-left\"  >\n\t\t\t\t\t<div class=\"icon-box-img\" style=\"width: 32px\">\n\t\t\t\t<div class=\"icon\">\n\t\t\t\t\t<div class=\"icon-inner\" >\n\t\t\t\t\t\t<img decoding=\"async\" width=\"100\" height=\"83\" src=\"https:\/\/ddoptics.shop\/wp-content\/uploads\/2021\/05\/DDoptics-SHG-Icon.jpg\" class=\"attachment-medium size-medium\" alt=\"Ikona lornetki DDoptics SHG\" title=\"\">\t\t\t\t\t<\/div>\n\t\t\t\t<\/div>\n\t\t\t<\/div>\n\t\t\t\t<div class=\"icon-box-text last-reset\">\n\t\t\t\t\t\t\t\t\t\n<p>\u2705 <span data-sheets-value=\"{&quot;1&quot;:2,&quot;2&quot;:&quot;\u2705&quot;}\" data-sheets-userformat=\"{&quot;2&quot;:15297,&quot;3&quot;:{&quot;1&quot;:0},&quot;9&quot;:0,&quot;10&quot;:2,&quot;11&quot;:0,&quot;12&quot;:0,&quot;14&quot;:{&quot;1&quot;:2,&quot;2&quot;:0},&quot;15&quot;:&quot;Calibri, sans-serif&quot;,&quot;16&quot;:11}\">Doskona\u0142a rozdzielczo\u015b\u0107 kraw\u0119dzi<\/span><\/p>\n\t\t<\/div>\n\t<\/div>\n\t\n\t\n\n\t\t<div class=\"icon-box featured-box icon-box-left text-left\"  >\n\t\t\t\t\t<div class=\"icon-box-img\" style=\"width: 32px\">\n\t\t\t\t<div class=\"icon\">\n\t\t\t\t\t<div class=\"icon-inner\" >\n\t\t\t\t\t\t<img decoding=\"async\" width=\"100\" height=\"83\" src=\"https:\/\/ddoptics.shop\/wp-content\/uploads\/2021\/05\/DDoptics-SHG-Icon.jpg\" class=\"attachment-medium size-medium\" alt=\"Ikona lornetki DDoptics SHG\" title=\"\">\t\t\t\t\t<\/div>\n\t\t\t\t<\/div>\n\t\t\t<\/div>\n\t\t\t\t<div class=\"icon-box-text last-reset\">\n\t\t\t\t\t\t\t\t\t\n<p>\u2705 <span data-sheets-value=\"{&quot;1&quot;:2,&quot;2&quot;:&quot;\u2705&quot;}\" data-sheets-userformat=\"{&quot;2&quot;:15297,&quot;3&quot;:{&quot;1&quot;:0},&quot;9&quot;:0,&quot;10&quot;:2,&quot;11&quot;:0,&quot;12&quot;:0,&quot;14&quot;:{&quot;1&quot;:2,&quot;2&quot;:0},&quot;15&quot;:&quot;Calibri, sans-serif&quot;,&quot;16&quot;:11}\">Pryzmaty Schmidt-Pechan<\/span><\/p>\n\t\t<\/div>\n\t<\/div>\n\t\n\t\n\n\t\t<div class=\"icon-box featured-box icon-box-left text-left\"  >\n\t\t\t\t\t<div class=\"icon-box-img\" style=\"width: 32px\">\n\t\t\t\t<div class=\"icon\">\n\t\t\t\t\t<div class=\"icon-inner\" >\n\t\t\t\t\t\t<img decoding=\"async\" width=\"100\" height=\"83\" src=\"https:\/\/ddoptics.shop\/wp-content\/uploads\/2021\/05\/DDoptics-SHG-Icon.jpg\" class=\"attachment-medium size-medium\" alt=\"Ikona lornetki DDoptics SHG\" title=\"\">\t\t\t\t\t<\/div>\n\t\t\t\t<\/div>\n\t\t\t<\/div>\n\t\t\t\t<div class=\"icon-box-text last-reset\">\n\t\t\t\t\t\t\t\t\t\n<p>\u2705 <span data-sheets-value=\"{&quot;1&quot;:2,&quot;2&quot;:&quot;\u2705&quot;}\" data-sheets-userformat=\"{&quot;2&quot;:15297,&quot;3&quot;:{&quot;1&quot;:0},&quot;9&quot;:0,&quot;10&quot;:2,&quot;11&quot;:0,&quot;12&quot;:0,&quot;14&quot;:{&quot;1&quot;:2,&quot;2&quot;:0},&quot;15&quot;:&quot;Calibri, sans-serif&quot;,&quot;16&quot;:11}\">Szybkie ustawianie ostro\u015bci<\/span><\/p>\n\t\t<\/div>\n\t<\/div>\n\t\n\t\n\t\t<\/div>\n\t\t\t\t\t<\/div>\n\n\t\n<\/div>\n<h3>Szk\u0142o ED w DDoptics EDX 8.5\u00d750: doskona\u0142e wy\u015bwietlanie obrazu i ostra rozdzielczo\u015b\u0107<\/h3>\n<p>The <strong>wypr\u00f3bowany i przetestowany system pryzmat\u00f3w dachowych (Schmidt Pechan)<\/strong> w po\u0142\u0105czeniu z ca\u0142kowicie nowo opracowanymi <strong>Rodzaje szk\u0142a<\/strong> harmonizuje obraz i zapewnia widzowi absolutne wra\u017cenia wizualne. Nowo opracowana dla EDX pow\u0142oka korekcji fazy PHC140 eliminuje 99 procent wszystkich niepo\u017c\u0105danych efekt\u00f3w falowo-optycznych.<\/p>\n<p>Rezultatem s\u0105 doskonale skoordynowane, wspania\u0142e kolory.<\/p>\n<h3>Innowacyjna pow\u0142oka soczewek gwarantuje ostre jak brzytwa kontury w lornetce 8.5\u00d750<\/h3>\n<p>Dodatkow\u0105 gwarancj\u0105 na to jest <strong>Specjalna pow\u0142oka DDlucid<\/strong>. Obie powierzchnie dachowe pryzmatu dachowego Schmidt-Pechan zosta\u0142y pokryte t\u0105 pow\u0142ok\u0105. Pow\u0142oka ta, pochodz\u0105ca z japo\u0144skiego przemys\u0142u fotograficznego, jest rozwini\u0119ciem dobrze znanej i wypr\u00f3bowanej pow\u0142oki ELR (Extra Low Reflection). DDlucid jest zatem <strong>najskuteczniejszych pow\u0142ok lornetkowych i wy\u0142\u0105cznie lornetek premium<\/strong> zastrze\u017cone.<\/p>\n<h3>Ma\u0142y, lekki i niezawodny - towarzysz na ca\u0142e \u017cycie<\/h3>\n<p>Szczeg\u00f3lnie podczas u\u017cytkowania w g\u00f3rach stawiane s\u0105 wysokie wymagania dotycz\u0105ce wytrzyma\u0142o\u015bci i lekko\u015bci. Wszystko jest proste w przypadku EDX 8.5\u00d750. Dzi\u0119ki materia\u0142om takim jak aluminium magnezowe i poliw\u0119glan, szk\u0142o jest wyj\u0105tkowo odporne na uderzenia, absolutnie odporne na uderzenia. <strong>wodoodporne i przeciwmgielne.<\/strong> Antypo\u015blizgowy pancerz wykonany z naturalnej gumy zapewnia wysok\u0105 przyczepno\u015b\u0107 i odporno\u015b\u0107 na po\u015blizg.<\/p>\n<p>Tylko z <strong>Ca\u0142y zakres ostro\u015bci mo\u017cna regulowa\u0107 o 1,5 obrotu<\/strong>. Gwarantuje to najszybsze przechwytywanie szczeg\u00f3\u0142\u00f3w.<\/p>\n<h3>DDoptics EDX 8.5\u00d750 - lornetka dla os\u00f3b nosz\u0105cych okulary - pe\u0142ne pole widzenia<\/h3>\n<p>Regulacja dioptrii dla os\u00f3b nosz\u0105cych okulary znajduje si\u0119 na prawym okularze. <strong>4 pozycje siatki mo\u017cna mocno zamocowa\u0107.<\/strong> Mo\u017cliwa jest niezamierzona regulacja.<\/p>\n<h3>Zalecane zastosowanie DDoptics EDX 8.5\u00d750<\/h3>\n<p>Sta\u0142a ostro\u015b\u0107 a\u017c do kraw\u0119dzi obrazu i <strong>Du\u017ce pole widzenia wynosz\u0105ce 102 metry oferuje fanom outdooru, w\u0119drowcom, ornitologom i my\u015bliwym g\u00f3rskim wra\u017cenia wizualne na najwy\u017cszym poziomie.<\/strong><\/p>","protected":false},"excerpt":{"rendered":"<p><img decoding=\"async\" class=\"alignnone wp-image-10471 size-full\" title=\"Polowanie - polowanie w ukryciu\" src=\"https:\/\/ddoptics.shop\/wp-content\/uploads\/2016\/04\/Ansitz-Jagd.jpg\" alt=\"Polowanie na stoisku\" width=\"50\" height=\"50\" \/><img decoding=\"async\" class=\"alignnone wp-image-10166 size-full\" title=\"Nocne polowanie\" src=\"https:\/\/ddoptics.shop\/wp-content\/uploads\/2016\/09\/Astronomie-klein.jpg\" alt=\"Lornetka astronomiczna\" width=\"50\" height=\"50\" \/><br \/>\nNarodzi\u0142a si\u0119 nowa gwiazda zmierzchu. 8,5x <strong>Lekka referencja od DDoptics z obiektywem 50 mm z szale\u0144stwem obrazu.<\/strong><\/p>","protected":false},"featured_media":1785,"comment_status":"open","ping_status":"closed","template":"","meta":{"inline_featured_image":false,"footnotes":""},"product_brand":[],"product_cat":[363,350,329,67,345],"product_tag":[85,78,86,564,84],"class_list":{"0":"post-1781","1":"product","2":"type-product","3":"status-publish","4":"has-post-thumbnail","6":"product_cat-50-mm-objektiv","7":"product_cat-85x-vergroesserung","8":"product_cat-ddoptics","9":"product_cat-fernglas","10":"product_cat-jagd-und-wild","11":"product_tag-8-5x50","12":"product_tag-ddoptics","13":"product_tag-edx","14":"product_tag-fernglas-8-5x50","15":"product_tag-nachtfernglas","16":"product_shipping_class-paket","17":"pa_brand-marke-ddoptics","18":"pa_farbe-schwarz","19":"pa_produkt-typ-fernglas","21":"first","22":"instock","23":"sale","24":"taxable","25":"shipping-taxable","26":"purchasable","27":"product-type-simple"},"bundled_by":[],"bundle_stock_status":"instock","bundle_stock_quantity":49,"bundle_virtual":false,"bundle_layout":"","bundle_add_to_cart_form_location":"","bundle_editable_in_cart":false,"bundle_sold_individually_context":"","bundle_item_grouping":"","bundle_min_size":"","bundle_max_size":"","bundle_price":[],"bundled_items":[],"bundle_sell_ids":[],"_links":{"self":[{"href":"https:\/\/ddoptics.shop\/pl\/wp-json\/wp\/v2\/product\/1781","targetHints":{"allow":["GET"]}}],"collection":[{"href":"https:\/\/ddoptics.shop\/pl\/wp-json\/wp\/v2\/product"}],"about":[{"href":"https:\/\/ddoptics.shop\/pl\/wp-json\/wp\/v2\/types\/product"}],"replies":[{"embeddable":true,"href":"https:\/\/ddoptics.shop\/pl\/wp-json\/wp\/v2\/comments?post=1781"}],"version-history":[{"count":7,"href":"https:\/\/ddoptics.shop\/pl\/wp-json\/wp\/v2\/product\/1781\/revisions"}],"predecessor-version":[{"id":28576,"href":"https:\/\/ddoptics.shop\/pl\/wp-json\/wp\/v2\/product\/1781\/revisions\/28576"}],"wp:featuredmedia":[{"embeddable":true,"href":"https:\/\/ddoptics.shop\/pl\/wp-json\/wp\/v2\/media\/1785"}],"wp:attachment":[{"href":"https:\/\/ddoptics.shop\/pl\/wp-json\/wp\/v2\/media?parent=1781"}],"wp:term":[{"taxonomy":"product_brand","embeddable":true,"href":"https:\/\/ddoptics.shop\/pl\/wp-json\/wp\/v2\/product_brand?post=1781"},{"taxonomy":"product_cat","embeddable":true,"href":"https:\/\/ddoptics.shop\/pl\/wp-json\/wp\/v2\/product_cat?post=1781"},{"taxonomy":"product_tag","embeddable":true,"href":"https:\/\/ddoptics.shop\/pl\/wp-json\/wp\/v2\/product_tag?post=1781"}],"curies":[{"name":"wp","href":"https:\/\/api.w.org\/{rel}","templated":true}]}}