{"id":1812,"date":"2016-04-07T13:28:18","date_gmt":"2016-04-07T11:28:18","guid":{"rendered":"https:\/\/beta.optik-sport-shop.at\/kaufen\/ziegler-suhler-einhakmontage-kontra\/"},"modified":"2025-11-04T14:07:20","modified_gmt":"2025-11-04T13:07:20","slug":"ziegler-suhler-hook-on-assembly-sem-contra","status":"publish","type":"product","link":"https:\/\/ddoptics.shop\/pl\/kaufen\/ziegler-suhler-einhakmontage-sem-kontra\/","title":{"rendered":"Ziegler - Suhl zesp\u00f3\u0142 pojedynczego haka SEM jako system przeciwstawny"},"content":{"rendered":"<div class=\"row\"  id=\"row-1629553577\">\n\n\t<div id=\"col-2052977449\" class=\"col medium-8 small-12 large-8\"  >\n\t\t\t\t<div class=\"col-inner\"  >\n\t\t\t\n\t\t\t\n<h2>Suhl z pojedynczym hakiem Kontra firmy Ziegler<\/h2>\n<p>Po dok\u0142adnych badaniach i testach, ten wyj\u0105tkowy <a title=\"Contra assembly Ziegler\" href=\"\/pl\/kup\/ziegler-suhler-hook-on-assembly-sem-contra\/\" target=\"_blank\" rel=\"noopener noreferrer\"><strong>Kontra Einhak Montage marki Ziegler<\/strong><\/a> w <strong>polerowane wyko\u0144czenie<\/strong> w sklepie. Monta\u017c ten oferuje bardzo ciekaw\u0105 opcj\u0119 dla my\u015bliwych i strzelc\u00f3w sportowych, kt\u00f3rzy chc\u0105 samodzielnie zamontowa\u0107 karabin.<\/p>\n<p>The <strong>Monta\u017c Contra<\/strong> jest <strong>Ziegler dodatkowy rozw\u00f3j dla standardowej broni ze standardowymi otworami monta\u017cowymi<\/strong>. Umo\u017cliwia to wykorzystanie wszystkich zalet najlepszych funkcji <strong>Zesp\u00f3\u0142 zaczepu Suhl<\/strong> dla czystych <strong>Monta\u017c na rurze centralnej 30 mm<\/strong> celownika teleskopowego.<\/p>\n<p>Kontra Montage jest prawdopodobnie jednym z <strong>najlepsze od\u0142\u0105czane mocowania lunet<\/strong> dla rur 30 mm na rynku. Ich elegancja i prostota wci\u0105\u017c nie maj\u0105 sobie r\u00f3wnych.<\/p>\n<h3>Prosty samodzielny monta\u017c na karabinie - Twoja przewaga:<\/h3>\n<p>Jak ju\u017c wspomniano, przy odrobinie wiedzy technicznej mo\u017cna <strong>Do samodzielnego monta\u017cu tego precyzyjnego zestawu wymagane s\u0105 umiej\u0119tno\u015bci i wyczucie.<\/strong><\/p>\n<p>Wspania\u0142\u0105 rzecz\u0105 jest to, \u017ce <strong>R\u00f3\u017cne docelowe uk\u0142ady optyczne<\/strong> (wymagane s\u0105 tylko dodatkowe pier\u015bcienie monta\u017cowe) <strong>Zamontowany na karabinie i wystrzelony w<\/strong> by\u0107 wykonane. Nast\u0119pnie, <strong>w zale\u017cno\u015bci od typu aplikacji<\/strong>, tylko <strong>odpowiadaj\u0105cy ZF <\/strong><strong>zamieniony<\/strong>. Instrukcja monta\u017cu znajduje si\u0119 w zestawie.<\/p>\n\t<div class=\"img has-hover x md-x lg-x y md-y lg-y\" id=\"image_720658041\">\n\t\t\t\t\t\t\t\t<div class=\"img-inner dark\" >\n\t\t\t<img decoding=\"async\" width=\"1020\" height=\"268\" src=\"https:\/\/ddoptics.shop\/wp-content\/uploads\/2017\/03\/ZF-Montagen.jpg\" class=\"attachment-large size-large\" alt=\"Mocowania ZF\" srcset=\"https:\/\/ddoptics.shop\/wp-content\/uploads\/2017\/03\/ZF-Montagen.jpg 1140w, https:\/\/ddoptics.shop\/wp-content\/uploads\/2017\/03\/ZF-Montagen-304x80.jpg 304w, https:\/\/ddoptics.shop\/wp-content\/uploads\/2017\/03\/ZF-Montagen-305x80.jpg 305w, https:\/\/ddoptics.shop\/wp-content\/uploads\/2017\/03\/ZF-Montagen-632x166.jpg 632w, https:\/\/ddoptics.shop\/wp-content\/uploads\/2017\/03\/ZF-Montagen-800x211.jpg 800w, https:\/\/ddoptics.shop\/wp-content\/uploads\/2017\/03\/ZF-Montagen-250x66.jpg 250w, https:\/\/ddoptics.shop\/wp-content\/uploads\/2017\/03\/ZF-Montagen-510x134.jpg 510w\" sizes=\"(max-width: 1020px) 100vw, 1020px\" title=\"\">\t\t\t\t\t\t\n\t\t\t\t\t<\/div>\n\t\t\t\t\t\t\t\t\n<style>\n#image_720658041 {\n  width: 100%;\n}\n<\/style>\n\t<\/div>\n\t\n\t\t<\/div>\n\t\t\t\t\n<style>\n#col-2052977449 > .col-inner {\n  margin: 0px 0px -30px 0px;\n}\n<\/style>\n\t<\/div>\n\n\t\n\n\t<div id=\"col-2039126206\" class=\"col medium-4 small-12 large-4\"  >\n\t\t\t\t<div class=\"col-inner\"  >\n\t\t\t\n\t\t\t\n\t<div class=\"img has-hover x md-x lg-x y md-y lg-y\" id=\"image_104944529\">\n\t\t\t\t\t\t\t\t<div class=\"img-inner dark\" >\n\t\t\t\t\t\t\t\t\t\n\t\t\t\t\t<\/div>\n\t\t\t\t\t\t\t\t\n<style>\n#image_104944529 {\n  width: 100%;\n}\n<\/style>\n\t<\/div>\n\t\n\t<div class=\"img has-hover x md-x lg-x y md-y lg-y\" id=\"image_1812932289\">\n\t\t\t\t\t\t\t\t<div class=\"img-inner dark\" >\n\t\t\t<img decoding=\"async\" width=\"295\" height=\"200\" src=\"https:\/\/ddoptics.shop\/wp-content\/uploads\/2016\/04\/Ziegler.png\" class=\"attachment-large size-large\" alt=\"Ziegler Contra Assembly\" srcset=\"https:\/\/ddoptics.shop\/wp-content\/uploads\/2016\/04\/Ziegler.png 295w, https:\/\/ddoptics.shop\/wp-content\/uploads\/2016\/04\/Ziegler-18x12.png 18w\" sizes=\"(max-width: 295px) 100vw, 295px\" title=\"\">\t\t\t\t\t\t\n\t\t\t\t\t<\/div>\n\t\t\t\t\t\t\t\t\n<style>\n#image_1812932289 {\n  width: 100%;\n}\n<\/style>\n\t<\/div>\n\t\n\t<div id=\"text-2189524482\" class=\"text\">\n\t\t\n<p>\u21d2 warto\u015b\u0107 bezwzgl\u0119dna <strong>Bezstresowy monta\u017c<\/strong><br \/>\n<strong>\u21d2 Bezwzgl\u0119dna powtarzalno\u015b\u0107<\/strong><br \/>\n\u21d2 gotowe do instalacji bez konieczno\u015bci monta\u017cu<br \/>\n<strong>\u21d2 Wyj\u0105tkowa kuloodporno\u015b\u0107<\/strong><br \/>\n\u21d2 Do\u0142\u0105czona instrukcja monta\u017cu<br \/>\n\u21d2 wizualnie bardzo<strong> elegancki<\/strong><br \/>\n<strong>\u21d2 Samodzielny monta\u017c<\/strong> mo\u017cliwy<br \/>\n\u21d2 Mo\u017cna do\u0142\u0105czy\u0107 r\u00f3\u017cne ZF<br \/>\n\t\t\n<style>\n#text-2189524482 {\n  text-align: center;\n}\n<\/style>\n\t<\/div>\n\t\n<div class=\"text-center\"><div class=\"is-divider divider clearfix\" ><\/div><\/div>\n\t\t<\/div>\n\t\t\t\t\t<\/div>\n\n\t\n<\/div>\n<div class=\"is-divider divider clearfix\" ><\/div>\n<h3>Co jest wyj\u0105tkowego w monta\u017cu Ziegler Kontra?<\/h3>\n<p>Zasada dzia\u0142ania pojedynczego zaczepu Kontra jest nast\u0119puj\u0105ca <strong>\u201cOdwr\u00f3cony\u201d zesp\u00f3\u0142 pojedynczego haka Suhl<\/strong>. Podczas mocowania ZF najpierw zaczepia si\u0119 tyln\u0105 stopk\u0119, a nast\u0119pnie blokuje przedni\u0105.<\/p>\n<p>Blokada znajduje si\u0119 na przednim mostku tulei. <strong>Ten typ monta\u017cu umo\u017cliwia zamocowanie pier\u015bcieni na tubusie centralnym lunety 30 mm.<\/strong><\/p>\n<p>Jest szczeg\u00f3lnie odpowiedni jako <strong>od\u0142\u0105czany, atrakcyjny monta\u017c do lunet celowniczych na karabinach powtarzalnych - lub jako eleganckie rozwi\u0105zanie na karabinach z luf\u0105 \u0142aman\u0105<\/strong>, je\u015bli nie jest po\u017c\u0105dany monta\u017c z du\u017cym pier\u015bcieniem na obiektywie i maj\u0105 zosta\u0107 wyeliminowane prace monta\u017cowe przy lufie.<\/p>\n<p>G\u0142\u00f3wna cecha: Firma Zielger ca\u0142kowicie wyeliminowa\u0142a wady funkcjonalne konwencjonalnego zespo\u0142u pojedynczego haka Suhl (SEM).<\/p>\n<h3>Historia rozwoju - Kontekst<\/h3>\n<p>Ziegler od lat rozwija i buduje dostawc\u00f3w. <a title=\"Mocowania lunet celowniczych\" href=\"\/pl\/wiedza-o-outdoorze\/podzespoly-zf\/\" target=\"_blank\" rel=\"noopener noreferrer\"><strong>Mocowania ZF<\/strong><\/a> dla swoich partner\u00f3w. Ziegler uzyska\u0142 nowy wgl\u0105d w z\u0142o\u017con\u0105 interakcj\u0119 mi\u0119dzy karabinem my\u015bliwskim, monta\u017cem i lunet\u0105. Umo\u017cliwi\u0142o to opracowanie nowego rozwi\u0105zania:<strong> Mocowanie Suhler ZP z pojedynczym hakiem<\/strong>.<\/p>\n<p>Z zewn\u0105trz, nowy <strong>Monta\u017c podobny do klasycznego monta\u017cu Suhl z pojedynczym hakiem<\/strong>. Taki by\u0142 w\u0142a\u015bnie cel opracowania tego zespo\u0142u. Zmodyfikowana konstrukcja sprawi\u0142a, \u017ce zesp\u00f3\u0142 jest sztywniejszy, wolny od napr\u0119\u017ce\u0144, ostatecznie stabilny przez d\u0142ugi czas i \u0142atwy w instalacji.<\/p>\n<p>\u201eSprawienie, by zestaw wygl\u0105da\u0142 jak zestaw z pojedynczym hakiem, by\u0142o jednym z najtrudniejszych etap\u00f3w w procesie rozwoju\u201c, m\u00f3wi <strong>Pan Gerhard Ziegler<\/strong>.<\/p>\n<h3>Historia i t\u0142o zgromadzenia haker\u00f3w w Suhl<\/h3>\n<p>Klasyczny zestaw z pojedynczym hakiem ma ju\u017c oko\u0142o 100 lat. By\u0142 to <strong>dla lekkich obiektyw\u00f3w i standardowych kalibr\u00f3w<\/strong> pomy\u015bla\u0142. Produkcja SEM by\u0142a - i nadal jest - zwi\u0105zana z d\u0142ugimi i kosztownymi pracami monta\u017cowymi dla rusznikarza i klienta.<\/p>\n<p>Problemem by\u0142a r\u00f3wnie\u017c trwa\u0142o\u015b\u0107 mocowania. Wraz z pojawieniem si\u0119 nowoczesnych i coraz mocniejszych kalibr\u00f3w (i coraz ci\u0119\u017cszych obiektyw\u00f3w) 30 lat temu, triumfalny post\u0119p <strong>Mocowanie obrotowe<\/strong>. Mog\u0142oby to by\u0107 prefabrykowane przemys\u0142owo. Konsekwencja dla SEM: prace rozwojowe nad zespo\u0142em pojedynczego haka po prostu si\u0119 zatrzyma\u0142y.<\/p>\n<h3>Precyzyjna technologia zapewniaj\u0105ca dok\u0142adny strza\u0142<\/h3>\n<p>Nadal <strong>Bardziej nowoczesne procesy produkcyjne<\/strong>, Nowe materia\u0142y i metody testowania pozwalaj\u0105 nam dzi\u015b znajdowa\u0107 lepsze rozwi\u0105zania - r\u00f3wnie\u017c w zakresie monta\u017cu. Po dw\u00f3ch latach prac rozwojowych firmie Ziegler uda\u0142o si\u0119 wprowadzi\u0107 wypr\u00f3bowany i przetestowany zesp\u00f3\u0142 pojedynczego haka Suhl w XXI wiek - z nowymi najlepszymi osi\u0105gami.<\/p>\n<p>Dzi\u0119ki specjalistycznej wiedzy i do\u015bwiadczeniu firmy z bran\u017cy zaawansowanych technologii, Ziegler wype\u0142nia luk\u0119 mi\u0119dzy <strong>Estetyka tradycyjnego rzemios\u0142a w produkcji broni i precyzja nowoczesnych metod produkcji<\/strong>.<\/p>","protected":false},"excerpt":{"rendered":"<p><span style=\"color: #ed1c24;\"><strong>Uwaga: Przed z\u0142o\u017ceniem zam\u00f3wienia prosimy o wys\u0142anie zapytania e-mailem! Czas dostawy ze wzgl\u0119du na r\u00f3\u017cnorodno\u015b\u0107 podlega ci\u0105g\u0142ym wahaniom.<\/strong><\/span><\/p>\n<p>Do SEM Contra\u00a0<a title=\"Instrukcja monta\u017cu Monta\u017c Contra\" href=\"https:\/\/ddoptics.shop\/wp-content\/uploads\/2019\/05\/Ziegler-Kontra-Montageanleitung.pdf\" target=\"_blank\" rel=\"noopener noreferrer\">Instrukcja monta\u017cu online w formacie pdf<\/a><\/p>\n<p>Redefiniowanie doskona\u0142ego klasyka -<strong> wolne od wszystkich tradycyjnych s\u0142abo\u015bci SEM<\/strong>. Super lekka i najwy\u017cszej jako\u015bci - wyprodukowana w Niemczech!<\/p>","protected":false},"featured_media":1857,"comment_status":"open","ping_status":"closed","template":"","meta":{"inline_featured_image":false,"footnotes":""},"product_brand":[],"product_cat":[70],"product_tag":[137,138,139,140,136],"class_list":{"0":"post-1812","1":"product","2":"type-product","3":"status-publish","4":"has-post-thumbnail","6":"product_cat-zielfernrohr-montage","7":"product_tag-einhakmontage","8":"product_tag-kontra-montage","9":"product_tag-sem","10":"product_tag-suhler-montage","11":"product_tag-zielgler-montage","12":"product_shipping_class-paket","13":"pa_brand-marke-ziegler-praezisionsteile-gmbh","14":"pa_farbe-schwarz","15":"pa_produkt-typ-zielfernrohr-montage","17":"first","18":"instock","19":"taxable","20":"shipping-taxable","21":"purchasable","22":"product-type-variable"},"bundled_by":[],"bundle_stock_status":"instock","bundle_stock_quantity":null,"bundle_virtual":false,"bundle_layout":"","bundle_add_to_cart_form_location":"","bundle_editable_in_cart":false,"bundle_sold_individually_context":"","bundle_item_grouping":"","bundle_min_size":"","bundle_max_size":"","bundle_price":[],"bundled_items":[],"bundle_sell_ids":[],"_links":{"self":[{"href":"https:\/\/ddoptics.shop\/pl\/wp-json\/wp\/v2\/product\/1812","targetHints":{"allow":["GET"]}}],"collection":[{"href":"https:\/\/ddoptics.shop\/pl\/wp-json\/wp\/v2\/product"}],"about":[{"href":"https:\/\/ddoptics.shop\/pl\/wp-json\/wp\/v2\/types\/product"}],"replies":[{"embeddable":true,"href":"https:\/\/ddoptics.shop\/pl\/wp-json\/wp\/v2\/comments?post=1812"}],"version-history":[{"count":12,"href":"https:\/\/ddoptics.shop\/pl\/wp-json\/wp\/v2\/product\/1812\/revisions"}],"predecessor-version":[{"id":29315,"href":"https:\/\/ddoptics.shop\/pl\/wp-json\/wp\/v2\/product\/1812\/revisions\/29315"}],"wp:featuredmedia":[{"embeddable":true,"href":"https:\/\/ddoptics.shop\/pl\/wp-json\/wp\/v2\/media\/1857"}],"wp:attachment":[{"href":"https:\/\/ddoptics.shop\/pl\/wp-json\/wp\/v2\/media?parent=1812"}],"wp:term":[{"taxonomy":"product_brand","embeddable":true,"href":"https:\/\/ddoptics.shop\/pl\/wp-json\/wp\/v2\/product_brand?post=1812"},{"taxonomy":"product_cat","embeddable":true,"href":"https:\/\/ddoptics.shop\/pl\/wp-json\/wp\/v2\/product_cat?post=1812"},{"taxonomy":"product_tag","embeddable":true,"href":"https:\/\/ddoptics.shop\/pl\/wp-json\/wp\/v2\/product_tag?post=1812"}],"curies":[{"name":"wp","href":"https:\/\/api.w.org\/{rel}","templated":true}]}}