{"id":1877,"date":"2016-04-12T12:05:48","date_gmt":"2016-04-12T10:05:48","guid":{"rendered":"https:\/\/beta.optik-sport-shop.at\/kaufen\/fernglas-ddoptics-edx-8x30-fieldstar\/"},"modified":"2025-10-06T13:33:39","modified_gmt":"2025-10-06T11:33:39","slug":"ddoptics-lornetka-edx-8x30-fieldstar","status":"publish","type":"product","link":"https:\/\/ddoptics.shop\/pl\/kaufen\/ddoptics-fernglas-edx-8x30-fieldstar\/","title":{"rendered":"Lornetka DDoptics EDX 8\u00d730 Fieldstar"},"content":{"rendered":"<div class=\"row\"  id=\"row-705900869\">\n\n\t<div id=\"col-44732181\" class=\"col medium-8 small-12 large-8\"  >\n\t\t\t\t<div class=\"col-inner\"  >\n\t\t\t\n\t\t\t\n<h2>Lornetka DDoptics EDX 8\u00d730 Fieldstar | wspania\u0142a najlepsza optyka w \u015bwietnej cenie<\/h2>\n<p>Opr\u00f3cz <strong>niska waga<\/strong> obserwator odkrywa dzi\u0119ki temu <strong>lornetka<\/strong> doskonale skoordynowane, wspania\u0142e kolory i obrazy.<\/p>\n<p>W tym celu na <strong>wypr\u00f3bowany i przetestowany system pryzmat\u00f3w dachowych<\/strong>\u00a0Lornetki (Schmidt Pechan) to <strong>Ca\u0142kowicie nowe rodzaje szk\u0142a<\/strong> zosta\u0142 u\u017cyty.<\/p>\n<p>Rezultat: To innowacyjne szk\u0142o ED (o bardzo niskiej dyspersji) redukuje kolorowe obw\u00f3dki jeszcze lepiej ni\u017c wcze\u015bniej stosowane szk\u0142a ED. Obiektyw u\u017cywany do<strong> EDX 8\u00d730<\/strong> Nowo opracowana pow\u0142oka korekcji fazy PHC140 <strong>Zapobiega 99 procentom wszystkich niepo\u017c\u0105danych efekt\u00f3w optycznych fal.<\/strong> i w ten spos\u00f3b zapobiega nawet najmniejszemu rozmyciu.<\/p>\n<h3>Wygodna obs\u0142uga lornetki 8\u00d730<\/h3>\n<p>Dzi\u0119ki <strong>niska waga<\/strong> Dzi\u0119ki niewielkim wymiarom lornetka zmie\u015bci si\u0119 w ka\u017cdym plecaku i nie b\u0119dzie przeszkadza\u0107 nawet podczas d\u0142u\u017cszych wycieczek. Dioptria do ustawiania ostro\u015bci znajduje si\u0119 na prawym okularze.<\/p>\n<p>B\u0142\u0119dy operacyjne s\u0105 wykluczone ze wzgl\u0119du na prostot\u0119 tego projektu. <strong>U\u017cytkownik okular\u00f3w<\/strong> Okulary mo\u017cna wygodnie wyregulowa\u0107 tak, aby <strong>Idealna odleg\u0142o\u015b\u0107 mi\u0119dzy \u017arenicami<\/strong> osi\u0105gni\u0119ty i utrata szerokiego <strong>Pole widzenia (150,5 m)<\/strong> mo\u017cna unikn\u0105\u0107. Pozycje siatki mo\u017cna mocno ustali\u0107. Niezamierzona regulacja jest niemo\u017cliwa dzi\u0119ki jasno zdefiniowanemu mechanizmowi.<\/p>\n\t\t<\/div>\n\t\t\t\t\n<style>\n#col-44732181 > .col-inner {\n  margin: 0px 0px -30px 0px;\n}\n<\/style>\n\t<\/div>\n\n\t\n\n\t<div id=\"col-1896004398\" class=\"col medium-4 small-12 large-4\"  >\n\t\t\t\t<div class=\"col-inner\"  >\n\t\t\t\n\t\t\t\n\t<div class=\"img has-hover x md-x lg-x y md-y lg-y\" id=\"image_406932656\">\n\t\t\t\t\t\t\t\t<div class=\"img-inner dark\" >\n\t\t\t\t\t\t\t\t\t\n\t\t\t\t\t<\/div>\n\t\t\t\t\t\t\t\t\n<style>\n#image_406932656 {\n  width: 100%;\n}\n<\/style>\n\t<\/div>\n\t\n\t<div class=\"img has-hover x md-x lg-x y md-y lg-y\" id=\"image_1836044009\">\n\t\t<a class=\"\" href=\"https:\/\/www.shop.ddoptics.de\/garantiebestimmungen\" target=\"_blank\" rel=\"noopener\">\t\t\t\t\t\t<div class=\"img-inner dark\" >\n\t\t\t<img decoding=\"async\" width=\"352\" height=\"160\" src=\"https:\/\/ddoptics.shop\/wp-content\/uploads\/2014\/09\/DDoptics-Garantie.jpg\" class=\"attachment-large size-large\" alt=\"Gwarancja DDoptics\" srcset=\"https:\/\/ddoptics.shop\/wp-content\/uploads\/2014\/09\/DDoptics-Garantie.jpg 352w, https:\/\/ddoptics.shop\/wp-content\/uploads\/2014\/09\/DDoptics-Garantie-304x138.jpg 304w, https:\/\/ddoptics.shop\/wp-content\/uploads\/2014\/09\/DDoptics-Garantie-305x139.jpg 305w, https:\/\/ddoptics.shop\/wp-content\/uploads\/2014\/09\/DDoptics-Garantie-250x114.jpg 250w\" sizes=\"(max-width: 352px) 100vw, 352px\" title=\"\">\t\t\t\t\t\t\n\t\t\t\t\t<\/div>\n\t\t\t\t\t\t<\/a>\t\t\n<style>\n#image_1836044009 {\n  width: 100%;\n}\n<\/style>\n\t<\/div>\n\t\n<h3>Fakty dotycz\u0105ce lornetek DDoptics EDX<\/h3>\n\n\t\t<div class=\"icon-box featured-box icon-box-left text-left\"  >\n\t\t\t\t\t<div class=\"icon-box-img\" style=\"width: 32px\">\n\t\t\t\t<div class=\"icon\">\n\t\t\t\t\t<div class=\"icon-inner\" >\n\t\t\t\t\t\t<img decoding=\"async\" width=\"100\" height=\"83\" src=\"https:\/\/ddoptics.shop\/wp-content\/uploads\/2021\/05\/DDoptics-SHG-Icon.jpg\" class=\"attachment-medium size-medium\" alt=\"Ikona lornetki DDoptics SHG\" title=\"\">\t\t\t\t\t<\/div>\n\t\t\t\t<\/div>\n\t\t\t<\/div>\n\t\t\t\t<div class=\"icon-box-text last-reset\">\n\t\t\t\t\t\t\t\t\t\n<p>\u2705 unerreichtes 150,5 m Sehfeld<\/p>\n\t\t<\/div>\n\t<\/div>\n\t\n\t\n\n\t\t<div class=\"icon-box featured-box icon-box-left text-left\"  >\n\t\t\t\t\t<div class=\"icon-box-img\" style=\"width: 32px\">\n\t\t\t\t<div class=\"icon\">\n\t\t\t\t\t<div class=\"icon-inner\" >\n\t\t\t\t\t\t<img decoding=\"async\" width=\"100\" height=\"83\" src=\"https:\/\/ddoptics.shop\/wp-content\/uploads\/2021\/05\/DDoptics-SHG-Icon.jpg\" class=\"attachment-medium size-medium\" alt=\"Ikona lornetki DDoptics SHG\" title=\"\">\t\t\t\t\t<\/div>\n\t\t\t\t<\/div>\n\t\t\t<\/div>\n\t\t\t\t<div class=\"icon-box-text last-reset\">\n\t\t\t\t\t\t\t\t\t\n<p>\u2705 Jasne wynagrodzenie<\/p>\n\t\t<\/div>\n\t<\/div>\n\t\n\t\n\n\t\t<div class=\"icon-box featured-box icon-box-left text-left\"  >\n\t\t\t\t\t<div class=\"icon-box-img\" style=\"width: 32px\">\n\t\t\t\t<div class=\"icon\">\n\t\t\t\t\t<div class=\"icon-inner\" >\n\t\t\t\t\t\t<img decoding=\"async\" width=\"100\" height=\"83\" src=\"https:\/\/ddoptics.shop\/wp-content\/uploads\/2021\/05\/DDoptics-SHG-Icon.jpg\" class=\"attachment-medium size-medium\" alt=\"Ikona lornetki DDoptics SHG\" title=\"\">\t\t\t\t\t<\/div>\n\t\t\t\t<\/div>\n\t\t\t<\/div>\n\t\t\t\t<div class=\"icon-box-text last-reset\">\n\t\t\t\t\t\t\t\t\t\n<p>Lustro dielektryczne<\/p>\n\t\t<\/div>\n\t<\/div>\n\t\n\t\n\n\t\t<div class=\"icon-box featured-box icon-box-left text-left\"  >\n\t\t\t\t\t<div class=\"icon-box-img\" style=\"width: 32px\">\n\t\t\t\t<div class=\"icon\">\n\t\t\t\t\t<div class=\"icon-inner\" >\n\t\t\t\t\t\t<img decoding=\"async\" width=\"100\" height=\"83\" src=\"https:\/\/ddoptics.shop\/wp-content\/uploads\/2021\/05\/DDoptics-SHG-Icon.jpg\" class=\"attachment-medium size-medium\" alt=\"Ikona lornetki DDoptics SHG\" title=\"\">\t\t\t\t\t<\/div>\n\t\t\t\t<\/div>\n\t\t\t<\/div>\n\t\t\t\t<div class=\"icon-box-text last-reset\">\n\t\t\t\t\t\t\t\t\t\n<p>ED Appochromat<\/p>\n\t\t<\/div>\n\t<\/div>\n\t\n\t\n\n\t\t<div class=\"icon-box featured-box icon-box-left text-left\"  >\n\t\t\t\t\t<div class=\"icon-box-img\" style=\"width: 32px\">\n\t\t\t\t<div class=\"icon\">\n\t\t\t\t\t<div class=\"icon-inner\" >\n\t\t\t\t\t\t<img decoding=\"async\" width=\"100\" height=\"83\" src=\"https:\/\/ddoptics.shop\/wp-content\/uploads\/2021\/05\/DDoptics-SHG-Icon.jpg\" class=\"attachment-medium size-medium\" alt=\"Ikona lornetki DDoptics SHG\" title=\"\">\t\t\t\t\t<\/div>\n\t\t\t\t<\/div>\n\t\t\t<\/div>\n\t\t\t\t<div class=\"icon-box-text last-reset\">\n\t\t\t\t\t\t\t\t\t\n<p>Tylko 460 g<\/p>\n\t\t<\/div>\n\t<\/div>\n\t\n\t\n\n\t\t<div class=\"icon-box featured-box icon-box-left text-left\"  >\n\t\t\t\t\t<div class=\"icon-box-img\" style=\"width: 32px\">\n\t\t\t\t<div class=\"icon\">\n\t\t\t\t\t<div class=\"icon-inner\" >\n\t\t\t\t\t\t<img decoding=\"async\" width=\"100\" height=\"83\" src=\"https:\/\/ddoptics.shop\/wp-content\/uploads\/2021\/05\/DDoptics-SHG-Icon.jpg\" class=\"attachment-medium size-medium\" alt=\"Ikona lornetki DDoptics SHG\" title=\"\">\t\t\t\t\t<\/div>\n\t\t\t\t<\/div>\n\t\t\t<\/div>\n\t\t\t\t<div class=\"icon-box-text last-reset\">\n\t\t\t\t\t\t\t\t\t\n<p>Ostry od 1,2 m<\/p>\n\t\t<\/div>\n\t<\/div>\n\t\n\t\n<div class=\"is-divider divider clearfix\" ><\/div>\n\t\t<\/div>\n\t\t\t\t\t<\/div>\n\n\t\n<\/div>\n<h3 class=\"product-title product_title entry-title\">DDoptics EDX 8\u00d730 Innowacyjna pow\u0142oka gwarantuje ostre jak brzytwa kontury<\/h3>\n<p>Na <strong>EDX 8\u00d730<\/strong> Obraz optyczny zostanie utworzony zgodnie z aktualnym stanem wiedzy w zakresie\u00a0<strong>maksymalna rozdzielczo\u015b\u0107<\/strong> szczeg\u00f3\u0142owe i bez rozmycia na kraw\u0119dziach. Jest to gwarantowane przez <strong>Specjalna pow\u0142oka DDlucid<\/strong>, w kt\u00f3re dodatkowo wyposa\u017cone s\u0105 dwie powierzchnie dachowe pryzmatu Schmidta-Pechana.<\/p>\n<p>Te od <strong>wynagrodzenie pochodz\u0105ce z japo\u0144skiego przemys\u0142u fotograficznego<\/strong> jest rozwini\u0119ciem dobrze znanej i sprawdzonej pow\u0142oki ELR (Extra Low Reflection). DDlucid to jedna z najskuteczniejszych pow\u0142ok lornetkowych. Obecnie tylko lornetki klasy premium posiadaj\u0105 tak zaawansowane pow\u0142oki.<\/p>\n<h3>Lekka, uniwersalna lornetka 8x z du\u017cym polem widzenia<\/h3>\n<p>W tym obiektywie firma DDoptics po\u0142o\u017cy\u0142a szczeg\u00f3lny nacisk na <strong>Du\u017ce pole widzenia<\/strong> po\u0142o\u017cony. Rezultatem tego rozwoju jest <strong>Niesamowite pole widzenia 150,5<\/strong> m przy 8-krotnym powi\u0119kszeniu. Pozwala to u\u017cytkownikowi obserwowa\u0107 obiekty z odleg\u0142o\u015bci 1000 metr\u00f3w i na pierwszy rzut oka w przestrzeni, kt\u00f3ra jest w przybli\u017ceniu p\u00f3\u0142tora razy wi\u0119ksza od d\u0142ugo\u015bci boiska pi\u0142karskiego.<\/p>\n<p>Jest to rekordowy wynik dla lornetek w kategorii 8\u00d730. Nale\u017cy podkre\u015bli\u0107, \u017ce pomimo <strong>Du\u017ce pole widzenia, prawie niewykrywalne zniekszta\u0142cenia<\/strong> Obraz jest ostry a\u017c po same kraw\u0119dzie.<\/p>\n<h3>Lornetka EDX 8\u00d730 - solidna i doskona\u0142a technicznie<\/h3>\n<p><strong>Alpini\u015bci i entuzja\u015bci outdooru<\/strong> EDX Fieldstar 8\u00d730\u201e oferuje szczeg\u00f3lny rodzaj do\u015bwiadczenia natury, nie tylko ze wzgl\u0119du na wyj\u0105tkowo szerokie pole widzenia. Pryzmaty s\u0105 r\u00f3wnie\u017c wyposa\u017cone w dielektryczne lustro, kt\u00f3re nadaje lornetce szczeg\u00f3ln\u0105 jako\u015b\u0107. <strong>\u0141\u0105czna transmisja do ponad 91,7%<\/strong> jest mo\u017cliwe. Rozproszone \u015bwiat\u0142o jest skutecznie redukowane przez specjaln\u0105 pow\u0142ok\u0119 wewn\u0105trz lornetki. <strong>Wy\u0142\u0105cznie lornetki premium<\/strong> maj\u0105 obecnie tak wysoko rozwini\u0119te systemy wynagrodze\u0144.<\/p>\n<p>The <strong>Obudowa lornetki<\/strong> sk\u0142ada si\u0119 ze stopu aluminium po\u0142\u0105czonego ze wzmocnionym <strong>w\u0119glan\u00f3w i jest pokryty gumowym pancerzem.<\/strong> powlekane. Gwarantuje to nie tylko trwa\u0142o\u015b\u0107, ale tak\u017ce <strong>znacznie wy\u017csza przyczepno\u015b\u0107 i odporno\u015b\u0107 na po\u015blizg.<\/strong> Niezniszczalny stop metalu regulowanych muszli ocznych zapewnia trwa\u0142o\u015b\u0107 bez zu\u017cycia i optymalnie chroni okulary. Podobnie jak wszystkie lornetki DDoptics, EDX 8\u00d730 jest oczywi\u015bcie ca\u0142kowicie wodoodporna i wolna od mg\u0142y.<\/p>","protected":false},"excerpt":{"rendered":"<p><img decoding=\"async\" class=\"alignnone wp-image-10180 size-full\" title=\"Turystyka piesza\" src=\"https:\/\/ddoptics.shop\/wp-content\/uploads\/2016\/04\/Bergwandern-klein.jpg\" alt=\"Lornetka do w\u0119dr\u00f3wek g\u00f3rskich\" width=\"50\" height=\"50\" \/><img decoding=\"async\" class=\"alignnone wp-image-10178 size-full\" title=\"Obserwacja zwierz\u0105t Polowanie w g\u00f3rach\" src=\"https:\/\/ddoptics.shop\/wp-content\/uploads\/2016\/04\/Gebirgsjagd-klein.jpg\" alt=\"G\u00f3rska lornetka my\u015bliwska\" width=\"50\" height=\"50\" \/><img decoding=\"async\" class=\"alignnone wp-image-10170 size-full\" title=\"Obserwacja ptak\u00f3w\" src=\"https:\/\/ddoptics.shop\/wp-content\/uploads\/2016\/09\/Ornitologie-klein.jpg\" alt=\"Obserwacja ptak\u00f3w\" width=\"50\" height=\"50\" \/><br \/>\nNarodzi\u0142a si\u0119 nowa gwiazda! 8-krotna <strong>Lekkie odniesienie z szale\u0144stwem obrazu<\/strong>.<\/p>","protected":false},"featured_media":1880,"comment_status":"open","ping_status":"closed","template":"","meta":{"inline_featured_image":false,"footnotes":""},"product_brand":[],"product_cat":[359,349,329,67,345,346],"product_tag":[90,152,561,78,86],"class_list":{"0":"post-1877","1":"product","2":"type-product","3":"status-publish","4":"has-post-thumbnail","6":"product_cat-30-mm-objektiv","7":"product_cat-8x-vergroesserung","8":"product_cat-ddoptics","9":"product_cat-fernglas","10":"product_cat-jagd-und-wild","11":"product_cat-wandern-und-reisen","12":"product_tag-8-fach-vergroesserung","13":"product_tag-8x30","14":"product_tag-8x30-fernglas","15":"product_tag-ddoptics","16":"product_tag-edx","17":"product_shipping_class-paket","18":"pa_brand-marke-ddoptics","19":"pa_farbe-schwarz","20":"pa_produkt-typ-fernglas","22":"first","23":"instock","24":"sale","25":"taxable","26":"shipping-taxable","27":"purchasable","28":"product-type-simple"},"bundled_by":[],"bundle_stock_status":"instock","bundle_stock_quantity":null,"bundle_virtual":false,"bundle_layout":"","bundle_add_to_cart_form_location":"","bundle_editable_in_cart":false,"bundle_sold_individually_context":"","bundle_item_grouping":"","bundle_min_size":"","bundle_max_size":"","bundle_price":[],"bundled_items":[],"bundle_sell_ids":[],"_links":{"self":[{"href":"https:\/\/ddoptics.shop\/pl\/wp-json\/wp\/v2\/product\/1877","targetHints":{"allow":["GET"]}}],"collection":[{"href":"https:\/\/ddoptics.shop\/pl\/wp-json\/wp\/v2\/product"}],"about":[{"href":"https:\/\/ddoptics.shop\/pl\/wp-json\/wp\/v2\/types\/product"}],"replies":[{"embeddable":true,"href":"https:\/\/ddoptics.shop\/pl\/wp-json\/wp\/v2\/comments?post=1877"}],"version-history":[{"count":6,"href":"https:\/\/ddoptics.shop\/pl\/wp-json\/wp\/v2\/product\/1877\/revisions"}],"predecessor-version":[{"id":29188,"href":"https:\/\/ddoptics.shop\/pl\/wp-json\/wp\/v2\/product\/1877\/revisions\/29188"}],"wp:featuredmedia":[{"embeddable":true,"href":"https:\/\/ddoptics.shop\/pl\/wp-json\/wp\/v2\/media\/1880"}],"wp:attachment":[{"href":"https:\/\/ddoptics.shop\/pl\/wp-json\/wp\/v2\/media?parent=1877"}],"wp:term":[{"taxonomy":"product_brand","embeddable":true,"href":"https:\/\/ddoptics.shop\/pl\/wp-json\/wp\/v2\/product_brand?post=1877"},{"taxonomy":"product_cat","embeddable":true,"href":"https:\/\/ddoptics.shop\/pl\/wp-json\/wp\/v2\/product_cat?post=1877"},{"taxonomy":"product_tag","embeddable":true,"href":"https:\/\/ddoptics.shop\/pl\/wp-json\/wp\/v2\/product_tag?post=1877"}],"curies":[{"name":"wp","href":"https:\/\/api.w.org\/{rel}","templated":true}]}}