{"id":1912,"date":"2019-05-25T15:27:14","date_gmt":"2019-05-25T13:27:14","guid":{"rendered":"https:\/\/beta.optik-sport-shop.at\/kaufen\/spektiv-ddoptics-pirschler-15-45x60-g\/"},"modified":"2025-10-03T12:52:20","modified_gmt":"2025-10-03T10:52:20","slug":"luneta-ddoptics-pirschler-15-45x60-g","status":"publish","type":"product","link":"https:\/\/ddoptics.shop\/pl\/kaufen\/spektiv-ddoptics-pirschler-15-45x60-g\/","title":{"rendered":"Luneta DDoptics Pirschler HDX 15-45\u00d760 G - widok prosty"},"content":{"rendered":"<div class=\"row\"  id=\"row-213774939\">\n\n\t<div id=\"col-81591963\" class=\"col medium-8 small-12 large-8\"  >\n\t\t\t\t<div class=\"col-inner\"  >\n\t\t\t\n\t\t\t\n<h2>Luneta celownicza DDoptics Pirschler 15-45\u00d760 G z prostym widokiem<\/h2>\n<p>Odkryj dzi\u0119ki nowemu <strong>Luneta celownicza DDoptics Pirschler 15-45\u00d760 G (widok prosty)<\/strong> jeden <strong>Profesjonalne, lekkie i interesuj\u0105ce cenowo urz\u0105dzenie<\/strong> dla <strong>Polowanie o zmierzchu, polowanie w g\u00f3rach, stalking i w\u0119dr\u00f3wki.<\/strong><\/p>\n<p>Nieco <strong>Bardziej kompaktowa i kr\u00f3tsza konstrukcja lunety 60 mm<\/strong> z prostym widokiem to <strong>Idealnie nadaje si\u0119 do u\u017cytku mobilnego<\/strong> i do obserwacji wy\u017cszych obiekt\u00f3w. Luneta ta idealnie nadaje si\u0119 r\u00f3wnie\u017c do klasycznych zastosowa\u0144 my\u015bliwskich.<\/p>\n<p>The <strong>Wersja \u201cG\u201d widoku prostego jest szczeg\u00f3lnie odpowiednia do obserwacji wy\u017cszych obiekt\u00f3w.<\/strong><\/p>\n<h3>ELR - pow\u0142oka Multicoating (o bardzo niskim wsp\u00f3\u0142czynniku odbicia) - pow\u0142oka FMC<\/h3>\n<p>Wszystkie <strong>Powierzchnie szk\u0142o-powietrze<\/strong> s\u0105<strong> Wielowarstwowa twarda pow\u0142oka<\/strong> gwarantuj\u0105c tym samym maksymalny kontrast, ostro\u015b\u0107 i jasno\u015b\u0107 obrazu. Jasno\u015b\u0107 kolor\u00f3w tej lunety jest wyj\u0105tkowa, a jasno\u015b\u0107 obrazu jest r\u00f3wnie\u017c doskona\u0142a. <strong>Prawie \u017cadnych kompromis\u00f3w w por\u00f3wnaniu do swojego \u201cstarszego brata\u201d<\/strong>.<\/p>\n<p>Do\u015bwiadczenie <strong>gwarantuje wyra\u017any obraz o wysokim kontra\u015bcie, nawet w s\u0142abych warunkach o\u015bwietleniowych i o zmierzchu<\/strong>. Nawet przy 45-krotnym powi\u0119kszeniu stalker zapewnia<strong> ostry jak brzytwa obraz.<\/strong><\/p>\n\t\t<\/div>\n\t\t\t\t\n<style>\n#col-81591963 > .col-inner {\n  margin: 0px 0px -30px 0px;\n}\n<\/style>\n\t<\/div>\n\n\t\n\n\t<div id=\"col-2123212675\" class=\"col medium-4 small-12 large-4\"  >\n\t\t\t\t<div class=\"col-inner\"  >\n\t\t\t\n\t\t\t\n\t<div class=\"img has-hover x md-x lg-x y md-y lg-y\" id=\"image_1285853630\">\n\t\t\t\t\t\t\t\t<div class=\"img-inner dark\" >\n\t\t\t\t\t\t\t\t\t\n\t\t\t\t\t<\/div>\n\t\t\t\t\t\t\t\t\n<style>\n#image_1285853630 {\n  width: 100%;\n}\n<\/style>\n\t<\/div>\n\t\n\t<div class=\"img has-hover x md-x lg-x y md-y lg-y\" id=\"image_182248720\">\n\t\t<a class=\"\" href=\"https:\/\/www.shop.ddoptics.de\/garantiebestimmungen\" target=\"_blank\" rel=\"noopener\">\t\t\t\t\t\t<div class=\"img-inner dark\" >\n\t\t\t<img decoding=\"async\" width=\"352\" height=\"160\" src=\"https:\/\/ddoptics.shop\/wp-content\/uploads\/2014\/09\/DDoptics-Garantie.jpg\" class=\"attachment-large size-large\" alt=\"Gwarancja DDoptics\" srcset=\"https:\/\/ddoptics.shop\/wp-content\/uploads\/2014\/09\/DDoptics-Garantie.jpg 352w, https:\/\/ddoptics.shop\/wp-content\/uploads\/2014\/09\/DDoptics-Garantie-304x138.jpg 304w, https:\/\/ddoptics.shop\/wp-content\/uploads\/2014\/09\/DDoptics-Garantie-305x139.jpg 305w, https:\/\/ddoptics.shop\/wp-content\/uploads\/2014\/09\/DDoptics-Garantie-250x114.jpg 250w\" sizes=\"(max-width: 352px) 100vw, 352px\" title=\"\">\t\t\t\t\t\t\n\t\t\t\t\t<\/div>\n\t\t\t\t\t\t<\/a>\t\t\n<style>\n#image_182248720 {\n  width: 100%;\n}\n<\/style>\n\t<\/div>\n\t\n<h3>Fakty dotycz\u0105ce lunety DDoptics Pirschler<\/h3>\n\n\t\t<div class=\"icon-box featured-box icon-box-left text-left\"  >\n\t\t\t\t\t<div class=\"icon-box-img\" style=\"width: 32px\">\n\t\t\t\t<div class=\"icon\">\n\t\t\t\t\t<div class=\"icon-inner\" >\n\t\t\t\t\t\t<img decoding=\"async\" width=\"97\" height=\"78\" src=\"https:\/\/ddoptics.shop\/wp-content\/uploads\/2022\/02\/HDS-Spektiv.webp\" class=\"attachment-medium size-medium\" alt=\"Luneta HDS 9-27x56\" title=\"\">\t\t\t\t\t<\/div>\n\t\t\t\t<\/div>\n\t\t\t<\/div>\n\t\t\t\t<div class=\"icon-box-text last-reset\">\n\t\t\t\t\t\t\t\t\t\n<p>Du\u017ca jednostka ogniskuj\u0105ca<\/p>\n\t\t<\/div>\n\t<\/div>\n\t\n\t\n\n\t\t<div class=\"icon-box featured-box icon-box-left text-left\"  >\n\t\t\t\t\t<div class=\"icon-box-img\" style=\"width: 32px\">\n\t\t\t\t<div class=\"icon\">\n\t\t\t\t\t<div class=\"icon-inner\" >\n\t\t\t\t\t\t<img decoding=\"async\" width=\"97\" height=\"78\" src=\"https:\/\/ddoptics.shop\/wp-content\/uploads\/2022\/02\/HDS-Spektiv.webp\" class=\"attachment-medium size-medium\" alt=\"Luneta HDS 9-27x56\" title=\"\">\t\t\t\t\t<\/div>\n\t\t\t\t<\/div>\n\t\t\t<\/div>\n\t\t\t\t<div class=\"icon-box-text last-reset\">\n\t\t\t\t\t\t\t\t\t\n<p>Wodoodporny<\/p>\n\t\t<\/div>\n\t<\/div>\n\t\n\t\n\n\t\t<div class=\"icon-box featured-box icon-box-left text-left\"  >\n\t\t\t\t\t<div class=\"icon-box-img\" style=\"width: 32px\">\n\t\t\t\t<div class=\"icon\">\n\t\t\t\t\t<div class=\"icon-inner\" >\n\t\t\t\t\t\t<img decoding=\"async\" width=\"97\" height=\"78\" src=\"https:\/\/ddoptics.shop\/wp-content\/uploads\/2022\/02\/HDS-Spektiv.webp\" class=\"attachment-medium size-medium\" alt=\"Luneta HDS 9-27x56\" title=\"\">\t\t\t\t\t<\/div>\n\t\t\t\t<\/div>\n\t\t\t<\/div>\n\t\t\t\t<div class=\"icon-box-text last-reset\">\n\t\t\t\t\t\t\t\t\t\n<p>Du\u017ce pole widzenia<\/p>\n\t\t<\/div>\n\t<\/div>\n\t\n\t\n\n\t\t<div class=\"icon-box featured-box icon-box-left text-left\"  >\n\t\t\t\t\t<div class=\"icon-box-img\" style=\"width: 32px\">\n\t\t\t\t<div class=\"icon\">\n\t\t\t\t\t<div class=\"icon-inner\" >\n\t\t\t\t\t\t<img decoding=\"async\" width=\"97\" height=\"78\" src=\"https:\/\/ddoptics.shop\/wp-content\/uploads\/2022\/02\/HDS-Spektiv.webp\" class=\"attachment-medium size-medium\" alt=\"Luneta HDS 9-27x56\" title=\"\">\t\t\t\t\t<\/div>\n\t\t\t\t<\/div>\n\t\t\t<\/div>\n\t\t\t\t<div class=\"icon-box-text last-reset\">\n\t\t\t\t\t\t\t\t\t\n<p>Bardzo wysoka rozdzielczo\u015b\u0107<\/p>\n\t\t<\/div>\n\t<\/div>\n\t\n\t\n\n\t\t<div class=\"icon-box featured-box icon-box-left text-left\"  >\n\t\t\t\t\t<div class=\"icon-box-img\" style=\"width: 32px\">\n\t\t\t\t<div class=\"icon\">\n\t\t\t\t\t<div class=\"icon-inner\" >\n\t\t\t\t\t\t<img decoding=\"async\" width=\"97\" height=\"78\" src=\"https:\/\/ddoptics.shop\/wp-content\/uploads\/2022\/02\/HDS-Spektiv.webp\" class=\"attachment-medium size-medium\" alt=\"Luneta HDS 9-27x56\" title=\"\">\t\t\t\t\t<\/div>\n\t\t\t\t<\/div>\n\t\t\t<\/div>\n\t\t\t\t<div class=\"icon-box-text last-reset\">\n\t\t\t\t\t\t\t\t\t\n<p>Niezwykle dobry obraz w tym przedziale cenowym<\/p>\n\t\t<\/div>\n\t<\/div>\n\t\n\t\n<div class=\"is-divider divider clearfix\" ><\/div>\n\t\t<\/div>\n\t\t\t\t\t<\/div>\n\n\t\n<\/div>\n<p>Luneta jest <strong>Wype\u0142niony azotem i wodoodporny.<\/strong> Jest to gwarancja ochrony przed zaparowaniem w wilgotnych warunkach i nag\u0142ymi zmianami temperatury. Niezwykle lekka tuba zapewnia maksymaln\u0105 wytrzyma\u0142o\u015b\u0107 i mobilno\u015b\u0107. W zestawie <strong>Antypo\u015blizgowy gumowy pancerz<\/strong> Zapewnia przyczepno\u015b\u0107 i pewny chwyt.<\/p>\n<h3>Jednostka ogniskuj\u0105ca<\/h3>\n<p>The <strong>Jednostka ustawiania ostro\u015bci sk\u0142ada si\u0119 z 4 cm pokr\u0119t\u0142a regulacji<\/strong>, kt\u00f3r\u0105 mo\u017cna wygodnie obs\u0142ugiwa\u0107 r\u00f3wnie\u017c w r\u0119kawiczkach. Lornetka Pirschler 16-45\u00d760 G umo\u017cliwia obserwacj\u0119 z odleg\u0142o\u015bci zaledwie 6 metr\u00f3w, co jest szczeg\u00f3ln\u0105 zalet\u0105 podczas obserwacji gniazd, owad\u00f3w lub na strzelnicy.<\/p>\n<h3>Zalecane zastosowania Obiektyw uniwersalny<\/h3>\n<p>Typowe przyk\u0142ady zastosowa\u0144 obejmuj\u0105 kozice na zboczu g\u00f3ry lub ptaki na drzewie. Kompaktowe i lekkie lunety Pirschler 60 mm mog\u0105 by\u0107 u\u017cywane do <strong>Wygodny w plecaku<\/strong> i mo\u017cna go \u0142atwo przenie\u015b\u0107 w dowolne miejsce.<\/p>\n<p>Z <strong>Do u\u017cytku mobilnego w terenie i lesie lub w g\u00f3rach bardziej odpowiednia jest nieco bardziej kompaktowa wersja z obiektywem 60 mm<\/strong> ni\u017c wi\u0119kszy i bardziej masywny odpowiednik w wersji 80 mm.<\/p>\n<p><strong>Dzi\u0119ki tej lunecie DDoptics naprawd\u0119 uda\u0142o si\u0119 zaoferowa\u0107 swoim klientom profesjonaln\u0105, lekk\u0105 i niedrog\u0105 lunet\u0119.<\/strong><\/p>","protected":false},"excerpt":{"rendered":"<p>Profesjonalna, lekka i atrakcyjna cenowo uniwersalna luneta o prostym polu widzenia. Do polowa\u0144 o zmierzchu, polowa\u0144 g\u00f3rskich, stalkingu, astronomii i obserwacji ptak\u00f3w.<\/p>","protected":false},"featured_media":14359,"comment_status":"open","ping_status":"closed","template":"","meta":{"inline_featured_image":false,"footnotes":""},"product_brand":[],"product_cat":[472,467,643,644,71,646],"product_tag":[853,78,155,83],"class_list":{"0":"post-1912","1":"product","2":"type-product","3":"status-publish","4":"has-post-thumbnail","6":"product_cat-60-mm","7":"product_cat-geradeeinblick","8":"product_cat-jagd","9":"product_cat-outdoor-wandern","10":"product_cat-spektiv","11":"product_cat-ornithologie-vogelbeobachtung","12":"product_tag-15-45x60","13":"product_tag-ddoptics","14":"product_tag-geradeeinblick","15":"product_tag-spektiv","16":"product_shipping_class-paket","17":"pa_brand-marke-ddoptics","18":"pa_farbe-gruen","19":"pa_okulartype-15-45x","20":"pa_produkt-typ-spektiv","22":"first","23":"instock","24":"taxable","25":"shipping-taxable","26":"purchasable","27":"product-type-simple"},"bundled_by":[],"bundle_stock_status":"instock","bundle_stock_quantity":null,"bundle_virtual":false,"bundle_layout":"","bundle_add_to_cart_form_location":"","bundle_editable_in_cart":false,"bundle_sold_individually_context":"","bundle_item_grouping":"","bundle_min_size":"","bundle_max_size":"","bundle_price":[],"bundled_items":[],"bundle_sell_ids":[],"_links":{"self":[{"href":"https:\/\/ddoptics.shop\/pl\/wp-json\/wp\/v2\/product\/1912","targetHints":{"allow":["GET"]}}],"collection":[{"href":"https:\/\/ddoptics.shop\/pl\/wp-json\/wp\/v2\/product"}],"about":[{"href":"https:\/\/ddoptics.shop\/pl\/wp-json\/wp\/v2\/types\/product"}],"replies":[{"embeddable":true,"href":"https:\/\/ddoptics.shop\/pl\/wp-json\/wp\/v2\/comments?post=1912"}],"version-history":[{"count":7,"href":"https:\/\/ddoptics.shop\/pl\/wp-json\/wp\/v2\/product\/1912\/revisions"}],"predecessor-version":[{"id":29119,"href":"https:\/\/ddoptics.shop\/pl\/wp-json\/wp\/v2\/product\/1912\/revisions\/29119"}],"wp:featuredmedia":[{"embeddable":true,"href":"https:\/\/ddoptics.shop\/pl\/wp-json\/wp\/v2\/media\/14359"}],"wp:attachment":[{"href":"https:\/\/ddoptics.shop\/pl\/wp-json\/wp\/v2\/media?parent=1912"}],"wp:term":[{"taxonomy":"product_brand","embeddable":true,"href":"https:\/\/ddoptics.shop\/pl\/wp-json\/wp\/v2\/product_brand?post=1912"},{"taxonomy":"product_cat","embeddable":true,"href":"https:\/\/ddoptics.shop\/pl\/wp-json\/wp\/v2\/product_cat?post=1912"},{"taxonomy":"product_tag","embeddable":true,"href":"https:\/\/ddoptics.shop\/pl\/wp-json\/wp\/v2\/product_tag?post=1912"}],"curies":[{"name":"wp","href":"https:\/\/api.w.org\/{rel}","templated":true}]}}