{"id":1953,"date":"2016-04-16T13:27:45","date_gmt":"2016-04-16T11:27:45","guid":{"rendered":"https:\/\/beta.optik-sport-shop.at\/kaufen\/fernglas-ddoptics-ultralight-8x34\/"},"modified":"2025-10-06T14:02:19","modified_gmt":"2025-10-06T12:02:19","slug":"lornetka-ddoptics-ultralight-8x34","status":"publish","type":"product","link":"https:\/\/ddoptics.shop\/pl\/kaufen\/fernglas-ddoptics-ultralight-8x34\/","title":{"rendered":"Lornetka DDoptics Ultralight 8\u00d734"},"content":{"rendered":"<div class=\"row\"  id=\"row-1746055926\">\n\n\t<div id=\"col-2020340254\" class=\"col medium-8 small-12 large-8\"  >\n\t\t\t\t<div class=\"col-inner\"  >\n\t\t\t\n\t\t\t\n<h2>Lornetka DDoptics Ultralight 8\u00d734<\/h2>\n<p>Odkryj uniwersaln\u0105 lornetk\u0119 DDoptics. A <strong>Kompaktowa lornetka 8x <\/strong>z <strong>Imponuj\u0105ca wydajno\u015b\u0107 obrazu<\/strong> do <strong>wi\u0119cej ni\u017c niesamowita cena<\/strong>. Dzi\u0119ki temu <strong>Bardzo lekka i kompaktowa lornetka<\/strong> DDoptics uzupe\u0142nia swoj\u0105 ofert\u0119 w kategorii \u201ca <strong>\u201cLornetka dla WSZYSTKICH\u201d<\/strong> z seri\u0105 Ultralight.<\/p>\n<p>The <strong>Ultralekka lornetka DDoptics z 8-krotnym powi\u0119kszeniem<\/strong> oferuje lekki i wodoodporny wygl\u0105d za 147,- \u20ac, a tak\u017ce czysty mechanizm roboczy.<\/p>\n<p>Ma\u0142y <strong>Lornetka jest pi\u0119knie zaprojektowana<\/strong> zaprojektowany, lekki, ma\u0142y, wodoodporny i wydajny. W zestawie <strong>otwarty most<\/strong> Zach\u0119ca d\u0142o\u0144 do owini\u0119cia wok\u00f3\u0142 rurki, zapewniaj\u0105c przyczepno\u015b\u0107 i wygod\u0119.<\/p>\n<p>Pow\u0142oka na pryzmatach i soczewkach zapewnia jasny i przyjemny obraz, a je\u015bli lornetka nie jest w danej chwili potrzebna, mo\u017cna j\u0105 \u0142atwo schowa\u0107 do kieszeni kurtki. Niewielka waga lornetki Ultralight, wynosz\u0105ca nieca\u0142e 400 g, nigdy nie stanowi problemu.<\/p>\n\t\t<\/div>\n\t\t\t\t\n<style>\n#col-2020340254 > .col-inner {\n  margin: 0px 0px -30px 0px;\n}\n<\/style>\n\t<\/div>\n\n\t\n\n\t<div id=\"col-1817530339\" class=\"col medium-4 small-12 large-4\"  >\n\t\t\t\t<div class=\"col-inner\"  >\n\t\t\t\n\t\t\t\n\t<div class=\"img has-hover x md-x lg-x y md-y lg-y\" id=\"image_1357445972\">\n\t\t\t\t\t\t\t\t<div class=\"img-inner dark\" >\n\t\t\t\t\t\t\t\t\t\n\t\t\t\t\t<\/div>\n\t\t\t\t\t\t\t\t\n<style>\n#image_1357445972 {\n  width: 100%;\n}\n<\/style>\n\t<\/div>\n\t\n\t<div class=\"img has-hover x md-x lg-x y md-y lg-y\" id=\"image_538761671\">\n\t\t<a class=\"\" href=\"https:\/\/www.shop.ddoptics.de\/garantiebestimmungen\" target=\"_blank\" rel=\"noopener\">\t\t\t\t\t\t<div class=\"img-inner dark\" >\n\t\t\t<img decoding=\"async\" width=\"352\" height=\"160\" src=\"https:\/\/ddoptics.shop\/wp-content\/uploads\/2014\/09\/DDoptics-Garantie.jpg\" class=\"attachment-large size-large\" alt=\"Gwarancja DDoptics\" srcset=\"https:\/\/ddoptics.shop\/wp-content\/uploads\/2014\/09\/DDoptics-Garantie.jpg 352w, https:\/\/ddoptics.shop\/wp-content\/uploads\/2014\/09\/DDoptics-Garantie-304x138.jpg 304w, https:\/\/ddoptics.shop\/wp-content\/uploads\/2014\/09\/DDoptics-Garantie-305x139.jpg 305w, https:\/\/ddoptics.shop\/wp-content\/uploads\/2014\/09\/DDoptics-Garantie-250x114.jpg 250w\" sizes=\"(max-width: 352px) 100vw, 352px\" title=\"\">\t\t\t\t\t\t\n\t\t\t\t\t<\/div>\n\t\t\t\t\t\t<\/a>\t\t\n<style>\n#image_538761671 {\n  width: 100%;\n}\n<\/style>\n\t<\/div>\n\t\n<h3>Fakty dotycz\u0105ce lornetek DDoptics<\/h3>\n\n\t\t<div class=\"icon-box featured-box icon-box-left text-left\"  >\n\t\t\t\t\t<div class=\"icon-box-img\" style=\"width: 32px\">\n\t\t\t\t<div class=\"icon\">\n\t\t\t\t\t<div class=\"icon-inner\" >\n\t\t\t\t\t\t<img decoding=\"async\" width=\"100\" height=\"83\" src=\"https:\/\/ddoptics.shop\/wp-content\/uploads\/2021\/05\/DDoptics-SHG-Icon.jpg\" class=\"attachment-medium size-medium\" alt=\"Ikona lornetki DDoptics SHG\" title=\"\">\t\t\t\t\t<\/div>\n\t\t\t\t<\/div>\n\t\t\t<\/div>\n\t\t\t\t<div class=\"icon-box-text last-reset\">\n\t\t\t\t\t\t\t\t\t\n<p>Najni\u017csza waga<\/p>\n\t\t<\/div>\n\t<\/div>\n\t\n\t\n\n\t\t<div class=\"icon-box featured-box icon-box-left text-left\"  >\n\t\t\t\t\t<div class=\"icon-box-img\" style=\"width: 32px\">\n\t\t\t\t<div class=\"icon\">\n\t\t\t\t\t<div class=\"icon-inner\" >\n\t\t\t\t\t\t<img decoding=\"async\" width=\"100\" height=\"83\" src=\"https:\/\/ddoptics.shop\/wp-content\/uploads\/2021\/05\/DDoptics-SHG-Icon.jpg\" class=\"attachment-medium size-medium\" alt=\"Ikona lornetki DDoptics SHG\" title=\"\">\t\t\t\t\t<\/div>\n\t\t\t\t<\/div>\n\t\t\t<\/div>\n\t\t\t\t<div class=\"icon-box-text last-reset\">\n\t\t\t\t\t\t\t\t\t\n<p>Otwarty most<\/p>\n\t\t<\/div>\n\t<\/div>\n\t\n\t\n\n\t\t<div class=\"icon-box featured-box icon-box-left text-left\"  >\n\t\t\t\t\t<div class=\"icon-box-img\" style=\"width: 32px\">\n\t\t\t\t<div class=\"icon\">\n\t\t\t\t\t<div class=\"icon-inner\" >\n\t\t\t\t\t\t<img decoding=\"async\" width=\"100\" height=\"83\" src=\"https:\/\/ddoptics.shop\/wp-content\/uploads\/2021\/05\/DDoptics-SHG-Icon.jpg\" class=\"attachment-medium size-medium\" alt=\"Ikona lornetki DDoptics SHG\" title=\"\">\t\t\t\t\t<\/div>\n\t\t\t\t<\/div>\n\t\t\t<\/div>\n\t\t\t\t<div class=\"icon-box-text last-reset\">\n\t\t\t\t\t\t\t\t\t\n<p>Precyzyjnie regulowany mechanizm<\/p>\n\t\t<\/div>\n\t<\/div>\n\t\n\t\n\n\t\t<div class=\"icon-box featured-box icon-box-left text-left\"  >\n\t\t\t\t\t<div class=\"icon-box-img\" style=\"width: 32px\">\n\t\t\t\t<div class=\"icon\">\n\t\t\t\t\t<div class=\"icon-inner\" >\n\t\t\t\t\t\t<img decoding=\"async\" width=\"100\" height=\"83\" src=\"https:\/\/ddoptics.shop\/wp-content\/uploads\/2021\/05\/DDoptics-SHG-Icon.jpg\" class=\"attachment-medium size-medium\" alt=\"Ikona lornetki DDoptics SHG\" title=\"\">\t\t\t\t\t<\/div>\n\t\t\t\t<\/div>\n\t\t\t<\/div>\n\t\t\t\t<div class=\"icon-box-text last-reset\">\n\t\t\t\t\t\t\t\t\t\n<p>Metalowe muszle oczne<\/p>\n\t\t<\/div>\n\t<\/div>\n\t\n\t\n\n\t\t<div class=\"icon-box featured-box icon-box-left text-left\"  >\n\t\t\t\t\t<div class=\"icon-box-img\" style=\"width: 32px\">\n\t\t\t\t<div class=\"icon\">\n\t\t\t\t\t<div class=\"icon-inner\" >\n\t\t\t\t\t\t<img decoding=\"async\" width=\"100\" height=\"83\" src=\"https:\/\/ddoptics.shop\/wp-content\/uploads\/2021\/05\/DDoptics-SHG-Icon.jpg\" class=\"attachment-medium size-medium\" alt=\"Ikona lornetki DDoptics SHG\" title=\"\">\t\t\t\t\t<\/div>\n\t\t\t\t<\/div>\n\t\t\t<\/div>\n\t\t\t\t<div class=\"icon-box-text last-reset\">\n\t\t\t\t\t\t\t\t\t\n<p>Pryzmaty Schmidt-Pechan + dobra rozdzielczo\u015b\u0107<\/p>\n\t\t<\/div>\n\t<\/div>\n\t\n\t\n\n\t\t<div class=\"icon-box featured-box icon-box-left text-left\"  >\n\t\t\t\t\t<div class=\"icon-box-img\" style=\"width: 32px\">\n\t\t\t\t<div class=\"icon\">\n\t\t\t\t\t<div class=\"icon-inner\" >\n\t\t\t\t\t\t<img decoding=\"async\" width=\"100\" height=\"83\" src=\"https:\/\/ddoptics.shop\/wp-content\/uploads\/2021\/05\/DDoptics-SHG-Icon.jpg\" class=\"attachment-medium size-medium\" alt=\"Ikona lornetki DDoptics SHG\" title=\"\">\t\t\t\t\t<\/div>\n\t\t\t\t<\/div>\n\t\t\t<\/div>\n\t\t\t\t<div class=\"icon-box-text last-reset\">\n\t\t\t\t\t\t\t\t\t\n<p>\u2705 Wasserdichtigkeit und Nitrogenf\u00fcllung<\/p>\n\t\t<\/div>\n\t<\/div>\n\t\n\t\n<div class=\"is-divider divider clearfix\" ><\/div>\n\t\t<\/div>\n\t\t\t\t\t<\/div>\n\n\t\n<\/div>\n<h3>Ultralekka lornetka DDoptics 8\u00d734 do trekkingu, wakacji na \u015bwie\u017cym powietrzu lub wspinaczki wysokog\u00f3rskiej<\/h3>\n<p>Czy w <strong>G\u00f3ry lub rozleg\u0142y trekking<\/strong>, Niezale\u017cnie od tego, czy jest zimno, czy gor\u0105co <strong>Wodoodporny i wype\u0142niony azotem Ultralekki<\/strong> po prostu robi wszystko - i nadal robi bardzo dobre zdj\u0119cia. Nawet o zmierzchu pomaga znale\u017a\u0107 w\u0142a\u015bciw\u0105 \u015bcie\u017ck\u0119 lub pokazuje, gdzie ukryta jest jedna lub dwie ma\u0142e niespodzianki.<\/p>\n<h3>Skandaliczny stosunek ceny do jako\u015bci jak na lornetk\u0119 8\u00d734<\/h3>\n<p>Z <strong>Ultralekka lornetka 8\u00d734 DDoptics oferuje par\u0119 lornetek<\/strong>, kt\u00f3ra potrafi wszystko, czego mo\u017cna oczekiwa\u0107 od tak ma\u0142ej lornetki. Otwarty mostek jest r\u00f3wnie\u017c rzadko, je\u015bli w og\u00f3le, spotykany w lornetkach w tym przedziale cenowym.<\/p>\n<h3>DDoptics Ultralight 8\u00d734 - solidna lornetka do codziennego u\u017cytku<\/h3>\n<p>The <strong>Korpus lornetki wykonany jest z bardzo twardego i niet\u0142uk\u0105cego poliw\u0119glanu.<\/strong> produkowane. Stopy metali s\u0105 u\u017cywane w krytycznych punktach, takich jak muszle oczne lub \u201czakr\u0119t\u201d.<\/p>\n<h3>Precyzyjna mechanika lornetki<\/h3>\n<p>The <strong>Pokr\u0119t\u0142o regulacji ostro\u015bci dzia\u0142a komfortowo i bez luz\u00f3w;<\/strong> nie za twardy i nie za mi\u0119kki. Dzi\u0119ki precyzyjnej regulacji ostro\u015b\u0107 mo\u017cna \u0142atwo i dok\u0142adnie ustawi\u0107 w \u201cpunkcie ogniskowym\u201d. Dioptri\u0119, kt\u00f3r\u0105 mo\u017cna obs\u0142ugiwa\u0107 pod prawym okularem, mo\u017cna regulowa\u0107 czysto i precyzyjnie. Regulacja <strong>Muszle oczne oferuj\u0105 cztery wyra\u017ane \u201cpoziomy siatki\u201d<\/strong> Pozwala to zar\u00f3wno osobom nosz\u0105cym okulary, jak i nie nosz\u0105cym okular\u00f3w, ustawi\u0107 najlepsz\u0105 mo\u017cliw\u0105 i najbardziej komfortow\u0105 odleg\u0142o\u015b\u0107 mi\u0119dzy \u017arenicami.<\/p>","protected":false},"excerpt":{"rendered":"<p>Nasza opinia: The<strong> Lornetka DDoptics Revolution - <\/strong>jeden<strong> Lornetka dla KA\u017bDEGO w niewiarygodnej cenie.<\/strong><\/p>","protected":false},"featured_media":1957,"comment_status":"open","ping_status":"closed","template":"","meta":{"inline_featured_image":false,"footnotes":""},"product_brand":[],"product_cat":[361,349,329,344,346],"product_tag":[90,159,562,78,872],"class_list":{"0":"post-1953","1":"product","2":"type-product","3":"status-publish","4":"has-post-thumbnail","6":"product_cat-34-mm-objektiv","7":"product_cat-8x-vergroesserung","8":"product_cat-ddoptics","9":"product_cat-naturbeobachtung","10":"product_cat-wandern-und-reisen","11":"product_tag-8-fach-vergroesserung","12":"product_tag-8x34","13":"product_tag-8x34-fernglas","14":"product_tag-ddoptics","15":"product_tag-ultralight-8x34","16":"product_shipping_class-paket","17":"pa_brand-marke-ddoptics","18":"pa_farbe-schwarz","19":"pa_produkt-typ-fernglas","21":"first","22":"instock","23":"sale","24":"taxable","25":"shipping-taxable","26":"purchasable","27":"product-type-simple"},"bundled_by":[],"bundle_stock_status":"instock","bundle_stock_quantity":null,"bundle_virtual":false,"bundle_layout":"","bundle_add_to_cart_form_location":"","bundle_editable_in_cart":false,"bundle_sold_individually_context":"","bundle_item_grouping":"","bundle_min_size":"","bundle_max_size":"","bundle_price":[],"bundled_items":[],"bundle_sell_ids":[],"_links":{"self":[{"href":"https:\/\/ddoptics.shop\/pl\/wp-json\/wp\/v2\/product\/1953","targetHints":{"allow":["GET"]}}],"collection":[{"href":"https:\/\/ddoptics.shop\/pl\/wp-json\/wp\/v2\/product"}],"about":[{"href":"https:\/\/ddoptics.shop\/pl\/wp-json\/wp\/v2\/types\/product"}],"replies":[{"embeddable":true,"href":"https:\/\/ddoptics.shop\/pl\/wp-json\/wp\/v2\/comments?post=1953"}],"version-history":[{"count":6,"href":"https:\/\/ddoptics.shop\/pl\/wp-json\/wp\/v2\/product\/1953\/revisions"}],"predecessor-version":[{"id":29195,"href":"https:\/\/ddoptics.shop\/pl\/wp-json\/wp\/v2\/product\/1953\/revisions\/29195"}],"wp:featuredmedia":[{"embeddable":true,"href":"https:\/\/ddoptics.shop\/pl\/wp-json\/wp\/v2\/media\/1957"}],"wp:attachment":[{"href":"https:\/\/ddoptics.shop\/pl\/wp-json\/wp\/v2\/media?parent=1953"}],"wp:term":[{"taxonomy":"product_brand","embeddable":true,"href":"https:\/\/ddoptics.shop\/pl\/wp-json\/wp\/v2\/product_brand?post=1953"},{"taxonomy":"product_cat","embeddable":true,"href":"https:\/\/ddoptics.shop\/pl\/wp-json\/wp\/v2\/product_cat?post=1953"},{"taxonomy":"product_tag","embeddable":true,"href":"https:\/\/ddoptics.shop\/pl\/wp-json\/wp\/v2\/product_tag?post=1953"}],"curies":[{"name":"wp","href":"https:\/\/api.w.org\/{rel}","templated":true}]}}