{"id":1958,"date":"2016-04-16T14:08:48","date_gmt":"2016-04-16T12:08:48","guid":{"rendered":"https:\/\/beta.optik-sport-shop.at\/kaufen\/ddoptics-fernglas-ultralight-10x34\/"},"modified":"2025-10-06T14:02:00","modified_gmt":"2025-10-06T12:02:00","slug":"lornetka-ddoptics-ultralight-10x34","status":"publish","type":"product","link":"https:\/\/ddoptics.shop\/pl\/kaufen\/ddoptics-fernglas-ultralight-10x34\/","title":{"rendered":"Lornetka DDoptics Ultralight 10\u00d734"},"content":{"rendered":"<div class=\"row\"  id=\"row-184448062\">\n\n\t<div id=\"col-1476848124\" class=\"col medium-8 small-12 large-8\"  >\n\t\t\t\t<div class=\"col-inner\"  >\n\t\t\t\n\t\t\t\n<h2>Lornetka DDoptics Ultralight 10\u00d734<\/h2>\n<p>Uniwersalna lornetka podr\u00f3\u017cna i stalkingowa od DDoptics. A <strong>Kompaktowa lornetka 10x <\/strong>z <strong>Imponuj\u0105ca wydajno\u015b\u0107 obrazu<\/strong> do <strong>wi\u0119cej ni\u017c niesamowita cena<\/strong>. Dzi\u0119ki temu <strong>Bardzo lekka i kompaktowa lornetka<\/strong> DDoptics uzupe\u0142nia swoj\u0105 ofert\u0119 w kategorii \u201clornetki dla KA\u017bDEGO\u201c seri\u0105 Ultralight.<\/p>\n<p>The\u00a0<strong>Ultralekka lornetka DDoptics z 10-krotnym powi\u0119kszeniem<\/strong> Oferuje lekki i wodoszczelny wygl\u0105d, a tak\u017ce czysto dzia\u0142aj\u0105cy mechanizm za 149 euro.<\/p>\n<p>Lekki, ma\u0142y, por\u0119czny, <strong>Wodoodporny i wydajny<\/strong> powinna by\u0107 uniwersaln\u0105 lornetk\u0105 turystyczn\u0105. Co wi\u0119cej, ta ma\u0142a lornetka jest po prostu pi\u0119kna. Otwarty mostek zach\u0119ca d\u0142o\u0144 do owini\u0119cia si\u0119 wok\u00f3\u0142 tubusu lornetki, zapewniaj\u0105c przyczepno\u015b\u0107 i wygod\u0119.<\/p>\n<p>The <strong>Pow\u0142oka soczewek optycznych<\/strong> Zapewnia jasny i przyjemny obraz, a je\u015bli lornetka nie jest w danej chwili potrzebna, mo\u017cna j\u0105 szybko schowa\u0107 do kieszeni kurtki. Niska waga wynosz\u0105ca nieco poni\u017cej <strong>400 g ultralekkiej lornetki<\/strong> nie przeszkadza w \u017cadnym momencie.<\/p>\n<h3>Idealny na wakacje na \u015bwie\u017cym powietrzu<\/h3>\n<p>Czy w <strong>W g\u00f3rach lub na pla\u017cy<\/strong>, Niezale\u017cnie od tego, czy jest 15 stopni poni\u017cej zera, czy 45 stopni na pustyni, wype\u0142niona azotem lornetka Ultralight poradzi sobie ze wszystkim - i nadal zapewni dobry obraz. Nawet w p\u00f3\u0142mroku pomagaj\u0105 dostrzec <strong>rozpozna\u0107 w\u0142a\u015bciw\u0105 \u015bcie\u017ck\u0119<\/strong> lub pokazuje, gdzie ukryta jest jedna lub druga ma\u0142a niespodzianka.<\/p>\n\t\t<\/div>\n\t\t\t\t\n<style>\n#col-1476848124 > .col-inner {\n  margin: 0px 0px -30px 0px;\n}\n<\/style>\n\t<\/div>\n\n\t\n\n\t<div id=\"col-106733254\" class=\"col medium-4 small-12 large-4\"  >\n\t\t\t\t<div class=\"col-inner\"  >\n\t\t\t\n\t\t\t\n\t<div class=\"img has-hover x md-x lg-x y md-y lg-y\" id=\"image_421708425\">\n\t\t\t\t\t\t\t\t<div class=\"img-inner dark\" >\n\t\t\t\t\t\t\t\t\t\n\t\t\t\t\t<\/div>\n\t\t\t\t\t\t\t\t\n<style>\n#image_421708425 {\n  width: 100%;\n}\n<\/style>\n\t<\/div>\n\t\n\t<div class=\"img has-hover x md-x lg-x y md-y lg-y\" id=\"image_1932389241\">\n\t\t<a class=\"\" href=\"https:\/\/www.shop.ddoptics.de\/garantiebestimmungen\" target=\"_blank\" rel=\"noopener\">\t\t\t\t\t\t<div class=\"img-inner dark\" >\n\t\t\t<img decoding=\"async\" width=\"352\" height=\"160\" src=\"https:\/\/ddoptics.shop\/wp-content\/uploads\/2014\/09\/DDoptics-Garantie.jpg\" class=\"attachment-large size-large\" alt=\"Gwarancja DDoptics\" srcset=\"https:\/\/ddoptics.shop\/wp-content\/uploads\/2014\/09\/DDoptics-Garantie.jpg 352w, https:\/\/ddoptics.shop\/wp-content\/uploads\/2014\/09\/DDoptics-Garantie-304x138.jpg 304w, https:\/\/ddoptics.shop\/wp-content\/uploads\/2014\/09\/DDoptics-Garantie-305x139.jpg 305w, https:\/\/ddoptics.shop\/wp-content\/uploads\/2014\/09\/DDoptics-Garantie-250x114.jpg 250w\" sizes=\"(max-width: 352px) 100vw, 352px\" title=\"\">\t\t\t\t\t\t\n\t\t\t\t\t<\/div>\n\t\t\t\t\t\t<\/a>\t\t\n<style>\n#image_1932389241 {\n  width: 100%;\n}\n<\/style>\n\t<\/div>\n\t\n<h3>Fakty dotycz\u0105ce lornetek DDoptics<\/h3>\n\n\t\t<div class=\"icon-box featured-box icon-box-left text-left\"  >\n\t\t\t\t\t<div class=\"icon-box-img\" style=\"width: 32px\">\n\t\t\t\t<div class=\"icon\">\n\t\t\t\t\t<div class=\"icon-inner\" >\n\t\t\t\t\t\t<img decoding=\"async\" width=\"100\" height=\"83\" src=\"https:\/\/ddoptics.shop\/wp-content\/uploads\/2021\/05\/DDoptics-SHG-Icon.jpg\" class=\"attachment-medium size-medium\" alt=\"Ikona lornetki DDoptics SHG\" title=\"\">\t\t\t\t\t<\/div>\n\t\t\t\t<\/div>\n\t\t\t<\/div>\n\t\t\t\t<div class=\"icon-box-text last-reset\">\n\t\t\t\t\t\t\t\t\t\n<p>Najni\u017csza waga<\/p>\n\t\t<\/div>\n\t<\/div>\n\t\n\t\n\n\t\t<div class=\"icon-box featured-box icon-box-left text-left\"  >\n\t\t\t\t\t<div class=\"icon-box-img\" style=\"width: 32px\">\n\t\t\t\t<div class=\"icon\">\n\t\t\t\t\t<div class=\"icon-inner\" >\n\t\t\t\t\t\t<img decoding=\"async\" width=\"100\" height=\"83\" src=\"https:\/\/ddoptics.shop\/wp-content\/uploads\/2021\/05\/DDoptics-SHG-Icon.jpg\" class=\"attachment-medium size-medium\" alt=\"Ikona lornetki DDoptics SHG\" title=\"\">\t\t\t\t\t<\/div>\n\t\t\t\t<\/div>\n\t\t\t<\/div>\n\t\t\t\t<div class=\"icon-box-text last-reset\">\n\t\t\t\t\t\t\t\t\t\n<p>Otwarty most<\/p>\n\t\t<\/div>\n\t<\/div>\n\t\n\t\n\n\t\t<div class=\"icon-box featured-box icon-box-left text-left\"  >\n\t\t\t\t\t<div class=\"icon-box-img\" style=\"width: 32px\">\n\t\t\t\t<div class=\"icon\">\n\t\t\t\t\t<div class=\"icon-inner\" >\n\t\t\t\t\t\t<img decoding=\"async\" width=\"100\" height=\"83\" src=\"https:\/\/ddoptics.shop\/wp-content\/uploads\/2021\/05\/DDoptics-SHG-Icon.jpg\" class=\"attachment-medium size-medium\" alt=\"Ikona lornetki DDoptics SHG\" title=\"\">\t\t\t\t\t<\/div>\n\t\t\t\t<\/div>\n\t\t\t<\/div>\n\t\t\t\t<div class=\"icon-box-text last-reset\">\n\t\t\t\t\t\t\t\t\t\n<p>Precyzyjnie regulowany mechanizm<\/p>\n\t\t<\/div>\n\t<\/div>\n\t\n\t\n\n\t\t<div class=\"icon-box featured-box icon-box-left text-left\"  >\n\t\t\t\t\t<div class=\"icon-box-img\" style=\"width: 32px\">\n\t\t\t\t<div class=\"icon\">\n\t\t\t\t\t<div class=\"icon-inner\" >\n\t\t\t\t\t\t<img decoding=\"async\" width=\"100\" height=\"83\" src=\"https:\/\/ddoptics.shop\/wp-content\/uploads\/2021\/05\/DDoptics-SHG-Icon.jpg\" class=\"attachment-medium size-medium\" alt=\"Ikona lornetki DDoptics SHG\" title=\"\">\t\t\t\t\t<\/div>\n\t\t\t\t<\/div>\n\t\t\t<\/div>\n\t\t\t\t<div class=\"icon-box-text last-reset\">\n\t\t\t\t\t\t\t\t\t\n<p>Metalowe muszle oczne<\/p>\n\t\t<\/div>\n\t<\/div>\n\t\n\t\n\n\t\t<div class=\"icon-box featured-box icon-box-left text-left\"  >\n\t\t\t\t\t<div class=\"icon-box-img\" style=\"width: 32px\">\n\t\t\t\t<div class=\"icon\">\n\t\t\t\t\t<div class=\"icon-inner\" >\n\t\t\t\t\t\t<img decoding=\"async\" width=\"100\" height=\"83\" src=\"https:\/\/ddoptics.shop\/wp-content\/uploads\/2021\/05\/DDoptics-SHG-Icon.jpg\" class=\"attachment-medium size-medium\" alt=\"Ikona lornetki DDoptics SHG\" title=\"\">\t\t\t\t\t<\/div>\n\t\t\t\t<\/div>\n\t\t\t<\/div>\n\t\t\t\t<div class=\"icon-box-text last-reset\">\n\t\t\t\t\t\t\t\t\t\n<p>Pryzmaty Schmidt-Pechan + dobra rozdzielczo\u015b\u0107<\/p>\n\t\t<\/div>\n\t<\/div>\n\t\n\t\n\n\t\t<div class=\"icon-box featured-box icon-box-left text-left\"  >\n\t\t\t\t\t<div class=\"icon-box-img\" style=\"width: 32px\">\n\t\t\t\t<div class=\"icon\">\n\t\t\t\t\t<div class=\"icon-inner\" >\n\t\t\t\t\t\t<img decoding=\"async\" width=\"100\" height=\"83\" src=\"https:\/\/ddoptics.shop\/wp-content\/uploads\/2021\/05\/DDoptics-SHG-Icon.jpg\" class=\"attachment-medium size-medium\" alt=\"Ikona lornetki DDoptics SHG\" title=\"\">\t\t\t\t\t<\/div>\n\t\t\t\t<\/div>\n\t\t\t<\/div>\n\t\t\t\t<div class=\"icon-box-text last-reset\">\n\t\t\t\t\t\t\t\t\t\n<p>\u2705 Wasserdichtigkeit und Nitrogenf\u00fcllung<\/p>\n\t\t<\/div>\n\t<\/div>\n\t\n\t\n<div class=\"is-divider divider clearfix\" ><\/div>\n\t\t<\/div>\n\t\t\t\t\t<\/div>\n\n\t\n<\/div>\n<h3>Wyj\u0105tkowy stosunek ceny do jako\u015bci dla lornetek 10\u00d734<\/h3>\n<p>Z<strong> Lornetka DDoptics Ultralight 10\u00d734<\/strong> DDoptics oferuje optyk\u0119, kt\u00f3ra faktycznie mo\u017ce zrobi\u0107 wszystko, czego mo\u017cna oczekiwa\u0107 od tak lekkiej optyki. Jeden <strong>Otwarty most nie stanowi problemu dla lornetki<\/strong> Ten przedzia\u0142 cenowy r\u00f3wnie\u017c jest rzadko spotykany, je\u015bli w og\u00f3le.<\/p>\n<h3>Wytrzyma\u0142a konstrukcja do zastosowa\u0144 zewn\u0119trznych<\/h3>\n<p>The<strong> Obudowa lornetki wykonana jest z bardzo twardego i niet\u0142uk\u0105cego poliw\u0119glanu.<\/strong> stworzony. Stopy metali s\u0105 u\u017cywane we wszystkich krytycznych punktach, takich jak muszle oczne lub \u201czakr\u0119t\u201d.<\/p>\n<h3>Precyzyjna mechanika lornetki<\/h3>\n<p>The <strong>Pokr\u0119t\u0142o regulacji ostro\u015bci dzia\u0142a swobodnie i bez luz\u00f3w.<\/strong> Nie za twarde i nie za mi\u0119kkie. Z precyzyjn\u0105 regulacj\u0105, dzi\u0119ki <strong>precyzyjna mechanika, ustawianie ostro\u015bci<\/strong> \u0142atwo i bezb\u0142\u0119dnie do \u201cpunktu centralnego\u201d.<\/p>\n<p>The <strong>Dioptria,<\/strong> kt\u00f3ry mo\u017cna obs\u0142ugiwa\u0107 pod prawym okularem, mo\u017ce by\u0107 <strong>Czysto\u015b\u0107 i precyzja<\/strong> regulacja. Muszle oczne oferuj\u0105 cztery wyra\u017ane \u201cstopnie rastra\u201d, umo\u017cliwiaj\u0105c zar\u00f3wno <strong>Osoby nosz\u0105ce okulary, a tak\u017ce \u201cosoby nienosz\u0105ce okular\u00f3w\u201c<\/strong> w <strong>najlepsza mo\u017cliwa i najbardziej komfortowa odleg\u0142o\u015b\u0107 mi\u0119dzy \u017arenicami<\/strong> mo\u017cna ustawi\u0107.<\/p>\n<p>The <strong>Pow\u0142oka soczewek optycznych<\/strong> Zapewnia jasny i przyjemny obraz, a je\u015bli lornetka nie jest w danej chwili potrzebna, mo\u017cna j\u0105 szybko schowa\u0107 do kieszeni kurtki. Niska waga wynosz\u0105ca nieco poni\u017cej <strong>400 g ultralekkiej lornetki<\/strong> nie przeszkadza w \u017cadnym momencie.<\/p>\n<h3>Idealny na wakacje na \u015bwie\u017cym powietrzu<\/h3>\n<p>Czy w <strong>W g\u00f3rach lub na pla\u017cy<\/strong>, Niezale\u017cnie od tego, czy jest 15 stopni poni\u017cej zera, czy 45 stopni na pustyni, wype\u0142niona azotem lornetka Ultralight poradzi sobie ze wszystkim - i nadal zapewni dobry obraz. Nawet w p\u00f3\u0142mroku pomagaj\u0105 dostrzec <strong>rozpozna\u0107 w\u0142a\u015bciw\u0105 \u015bcie\u017ck\u0119<\/strong> lub pokazuje, gdzie ukryta jest jedna lub druga ma\u0142a niespodzianka.<\/p>","protected":false},"excerpt":{"rendered":"<p><img decoding=\"async\" class=\"alignnone wp-image-10180 size-full\" title=\"Turystyka piesza i trekking\" src=\"https:\/\/ddoptics.shop\/wp-content\/uploads\/2016\/04\/Bergwandern-klein.jpg\" alt=\"Lornetka do w\u0119dr\u00f3wek g\u00f3rskich\" width=\"50\" height=\"50\" \/><img decoding=\"async\" class=\"alignnone wp-image-10178 size-full\" title=\"Obserwacje przyrodnicze\" src=\"https:\/\/ddoptics.shop\/wp-content\/uploads\/2016\/04\/Gebirgsjagd-klein.jpg\" alt=\"G\u00f3rska lornetka my\u015bliwska\" width=\"50\" height=\"50\" \/><br \/>\nNasza opinia: The<strong> Lornetka DDoptics Revolution - <\/strong>jeden<strong> Lornetka dla KA\u017bDEGO w niewiarygodnej cenie.<\/strong><\/p>","protected":false},"featured_media":1961,"comment_status":"open","ping_status":"closed","template":"","meta":{"inline_featured_image":false,"footnotes":""},"product_brand":[],"product_cat":[351,361,329,344,346],"product_tag":[153,160,78,954],"class_list":{"0":"post-1958","1":"product","2":"type-product","3":"status-publish","4":"has-post-thumbnail","6":"product_cat-10x-vergroesserung","7":"product_cat-34-mm-objektiv","8":"product_cat-ddoptics","9":"product_cat-naturbeobachtung","10":"product_cat-wandern-und-reisen","11":"product_tag-10-fach-vergroesserung","12":"product_tag-10x34","13":"product_tag-ddoptics","14":"product_tag-ultralight-10x34","15":"product_shipping_class-paket","16":"pa_brand-marke-ddoptics","17":"pa_farbe-schwarz","18":"pa_produkt-typ-fernglas","20":"first","21":"instock","22":"sale","23":"taxable","24":"shipping-taxable","25":"purchasable","26":"product-type-simple"},"bundled_by":[],"bundle_stock_status":"instock","bundle_stock_quantity":null,"bundle_virtual":false,"bundle_layout":"","bundle_add_to_cart_form_location":"","bundle_editable_in_cart":false,"bundle_sold_individually_context":"","bundle_item_grouping":"","bundle_min_size":"","bundle_max_size":"","bundle_price":[],"bundled_items":[],"bundle_sell_ids":[],"_links":{"self":[{"href":"https:\/\/ddoptics.shop\/pl\/wp-json\/wp\/v2\/product\/1958","targetHints":{"allow":["GET"]}}],"collection":[{"href":"https:\/\/ddoptics.shop\/pl\/wp-json\/wp\/v2\/product"}],"about":[{"href":"https:\/\/ddoptics.shop\/pl\/wp-json\/wp\/v2\/types\/product"}],"replies":[{"embeddable":true,"href":"https:\/\/ddoptics.shop\/pl\/wp-json\/wp\/v2\/comments?post=1958"}],"version-history":[{"count":7,"href":"https:\/\/ddoptics.shop\/pl\/wp-json\/wp\/v2\/product\/1958\/revisions"}],"predecessor-version":[{"id":29194,"href":"https:\/\/ddoptics.shop\/pl\/wp-json\/wp\/v2\/product\/1958\/revisions\/29194"}],"wp:featuredmedia":[{"embeddable":true,"href":"https:\/\/ddoptics.shop\/pl\/wp-json\/wp\/v2\/media\/1961"}],"wp:attachment":[{"href":"https:\/\/ddoptics.shop\/pl\/wp-json\/wp\/v2\/media?parent=1958"}],"wp:term":[{"taxonomy":"product_brand","embeddable":true,"href":"https:\/\/ddoptics.shop\/pl\/wp-json\/wp\/v2\/product_brand?post=1958"},{"taxonomy":"product_cat","embeddable":true,"href":"https:\/\/ddoptics.shop\/pl\/wp-json\/wp\/v2\/product_cat?post=1958"},{"taxonomy":"product_tag","embeddable":true,"href":"https:\/\/ddoptics.shop\/pl\/wp-json\/wp\/v2\/product_tag?post=1958"}],"curies":[{"name":"wp","href":"https:\/\/api.w.org\/{rel}","templated":true}]}}