{"id":1970,"date":"2016-04-16T14:54:30","date_gmt":"2016-04-16T12:54:30","guid":{"rendered":"https:\/\/beta.optik-sport-shop.at\/kaufen\/zielfernrohr-ddoptics-nachtfalke-hdx-1komma5-6x42-gen-3-new-absehen-4\/"},"modified":"2025-07-04T11:10:56","modified_gmt":"2025-07-04T09:10:56","slug":"nighteagle-1komma5-6x42-gen-3","status":"publish","type":"product","link":"https:\/\/ddoptics.shop\/pl\/kaufen\/nighteagle-1komma5-6x42-gen-3\/","title":{"rendered":"Luneta celownicza DDoptics Nighteagle 1,5-6\u00d742 | V4 | A4N | regulacja MOA - Gen 3"},"content":{"rendered":"<div class=\"container section-title-container\" ><h3 class=\"section-title section-title-normal\"><b aria-hidden=\"true\"><\/b><span class=\"section-title-main\" ><i class=\"icon-cross\" aria-hidden=\"true\"><\/i>Kr\u00f3tki przegl\u0105d lunety celowniczej DDoptics V6 1-6x42 Gen 3<\/span><b aria-hidden=\"true\"><\/b><\/h3><\/div>\n<table style=\"width: 100%; background-color: #cacaca;\">\n<tbody>\n<tr>\n<td style=\"height: 35px; width: 25%;\"><strong>Rura<\/strong><\/td>\n<td style=\"height: 35px; width: 25%;\">Rurka mono 30 mm<\/td>\n<td style=\"height: 35px; width: 25%;\"><strong>Pole widzenia: m @100m<\/strong><\/td>\n<td style=\"height: 35px; width: 25%;\">6 m<\/td>\n<\/tr>\n<tr>\n<td style=\"height: 35px; width: 25%;\"><strong>System optyczny<\/strong><\/td>\n<td style=\"height: 35px; width: 25%;\">1,5-6x \/ 4x zoom<\/td>\n<td style=\"height: 35px; width: 25%;\">\u00a0<strong>Odleg\u0142o\u015b\u0107 mi\u0119dzy \u017arenicami<\/strong><\/td>\n<td style=\"height: 35px; width: 25%;\">84-99 mm<\/td>\n<\/tr>\n<tr>\n<td style=\"height: 35px; width: 25%;\"><strong>Obiektyw<\/strong><\/td>\n<td style=\"height: 35px; width: 25%;\">42 mm<\/td>\n<td style=\"height: 35px; width: 25%;\">\u00a0<strong>D\u0142ugo\u015b\u0107<\/strong><\/td>\n<td style=\"height: 35px; width: 25%;\">290 mm<\/td>\n<\/tr>\n<tr>\n<td style=\"height: 35px; width: 25%;\"><strong>Siatka<\/strong><\/td>\n<td style=\"height: 35px; width: 25%;\">Nowy celownik 4 (A4N)<\/td>\n<td style=\"height: 35px; width: 25%;\">\u00a0<strong>Waga<\/strong><\/td>\n<td style=\"height: 35px; width: 25%;\">520 g<\/td>\n<\/tr>\n<tr>\n<td style=\"height: 10px; width: 25%;\"><strong>Punkt \u015bwietlny<\/strong><\/td>\n<td style=\"height: 10px; width: 25%;\">Standardowy lub iFibre<\/td>\n<td style=\"height: 10px; width: 25%;\">\u00a0<strong>Ochrona przed zaparowaniem<\/strong><\/td>\n<td style=\"height: 10px; width: 25%;\">Wype\u0142nienie azotem przed zaparowaniem<\/td>\n<\/tr>\n<tr>\n<td style=\"height: 10px; width: 25%;\"><strong>Ostro\u015b\u0107\/paralaksa<\/strong><\/td>\n<td style=\"height: 10px; width: 25%;\">brak<\/td>\n<td style=\"height: 10px; width: 25%;\">\u00a0<strong>Szczelno\u015b\u0107<\/strong><\/td>\n<td style=\"height: 10px; width: 25%;\">Odporno\u015b\u0107 na wod\u0119 i uderzenia<\/td>\n<\/tr>\n<\/tbody>\n<\/table>\n<div class=\"row\"  id=\"row-1285955355\">\n\n\t<div id=\"col-378574498\" class=\"col medium-8 small-12 large-8\"  >\n\t\t\t\t<div class=\"col-inner\"  >\n\t\t\t\n\t\t\t\n<h2>Luneta celownicza DDoptics Nighteagle 1.5-6\u00d742 Gen 3 - bezkompromisowa, jasna i mocna<\/h2>\n<p>The <strong>DDoptics Nighteagle HDX 1.5-6\u00d742<\/strong> zosta\u0142 zaprojektowany w taki spos\u00f3b, aby spe\u0142nia\u0142 dzisiejsze dobrze zorganizowane <a href=\"https:\/\/de.wikipedia.org\/wiki\/Dr%C3%BCckjagd\" target=\"_blank\" rel=\"noopener noreferrer\"><strong>Polowanie na ruch<\/strong> <\/a>w pe\u0142nym zakresie.<\/p>\n<p>Dzi\u0119ki temu <strong>Optyka celownicza do polowa\u0144 p\u0119dzonych<\/strong> strza\u0142y z odleg\u0142o\u015bci oko\u0142o 100 metr\u00f3w s\u0105 uzasadnione. Je\u015bli, na przyk\u0142ad, zwierzyna oddala si\u0119 od my\u015bliwych, kt\u00f3rzy s\u0105 dobrze ustawieni przed stojakami, lub nawet je\u015bli maj\u0105 nadziej\u0119. R\u00f3wnie odpowiednie jest to <strong>Optyka celownicza do stalkingu na polach i w g\u0119stych lasach.<\/strong><\/p>\n<p>Jest u\u017cywana g\u0142\u00f3wnie w g\u00f3rach ze wzgl\u0119du na swoje niewielkie wymiary i wag\u0119.<\/p>\n<h3>Luneta celownicza 1,5-6\u00d742 z pod\u015bwietlan\u0105 siatk\u0105 New Reticle 4 (A4N): Doskona\u0142y przegl\u0105d<\/h3>\n<p>Celownik optyczny dzia\u0142a z wyj\u0105tkiem <strong>100 m bez paralaksy<\/strong>. F\u00fcr die Verstellung des Absehens bedarf es keinerlei Hilfsmittel. Pro Klick verstellt sich das Absehen um 1\/4 MOA (entspricht 7,3mm auf 100m). Die <strong>Klikni\u0119cie regulacji <\/strong>prace<strong> Absolutna powtarzalno\u015b\u0107<\/strong> i mo\u017ce zosta\u0107 wyzerowany po odpaleniu.<\/p>\n\t\t<\/div>\n\t\t\t\t\t<\/div>\n\n\t\n\n\t<div id=\"col-2114704207\" class=\"col medium-4 small-12 large-4\"  >\n\t\t\t\t<div class=\"col-inner\"  >\n\t\t\t\n\t\t\t\n<a class=\"button primary expand\" >\n\t\t<span>Cechy szczeg\u00f3lne lunety celowniczej<\/span>\n\t<\/a>\n\n\n\t<section class=\"section\" id=\"section_674267976\">\n\t\t<div class=\"section-bg fill\" >\n\t\t\t\t\t\t\t\t\t<div class=\"section-bg-overlay absolute fill\"><\/div>\n\t\t\t\n\n\t\t<\/div>\n\n\t\t\n\n\t\t<div class=\"section-content relative\">\n\t\t\t\n\t<div class=\"img has-hover x md-x lg-x y md-y lg-y\" id=\"image_1412411606\">\n\t\t<a class=\"\" href=\"https:\/\/www.ddoptics.de\/garantiebestimmungen\" target=\"_blank\" rel=\"no follow noopener\">\t\t\t\t\t\t<div class=\"img-inner dark\" >\n\t\t\t<img decoding=\"async\" width=\"352\" height=\"160\" src=\"https:\/\/ddoptics.shop\/wp-content\/uploads\/2014\/09\/DDoptics-Garantie.jpg\" class=\"attachment-large size-large\" alt=\"Gwarancja DDoptics\" srcset=\"https:\/\/ddoptics.shop\/wp-content\/uploads\/2014\/09\/DDoptics-Garantie.jpg 352w, https:\/\/ddoptics.shop\/wp-content\/uploads\/2014\/09\/DDoptics-Garantie-304x138.jpg 304w, https:\/\/ddoptics.shop\/wp-content\/uploads\/2014\/09\/DDoptics-Garantie-305x139.jpg 305w, https:\/\/ddoptics.shop\/wp-content\/uploads\/2014\/09\/DDoptics-Garantie-250x114.jpg 250w\" sizes=\"(max-width: 352px) 100vw, 352px\" title=\"\">\t\t\t\t\t\t\n\t\t\t\t\t<\/div>\n\t\t\t\t\t\t<\/a>\t\t\n<style>\n#image_1412411606 {\n  width: 100%;\n}\n<\/style>\n\t<\/div>\n\t\n\t<div id=\"gap-92776141\" class=\"gap-element clearfix\" style=\"display:block; height:auto;\">\n\t\t\n<style>\n#gap-92776141 {\n  padding-top: 15px;\n}\n<\/style>\n\t<\/div>\n\t\n\t<div id=\"text-2577145785\" class=\"text\">\n\t\t\n<p><em><span style=\"font-size: 80%;\">\u21d2 <strong>DDoptics IFiber pod\u015bwietlana kropka opcjonalnie<\/strong><\/span><\/em><br \/>\n<em><span style=\"font-size: 80%;\">\u21d2 Siatka: Nowy celownik 4 w\u00a0<strong>2. p\u0142aszczyzna obrazu<\/strong><\/span><\/em><br \/>\n<em><span style=\"font-size: 80%;\">\u21d2 Bezwzgl\u0119dna dok\u0142adno\u015b\u0107 zwrotu<\/span><\/em><br \/>\n<em><span style=\"font-size: 80%;\">\u21d2 <strong>Du\u017cy zakres regulacji<\/strong><\/span><\/em><br \/>\n<em><span style=\"font-size: 80%;\">\u21d2 Leuchtpunkt II serienm\u00e4\u00dfig<\/span><\/em><br \/>\n<em><span style=\"font-size: 80%;\">\u21d2 <strong>Transmisja \u015bwiat\u0142a<\/strong> z warto\u015bciami szczytowymi<\/span><\/em><br \/>\n<em><span style=\"font-size: 80%;\">\u21d2 Odporno\u015b\u0107 na strza\u0142y: test 375H&amp;H z 1000 strza\u0142\u00f3w<\/span><\/em><br \/>\n<em><span style=\"font-size: 80%;\">\u21d2 Sehfeld: 21m -5,6m<\/span><\/em><br \/>\n\t\t\n<style>\n#text-2577145785 {\n  line-height: 1.15;\n  color: rgb(33, 107, 227);\n}\n#text-2577145785 > * {\n  color: rgb(33, 107, 227);\n}\n<\/style>\n\t<\/div>\n\t\n\t\t<\/div>\n\n\t\t\n<style>\n#section_674267976 {\n  padding-top: 30px;\n  padding-bottom: 30px;\n  background-color: rgb(232, 232, 232);\n}\n#section_674267976 .section-bg-overlay {\n  background-color: rgba(255,255,255,.5);\n}\n<\/style>\n\t<\/section>\n\t\n\t\t<\/div>\n\t\t\t\t\t<\/div>\n\n\t\n<\/div>\n<p>Nowy Reticle 4\u00a0<strong>Pod\u015bwietlany celownik<\/strong> znajduje si\u0119 w <strong>P\u0142aszczyzna obrazu okularu (2. p\u0142aszczyzna obrazu)<\/strong> und bleibt damit in jeder Vergr\u00f6\u00dferungseinstellung gleich gro\u00df. Zur Vergr\u00f6\u00dferung bzw. Verkleinerung des Absehens befindet sich auf dem Okular der Wechselring. Er ist 15mm breit, fein geriffelt und erh\u00f6ht damit Grifffestigkeit und Rutschsicherheit. Die schwere Verstellung des Wechselrings ist von DDoptics gewollt, um eine unbeabsichtigte Verstellung auszuschlie\u00dfen.<\/p>\n<h3>\u015awiat\u0142owodowa pod\u015bwietlana kropka do szybkiego namierzania celu<\/h3>\n<figure id=\"attachment_1951\" aria-describedby=\"caption-attachment-1951\" style=\"width: 250px\" class=\"wp-caption alignright\"><a href=\"https:\/\/ddoptics.shop\/wp-content\/uploads\/2016\/04\/Neues-DDoptics-Absehen.jpg\" rel=\"attachment wp-att-1951\"><img decoding=\"async\" class=\"wp-image-1951\" src=\"https:\/\/ddoptics.shop\/wp-content\/uploads\/2016\/04\/Neues-DDoptics-Absehen-340x340.jpg\" alt=\"Nowy celownik DDoptics 4\" width=\"250\" height=\"199\" title=\"\" srcset=\"https:\/\/ddoptics.shop\/wp-content\/uploads\/2016\/04\/Neues-DDoptics-Absehen-304x242.jpg 304w, https:\/\/ddoptics.shop\/wp-content\/uploads\/2016\/04\/Neues-DDoptics-Absehen-305x243.jpg 305w, https:\/\/ddoptics.shop\/wp-content\/uploads\/2016\/04\/Neues-DDoptics-Absehen-632x503.jpg 632w, https:\/\/ddoptics.shop\/wp-content\/uploads\/2016\/04\/Neues-DDoptics-Absehen.jpg 800w, https:\/\/ddoptics.shop\/wp-content\/uploads\/2016\/04\/Neues-DDoptics-Absehen-250x199.jpg 250w, https:\/\/ddoptics.shop\/wp-content\/uploads\/2016\/04\/Neues-DDoptics-Absehen-510x406.jpg 510w\" sizes=\"(max-width: 250px) 100vw, 250px\" \/><\/a><figcaption id=\"caption-attachment-1951\" class=\"wp-caption-text\">Nowy celownik DDoptics 4<\/figcaption><\/figure>\n<p>The <strong>Czerwona pod\u015bwietlana kropka<\/strong> mo\u017ce by\u0107 <strong>Bezstopniowe przyciemnianie o 100 procent<\/strong>, bis das menschliche Auge ihn nicht mehr wahrnehmen kann. Das Absehen wirkt dann wie bei einer Zieloptik ohne Leuchteinheit.<\/p>\n<p>The <strong>Jednostka \u015bwietlna <\/strong>jest oparty na prawdziwych<strong> Technologia \u015bwiat\u0142owodowa<\/strong>. \u015awiat\u0142o jest zatem emitowane za pomoc\u0105 <strong>Kabel \u015bwiat\u0142owodowy do \u015brodka siatki celowniczej<\/strong> prowadzony. Zaleta: Gdy pod\u015bwietlana kropka jest wy\u0142\u0105czona, czarna kropka nie jest widoczna.<\/p>\n<p>Poniewa\u017c \u015bwiat\u0142o jest zlokalizowane wy\u0142\u0105cznie w w\u0142\u00f3knie szklanym, to <strong>Niepo\u017c\u0105dane efekty uboczne i cross-fade wykluczone<\/strong>. Pomaga to w szybkim celowaniu i znacznie zwi\u0119ksza wsp\u00f3\u0142czynnik trafie\u0144.<\/p>\n<h3>Docelowa optyka Transmisja \u015bwiat\u0142a - najwy\u017csze mi\u0119dzynarodowe warto\u015bci<\/h3>\n<p>The <strong>W pe\u0142ni powlekana optyka<\/strong> Nocnego Or\u0142a<strong>\u00a0HDX 1.5-6\u00d742<\/strong> nie pozostawia nic do \u017cyczenia.<\/p>\n<p>Niezale\u017cni eksperci <strong>Lichtdurchl\u00e4ssigkeit 93,3 Prozent<\/strong> (dzie\u0144) i 91,6% (noc). The <strong>Obraz jest ostry, kontrastowy i wiernie odwzorowuje kolory.<\/strong>, oferuje bardzo dobre <strong>Randsch\u00e4rfe und ist v\u00f6llig reflexfrei<\/strong>. W po\u0142\u0105czeniu z polem widzenia (od 21 m do 5,6 m) i opcjami powi\u0119kszenia, Nighteagle HDX 1.5-6\u00d742 nie tylko gwarantuje optymalne wykorzystanie.<\/p>\n<h3>Niskie odchylenie linii celowania i maksymalna odporno\u015b\u0107 na strza\u0142<\/h3>\n<p>Typowe i nieuniknione przesuni\u0119cie punktu trafienia przy zmianie powi\u0119kszenia dla siatek umieszczonych w p\u0142aszczy\u017anie obrazu okularu wynosi mniej ni\u017c 20 mm na 100 m dla Nighteagle HDX 1.5-6\u00d742. Warto\u015b\u0107 ta jest ca\u0142kowicie nieistotna dla zastosowa\u0144 my\u015bliwskich.<\/p>\n<p><strong>Ca\u0142kowity zakres regulacji celownika teleskopowego:<\/strong><\/p>\n<ul>\n<li>530 <a href=\"https:\/\/ddoptics.shop\/pl\/termin-techniczny\/obliczanie-minuty-katowej-lub-moa-dla-lunet-celowniczych\/\" target=\"_blank\" rel=\"noopener noreferrer\">Klikni\u0119cia<\/a><\/li>\n<li>odpowiada 132,5 MOA<\/li>\n<li>odpowiada 66,25 MOA na stron\u0119<\/li>\n<\/ul>\n<p>Podczas testu po 20 strza\u0142ach z <strong>kalibru .450 Dakota i ponad 100 pocisk\u00f3w kalibru .308 Win.<\/strong> niezale\u017cni eksperci nie byli w stanie zmierzy\u0107 \u017cadnej niewsp\u00f3\u0142osiowo\u015bci.<\/p>\n<h3>Regulacja odleg\u0142o\u015bci mi\u0119dzy \u017arenicami i dioptrii<\/h3>\n<p>The <strong>Odleg\u0142o\u015b\u0107 od oka wynosi 100 mm<\/strong>, womit der Einsatz starker Kaliber problemlos ist. Zus\u00e4tzlich ist das Okularende mit einem geriffelten Gummiring gesch\u00fctzt. Die Dioptrienvertellung betr\u00e4gt -3 bis +3 Dioptrien.<\/p>\n<p>The <strong>Optyka celownicza s\u0142u\u017cy g\u0142\u00f3wnie do strzelania przelotnego<\/strong> i dlatego jest szczeg\u00f3lnie interesuj\u0105cy podczas polowa\u0144 w ruchu. Ze wzgl\u0119du na \u015brednic\u0119 obiektywu wynosz\u0105c\u0105 42 mm, celownik optyczny mo\u017ce by\u0107 jednak u\u017cywany bezpo\u015brednio do <strong>p\u00f3\u017any zmierzch<\/strong> zu verwenden und somit auch als Ansitzglas. Auch bei der <strong>Polowanie za granic\u0105 w Afryce<\/strong> hat sich das Modell bestens bew\u00e4hrt. Besonders gut geeignet ist das Glas f\u00fcr den Einsatz eines kombinierten Nachtsichtger\u00e4tes.<\/p>\n<h3>Rysunek techniczny lunety celowniczej 1.5-6\u00d742 Gen 3<\/h3>\n\t<div class=\"img has-hover x md-x lg-x y md-y lg-y\" id=\"image_182740379\">\n\t\t\t\t\t\t\t\t<div class=\"img-inner dark\" >\n\t\t\t<img decoding=\"async\" width=\"1020\" height=\"477\" src=\"https:\/\/ddoptics.shop\/wp-content\/uploads\/2016\/04\/1_5-6x42-1600x748.jpg\" class=\"attachment-large size-large\" alt=\"Luneta celownicza DDoptics 1,5-6x42 z siatk\u0105 duplex\" srcset=\"https:\/\/ddoptics.shop\/wp-content\/uploads\/2016\/04\/1_5-6x42-1600x748.jpg 1600w, https:\/\/ddoptics.shop\/wp-content\/uploads\/2016\/04\/1_5-6x42-scaled-304x142.jpg 304w, https:\/\/ddoptics.shop\/wp-content\/uploads\/2016\/04\/1_5-6x42-scaled-305x143.jpg 305w, https:\/\/ddoptics.shop\/wp-content\/uploads\/2016\/04\/1_5-6x42-scaled-632x296.jpg 632w, https:\/\/ddoptics.shop\/wp-content\/uploads\/2016\/04\/1_5-6x42-800x374.jpg 800w, https:\/\/ddoptics.shop\/wp-content\/uploads\/2016\/04\/1_5-6x42-scaled-250x117.jpg 250w, https:\/\/ddoptics.shop\/wp-content\/uploads\/2016\/04\/1_5-6x42-scaled-510x238.jpg 510w\" sizes=\"(max-width: 1020px) 100vw, 1020px\" title=\"\">\t\t\t\t\t\t\n\t\t\t\t\t<\/div>\n\t\t\t\t\t\t\t\t\n<style>\n#image_182740379 {\n  width: 100%;\n}\n<\/style>\n\t<\/div>","protected":false},"excerpt":{"rendered":"<p><strong><img decoding=\"async\" class=\"alignnone wp-image-10455 size-full\" title=\"Polowanie na ruch\" src=\"https:\/\/ddoptics.shop\/wp-content\/uploads\/2016\/04\/Bewegungsjagd.jpg\" alt=\"Polowanie na ruch\" width=\"50\" height=\"50\" \/><\/strong><img decoding=\"async\" class=\"alignnone wp-image-10452 size-full\" title=\"Strzelectwo sportowe\" src=\"https:\/\/ddoptics.shop\/wp-content\/uploads\/2016\/07\/Target-Schiessen.jpg\" alt=\"Strzelanie do celu\" width=\"50\" height=\"50\" \/><img decoding=\"async\" class=\"alignnone wp-image-10168 size-full\" title=\"Polowanie na stoisku\" src=\"https:\/\/ddoptics.shop\/wp-content\/uploads\/2016\/09\/Jagd-klein.jpg\" alt=\"Lornetka my\u015bliwska\" width=\"50\" height=\"50\" \/><br \/>\n<strong>Wysoki poziom bezpiecze\u0144stwa<\/strong> na <strong>Szybka akwizycja celu<\/strong> i podczas strzelania w biegu. Jeden <strong>Optyka celownicza allround<\/strong> dla <strong>Polowanie z nagonk\u0105, w ruchu i z podchodu<\/strong>.<\/p>\n<p>Opcjonalnie z <strong>NOWO\u015a\u0106,<\/strong> bardziej inteligentny <a title=\"NOWA pod\u015bwietlana kropka DDoptics IFiber\" href=\"\/pl\/termin-techniczny-wiki\/inteligentny-punkt-swietlny-ddoptics-ifiber\/\" target=\"_blank\" rel=\"noopener noreferrer\">Punkt \u015bwietlny IFibre<\/a> z <strong>99 \u20ac dop\u0142aty.<\/strong><\/p>","protected":false},"featured_media":25686,"comment_status":"open","ping_status":"closed","template":"","meta":{"inline_featured_image":false,"footnotes":""},"product_brand":[],"product_cat":[476,455,639,918,637,68],"product_tag":[164,78,80,79],"class_list":{"0":"post-1970","1":"product","2":"type-product","3":"status-publish","4":"has-post-thumbnail","6":"product_cat-15-6x42","7":"product_cat-42-mm-objektivdurchmesser","8":"product_cat-bewegungsjagd","9":"product_cat-v4-4fach-zoom","10":"product_cat-zf-anwendung","11":"product_cat-zielfernrohr","12":"product_tag-1-5-6x42","13":"product_tag-ddoptics","14":"product_tag-gen-3","15":"product_tag-zielfernrohr","16":"product_shipping_class-paket","17":"pa_brand-marke-ddoptics","18":"pa_produkt-typ-zielfernrohr","20":"first","21":"outofstock","22":"sale","23":"taxable","24":"shipping-taxable","25":"purchasable","26":"product-type-variable","27":"has-default-attributes"},"bundled_by":[],"bundle_stock_status":"outofstock","bundle_stock_quantity":null,"bundle_virtual":false,"bundle_layout":"","bundle_add_to_cart_form_location":"","bundle_editable_in_cart":false,"bundle_sold_individually_context":"","bundle_item_grouping":"","bundle_min_size":"","bundle_max_size":"","bundle_price":[],"bundled_items":[],"bundle_sell_ids":[],"_links":{"self":[{"href":"https:\/\/ddoptics.shop\/pl\/wp-json\/wp\/v2\/product\/1970","targetHints":{"allow":["GET"]}}],"collection":[{"href":"https:\/\/ddoptics.shop\/pl\/wp-json\/wp\/v2\/product"}],"about":[{"href":"https:\/\/ddoptics.shop\/pl\/wp-json\/wp\/v2\/types\/product"}],"replies":[{"embeddable":true,"href":"https:\/\/ddoptics.shop\/pl\/wp-json\/wp\/v2\/comments?post=1970"}],"version-history":[{"count":17,"href":"https:\/\/ddoptics.shop\/pl\/wp-json\/wp\/v2\/product\/1970\/revisions"}],"predecessor-version":[{"id":28600,"href":"https:\/\/ddoptics.shop\/pl\/wp-json\/wp\/v2\/product\/1970\/revisions\/28600"}],"wp:featuredmedia":[{"embeddable":true,"href":"https:\/\/ddoptics.shop\/pl\/wp-json\/wp\/v2\/media\/25686"}],"wp:attachment":[{"href":"https:\/\/ddoptics.shop\/pl\/wp-json\/wp\/v2\/media?parent=1970"}],"wp:term":[{"taxonomy":"product_brand","embeddable":true,"href":"https:\/\/ddoptics.shop\/pl\/wp-json\/wp\/v2\/product_brand?post=1970"},{"taxonomy":"product_cat","embeddable":true,"href":"https:\/\/ddoptics.shop\/pl\/wp-json\/wp\/v2\/product_cat?post=1970"},{"taxonomy":"product_tag","embeddable":true,"href":"https:\/\/ddoptics.shop\/pl\/wp-json\/wp\/v2\/product_tag?post=1970"}],"curies":[{"name":"wp","href":"https:\/\/api.w.org\/{rel}","templated":true}]}}