{"id":21141,"date":"2020-01-29T17:09:44","date_gmt":"2020-01-29T16:09:44","guid":{"rendered":"https:\/\/ddoptics.shop\/?post_type=product&#038;p=21141"},"modified":"2025-10-03T14:10:53","modified_gmt":"2025-10-03T12:10:53","slug":"luneta-celownicza-v6-5to30x50-gen-3-tactical-mildot-mrad","status":"publish","type":"product","link":"https:\/\/ddoptics.shop\/pl\/kaufen\/zielfernrohr-v6-5bis30x50-gen-3-tactical-mildot-mrad\/","title":{"rendered":"Luneta taktyczna DDoptics Nighteagle 5-30\u00d750 | V6 | MilDot | Regulacja MRAD - Gen 3"},"content":{"rendered":"<div class=\"container section-title-container\" ><h3 class=\"section-title section-title-normal\"><b aria-hidden=\"true\"><\/b><span class=\"section-title-main\" ><i class=\"icon-cross\" aria-hidden=\"true\"><\/i>Kr\u00f3tki przegl\u0105d Nighteagle 5-30x50 Tactical od DDoptics<\/span><b aria-hidden=\"true\"><\/b><\/h3><\/div>\n<table style=\"background-color: #cacaca; width: 100%;\">\n<tbody>\n<tr style=\"height: 24px;\">\n<td style=\"height: 24px; width: 20%;\"><strong>Rura:<\/strong><\/td>\n<td style=\"height: 24px; width: 30%;\">Rurka mono 30 mm<\/td>\n<td style=\"height: 24px; width: 20%;\"><strong>Pole widzenia: m przy 100 m:<\/strong><\/td>\n<td style=\"height: 24px; width: 30%;\">7,2 - 1,1 m<\/td>\n<\/tr>\n<tr style=\"height: 24px;\">\n<td style=\"height: 24px; width: 20%;\"><strong>Uk\u0142ad optyczny:<\/strong><\/td>\n<td style=\"height: 24px; width: 30%;\">5 do 30 razy<\/td>\n<td style=\"height: 24px; width: 20%;\"><strong>Odleg\u0142o\u015b\u0107 mi\u0119dzy \u017arenicami:<\/strong><\/td>\n<td style=\"height: 24px; width: 30%;\">90,5 mm<\/td>\n<\/tr>\n<tr style=\"height: 24px;\">\n<td style=\"height: 24px; width: 20%;\"><strong>Cel:<\/strong><\/td>\n<td style=\"height: 24px; width: 30%;\">50 mm<\/td>\n<td style=\"height: 24px; width: 20%;\"><strong>D\u0142ugo\u015b\u0107:<\/strong><\/td>\n<td style=\"height: 24px; width: 30%;\">348 mm<\/td>\n<\/tr>\n<tr style=\"height: 24px;\">\n<td style=\"height: 24px; width: 20%;\"><a href=\"https:\/\/de.wikipedia.org\/wiki\/Absehen\" target=\"_blank\" rel=\"noopener noreferrer\"><strong>Celownik:<\/strong><\/a><\/td>\n<td style=\"height: 24px; width: 30%;\">MilDot<\/td>\n<td style=\"height: 24px; width: 20%;\"><strong>Waga:<\/strong><\/td>\n<td style=\"height: 24px; width: 30%;\">\u00a0742 g<\/td>\n<\/tr>\n<tr style=\"height: 24px;\">\n<td style=\"height: 24px; width: 20%;\"><strong>Punkt \u015bwietlny<\/strong><\/td>\n<td style=\"height: 24px; width: 30%;\">LP 2 lub iFibre<\/td>\n<td style=\"height: 24px; width: 20%;\"><strong>Ochrona przed zaparowaniem:<\/strong><\/td>\n<td style=\"height: 24px; width: 30%;\">Wype\u0142nienie azotem przed zaparowaniem<\/td>\n<\/tr>\n<tr style=\"height: 24px;\">\n<td style=\"height: 24px; width: 20%;\"><strong>Ostro\u015b\u0107\/paralaksa:<\/strong><\/td>\n<td style=\"height: 24px; width: 30%;\">Regulowany obiektyw od 20 m do niesko\u0144czono\u015bci<\/td>\n<td style=\"height: 24px; width: 20%;\"><strong>\u00a0Szczelno\u015b\u0107:<\/strong><\/td>\n<td style=\"height: 24px; width: 30%;\">Odporno\u015b\u0107 na wod\u0119 i wstrz\u0105sy<\/td>\n<\/tr>\n<\/tbody>\n<\/table>\n<div class=\"row\"  id=\"row-1331323385\">\n\n\t<div id=\"col-1169332885\" class=\"col medium-8 small-12 large-8\"  >\n\t\t\t\t<div class=\"col-inner\"  >\n\t\t\t\n\t\t\t\n<h2>Luneta celownicza DDoptics Nighteagle 5-30\u00d750 V6 Tactical - luneta celownicza z 6-krotnym zoomem, regulacj\u0105 klikni\u0119cia MRAD i siatk\u0105 MilDot - Gen 3<\/h2>\n<p>The <strong>Luneta celownicza DDoptics V6 5-30\u00d750 Tactical Gen 3 <\/strong>z celownikiem taktycznym i <a href=\"https:\/\/ddoptics.shop\/pl\/sklep\/celownik-teleskopowy\/regulacja-klikniecia-mrad\/\" target=\"_blank\" rel=\"noopener noreferrer\">Regulacja MRAD<\/a> to wysokowydajna optyka z 6-krotnym zoomem - zaprojektowana z my\u015bl\u0105 o<strong> Taktyczne wie\u017cyczki celownicze<\/strong>. Zosta\u0142 on opracowany i jest opracowywany wsp\u00f3lnie z <strong>najlepsi deweloperzy<\/strong> zaprojektowany w Japonii.<\/p>\n<p><span class=\"userContent\">Po raz pierwszy w tym ZF, nowy <strong>Opracowane szk\u0142o typu CT (Clear-Transmission)<\/strong> zainstalowany przez DDoptics. W przysz\u0142o\u015bci <strong>DDoptics oferuje t\u0119 jako\u015b\u0107 soczewek dla wszystkich Gen 3<\/strong> Monta\u017c lunet celowniczych.<\/span><\/p>\n<p><span class=\"userContent\">Szk\u0142o CT oferuje wyra\u017aniejsz\u0105 podstawow\u0105 biel i \u015bwieci z<strong> Lepsze kontrasty kolor\u00f3w, jeszcze wi\u0119ksza jasno\u015b\u0107<\/strong> oraz znacznie mniejsze straty i aberracje chromatyczne.<\/span><\/p>\n<p>The <strong>Stabilna grubo\u015b\u0107 \u015bcianki rury wynosz\u0105ca 2 mm<\/strong> jest powy\u017cej standardu wojskowego. Dwie wie\u017ce regulacyjne sk\u0142adaj\u0105 si\u0119 z <strong>Stop aluminium - bez plastikowych element\u00f3w<\/strong>. Wszystkie cz\u0119\u015bci aluminiowe s\u0105 pokryte now\u0105 pow\u0142ok\u0105 <strong>Anodyzowana pow\u0142oka DDoptics w kolorze czarnym<\/strong> pod warunkiem.<\/p>\n<p>Precyzyjnie zdefiniowana, dok\u0142adna i ci\u0119\u017cko dzia\u0142aj\u0105ca regulacja T-click wie\u017c gwarantuje absolutn\u0105 powtarzaln\u0105 precyzj\u0119.<\/p>\n\t\t<\/div>\n\t\t\t\t\t<\/div>\n\n\t\n\n\t<div id=\"col-207510535\" class=\"col medium-4 small-12 large-4\"  >\n\t\t\t\t<div class=\"col-inner\"  >\n\t\t\t\n\t\t\t\n<a class=\"button primary expand\" >\n\t\t<span>Cechy szczeg\u00f3lne lunety celowniczej<\/span>\n\t<\/a>\n\n\n\t<section class=\"section\" id=\"section_203855996\">\n\t\t<div class=\"section-bg fill\" >\n\t\t\t\t\t\t\t\t\t<div class=\"section-bg-overlay absolute fill\"><\/div>\n\t\t\t\n\n\t\t<\/div>\n\n\t\t\n\n\t\t<div class=\"section-content relative\">\n\t\t\t\n\t<div class=\"img has-hover x md-x lg-x y md-y lg-y\" id=\"image_1976944992\">\n\t\t<a class=\"\" href=\"https:\/\/www.ddoptics.de\/garantiebestimmungen\" target=\"_blank\" rel=\"no follow noopener\">\t\t\t\t\t\t<div class=\"img-inner dark\" >\n\t\t\t<img decoding=\"async\" width=\"352\" height=\"160\" src=\"https:\/\/ddoptics.shop\/wp-content\/uploads\/2014\/09\/DDoptics-Garantie.jpg\" class=\"attachment-large size-large\" alt=\"Gwarancja DDoptics\" srcset=\"https:\/\/ddoptics.shop\/wp-content\/uploads\/2014\/09\/DDoptics-Garantie.jpg 352w, https:\/\/ddoptics.shop\/wp-content\/uploads\/2014\/09\/DDoptics-Garantie-304x138.jpg 304w, https:\/\/ddoptics.shop\/wp-content\/uploads\/2014\/09\/DDoptics-Garantie-305x139.jpg 305w, https:\/\/ddoptics.shop\/wp-content\/uploads\/2014\/09\/DDoptics-Garantie-250x114.jpg 250w\" sizes=\"(max-width: 352px) 100vw, 352px\" title=\"\">\t\t\t\t\t\t\n\t\t\t\t\t<\/div>\n\t\t\t\t\t\t<\/a>\t\t\n<style>\n#image_1976944992 {\n  width: 100%;\n}\n<\/style>\n\t<\/div>\n\t\n\t<div id=\"gap-269876193\" class=\"gap-element clearfix\" style=\"display:block; height:auto;\">\n\t\t\n<style>\n#gap-269876193 {\n  padding-top: 15px;\n}\n<\/style>\n\t<\/div>\n\t\n\t<div id=\"text-712019773\" class=\"text\">\n\t\t\n<p><span style=\"font-size: 80%;\"><em>\u21d2 <strong>Regulacja MRAD 1 cm na 100 m<br \/>\n<\/strong>\u21d2 MilDot lub podw\u00f3jny celownik<\/em><\/span><br \/>\n<span style=\"font-size: 80%;\"><em>\u21d2 Pier\u015bcie\u0144 ogranicznika zera \/ ogranicznik zera do regulacji wysoko\u015bci<\/em><\/span><br \/>\n<span style=\"font-size: 80%;\"><em>\u21d2 NOWO\u015a\u0106: opcjonalna pod\u015bwietlana kropka IFiber<\/em><\/span><br \/>\n<span style=\"font-size: 80%;\"><em>\u21d2 Oppos. Wagi (wiatr lewo-prawo)<\/em><\/span><br \/>\n<span style=\"font-size: 80%;\"><em>\u21d2 30 lat gwarancji DDoptics<\/em><\/span><br \/>\n<span style=\"font-size: 80%;\"><em>\u21d2 Siatka celownicza MilDot: 2. p\u0142aszczyzna obrazu<\/em><\/span><br \/>\n<span style=\"font-size: 80%;\"><em>\u21d2 Bezwzgl\u0119dna dok\u0142adno\u015b\u0107 zwrotu<\/em><\/span><br \/>\n<span style=\"font-size: 80%;\"><em>\u21d2 Ekstremalna przepuszczalno\u015b\u0107 \u015bwiat\u0142a do 94,7%<\/em><\/span><br \/>\n<span style=\"font-size: 80%;\"><em>\u21d2 Punkt \u015bwietlny z w\u0142\u00f3kna szklanego<\/em><\/span><br \/>\n<span style=\"font-size: 80%;\"><em>\u21d2 Test odporno\u015bci na strza\u0142: 375H&amp;H 1000 strza\u0142\u00f3w<\/em><\/span><br \/>\n<span style=\"font-size: 80%;\"><em>\u21d2 Funkcja lunety dzi\u0119ki du\u017cemu powi\u0119kszeniu<\/em><\/span><br \/>\n<span style=\"font-size: 80%;\"><em>\u21d2 P\u0142ynnie regulowana kompensacja paralaksy<\/em><\/span><br \/>\n<span style=\"font-size: 80%;\"><em>\u21d2 Mo\u017cliwe bardzo d\u0142ugie uj\u0119cia<\/em><\/span><\/p>\n\t\t\n<style>\n#text-712019773 {\n  line-height: 1.15;\n  color: rgb(33, 107, 227);\n}\n#text-712019773 > * {\n  color: rgb(33, 107, 227);\n}\n<\/style>\n\t<\/div>\n\t\n\t\t<\/div>\n\n\t\t\n<style>\n#section_203855996 {\n  padding-top: 30px;\n  padding-bottom: 30px;\n  background-color: rgb(232, 232, 232);\n}\n#section_203855996 .section-bg-overlay {\n  background-color: rgba(255,255,255,.5);\n}\n<\/style>\n\t<\/section>\n\t\n<div class=\"is-divider divider clearfix\" ><\/div>\n\t\t<\/div>\n\t\t\t\t\t<\/div>\n\n\t\n<\/div>\n<h3>Wie\u017cyczki regulacyjne Szybka regulacja z dwurz\u0119dowymi skalami na lunecie 5-30\u00d750<\/h3>\n<figure id=\"attachment_21169\" aria-describedby=\"caption-attachment-21169\" style=\"width: 500px\" class=\"wp-caption alignright\"><img decoding=\"async\" class=\"size-full wp-image-21169\" src=\"https:\/\/ddoptics.shop\/wp-content\/uploads\/2020\/01\/ddoptics-tacticalasv.jpg\" alt=\"Taktyczna regulacja asv DDoptics\" width=\"500\" height=\"150\" title=\"\" srcset=\"https:\/\/ddoptics.shop\/wp-content\/uploads\/2020\/01\/ddoptics-tacticalasv.jpg 500w, https:\/\/ddoptics.shop\/wp-content\/uploads\/2020\/01\/ddoptics-tacticalasv-304x91.jpg 304w, https:\/\/ddoptics.shop\/wp-content\/uploads\/2020\/01\/ddoptics-tacticalasv-305x92.jpg 305w, https:\/\/ddoptics.shop\/wp-content\/uploads\/2020\/01\/ddoptics-tacticalasv-422x127.jpg 422w, https:\/\/ddoptics.shop\/wp-content\/uploads\/2020\/01\/ddoptics-tacticalasv-250x75.jpg 250w\" sizes=\"(max-width: 500px) 100vw, 500px\" \/><figcaption id=\"caption-attachment-21169\" class=\"wp-caption-text\">Szybka regulacja dzi\u0119ki przeciwstawnym skalom<\/figcaption><\/figure>\n<p>Nowo\u015b\u0107: Na <strong>Regulacja wysoko\u015bci<\/strong> umo\u017cliwia <strong>podw\u00f3jna skala<\/strong> liczba wykonanych<strong> Klikni\u0119cie regulacji<\/strong> do odczytu i ustawienia.\u00a0 <strong>Po uruchomieniu<\/strong> w <strong>Regulacja celownika <\/strong>znowu proste<strong> by\u0107 ustawiona na zero<\/strong>.<\/p>\n<p>Aby to zrobi\u0107, wystarczy zwolni\u0107 zatrzask zabezpieczaj\u0105cy na wie\u017cy za pomoc\u0105 monety lub \u015brubokr\u0119ta. The <strong>Ustawienie zera<\/strong> za pomoc\u0105 <strong>Zerostop \/ zatrzymanie zerowe<\/strong> kontrowany od do\u0142u, aby osi\u0105gn\u0105\u0107 zatrzymanie w pozycji zero.<\/p>\n<p>The <strong>Regulacja boczna <\/strong>jest wyposa\u017cony w dwa<strong> przeciwne skale<\/strong> oznaczone. Pocz\u0105wszy od ustawienia zerowego <strong>Kierunek i si\u0142a wiatru<\/strong>, lub mo\u017cna wst\u0119pnie ustawi\u0107 mo\u017cliwy ruch celu.<\/p>\n<h3>DDoptics Tactical <a href=\"https:\/\/de.wikipedia.org\/wiki\/Absehen\" target=\"_blank\" rel=\"noopener sponsored\" data-schema-attribute=\"\">Pod\u015bwietlany celownik MilDot<\/a> na 2. p\u0142aszczy\u017anie obrazu<\/h3>\n<p>The <strong>Luneta celownicza V6 5-30\u00d750 Tactical MRAD<\/strong> posiada siatk\u0119 Mildot znormalizowan\u0105 do powi\u0119kszenia 10x w p\u0142aszczy\u017anie obrazu okularu (2. p\u0142aszczyzna obrazu). Oznacza to, \u017ce zawsze zachowuje ten sam rozmiar przy zmianie powi\u0119kszenia. Nawet przy powi\u0119kszeniu 30x <strong>Celownik tylko 1,8 mm<\/strong> na dystansie 100 m, a pole widzenia przy tym maksymalnym powi\u0119kszeniu nadal wynosi 1,1 m na dystansie 100 m. Celownik optyczny umo\u017cliwia b\u0142yskawiczne celowanie. Siatka celownicza reguluje si\u0119 samoczynnie <strong>na klikni\u0119cie o 0,1 MRAD<\/strong>, tak dooko\u0142a <strong>1 cm na 100 m<\/strong>. Odpowiada to zmianie punktu uderzenia o oko\u0142o 3 cm na klikni\u0119cie z odleg\u0142o\u015bci 300 metr\u00f3w.<\/p>\n<p><strong>Ca\u0142kowity zakres regulacji:<\/strong><\/p>\n<ul>\n<li>165 klikni\u0119\u0107<\/li>\n<li>odpowiada 16,5 MRAD<\/li>\n<li>odpowiada 8,25 MRAD na stron\u0119<\/li>\n<\/ul>\n<h3>Luneta celownicza 5-30\u00d750 - Parametry optyczne docelowej optyki<\/h3>\n<p>Rozbudowane wynagrodzenie pozwala <strong>Brak jakiegokolwiek refleksu<\/strong> <strong>lub \u015bwiat\u0142o rozproszone<\/strong> do. Nawet z <strong>Powi\u0119kszenie 30x<\/strong> zobaczysz wysoki kontrast i <strong>Obraz w prawdziwym kolorze<\/strong> z <strong>Wyj\u0105tkowe w\u0142a\u015bciwo\u015bci definicji kraw\u0119dzi<\/strong>.<\/p>\n<h3>Wizualizacja zasi\u0119gu zbli\u017cenia i kompensacja paralaksy<\/h3>\n<p>Nighteagle 5-30\u00d750 tactical jest ostry od 12 metr\u00f3w przy 5-krotnym powi\u0119kszeniu i od 25 metr\u00f3w przy 30-krotnym powi\u0119kszeniu.<\/p>\n<h3>Precyzyjnie przyciemniany punkt \u015bwietlny z zakresem widzenia nocnego<\/h3>\n<p>The <strong>Punkt \u015bwietlny z w\u0142\u00f3kna szklanego<\/strong> Pod\u015bwietlany celownik jest tak ma\u0142y, \u017ce powoduje jedynie<strong> Najni\u017cszy mo\u017cliwy zasi\u0119g docelowy<\/strong> nadchodzi. Punkt \u015bwietlny mo\u017ce by\u0107 przyciemniany w spos\u00f3b ci\u0105g\u0142y o 100 procent, a\u017c przestanie by\u0107 widoczny dla ludzkiego oka.<\/p>\n<p>Z <strong>aktywowany pod\u015bwietlany punkt<\/strong> Z kolei w optyce nie ma irytuj\u0105cej po\u015bwiaty ani odbi\u0107. Poniewa\u017c <strong>Lekka jednostka produkowana r\u0119cznie<\/strong> Specjalne wymagania klient\u00f3w mog\u0105 by\u0107 uwzgl\u0119dniane indywidualnie.<\/p>\n<h3>Solidne wykonanie, prosta instalacja<\/h3>\n<p>The <strong>Nape\u0142nianie azotem<\/strong> Nighteagle 5-30\u00d750 Tactical zapewnia <strong>Wodoszczelno\u015b\u0107<\/strong> (0,3 kg\/centymetr kwadratowy) i chroni przed wewn\u0119trznym zaparowaniem. <strong>Najci\u0119\u017csze u\u017cytkowanie<\/strong> nie mo\u017ce uszkodzi\u0107 teleskopowego tubusu celownika, kt\u00f3ry jest wykonany z duraluminium (70 %), mosi\u0105dzu (20 %) i stali (10 %).<\/p>\n<p><strong>Wa\u017cne:<\/strong> The <strong>Odporno\u015b\u0107 na uderzenia<\/strong> wynosi 1000 G lub 6500 d\u017culi. Celownik optyczny pozostaje <strong>ekstremalne temperatury<\/strong> w pe\u0142ni funkcjonalny (+80 stopni Celsjusza do min. -20 stopni Celsjusza).<\/p>\n<h3>Regulacja odleg\u0142o\u015bci mi\u0119dzy \u017arenicami i dioptrii<\/h3>\n<p>The <strong>Odleg\u0142o\u015b\u0107 mi\u0119dzy \u017arenicami<\/strong> wynosi 89 mm, co u\u0142atwia korzystanie z wi\u0119kszych kalibr\u00f3w. Tylko trzy czwarte obrotu jest wymagane dla ca\u0142ego zakresu powi\u0119kszenia.<\/p>","protected":false},"excerpt":{"rendered":"<p><img decoding=\"async\" class=\"alignnone wp-image-10452 size-full\" title=\"Strzelanie do celu\" src=\"https:\/\/ddoptics.shop\/wp-content\/uploads\/2016\/07\/Target-Schiessen.jpg\" alt=\"Sportowy cel strzelecki dalekiego zasi\u0119gu\" width=\"50\" height=\"50\" \/><img decoding=\"async\" class=\"alignnone wp-image-10180 size-full\" title=\"Lornetka do w\u0119dr\u00f3wek g\u00f3rskich\" src=\"https:\/\/ddoptics.shop\/wp-content\/uploads\/2016\/04\/Bergwandern-klein.jpg\" alt=\"Lornetka do w\u0119dr\u00f3wek g\u00f3rskich\" width=\"50\" height=\"50\" \/><br \/>\nNowy <strong>Optyka do strzelectwa sportowego z MRAD i <span style=\"color: #ff0000;\"><strong><span class=\"userContent\">Szk\u0142o typu CT (Clear-Transmission) od DDoptics<\/span><\/strong><\/span>. <\/strong>Opcjonalnie z inteligentnym<strong> <a title=\"NOWA pod\u015bwietlana kropka DDoptics IFiber\" href=\"\/pl\/termin-techniczny-wiki\/inteligentny-punkt-swietlny-ddoptics-ifiber\/\" target=\"_blank\" rel=\"noopener noreferrer\">Punkt \u015bwietlny IFibre<\/a><\/strong> dla <strong>tylko 99,- \u20ac dop\u0142aty.<\/strong><i class=\"delivery--status-icon delivery--status-more-is-coming\"><\/i><\/p>\n<a href=\"https:\/\/amzn.to\/3AMUzO6\" target=\"_blank\" class=\"button success is-success is-small\" rel=\"\u201dnofollow\u201d noopener\" >\n\t\t<span>klient amazon? - korzysta\u0107 z korzy\u015bci prime?<\/span>\n\t<\/a>","protected":false},"featured_media":21176,"comment_status":"open","ping_status":"closed","template":"","meta":{"inline_featured_image":false,"footnotes":""},"product_brand":[],"product_cat":[480,453,697,641,919,637,68],"product_tag":[587,78,80,940,1098,79],"class_list":{"0":"post-21141","1":"product","2":"type-product","3":"status-publish","4":"has-post-thumbnail","6":"product_cat-5-30x50","7":"product_cat-50-mm-objektivdurchmesser","8":"product_cat-mrad-klickverstellung","9":"product_cat-sportschiessen","10":"product_cat-v6-6-fach-zoom","11":"product_cat-zf-anwendung","12":"product_cat-zielfernrohr","13":"product_tag-5-30x50","14":"product_tag-ddoptics","15":"product_tag-gen-3","16":"product_tag-mrad-zielfernrohr","17":"product_tag-nighteagle","18":"product_tag-zielfernrohr","19":"product_shipping_class-paket","20":"pa_brand-marke-ddoptics","21":"pa_produkt-typ-zielfernrohr","23":"first","24":"instock","25":"sale","26":"taxable","27":"shipping-taxable","28":"purchasable","29":"product-type-bundle"},"bundled_by":[],"bundle_stock_status":"instock","bundle_stock_quantity":44,"bundle_virtual":false,"bundle_layout":"default","bundle_add_to_cart_form_location":"default","bundle_editable_in_cart":false,"bundle_sold_individually_context":"product","bundle_item_grouping":"parent","bundle_min_size":"","bundle_max_size":"","bundle_price":{"price":{"min":{"incl_tax":"1042.01","excl_tax":"868.34"},"max":{"incl_tax":"1146.32","excl_tax":"955.26"}},"regular_price":{"min":{"incl_tax":"1158.01","excl_tax":"965.01"},"max":{"incl_tax":"1273.9","excl_tax":"1061.58"}}},"bundled_items":[{"bundled_item_id":83,"product_id":12809,"menu_order":0,"quantity_min":1,"quantity_max":1,"quantity_default":1,"priced_individually":true,"shipped_individually":false,"override_title":true,"title":"","override_description":false,"description":"","optional":false,"hide_thumbnail":true,"discount":"","override_variations":true,"allowed_variations":[12810,12811],"override_default_variation_attributes":false,"default_variation_attributes":[],"single_product_visibility":"visible","cart_visibility":"visible","order_visibility":"visible","single_product_price_visibility":"visible","cart_price_visibility":"visible","order_price_visibility":"visible","stock_status":"in_stock"},{"bundled_item_id":84,"product_id":12812,"menu_order":1,"quantity_min":1,"quantity_max":1,"quantity_default":1,"priced_individually":true,"shipped_individually":false,"override_title":true,"title":"Prawie prezent - czapki z klapk\u0105","override_description":false,"description":"","optional":true,"hide_thumbnail":false,"discount":"68.55","override_variations":true,"allowed_variations":[12820],"override_default_variation_attributes":true,"default_variation_attributes":[{"id":17,"name":"Rozmiar lunety","option":"5-30x50"}],"single_product_visibility":"visible","cart_visibility":"visible","order_visibility":"visible","single_product_price_visibility":"visible","cart_price_visibility":"visible","order_price_visibility":"visible","stock_status":"in_stock"}],"bundle_sell_ids":[],"_links":{"self":[{"href":"https:\/\/ddoptics.shop\/pl\/wp-json\/wp\/v2\/product\/21141","targetHints":{"allow":["GET"]}}],"collection":[{"href":"https:\/\/ddoptics.shop\/pl\/wp-json\/wp\/v2\/product"}],"about":[{"href":"https:\/\/ddoptics.shop\/pl\/wp-json\/wp\/v2\/types\/product"}],"replies":[{"embeddable":true,"href":"https:\/\/ddoptics.shop\/pl\/wp-json\/wp\/v2\/comments?post=21141"}],"version-history":[{"count":34,"href":"https:\/\/ddoptics.shop\/pl\/wp-json\/wp\/v2\/product\/21141\/revisions"}],"predecessor-version":[{"id":29150,"href":"https:\/\/ddoptics.shop\/pl\/wp-json\/wp\/v2\/product\/21141\/revisions\/29150"}],"wp:featuredmedia":[{"embeddable":true,"href":"https:\/\/ddoptics.shop\/pl\/wp-json\/wp\/v2\/media\/21176"}],"wp:attachment":[{"href":"https:\/\/ddoptics.shop\/pl\/wp-json\/wp\/v2\/media?parent=21141"}],"wp:term":[{"taxonomy":"product_brand","embeddable":true,"href":"https:\/\/ddoptics.shop\/pl\/wp-json\/wp\/v2\/product_brand?post=21141"},{"taxonomy":"product_cat","embeddable":true,"href":"https:\/\/ddoptics.shop\/pl\/wp-json\/wp\/v2\/product_cat?post=21141"},{"taxonomy":"product_tag","embeddable":true,"href":"https:\/\/ddoptics.shop\/pl\/wp-json\/wp\/v2\/product_tag?post=21141"}],"curies":[{"name":"wp","href":"https:\/\/api.w.org\/{rel}","templated":true}]}}