{"id":23245,"date":"2020-08-12T10:24:47","date_gmt":"2020-08-12T08:24:47","guid":{"rendered":"https:\/\/ddoptics.shop\/?post_type=product&#038;p=23245"},"modified":"2025-10-03T14:12:14","modified_gmt":"2025-10-03T12:12:14","slug":"luneta-celownicza-nighteagle-5-30x50-v6-a4n-mrad-gen-3","status":"publish","type":"product","link":"https:\/\/ddoptics.shop\/pl\/kaufen\/zielfernrohr-nighteagle-5-30x50-v6-a4n-mrad-gen-3\/","title":{"rendered":"Luneta celownicza DDoptics Nighteagle 5-30\u00d750 | V6 | A4N | Regulacja MRAD - Gen 3"},"content":{"rendered":"<div class=\"container section-title-container\" ><h3 class=\"section-title section-title-normal\"><b aria-hidden=\"true\"><\/b><span class=\"section-title-main\" ><i class=\"icon-cross\" aria-hidden=\"true\"><\/i>Kr\u00f3tki przegl\u0105d lunety celowniczej Nighteagle 5-30x50 firmy DDoptics<\/span><b aria-hidden=\"true\"><\/b><\/h3><\/div>\n<table style=\"background-color: #cacaca; width: 100%;\">\n<tbody>\n<tr style=\"height: 24px;\">\n<td style=\"height: 24px; width: 20%;\">Rura<\/td>\n<td style=\"height: 24px; width: 30%;\">Rurka mono 30 mm<\/td>\n<td style=\"height: 24px; width: 20%;\">Pole widzenia: m @100 m<\/td>\n<td style=\"height: 24px; width: 30%;\">7,2 - 1,1 m<\/td>\n<\/tr>\n<tr style=\"height: 24px;\">\n<td style=\"height: 24px; width: 20%;\">System optyczny<\/td>\n<td style=\"height: 24px; width: 30%;\">5-30-krotny<\/td>\n<td style=\"height: 24px; width: 20%;\">Odleg\u0142o\u015b\u0107 mi\u0119dzy \u017arenicami<\/td>\n<td style=\"height: 24px; width: 30%;\">90,5 mm - 91,5 mm<\/td>\n<\/tr>\n<tr style=\"height: 24px;\">\n<td style=\"height: 24px; width: 20%;\">Obiektyw<\/td>\n<td style=\"height: 24px; width: 30%;\">50 mm<\/td>\n<td style=\"height: 24px; width: 20%;\">D\u0142ugo\u015b\u0107<\/td>\n<td style=\"height: 24px; width: 30%;\">348 mm<\/td>\n<\/tr>\n<tr style=\"height: 24px;\">\n<td style=\"height: 24px; width: 20%;\">Siatka<\/td>\n<td style=\"height: 24px; width: 30%;\">Nowy celownik 4 - polowanie<\/td>\n<td style=\"height: 24px; width: 20%;\">Waga<\/td>\n<td style=\"height: 24px; width: 30%;\">\u00a0742 g<\/td>\n<\/tr>\n<tr style=\"height: 24px;\">\n<td style=\"height: 24px; width: 20%;\">Punkt \u015bwietlny<\/td>\n<td style=\"height: 24px; width: 30%;\">LP 2 lub iFibre<\/td>\n<td style=\"height: 24px; width: 20%;\">Ochrona przed zaparowaniem<\/td>\n<td style=\"height: 24px; width: 30%;\">Wype\u0142nienie azotem przed zaparowaniem<\/td>\n<\/tr>\n<tr style=\"height: 24px;\">\n<td style=\"height: 24px; width: 20%;\">Ostro\u015b\u0107\/paralaksa<\/td>\n<td style=\"height: 24px; width: 30%;\">Regulowany obiektyw od 20 m do niesko\u0144czono\u015bci<\/td>\n<td style=\"height: 24px; width: 20%;\">\u00a0Szczelno\u015b\u0107<\/td>\n<td style=\"height: 24px; width: 30%;\">Odporno\u015b\u0107 na wod\u0119 i wstrz\u0105sy<\/td>\n<\/tr>\n<\/tbody>\n<\/table>\n<div class=\"row\"  id=\"row-238236925\">\n\n\t<div id=\"col-201148854\" class=\"col medium-8 small-12 large-8\"  >\n\t\t\t\t<div class=\"col-inner\"  >\n\t\t\t\n\t\t\t\n<h2>Luneta celownicza DDoptics Nighteagle 5-30\u00d750 V6 - pot\u0119\u017cna luneta celownicza z 6-krotnym zoomem zapewniaj\u0105ca precyzj\u0119 polowania na d\u0142ugich dystansach i my\u015bliwski design<\/h2>\n<p>Na <strong>Celownik teleskopowy\u00a0<\/strong>Nighteagle\u00a0<strong>5-30\u00d750 \u201cmy\u015bliwski<\/strong>\u201d to wysokowydajny system optyczny z <a href=\"https:\/\/ddoptics.shop\/pl\/sklep\/celownik-teleskopowy\/v6-6x-zoom\/\" target=\"_blank\" rel=\"noopener noreferrer\">Zoom 6x<\/a> i innowacyjna technologia. Dzi\u0119ki wytrzyma\u0142ym \u015bciankom ramy o grubo\u015bci 2 mm, ten wygl\u0105d jest jeszcze bardziej atrakcyjny.<strong> powy\u017cej standardu wojskowego.<\/strong><\/p>\n<p>Ma\u0142e, dyskretne wie\u017cyczki regulacji siatki celowniczej s\u0105 wykonane ze stopu aluminium i nie zawieraj\u0105 \u017cadnych plastikowych element\u00f3w.<\/p>\n<p>The<strong> My\u015bliwska wersja taktycznego celownika optycznego<\/strong> r\u00f3wnie\u017c ma taki sam, dok\u0142adnie taki sam <strong>Zdefiniowana, precyzyjna i ci\u0119\u017cko dzia\u0142aj\u0105ca taktyczna regulacja klikni\u0119\u0107,<\/strong> i tym samym gwarantuje absolutn\u0105 precyzj\u0119 i powtarzalno\u015b\u0107.<\/p>\n<p>5-30\u00d750 - idealna luneta do polowa\u0144 na du\u017ce odleg\u0142o\u015bci<\/p>\n<h3>Luneta ZF 5-30\u00d750 ma du\u017ce powi\u0119kszenie - nawet przy s\u0142abym o\u015bwietleniu<\/h3>\n<p>The <strong>Polowanie na du\u017cych obszarach stanowi wyzwanie dla optyki celowniczej<\/strong> du\u017co. Du\u017ce powi\u0119kszenia umo\u017cliwiaj\u0105 niezawodne reagowanie na du\u017ce odleg\u0142o\u015bci, ale wa\u017cne jest, aby jasno\u015b\u0107 obrazu by\u0142a nadal u\u017cyteczna nawet przy du\u017cym powi\u0119kszeniu.<\/p>\n<p>To w\u0142a\u015bnie w tym celu nasz<strong> Optyka my\u015bliwska 5-30\u00d750<\/strong> stworzony.<\/p>\n<p>The<strong> Niepozorny design my\u015bliwski<\/strong> dyskretnie ukrywa dzia\u0142anie lunety. Ma\u0142e wie\u017cyczki regulacji siatki celowniczej w niczym nie ust\u0119puj\u0105 du\u017cym taktycznym wie\u017cyczkom regulacji pod wzgl\u0119dem u\u017cyteczno\u015bci.<\/p>\n<h3>Wydajno\u015b\u0107 optyczna lunety 5-30\u00d750<\/h3>\n<p>Bardzo rozbudowana optyka HD oferuje wysoki stopie\u0144 przejrzysto\u015bci optycznej dzi\u0119ki pow\u0142oce opracowanej specjalnie dla tej optyki, <strong>Brak odbi\u0107 i \u015bwiat\u0142a rozproszonego<\/strong> Umo\u017cliwia uzyskanie obrazu o wysokim kontra\u015bcie i wiernych kolorach nawet przy 30-krotnym powi\u0119kszeniu. <strong>wyj\u0105tkowe w\u0142a\u015bciwo\u015bci definicji kraw\u0119dzi.<\/strong><\/p>\n<p>W szczeg\u00f3lno\u015bci, kolorowa obw\u00f3dka zosta\u0142a zredukowana do minimum. Oznacza to, \u017ce <strong>Nighteagle 5-30\u00d750 Tactical<\/strong> mo\u017ce by\u0107 r\u00f3wnie\u017c u\u017cywany jako luneta i do niezawodnego celowania na du\u017ce odleg\u0142o\u015bci.<\/p>\n\t\t<\/div>\n\t\t\t\t\t<\/div>\n\n\t\n\n\t<div id=\"col-24497050\" class=\"col medium-4 small-12 large-4\"  >\n\t\t\t\t<div class=\"col-inner\"  >\n\t\t\t\n\t\t\t\n<a class=\"button primary expand\" >\n\t\t<span>Cechy szczeg\u00f3lne lunety celowniczej<\/span>\n\t<\/a>\n\n\n\t<section class=\"section\" id=\"section_1293444686\">\n\t\t<div class=\"section-bg fill\" >\n\t\t\t\t\t\t\t\t\t<div class=\"section-bg-overlay absolute fill\"><\/div>\n\t\t\t\n\n\t\t<\/div>\n\n\t\t\n\n\t\t<div class=\"section-content relative\">\n\t\t\t\n\t<div class=\"img has-hover x md-x lg-x y md-y lg-y\" id=\"image_1090642160\">\n\t\t<a class=\"\" href=\"https:\/\/www.ddoptics.de\/garantiebestimmungen\" target=\"_blank\" rel=\"no follow noopener\">\t\t\t\t\t\t<div class=\"img-inner dark\" >\n\t\t\t<img decoding=\"async\" width=\"352\" height=\"160\" src=\"https:\/\/ddoptics.shop\/wp-content\/uploads\/2014\/09\/DDoptics-Garantie.jpg\" class=\"attachment-large size-large\" alt=\"Gwarancja DDoptics\" srcset=\"https:\/\/ddoptics.shop\/wp-content\/uploads\/2014\/09\/DDoptics-Garantie.jpg 352w, https:\/\/ddoptics.shop\/wp-content\/uploads\/2014\/09\/DDoptics-Garantie-304x138.jpg 304w, https:\/\/ddoptics.shop\/wp-content\/uploads\/2014\/09\/DDoptics-Garantie-305x139.jpg 305w, https:\/\/ddoptics.shop\/wp-content\/uploads\/2014\/09\/DDoptics-Garantie-250x114.jpg 250w\" sizes=\"(max-width: 352px) 100vw, 352px\" title=\"\">\t\t\t\t\t\t\n\t\t\t\t\t<\/div>\n\t\t\t\t\t\t<\/a>\t\t\n<style>\n#image_1090642160 {\n  width: 100%;\n}\n<\/style>\n\t<\/div>\n\t\n\t<div id=\"gap-914493079\" class=\"gap-element clearfix\" style=\"display:block; height:auto;\">\n\t\t\n<style>\n#gap-914493079 {\n  padding-top: 15px;\n}\n<\/style>\n\t<\/div>\n\t\n\t<div id=\"text-75663422\" class=\"text\">\n\t\t\n<p><span style=\"font-size: 80%;\"><em>\u21d2 Nowe szk\u0142o CT (przejrzysta transmisja)<\/em><\/span><br \/>\n<span style=\"font-size: 80%;\"><em>\u21d2 Zerostop (dla zatrzymania zerowego)<\/em><\/span><br \/>\n<span style=\"font-size: 80%;\"><em>\u21d2 Doubleturn (podw\u00f3jne skalowanie)<\/em><\/span><br \/>\n<span style=\"font-size: 80%;\"><em>\u21d2 Regulacja pozioma w kierunku przeciwnym do ruchu wskaz\u00f3wek zegara. Skala ( wiatr lewo - prawo )<\/em><\/span><br \/>\n<span style=\"font-size: 80%;\"><em>\u21d2 bardzo wysoka rozdzielczo\u015b\u0107<\/em><\/span><br \/>\n<span style=\"font-size: 80%;\"><em>\u21d2 niepozorna wersja my\u015bliwska z ma\u0142ymi wie\u017cyczkami<\/em><\/span><br \/>\n<span style=\"font-size: 80%;\"><em>\u21d2 NOWO\u015a\u0106: pod\u015bwietlana kropka \u015bwiat\u0142owodowa - opcjonalna pod\u015bwietlana kropka iFibre<\/em><\/span><br \/>\n<span style=\"font-size: 80%;\"><em>\u21d2 30 lat gwarancji DDoptics<\/em><\/span><br \/>\n<span style=\"font-size: 80%;\"><em>\u21d2 Nowy celownik 4: 2. p\u0142aszczyzna obrazu<\/em><\/span><br \/>\n<span style=\"font-size: 80%;\"><em>\u21d2 Bezwzgl\u0119dna dok\u0142adno\u015b\u0107 zwrotu<\/em><\/span><br \/>\n<span style=\"font-size: 80%;\"><em>\u21d2 Ekstremalna przepuszczalno\u015b\u0107 \u015bwiat\u0142a do 94,7%<\/em><\/span><br \/>\n<span style=\"font-size: 80%;\"><em>\u21d2 Test kuloodporno\u015bci: <a href=\"https:\/\/de.wikipedia.org\/wiki\/.375_Holland_%26_Holland_Magnum\" target=\"_blank\" rel=\"noopener noreferrer\">375 H&amp;H<\/a> 1000 strza\u0142\u00f3w<\/em><\/span><br \/>\n<span style=\"font-size: 80%;\"><em>\u21d2 Funkcja lunety dzi\u0119ki du\u017cemu powi\u0119kszeniu<\/em><\/span><br \/>\n<span style=\"font-size: 80%;\"><em>\u21d2 P\u0142ynnie regulowana kompensacja paralaksy<\/em><\/span><br \/>\n<span style=\"font-size: 80%;\"><em>\u21d2 Mo\u017cliwe bardzo d\u0142ugie uj\u0119cia<\/em><\/span><\/p>\n\t\t\n<style>\n#text-75663422 {\n  line-height: 1.15;\n  color: rgb(33, 107, 227);\n}\n#text-75663422 > * {\n  color: rgb(33, 107, 227);\n}\n<\/style>\n\t<\/div>\n\t\n\t\t<\/div>\n\n\t\t\n<style>\n#section_1293444686 {\n  padding-top: 30px;\n  padding-bottom: 30px;\n  background-color: rgb(232, 232, 232);\n}\n#section_1293444686 .section-bg-overlay {\n  background-color: rgba(255,255,255,.5);\n}\n<\/style>\n\t<\/section>\n\t\n<div class=\"is-divider divider clearfix\" ><\/div>\n\t\t<\/div>\n\t\t\t\t\t<\/div>\n\n\t\n<\/div>\n<h3>Polowanie <a href=\"https:\/\/de.wikipedia.org\/wiki\/Absehen\" target=\"_blank\" rel=\"noopener sponsored\" data-schema-attribute=\"\">Pod\u015bwietlany celownik A4N<\/a><\/h3>\n<p>The <strong>Luneta celownicza Nighteagle 5-30\u00d750<\/strong> - A4N ma udan\u0105, nowoczesn\u0105 siatk\u0119 4 N.<\/p>\n<h3>Nowy celownik 4N dla minimalnego pokrycia celu<\/h3>\n<p>Patrz\u0105c przez <strong>Nowa luneta celownicza generacji 3<\/strong>\u00a0widz natychmiast rozpoznaje praktyczny design:<br \/>\nKrzy\u017c celowniczy w celowniku 4 jest znacznie drobniejszy, a nieco grubsze zewn\u0119trzne paski s\u0105 tylko o po\u0142ow\u0119 grubsze i znacznie od siebie oddalone.<\/p>\n<p>Jest to ogromna zaleta, szczeg\u00f3lnie dla my\u015bliwych w warunkach s\u0142abego o\u015bwietlenia, poniewa\u017c<strong> Cel tylko minimalnie zas\u0142oni\u0119ty<\/strong> W ten spos\u00f3b optymalnie wspierane jest b\u0142yskawiczne i bezpieczne zatrzymanie.<\/p>\n<p>The <strong>Siatka celownicza znajduje si\u0119 w p\u0142aszczy\u017anie obrazu okularu (2. p\u0142aszczyzna obrazu).<\/strong> Oznacza to, \u017ce zawsze pozostaje w tym samym rozmiarze przy zmianie powi\u0119kszenia. Nawet przy powi\u0119kszeniu 30x krzy\u017c celowniczy przes\u0142ania cel tylko o 3,91 mm na odleg\u0142o\u015bci 100 m, a pole widzenia przy tym maksymalnym powi\u0119kszeniu nadal wynosi 1,1 m na 100 m.<\/p>\n<p>Celownik optyczny umo\u017cliwia b\u0142yskawiczne celowanie. Siatka celownicza reguluje si\u0119 o jedn\u0105 \u00f3sm\u0105 MOA (minuty k\u0105towej) na klikni\u0119cie, tj. o 3,65 mm na 100 metrach. Odpowiada to zmianie punktu trafienia o oko\u0142o 10 mm na klikni\u0119cie na 300 metrach.<\/p>\n<p><strong>Nowe funkcje<\/strong><\/p>\n<p>Co nowego w najnowszej generacji lunet celowniczych?<br \/>\nNa pierwszy rzut oka od razu rzucaj\u0105 si\u0119 w oczy 3 zmiany.<\/p>\n<p>1. pier\u015bcie\u0144 regulacji powi\u0119kszenia zosta\u0142 wyra\u017anie zmodyfikowany i zapewnia teraz lepszy chwyt dzi\u0119ki grubszej strukturze.<br \/>\n2. Siatka 4 sta\u0142a si\u0119 znacznie drobniejsza i zapewnia wi\u0119cej miejsca w centrum.<br \/>\n3. Regulacja siatki celowniczej jest wykonana z metalu, jest wyra\u017aniejsza i ma podw\u00f3jny obr\u00f3t i Zerostop.<\/p>\n<h3>Wytrzyma\u0142y mechanizm regulacji do intensywnego u\u017cytkowania z Zerostop i ASV<\/h3>\n<p>The <strong>Wie\u017cyczki regulacji siatki celowniczej lunet DDoptics generacji 3<\/strong>\u00a0s\u0105 wykonane z wytrzyma\u0142ego stopu aluminium i nie zawieraj\u0105 \u017cadnych plastikowych element\u00f3w.<br \/>\nWszystkie cz\u0119\u015bci aluminiowe s\u0105 pokryte now\u0105, nieb\u0142yszcz\u0105c\u0105 pow\u0142ok\u0105, <strong>Anodyzowana pow\u0142oka DDoptics w kolorze czarnym<\/strong> pod warunkiem.<\/p>\n<p>Mechanizm regulacji zosta\u0142 przekszta\u0142cony w wersj\u0119 taktyczn\u0105, co oznacza, \u017ce jest nie tylko bardzo odporny na wstrz\u0105sy i ca\u0142kowicie wodoodporny, ale tak\u017ce ci\u0119\u017cko pracuje, a zatem jest chroniony przed niezamierzon\u0105 regulacj\u0105. Oznacza to, \u017ce regulacja siatki celowniczej mo\u017ce by\u0107 r\u00f3wnie\u017c u\u017cywana \u201eotwarta\u201c w codziennym polowaniu, tj. bez zakr\u0119tki, aby m\u00f3c szybko dostosowa\u0107 siatk\u0119 celownicz\u0105 w zale\u017cno\u015bci od sytuacji.<\/p>\n<h3>Szybka regulacja celownika za pomoc\u0105 Zerostop<\/h3>\n<p>Na <strong>podw\u00f3jna skala (podw\u00f3jny obr\u00f3t) na wie\u017cy regulacji wysoko\u015bci<\/strong> liczba wykonanych regulacji klikni\u0119\u0107 mo\u017ce zosta\u0107 odczytana i odpowiednio ustawiona.<br \/>\nPo oddaniu strza\u0142u mo\u017cna \u201ewyzerowa\u0107\u201c regulacj\u0119 siatki celowniczej.<\/p>\n<p>Pier\u015bcie\u0144 Zerostop jest nast\u0119pnie obracany do oporu, po czym ustawienie zera jest kontrowane od do\u0142u za pomoc\u0105 pier\u015bcienia Zerostop w celu zatrzymania w pozycji zerowej.<\/p>\n<p>Zaczynaj\u0105c od pozycji zerowej - zak\u0142adaj\u0105c znajomo\u015b\u0107 oznacze\u0144 - mo\u017cna <strong>R\u00f3\u017cne odleg\u0142o\u015bci strzelania za pomoc\u0105 systemu znakowania<\/strong> mo\u017cna wst\u0119pnie ustawi\u0107.<\/p>\n<p>Wie\u017cyczka celownicza jest oznaczona dwiema przeciwbie\u017cnymi skalami; pocz\u0105wszy od ustawienia zerowego, celownik mo\u017cna wst\u0119pnie ustawi\u0107 w zale\u017cno\u015bci od kierunku i si\u0142y wiatru lub jakiegokolwiek ruchu celu.<\/p>\n<p>Kompensacja paralaksy gwarantuje ostry jak brzytwa i niem\u0119cz\u0105cy obraz z odleg\u0142o\u015bci zaledwie 25 metr\u00f3w przy wszystkich ustawieniach powi\u0119kszenia i koryguje b\u0142\u0105d fotografowania spowodowany uko\u015bnym patrzeniem.<\/p>","protected":false},"excerpt":{"rendered":"<p><img decoding=\"async\" class=\"alignnone wp-image-10452 size-full\" title=\"Strzelanie do celu\" src=\"https:\/\/ddoptics.shop\/wp-content\/uploads\/2016\/07\/Target-Schiessen.jpg\" alt=\"Strzelanie do celu\" width=\"50\" height=\"50\" \/><img decoding=\"async\" class=\"alignnone wp-image-10178 size-full\" title=\"Polowanie w g\u00f3rach\" src=\"https:\/\/ddoptics.shop\/wp-content\/uploads\/2016\/04\/Gebirgsjagd-klein.jpg\" alt=\"G\u00f3rska lornetka my\u015bliwska\" width=\"50\" height=\"50\" \/><br \/>\nNowy <strong>Docelowy uk\u0142ad optyczny z <strong>nowszy <\/strong><span style=\"color: #ff0000;\"><strong><span class=\"userContent\">Szk\u0142o typu CT (Clear-Transmission) firmy DDoptics.<\/span><\/strong><\/span><\/strong> Opcjonalnie <strong><a title=\"NOWA pod\u015bwietlana kropka DDoptics IFiber\" href=\"\/pl\/termin-techniczny-wiki\/inteligentny-punkt-swietlny-ddoptics-ifiber\/\" target=\"_blank\" rel=\"noopener noreferrer\">Punkt \u015bwietlny IFibre<\/a><\/strong> dla <strong>tylko 99,- \u20ac dop\u0142aty.<\/strong><\/p>\n<a href=\"https:\/\/amzn.to\/3PlT7Gn\" target=\"_blank\" class=\"button success is-success is-small\" rel=\"\u201dnofollow\u201d noopener\" >\n\t\t<span>klient amazon? - korzysta\u0107 z korzy\u015bci prime?<\/span>\n\t<\/a>","protected":false},"featured_media":23250,"comment_status":"open","ping_status":"closed","template":"","meta":{"inline_featured_image":false,"footnotes":""},"product_brand":[],"product_cat":[480,453,638,697,640,919,637,68],"product_tag":[587,78,80,696,1098,956,79],"class_list":{"0":"post-23245","1":"product","2":"type-product","3":"status-publish","4":"has-post-thumbnail","6":"product_cat-5-30x50","7":"product_cat-50-mm-objektivdurchmesser","8":"product_cat-ansitzjagd","9":"product_cat-mrad-klickverstellung","10":"product_cat-pirschjagd-und-gebirgsjagd","11":"product_cat-v6-6-fach-zoom","12":"product_cat-zf-anwendung","13":"product_cat-zielfernrohr","14":"product_tag-5-30x50","15":"product_tag-ddoptics","16":"product_tag-gen-3","17":"product_tag-mrad","18":"product_tag-nighteagle","19":"product_tag-v6","20":"product_tag-zielfernrohr","21":"product_shipping_class-paket","22":"pa_brand-marke-ddoptics","23":"pa_produkt-typ-zielfernrohr","25":"first","26":"outofstock","27":"sale","28":"taxable","29":"shipping-taxable","30":"purchasable","31":"product-type-bundle"},"bundled_by":[],"bundle_stock_status":"outofstock","bundle_stock_quantity":0,"bundle_virtual":false,"bundle_layout":"default","bundle_add_to_cart_form_location":"default","bundle_editable_in_cart":false,"bundle_sold_individually_context":"product","bundle_item_grouping":"parent","bundle_min_size":"","bundle_max_size":"","bundle_price":{"price":{"min":{"incl_tax":"799.01","excl_tax":"665.84"},"max":{"incl_tax":"903.32","excl_tax":"752.76"}},"regular_price":{"min":{"incl_tax":"1095.01","excl_tax":"912.51"},"max":{"incl_tax":"1210.9","excl_tax":"1009.08"}}},"bundled_items":[{"bundled_item_id":93,"product_id":12809,"menu_order":0,"quantity_min":1,"quantity_max":1,"quantity_default":1,"priced_individually":true,"shipped_individually":false,"override_title":true,"title":"","override_description":false,"description":"","optional":false,"hide_thumbnail":false,"discount":"","override_variations":true,"allowed_variations":[12810,12811],"override_default_variation_attributes":false,"default_variation_attributes":[],"single_product_visibility":"visible","cart_visibility":"visible","order_visibility":"visible","single_product_price_visibility":"visible","cart_price_visibility":"visible","order_price_visibility":"visible","stock_status":"in_stock"},{"bundled_item_id":94,"product_id":12812,"menu_order":1,"quantity_min":1,"quantity_max":1,"quantity_default":1,"priced_individually":true,"shipped_individually":false,"override_title":true,"title":"Zestaw nasadek ochronnych prawie na prezent","override_description":true,"description":"","optional":true,"hide_thumbnail":false,"discount":"68.55","override_variations":true,"allowed_variations":[12820],"override_default_variation_attributes":true,"default_variation_attributes":[{"id":17,"name":"Rozmiar lunety","option":"5-30x50"}],"single_product_visibility":"visible","cart_visibility":"visible","order_visibility":"visible","single_product_price_visibility":"visible","cart_price_visibility":"visible","order_price_visibility":"visible","stock_status":"in_stock"}],"bundle_sell_ids":[],"_links":{"self":[{"href":"https:\/\/ddoptics.shop\/pl\/wp-json\/wp\/v2\/product\/23245","targetHints":{"allow":["GET"]}}],"collection":[{"href":"https:\/\/ddoptics.shop\/pl\/wp-json\/wp\/v2\/product"}],"about":[{"href":"https:\/\/ddoptics.shop\/pl\/wp-json\/wp\/v2\/types\/product"}],"replies":[{"embeddable":true,"href":"https:\/\/ddoptics.shop\/pl\/wp-json\/wp\/v2\/comments?post=23245"}],"version-history":[{"count":11,"href":"https:\/\/ddoptics.shop\/pl\/wp-json\/wp\/v2\/product\/23245\/revisions"}],"predecessor-version":[{"id":29143,"href":"https:\/\/ddoptics.shop\/pl\/wp-json\/wp\/v2\/product\/23245\/revisions\/29143"}],"wp:featuredmedia":[{"embeddable":true,"href":"https:\/\/ddoptics.shop\/pl\/wp-json\/wp\/v2\/media\/23250"}],"wp:attachment":[{"href":"https:\/\/ddoptics.shop\/pl\/wp-json\/wp\/v2\/media?parent=23245"}],"wp:term":[{"taxonomy":"product_brand","embeddable":true,"href":"https:\/\/ddoptics.shop\/pl\/wp-json\/wp\/v2\/product_brand?post=23245"},{"taxonomy":"product_cat","embeddable":true,"href":"https:\/\/ddoptics.shop\/pl\/wp-json\/wp\/v2\/product_cat?post=23245"},{"taxonomy":"product_tag","embeddable":true,"href":"https:\/\/ddoptics.shop\/pl\/wp-json\/wp\/v2\/product_tag?post=23245"}],"curies":[{"name":"wp","href":"https:\/\/api.w.org\/{rel}","templated":true}]}}