{"id":23528,"date":"2021-02-05T15:22:06","date_gmt":"2021-02-05T14:22:06","guid":{"rendered":"https:\/\/ddoptics.shop\/?post_type=product&#038;p=23528"},"modified":"2022-04-19T15:24:15","modified_gmt":"2022-04-19T13:24:15","slug":"promocja-oszczednosciowa-1-zf-i-lornetka","status":"publish","type":"product","link":"https:\/\/ddoptics.shop\/pl\/kaufen\/spar-aktion-1-zf-und-fernglas\/","title":{"rendered":"Luneta + lornetka oferta specjalna: 1-6\u00d724 Nighteagle od DDoptics | V6 | Crosshair | Regulacja MRAD - Gen 3 + DARMOWY IFiber"},"content":{"rendered":"[vc_row][vc_column][vc_text_separator title=&#8221;Kurz\u00fcberblick DDoptics Zielfernrohr V6 1-6&#215;24 Gen 3 MRAD&#8221; i_icon_fontawesome=&#8221;fa fa-info-circle&#8221; i_color=&#8221;black&#8221; color=&#8221;custom&#8221; add_icon=&#8221;true&#8221; accent_color=&#8221;#a86b0f&#8221;][\/vc_column][\/vc_row][vc_row][vc_column][vc_column_text]\n<table style=\"background-color: #cacaca;\">\n<tbody>\n<tr style=\"height: 24px;\">\n<td style=\"height: 24px; text-align: left; width: 20%;\"><strong>Tubus<\/strong><\/td>\n<td style=\"height: 24px; text-align: left; width: 30%;\">30 mm Mono Tube<\/td>\n<td style=\"height: 24px; text-align: left; width: 20%;\"><strong>Sichtfeld: m @100m<\/strong><\/td>\n<td style=\"height: 24px; text-align: left; width: 30%;\">37,8 &#8211; 6,3 m<\/td>\n<\/tr>\n<tr style=\"height: 24px;\">\n<td style=\"height: 24px; text-align: left; width: 20%;\"><strong>Optisches System<\/strong><\/td>\n<td style=\"height: 24px; text-align: left; width: 30%;\">1-6- fach<\/td>\n<td style=\"height: 24px; text-align: left; width: 20%;\">\u00a0<strong>Augenabstand<\/strong><\/td>\n<td style=\"height: 24px; text-align: left; width: 30%;\">99 &#8211; 100 mm<\/td>\n<\/tr>\n<tr style=\"height: 24px;\">\n<td style=\"height: 24px; text-align: left; width: 20%;\"><strong>Objektiv<\/strong><\/td>\n<td style=\"height: 24px; text-align: left; width: 30%;\">24 mm<\/td>\n<td style=\"height: 24px; text-align: left; width: 20%;\">\u00a0<strong>L\u00e4nge<\/strong><\/td>\n<td style=\"height: 24px; text-align: left; width: 30%;\">261 mm<\/td>\n<\/tr>\n<tr style=\"height: 24px;\">\n<td style=\"height: 24px; text-align: left; width: 20%;\"><strong>Absehen<\/strong><\/td>\n<td style=\"height: 24px; text-align: left; width: 30%;\">Crosshair<\/td>\n<td style=\"height: 24px; text-align: left; width: 20%;\">\u00a0<strong>Gewicht<\/strong><\/td>\n<td style=\"height: 24px; text-align: left; width: 30%;\">535 g<\/td>\n<\/tr>\n<tr style=\"height: 24px;\">\n<td style=\"height: 24px; text-align: left; width: 20%;\"><strong>Leuchtpunkt<\/strong><\/td>\n<td style=\"height: 24px; text-align: left; width: 30%;\">Standard oder iFiber<\/td>\n<td style=\"height: 24px; text-align: left; width: 20%;\">\u00a0<strong>Beschlagsschutz<\/strong><\/td>\n<td style=\"height: 24px; text-align: left; width: 30%;\">Stickstofffu\u0308llung gegen Beschlag<\/td>\n<\/tr>\n<tr style=\"height: 24px;\">\n<td style=\"height: 24px; text-align: left; width: 20%;\"><strong>Fokus\/Parallaxe<\/strong><\/td>\n<td style=\"height: 24px; text-align: left; width: 30%;\">Verstellbares\u00a0Objektiv 25\u00a0m bis unendlich<\/td>\n<td style=\"height: 24px; text-align: left; width: 20%;\">\u00a0<strong>Dichtheit<\/strong><\/td>\n<td style=\"height: 24px; text-align: left; width: 30%;\">Wasser- und Sto\u00dffest<\/td>\n<\/tr>\n<\/tbody>\n<\/table>\n[\/vc_column_text][\/vc_column][\/vc_row][vc_row][vc_column width=&#8221;2\/3&#8243;][vc_column_text]\n<h2>Kombipaket 1: Das 1-6&#215;24 Nighteagle V6 Zielfernrohr von DDoptics &#8211; kompaktes ZF mit 6-fach Zoom, Crosshair Absehen und MRAD Verstellung &#8211; 1 cm \/ 100 m pro Klick + Pirschler Fernglas<\/h2>\n<blockquote><p>Die neue 3. Generation bei DDoptics Zielfernrohren<\/p><\/blockquote>\n<p>Wie alle Zieloptiken der 3. Genration verf\u00fcgt auch das <strong>DDoptics V6 1-6&#215;24 HDX<\/strong> \u00fcber diese Ausstattungsmerkmale. Neben der verbesserten Optik (besser Verg\u00fctung, CT-Glas, weniger Zentrierfehler und h\u00f6here Lichttransmission), sind es vor allem die neuen Metallt\u00fcrme mit der h\u00e4rteren 0,1 <a href=\"https:\/\/ddoptics.shop\/fachwort\/berechnung-winkelminute-bzw-moa-bei-zielfernrohren\/\" target=\"_blank\" rel=\"noopener noreferrer\">MRAD<\/a> Klickverstellung inklusive dem Zerostop und das neu entwickelte Corsshair Absehen, welche aus diesem <strong>DDoptics Zielfernrohr<\/strong> etwas ganz Besonderes machen.<\/p>\n<h3>DDoptics V6 &#8211; 1-6&#215;24 Zielfernrohr mit ultraweitem Sehfeld<\/h3>\n<p>Die <strong>DDoptics Zieloptik 1-6&#215;24 V6<\/strong> HDX l\u00e4sst kaum W\u00fcnsche offen, die der anspruchsvolle J\u00e4ger an eine moderne Dr\u00fcckjagd-Zieloptik stellt.<\/p>\n<p>Mit einer kompakten <strong>Gesamtl\u00e4nge von 261 mm, einem Gewicht von 500 g und einem Rohrdurchmesser von 30 mm<\/strong> ist die Zieloptik handlich und passt auf jedes Gewehr. Diese Zieloptik ist mit einem extrem weiten Sehfeld von 37,8 m auf 100 m ausgestattet.<\/p>\n<p>Das <strong>Dr\u00fcckjagd- Zielfernrohr<\/strong> entspricht in der untersten Vergr\u00f6\u00dferungsstufe einem Red-Dot- Absehen und gew\u00e4hrleistet damit einen der wichtigsten Punkte bei Bewegungsjagden, n\u00e4mlich die schnelle Zielerfassung. Das neue <strong>Crosshair Absehen<\/strong> wurde speziell f\u00fcr die Dr\u00fcckjagd entwickelt.[\/vc_column_text][\/vc_column][vc_column width=&#8221;1\/3&#8243;][ultimate_info_table design_style=&#8221;design02&#8243; color_scheme=&#8221;blue&#8221; package_heading=&#8221;Besonderheiten DDoptics Zielfernrohr&#8221; heading_font_color=&#8221;#ffffff&#8221; features_font_color=&#8221;#1e73be&#8221; features_font_style=&#8221;font-style:italic;&#8221; features_font_size=&#8221;desktop:12px;&#8221;]\n<p style=\"text-align: left;\"><a href=\"https:\/\/www.ddoptics.de\/jagd_de\/content\/service\/unsere-produkte\/30-jahre-garantie\/\" target=\"_blank\" rel=\"nofollow noopener noreferrer\"><img decoding=\"async\" class=\"alignleft wp-image-9270 size-full\" title=\"Garantiebestimmungen lesen\" src=\"https:\/\/ddoptics.shop\/wp-content\/uploads\/2014\/09\/DDoptics-Garantie.jpg\" alt=\"DDoptics Garantie\" width=\"352\" height=\"160\" srcset=\"https:\/\/ddoptics.shop\/wp-content\/uploads\/2014\/09\/DDoptics-Garantie.jpg 352w, https:\/\/ddoptics.shop\/wp-content\/uploads\/2014\/09\/DDoptics-Garantie-304x138.jpg 304w, https:\/\/ddoptics.shop\/wp-content\/uploads\/2014\/09\/DDoptics-Garantie-305x139.jpg 305w, https:\/\/ddoptics.shop\/wp-content\/uploads\/2014\/09\/DDoptics-Garantie-250x114.jpg 250w\" sizes=\"(max-width: 352px) 100vw, 352px\" \/><\/a>\u21d2 Absehenverstellung aus Metall<br \/>\n<strong>\u21d2 CT Glas<\/strong> (Clear Transmission)<br \/>\n<strong>\u21d2 Doppelte Skalierung<\/strong><br \/>\n\u21d2 Extreme Lichttransmission bis 94,7%<br \/>\n<strong>\u21d2 Harte Tactical Klickrastung<\/strong><br \/>\n<strong>\u21d2 IFiber Control<\/strong> m\u00f6glich<br \/>\n<strong>\u21d2 Absehen Crosshair<\/strong> in 2. Bildebene<br \/>\n\u21d2 Nullanschlag \/ <strong>Zerostop<\/strong><br \/>\n\u21d2 Schussfesttest: <a href=\"https:\/\/de.wikipedia.org\/wiki\/.375_Holland_%26_Holland_Magnum\" target=\"_blank\" rel=\"noopener sponsored\" data-schema-attribute=\"\">375 H&amp;H<\/a> 1000 Schuss<br \/>\n<strong>\u21d2 Stufenlos verstellbarer Parallaxenausgleich<\/strong><br \/>\n\u21d2 Harte, taktische 0,1 MRAD-Klickrastung (1cm\/Klick)<br \/>\n\u21d2 Verstellweg 484 Klicks<\/p>\n[\/ultimate_info_table][\/vc_column][\/vc_row][vc_row][vc_column][vc_column_text]\n<h3>Gro\u00dfer Zoom, stattliche Austrittspupille beim DDoptics V6 1-6&#215;24<\/h3>\n<p>Dank seines <strong>6-fach Zoombereichs sind mit dem 1-6&#215;24 V6 HDX<\/strong> auch Sch\u00fcsse auf gr\u00f6\u00dfere Entfernungen zu verantworten. Beispielsweise wenn das Wild weit vor den J\u00e4gern zieht oder verhofft.<\/p>\n<p>Zus\u00e4tzlicher Garant f\u00fcr einen schnellen und sicheren Anschlag ist die <strong>gro\u00dfe Austrittspupille (12,0-4,06 mm) beim Zielfernrohr<\/strong>. Damit bekommt der J\u00e4ger sein Ziel um die entscheidenden Sekundenbruchteile schneller vor beide Augen.<\/p>\n<h3>Heller Leuchtpunkt im Absehen vom Dr\u00fcckjagd Zielfernrohr<\/h3>\n<p>Das <strong>neue Crosshair Absehen<\/strong> bleibt beim Vergr\u00f6\u00dferungswechsel unver\u00e4ndert gro\u00df ( 2. Bildebene ) und ist mit einem<strong> feinen und reflexfreien roten Glasfaser -Leuchtpunkt<\/strong> ausgestattet, der sich pr\u00e4zise und stufenlos dimmen l\u00e4sst.<\/p>\n<p>Die Leuchtpunkteinheit ist benutzerfreundlich auf dem Okular angebracht. Die Glasfasertechnologie sorgt daf\u00fcr, dass <strong>Neben- und \u00dcberblendeffekte ausgeschlossen<\/strong> sind. Bei aktiviertem Leuchtpunkt st\u00f6ren also weder l\u00e4stiges \u00dcberstrahlen oder Reflexionen.<\/p>\n<p><strong>Das <a href=\"https:\/\/ddoptics.shop\/fachwort\/die-absehen-bei-zielfernrohren\/\" target=\"_blank\" rel=\"noopener\" data-schema-attribute=\"\">Absehen<\/a> verstellt sich pro Klick um 0,1 MRAD (1 cm auf 100 m).<\/strong> Die harte taktische Klickverstellung arbeitet dabei absolut wiederholgenau. Der Wechselring zur Vergr\u00f6\u00dferung \/Verkleinerung des Absehens auf dem Okular ist grifffest und rutschsicher.<\/p>\n<p><strong>Gesamtverstellbereich bei der Zieloptik:<\/strong><\/p>\n<ul>\n<li>484 Klicks<\/li>\n<li>entspricht 48,4 MRAD<\/li>\n<li>entspricht 24,2 MRAD pro Seite<\/li>\n<\/ul>\n<h3>Einsatzempfehlung v6 1-6&#215;24<\/h3>\n<p>Ein extrem weites <strong>Sehfeld von ann\u00e4hernd 40 Metern, ein 6-fach Zoom<\/strong> f\u00fcr das komfortable Anvisieren auch bei weiteren Entfernungen sind die herausragenden Merkmale der Zieloptik 1-6&#215;24 V6 HDX f\u00fcr IPSC, Dr\u00fcckjagd und Bewegungsjagden.<\/p>\n<p>Ein reflexfreier und exzellent wahrnehmbarer Glasfaser -Leuchtpunkt verleihen dem J\u00e4ger hohe Sicherheit bei der <strong>schnellen Zielaufnahme und beim fl\u00fcchtigen Schuss.<\/strong> Uneingeschr\u00e4nkt empfohlen f\u00fcr alle IPSC Rifle Disziplinen.[\/vc_column_text][\/vc_column][\/vc_row][vc_row][vc_column][vc_text_separator title=&#8221;Technische Zeichnung Zielfernrohr V6 1-6&#215;24 Gen 3&#8243; color=&#8221;custom&#8221; accent_color=&#8221;#a86b0f&#8221;][\/vc_column][\/vc_row][vc_row][vc_column][vc_single_image image=&#8221;12255&#8243; img_size=&#8221;full&#8221;][\/vc_column][\/vc_row]\n","protected":false},"excerpt":{"rendered":"<p><img decoding=\"async\" class=\"size-full wp-image-10471 alignnone\" src=\"https:\/\/ddoptics.shop\/wp-content\/uploads\/2016\/04\/Ansitz-Jagd.jpg\" alt=\"Polowanie na stoisku\" width=\"50\" height=\"50\" \/><img decoding=\"async\" class=\"wp-image-10452 size-full alignnone\" src=\"https:\/\/ddoptics.shop\/wp-content\/uploads\/2016\/07\/Target-Schiessen.jpg\" alt=\"Strzelanie do celu\" width=\"50\" height=\"50\" \/><img decoding=\"async\" class=\"size-full wp-image-10168 alignnone\" src=\"https:\/\/ddoptics.shop\/wp-content\/uploads\/2016\/09\/Jagd-klein.jpg\" alt=\"Lornetka my\u015bliwska\" width=\"50\" height=\"50\" \/><img decoding=\"async\" class=\"size-full wp-image-10180 alignnone\" src=\"https:\/\/ddoptics.shop\/wp-content\/uploads\/2016\/04\/Bergwandern-klein.jpg\" alt=\"Lornetka do w\u0119dr\u00f3wek g\u00f3rskich\" width=\"50\" height=\"50\" \/><\/p>\n<h3><strong><span style=\"color: #ed1c24;\">UWAGA:\u00a0<\/span>Tylko do wyczerpania zapas\u00f3w!<\/strong><\/h3>\n<p><strong>W zestawie BEZP\u0141ATNIE: Inteligentny <a title=\"NOWA pod\u015bwietlana kropka DDoptics IFiber\" href=\"\/pl\/termin-techniczny-wiki\/inteligentny-punkt-swietlny-ddoptics-ifiber\/\" target=\"_blank\" rel=\"noopener noreferrer\">Punkt \u015bwietlny IFibre<\/a> w przeciwnym razie dodatkowa op\u0142ata wynosi 89,- \u20ac.<\/strong><\/p>\n<p>Zawarte w ka\u017cdym pakiecie<\/p>\n<ul>\n<li>Luneta celownicza 1-6\u00d724 z siatk\u0105 FineCross i pod\u015bwietlan\u0105 kropk\u0105 IFiber<\/li>\n<li>Zestaw klapek na okular i soczewk\u0119 obiektywu<\/li>\n<li>2x DDoptics Optics Cleaner 50ml ka\u017cdy<\/li>\n<li>2x \u015bciereczka do czyszczenia DDoptics<\/li>\n<li>1x wybrana lornetka Pirschler (8\u00d745 | 10\u00d745 | 12\u00d756 | 15\u00d756)<\/li>\n<li>Torba na lornetk\u0119 i pasek do przenoszenia<\/li>\n<\/ul>","protected":false},"featured_media":12254,"comment_status":"open","ping_status":"closed","template":"","meta":{"inline_featured_image":false,"footnotes":""},"product_brand":[],"product_cat":[],"product_tag":[708,78,709,80,698],"class_list":{"0":"post-23528","1":"product","2":"type-product","3":"status-publish","4":"has-post-thumbnail","6":"product_tag-1-6x24","7":"product_tag-ddoptics","8":"product_tag-drueckjagdzielfernrohr","9":"product_tag-gen-3","10":"product_tag-mrad-1-cm-klickverstellung","11":"product_shipping_class-paket","12":"pa_brand-marke-ddoptics","13":"pa_produkt-typ-zielfernrohr","15":"first","16":"outofstock","17":"sale","18":"taxable","19":"shipping-taxable","20":"purchasable","21":"product-type-bundle"},"bundled_by":[],"bundle_stock_status":"outofstock","bundle_stock_quantity":0,"bundle_virtual":false,"bundle_layout":"default","bundle_add_to_cart_form_location":"default","bundle_editable_in_cart":false,"bundle_sold_individually_context":"product","bundle_item_grouping":"parent","bundle_min_size":"","bundle_max_size":"","bundle_price":{"price":{"min":{"incl_tax":"1146","excl_tax":"955"},"max":{"incl_tax":"1226","excl_tax":"1021.67"}},"regular_price":{"min":{"incl_tax":"1676","excl_tax":"1396.67"},"max":{"incl_tax":"1756","excl_tax":"1463.34"}}},"bundled_items":[{"bundled_item_id":99,"product_id":21195,"menu_order":0,"quantity_min":1,"quantity_max":1,"quantity_default":1,"priced_individually":true,"shipped_individually":false,"override_title":false,"title":"","override_description":false,"description":"","optional":false,"hide_thumbnail":false,"discount":"","override_variations":false,"allowed_variations":[21201,21197,21199,21200],"override_default_variation_attributes":false,"default_variation_attributes":[{"id":37,"name":"Lornetka Pirschler","option":"pirschler-gen-3-8x45-gruen"}],"single_product_visibility":"visible","cart_visibility":"visible","order_visibility":"visible","single_product_price_visibility":"visible","cart_price_visibility":"visible","order_price_visibility":"visible","stock_status":"in_stock"}],"bundle_sell_ids":[],"_links":{"self":[{"href":"https:\/\/ddoptics.shop\/pl\/wp-json\/wp\/v2\/product\/23528","targetHints":{"allow":["GET"]}}],"collection":[{"href":"https:\/\/ddoptics.shop\/pl\/wp-json\/wp\/v2\/product"}],"about":[{"href":"https:\/\/ddoptics.shop\/pl\/wp-json\/wp\/v2\/types\/product"}],"replies":[{"embeddable":true,"href":"https:\/\/ddoptics.shop\/pl\/wp-json\/wp\/v2\/comments?post=23528"}],"version-history":[{"count":8,"href":"https:\/\/ddoptics.shop\/pl\/wp-json\/wp\/v2\/product\/23528\/revisions"}],"predecessor-version":[{"id":25648,"href":"https:\/\/ddoptics.shop\/pl\/wp-json\/wp\/v2\/product\/23528\/revisions\/25648"}],"wp:featuredmedia":[{"embeddable":true,"href":"https:\/\/ddoptics.shop\/pl\/wp-json\/wp\/v2\/media\/12254"}],"wp:attachment":[{"href":"https:\/\/ddoptics.shop\/pl\/wp-json\/wp\/v2\/media?parent=23528"}],"wp:term":[{"taxonomy":"product_brand","embeddable":true,"href":"https:\/\/ddoptics.shop\/pl\/wp-json\/wp\/v2\/product_brand?post=23528"},{"taxonomy":"product_cat","embeddable":true,"href":"https:\/\/ddoptics.shop\/pl\/wp-json\/wp\/v2\/product_cat?post=23528"},{"taxonomy":"product_tag","embeddable":true,"href":"https:\/\/ddoptics.shop\/pl\/wp-json\/wp\/v2\/product_tag?post=23528"}],"curies":[{"name":"wp","href":"https:\/\/api.w.org\/{rel}","templated":true}]}}