{"id":23563,"date":"2021-02-05T17:19:19","date_gmt":"2021-02-05T16:19:19","guid":{"rendered":"https:\/\/ddoptics.shop\/?post_type=product&#038;p=23563"},"modified":"2026-02-02T17:27:25","modified_gmt":"2026-02-02T16:27:25","slug":"celownik-teleskopowy-4-40x50-ddmp-moa","status":"publish","type":"product","link":"https:\/\/ddoptics.shop\/pl\/kaufen\/zielfernrohr-4-40x50-ddmp-moa\/","title":{"rendered":"Luneta celownicza DDMP V10 4-40\u00d750 firmy DDoptics do strzelectwa sportowego | 1\/8 MOA | tac-A"},"content":{"rendered":"<div class=\"container section-title-container\" ><h3 class=\"section-title section-title-normal\"><b aria-hidden=\"true\"><\/b><span class=\"section-title-main\" ><i class=\"icon-cross\" aria-hidden=\"true\"><\/i>Kr\u00f3tki przegl\u0105d lunety celowniczej DDMP 4-40x50 firmy DDoptics<\/span><b aria-hidden=\"true\"><\/b><\/h3><\/div>\n<table style=\"background-color: #cacaca; width: 100%;\">\n<tbody>\n<tr style=\"height: 24px;\">\n<td style=\"height: 24px; width: 20%;\"><strong>Rura:<\/strong><\/td>\n<td style=\"height: 24px; width: 30%;\">Rurka mono 34 mm<\/td>\n<td style=\"height: 24px; width: 20%;\"><strong>Pole widzenia: m przy 100 m:<\/strong><\/td>\n<td style=\"height: 24px; width: 30%;\">8,8-0,9 m<\/td>\n<\/tr>\n<tr style=\"height: 24px;\">\n<td style=\"height: 24px; width: 20%;\"><strong>Uk\u0142ad optyczny:<\/strong><\/td>\n<td style=\"height: 24px; width: 30%;\">4-40-krotny<\/td>\n<td style=\"height: 24px; width: 20%;\"><strong>Odleg\u0142o\u015b\u0107 mi\u0119dzy \u017arenicami:<\/strong><\/td>\n<td style=\"height: 24px; width: 30%;\">87-101 mm<\/td>\n<\/tr>\n<tr style=\"height: 24px;\">\n<td style=\"height: 24px; width: 20%;\"><strong>Cel:<\/strong><\/td>\n<td style=\"height: 24px; width: 30%;\">50 mm<\/td>\n<td style=\"height: 24px; width: 20%;\"><strong>D\u0142ugo\u015b\u0107:<\/strong><\/td>\n<td style=\"height: 24px; width: 30%;\">371 mm<\/td>\n<\/tr>\n<tr style=\"height: 24px;\">\n<td style=\"height: 24px; width: 20%;\"><strong>Celownik:<\/strong><\/td>\n<td style=\"height: 24px; width: 30%;\">TacA<\/td>\n<td style=\"height: 24px; width: 20%;\"><strong>Waga:<\/strong><\/td>\n<td style=\"height: 24px; width: 30%;\">1046 g<\/td>\n<\/tr>\n<tr style=\"height: 24px;\">\n<td style=\"height: 24px; width: 20%;\"><strong>Punkt \u015bwietlny<\/strong><\/td>\n<td style=\"height: 24px; width: 30%;\">Standardowy lub iFibre<\/td>\n<td style=\"height: 24px; width: 20%;\"><strong>Ochrona przed zaparowaniem:<\/strong><\/td>\n<td style=\"height: 24px; width: 30%;\">Wype\u0142nienie azotem przed zaparowaniem<\/td>\n<\/tr>\n<tr style=\"height: 24px;\">\n<td style=\"height: 24px; width: 20%;\"><strong>Ostro\u015b\u0107\/paralaksa:<\/strong><\/td>\n<td style=\"height: 24px; width: 30%;\">Regulowany obiektyw 25-1000 m do niesko\u0144czono\u015bci<\/td>\n<td style=\"height: 24px; width: 20%;\"><strong>Szczelno\u015b\u0107:<\/strong><\/td>\n<td style=\"height: 24px; width: 30%;\">Odporno\u015b\u0107 na wod\u0119 i uderzenia<\/td>\n<\/tr>\n<\/tbody>\n<\/table>\n<div class=\"row\"  id=\"row-1721959821\">\n\n\t<div id=\"col-1397553367\" class=\"col medium-8 small-12 large-8\"  >\n\t\t\t\t<div class=\"col-inner\"  >\n\t\t\t\n\t\t\t\n<h2>Luneta celownicza 4-40\u00d750 DDMP - V10 | MOA firmy DDoptics - absolutna precyzja na \u015brednich dystansach do 1000 m i wi\u0119cej<\/h2>\n<p>The <strong>DDoptics ZF 4-40\u00d750 DDMP<\/strong> jest PIERWSZY <strong>Optyka celownicza V10 z 10-krotnym zoomem<\/strong> od DDoptics jako NEXT LEVEL sportowe rozszerzenie wypr\u00f3bowanego i przetestowanego V6 <a href=\"https:\/\/ddoptics.shop\/pl\/kup\/zielfernrohr-ddoptics-v6-hdx-5-30x50-gen-3-tactical-mildot-mrad\/\">5-30\u00d750<\/a> Celownik teleskopowy.<\/p>\n<p>DDMP 4-40\u00d750 jest pierwsz\u0105 lunet\u0105 celownicz\u0105 V10 firmy DDoptics i dlatego ma szczeg\u00f3lnie elastyczny zakres zastosowa\u0144. Ultranowoczesna luneta DDMP 4-40\u00d750 obejmuje spektrum dla strzelc\u00f3w sportowych od 100 m do 1000 m.<\/p>\n<p>Z<strong> Du\u017cy zakres regulacji 329 MOA<\/strong> Mo\u017cna uzyska\u0107 odleg\u0142o\u015bci do 2000 m i wi\u0119cej, chocia\u017c w ekstremalnym zakresie regulacji siatki powi\u0119kszenie musi zosta\u0107 zmniejszone do 20x ze wzgl\u0119d\u00f3w technicznych.<\/p>\n<p>Jednak powi\u0119kszenie 40x mo\u017ce by\u0107 u\u017cywane w zakresie 100-1000 m. Ca\u0142y zakres regulacji wynosi<strong> pokonany w zaledwie 3 turach,<\/strong> co umo\u017cliwia niezwykle szybk\u0105 zmian\u0119 szerokiego zakresu odleg\u0142o\u015bci.<\/p>\n<h3>Absolutna precyzja w odleg\u0142o\u015bci od \u015brodka<\/h3>\n<p>Niezale\u017cnie od tego, czy jest to luneta sportowa na d\u0142ugim dystansie, czy na \u015brednim dystansie od 100 do 1000 metr\u00f3w. Najnowocze\u015bniejsza luneta celownicza 4-40\u00d750 DDMP obejmuje szeroki zakres zastosowa\u0144.<\/p>\n<p>Ograniczenie: Dla <strong>Przy du\u017cych odleg\u0142o\u015bciach powy\u017cej 1000 m regulacja siatki celowniczej musi by\u0107 dostosowana do samej kraw\u0119dzi zakresu.<\/strong> Ze wzgl\u0119d\u00f3w technicznych rozdzielczo\u015b\u0107 lunety nie jest ju\u017c wystarczaj\u0105co wysoka, aby uzyska\u0107 40-krotne powi\u0119kszenie w tym peryferyjnym obszarze optyki.<\/p>\n<p>Tutaj powi\u0119kszenie nale\u017cy zmniejszy\u0107 do 20x. Wszystkie normalne odleg\u0142o\u015bci, kt\u00f3re mo\u017cna osi\u0105gn\u0105\u0107 do cel\u00f3w sportowych w Europie, gdzie siatka znajduje si\u0119 zwykle w \u015brodku pola widzenia, pozwalaj\u0105 na rozdzielczo\u015b\u0107 obrazu do 40x.<\/p>\n\t\t<\/div>\n\t\t\t\t\t<\/div>\n\n\t\n\n\t<div id=\"col-481697199\" class=\"col medium-4 small-12 large-4\"  >\n\t\t\t\t<div class=\"col-inner\"  >\n\t\t\t\n\t\t\t\n<a class=\"button primary expand\" >\n\t\t<span>Cechy szczeg\u00f3lne lunety celowniczej<\/span>\n\t<\/a>\n\n\n\t<section class=\"section\" id=\"section_1355710287\">\n\t\t<div class=\"section-bg fill\" >\n\t\t\t\t\t\t\t\t\t\n\t\t\t\n\n\t\t<\/div>\n\n\t\t\n\n\t\t<div class=\"section-content relative\">\n\t\t\t\n\t<div class=\"img has-hover x md-x lg-x y md-y lg-y\" id=\"image_1349544546\">\n\t\t<a class=\"\" href=\"https:\/\/www.ddoptics.de\/garantiebestimmungen\" target=\"_blank\" rel=\"no follow noopener\">\t\t\t\t\t\t<div class=\"img-inner dark\" >\n\t\t\t<img decoding=\"async\" width=\"352\" height=\"160\" src=\"https:\/\/ddoptics.shop\/wp-content\/uploads\/2014\/09\/DDoptics-Garantie.jpg\" class=\"attachment-large size-large\" alt=\"Gwarancja DDoptics\" srcset=\"https:\/\/ddoptics.shop\/wp-content\/uploads\/2014\/09\/DDoptics-Garantie.jpg 352w, https:\/\/ddoptics.shop\/wp-content\/uploads\/2014\/09\/DDoptics-Garantie-304x138.jpg 304w, https:\/\/ddoptics.shop\/wp-content\/uploads\/2014\/09\/DDoptics-Garantie-305x139.jpg 305w, https:\/\/ddoptics.shop\/wp-content\/uploads\/2014\/09\/DDoptics-Garantie-250x114.jpg 250w\" sizes=\"(max-width: 352px) 100vw, 352px\" title=\"\">\t\t\t\t\t\t\n\t\t\t\t\t<\/div>\n\t\t\t\t\t\t<\/a>\t\t\n<style>\n#image_1349544546 {\n  width: 100%;\n}\n<\/style>\n\t<\/div>\n\t\n\t<div id=\"text-3271952768\" class=\"text\">\n\t\t\n<p><span style=\"font-size: 80%;\"><em>\u21d2 DDMP - DDoptics Match Precision (Precyzja dopasowania optyki)<br \/>\n<\/em><\/span><span style=\"font-size: 80%;\"><em>\u21d2 Idealny dla wymagaj\u0105cych strzelc\u00f3w wyborowych<\/em><\/span><br \/>\n<span style=\"font-size: 80%;\"><em>\u21d2 Zakres regulacji 30 MRAD umo\u017cliwia wykonywanie ekstremalnie d\u0142ugich uj\u0119\u0107<\/em><\/span><br \/>\n<span style=\"font-size: 80%;\"><em>\u21d2 Wytrzyma\u0142a rura o \u015brednicy 34 mm<\/em><\/span><br \/>\n<span style=\"font-size: 80%;\"><em>\u21d2 Du\u017ce metalowe wie\u017cyczki taktyczne (bez plastikowych)<\/em><\/span><br \/>\n<span style=\"font-size: 80%;\"><em>\u21d2 Podw\u00f3jne skalowanie (podw\u00f3jny obr\u00f3t)<\/em><\/span><br \/>\n<span style=\"font-size: 80%;\"><em>\u21d2 Wewn\u0119trzny ogranicznik zera dla ASV (ogranicznik zera)<\/em><\/span><br \/>\n<span style=\"font-size: 80%;\"><em>\u21d2 Twarda taktyczna blokada klikni\u0119cia 0,1 MRAD (1 cm\/klikni\u0119cie)<\/em><\/span><br \/>\n<span style=\"font-size: 80%;\"><em>\u21d2 Jeden obr\u00f3t = 10 MRAD<\/em><\/span><br \/>\n<span style=\"font-size: 80%;\"><em>\u21d2 Nowy celownik tacA w 1. p\u0142aszczy\u017anie ogniskowej<\/em><\/span><br \/>\n<span style=\"font-size: 80%;\"><em>\u21d2 Pot\u0119\u017cne poziomowanie paralaksy z 25-1000-\u221e<\/em><\/span><br \/>\n\t\t\n<style>\n#text-3271952768 {\n  color: rgb(33, 107, 227);\n}\n#text-3271952768 > * {\n  color: rgb(33, 107, 227);\n}\n<\/style>\n\t<\/div>\n\t\n\t\t<\/div>\n\n\t\t\n<style>\n#section_1355710287 {\n  padding-top: 30px;\n  padding-bottom: 30px;\n  background-color: rgb(232, 232, 232);\n}\n<\/style>\n\t<\/section>\n\t\n\t<div id=\"text-2141633618\" class=\"text\">\n\t\t\n\t\t\n<style>\n#text-2141633618 {\n  line-height: 1.15;\n  color: rgb(33, 107, 227);\n}\n#text-2141633618 > * {\n  color: rgb(33, 107, 227);\n}\n<\/style>\n\t<\/div>\n\t\n\t\t<\/div>\n\t\t\t\t\t<\/div>\n\n\t\n<\/div>\n\t<div class=\"img has-hover x md-x lg-x y md-y lg-y\" id=\"image_1520848010\">\n\t\t\t\t\t\t\t\t<div class=\"img-inner dark\" >\n\t\t\t<img decoding=\"async\" width=\"1020\" height=\"575\" src=\"https:\/\/ddoptics.shop\/wp-content\/uploads\/2019\/09\/DDoptics-4-40x50-DDMP.jpg\" class=\"attachment-large size-large\" alt=\"Luneta celownicza DDoptics V10 4-40x50 DDMP\" srcset=\"https:\/\/ddoptics.shop\/wp-content\/uploads\/2019\/09\/DDoptics-4-40x50-DDMP.jpg 1179w, https:\/\/ddoptics.shop\/wp-content\/uploads\/2019\/09\/DDoptics-4-40x50-DDMP-304x171.jpg 304w, https:\/\/ddoptics.shop\/wp-content\/uploads\/2019\/09\/DDoptics-4-40x50-DDMP-305x172.jpg 305w, https:\/\/ddoptics.shop\/wp-content\/uploads\/2019\/09\/DDoptics-4-40x50-DDMP-632x356.jpg 632w, https:\/\/ddoptics.shop\/wp-content\/uploads\/2019\/09\/DDoptics-4-40x50-DDMP-800x451.jpg 800w, https:\/\/ddoptics.shop\/wp-content\/uploads\/2019\/09\/DDoptics-4-40x50-DDMP-510x288.jpg 510w, https:\/\/ddoptics.shop\/wp-content\/uploads\/2019\/09\/DDoptics-4-40x50-DDMP-250x141.jpg 250w\" sizes=\"(max-width: 1020px) 100vw, 1020px\" title=\"\">\t\t\t\t\t\t\n\t\t\t\t\t<\/div>\n\t\t\t\t\t\t\t\t\n<style>\n#image_1520848010 {\n  width: 100%;\n}\n<\/style>\n\t<\/div>\n\t\n<h2><a href=\"https:\/\/de.wikipedia.org\/wiki\/Absehen\" target=\"_blank\" rel=\"noopener sponsored\" data-schema-attribute=\"\">Siatka<\/a> TacA 2.ffp w <a href=\"https:\/\/ddoptics.shop\/pl\/termin-techniczny\/siatka-druga-plaszczyzna-obrazu\/\" target=\"_blank\" rel=\"noopener\" data-schema-attribute=\"\">druga p\u0142aszczyzna obrazu<\/a><\/h2>\n<p>TacA jest niezwykle \u0142atwy w u\u017cyciu. Sto\u017ckowe pr\u0119ty w kszta\u0142cie strza\u0142ek zosta\u0142y celowo utrzymane w przezroczysto\u015bci, aby nic nie pozostawa\u0142o ukryte za siatk\u0105 celownicz\u0105.<\/p>\n<h3>Luneta celownicza DDoptics V10 4-40\u00d750 DDMP: Bezstopniowa pod\u015bwietlana kropka od trybu dziennego do noktowizyjnego<\/h3>\n<p>The <strong>Jednostka \u015bwietlna TacA<\/strong> to doskonale zbalansowany system o maksymalnej dynamice. W <strong>pierwsze poziomy jasno\u015bci tylko bardzo ma\u0142y punkt \u015bwietlny<\/strong> rozpozna\u0107.<\/p>\n<p>Mo\u017cna je nawet przyciemni\u0107 do takiego stopnia, \u017ce <strong>r\u00f3wnie\u017c z urz\u0105dzeniem noktowizyjnym <\/strong>mo\u017ce by\u0107 u\u017cyty. Je\u015bli punkt \u015bwietlny zostanie jeszcze bardziej podniesiony, w\u00f3wczas<strong> \u015awieci z okre\u015blon\u0105 intensywno\u015bci\u0105 \u015bwiat\u0142a <\/strong>w<strong> Ca\u0142y celownik balistyczny<\/strong> z.<\/p>\n<p>W zale\u017cno\u015bci od aplikacji <strong>Mo\u017cna wybra\u0107 pomi\u0119dzy czyst\u0105 kropk\u0105 a w pe\u0142ni pod\u015bwietlanym celownikiem.<\/strong>. Dla tego celownika optycznego mo\u017cna r\u00f3wnie\u017c wybra\u0107 automatyczne wy\u0142\u0105czanie z inteligentnym sterowaniem.<\/p>\n<h3>Luneta celownicza DDoptics V10 4-40\u00d750 DDMP - dok\u0142adna, wewn\u0119trzny zerostop<\/h3>\n<figure id=\"attachment_12866\" aria-describedby=\"caption-attachment-12866\" style=\"width: 350px\" class=\"wp-caption alignright\"><a href=\"https:\/\/ddoptics.shop\/wp-content\/uploads\/2019\/02\/Interner-Zerostop-5-30x56.jpg\"><img decoding=\"async\" class=\"wp-image-12866\" src=\"https:\/\/ddoptics.shop\/wp-content\/uploads\/2019\/02\/Interner-Zerostop-5-30x56.jpg\" alt=\"Wewn\u0119trzna luneta celownicza Zerostop 5-30x56 DDoptics\" width=\"350\" height=\"233\" title=\"\" srcset=\"https:\/\/ddoptics.shop\/wp-content\/uploads\/2019\/02\/Interner-Zerostop-5-30x56.jpg 600w, https:\/\/ddoptics.shop\/wp-content\/uploads\/2019\/02\/Interner-Zerostop-5-30x56-304x203.jpg 304w, https:\/\/ddoptics.shop\/wp-content\/uploads\/2019\/02\/Interner-Zerostop-5-30x56-305x203.jpg 305w, https:\/\/ddoptics.shop\/wp-content\/uploads\/2019\/02\/Interner-Zerostop-5-30x56-510x340.jpg 510w, https:\/\/ddoptics.shop\/wp-content\/uploads\/2019\/02\/Interner-Zerostop-5-30x56-250x167.jpg 250w\" sizes=\"(max-width: 350px) 100vw, 350px\" \/><\/a><figcaption id=\"caption-attachment-12866\" class=\"wp-caption-text\">Wewn\u0119trzna luneta celownicza Zerostop 5-30\u00d756 DDoptics<\/figcaption><\/figure>\n<p>Po usuni\u0119ciu<strong> Za\u015blepki wie\u017cyczki z regulacji siatki celowniczej 4-40\u00d750 <\/strong>wie\u017ca mo\u017ce by\u0107 <strong>odkr\u0119caj\u0105c 3 \u015bruby dociskowe<\/strong> wyj\u0105\u0107 do g\u00f3ry. Pod spodem znajduje si\u0119 Zerostop w postaci okr\u0105g\u0142ego, czarnego dysku.<\/p>\n<p>Zerostop jest regulowany po wystrzale poprzez poluzowanie (r\u00f3wnie\u017c) 3 wkr\u0119t\u00f3w dociskowych na tarczy Zerostop.<\/p>\n<p>Gdy tarcza jest lu\u017ana, mo\u017cna j\u0105 obr\u00f3ci\u0107 do oporu bez \u017cadnego efektu. <strong>nast\u0119pnie ponownie zamocowany za pomoc\u0105 \u015brub dociskowych<\/strong> sta\u0107 si\u0119.<\/p>\n<p>Na zdj\u0119ciu wida\u0107 ogranicznik mi\u0119dzy celem a celownikiem optycznym. Nast\u0119pnie<strong> Ustaw wie\u017c\u0119 w pozycji zerowej i zablokuj j\u0105 za pomoc\u0105 3 wkr\u0119t\u00f3w dociskowych.\u00a0<\/strong>Zerostop zatrzymuje si\u0119 teraz dok\u0142adnie w ustawionej odleg\u0142o\u015bci.<\/p>","protected":false},"excerpt":{"rendered":"<p><img decoding=\"async\" class=\"alignnone wp-image-10452 size-full\" title=\"Strzelectwo sportowe\" src=\"https:\/\/ddoptics.shop\/wp-content\/uploads\/2016\/07\/Target-Schiessen.jpg\" alt=\"Strzelanie do celu\" width=\"50\" height=\"50\" \/><img decoding=\"async\" class=\"alignnone wp-image-10178 size-full\" title=\"Polowanie w g\u00f3rach\" src=\"https:\/\/ddoptics.shop\/wp-content\/uploads\/2016\/04\/Gebirgsjagd-klein.jpg\" alt=\"G\u00f3rska lornetka my\u015bliwska\" width=\"50\" height=\"50\" \/><br \/>\nNowy, ekstremalnie celuj\u0105cy uk\u0142ad optyczny, kt\u00f3ry oferuje interesuj\u0105ce mo\u017cliwo\u015bci<strong>\u00a0Obszary<\/strong> os\u0142ony. Od strzelectwa sportowego po polowania w g\u00f3rach, jako zamiennik lunety z <strong>40-krotny<\/strong> Rozszerzenie... <strong>Opcjonalnie z inteligentn\u0105 funkcj\u0105 tacA <a title=\"NOWA pod\u015bwietlana kropka DDoptics IFiber\" href=\"\/pl\/termin-techniczny-wiki\/inteligentny-punkt-swietlny-ddoptics-ifiber\/\" target=\"_blank\" rel=\"noopener noreferrer\">Punkt \u015bwietlny IFibre<\/a> za dodatkow\u0105 op\u0142at\u0105 w wysoko\u015bci 99,- \u20ac.<\/strong><\/p>","protected":false},"featured_media":17678,"comment_status":"open","ping_status":"closed","template":"","meta":{"inline_featured_image":false,"footnotes":""},"product_brand":[],"product_cat":[927,453,949,640,641,920,637,68],"product_tag":[967,922,78,921,923],"class_list":{"0":"post-23563","1":"product","2":"type-product","3":"status-publish","4":"has-post-thumbnail","6":"product_cat-4-40x50","7":"product_cat-50-mm-objektivdurchmesser","8":"product_cat-messeaktion","9":"product_cat-pirschjagd-und-gebirgsjagd","10":"product_cat-sportschiessen","11":"product_cat-v10-10-fach-zoom","12":"product_cat-zf-anwendung","13":"product_cat-zielfernrohr","14":"product_tag-1-8-moa","15":"product_tag-4-40x50","16":"product_tag-ddoptics","17":"product_tag-long-range-zielfernrohr","18":"product_tag-zf-4-40x50","19":"product_shipping_class-paket","20":"pa_brand-marke-ddoptics","21":"pa_produkt-typ-zielfernrohr","23":"first","24":"instock","25":"sale","26":"taxable","27":"shipping-taxable","28":"purchasable","29":"product-type-bundle"},"bundled_by":[],"bundle_stock_status":"instock","bundle_stock_quantity":"","bundle_virtual":false,"bundle_layout":"default","bundle_add_to_cart_form_location":"default","bundle_editable_in_cart":false,"bundle_sold_individually_context":"product","bundle_item_grouping":"parent","bundle_min_size":"","bundle_max_size":"","bundle_price":{"price":{"min":{"incl_tax":"1440","excl_tax":"1200"},"max":{"incl_tax":"1544.32","excl_tax":"1286.93"}},"regular_price":{"min":{"incl_tax":"1799","excl_tax":"1499.17"},"max":{"incl_tax":"1914.9","excl_tax":"1595.75"}}},"bundled_items":[{"bundled_item_id":112,"product_id":16795,"menu_order":0,"quantity_min":1,"quantity_max":1,"quantity_default":1,"priced_individually":true,"shipped_individually":false,"override_title":true,"title":"","override_description":false,"description":"","optional":false,"hide_thumbnail":true,"discount":"","override_variations":false,"allowed_variations":[],"override_default_variation_attributes":true,"default_variation_attributes":[{"id":36,"name":"pod\u015bwietlana kropka tacA","option":"ddoptics-taca-normales-leuchtabsehen"}],"single_product_visibility":"visible","cart_visibility":"visible","order_visibility":"visible","single_product_price_visibility":"visible","cart_price_visibility":"visible","order_price_visibility":"visible","stock_status":"in_stock"},{"bundled_item_id":113,"product_id":12812,"menu_order":1,"quantity_min":1,"quantity_max":1,"quantity_default":1,"priced_individually":true,"shipped_individually":false,"override_title":true,"title":"Prawie jak prezent - Flip Caps SET","override_description":true,"description":"","optional":true,"hide_thumbnail":true,"discount":"68.55","override_variations":true,"allowed_variations":[17680],"override_default_variation_attributes":true,"default_variation_attributes":[{"id":17,"name":"Rozmiar lunety","option":"4-40x50"}],"single_product_visibility":"visible","cart_visibility":"visible","order_visibility":"visible","single_product_price_visibility":"visible","cart_price_visibility":"visible","order_price_visibility":"visible","stock_status":"in_stock"}],"bundle_sell_ids":[],"_links":{"self":[{"href":"https:\/\/ddoptics.shop\/pl\/wp-json\/wp\/v2\/product\/23563","targetHints":{"allow":["GET"]}}],"collection":[{"href":"https:\/\/ddoptics.shop\/pl\/wp-json\/wp\/v2\/product"}],"about":[{"href":"https:\/\/ddoptics.shop\/pl\/wp-json\/wp\/v2\/types\/product"}],"replies":[{"embeddable":true,"href":"https:\/\/ddoptics.shop\/pl\/wp-json\/wp\/v2\/comments?post=23563"}],"version-history":[{"count":9,"href":"https:\/\/ddoptics.shop\/pl\/wp-json\/wp\/v2\/product\/23563\/revisions"}],"predecessor-version":[{"id":24047,"href":"https:\/\/ddoptics.shop\/pl\/wp-json\/wp\/v2\/product\/23563\/revisions\/24047"}],"wp:featuredmedia":[{"embeddable":true,"href":"https:\/\/ddoptics.shop\/pl\/wp-json\/wp\/v2\/media\/17678"}],"wp:attachment":[{"href":"https:\/\/ddoptics.shop\/pl\/wp-json\/wp\/v2\/media?parent=23563"}],"wp:term":[{"taxonomy":"product_brand","embeddable":true,"href":"https:\/\/ddoptics.shop\/pl\/wp-json\/wp\/v2\/product_brand?post=23563"},{"taxonomy":"product_cat","embeddable":true,"href":"https:\/\/ddoptics.shop\/pl\/wp-json\/wp\/v2\/product_cat?post=23563"},{"taxonomy":"product_tag","embeddable":true,"href":"https:\/\/ddoptics.shop\/pl\/wp-json\/wp\/v2\/product_tag?post=23563"}],"curies":[{"name":"wp","href":"https:\/\/api.w.org\/{rel}","templated":true}]}}