{"id":24145,"date":"2021-04-15T12:49:38","date_gmt":"2021-04-15T10:49:38","guid":{"rendered":"https:\/\/ddoptics.shop\/?post_type=product&#038;p=24145"},"modified":"2025-04-16T17:05:11","modified_gmt":"2025-04-16T15:05:11","slug":"oryginalny-dwojnog-spartan-javelin","status":"publish","type":"product","link":"https:\/\/ddoptics.shop\/pl\/kaufen\/spartan-javelin-original-zweibein\/","title":{"rendered":"Spartan Javelin Pro Hunt Original Bipod \/ Bipod"},"content":{"rendered":"<h2>SPARTAN JAVELIN ORYGINALNY DW\u00d3JN\u00d3G \/ DW\u00d3JN\u00d3G DO <a href=\"https:\/\/ddoptics.shop\/pl\/fbt-unic-carbon-shaft-perforowany-walek\/\" target=\"_blank\" rel=\"noopener\" data-schema-attribute=\"\">UNIC<\/a> KOLBA W\u0118GLOWA DO KARABINU D\u0141UGIEGO<\/h2>\n<p>Odkryj najwy\u017cszej klasy dw\u00f3jn\u00f3g.<\/p>\n<p>The <strong>Javelin Original <a href=\"https:\/\/de.wikipedia.org\/wiki\/Zweibein\" target=\"_blank\" rel=\"noopener sponsored\" data-schema-attribute=\"\">Bipod<\/a><\/strong> jest wykonany z wytrzyma\u0142ego stopu aluminium i w\u0142\u00f3kna w\u0119glowego, aby zmniejszy\u0107 wag\u0119 i zapewni\u0107 jeszcze wi\u0119ksz\u0105 stabilno\u015b\u0107.<\/p>\n<p>Bipod jest dost\u0119pny w dw\u00f3ch d\u0142ugo\u015bciach (standardowej i d\u0142ugiej) z wysuwanymi nogami. D\u0142ugo\u015b\u0107 <strong>Po\u0142\u0105czenie z broni\u0105<\/strong> osi\u0105ga si\u0119 dzi\u0119ki opatentowanemu magnetycznemu systemowi mocowania Spartan.<\/p>\n<blockquote><p>Oryginalny dw\u00f3jn\u00f3g Spartan Javelin mo\u017cna szybko i \u0142atwo wymieni\u0107 na inny karabin. Potrzebujesz tylko jednego dw\u00f3jnogu, niezale\u017cnie od liczby posiadanych broni.<\/p><\/blockquote>\n<p>The <a href=\"https:\/\/fineballistictools.com\/produkt\/spartan-javelin-original-zweibein\/\" target=\"_blank\" rel=\"noopener\" data-schema-attribute=\"\">Javelin Original Bipod<\/a> ist so konzipiert, dass es in einer Tasche oder einem Rucksack getragen, und bei Bedarf in Sekundenschnelle befestigt werden kann. Es ist ideal f\u00fcr J\u00e4ger, die gro\u00dfe Entfernungen zur\u00fccklegen oder sich durch Gestr\u00fcpp und in Waldgebieten bewegen.<\/p>\n<h3 class=\"product-title product_title entry-title\">R\u00f3\u017cnice Spartan Javelin Original Bipod \/ Bipod | wersja standardowa i d\u0142uga<\/h3>\n<table style=\"border-collapse: collapse; width: 100%; height: 95px;\">\n<tbody>\n<tr style=\"height: 19px;\">\n<td style=\"width: 33.3333%; height: 19px;\"><\/td>\n<td style=\"width: 33.3333%; height: 19px;\">Javelin Original Standard<\/td>\n<td style=\"width: 33.3333%; height: 19px;\">Javelin Original Long<\/td>\n<\/tr>\n<tr style=\"height: 19px;\">\n<td style=\"width: 33.3333%; height: 19px;\">Waga<\/td>\n<td style=\"width: 33.3333%; height: 19px;\">148 g<\/td>\n<td style=\"width: 33.3333%; height: 19px;\">157 g<\/td>\n<\/tr>\n<tr style=\"height: 19px;\">\n<td style=\"width: 33.3333%; height: 19px;\">Regulacja wysoko\u015bci<\/td>\n<td style=\"width: 33.3333%; height: 19px;\">17 cm - 24 cm<\/td>\n<td style=\"width: 33.3333%; height: 19px;\">20,5 cm - 30 cm<\/td>\n<\/tr>\n<tr style=\"height: 19px;\">\n<td style=\"width: 33.3333%; height: 19px;\">Boczny obszar korzenia<\/td>\n<td style=\"width: 33.3333%; height: 19px;\">30\u00b0 w lewo + 30\u00b0 w prawo<\/td>\n<td style=\"width: 33.3333%; height: 19px;\">30\u00b0 w lewo + 30\u00b0 w prawo<\/td>\n<\/tr>\n<tr style=\"height: 19px;\">\n<td style=\"width: 33.3333%; height: 19px;\">Zakres k\u0105ta nachylenia<\/td>\n<td style=\"width: 33.3333%; height: 19px;\">15\u00b0 w prawo + 15\u00b0 w lewo<\/td>\n<td style=\"width: 33.3333%; height: 19px;\">15\u00b0 w prawo + 15\u00b0 w lewo<\/td>\n<\/tr>\n<\/tbody>\n<\/table>\n<ul>\n<li>\u015aled\u017a cel za pomoc\u0105 funkcji przesuwania lub u\u017cywaj go w trybie zablokowanego celu.<\/li>\n<li>Urz\u0105dzenie przechylaj\u0105ce do nier\u00f3wnych powierzchni<\/li>\n<li>Adapter o niskim profilu umo\u017cliwia wygodne noszenie zawieszonego karabinu<\/li>\n<li>Dostarczany z uniwersalnym zestawem adaptera karabinowego do mocowania dw\u00f3jnogu<\/li>\n<li>Szybka i \u0142atwa zmiana na inne karabiny dzi\u0119ki magnetycznemu systemowi mocowania Spartan.<\/li>\n<li>Lekka i wytrzyma\u0142a z wysuwanymi nogami<\/li>\n<li>N\u00f3\u017cki z gumy i w\u0119glika wolframu do r\u00f3\u017cnych \u015brodowisk pracy<\/li>\n<li>Punkt mocowania zawiesia<\/li>\n<li>Kompatybilny ze wszystkimi adapterami do karabin\u00f3w Spartan 12 mm<\/li>\n<\/ul>","protected":false},"excerpt":{"rendered":"<ul>\n<li>Magnetyczny system mocowania<\/li>\n<li>Kompatybilny ze wszystkimi trzonkami w\u0119glowymi FBT<\/li>\n<\/ul>","protected":false},"featured_media":27184,"comment_status":"open","ping_status":"closed","template":"","meta":{"inline_featured_image":false,"footnotes":""},"product_brand":[],"product_cat":[],"product_tag":[1016,1015],"class_list":{"0":"post-24145","1":"product","2":"type-product","3":"status-publish","4":"has-post-thumbnail","6":"product_tag-bipod","7":"product_tag-spartan-javelin","8":"product_shipping_class-paket","10":"first","11":"instock","12":"taxable","13":"shipping-taxable","14":"purchasable","15":"product-type-variable"},"bundled_by":["24131","23725","24118","23977","24010","24015","23944","24219","24038","24020","24048","24071","24059","24083","24095","23913","24109","24293","24304","24315","24970","25304","26062","26068","26332","26353","26357","26363","26378","26401","26413","26436","26453","26479","26740","27104","27432","27472","27535","27885","27886","28147","28266","28426","28742","28813","28832","28841","29279","29438","29599","29603"],"bundle_stock_status":"instock","bundle_stock_quantity":null,"bundle_virtual":false,"bundle_layout":"","bundle_add_to_cart_form_location":"","bundle_editable_in_cart":false,"bundle_sold_individually_context":"","bundle_item_grouping":"","bundle_min_size":"","bundle_max_size":"","bundle_price":[],"bundled_items":[],"bundle_sell_ids":[],"_links":{"self":[{"href":"https:\/\/ddoptics.shop\/pl\/wp-json\/wp\/v2\/product\/24145","targetHints":{"allow":["GET"]}}],"collection":[{"href":"https:\/\/ddoptics.shop\/pl\/wp-json\/wp\/v2\/product"}],"about":[{"href":"https:\/\/ddoptics.shop\/pl\/wp-json\/wp\/v2\/types\/product"}],"replies":[{"embeddable":true,"href":"https:\/\/ddoptics.shop\/pl\/wp-json\/wp\/v2\/comments?post=24145"}],"version-history":[{"count":14,"href":"https:\/\/ddoptics.shop\/pl\/wp-json\/wp\/v2\/product\/24145\/revisions"}],"predecessor-version":[{"id":27185,"href":"https:\/\/ddoptics.shop\/pl\/wp-json\/wp\/v2\/product\/24145\/revisions\/27185"}],"wp:featuredmedia":[{"embeddable":true,"href":"https:\/\/ddoptics.shop\/pl\/wp-json\/wp\/v2\/media\/27184"}],"wp:attachment":[{"href":"https:\/\/ddoptics.shop\/pl\/wp-json\/wp\/v2\/media?parent=24145"}],"wp:term":[{"taxonomy":"product_brand","embeddable":true,"href":"https:\/\/ddoptics.shop\/pl\/wp-json\/wp\/v2\/product_brand?post=24145"},{"taxonomy":"product_cat","embeddable":true,"href":"https:\/\/ddoptics.shop\/pl\/wp-json\/wp\/v2\/product_cat?post=24145"},{"taxonomy":"product_tag","embeddable":true,"href":"https:\/\/ddoptics.shop\/pl\/wp-json\/wp\/v2\/product_tag?post=24145"}],"curies":[{"name":"wp","href":"https:\/\/api.w.org\/{rel}","templated":true}]}}