{"id":26806,"date":"2023-08-02T16:37:45","date_gmt":"2023-08-02T14:37:45","guid":{"rendered":"https:\/\/ddoptics.shop\/?post_type=product&#038;p=26806"},"modified":"2026-02-02T17:25:48","modified_gmt":"2026-02-02T16:25:48","slug":"ddoptics-nighteagle-5-30x50-nfx-mrad","status":"publish","type":"product","link":"https:\/\/ddoptics.shop\/pl\/kaufen\/ddoptics-nighteagle-5-30x50-nfx-mrad\/","title":{"rendered":"Taktyczna luneta celownicza DDoptics Nighteagle 5-30\u00d750 NFX | MilDot | Regulacja MRAD"},"content":{"rendered":"<div class=\"container section-title-container\" ><h3 class=\"section-title section-title-normal\"><b aria-hidden=\"true\"><\/b><span class=\"section-title-main\" ><i class=\"icon-cross\" aria-hidden=\"true\"><\/i>Kr\u00f3tki przegl\u0105d Nighteagle 5-30x50 NFX Tactical od DDoptics<\/span><b aria-hidden=\"true\"><\/b><\/h3><\/div>\n<table style=\"background-color: #cacaca; width: 100%;\">\n<tbody>\n<tr style=\"height: 24px;\">\n<td style=\"height: 24px; text-align: left; width: 20%;\">Rura<\/td>\n<td style=\"height: 24px; text-align: left; width: 30%;\">Rurka mono 30 mm<\/td>\n<td style=\"height: 24px; text-align: left; width: 20%;\">Pole widzenia: m @100 m<\/td>\n<td style=\"height: 24px; text-align: left; width: 30%;\">8 - 1,3 m<\/td>\n<\/tr>\n<tr style=\"height: 24px;\">\n<td style=\"height: 24px; text-align: left; width: 20%;\">System optyczny<\/td>\n<td style=\"height: 24px; text-align: left; width: 30%;\">5-30-krotny<\/td>\n<td style=\"height: 24px; text-align: left; width: 20%;\">Odleg\u0142o\u015b\u0107 mi\u0119dzy \u017arenicami<\/td>\n<td style=\"height: 24px; text-align: left; width: 30%;\">77 mm - 91 mm<\/td>\n<\/tr>\n<tr style=\"height: 24px;\">\n<td style=\"height: 24px; text-align: left; width: 20%;\">Obiektyw<\/td>\n<td style=\"height: 24px; text-align: left; width: 30%;\">50 mm<\/td>\n<td style=\"height: 24px; text-align: left; width: 20%;\">D\u0142ugo\u015b\u0107<\/td>\n<td style=\"height: 24px; text-align: left; width: 30%;\">330 mm<\/td>\n<\/tr>\n<tr style=\"height: 24px;\">\n<td style=\"height: 24px; text-align: left; width: 20%;\">Siatka<\/td>\n<td style=\"height: 24px; text-align: left; width: 30%;\">MilDot<\/td>\n<td style=\"height: 24px; text-align: left; width: 20%;\">Waga<\/td>\n<td style=\"height: 24px; text-align: left; width: 30%;\">\u00a0750 g<\/td>\n<\/tr>\n<tr style=\"height: 24px;\">\n<td style=\"height: 24px; text-align: left; width: 20%;\">Punkt \u015bwietlny<\/td>\n<td style=\"height: 24px; text-align: left; width: 30%;\">LP 2 lub iFibre<\/td>\n<td style=\"height: 24px; text-align: left; width: 20%;\">Ochrona przed zaparowaniem<\/td>\n<td style=\"height: 24px; text-align: left; width: 30%;\">Wype\u0142nienie azotem przed zaparowaniem<\/td>\n<\/tr>\n<tr style=\"height: 24px;\">\n<td style=\"height: 24px; text-align: left; width: 20%;\">Ostro\u015b\u0107\/paralaksa<\/td>\n<td style=\"height: 24px; text-align: left; width: 30%;\">Regulowany obiektyw od 20 m do niesko\u0144czono\u015bci<\/td>\n<td style=\"height: 24px; text-align: left; width: 20%;\">\u00a0Szczelno\u015b\u0107<\/td>\n<td style=\"height: 24px; text-align: left; width: 30%;\">Odporno\u015b\u0107 na wod\u0119 i wstrz\u0105sy<\/td>\n<\/tr>\n<\/tbody>\n<\/table>\n<div class=\"row\"  id=\"row-1622188660\">\n\n\t<div id=\"col-1722707367\" class=\"col medium-8 small-12 large-8\"  >\n\t\t\t\t<div class=\"col-inner\"  >\n\t\t\t\n\t\t\t\n<h2>Taktyczna luneta celownicza DDoptics Nighteagle 5-30\u00d750 NFX - pot\u0119\u017cna luneta celownicza z 6-krotnym zoomem do polowa\u0144 i sportu na du\u017ce odleg\u0142o\u015bci<\/h2>\n<p>The <strong>Nighteagle V6 5-30\u00d750 NFX<\/strong> to prze\u0142omowy dodatek do lunety celowniczej <strong>Seria taktyczna generacji 3<\/strong> od DDoptics.<\/p>\n<p>Wyj\u0105tkow\u0105 cech\u0105 jest rozszerzone pole widzenia wynosz\u0105ce 8 metr\u00f3w przy 6-krotnym powi\u0119kszeniu oraz znacznie ulepszona muszla oczna. Cechy te sprawiaj\u0105, \u017ce jest to niezast\u0105pione narz\u0119dzie dla strzelc\u00f3w precyzyjnych i my\u015bliwych poszukuj\u0105cych najwy\u017cszej jako\u015bci i wydajno\u015bci.<\/p>\n<p>Dzi\u0119ki <strong>wi\u0119ksze pole widzenia i ulepszony eyebox<\/strong> Strzelcy mog\u0105 zachowa\u0107 wyra\u017any obraz podczas strza\u0142u bez rozpraszania uwagi. Umo\u017cliwia to precyzyjne \u015bledzenie uderzenia pocisku w cel bez konieczno\u015bci polegania na dodatkowym obserwatorze.<\/p>\n<p>To natychmiastowe \u201csprz\u0119\u017cenie zwrotne\u201d zapewnia pewno\u015b\u0107 co do punktu uderzenia i pozwala na natychmiastowe dostosowanie w razie potrzeby. Je\u015bli strza\u0142 jest niecelny, rozszerzone pole widzenia u\u0142atwia strzelcom rozpoznanie odchylenia i jego natychmiastow\u0105 korekt\u0119.<\/p>\n<p>Po\u0142\u0105czenie wi\u0119kszego pola widzenia i <strong>Ulepszona muszla oczna sprawia, \u017ce Nighteagle V6 5-30\u00d750 NFX<\/strong> nieoceniona zaleta dla wymagaj\u0105cych strzelc\u00f3w.<\/p>\n<p>Umo\u017cliwia maksymaln\u0105 precyzj\u0119 i kontrol\u0119 przy ka\u017cdym strzale, poniewa\u017c cel zawsze pozostaje w zasi\u0119gu wzroku zar\u00f3wno przed, jak i po oddaniu strza\u0142u. Z lunet\u0105 Nighteagle 5-30\u00d750 NFX V6 u boku, strzelcy mog\u0105 zmaksymalizowa\u0107 swoje mo\u017cliwo\u015bci. <strong>Umiej\u0119tno\u015bci strzeleckie<\/strong> na nowy poziom i zoptymalizowa\u0107 ich wydajno\u015b\u0107.<\/p>\n\t\t<\/div>\n\t\t\t\t\t<\/div>\n\n\t\n\n\t<div id=\"col-2064707179\" class=\"col medium-4 small-12 large-4\"  >\n\t\t\t\t<div class=\"col-inner\"  >\n\t\t\t\n\t\t\t\n<a class=\"button primary expand\" >\n\t\t<span>Cechy szczeg\u00f3lne lunety celowniczej<\/span>\n\t<\/a>\n\n\n\t<section class=\"section\" id=\"section_1613126359\">\n\t\t<div class=\"section-bg fill\" >\n\t\t\t\t\t\t\t\t\t<div class=\"section-bg-overlay absolute fill\"><\/div>\n\t\t\t\n\n\t\t<\/div>\n\n\t\t\n\n\t\t<div class=\"section-content relative\">\n\t\t\t\n\t<div class=\"img has-hover x md-x lg-x y md-y lg-y\" id=\"image_791834113\">\n\t\t<a class=\"\" href=\"https:\/\/www.ddoptics.de\/garantiebestimmungen\" target=\"_blank\" rel=\"no follow noopener\">\t\t\t\t\t\t<div class=\"img-inner dark\" >\n\t\t\t<img decoding=\"async\" width=\"352\" height=\"160\" src=\"https:\/\/ddoptics.shop\/wp-content\/uploads\/2014\/09\/DDoptics-Garantie.jpg\" class=\"attachment-large size-large\" alt=\"Gwarancja DDoptics\" srcset=\"https:\/\/ddoptics.shop\/wp-content\/uploads\/2014\/09\/DDoptics-Garantie.jpg 352w, https:\/\/ddoptics.shop\/wp-content\/uploads\/2014\/09\/DDoptics-Garantie-304x138.jpg 304w, https:\/\/ddoptics.shop\/wp-content\/uploads\/2014\/09\/DDoptics-Garantie-305x139.jpg 305w, https:\/\/ddoptics.shop\/wp-content\/uploads\/2014\/09\/DDoptics-Garantie-250x114.jpg 250w\" sizes=\"(max-width: 352px) 100vw, 352px\" title=\"\">\t\t\t\t\t\t\n\t\t\t\t\t<\/div>\n\t\t\t\t\t\t<\/a>\t\t\n<style>\n#image_791834113 {\n  width: 100%;\n}\n<\/style>\n\t<\/div>\n\t\n\t<div id=\"gap-1380930792\" class=\"gap-element clearfix\" style=\"display:block; height:auto;\">\n\t\t\n<style>\n#gap-1380930792 {\n  padding-top: 15px;\n}\n<\/style>\n\t<\/div>\n\t\n\t<div id=\"text-3511044678\" class=\"text\">\n\t\t\n<p><span style=\"font-size: 80%;\"><em>\u21d2 Nowe szk\u0142o CT (przejrzysta transmisja)<br \/>\n<\/em><\/span><em style=\"font-size: 80%;\">\u21d2 Zerostop (dla zatrzymania zerowego)<\/em><span style=\"font-size: 80%;\"><br \/>\n<\/span><em style=\"font-size: 80%;\">\u21d2 Doubleturn (podw\u00f3jne skalowanie)<\/em><span style=\"font-size: 80%;\"><br \/>\n<\/span><em style=\"font-size: 80%;\">\u21d2 Regulacja pozioma w kierunku przeciwnym do ruchu wskaz\u00f3wek zegara. Skala ( wiatr lewo - prawo )<\/em><span style=\"font-size: 80%;\"><br \/>\n<\/span><em style=\"font-size: 80%;\">\u21d2 bardzo wysoka rozdzielczo\u015b\u0107<\/em><span style=\"font-size: 80%;\"><br \/>\n<\/span><em style=\"font-size: 80%;\">\u21d2 niepozorna wersja my\u015bliwska z ma\u0142ymi wie\u017cyczkami<br \/>\n<\/em> <em style=\"font-size: 80%;\">\u21d2 NOWO\u015a\u0106: pod\u015bwietlana kropka \u015bwiat\u0142owodowa - opcjonalna pod\u015bwietlana kropka iFibre<\/em><span style=\"font-size: 80%;\"><br \/>\n<\/span><em style=\"font-size: 80%;\">\u21d2 30 lat gwarancji DDoptics<\/em><span style=\"font-size: 80%;\"><br \/>\n<\/span><em style=\"font-size: 80%;\">\u21d2 MilDot: 2. p\u0142aszczyzna obrazu<\/em><span style=\"font-size: 80%;\"><br \/>\n<\/span><em style=\"font-size: 80%;\">\u21d2 Bezwzgl\u0119dna dok\u0142adno\u015b\u0107 zwrotu<\/em> <em style=\"font-size: 80%;\">\u21d2 Ekstremalna przepuszczalno\u015b\u0107 \u015bwiat\u0142a do 94,7%<\/em><span style=\"font-size: 80%;\"><br \/>\n<\/span><em style=\"font-size: 80%;\">\u21d2 Test kuloodporno\u015bci: <a href=\"https:\/\/de.wikipedia.org\/wiki\/.375_Holland_%26_Holland_Magnum\" target=\"_blank\" rel=\"noopener noreferrer\">375 H&amp;H<\/a> 1000 strza\u0142\u00f3w<\/em><span style=\"font-size: 80%;\"><br \/>\n<\/span><em style=\"font-size: 80%;\">\u21d2 Funkcja lunety dzi\u0119ki du\u017cemu powi\u0119kszeniu<\/em><span style=\"font-size: 80%;\"><br \/>\n<\/span><em style=\"font-size: 80%;\">\u21d2 P\u0142ynnie regulowana kompensacja paralaksy<\/em> <em style=\"font-size: 80%;\">\u21d2 Mo\u017cliwe bardzo d\u0142ugie uj\u0119cia<\/em><\/p>\n\t\t\n<style>\n#text-3511044678 {\n  line-height: 1.15;\n  color: rgb(33, 107, 227);\n}\n#text-3511044678 > * {\n  color: rgb(33, 107, 227);\n}\n<\/style>\n\t<\/div>\n\t\n\t\t<\/div>\n\n\t\t\n<style>\n#section_1613126359 {\n  padding-top: 30px;\n  padding-bottom: 30px;\n  background-color: rgb(232, 232, 232);\n}\n#section_1613126359 .section-bg-overlay {\n  background-color: rgba(255,255,255,.5);\n}\n<\/style>\n\t<\/section>\n\t\n<div class=\"is-divider divider clearfix\" ><\/div>\n\t\t<\/div>\n\t\t\t\t\t<\/div>\n\n\t\n<\/div>\n<h3>Luneta celownicza 5-30\u00d750 NFX - rozszerzony zakres regulacji siatki celowniczej<\/h3>\n<p>Szczeg\u00f3lnie godn\u0105 uwagi cech\u0105 lunety Nighteagle V6 5-30\u00d750 NFX jest rozszerzony zakres regulacji siatki celowniczej.<\/p>\n<p>Z <strong>rozszerzony zakres regulacji 27 MRAD<\/strong> Luneta celownicza Nighteagle V6 5-30\u00d750 NFX oferuje znaczn\u0105 przewag\u0119 pod wzgl\u0119dem zasi\u0119gu. Dzi\u0119ki zastosowaniu pochylenia do przodu 40 MOA, na przyk\u0142ad, imponuj\u0105ce odleg\u0142o\u015bci do <strong>2 km (przy kal. 308)<\/strong> podczas gdy celownik nadal pozostaje w pozycji \u015brodkowej.<\/p>\n<p>Korzystanie z <strong>Zdecydowanie zaleca si\u0119 wst\u0119pne pochylenie<\/strong>, Poniewa\u017c ostro\u015b\u0107 i precyzja obrazu s\u0105 najlepsze, gdy regulacja siatki celowniczej jest utrzymywana w \u015brodkowym ustawieniu tak daleko, jak to mo\u017cliwe. W ten spos\u00f3b strzelcy mog\u0105 wykorzysta\u0107 pe\u0142n\u0105 wydajno\u015b\u0107 lunety i oddawa\u0107 precyzyjne strza\u0142y na bardzo du\u017cych odleg\u0142o\u015bciach.<\/p>\n<h3>Luneta celownicza 5-30\u00d750 NFX - dwie wyj\u0105tkowe atrakcje<\/h3>\n<p>Luneta celownicza Nighteagle V6 5-30\u00d750 NFX oferuje dwie wyj\u0105tkowe zalety, kt\u00f3re s\u0105 bardzo korzystne dla strzelc\u00f3w: <strong>Pier\u015bcie\u0144 regulacji powi\u0119kszenia<\/strong> zosta\u0142 zaprojektowany, aby zapewni\u0107 wi\u0119ksz\u0105 przyczepno\u015b\u0107 i jest opcjonalnie dost\u0119pny z <strong>Wkr\u0119cana d\u017awignia szybkiej regulacji<\/strong> jest wyposa\u017cony.<\/p>\n<p>Funkcje te przynosz\u0105 szereg korzy\u015bci, kt\u00f3re znacznie poprawiaj\u0105 obs\u0142ug\u0119 i dzia\u0142anie lunety. Dzi\u0119ki ulepszonemu uchwytowi pier\u015bcienia regulacyjnego strzelec mo\u017ce szybko i precyzyjnie regulowa\u0107 powi\u0119kszenie, nawet w wymagaj\u0105cych warunkach lub w r\u0119kawiczkach.<\/p>\n<p>Mo\u017cliwo\u015b\u0107 korzystania z <strong>u\u017cycie opcjonalnej d\u017awigni szybkiej regulacji<\/strong> pozwala strzelcowi na jeszcze szybsz\u0105 i wygodniejsz\u0105 zmian\u0119 powi\u0119kszenia. Funkcje te s\u0105 szczeg\u00f3lnie nieocenione w strzelectwie sportowym, a zw\u0142aszcza w przypadku szybkich zmian powi\u0119kszenia i oferuj\u0105 decyduj\u0105c\u0105 przewag\u0119.<\/p>\n<h3>Siatka MilDot<\/h3>\n<p>The <strong>Luneta celownicza Nighteagle 5-30\u00d750 NFX<\/strong> - posiada udan\u0105, nowoczesn\u0105 siatk\u0119 MilDot.<\/p>\n<p>Luneta celownicza Nighteagle V6 5-30\u00d750 NFX oferuje taktyczny pod\u015bwietlany celownik MilDot w p\u0142aszczy\u017anie obrazu okularu (2. p\u0142aszczyzna obrazu), kt\u00f3ry jest standaryzowany do powi\u0119kszenia 10x.<\/p>\n<p>Oznacza to, \u017ce rozmiar siatki celowniczej pozostaje sta\u0142y przy zmianie powi\u0119kszenia. Nawet przy powi\u0119kszeniu 30x siatka celownicza przes\u0142ania cel tylko o 1,8 mm na dystansie 100 metr\u00f3w. Pole widzenia przy tym maksymalnym powi\u0119kszeniu nadal wynosi 1,3 m na 100 m, co umo\u017cliwia b\u0142yskawiczne celowanie.<\/p>\n<p>Optyka celownicza umo\u017cliwia precyzyjn\u0105 regulacj\u0119, poniewa\u017c<strong> Siatka na klikni\u0119cie o 0,1 MRAD<\/strong> co odpowiada przesuni\u0119ciu o 1 cm na 100 m. Przy 300 m jedno klikni\u0119cie odpowiada zmianie punktu uderzenia o oko\u0142o 3 cm.<\/p>\n<p>Ca\u0142kowity zakres regulacji lunety wynosi <strong>165 klikni\u0119\u0107 lub 27 MRAD (13,5 MRAD na stron\u0119),<\/strong> kt\u00f3ry oferuje strzelcom szeroki zakres opcji dostrajania strza\u0142\u00f3w.<\/p>\n<h3>Wytrzyma\u0142y mechanizm regulacji do intensywnego u\u017cytkowania z Zerostop i ASV<\/h3>\n<p>Luneta celownicza Nighteagle V6 5-30\u00d750 NFX jest wyposa\u017cona w praktyczn\u0105 szybk\u0105 regulacj\u0119 i Zerostop.<\/p>\n<p>Posiada podw\u00f3jn\u0105 skal\u0119 na regulacji pionowej, za pomoc\u0105 kt\u00f3rej mo\u017cna odczyta\u0107 i ustawi\u0107 liczb\u0119 klikni\u0119\u0107 regulacji. Po oddaniu strza\u0142u w lunet\u0119 <strong>Regulacja siatki celowniczej poprzez zwolnienie blokady wie\u017cyczki<\/strong> mo\u017cna ustawi\u0107 na zero za pomoc\u0105 monety lub \u015brubokr\u0119ta.<\/p>\n<p>Nast\u0119pnie <strong>Ustawienie zera kontrowane od do\u0142u za pomoc\u0105 Zerostop, aby zapewni\u0107 zatrzymanie w pozycji zerowej.<\/strong>. Z tej pozycji zerowej mo\u017cna ustawi\u0107 r\u00f3\u017cne odleg\u0142o\u015bci strza\u0142u za pomoc\u0105 systemu znakowania.<\/p>\n<p>Dzi\u0119ki tym praktycznym funkcjom strzelcy mog\u0105 szybko i \u0142atwo dostosowa\u0107 lunet\u0119 do r\u00f3\u017cnych odleg\u0142o\u015bci, zapewniaj\u0105c jednocze\u015bnie niezawodn\u0105 pozycj\u0119 zerow\u0105. Umo\u017cliwia to elastyczny i precyzyjny wyb\u00f3r celu w r\u00f3\u017cnych sytuacjach strzeleckich.<\/p>\n<h3>Najlepszy punkt \u015bwietlny do pod\u015bwietlenia \/ zmierzchu \/ technologii noktowizyjnej<\/h3>\n<p>Luneta celownicza Nighteagle V6 5-30\u00d750 NFX posiada opcjonaln\u0105 pod\u015bwietlan\u0105 kropk\u0119 \u015bwiat\u0142owodow\u0105, kt\u00f3ra jest r\u00f3wnie\u017c dost\u0119pna w wersji automatycznej IFiber za dodatkow\u0105 op\u0142at\u0105.<\/p>\n<p>\u015awiat\u0142owodowa plamka \u015bwietlna jest celowo niewielka, aby zapewni\u0107 jak najmniejsze pokrycie celu. Dzi\u0119ki <strong>zaawansowana technologia \u015bwiat\u0142owodowa, punkt \u015bwietlny jest<\/strong> Nie tylko ciemniejsze z silnym przyciemnieniem, ale tak\u017ce drobniejsze, co umo\u017cliwia precyzyjne celowanie.<\/p>\n<p>Pod\u015bwietlany punkt mo\u017ce by\u0107 przyciemniany w spos\u00f3b ci\u0105g\u0142y o 100 %, a\u017c przestanie by\u0107 widoczny dla ludzkiego oka. Poni\u017cej poziomu 4 pod\u015bwietlony punkt mo\u017cna rozpozna\u0107 tylko za pomoc\u0105 noktowizora.<\/p>\n<p>Na \u017cyczenie pod\u015bwietlana kropka mo\u017ce by\u0107 r\u00f3wnie\u017c dostosowana do u\u017cytku ze specjalnymi urz\u0105dzeniami. <a href=\"https:\/\/de.wikipedia.org\/wiki\/Nachtsichtger%C3%A4t\" target=\"_blank\" rel=\"noopener sponsored\">Typy urz\u0105dze\u0144 noktowizyjnych<\/a> jak <strong>Photonis klasy komercyjnej XD4 lub XR5<\/strong> lub Gen. 3 mo\u017cna dostosowa\u0107.<\/p>\n<p>Kiedy<strong> Je\u015bli pod\u015bwietlana kropka jest wy\u0142\u0105czona, wy\u015bwietlany jest ci\u0105g\u0142y celownik, tak jak w przypadku konwencjonalnej lunety celowniczej bez pod\u015bwietlenia,<\/strong> bez rozpraszaj\u0105cej, wolnostoj\u0105cej kropki pogarszaj\u0105cej widok. Gdy pod\u015bwietlana kropka jest aktywna, nie ma irytuj\u0105cego blasku ani odbi\u0107 w optyce, zapewniaj\u0105c wyra\u017any widok.<\/p>\n<p>Modu\u0142 pod\u015bwietlenia jest produkowany r\u0119cznie, co umo\u017cliwia indywidualne uwzgl\u0119dnienie specjalnych \u017cycze\u0144 klient\u00f3w. Dzi\u0119ki temu strzelcy mog\u0105 dostosowa\u0107 lunet\u0119 do swoich osobistych preferencji i wymaga\u0144.<\/p>\n<h3>Luneta celownicza Detail NFX z du\u017cym polem widzenia<\/h3>\n<p>Nighteagle V6 5-30\u00d750 NFX oferuje niezwyk\u0142\u0105 cech\u0119: wyj\u0105tkowo du\u017ce pole widzenia wynosz\u0105ce 8 metr\u00f3w przy 5-krotnym powi\u0119kszeniu, co w po\u0142\u0105czeniu ze znacznie ulepszon\u0105 muszl\u0105 oczn\u0105 przynosi wiele korzy\u015bci. Jest to niezwykle przydatne zar\u00f3wno dla strzelc\u00f3w precyzyjnych, jak i my\u015bliwych.<\/p>\n<p>Ulepszony celownik pozwala strzelcom lepiej obserwowa\u0107 cel podczas strza\u0142u, nawet je\u015bli si\u0119 porusza. Pozwala im to na samodzielne rozpoznanie wp\u0142ywu pocisku na cel bez konieczno\u015bci polegania na dodatkowym obserwatorze.<\/p>\n<p>Zapewnia to precyzyjne i natychmiastowe \u201csprz\u0119\u017cenie zwrotne\u201d, kt\u00f3re daje strzelcowi pewno\u015b\u0107 co do punktu uderzenia i pozwala mu \u015bledzi\u0107 lub korygowa\u0107 strza\u0142 w czasie rzeczywistym.<\/p>\n<p>W przypadku chybienia, rozszerzone pole widzenia jest wielk\u0105 zalet\u0105, poniewa\u017c strzelec mo\u017ce \u0142atwiej rozpozna\u0107 odchylenie od celu i dokona\u0107 natychmiastowych poprawek.<\/p>\n<p>Dzi\u0119ki wi\u0119kszemu polu widzenia mo\u017cliwe jest samodzielne rozpoznanie odchylenia i natychmiastowe skorygowanie go bez pomocy obserwatora. Oszcz\u0119dza to cenny czas i pozwala strzelcowi szybko skupi\u0107 si\u0119 i ponownie wycelowa\u0107 w cel.<\/p>\n<p>Po\u0142\u0105czenie du\u017cego pola widzenia i ulepszonej muszli ocznej w Nighteagle V6 5-30\u00d750 NFX zapewnia strzelcom maksymaln\u0105 precyzj\u0119 i kontrol\u0119 przy ka\u017cdym strzale. Dzi\u0119ki tej lunecie strzelcy mog\u0105 przenie\u015b\u0107 swoje wyniki strzeleckie na nowy poziom.<\/p>","protected":false},"excerpt":{"rendered":"<p><img decoding=\"async\" class=\"alignnone wp-image-10452 size-full\" title=\"Strzelanie do celu\" src=\"https:\/\/ddoptics.shop\/wp-content\/uploads\/2016\/07\/Target-Schiessen.jpg\" alt=\"Strzelanie do celu\" width=\"50\" height=\"50\" \/><img decoding=\"async\" class=\"alignnone wp-image-10178 size-full\" title=\"Polowanie w g\u00f3rach\" src=\"https:\/\/ddoptics.shop\/wp-content\/uploads\/2016\/04\/Gebirgsjagd-klein.jpg\" alt=\"G\u00f3rska lornetka my\u015bliwska\" width=\"50\" height=\"50\" \/><br \/>\nNowy <strong>Optyka celownicza dalekiego zasi\u0119gu z <strong>nowszy <\/strong><span style=\"color: #ff0000;\"><strong><span class=\"userContent\">Szk\u0142o typu CT (Clear-Transmission) firmy DDoptics.<\/span><\/strong><\/span><\/strong> Opcjonalnie <strong><a title=\"NOWA pod\u015bwietlana kropka DDoptics IFiber\" href=\"\/pl\/termin-techniczny-wiki\/inteligentny-punkt-swietlny-ddoptics-ifiber\/\" target=\"_blank\" rel=\"noopener noreferrer\">Punkt \u015bwietlny IFibre<\/a><\/strong> dla <strong>tylko 99,- \u20ac dop\u0142aty.<\/strong><\/p>\n<a href=\"https:\/\/amzn.to\/3PlT7Gn\" target=\"_blank\" class=\"button success is-success is-small\" rel=\"\u201dnofollow\u201d noopener\" >\n\t\t<span>klient amazon? - korzysta\u0107 z korzy\u015bci prime?<\/span>\n\t<\/a>","protected":false},"featured_media":26819,"comment_status":"open","ping_status":"closed","template":"","meta":{"inline_featured_image":false,"footnotes":""},"product_brand":[],"product_cat":[480,453,638,697,917,640,919,637],"product_tag":[587,78,696,955,1098,956,79],"class_list":{"0":"post-26806","1":"product","2":"type-product","3":"status-publish","4":"has-post-thumbnail","6":"product_cat-5-30x50","7":"product_cat-50-mm-objektivdurchmesser","8":"product_cat-ansitzjagd","9":"product_cat-mrad-klickverstellung","10":"product_cat-nfx-zielfernrohre-weitwinkel-zf","11":"product_cat-pirschjagd-und-gebirgsjagd","12":"product_cat-v6-6-fach-zoom","13":"product_cat-zf-anwendung","14":"product_tag-5-30x50","15":"product_tag-ddoptics","16":"product_tag-mrad","17":"product_tag-nfx","18":"product_tag-nighteagle","19":"product_tag-v6","20":"product_tag-zielfernrohr","21":"product_shipping_class-paket","22":"pa_brand-marke-ddoptics","23":"pa_produkt-typ-zielfernrohr","25":"first","26":"instock","27":"sale","28":"taxable","29":"shipping-taxable","30":"purchasable","31":"product-type-bundle"},"bundled_by":[],"bundle_stock_status":"instock","bundle_stock_quantity":16,"bundle_virtual":false,"bundle_layout":"default","bundle_add_to_cart_form_location":"default","bundle_editable_in_cart":false,"bundle_sold_individually_context":"product","bundle_item_grouping":"parent","bundle_min_size":"","bundle_max_size":"","bundle_price":{"price":{"min":{"incl_tax":"1299.01","excl_tax":"1082.51"},"max":{"incl_tax":"1403.32","excl_tax":"1169.43"}},"regular_price":{"min":{"incl_tax":"1689.01","excl_tax":"1407.51"},"max":{"incl_tax":"1804.9","excl_tax":"1504.08"}}},"bundled_items":[{"bundled_item_id":385,"product_id":12809,"menu_order":0,"quantity_min":1,"quantity_max":1,"quantity_default":1,"priced_individually":true,"shipped_individually":false,"override_title":true,"title":"","override_description":false,"description":"","optional":false,"hide_thumbnail":false,"discount":"","override_variations":true,"allowed_variations":[12810,12811],"override_default_variation_attributes":false,"default_variation_attributes":[],"single_product_visibility":"visible","cart_visibility":"visible","order_visibility":"visible","single_product_price_visibility":"visible","cart_price_visibility":"visible","order_price_visibility":"visible","stock_status":"in_stock"},{"bundled_item_id":386,"product_id":12812,"menu_order":1,"quantity_min":1,"quantity_max":1,"quantity_default":1,"priced_individually":true,"shipped_individually":false,"override_title":true,"title":"Zestaw nasadek ochronnych prawie na prezent","override_description":true,"description":"","optional":true,"hide_thumbnail":false,"discount":"68.55","override_variations":true,"allowed_variations":[26829],"override_default_variation_attributes":true,"default_variation_attributes":[{"id":17,"name":"Rozmiar lunety","option":"5-30x50-nfx"}],"single_product_visibility":"visible","cart_visibility":"visible","order_visibility":"visible","single_product_price_visibility":"visible","cart_price_visibility":"visible","order_price_visibility":"visible","stock_status":"in_stock"}],"bundle_sell_ids":[],"_links":{"self":[{"href":"https:\/\/ddoptics.shop\/pl\/wp-json\/wp\/v2\/product\/26806","targetHints":{"allow":["GET"]}}],"collection":[{"href":"https:\/\/ddoptics.shop\/pl\/wp-json\/wp\/v2\/product"}],"about":[{"href":"https:\/\/ddoptics.shop\/pl\/wp-json\/wp\/v2\/types\/product"}],"replies":[{"embeddable":true,"href":"https:\/\/ddoptics.shop\/pl\/wp-json\/wp\/v2\/comments?post=26806"}],"version-history":[{"count":18,"href":"https:\/\/ddoptics.shop\/pl\/wp-json\/wp\/v2\/product\/26806\/revisions"}],"predecessor-version":[{"id":29141,"href":"https:\/\/ddoptics.shop\/pl\/wp-json\/wp\/v2\/product\/26806\/revisions\/29141"}],"wp:featuredmedia":[{"embeddable":true,"href":"https:\/\/ddoptics.shop\/pl\/wp-json\/wp\/v2\/media\/26819"}],"wp:attachment":[{"href":"https:\/\/ddoptics.shop\/pl\/wp-json\/wp\/v2\/media?parent=26806"}],"wp:term":[{"taxonomy":"product_brand","embeddable":true,"href":"https:\/\/ddoptics.shop\/pl\/wp-json\/wp\/v2\/product_brand?post=26806"},{"taxonomy":"product_cat","embeddable":true,"href":"https:\/\/ddoptics.shop\/pl\/wp-json\/wp\/v2\/product_cat?post=26806"},{"taxonomy":"product_tag","embeddable":true,"href":"https:\/\/ddoptics.shop\/pl\/wp-json\/wp\/v2\/product_tag?post=26806"}],"curies":[{"name":"wp","href":"https:\/\/api.w.org\/{rel}","templated":true}]}}