{"id":27680,"date":"2024-11-25T17:54:55","date_gmt":"2024-11-25T16:54:55","guid":{"rendered":"https:\/\/ddoptics.shop\/?post_type=product&#038;p=27680"},"modified":"2026-02-02T17:28:43","modified_gmt":"2026-02-02T16:28:43","slug":"luneta-5-30x56-ddmp-v6-taca-moa-gen3","status":"publish","type":"product","link":"https:\/\/ddoptics.shop\/pl\/kaufen\/zielfernrohr-5-30x56-ddmp-v6-taca-moa-gen3\/","title":{"rendered":"Luneta celownicza DDMP V6 | 5-30\u00d756 Long Range | tac-A | regulacja MOA - Gen 3"},"content":{"rendered":"<div class=\"container section-title-container\" ><h3 class=\"section-title section-title-normal\"><b aria-hidden=\"true\"><\/b><span class=\"section-title-main\" ><i class=\"icon-cross\" aria-hidden=\"true\"><\/i>Luneta celownicza 5-30x56 DDMP Long Range | V6 | tac-A | regulacja MOA - Gen 3<\/span><b aria-hidden=\"true\"><\/b><\/h3><\/div>\n<table style=\"width: 100%; background-color: #cacaca; height: 144px;\">\n<tbody>\n<tr style=\"height: 24px;\">\n<td style=\"height: 24px; width: 20%;\">Rura<\/td>\n<td style=\"height: 24px; width: 30%;\">Rurka mono 34 mm<\/td>\n<td style=\"height: 24px; width: 20%;\">Pole widzenia: m @100 m<\/td>\n<td style=\"height: 24px; width: 30%;\">7,04-1,05 m<\/td>\n<\/tr>\n<tr style=\"height: 24px;\">\n<td style=\"height: 24px; width: 20%;\">System optyczny<\/td>\n<td style=\"height: 24px; width: 30%;\">5-30-krotny<\/td>\n<td style=\"height: 24px; width: 20%;\">Odleg\u0142o\u015b\u0107 mi\u0119dzy \u017arenicami<\/td>\n<td style=\"height: 24px; width: 30%;\">85-97 mm<\/td>\n<\/tr>\n<tr style=\"height: 24px;\">\n<td style=\"height: 24px; width: 20%;\">Obiektyw<\/td>\n<td style=\"height: 24px; width: 30%;\">56 mm<\/td>\n<td style=\"height: 24px; width: 20%;\">D\u0142ugo\u015b\u0107<\/td>\n<td style=\"height: 24px; width: 30%;\">368 mm<\/td>\n<\/tr>\n<tr style=\"height: 24px;\">\n<td style=\"height: 24px; width: 20%;\">Siatka<\/td>\n<td style=\"height: 24px; width: 30%;\">TacA<\/td>\n<td style=\"height: 24px; width: 20%;\">Waga<\/td>\n<td style=\"height: 24px; width: 30%;\">1068 g<\/td>\n<\/tr>\n<tr style=\"height: 24px;\">\n<td style=\"height: 24px; width: 20%;\">Punkt \u015bwietlny<\/td>\n<td style=\"height: 24px; width: 30%;\">Standardowy lub iFibre<\/td>\n<td style=\"height: 24px; width: 20%;\">Ochrona przeciwmgielna<\/td>\n<td style=\"height: 24px; width: 30%;\">Wype\u0142nienie azotem przed zaparowaniem<\/td>\n<\/tr>\n<tr style=\"height: 24px;\">\n<td style=\"height: 24px; width: 20%;\">Ostro\u015b\u0107\/paralaksa<\/td>\n<td style=\"height: 24px; width: 30%;\">Regulowany obiektyw 25-1000 m do niesko\u0144czono\u015bci<\/td>\n<td style=\"height: 24px; width: 20%;\">\u00a0Szczelno\u015b\u0107<\/td>\n<td style=\"height: 24px; width: 30%;\">Odporno\u015b\u0107 na wod\u0119 i wstrz\u0105sy<\/td>\n<\/tr>\n<\/tbody>\n<\/table>\n<div class=\"row\"  id=\"row-864849029\">\n\n\t<div id=\"col-1497605629\" class=\"col medium-8 small-12 large-8\"  >\n\t\t\t\t<div class=\"col-inner\"  >\n\t\t\t\n\t\t\t\n<h2>Luneta celownicza DDMP V6 5-30\u00d756 | <a href=\"https:\/\/ddoptics.shop\/pl\/termin-techniczny\/obliczanie-minuty-katowej-lub-moa-dla-lunet-celowniczych\/\">1\/8 MOA<\/a> od DDoptics - absolutna precyzja na \u015brednim dystansie od 100 do 1000 m<\/h2>\n<p>The <strong>Luneta celownicza DDoptics DDMP V6 5-30\u00d756 Long Range | MOA | tac-A<\/strong> to najbardziej precyzyjne narz\u0119dzie dla ambitnych strzelc\u00f3w i entuzjast\u00f3w dalekich dystans\u00f3w. Dzi\u0119ki najnowocze\u015bniejszej technologii, bezkompromisowej precyzji i najwy\u017cszej jako\u015bci wykonania, luneta ta wyznacza nowe standardy w \u015bwiecie optyki strzeleckiej.<\/p>\n<h3>Wyj\u0105tkowa precyzja i wszechstronno\u015b\u0107<\/h3>\n<p>Dzi\u0119ki szerokiemu spektrum powi\u0119kszenia wynosz\u0105cemu <strong>5- do 30-krotny<\/strong> DDMP V6 obs\u0142uguje zar\u00f3wno \u015brednie, jak i ekstremalne odleg\u0142o\u015bci z maksymaln\u0105 precyzj\u0105.<\/p>\n<blockquote><p>Hojny <strong>Obiektyw 56 mm<\/strong> zapewnia doskona\u0142\u0105 transmisj\u0119 \u015bwiat\u0142a i ostry jak brzytwa obraz - nawet przy s\u0142abym o\u015bwietleniu lub w trudnych warunkach pogodowych.<\/p><\/blockquote>\n<p>Dzi\u0119ki wyj\u0105tkowemu zakresowi regulacji <strong>100 MOA<\/strong> i najnowocze\u015bniejszy system regulacji, odleg\u0142o\u015bci do <strong>2 000 metr\u00f3w i wi\u0119cej<\/strong> mo\u017cna pokry\u0107 bez wysi\u0142ku.<\/p>\n<p>Precyzyjna regulacja za pomoc\u0105 tylko <strong>3 obroty<\/strong> umo\u017cliwia b\u0142yskawiczne prze\u0142\u0105czanie mi\u0119dzy r\u00f3\u017cnymi odleg\u0142o\u015bciami fotografowania - idealne rozwi\u0105zanie do dynamicznych sytuacji zdj\u0119ciowych.<\/p>\n<h3>Luneta celownicza 5-30\u00d756 DDMP - optyka w swojej klasie<\/h3>\n<p>DDMP V6 oferuje <strong>Obiektywy o wysokiej rozdzielczo\u015bci<\/strong> z wielowarstwow\u0105 pow\u0142ok\u0105 soczewek zapewniaj\u0105c\u0105 najwy\u017cszej klasy wra\u017cenia optyczne. Odbicia i rozproszone \u015bwiat\u0142o s\u0105 zminimalizowane, a kontrasty s\u0105 doskonale podkre\u015blone. Rezultat: krystalicznie czysty, szczeg\u00f3\u0142owy widok, kt\u00f3ry robi wra\u017cenie nawet w wymagaj\u0105cych warunkach.<\/p>\n\t\t<\/div>\n\t\t\t\t\t<\/div>\n\n\t\n\n\t<div id=\"col-1731704032\" class=\"col medium-4 small-12 large-4\"  >\n\t\t\t\t<div class=\"col-inner\"  >\n\t\t\t\n\t\t\t\n<a class=\"button primary expand\" >\n\t\t<span>Cechy szczeg\u00f3lne lunety celowniczej<\/span>\n\t<\/a>\n\n\n\t<section class=\"section\" id=\"section_642780161\">\n\t\t<div class=\"section-bg fill\" >\n\t\t\t\t\t\t\t\t\t<div class=\"section-bg-overlay absolute fill\"><\/div>\n\t\t\t\n\n\t\t<\/div>\n\n\t\t\n\n\t\t<div class=\"section-content relative\">\n\t\t\t\n\t<div class=\"img has-hover x md-x lg-x y md-y lg-y\" id=\"image_1389334434\">\n\t\t<a class=\"\" href=\"https:\/\/www.ddoptics.de\/garantiebestimmungen\" target=\"_blank\" rel=\"no follow noopener\">\t\t\t\t\t\t<div class=\"img-inner dark\" >\n\t\t\t<img decoding=\"async\" width=\"352\" height=\"160\" src=\"https:\/\/ddoptics.shop\/wp-content\/uploads\/2014\/09\/DDoptics-Garantie.jpg\" class=\"attachment-large size-large\" alt=\"Gwarancja DDoptics\" srcset=\"https:\/\/ddoptics.shop\/wp-content\/uploads\/2014\/09\/DDoptics-Garantie.jpg 352w, https:\/\/ddoptics.shop\/wp-content\/uploads\/2014\/09\/DDoptics-Garantie-304x138.jpg 304w, https:\/\/ddoptics.shop\/wp-content\/uploads\/2014\/09\/DDoptics-Garantie-305x139.jpg 305w, https:\/\/ddoptics.shop\/wp-content\/uploads\/2014\/09\/DDoptics-Garantie-250x114.jpg 250w\" sizes=\"(max-width: 352px) 100vw, 352px\" title=\"\">\t\t\t\t\t\t\n\t\t\t\t\t<\/div>\n\t\t\t\t\t\t<\/a>\t\t\n<style>\n#image_1389334434 {\n  width: 100%;\n}\n<\/style>\n\t<\/div>\n\t\n\t<div id=\"gap-2102611897\" class=\"gap-element clearfix\" style=\"display:block; height:auto;\">\n\t\t\n<style>\n#gap-2102611897 {\n  padding-top: 15px;\n}\n<\/style>\n\t<\/div>\n\t\n\t<div id=\"text-1735456655\" class=\"text\">\n\t\t\n<p><em><span style=\"font-size: 80%;\">\u21d2 DDMP - DDoptics Match Precision (Precyzja dopasowania optyki)<br \/>\n<\/span><\/em><em><span style=\"font-size: 80%;\">\u21d2 wytrzyma\u0142a rura o \u015brednicy 34 mm<br \/>\n<\/span><\/em><em><span style=\"font-size: 80%;\">\u21d2 bardzo du\u017cy zakres regulacji 1\/8 MOA<br \/>\n<\/span><\/em><em><span style=\"font-size: 80%;\">\u21d2 du\u017ce, metalowe wie\u017cyczki taktyczne (nie plastikowe)<br \/>\n<\/span><\/em><em><span style=\"font-size: 80%;\">\u21d2 podw\u00f3jne skalowanie (podw\u00f3jny obr\u00f3t)<br \/>\n<\/span><\/em><em><span style=\"font-size: 80%;\">\u21d2 wewn\u0119trzny\u00a0<span class=\"modal_lexicon\">Zerostop<\/span>\u00a0dla ASV (zero stop)<br \/>\n<\/span><\/em><em><span style=\"font-size: 80%;\">\u21d2 nowy\u00a0<span class=\"modal_lexicon\">Siatka<\/span>\u00a0tacA w 1. p\u0142aszczy\u017anie obrazu<br \/>\n<\/span><\/em><em><span style=\"font-size: 80%;\">\u21d2 Pot\u0119\u017cna kompensacja paralaksy z 25-1000-\u221e<br \/>\n<\/span><\/em><em><span style=\"font-size: 80%;\">\u21d2 Wszystkie lunety DDoptics s\u0105 wodoodporne i wype\u0142nione azotem.<\/span><\/em><\/p>\n\t\t\n<style>\n#text-1735456655 {\n  line-height: 1.15;\n  color: rgb(33, 107, 227);\n}\n#text-1735456655 > * {\n  color: rgb(33, 107, 227);\n}\n<\/style>\n\t<\/div>\n\t\n\t\t<\/div>\n\n\t\t\n<style>\n#section_642780161 {\n  padding-top: 30px;\n  padding-bottom: 30px;\n  background-color: rgb(232, 232, 232);\n}\n#section_642780161 .section-bg-overlay {\n  background-color: rgba(255,255,255,.5);\n}\n<\/style>\n\t<\/section>\n\t\n\t\t<\/div>\n\t\t\t\t\t<\/div>\n\n\t\n<\/div>\n<h3>Solidno\u015b\u0107, kt\u00f3ra nie zna kompromis\u00f3w<\/h3>\n<p>Ta luneta celownicza jest stworzona do pracy w najtrudniejszych warunkach. Wykonana z wysokiej jako\u015bci anodyzowanego <strong>Aluminium lotnicze<\/strong>, Jest nie tylko lekki i stabilny, ale tak\u017ce wyj\u0105tkowo odporny na wstrz\u0105sy, odrzut i wp\u0142yw warunk\u00f3w atmosferycznych.<\/p>\n<p>The <strong>Nape\u0142nianie azotem<\/strong> i ca\u0142kowicie wodoodporna konstrukcja zapewniaj\u0105, \u017ce DDMP V6 nie zaparuje w przypadku waha\u0144 temperatury i wilgoci. Cechy te gwarantuj\u0105 trwa\u0142o\u015b\u0107 i niezawodno\u015b\u0107 nawet w najbardziej niesprzyjaj\u0105cych warunkach.<\/p>\n<h3>Innowacyjne funkcje dla strzelc\u00f3w na najwy\u017cszym poziomie<\/h3>\n<ul>\n<li><strong>Siatka Tac-A z pod\u015bwietleniem:<\/strong> Pod\u015bwietlany celownik z p\u0142ynn\u0105 regulacj\u0105 jasno\u015bci doskonale dostosowuje si\u0119 do warunk\u00f3w otoczenia, zar\u00f3wno w p\u00f3\u0142mroku, jak i w jasnym \u015bwietle dziennym.<\/li>\n<li><strong>Ergonomiczna konstrukcja:<\/strong> Du\u017cy odst\u0119p od oka zapewnia bezpieczne i komfortowe strzelanie, nawet z pot\u0119\u017cnych kalibr\u00f3w.<\/li>\n<li><strong>Pierwsza p\u0142aszczyzna obrazu dla maksymalnej dok\u0142adno\u015bci:<\/strong> Dzi\u0119ki umieszczeniu siatki celowniczej Tac-A w pierwszej p\u0142aszczy\u017anie obrazu, skalowanie zawsze pozostaje precyzyjne niezale\u017cnie od powi\u0119kszenia - 1 MOA zawsze odpowiada dok\u0142adnie 1 MOA. <strong>2,88 mm na 100 m<\/strong>, podczas gdy po\u015brednie poci\u0105gni\u0119cia s\u0105 najdok\u0142adniejszymi regulacjami <strong>0,36 cm (\u215b MOA)<\/strong> w\u0142\u0105czy\u0107.<\/li>\n<\/ul>\n<h3>Siatka Tac-A - precyzja bez ogranicze\u0144<\/h3>\n<p>Przemy\u015blana konstrukcja celownika Tac-A zapewnia maksymaln\u0105 przejrzysto\u015b\u0107 i precyzj\u0119. Przezroczyste paski zapewniaj\u0105, \u017ce wa\u017cne szczeg\u00f3\u0142y obszaru docelowego pozostaj\u0105 widoczne, a struktura w kszta\u0142cie strza\u0142ki umo\u017cliwia szybkie i intuicyjne namierzanie celu.<\/p>\n<h3>Idealne narz\u0119dzie dla specjalist\u00f3w dalekiego zasi\u0119gu<\/h3>\n<p>The <strong>DDoptics DDMP V6 5-30\u00d756<\/strong> to co\u015b wi\u0119cej ni\u017c tylko luneta celownicza - to deklaracja wydajno\u015bci, precyzji i innowacyjno\u015bci. Niezale\u017cnie od tego, czy chodzi o strzelnic\u0119, zawody, czy profesjonalne u\u017cytkowanie: ta wysokiej klasy luneta celownicza daje pewno\u015b\u0107, \u017ce zawsze b\u0119dzie dzia\u0142a\u0107 na najwy\u017cszym poziomie.<\/p>\n<p><strong>Zainwestuj w bezkompromisow\u0105 jako\u015b\u0107 i zamie\u0144 ka\u017cde uj\u0119cie w mistrzowskie uj\u0119cie.<\/strong><\/p>\n<div class=\"html--title\">\n<h2>Rysunek wymiar\u00f3w lunety celowniczej 5-30\u00d756 DDMP<\/h2>\n<\/div>\n<div class=\"html--content\">\n<p>Uwaga: D\u0142ugo\u015b\u0107 lunety mo\u017ce ulec zmianie podczas regulacji dioptrii na okularze.<\/p>\n<\/div>\n\t<div class=\"img has-hover x md-x lg-x y md-y lg-y\" id=\"image_1691467376\">\n\t\t\t\t\t\t\t\t<div class=\"img-inner dark\" >\n\t\t\t<img decoding=\"async\" width=\"1020\" height=\"669\" src=\"https:\/\/ddoptics.shop\/wp-content\/uploads\/2019\/02\/DDoptics-V6-Zielfernrohr-5-30x56-Zeichnung.jpg\" class=\"attachment-large size-large\" alt=\"Luneta celownicza DDoptics V6 5-30x56 rysunek DDMP\" srcset=\"https:\/\/ddoptics.shop\/wp-content\/uploads\/2019\/02\/DDoptics-V6-Zielfernrohr-5-30x56-Zeichnung.jpg 1200w, https:\/\/ddoptics.shop\/wp-content\/uploads\/2019\/02\/DDoptics-V6-Zielfernrohr-5-30x56-Zeichnung-304x199.jpg 304w, https:\/\/ddoptics.shop\/wp-content\/uploads\/2019\/02\/DDoptics-V6-Zielfernrohr-5-30x56-Zeichnung-305x200.jpg 305w, https:\/\/ddoptics.shop\/wp-content\/uploads\/2019\/02\/DDoptics-V6-Zielfernrohr-5-30x56-Zeichnung-632x414.jpg 632w, https:\/\/ddoptics.shop\/wp-content\/uploads\/2019\/02\/DDoptics-V6-Zielfernrohr-5-30x56-Zeichnung-800x525.jpg 800w, https:\/\/ddoptics.shop\/wp-content\/uploads\/2019\/02\/DDoptics-V6-Zielfernrohr-5-30x56-Zeichnung-510x334.jpg 510w, https:\/\/ddoptics.shop\/wp-content\/uploads\/2019\/02\/DDoptics-V6-Zielfernrohr-5-30x56-Zeichnung-250x164.jpg 250w\" sizes=\"(max-width: 1020px) 100vw, 1020px\" title=\"\">\t\t\t\t\t\t\n\t\t\t\t\t<\/div>\n\t\t\t\t\t\t\t\t\n<style>\n#image_1691467376 {\n  width: 100%;\n}\n<\/style>\n\t<\/div>\n\t\n<h3>Luneta celownicza DDoptics V6 5-30\u00d756 DDMP: Bezstopniowa pod\u015bwietlana kropka od trybu dziennego do noktowizyjnego<\/h3>\n<p>The <strong>Jednostka \u015bwietlna TacA<\/strong> to doskonale zbalansowany system o maksymalnej dynamice. W <strong>pierwsze poziomy jasno\u015bci tylko bardzo ma\u0142y punkt \u015bwietlny<\/strong> rozpozna\u0107.<\/p>\n<p>Mo\u017cna je nawet przyciemni\u0107 do takiego stopnia, \u017ce <strong>mo\u017ce by\u0107 r\u00f3wnie\u017c u\u017cywany z noktowizorem.<\/strong> Je\u015bli pod\u015bwietlona kropka zostanie jeszcze bardziej zwi\u0119kszona, w\u00f3wczas<strong> o\u015bwietla ca\u0142e pomieszczenie z okre\u015blon\u0105 intensywno\u015bci\u0105 \u015bwiat\u0142a. <a href=\"https:\/\/de.wikipedia.org\/wiki\/Ballistik\" target=\"_blank\" rel=\"noopener sponsored\" data-schema-attribute=\"\">balistyczny<\/a> Siatka<\/strong> z.<\/p>\n<p>W zale\u017cno\u015bci od aplikacji <strong>Mo\u017cna wybra\u0107 pomi\u0119dzy czyst\u0105 kropk\u0105 a w pe\u0142ni pod\u015bwietlanym celownikiem.<\/strong>. Dla tego celownika optycznego mo\u017cna r\u00f3wnie\u017c wybra\u0107 automatyczne wy\u0142\u0105czanie z inteligentnym sterowaniem.<\/p>\n<h3>Precyzyjne opcje ustawie\u0144<\/h3>\n<p>Luneta jest wyposa\u017cona w siatk\u0119 MOA, kt\u00f3ra zosta\u0142a specjalnie zoptymalizowana do zastosowa\u0144 taktycznych i sportowych. Regulacja wysoko\u015bci i odchylenia od pionu odbywa si\u0119 w precyzyjnych krokach co 1\/8 MOA, co pozwala na niezwykle precyzyjn\u0105 regulacj\u0119.<\/p>\n<blockquote><p>Dotykowe i d\u017awi\u0119kowe sprz\u0119\u017cenie zwrotne wie\u017cyczek zapewnia intuicyjn\u0105 obs\u0142ug\u0119, nawet w trudnych warunkach. Dzi\u0119ki maksymalnej regulacji wysoko\u015bci wynosz\u0105cej 100 MOA, DDMP V6 oferuje wystarczaj\u0105c\u0105 swobod\u0119 na ekstremalnych dystansach.<\/p><\/blockquote>\n<h3>Luneta celownicza DDoptics V6 5-30\u00d756 DDMP - dok\u0142adny, wewn\u0119trzny zerostop<\/h3>\n<div class=\"row\"  id=\"row-1708375406\">\n\n\t<div id=\"col-1972984972\" class=\"col medium-8 small-12 large-8\"  >\n\t\t\t\t<div class=\"col-inner\"  >\n\t\t\t\n\t\t\t\n<p><strong>Ca\u0142kowity zakres regulacji lunety celowniczej DDoptics<a href=\"https:\/\/ddoptics.shop\/pl\/sklep\/celownik-teleskopowy\/v6-6x-zoom\/\" target=\"_blank\" rel=\"noopener\" data-schema-attribute=\"\"> Luneta celownicza V6<\/a> 5-30\u00d756 DDMP:<\/strong><\/p>\n<p>The\u00a0<strong>Luneta 5-30\u00d756<\/strong> ma<strong> Taktyczna regulacja o 0,1 mrad<\/strong>. Dla u\u017cytkownika oznacza to <strong>Europa prosta aplikacja wed\u0142ug systemu dziesi\u0119tnego<\/strong>.<\/p>\n<p>Ca\u0142kowity zakres regulacji na 100 m: 100 MOA<\/p>\n<ul>\n<li>Skok regulacji \/ klikni\u0119cie na 100 m: 0,36 cm<\/li>\n<li>Skok regulacji \/ klikni\u0119cie przy 200 m: 0,72 cm<\/li>\n<li>Skok regulacji \/ klikni\u0119cie przy 300 m: 1,08 cm<\/li>\n<li>Skok regulacji \/ klikni\u0119cie przy 900 m: 3,24 cm<\/li>\n<\/ul>\n\t\t<\/div>\n\t\t\t\t\t<\/div>\n\n\t\n\n\t<div id=\"col-1494841663\" class=\"col medium-4 small-12 large-4\"  >\n\t\t\t\t<div class=\"col-inner\"  >\n\t\t\t\n\t\t\t\n\t<div class=\"img has-hover x md-x lg-x y md-y lg-y\" id=\"image_1486894389\">\n\t\t\t\t\t\t\t\t<div class=\"img-inner dark\" >\n\t\t\t<img decoding=\"async\" width=\"600\" height=\"400\" src=\"https:\/\/ddoptics.shop\/wp-content\/uploads\/2019\/02\/Interner-Zerostop-5-30x56.jpg\" class=\"attachment-large size-large\" alt=\"\" srcset=\"https:\/\/ddoptics.shop\/wp-content\/uploads\/2019\/02\/Interner-Zerostop-5-30x56.jpg 600w, https:\/\/ddoptics.shop\/wp-content\/uploads\/2019\/02\/Interner-Zerostop-5-30x56-304x203.jpg 304w, https:\/\/ddoptics.shop\/wp-content\/uploads\/2019\/02\/Interner-Zerostop-5-30x56-305x203.jpg 305w, https:\/\/ddoptics.shop\/wp-content\/uploads\/2019\/02\/Interner-Zerostop-5-30x56-510x340.jpg 510w, https:\/\/ddoptics.shop\/wp-content\/uploads\/2019\/02\/Interner-Zerostop-5-30x56-250x167.jpg 250w\" sizes=\"(max-width: 600px) 100vw, 600px\" title=\"\">\t\t\t\t\t\t\n\t\t\t\t\t<\/div>\n\t\t\t\t\t\t\t\t\n<style>\n#image_1486894389 {\n  width: 100%;\n}\n<\/style>\n\t<\/div>\n\t\n\t\t<\/div>\n\t\t\t\t\t<\/div>\n\n\t\n<\/div>\n<p>Po usuni\u0119ciu<strong> Za\u015blepki wie\u017cyczki z regulacji siatki celowniczej 5-30\u00d756\u00a0<\/strong>wie\u017ca mo\u017ce by\u0107 <strong>odkr\u0119caj\u0105c 3 \u015bruby dociskowe<\/strong> wyj\u0105\u0107 do g\u00f3ry. Pod spodem znajduje si\u0119 Zerostop w postaci okr\u0105g\u0142ego, czarnego dysku.<\/p>\n<p>Zerostop jest regulowany po wystrzale poprzez poluzowanie (r\u00f3wnie\u017c) 3 wkr\u0119t\u00f3w dociskowych na tarczy Zerostop. Gdy tarcza jest poluzowana, mo\u017cna j\u0105 obr\u00f3ci\u0107 do oporu bez \u017cadnego efektu. <strong>nast\u0119pnie ponownie zamocowany za pomoc\u0105 \u015brub dociskowych<\/strong> sta\u0107 si\u0119.<\/p>\n<p>Na zdj\u0119ciu wida\u0107 ogranicznik mi\u0119dzy celem a celownikiem optycznym. Nast\u0119pnie<strong> Ustaw wie\u017c\u0119 w pozycji zerowej i zablokuj j\u0105 za pomoc\u0105 3 wkr\u0119t\u00f3w dociskowych.\u00a0<\/strong>Zerostop zatrzymuje si\u0119 teraz dok\u0142adnie w ustawionej odleg\u0142o\u015bci.<\/p>\n<h3>Wnioski dotycz\u0105ce lunety celowniczej DDMP<\/h3>\n<p>DDoptics DDMP V6 5-30\u00d756 Long Range | MOA | tac-A to niezawodna i mocna luneta celownicza dla strzelc\u00f3w poszukuj\u0105cych maksymalnej precyzji i elastyczno\u015bci w solidnym urz\u0105dzeniu. \u0141\u0105czy w sobie najnowocze\u015bniejsz\u0105 technologi\u0119, wysokiej jako\u015bci materia\u0142y i przyjazn\u0105 dla u\u017cytkownika obs\u0142ug\u0119 w bezkonkurencyjnym stosunku ceny do wydajno\u015bci.<\/p>\n<div class=\"video video-fit mb\" style=\"padding-top:56.25%;\"><p><iframe title=\"DDoptics 5-30x56 i Strasser RS 700 - Test sprz\u0119tu i wywiad z A. Drescherem\" width=\"1020\" height=\"574\" src=\"https:\/\/www.youtube.com\/embed\/e6IG0DosleI?feature=oembed\" frameborder=\"0\" allow=\"accelerometer; autoplay; clipboard-write; encrypted-media; gyroscope; picture-in-picture; web-share\" referrerpolicy=\"strict-origin-when-cross-origin\" allowfullscreen><\/iframe><\/p>\n<\/div>","protected":false},"excerpt":{"rendered":"<p><img decoding=\"async\" class=\"alignnone wp-image-10452 size-full\" title=\"Strzelectwo sportowe\" src=\"https:\/\/ddoptics.shop\/wp-content\/uploads\/2016\/07\/Target-Schiessen.jpg\" alt=\"Strzelanie do celu\" width=\"50\" height=\"50\" \/><img decoding=\"async\" class=\"alignnone wp-image-10168 size-full\" title=\"Polowanie na stoisku\" src=\"https:\/\/ddoptics.shop\/wp-content\/uploads\/2016\/09\/Jagd-klein.jpg\" alt=\"Lornetka my\u015bliwska\" width=\"50\" height=\"50\" \/><img decoding=\"async\" class=\"alignnone wp-image-10178 size-full\" title=\"Polowanie w g\u00f3rach\" src=\"https:\/\/ddoptics.shop\/wp-content\/uploads\/2016\/04\/Gebirgsjagd-klein.jpg\" alt=\"G\u00f3rska lornetka my\u015bliwska\" width=\"50\" height=\"50\" \/><\/p>\n<p><strong><span style=\"color: #ed1c24;\">Wa\u017cne: Nowy celownik tacA w 1. p\u0142aszczy\u017anie ogniskowej<\/span><\/strong><\/p>\n<p>Nowy, ekstremalny celownik optyczny, kt\u00f3ry <strong>prawie wszystkie obszary<\/strong> ok\u0142adki. Od strzelectwa sportowego, przez polowanie z ukrycia, po polowanie w g\u00f3rach - a\u017c do ostatniego \u015bwiat\u0142a karabinu. <strong>Opcjonalnie z inteligentn\u0105 funkcj\u0105 tacA <a title=\"NOWA pod\u015bwietlana kropka DDoptics IFiber\" href=\"\/pl\/termin-techniczny-wiki\/inteligentny-punkt-swietlny-ddoptics-ifiber\/\" target=\"_blank\" rel=\"noopener noreferrer\">Punkt \u015bwietlny IFibre<\/a> za dodatkow\u0105 op\u0142at\u0105 w wysoko\u015bci 99,- \u20ac.<\/strong><\/p>\n<a href=\"https:\/\/amzn.to\/3RI5BKD\" target=\"_blank\" class=\"button success is-success is-small\" rel=\"\u201dnofollow\u201d noopener\" >\n\t\t<span>klient amazon? - korzysta\u0107 z korzy\u015bci prime?<\/span>\n\t<\/a>","protected":false},"featured_media":27703,"comment_status":"open","ping_status":"closed","template":"","meta":{"inline_featured_image":false,"footnotes":""},"product_brand":[],"product_cat":[768,454,638,640,641,919,637],"product_tag":[764,78,80,1184,79],"class_list":{"0":"post-27680","1":"product","2":"type-product","3":"status-publish","4":"has-post-thumbnail","6":"product_cat-5-30x56","7":"product_cat-56-mm-objektivdurchmesser","8":"product_cat-ansitzjagd","9":"product_cat-pirschjagd-und-gebirgsjagd","10":"product_cat-sportschiessen","11":"product_cat-v6-6-fach-zoom","12":"product_cat-zf-anwendung","13":"product_tag-5-30x56","14":"product_tag-ddoptics","15":"product_tag-gen-3","16":"product_tag-moa","17":"product_tag-zielfernrohr","18":"product_shipping_class-paket","19":"pa_brand-marke-ddoptics","20":"pa_produkt-typ-zielfernrohr","22":"first","23":"instock","24":"sale","25":"taxable","26":"shipping-taxable","27":"purchasable","28":"product-type-bundle"},"bundled_by":[],"bundle_stock_status":"instock","bundle_stock_quantity":"","bundle_virtual":false,"bundle_layout":"default","bundle_add_to_cart_form_location":"default","bundle_editable_in_cart":false,"bundle_sold_individually_context":"product","bundle_item_grouping":"parent","bundle_min_size":"","bundle_max_size":"","bundle_price":{"price":{"min":{"incl_tax":"1520","excl_tax":"1266.67"},"max":{"incl_tax":"1624.32","excl_tax":"1353.6"}},"regular_price":{"min":{"incl_tax":"1899","excl_tax":"1582.5"},"max":{"incl_tax":"2014.9","excl_tax":"1679.08"}}},"bundled_items":[{"bundled_item_id":463,"product_id":16795,"menu_order":0,"quantity_min":1,"quantity_max":1,"quantity_default":1,"priced_individually":true,"shipped_individually":false,"override_title":true,"title":"","override_description":false,"description":"","optional":false,"hide_thumbnail":true,"discount":"","override_variations":false,"allowed_variations":[],"override_default_variation_attributes":true,"default_variation_attributes":[{"id":36,"name":"pod\u015bwietlana kropka tacA","option":"ddoptics-taca-normales-leuchtabsehen"}],"single_product_visibility":"visible","cart_visibility":"visible","order_visibility":"visible","single_product_price_visibility":"visible","cart_price_visibility":"visible","order_price_visibility":"visible","stock_status":"in_stock"},{"bundled_item_id":464,"product_id":12812,"menu_order":1,"quantity_min":1,"quantity_max":1,"quantity_default":1,"priced_individually":true,"shipped_individually":false,"override_title":true,"title":"Prawie jak prezent - Flip Caps SET","override_description":true,"description":"","optional":true,"hide_thumbnail":true,"discount":"68.55","override_variations":true,"allowed_variations":[12870],"override_default_variation_attributes":true,"default_variation_attributes":[{"id":17,"name":"Rozmiar lunety","option":"5-30x56"}],"single_product_visibility":"visible","cart_visibility":"visible","order_visibility":"visible","single_product_price_visibility":"visible","cart_price_visibility":"visible","order_price_visibility":"visible","stock_status":"in_stock"}],"bundle_sell_ids":[],"_links":{"self":[{"href":"https:\/\/ddoptics.shop\/pl\/wp-json\/wp\/v2\/product\/27680","targetHints":{"allow":["GET"]}}],"collection":[{"href":"https:\/\/ddoptics.shop\/pl\/wp-json\/wp\/v2\/product"}],"about":[{"href":"https:\/\/ddoptics.shop\/pl\/wp-json\/wp\/v2\/types\/product"}],"replies":[{"embeddable":true,"href":"https:\/\/ddoptics.shop\/pl\/wp-json\/wp\/v2\/comments?post=27680"}],"version-history":[{"count":17,"href":"https:\/\/ddoptics.shop\/pl\/wp-json\/wp\/v2\/product\/27680\/revisions"}],"predecessor-version":[{"id":27707,"href":"https:\/\/ddoptics.shop\/pl\/wp-json\/wp\/v2\/product\/27680\/revisions\/27707"}],"wp:featuredmedia":[{"embeddable":true,"href":"https:\/\/ddoptics.shop\/pl\/wp-json\/wp\/v2\/media\/27703"}],"wp:attachment":[{"href":"https:\/\/ddoptics.shop\/pl\/wp-json\/wp\/v2\/media?parent=27680"}],"wp:term":[{"taxonomy":"product_brand","embeddable":true,"href":"https:\/\/ddoptics.shop\/pl\/wp-json\/wp\/v2\/product_brand?post=27680"},{"taxonomy":"product_cat","embeddable":true,"href":"https:\/\/ddoptics.shop\/pl\/wp-json\/wp\/v2\/product_cat?post=27680"},{"taxonomy":"product_tag","embeddable":true,"href":"https:\/\/ddoptics.shop\/pl\/wp-json\/wp\/v2\/product_tag?post=27680"}],"curies":[{"name":"wp","href":"https:\/\/api.w.org\/{rel}","templated":true}]}}