{"id":27980,"date":"2025-02-14T09:36:35","date_gmt":"2025-02-14T08:36:35","guid":{"rendered":"https:\/\/ddoptics.shop\/?post_type=product&#038;p=27980"},"modified":"2025-10-03T10:56:42","modified_gmt":"2025-10-03T08:56:42","slug":"ddsight-mag-1-4x22-reddot-sight-tac-auto","status":"publish","type":"product","link":"https:\/\/ddoptics.shop\/pl\/kaufen\/ddsight-mag-1-4x22-reddot-visier-tac-auto\/","title":{"rendered":"Celownik DDsight MAG 1-4\u00d722 RedDot firmy DDoptics | Siatka taktyczna | Automatyczne sterowanie pod\u015bwietlan\u0105 kropk\u0105 IPoint"},"content":{"rendered":"<div class=\"img has-hover x md-x lg-x y md-y lg-y\" id=\"image_1002958067\">\n\t\t\t\t\t\t\t\t<div class=\"img-inner image-cover dark\" style=\"padding-top:250px;\">\n\t\t\t<img decoding=\"async\" width=\"1020\" height=\"210\" src=\"https:\/\/ddoptics.shop\/wp-content\/uploads\/2025\/02\/DDoptics-DDsight-1600x329.webp\" class=\"attachment-large size-large\" alt=\"Celownik DDsight MAG 1-4x22 RedDot Celownik DDoptics na broni\" srcset=\"https:\/\/ddoptics.shop\/wp-content\/uploads\/2025\/02\/DDoptics-DDsight-1600x329.webp 1600w, https:\/\/ddoptics.shop\/wp-content\/uploads\/2025\/02\/DDoptics-DDsight-800x165.webp 800w, https:\/\/ddoptics.shop\/wp-content\/uploads\/2025\/02\/DDoptics-DDsight-1536x316.webp 1536w, https:\/\/ddoptics.shop\/wp-content\/uploads\/2025\/02\/DDoptics-DDsight-304x63.webp 304w, https:\/\/ddoptics.shop\/wp-content\/uploads\/2025\/02\/DDoptics-DDsight-632x130.webp 632w, https:\/\/ddoptics.shop\/wp-content\/uploads\/2025\/02\/DDoptics-DDsight-305x63.webp 305w, https:\/\/ddoptics.shop\/wp-content\/uploads\/2025\/02\/DDoptics-DDsight.webp 1920w\" sizes=\"(max-width: 1020px) 100vw, 1020px\" title=\"\">\t\t\t\t\t\t\n\t\t\t\t\t<\/div>\n\t\t\t\t\t\t\t\t\n<style>\n#image_1002958067 {\n  width: 100%;\n}\n<\/style>\n\t<\/div>\n\t\n\t<div id=\"gap-1403143564\" class=\"gap-element clearfix\" style=\"display:block; height:auto;\">\n\t\t\n<style>\n#gap-1403143564 {\n  padding-top: 10px;\n}\n<\/style>\n\t<\/div>\n\t\n<table style=\"width: 100%; background-color: #cacaca; height: 143px;\">\n<tbody>\n<tr style=\"height: 24px;\">\n<td style=\"height: 24px; width: 20%;\">Kompensacja dioptrii:<\/td>\n<td style=\"height: 24px; width: 30%;\">\u00a0-2,5 do +2,5<\/td>\n<td style=\"height: 24px; width: 20%;\">Punkt \u015bwietlny II:<\/td>\n<td style=\"height: 24px; width: 30%;\">Automatyczna kontrola IPoint<\/td>\n<\/tr>\n<tr style=\"height: 24px;\">\n<td style=\"height: 24px; width: 20%;\">Generacja:<\/td>\n<td style=\"height: 24px; width: 30%;\">DDsight MAG1<\/td>\n<td style=\"height: 24px; width: 20%;\">Odporno\u015b\u0107 na temperatur\u0119:<\/td>\n<td style=\"height: 24px; width: 30%;\">-20 do +60 \u00b0C<\/td>\n<\/tr>\n<tr style=\"height: 24px;\">\n<td style=\"height: 24px; width: 20%;\">Wynagrodzenie:<\/td>\n<td style=\"height: 24px; width: 30%;\">Przejrzysta transmisja<\/td>\n<td style=\"height: 24px; width: 20%;\">D\u0142ugo\u015b\u0107:<\/td>\n<td style=\"height: 24px; width: 30%;\">140 mm<\/td>\n<\/tr>\n<tr style=\"height: 24px;\">\n<td style=\"height: 24px; width: 20%;\">\u015arednica obiektywu Obiektyw:<\/td>\n<td style=\"height: 24px; width: 30%;\">22 mm<\/td>\n<td style=\"height: 24px; width: 20%;\">Waga:<\/td>\n<td style=\"height: 24px; width: 30%;\">320 g<\/td>\n<\/tr>\n<tr style=\"height: 24px;\">\n<td style=\"height: 24px; width: 20%;\">Odleg\u0142o\u015b\u0107 mi\u0119dzy \u017arenicami:<\/td>\n<td style=\"height: 24px; width: 30%;\">88-89 mm<\/td>\n<td style=\"height: 24px; width: 20%;\">Ochrona przed zaparowaniem:<\/td>\n<td style=\"height: 24px; width: 30%;\">Wype\u0142nienie azotem przed zaparowaniem<\/td>\n<\/tr>\n<tr style=\"height: 24px;\">\n<td style=\"height: 23px; width: 20%;\">Celownik:<\/td>\n<td style=\"height: 23px; width: 30%;\">Taktyczny<\/td>\n<td style=\"height: 23px; width: 20%;\">Szczelno\u015b\u0107:<\/td>\n<td style=\"height: 23px; width: 30%;\">Odporno\u015b\u0107 na wod\u0119 i wstrz\u0105sy IPX7<\/td>\n<\/tr>\n<\/tbody>\n<\/table>\n<div class=\"row\"  id=\"row-278761414\">\n\n\t<div id=\"col-1074914270\" class=\"col medium-8 small-12 large-8\"  >\n\t\t\t\t<div class=\"col-inner\"  >\n\t\t\t\n\t\t\t\n<h2>Celownik RedDot DDsight MAG 1-4\u00d722 od DDoptics | Siatka taktyczna | Automatyczna pod\u015bwietlana kropka IPoint<\/h2>\n<p>Dla strzelc\u00f3w, my\u015bliwych i strzelc\u00f3w wyborowych, kt\u00f3rzy stawiaj\u0105 najwy\u017csze wymagania swojemu sprz\u0119towi, model\u00a0<strong>DDsight MAG 1-4\u00d722<\/strong> nowe standardy.<\/p>\n<blockquote><p>Ten rewolucyjny celownik optyczny \u0142\u0105czy w sobie najnowocze\u015bniejsz\u0105 technologi\u0119, solidn\u0105 konstrukcj\u0119 i intuicyjn\u0105 obs\u0142ug\u0119 w kompaktowej konstrukcji typu \"wszystko w jednym\".<\/p><\/blockquote>\n<p>Niezale\u017cnie od tego, czy chodzi o dynamiczne misje, wymagaj\u0105ce scenariusze my\u015bliwskie czy precyzyjne sytuacje podczas zawod\u00f3w - MAG 1-4\u00d722 imponuje wydajno\u015bci\u0105, niezawodno\u015bci\u0105 i wyj\u0105tkow\u0105 funkcjonalno\u015bci\u0105.<\/p>\n<p>The\u00a0<strong>DDsight MAG 1-4\u00d722<\/strong>\u00a0to arcydzie\u0142o in\u017cynierii, kt\u00f3re \u0142\u0105czy w sobie najnowocze\u015bniejsz\u0105 technologi\u0119 z maksymaln\u0105 funkcjonalno\u015bci\u0105. Opracowany specjalnie dla strzelc\u00f3w, kt\u00f3rzy ceni\u0105 precyzj\u0119, wszechstronno\u015b\u0107 i niezawodno\u015b\u0107, ten celownik refleksyjny wyznacza nowe standardy w \u015bwiecie optyki celowniczej<\/p>\n<ul>\n<li>Powi\u0119kszenie: P\u0142ynna regulacja od 1x do 4x, idealna do szybkiego namierzania celu i precyzyjnych strza\u0142\u00f3w.<\/li>\n<li>Pole widzenia: 42,5 m przy powi\u0119kszeniu 1x i 11,8 m przy powi\u0119kszeniu 4x zapewnia wyj\u0105tkowy przegl\u0105d sytuacji.<\/li>\n<li>Optyka: W pe\u0142ni powlekane soczewki zapewniaj\u0105 maksymaln\u0105 transmisj\u0119 \u015bwiat\u0142a (\u226585%) i doskona\u0142\u0105 jako\u015b\u0107 obrazu.<\/li>\n<li>Kompensacja dioptrii: Regulowana w zakresie od -2,5 do +2,5, dzi\u0119ki czemu jednostka \u015bwiat\u0142a jest zawsze postrzegana z najwy\u017csz\u0105 ostro\u015bci\u0105.<\/li>\n<li><strong>Technologia iPoint: Innowacyjny iPoint w\u0142\u0105cza si\u0119 i wy\u0142\u0105cza automatycznie.<\/strong>, gdy bro\u0144 zostanie ustawiona w pozycji do strza\u0142u lub od\u0142o\u017cona. Jasno\u015b\u0107 pod\u015bwietlanej kropki jest regulowana r\u0119cznie przez u\u017cytkownika - dla maksymalnej kontroli i elastyczno\u015bci.<\/li>\n<\/ul>\n\t\t<\/div>\n\t\t\t\t\t<\/div>\n\n\t\n\n\t<div id=\"col-138964049\" class=\"col medium-4 small-12 large-4\"  >\n\t\t\t\t<div class=\"col-inner\"  >\n\t\t\t\n\t\t\t\n<a class=\"button primary expand\" >\n\t\t<span>Cechy szczeg\u00f3lne RED DOT<\/span>\n\t<\/a>\n\n\n\t<section class=\"section\" id=\"section_1875383343\">\n\t\t<div class=\"section-bg fill\" >\n\t\t\t\t\t\t\t\t\t<div class=\"section-bg-overlay absolute fill\"><\/div>\n\t\t\t\n\n\t\t<\/div>\n\n\t\t\n\n\t\t<div class=\"section-content relative\">\n\t\t\t\n\t<div class=\"img has-hover x md-x lg-x y md-y lg-y\" id=\"image_177016375\">\n\t\t<a class=\"\" href=\"https:\/\/www.ddoptics.de\/garantiebestimmungen\" target=\"_blank\" rel=\"no follow noopener\">\t\t\t\t\t\t<div class=\"img-inner dark\" >\n\t\t\t<img decoding=\"async\" width=\"352\" height=\"160\" src=\"https:\/\/ddoptics.shop\/wp-content\/uploads\/2014\/09\/DDoptics-Garantie.jpg\" class=\"attachment-large size-large\" alt=\"Gwarancja DDoptics\" srcset=\"https:\/\/ddoptics.shop\/wp-content\/uploads\/2014\/09\/DDoptics-Garantie.jpg 352w, https:\/\/ddoptics.shop\/wp-content\/uploads\/2014\/09\/DDoptics-Garantie-304x138.jpg 304w, https:\/\/ddoptics.shop\/wp-content\/uploads\/2014\/09\/DDoptics-Garantie-305x139.jpg 305w, https:\/\/ddoptics.shop\/wp-content\/uploads\/2014\/09\/DDoptics-Garantie-250x114.jpg 250w\" sizes=\"(max-width: 352px) 100vw, 352px\" title=\"\">\t\t\t\t\t\t\n\t\t\t\t\t<\/div>\n\t\t\t\t\t\t<\/a>\t\t\n<style>\n#image_177016375 {\n  width: 100%;\n}\n<\/style>\n\t<\/div>\n\t\n\t<div id=\"gap-1083838876\" class=\"gap-element clearfix\" style=\"display:block; height:auto;\">\n\t\t\n<style>\n#gap-1083838876 {\n  padding-top: 15px;\n}\n<\/style>\n\t<\/div>\n\t\n\t\t<\/div>\n\n\t\t\n<style>\n#section_1875383343 {\n  padding-top: 30px;\n  padding-bottom: 30px;\n  background-color: rgb(232, 232, 232);\n}\n#section_1875383343 .section-bg-overlay {\n  background-color: rgba(255,255,255,.5);\n}\n<\/style>\n\t<\/section>\n\t\n<div class=\"is-divider divider clearfix\" ><\/div>\n\t<div class=\"img has-hover x md-x lg-x y md-y lg-y\" id=\"image_1302790779\">\n\t\t\t\t\t\t\t\t<div class=\"img-inner dark\" >\n\t\t\t<img decoding=\"async\" width=\"900\" height=\"426\" src=\"https:\/\/ddoptics.shop\/wp-content\/uploads\/2025\/02\/DDsight-MAG-riticle-Absehen.webp\" class=\"attachment-large size-large\" alt=\"Wersje celownika DDsight MAG | Taktyczne i my\u015bliwskie\" srcset=\"https:\/\/ddoptics.shop\/wp-content\/uploads\/2025\/02\/DDsight-MAG-riticle-Absehen.webp 900w, https:\/\/ddoptics.shop\/wp-content\/uploads\/2025\/02\/DDsight-MAG-riticle-Absehen-800x379.webp 800w, https:\/\/ddoptics.shop\/wp-content\/uploads\/2025\/02\/DDsight-MAG-riticle-Absehen-304x144.webp 304w, https:\/\/ddoptics.shop\/wp-content\/uploads\/2025\/02\/DDsight-MAG-riticle-Absehen-632x299.webp 632w, https:\/\/ddoptics.shop\/wp-content\/uploads\/2025\/02\/DDsight-MAG-riticle-Absehen-305x144.webp 305w\" sizes=\"(max-width: 900px) 100vw, 900px\" title=\"\">\t\t\t\t\t\t\n\t\t\t\t\t<\/div>\n\t\t\t\t\t\t\t\t\n<style>\n#image_1302790779 {\n  width: 100%;\n}\n<\/style>\n\t<\/div>\n\t\n\t\t<\/div>\n\t\t\t\t\t<\/div>\n\n\t\n<\/div>\n<div class=\"video video-fit mb\" style=\"padding-top:56.25%;\"><p><iframe title=\"Jagd &amp; Hund 2025: Nowe lunety, nowe celowniki od DDoptics i wiele wi\u0119cej.\" width=\"1020\" height=\"574\" src=\"https:\/\/www.youtube.com\/embed\/j-G-oX52cDY?feature=oembed\" frameborder=\"0\" allow=\"accelerometer; autoplay; clipboard-write; encrypted-media; gyroscope; picture-in-picture; web-share\" referrerpolicy=\"strict-origin-when-cross-origin\" allowfullscreen><\/iframe><\/p>\n<\/div>\n<h3>Innowacja: celownik refleksyjny, lupa i kompensacja dioptrii w jednym urz\u0105dzeniu<\/h3>\n<ol start=\"1\">\n<li><strong>Rozwi\u0105zanie typu \"wszystko w jednym\":<\/strong> Nie s\u0105 wymagane oddzielne lupy - oszcz\u0119dno\u015b\u0107 wagi, miejsca i czasu instalacji.<\/li>\n<li><strong>Elastyczne powi\u0119kszenie:<\/strong>\u00a0Prze\u0142\u0105czanie mi\u0119dzy szerokok\u0105tnym i 4-krotnym zoomem zajmuje kilka sekund.<\/li>\n<li><strong>Efektywno\u015b\u0107 energetyczna:<\/strong>\u00a0Technologia iPoint wyd\u0142u\u017ca \u017cywotno\u015b\u0107 baterii poprzez automatyczne w\u0142\u0105czanie\/wy\u0142\u0105czanie.<\/li>\n<li><strong>Uniwersalna kompatybilno\u015b\u0107:<\/strong>\u00a0Idealny do karabin\u00f3w my\u015bliwskich, sportowych i taktycznych.<\/li>\n<li><strong>Nadaje si\u0119 do noktowizji:<\/strong>\u00a0Tryb zintegrowany do dyskretnych zastosowa\u0144 o niskim nat\u0119\u017ceniu \u015bwiat\u0142a.<\/li>\n<\/ol>\n<p>DDsight MAG 1-4\u00d722 to pierwszy celownik refleksyjny tego typu, kt\u00f3ry \u0142\u0105czy w sobie trzy kluczowe funkcje: celownik refleksyjny o wysokiej rozdzielczo\u015bci, p\u0142ynnie regulowan\u0105 4-krotn\u0105 lup\u0119 i precyzyjn\u0105 kompensacj\u0119 dioptrii.<\/p>\n<blockquote><p>To po\u0142\u0105czenie eliminuje potrzeb\u0119 stosowania oddzielnych lup i umo\u017cliwia p\u0142ynne przechodzenie mi\u0119dzy bliskimi i dalekimi celami.<\/p><\/blockquote>\n<p>Dzi\u0119ki <strong>P\u0142ynna regulacja powi\u0119kszenia od 1x do 4x<\/strong> zachowujesz kontrol\u0119 w ka\u017cdej sytuacji - niezale\u017cnie od tego, czy chodzi o szybkie namierzenie celu z bliskiej odleg\u0142o\u015bci, czy precyzyjne strza\u0142y do odleg\u0142ych cel\u00f3w.<\/p>\n<div class=\"row\"  id=\"row-322774072\">\n\n\t<div id=\"col-74303344\" class=\"col medium-6 small-12 large-6\"  >\n\t\t\t\t<div class=\"col-inner\"  >\n\t\t\t\n\t\t\t\n\t<div class=\"img has-hover x md-x lg-x y md-y lg-y\" id=\"image_347408581\">\n\t\t\t\t\t\t\t\t<div class=\"img-inner dark\" >\n\t\t\t<img decoding=\"async\" width=\"900\" height=\"426\" src=\"https:\/\/ddoptics.shop\/wp-content\/uploads\/2025\/02\/DDsight-MAG-Sehfeld-Standartgroesse.webp\" class=\"attachment-large size-large\" alt=\"Opis celownika DDsight MAG 1-4x22 RedDot DDoptics\" srcset=\"https:\/\/ddoptics.shop\/wp-content\/uploads\/2025\/02\/DDsight-MAG-Sehfeld-Standartgroesse.webp 900w, https:\/\/ddoptics.shop\/wp-content\/uploads\/2025\/02\/DDsight-MAG-Sehfeld-Standartgroesse-800x379.webp 800w, https:\/\/ddoptics.shop\/wp-content\/uploads\/2025\/02\/DDsight-MAG-Sehfeld-Standartgroesse-304x144.webp 304w, https:\/\/ddoptics.shop\/wp-content\/uploads\/2025\/02\/DDsight-MAG-Sehfeld-Standartgroesse-632x299.webp 632w, https:\/\/ddoptics.shop\/wp-content\/uploads\/2025\/02\/DDsight-MAG-Sehfeld-Standartgroesse-305x144.webp 305w\" sizes=\"(max-width: 900px) 100vw, 900px\" title=\"\">\t\t\t\t\t\t\n\t\t\t\t\t\t\t<div class=\"caption\">Opis celownika DDsight MAG 1-4x22 RedDot DDoptics<\/div>\n\t\t\t\t\t<\/div>\n\t\t\t\t\t\t\t\t\n<style>\n#image_347408581 {\n  width: 100%;\n}\n<\/style>\n\t<\/div>\n\t\n\t\t<\/div>\n\t\t\t\t\t<\/div>\n\n\t\n\n\t<div id=\"col-1178072620\" class=\"col medium-6 small-12 large-6\"  >\n\t\t\t\t<div class=\"col-inner\"  >\n\t\t\t\n\t\t\t\n\t<div class=\"img has-hover x md-x lg-x y md-y lg-y\" id=\"image_464736313\">\n\t\t\t\t\t\t\t\t<div class=\"img-inner dark\" >\n\t\t\t<img decoding=\"async\" width=\"900\" height=\"426\" src=\"https:\/\/ddoptics.shop\/wp-content\/uploads\/2025\/02\/DDsight-MAG-Standartgroesse.webp\" class=\"attachment-large size-large\" alt=\"Opis celownika DDsight MAG 1-4x22 RedDot DDoptics\" srcset=\"https:\/\/ddoptics.shop\/wp-content\/uploads\/2025\/02\/DDsight-MAG-Standartgroesse.webp 900w, https:\/\/ddoptics.shop\/wp-content\/uploads\/2025\/02\/DDsight-MAG-Standartgroesse-800x379.webp 800w, https:\/\/ddoptics.shop\/wp-content\/uploads\/2025\/02\/DDsight-MAG-Standartgroesse-304x144.webp 304w, https:\/\/ddoptics.shop\/wp-content\/uploads\/2025\/02\/DDsight-MAG-Standartgroesse-632x299.webp 632w, https:\/\/ddoptics.shop\/wp-content\/uploads\/2025\/02\/DDsight-MAG-Standartgroesse-305x144.webp 305w\" sizes=\"(max-width: 900px) 100vw, 900px\" title=\"\">\t\t\t\t\t\t\n\t\t\t\t\t\t\t<div class=\"caption\">Opis celownika DDsight MAG 1-4x22 RedDot DDoptics<\/div>\n\t\t\t\t\t<\/div>\n\t\t\t\t\t\t\t\t\n<style>\n#image_464736313 {\n  width: 100%;\n}\n<\/style>\n\t<\/div>\n\t\n\t\t<\/div>\n\t\t\t\t\t<\/div>\n\n\t\n<\/div>\n<h3><span style=\"font-size: 20.16px;\">Kompaktowa konstrukcja i <\/span>Funkcjonalno\u015b\u0107<\/h3>\n<p>MAG 1-4\u00d722 imponuje nie tylko pod wzgl\u0119dem technicznym, ale tak\u017ce wizualnym. Smuk\u0142a, matowo czarna konstrukcja z precyzyjnymi konturami doskonale komponuje si\u0119 z ka\u017cdym wygl\u0105dem broni. Antypo\u015blizgowa powierzchnia i ergonomicznie rozmieszczone k\u00f3\u0142ka regulacyjne gwarantuj\u0105 bezpieczn\u0105 obs\u0142ug\u0119 - nawet w r\u0119kawiczkach.<\/p>\n<blockquote><p>Przy d\u0142ugo\u015bci zaledwie 140 mm i wadze 320 g (bez monta\u017cu), celownik DDsight MAG 1-4\u00d722 jest lekki i por\u0119czny - idealny do u\u017cytku mobilnego.<\/p><\/blockquote>\n<p>The\u00a0<strong>W pe\u0142ni powlekane soczewki<\/strong> gwarantuj\u0105 przepuszczalno\u015b\u0107 \u015bwiat\u0142a na poziomie \u226585 %, nawet w trudnych warunkach o\u015bwietleniowych. Zapewnia to doskona\u0142\u0105 ostro\u015b\u0107 obrazu, wysoki kontrast wy\u015bwietlacza i redukuje rozpraszaj\u0105ce odbicia.<\/p>\n<p>Zintegrowany\u00a0<strong>Soczewka korekcyjna<\/strong> Zapewnia, \u017ce pod\u015bwietlana kropka jest ostra w ca\u0142ym polu widzenia - decyduj\u0105ca zaleta dla precyzyjnego celowania.<\/p>\n<h3>Technologia iPoint: inteligentna automatyzacja<\/h3>\n<p>The <strong>Technologia iPoint<\/strong> wyznacza nowe standardy \u0142atwo\u015bci obs\u0142ugi. Innowacyjny iPoint w\u0142\u0105cza si\u0119 i wy\u0142\u0105cza automatycznie, gdy bro\u0144 zostanie ustawiona w pozycji gotowo\u015bci lub od\u0142o\u017cona. Jasno\u015b\u0107 pod\u015bwietlanej kropki mo\u017ce by\u0107 regulowana r\u0119cznie przez u\u017cytkownika - dla maksymalnej kontroli i elastyczno\u015bci.<\/p>\n<blockquote><p>Celownik rozpoznaje, kiedy bro\u0144 jest ustawiona w pozycji gotowo\u015bci i automatycznie aktywuje pod\u015bwietlan\u0105 kropk\u0119. Wy\u0142\u0105cza si\u0119 r\u00f3wnie\u017c automatycznie po od\u0142o\u017ceniu broni, aby oszcz\u0119dza\u0107 energi\u0119.<\/p><\/blockquote>\n<p>Jasno\u015b\u0107 kropki mo\u017cna bezstopniowo regulowa\u0107 r\u0119cznie - w tym <strong>Tryb noktowizyjny<\/strong>\u00a0do u\u017cytku w ciemno\u015bci. Oznacza to, \u017ce zawsze zachowujesz pe\u0142n\u0105 kontrol\u0119 bez uszczerbku dla czasu reakcji.<\/p>\n<h3>Wytrzyma\u0142o\u015b\u0107 w ekstremalnych warunkach<\/h3>\n<p>Celownik DDsight MAG 1-4\u00d722 zosta\u0142 zaprojektowany do u\u017cytku w najtrudniejszych warunkach:<\/p>\n<ul>\n<li><strong>Materia\u0142:<\/strong>\u00a0Wykonane z\u00a0<strong>Aluminium 6061 w jako\u015bci lotniczej<\/strong>, Jednocz\u0119\u015bciowe, matowe, anodowane na czarno wyko\u0144czenie jest odporne na uderzenia, korozj\u0119 i zu\u017cycie.<\/li>\n<li><strong>Certyfikat IPX7:<\/strong>\u00a0Wodoodporny do g\u0142\u0119boko\u015bci 1 metra przez 30 minut - idealny na deszcz, \u015bnieg lub nieprzewidziane nurkowania.<\/li>\n<li><strong>Odporno\u015b\u0107 na temperatur\u0119:<\/strong>\u00a0Dzia\u0142a niezawodnie z\u00a0<strong>-20\u00b0C do +60\u00b0C<\/strong>, Czy to w mrozie, czy w pal\u0105cym s\u0142o\u0144cu.<\/li>\n<li><strong>Odporno\u015b\u0107 na wstrz\u0105sy:<\/strong>\u00a0Wytrzymuje nawet silne wstrz\u0105sy bez utraty precyzyjnej regulacji.<\/li>\n<\/ul>\n<h3>Precyzyjne dostosowanie, intuicyjna obs\u0142uga<\/h3>\n<p>Przy\u0142bica oferuje\u00a0<strong>Zakres regulacji 80 MOA<\/strong>\u00a0dla elewacji i wiatru, z haptycznymi klikni\u0119ciami (0,5 MOA na krok), kt\u00f3re umo\u017cliwiaj\u0105 precyzyjne korekty. Regulacja\u00a0<strong>Kompensacja dioptrii (od -2,5 do +2,5)<\/strong> Dostosowuje si\u0119 do indywidualnej ostro\u015bci wzroku - decyduj\u0105ca zaleta dla os\u00f3b nosz\u0105cych okulary lub u\u017cytkownik\u00f3w z wadami wzroku.<\/p>\n<p>Kompaktowe wymiary (<strong>D\u0142ugo\u015b\u0107 140 mm, waga 320 g<\/strong>) sprawiaj\u0105, \u017ce jest to idealny towarzysz dla aplikacji mobilnych bez po\u015bwi\u0119cania stabilno\u015bci lub funkcjonalno\u015bci.<\/p>\n<h3>Bardzo du\u017ce pole widzenia i pod\u015bwietlany celownik na 2. p\u0142aszczy\u017anie obrazu<\/h3>\n<p>Z\u00a0<strong>Pole widzenia 42,5 m przy 1x<\/strong>\u00a0oraz\u00a0<strong>11,8 m przy powi\u0119kszeniu 4x<\/strong> (na dystansie 100 metr\u00f3w), MAG 1-4\u00d722 oferuje doskona\u0142y przegl\u0105d sytuacji. Ta szerokok\u0105tna optyka umo\u017cliwia b\u0142yskawiczne uchwycenie szczeg\u00f3\u0142\u00f3w otoczenia przy jednoczesnym utrzymaniu ostro\u015bci na celu.<\/p>\n<p>The\u00a0<strong>Pod\u015bwietlany celownik na drugiej p\u0142aszczy\u017anie obrazu<\/strong>\u00a0Zapewnia, \u017ce kropka jest zawsze ostra i wolna od paralaksy - kamie\u0144 milowy dla precyzyjnego strzelania na r\u00f3\u017cnych dystansach.<\/p>\n<h3>Dla kogo idealna jest luneta DDsight MAG 1-4\u00d722?<\/h3>\n<ul>\n<li><strong>Hunter:<\/strong>\u00a0Idealny do stalkingu, dzi\u0119ki szybkiemu namierzaniu celu i adaptacji do zmieniaj\u0105cych si\u0119 odleg\u0142o\u015bci.<\/li>\n<li><strong>Strzelcy sportowi:<\/strong>\u00a0Maksymalna precyzja podczas zawod\u00f3w dzi\u0119ki ostrej optyce i bezstopniowej regulacji zoomu.<\/li>\n<li><strong>U\u017cytkownicy taktyczni:<\/strong>\u00a0Wytrzyma\u0142o\u015b\u0107 i niezawodno\u015b\u0107 w ekstremalnych sytuacjach.<\/li>\n<li><strong>Pocz\u0105tkuj\u0105cy i profesjonali\u015bci:<\/strong>\u00a0Intuicyjna obs\u0142uga i d\u0142ugoterminowa trwa\u0142o\u015b\u0107 sprawiaj\u0105, \u017ce jest to op\u0142acalna inwestycja.<\/li>\n<\/ul>\n<h3>Podsumowanie: celownik DDoptics, kt\u00f3ry nie pozostawia nic do \u017cyczenia<\/h3>\n<p>The\u00a0<strong>DDsight MAG 1-4\u00d722<\/strong> to co\u015b wi\u0119cej ni\u017c tylko celownik optyczny - to techniczne arcydzie\u0142o, kt\u00f3re \u0142\u0105czy w sobie precyzj\u0119, solidno\u015b\u0107 i innowacyjno\u015b\u0107.<\/p>\n<p>Dzi\u0119ki unikalnemu po\u0142\u0105czeniu <strong>P\u0142ynna regulacja powi\u0119kszenia, automatyczne sterowanie iPoint i wojskowa konstrukcja<\/strong> wyznacza nowy punkt odniesienia dla bran\u017cy. Ka\u017cdy, kto obawia si\u0119 kompromis\u00f3w w zakresie wydajno\u015bci, mo\u017cliwo\u015bci dostosowania lub trwa\u0142o\u015bci, znajdzie tutaj najlepsze rozwi\u0105zanie.<\/p>","protected":false},"excerpt":{"rendered":"<p><img decoding=\"async\" class=\"wp-image-10452 size-full alignnone\" src=\"https:\/\/ddoptics.shop\/wp-content\/uploads\/2016\/07\/Target-Schiessen.jpg\" alt=\"Strzelanie do celu\" width=\"50\" height=\"50\" \/><img decoding=\"async\" class=\"size-full wp-image-10168 alignnone\" src=\"https:\/\/ddoptics.shop\/wp-content\/uploads\/2016\/09\/Jagd-klein.jpg\" alt=\"Lornetka my\u015bliwska\" width=\"50\" height=\"50\" \/><br \/>\n<strong>Celownik DDsight MAG 1-4\u00d722 IPoint - perfekcja spe\u0142niaj\u0105ca najwy\u017csze wymagania.<\/strong><\/p>","protected":false},"featured_media":27957,"comment_status":"open","ping_status":"closed","template":"","meta":{"inline_featured_image":false,"footnotes":""},"product_brand":[],"product_cat":[728],"product_tag":[78,1197,1199,1200,1198],"class_list":{"0":"post-27980","1":"product","2":"type-product","3":"status-publish","4":"has-post-thumbnail","6":"product_cat-red-dot-reflexvisiere","7":"product_tag-ddoptics","8":"product_tag-ddsight","9":"product_tag-ddsight-mag-1-4x22","10":"product_tag-ipoint","11":"product_tag-red-dot","12":"product_shipping_class-paket","13":"pa_brand-marke-ddoptics","14":"pa_produkt-typ-zielfernrohr","16":"first","17":"instock","18":"sale","19":"taxable","20":"shipping-taxable","21":"purchasable","22":"product-type-simple"},"bundled_by":[],"bundle_stock_status":"instock","bundle_stock_quantity":null,"bundle_virtual":false,"bundle_layout":"","bundle_add_to_cart_form_location":"","bundle_editable_in_cart":false,"bundle_sold_individually_context":"","bundle_item_grouping":"","bundle_min_size":"","bundle_max_size":"","bundle_price":[],"bundled_items":[],"bundle_sell_ids":[],"_links":{"self":[{"href":"https:\/\/ddoptics.shop\/pl\/wp-json\/wp\/v2\/product\/27980","targetHints":{"allow":["GET"]}}],"collection":[{"href":"https:\/\/ddoptics.shop\/pl\/wp-json\/wp\/v2\/product"}],"about":[{"href":"https:\/\/ddoptics.shop\/pl\/wp-json\/wp\/v2\/types\/product"}],"replies":[{"embeddable":true,"href":"https:\/\/ddoptics.shop\/pl\/wp-json\/wp\/v2\/comments?post=27980"}],"version-history":[{"count":11,"href":"https:\/\/ddoptics.shop\/pl\/wp-json\/wp\/v2\/product\/27980\/revisions"}],"predecessor-version":[{"id":29099,"href":"https:\/\/ddoptics.shop\/pl\/wp-json\/wp\/v2\/product\/27980\/revisions\/29099"}],"wp:featuredmedia":[{"embeddable":true,"href":"https:\/\/ddoptics.shop\/pl\/wp-json\/wp\/v2\/media\/27957"}],"wp:attachment":[{"href":"https:\/\/ddoptics.shop\/pl\/wp-json\/wp\/v2\/media?parent=27980"}],"wp:term":[{"taxonomy":"product_brand","embeddable":true,"href":"https:\/\/ddoptics.shop\/pl\/wp-json\/wp\/v2\/product_brand?post=27980"},{"taxonomy":"product_cat","embeddable":true,"href":"https:\/\/ddoptics.shop\/pl\/wp-json\/wp\/v2\/product_cat?post=27980"},{"taxonomy":"product_tag","embeddable":true,"href":"https:\/\/ddoptics.shop\/pl\/wp-json\/wp\/v2\/product_tag?post=27980"}],"curies":[{"name":"wp","href":"https:\/\/api.w.org\/{rel}","templated":true}]}}