{"id":9226,"date":"2016-07-22T17:09:07","date_gmt":"2016-07-22T15:09:07","guid":{"rendered":"https:\/\/beta.optik-sport-shop.at\/?post_type=product&#038;p=9226"},"modified":"2025-07-02T12:44:22","modified_gmt":"2025-07-02T10:44:22","slug":"lornetka-swarovski-8komma5x42-swarovision","status":"publish","type":"product","link":"https:\/\/ddoptics.shop\/pl\/kaufen\/swarovski-fernglas-8komma5x42-swarovision\/","title":{"rendered":"Lornetka Swarovski EL 8.5\u00d742 Swarovision"},"content":{"rendered":"<div class=\"row\"  id=\"row-199580601\">\n\n\t<div id=\"col-1596471316\" class=\"col medium-8 small-12 large-8\"  >\n\t\t\t\t<div class=\"col-inner\"  >\n\t\t\t\n\t\t\t\n<h2><a href=\"https:\/\/de.wikipedia.org\/wiki\/D._Swarovski\" target=\"_blank\" rel=\"noopener sponsored\" data-schema-attribute=\"\">SWAROVSKI<\/a> EL 8.5\u00d742 - lornetka b\u0119d\u0105ca klas\u0105 sam\u0105 w sobie<\/h2>\n<p><strong>Lornetki Swarovski Premium: tak ostre. Tak bogaty kontrast. Bezkonkurencyjna.<\/strong> Seria EL stanowi kamie\u0144 milowy w optyce dalekiego zasi\u0119gu. W jej sk\u0142ad wchodz\u0105 <strong>Swaraovski EL 8.5\u00d742 to przekonuj\u0105cy wszechstronny produkt<\/strong>. Lornetka na ka\u017cd\u0105 sytuacj\u0119 - niezale\u017cnie od tego, czy siedzisz o zmierzchu, czy polujesz o \u015bwicie.<\/p>\n<p>Lornetka oferuje <strong>Du\u017ce pole widzenia z imponuj\u0105c\u0105 optyk\u0105<\/strong> a\u017c do kraw\u0119dzi. \u0179renice wyj\u015bciowe o szeroko\u015bci 4,9 mm zapewniaj\u0105 jasny obraz nawet w trudnych warunkach o\u015bwietleniowych. Ka\u017cda para lornetek jest <strong>Arcydzie\u0142o precyzji i innowacji<\/strong> - za nienagann\u0105 reakcj\u0119 gry<\/p>\n\t\t<\/div>\n\t\t\t\t\n<style>\n#col-1596471316 > .col-inner {\n  margin: 0px 0px -30px 0px;\n}\n<\/style>\n\t<\/div>\n\n\t\n\n\t<div id=\"col-1959622079\" class=\"col medium-4 small-12 large-4\"  >\n\t\t\t\t<div class=\"col-inner\"  >\n\t\t\t\n\t\t\t\n\t<div class=\"img has-hover x md-x lg-x y md-y lg-y\" id=\"image_1091178912\">\n\t\t\t\t\t\t\t\t<div class=\"img-inner dark\" >\n\t\t\t\t\t\t\t\t\t\n\t\t\t\t\t<\/div>\n\t\t\t\t\t\t\t\t\n<style>\n#image_1091178912 {\n  width: 100%;\n}\n<\/style>\n\t<\/div>\n\t\n<h3>Fakty dotycz\u0105ce lornetek Swarovski<\/h3>\n\n\t\t<div class=\"icon-box featured-box icon-box-left text-left\"  >\n\t\t\t\t\t<div class=\"icon-box-img\" style=\"width: 32px\">\n\t\t\t\t<div class=\"icon\">\n\t\t\t\t\t<div class=\"icon-inner\" >\n\t\t\t\t\t\t<img decoding=\"async\" width=\"100\" height=\"83\" src=\"https:\/\/ddoptics.shop\/wp-content\/uploads\/2021\/05\/DDoptics-SHG-Icon.jpg\" class=\"attachment-medium size-medium\" alt=\"Ikona lornetki DDoptics SHG\" title=\"\">\t\t\t\t\t<\/div>\n\t\t\t\t<\/div>\n\t\t\t<\/div>\n\t\t\t\t<div class=\"icon-box-text last-reset\">\n\t\t\t\t\t\t\t\t\t\n<p>10-letnia gwarancja producenta<\/p>\n\t\t<\/div>\n\t<\/div>\n\t\n\t\n\n\t\t<div class=\"icon-box featured-box icon-box-left text-left\"  >\n\t\t\t\t\t<div class=\"icon-box-img\" style=\"width: 32px\">\n\t\t\t\t<div class=\"icon\">\n\t\t\t\t\t<div class=\"icon-inner\" >\n\t\t\t\t\t\t<img decoding=\"async\" width=\"100\" height=\"83\" src=\"https:\/\/ddoptics.shop\/wp-content\/uploads\/2021\/05\/DDoptics-SHG-Icon.jpg\" class=\"attachment-medium size-medium\" alt=\"Ikona lornetki DDoptics SHG\" title=\"\">\t\t\t\t\t<\/div>\n\t\t\t\t<\/div>\n\t\t\t<\/div>\n\t\t\t\t<div class=\"icon-box-text last-reset\">\n\t\t\t\t\t\t\t\t\t\n<p>Pole widzenia 133 m<\/p>\n\t\t<\/div>\n\t<\/div>\n\t\n\t\n\n\t\t<div class=\"icon-box featured-box icon-box-left text-left\"  >\n\t\t\t\t\t<div class=\"icon-box-img\" style=\"width: 32px\">\n\t\t\t\t<div class=\"icon\">\n\t\t\t\t\t<div class=\"icon-inner\" >\n\t\t\t\t\t\t<img decoding=\"async\" width=\"100\" height=\"83\" src=\"https:\/\/ddoptics.shop\/wp-content\/uploads\/2021\/05\/DDoptics-SHG-Icon.jpg\" class=\"attachment-medium size-medium\" alt=\"Ikona lornetki DDoptics SHG\" title=\"\">\t\t\t\t\t<\/div>\n\t\t\t\t<\/div>\n\t\t\t<\/div>\n\t\t\t\t<div class=\"icon-box-text last-reset\">\n\t\t\t\t\t\t\t\t\t\n<p>Technologia SWAROVISION<\/p>\n\t\t<\/div>\n\t<\/div>\n\t\n\t\n\n\t\t<div class=\"icon-box featured-box icon-box-left text-left\"  >\n\t\t\t\t\t<div class=\"icon-box-img\" style=\"width: 32px\">\n\t\t\t\t<div class=\"icon\">\n\t\t\t\t\t<div class=\"icon-inner\" >\n\t\t\t\t\t\t<img decoding=\"async\" width=\"100\" height=\"83\" src=\"https:\/\/ddoptics.shop\/wp-content\/uploads\/2021\/05\/DDoptics-SHG-Icon.jpg\" class=\"attachment-medium size-medium\" alt=\"Ikona lornetki DDoptics SHG\" title=\"\">\t\t\t\t\t<\/div>\n\t\t\t\t<\/div>\n\t\t\t<\/div>\n\t\t\t\t<div class=\"icon-box-text last-reset\">\n\t\t\t\t\t\t\t\t\t\n<p>\u2705 <strong>Pryzmat dachowy<\/strong><\/p>\n\t\t<\/div>\n\t<\/div>\n\t\n\t\n\n\t\t<div class=\"icon-box featured-box icon-box-left text-left\"  >\n\t\t\t\t\t<div class=\"icon-box-img\" style=\"width: 32px\">\n\t\t\t\t<div class=\"icon\">\n\t\t\t\t\t<div class=\"icon-inner\" >\n\t\t\t\t\t\t<img decoding=\"async\" width=\"100\" height=\"83\" src=\"https:\/\/ddoptics.shop\/wp-content\/uploads\/2021\/05\/DDoptics-SHG-Icon.jpg\" class=\"attachment-medium size-medium\" alt=\"Ikona lornetki DDoptics SHG\" title=\"\">\t\t\t\t\t<\/div>\n\t\t\t\t<\/div>\n\t\t\t<\/div>\n\t\t\t\t<div class=\"icon-box-text last-reset\">\n\t\t\t\t\t\t\t\t\t\n<p>\u2705 <strong>Wytrzyma\u0142a obudowa magnezowa<\/strong><\/p>\n\t\t<\/div>\n\t<\/div>\n\t\n\t\n\n\t\t<div class=\"icon-box featured-box icon-box-left text-left\"  >\n\t\t\t\t\t<div class=\"icon-box-img\" style=\"width: 32px\">\n\t\t\t\t<div class=\"icon\">\n\t\t\t\t\t<div class=\"icon-inner\" >\n\t\t\t\t\t\t<img decoding=\"async\" width=\"100\" height=\"83\" src=\"https:\/\/ddoptics.shop\/wp-content\/uploads\/2021\/05\/DDoptics-SHG-Icon.jpg\" class=\"attachment-medium size-medium\" alt=\"Ikona lornetki DDoptics SHG\" title=\"\">\t\t\t\t\t<\/div>\n\t\t\t\t<\/div>\n\t\t\t<\/div>\n\t\t\t\t<div class=\"icon-box-text last-reset\">\n\t\t\t\t\t\t\t\t\t\n<p>EL reach-through<\/p>\n\t\t<\/div>\n\t<\/div>\n\t\n\t\n<div class=\"is-divider divider clearfix\" ><\/div>\n\t\t<\/div>\n\t\t\t\t\t<\/div>\n\n\t\n<\/div>\n<p>Dzi\u0119ki SWAROVSKI EL 42 mo\u017cesz trzyma\u0107 wszechstronny <strong>Najwy\u017cszej klasy lornetka<\/strong> za pomoc\u0105 kt\u00f3rego mo\u017cna pokry\u0107 zdecydowan\u0105 wi\u0119kszo\u015b\u0107 rodzaj\u00f3w polowa\u0144. To <strong>Niezawodny, wszechstronny produkt b\u0142yszczy dzi\u0119ki technologii SWAROVISION<\/strong>, co gwarantuje najwy\u017csz\u0105 jako\u015b\u0107 obrazu. EL 8.5\u00d742 nadaje si\u0119 do szerokiej gamy zastosowa\u0144 my\u015bliwskich i jest r\u00f3wnie\u017c dobrym wyborem do polowa\u0144 o zmierzchu.<\/p>\n<h3>Technologia SWAROVISION w lornetce SWAROVSKI EL 8,5\u00d742<\/h3>\n<p>Technologia SWAROVISION opisuje unikalny pakiet optyczny:<\/p>\n<ul>\n<li>Ostry jak brzytwa <strong>Ostry obraz a\u017c do kraw\u0119dzi<\/strong> b\u0142yskawiczne rejestrowanie wa\u017cnych szczeg\u00f3\u0142\u00f3w<\/li>\n<li>Obserwacja o wysokim kontra\u015bcie, neutralna kolorystycznie, dzi\u0119ki czemu mo\u017cna jeszcze lepiej dostrzec kluczowe szczeg\u00f3\u0142y<\/li>\n<li>Lornetka zapewnia <strong>100% Pole widzenia<\/strong> - R\u00f3wnie\u017c dla os\u00f3b nosz\u0105cych okulary<\/li>\n<li>Zoptymalizowane pow\u0142oki zapewniaj\u0105 najlepsze warto\u015bci transmisji i imponuj\u0105ce wra\u017cenia wizualne - nawet w warunkach s\u0142abego o\u015bwietlenia<\/li>\n<\/ul>\n<p>Technologia SWAROVISION na nowo definiuje poj\u0119cie jako\u015bci optycznej.<\/p>\n<h3>Technologia SWAROBRIGHT<\/h3>\n<p>Wynagrodzenie za <strong>Optymalna wierno\u015b\u0107 kolor\u00f3w w ca\u0142ym spektrum \u015bwiat\u0142a<\/strong>. Soczewki sp\u0142aszczaj\u0105ce pole zapewniaj\u0105 niezr\u00f3wnan\u0105 ostro\u015b\u0107 od kraw\u0119dzi do kraw\u0119dzi. Obiektywy <strong>Optyka HD charakteryzuje si\u0119 soczewkami zawieraj\u0105cymi fluor<\/strong>, Oznacza to, \u017ce mo\u017cna niemal ca\u0142kowicie unikn\u0105\u0107 b\u0142\u0119d\u00f3w kolorystycznych. Rozpraszanie jest r\u00f3wnie\u017c znacznie ni\u017csze w przypadku fluorku w por\u00f3wnaniu z najlepszymi rodzajami szk\u0142a optycznego. Umo\u017cliwia to <strong>maksymalna wierno\u015b\u0107 kolor\u00f3w i prowadzi do znacznej poprawy rozdzielczo\u015bci i kontrastu.<\/strong><\/p>\n<h3>Technologia SWAROCLEAN<\/h3>\n<p>Dzi\u0119ki temu <strong>Efekt nieprzywierania u\u0142atwia czyszczenie w przypadku zabrudzenia.<\/strong> takich jak plamy z wody, \u015brodki odstraszaj\u0105ce owady lub \u017cywica drzewna.<\/p>","protected":false},"excerpt":{"rendered":"<h3>Lornetka premium Swarovski EL 8,5\u00d742 Swarovision<\/h3>\n<ul>\n<li>Bezp\u0142atna dostawa na terenie Niemiec<\/li>\n<li>Wszystkie ceny zawieraj\u0105 podatek VAT.<\/li>\n<\/ul>","protected":false},"featured_media":9227,"comment_status":"open","ping_status":"closed","template":"","meta":{"inline_featured_image":false,"footnotes":""},"product_brand":[],"product_cat":[362,349,67,345,344,237,354],"product_tag":[318,319,320],"class_list":{"0":"post-9226","1":"product","2":"type-product","3":"status-publish","4":"has-post-thumbnail","6":"product_cat-42-mm-objektiv","7":"product_cat-8x-vergroesserung","8":"product_cat-fernglas","9":"product_cat-jagd-und-wild","10":"product_cat-naturbeobachtung","11":"product_cat-swarovski-optik","12":"product_cat-vogelbeobachtung","13":"product_tag-8-5x42","14":"product_tag-swarovski","15":"product_tag-vogelbeobachtung","16":"pa_brand-marke-swarovski","17":"pa_farbe-gruen","18":"pa_produkt-typ-fernglas","20":"first","21":"instock","22":"sale","23":"taxable","24":"shipping-taxable","25":"product-type-external"},"bundled_by":[],"bundle_stock_status":"instock","bundle_stock_quantity":null,"bundle_virtual":false,"bundle_layout":"","bundle_add_to_cart_form_location":"","bundle_editable_in_cart":false,"bundle_sold_individually_context":"","bundle_item_grouping":"","bundle_min_size":"","bundle_max_size":"","bundle_price":[],"bundled_items":[],"bundle_sell_ids":[],"_links":{"self":[{"href":"https:\/\/ddoptics.shop\/pl\/wp-json\/wp\/v2\/product\/9226","targetHints":{"allow":["GET"]}}],"collection":[{"href":"https:\/\/ddoptics.shop\/pl\/wp-json\/wp\/v2\/product"}],"about":[{"href":"https:\/\/ddoptics.shop\/pl\/wp-json\/wp\/v2\/types\/product"}],"replies":[{"embeddable":true,"href":"https:\/\/ddoptics.shop\/pl\/wp-json\/wp\/v2\/comments?post=9226"}],"version-history":[{"count":5,"href":"https:\/\/ddoptics.shop\/pl\/wp-json\/wp\/v2\/product\/9226\/revisions"}],"predecessor-version":[{"id":28557,"href":"https:\/\/ddoptics.shop\/pl\/wp-json\/wp\/v2\/product\/9226\/revisions\/28557"}],"wp:featuredmedia":[{"embeddable":true,"href":"https:\/\/ddoptics.shop\/pl\/wp-json\/wp\/v2\/media\/9227"}],"wp:attachment":[{"href":"https:\/\/ddoptics.shop\/pl\/wp-json\/wp\/v2\/media?parent=9226"}],"wp:term":[{"taxonomy":"product_brand","embeddable":true,"href":"https:\/\/ddoptics.shop\/pl\/wp-json\/wp\/v2\/product_brand?post=9226"},{"taxonomy":"product_cat","embeddable":true,"href":"https:\/\/ddoptics.shop\/pl\/wp-json\/wp\/v2\/product_cat?post=9226"},{"taxonomy":"product_tag","embeddable":true,"href":"https:\/\/ddoptics.shop\/pl\/wp-json\/wp\/v2\/product_tag?post=9226"}],"curies":[{"name":"wp","href":"https:\/\/api.w.org\/{rel}","templated":true}]}}