{"id":9233,"date":"2016-07-22T19:01:49","date_gmt":"2016-07-22T17:01:49","guid":{"rendered":"https:\/\/beta.optik-sport-shop.at\/kaufen\/swarovski-el-range-10x42-fernglas-laser"},"modified":"2025-08-26T17:24:17","modified_gmt":"2025-08-26T15:24:17","slug":"swarovski-el-range-10x42-lornetka-laserowa","status":"publish","type":"product","link":"https:\/\/ddoptics.shop\/pl\/kaufen\/swarovski-el-range-10x42-fernglas-laser\/","title":{"rendered":"Lornetka Swarovski EL Range 10\u00d742 z dalmierzem"},"content":{"rendered":"<div class=\"row\"  id=\"row-240225791\">\n\n\t<div id=\"col-1802677051\" class=\"col medium-8 small-12 large-8\"  >\n\t\t\t\t<div class=\"col-inner\"  >\n\t\t\t\n\t\t\t\n<h2><a href=\"https:\/\/de.wikipedia.org\/wiki\/D._Swarovski\" target=\"_blank\" rel=\"noopener sponsored\" data-schema-attribute=\"\">SWAROVSKI<\/a> Lornetka EL Range 10\u00d742 - zobacz, zmierz, poznaj<\/h2>\n<p>Z <strong>EL Range na nowo definiuje sprz\u0119t my\u015bliwski.<\/strong> Lornetka \u0142\u0105czy w sobie mo\u017cliwo\u015bci ostrej jak brzytwa g\u00f3rnej optyki z precyzyjn\u0105 funkcj\u0105 pomiarow\u0105. <strong>Lornetka EL Range 10\u00d742 firmy SWAROVSKI<\/strong> oferuje najlepsz\u0105 wydajno\u015b\u0107 obserwacji bez kompromis\u00f3w optycznych. Jego <strong>Powi\u0119kszenie 10x<\/strong> pokazuje precyzyjne szczeg\u00f3\u0142y podczas reagowania na du\u017ce odleg\u0142o\u015bci<\/p>\n<p>Wszystko w jednym - <strong>Doskona\u0142a optyka w po\u0142\u0105czeniu z dalmierzem<\/strong>Najwy\u017csza transmisja, niska waga i najszersze pole widzenia w swojej klasie dos\u0142ownie wyznaczaj\u0105 nowe standardy w zakresie optyki i dok\u0142adno\u015bci pomiaru.<\/p>\n\t\t<\/div>\n\t\t\t\t\n<style>\n#col-1802677051 > .col-inner {\n  margin: 0px 0px -30px 0px;\n}\n<\/style>\n\t<\/div>\n\n\t\n\n\t<div id=\"col-821386608\" class=\"col medium-4 small-12 large-4\"  >\n\t\t\t\t<div class=\"col-inner\"  >\n\t\t\t\n\t\t\t\n\t<div class=\"img has-hover x md-x lg-x y md-y lg-y\" id=\"image_507440540\">\n\t\t\t\t\t\t\t\t<div class=\"img-inner dark\" >\n\t\t\t\t\t\t\t\t\t\n\t\t\t\t\t<\/div>\n\t\t\t\t\t\t\t\t\n<style>\n#image_507440540 {\n  width: 100%;\n}\n<\/style>\n\t<\/div>\n\t\n<h3>Fakty dotycz\u0105ce lornetek Swarovski<\/h3>\n\n\t\t<div class=\"icon-box featured-box icon-box-left text-left\"  >\n\t\t\t\t\t<div class=\"icon-box-img\" style=\"width: 32px\">\n\t\t\t\t<div class=\"icon\">\n\t\t\t\t\t<div class=\"icon-inner\" >\n\t\t\t\t\t\t<img decoding=\"async\" width=\"100\" height=\"83\" src=\"https:\/\/ddoptics.shop\/wp-content\/uploads\/2021\/05\/DDoptics-SHG-Icon.jpg\" class=\"attachment-medium size-medium\" alt=\"Ikona lornetki DDoptics SHG\" title=\"\">\t\t\t\t\t<\/div>\n\t\t\t\t<\/div>\n\t\t\t<\/div>\n\t\t\t\t<div class=\"icon-box-text last-reset\">\n\t\t\t\t\t\t\t\t\t\n<p>\u2705 10-letnia gwarancja producenta - 2 lata na elektronik\u0119<\/p>\n\t\t<\/div>\n\t<\/div>\n\t\n\t\n\n\t\t<div class=\"icon-box featured-box icon-box-left text-left\"  >\n\t\t\t\t\t<div class=\"icon-box-img\" style=\"width: 32px\">\n\t\t\t\t<div class=\"icon\">\n\t\t\t\t\t<div class=\"icon-inner\" >\n\t\t\t\t\t\t<img decoding=\"async\" width=\"100\" height=\"83\" src=\"https:\/\/ddoptics.shop\/wp-content\/uploads\/2021\/05\/DDoptics-SHG-Icon.jpg\" class=\"attachment-medium size-medium\" alt=\"Ikona lornetki DDoptics SHG\" title=\"\">\t\t\t\t\t<\/div>\n\t\t\t\t<\/div>\n\t\t\t<\/div>\n\t\t\t\t<div class=\"icon-box-text last-reset\">\n\t\t\t\t\t\t\t\t\t\n<p>Pole widzenia 110 m<\/p>\n\t\t<\/div>\n\t<\/div>\n\t\n\t\n\n\t\t<div class=\"icon-box featured-box icon-box-left text-left\"  >\n\t\t\t\t\t<div class=\"icon-box-img\" style=\"width: 32px\">\n\t\t\t\t<div class=\"icon\">\n\t\t\t\t\t<div class=\"icon-inner\" >\n\t\t\t\t\t\t<img decoding=\"async\" width=\"100\" height=\"83\" src=\"https:\/\/ddoptics.shop\/wp-content\/uploads\/2021\/05\/DDoptics-SHG-Icon.jpg\" class=\"attachment-medium size-medium\" alt=\"Ikona lornetki DDoptics SHG\" title=\"\">\t\t\t\t\t<\/div>\n\t\t\t\t<\/div>\n\t\t\t<\/div>\n\t\t\t\t<div class=\"icon-box-text last-reset\">\n\t\t\t\t\t\t\t\t\t\n<p>Dalmierz laserowy<\/p>\n\t\t<\/div>\n\t<\/div>\n\t\n\t\n\n\t\t<div class=\"icon-box featured-box icon-box-left text-left\"  >\n\t\t\t\t\t<div class=\"icon-box-img\" style=\"width: 32px\">\n\t\t\t\t<div class=\"icon\">\n\t\t\t\t\t<div class=\"icon-inner\" >\n\t\t\t\t\t\t<img decoding=\"async\" width=\"100\" height=\"83\" src=\"https:\/\/ddoptics.shop\/wp-content\/uploads\/2021\/05\/DDoptics-SHG-Icon.jpg\" class=\"attachment-medium size-medium\" alt=\"Ikona lornetki DDoptics SHG\" title=\"\">\t\t\t\t\t<\/div>\n\t\t\t\t<\/div>\n\t\t\t<\/div>\n\t\t\t\t<div class=\"icon-box-text last-reset\">\n\t\t\t\t\t\t\t\t\t\n<p>\u2705 <strong>Pryzmat dachowy<\/strong><\/p>\n\t\t<\/div>\n\t<\/div>\n\t\n\t\n\n\t\t<div class=\"icon-box featured-box icon-box-left text-left\"  >\n\t\t\t\t\t<div class=\"icon-box-img\" style=\"width: 32px\">\n\t\t\t\t<div class=\"icon\">\n\t\t\t\t\t<div class=\"icon-inner\" >\n\t\t\t\t\t\t<img decoding=\"async\" width=\"100\" height=\"83\" src=\"https:\/\/ddoptics.shop\/wp-content\/uploads\/2021\/05\/DDoptics-SHG-Icon.jpg\" class=\"attachment-medium size-medium\" alt=\"Ikona lornetki DDoptics SHG\" title=\"\">\t\t\t\t\t<\/div>\n\t\t\t\t<\/div>\n\t\t\t<\/div>\n\t\t\t\t<div class=\"icon-box-text last-reset\">\n\t\t\t\t\t\t\t\t\t\n<p>\u2705 <strong>Wytrzyma\u0142a obudowa magnezowa<\/strong><\/p>\n\t\t<\/div>\n\t<\/div>\n\t\n\t\n\n\t\t<div class=\"icon-box featured-box icon-box-left text-left\"  >\n\t\t\t\t\t<div class=\"icon-box-img\" style=\"width: 32px\">\n\t\t\t\t<div class=\"icon\">\n\t\t\t\t\t<div class=\"icon-inner\" >\n\t\t\t\t\t\t<img decoding=\"async\" width=\"100\" height=\"83\" src=\"https:\/\/ddoptics.shop\/wp-content\/uploads\/2021\/05\/DDoptics-SHG-Icon.jpg\" class=\"attachment-medium size-medium\" alt=\"Ikona lornetki DDoptics SHG\" title=\"\">\t\t\t\t\t<\/div>\n\t\t\t\t<\/div>\n\t\t\t<\/div>\n\t\t\t\t<div class=\"icon-box-text last-reset\">\n\t\t\t\t\t\t\t\t\t\n<p>EL reach-through<\/p>\n\t\t<\/div>\n\t<\/div>\n\t\n\t\n<div class=\"is-divider divider clearfix\" ><\/div>\n\t\t<\/div>\n\t\t\t\t\t<\/div>\n\n\t\n<\/div>\n<h3>Technologia SWAROAIM<\/h3>\n<p><strong>Zintegrowany inklinometr<\/strong> z ca\u0142ym \u015bwiatem <strong>unikalny program do strza\u0142\u00f3w pod k\u0105tem pokazuje skorygowan\u0105 odleg\u0142o\u015b\u0107 strza\u0142u<\/strong> lub alternatywnie k\u0105t.<\/p>\n<h3>Technologia SWAROBRIGHT<\/h3>\n<p><strong>Pow\u0142oka zapewniaj\u0105ca optymaln\u0105 wierno\u015b\u0107 kolor\u00f3w w ca\u0142ym spektrum \u015bwiat\u0142a<\/strong>SWAROVSKI OPTIK jest pierwszym producentem na \u015bwiecie, kt\u00f3ry wykorzystuje t\u0119 technologi\u0119 w produkcji seryjnej.<\/p>\n<h3>Wnioski\u00a0<a href=\"https:\/\/de.wikipedia.org\/wiki\/D._Swarovski\" target=\"_blank\" rel=\"noopener sponsored\" data-schema-attribute=\"\">SWAROVSKI\u00a0<\/a> Lornetka EL Range 10\u00d742<\/h3>\n<p>Z <strong>EL Range, Swarovski oferuje nowy, bardzo interesuj\u0105cy topowy produkt optyczny<\/strong>. Zintegrowana elektronika dzia\u0142a doskonale. EL Range jest bardzo lekki i \u0142atwy w obs\u0142udze jedn\u0105 r\u0119k\u0105. W<strong>Program uj\u0119\u0107 k\u0105towych <\/strong>jest szczeg\u00f3lnie<strong> g\u00f3rscy \u0142owcy<\/strong> zainteresowanie. W po\u0142\u0105czeniu z lornetk\u0105 z szybk\u0105 regulacj\u0105 siatki lub wie\u017cyczk\u0105 balistyczn\u0105, jest to idealny sprz\u0119t do strzelania na du\u017ce odleg\u0142o\u015bci - zar\u00f3wno w g\u00f3r\u0119, jak i w d\u00f3\u0142.<\/p>","protected":false},"excerpt":{"rendered":"<h3>Lornetka premium Swarovski EL Range 10\u00d742<\/h3>\n<ul>\n<li>Darmowa dostawa<\/li>\n<li>Wszystkie ceny zawieraj\u0105 podatek VAT.<\/li>\n<\/ul>","protected":false},"featured_media":9236,"comment_status":"open","ping_status":"closed","template":"","meta":{"inline_featured_image":false,"footnotes":""},"product_brand":[],"product_cat":[351,362,67,345,237],"product_tag":[88,776,321,319],"class_list":{"0":"post-9233","1":"product","2":"type-product","3":"status-publish","4":"has-post-thumbnail","6":"product_cat-10x-vergroesserung","7":"product_cat-42-mm-objektiv","8":"product_cat-fernglas","9":"product_cat-jagd-und-wild","10":"product_cat-swarovski-optik","11":"product_tag-10x42","12":"product_tag-laser-entfernungsmesser-fernglas","13":"product_tag-laserentfernungsmesser","14":"product_tag-swarovski","15":"pa_brand-marke-swarovski","16":"pa_farbe-gruen","17":"pa_produkt-typ-fernglas","19":"first","20":"instock","21":"sale","22":"taxable","23":"shipping-taxable","24":"product-type-external"},"bundled_by":[],"bundle_stock_status":"instock","bundle_stock_quantity":null,"bundle_virtual":false,"bundle_layout":"","bundle_add_to_cart_form_location":"","bundle_editable_in_cart":false,"bundle_sold_individually_context":"","bundle_item_grouping":"","bundle_min_size":"","bundle_max_size":"","bundle_price":[],"bundled_items":[],"bundle_sell_ids":[],"_links":{"self":[{"href":"https:\/\/ddoptics.shop\/pl\/wp-json\/wp\/v2\/product\/9233","targetHints":{"allow":["GET"]}}],"collection":[{"href":"https:\/\/ddoptics.shop\/pl\/wp-json\/wp\/v2\/product"}],"about":[{"href":"https:\/\/ddoptics.shop\/pl\/wp-json\/wp\/v2\/types\/product"}],"replies":[{"embeddable":true,"href":"https:\/\/ddoptics.shop\/pl\/wp-json\/wp\/v2\/comments?post=9233"}],"version-history":[{"count":3,"href":"https:\/\/ddoptics.shop\/pl\/wp-json\/wp\/v2\/product\/9233\/revisions"}],"predecessor-version":[{"id":24723,"href":"https:\/\/ddoptics.shop\/pl\/wp-json\/wp\/v2\/product\/9233\/revisions\/24723"}],"wp:featuredmedia":[{"embeddable":true,"href":"https:\/\/ddoptics.shop\/pl\/wp-json\/wp\/v2\/media\/9236"}],"wp:attachment":[{"href":"https:\/\/ddoptics.shop\/pl\/wp-json\/wp\/v2\/media?parent=9233"}],"wp:term":[{"taxonomy":"product_brand","embeddable":true,"href":"https:\/\/ddoptics.shop\/pl\/wp-json\/wp\/v2\/product_brand?post=9233"},{"taxonomy":"product_cat","embeddable":true,"href":"https:\/\/ddoptics.shop\/pl\/wp-json\/wp\/v2\/product_cat?post=9233"},{"taxonomy":"product_tag","embeddable":true,"href":"https:\/\/ddoptics.shop\/pl\/wp-json\/wp\/v2\/product_tag?post=9233"}],"curies":[{"name":"wp","href":"https:\/\/api.w.org\/{rel}","templated":true}]}}