{"id":9241,"date":"2016-07-23T10:45:35","date_gmt":"2016-07-23T08:45:35","guid":{"rendered":"https:\/\/beta.optik-sport-shop.at\/kaufen\/swarovski-slc-8x42-w-b-fernglas"},"modified":"2025-07-02T10:54:00","modified_gmt":"2025-07-02T08:54:00","slug":"lornetka-swarovski-slc-8x42","status":"publish","type":"product","link":"https:\/\/ddoptics.shop\/pl\/kaufen\/swarovski-slc-8x42-fernglas\/","title":{"rendered":"Lornetka Swarovski SLC 8\u00d742 W B"},"content":{"rendered":"<div class=\"row\"  id=\"row-2091747006\">\n\n\t<div id=\"col-256624151\" class=\"col medium-8 small-12 large-8\"  >\n\t\t\t\t<div class=\"col-inner\"  >\n\t\t\t\n\t\t\t\n<h2>Lornetka SWAROVSKI SLC 8\u00d742 W B<\/h2>\n<p>W rzeczywisto\u015bci, w przypadku tej lornetki mo\u017cna powiedzie\u0107: jedna do wszystkiego!<\/p>\n<p>The <strong>Swarovski SLC 8\u00d742 W B<\/strong> jest prawdziwy <strong>Wszechstronna lornetka,<\/strong> z <strong>Uk\u0142ad optyczny i system pow\u0142ok specjalnie zaprojektowany pod k\u0105tem kontrastu i ostro\u015bci<\/strong> zosta\u0142y zoptymalizowane. Ponadto model ten imponuje <strong>Du\u017ce pole widzenia<\/strong> i wynika z <strong>wyj\u0105tkowo wytrzyma\u0142a obudowa magnezowa.<\/strong> Ergonomiczna konstrukcja zapewnia optymaln\u0105 widoczno\u015b\u0107 i komfort obs\u0142ugi nawet podczas d\u0142u\u017cszych obserwacji.<\/p>\n\t\t<\/div>\n\t\t\t\t\n<style>\n#col-256624151 > .col-inner {\n  margin: 0px 0px -30px 0px;\n}\n<\/style>\n\t<\/div>\n\n\t\n\n\t<div id=\"col-1889816322\" class=\"col medium-4 small-12 large-4\"  >\n\t\t\t\t<div class=\"col-inner\"  >\n\t\t\t\n\t\t\t\n\t<div class=\"img has-hover x md-x lg-x y md-y lg-y\" id=\"image_400694162\">\n\t\t\t\t\t\t\t\t<div class=\"img-inner dark\" >\n\t\t\t\t\t\t\t\t\t\n\t\t\t\t\t<\/div>\n\t\t\t\t\t\t\t\t\n<style>\n#image_400694162 {\n  width: 100%;\n}\n<\/style>\n\t<\/div>\n\t\n<h3>Fakty dotycz\u0105ce lornetek Swarovski<\/h3>\n\n\t\t<div class=\"icon-box featured-box icon-box-left text-left\"  >\n\t\t\t\t\t<div class=\"icon-box-img\" style=\"width: 32px\">\n\t\t\t\t<div class=\"icon\">\n\t\t\t\t\t<div class=\"icon-inner\" >\n\t\t\t\t\t\t<img decoding=\"async\" width=\"100\" height=\"83\" src=\"https:\/\/ddoptics.shop\/wp-content\/uploads\/2021\/05\/DDoptics-SHG-Icon.jpg\" class=\"attachment-medium size-medium\" alt=\"Ikona lornetki DDoptics SHG\" title=\"\">\t\t\t\t\t<\/div>\n\t\t\t\t<\/div>\n\t\t\t<\/div>\n\t\t\t\t<div class=\"icon-box-text last-reset\">\n\t\t\t\t\t\t\t\t\t\n<p>10-letnia gwarancja producenta<\/p>\n\t\t<\/div>\n\t<\/div>\n\t\n\t\n\n\t\t<div class=\"icon-box featured-box icon-box-left text-left\"  >\n\t\t\t\t\t<div class=\"icon-box-img\" style=\"width: 32px\">\n\t\t\t\t<div class=\"icon\">\n\t\t\t\t\t<div class=\"icon-inner\" >\n\t\t\t\t\t\t<img decoding=\"async\" width=\"100\" height=\"83\" src=\"https:\/\/ddoptics.shop\/wp-content\/uploads\/2021\/05\/DDoptics-SHG-Icon.jpg\" class=\"attachment-medium size-medium\" alt=\"Ikona lornetki DDoptics SHG\" title=\"\">\t\t\t\t\t<\/div>\n\t\t\t\t<\/div>\n\t\t\t<\/div>\n\t\t\t\t<div class=\"icon-box-text last-reset\">\n\t\t\t\t\t\t\t\t\t\n<p>Pole widzenia 136 m<\/p>\n\t\t<\/div>\n\t<\/div>\n\t\n\t\n\n\t\t<div class=\"icon-box featured-box icon-box-left text-left\"  >\n\t\t\t\t\t<div class=\"icon-box-img\" style=\"width: 32px\">\n\t\t\t\t<div class=\"icon\">\n\t\t\t\t\t<div class=\"icon-inner\" >\n\t\t\t\t\t\t<img decoding=\"async\" width=\"100\" height=\"83\" src=\"https:\/\/ddoptics.shop\/wp-content\/uploads\/2021\/05\/DDoptics-SHG-Icon.jpg\" class=\"attachment-medium size-medium\" alt=\"Ikona lornetki DDoptics SHG\" title=\"\">\t\t\t\t\t<\/div>\n\t\t\t\t<\/div>\n\t\t\t<\/div>\n\t\t\t\t<div class=\"icon-box-text last-reset\">\n\t\t\t\t\t\t\t\t\t\n<p>Szeroki k\u0105t<\/p>\n\t\t<\/div>\n\t<\/div>\n\t\n\t\n\n\t\t<div class=\"icon-box featured-box icon-box-left text-left\"  >\n\t\t\t\t\t<div class=\"icon-box-img\" style=\"width: 32px\">\n\t\t\t\t<div class=\"icon\">\n\t\t\t\t\t<div class=\"icon-inner\" >\n\t\t\t\t\t\t<img decoding=\"async\" width=\"100\" height=\"83\" src=\"https:\/\/ddoptics.shop\/wp-content\/uploads\/2021\/05\/DDoptics-SHG-Icon.jpg\" class=\"attachment-medium size-medium\" alt=\"Ikona lornetki DDoptics SHG\" title=\"\">\t\t\t\t\t<\/div>\n\t\t\t\t<\/div>\n\t\t\t<\/div>\n\t\t\t\t<div class=\"icon-box-text last-reset\">\n\t\t\t\t\t\t\t\t\t\n<p>\u2705 <strong>Pryzmat dachowy<\/strong><\/p>\n\t\t<\/div>\n\t<\/div>\n\t\n\t\n\n\t\t<div class=\"icon-box featured-box icon-box-left text-left\"  >\n\t\t\t\t\t<div class=\"icon-box-img\" style=\"width: 32px\">\n\t\t\t\t<div class=\"icon\">\n\t\t\t\t\t<div class=\"icon-inner\" >\n\t\t\t\t\t\t<img decoding=\"async\" width=\"100\" height=\"83\" src=\"https:\/\/ddoptics.shop\/wp-content\/uploads\/2021\/05\/DDoptics-SHG-Icon.jpg\" class=\"attachment-medium size-medium\" alt=\"Ikona lornetki DDoptics SHG\" title=\"\">\t\t\t\t\t<\/div>\n\t\t\t\t<\/div>\n\t\t\t<\/div>\n\t\t\t\t<div class=\"icon-box-text last-reset\">\n\t\t\t\t\t\t\t\t\t\n<p>\u2705 <strong>Wytrzyma\u0142a obudowa magnezowa<\/strong><\/p>\n\t\t<\/div>\n\t<\/div>\n\t\n\t\n\n\t\t<div class=\"icon-box featured-box icon-box-left text-left\"  >\n\t\t\t\t\t<div class=\"icon-box-img\" style=\"width: 32px\">\n\t\t\t\t<div class=\"icon\">\n\t\t\t\t\t<div class=\"icon-inner\" >\n\t\t\t\t\t\t<img decoding=\"async\" width=\"100\" height=\"83\" src=\"https:\/\/ddoptics.shop\/wp-content\/uploads\/2021\/05\/DDoptics-SHG-Icon.jpg\" class=\"attachment-medium size-medium\" alt=\"Ikona lornetki DDoptics SHG\" title=\"\">\t\t\t\t\t<\/div>\n\t\t\t\t<\/div>\n\t\t\t<\/div>\n\t\t\t\t<div class=\"icon-box-text last-reset\">\n\t\t\t\t\t\t\t\t\t\n<p>Odpowiedni dla os\u00f3b nosz\u0105cych okulary<\/p>\n\t\t<\/div>\n\t<\/div>\n\t\n\t\n<div class=\"is-divider divider clearfix\" ><\/div>\n\t\t<\/div>\n\t\t\t\t\t<\/div>\n\n\t\n<\/div>\n<h3>Technologia SWAROBRIGHT<\/h3>\n<p><strong>Wynagrodzenie <\/strong>dla<strong> Optymalna wierno\u015b\u0107 kolor\u00f3w <\/strong>o<strong> ca\u0142e spektrum \u015bwiat\u0142a<\/strong>SWAROVSKI OPTIK jest pierwszym producentem na \u015bwiecie, kt\u00f3ry wykorzystuje t\u0119 technologi\u0119 w produkcji seryjnej.<\/p>\n<h3>Technologia SWAROCLEAN<\/h3>\n<p>Dzi\u0119ki temu <strong>Efekt nieprzywierania u\u0142atwia czyszczenie w przypadku zabrudzenia.<\/strong> takich jak plamy z wody, \u015brodki odstraszaj\u0105ce owady lub \u017cywica drzewna.<\/p>\n<h3>Lornetka Swarovski 8\u00d742 SLC - solidny i wszechstronny sprz\u0119t<\/h3>\n<p>Dzi\u0119ki SLC masz w r\u0119kach prawdziwego wszechstronnego geniusza. SLC 8\u00d742 jest solidny w ka\u017cdych warunkach pogodowych - dzie\u0144 po dniu. Imponuje r\u00f3wnie\u017c szczeg\u00f3lnie wysok\u0105 jako\u015bci\u0105 optyczn\u0105. B\u0119dziesz cieszy\u0107 si\u0119 t\u0105 solidn\u0105 i ergonomiczn\u0105 lornetk\u0105 przez wiele lat.<\/p>","protected":false},"excerpt":{"rendered":"<h3>Uniwersalna lornetka Swarovski SLC 8\u00d742<\/h3>\n<ul>\n<li>nowy <strong>Model<\/strong><\/li>\n<li>Bezp\u0142atna dostawa na terenie Niemiec<\/li>\n<li>Wszystkie ceny zawieraj\u0105 podatek VAT.<\/li>\n<\/ul>","protected":false},"featured_media":9244,"comment_status":"open","ping_status":"closed","template":"","meta":{"inline_featured_image":false,"footnotes":""},"product_brand":[],"product_cat":[362,349,67,345,344,237],"product_tag":[91,319],"class_list":{"0":"post-9241","1":"product","2":"type-product","3":"status-publish","4":"has-post-thumbnail","6":"product_cat-42-mm-objektiv","7":"product_cat-8x-vergroesserung","8":"product_cat-fernglas","9":"product_cat-jagd-und-wild","10":"product_cat-naturbeobachtung","11":"product_cat-swarovski-optik","12":"product_tag-8x42","13":"product_tag-swarovski","14":"pa_brand-marke-swarovski","15":"pa_farbe-gruen","16":"pa_produkt-typ-fernglas","18":"first","19":"instock","20":"sale","21":"taxable","22":"shipping-taxable","23":"product-type-external"},"bundled_by":[],"bundle_stock_status":"instock","bundle_stock_quantity":null,"bundle_virtual":false,"bundle_layout":"","bundle_add_to_cart_form_location":"","bundle_editable_in_cart":false,"bundle_sold_individually_context":"","bundle_item_grouping":"","bundle_min_size":"","bundle_max_size":"","bundle_price":[],"bundled_items":[],"bundle_sell_ids":[],"_links":{"self":[{"href":"https:\/\/ddoptics.shop\/pl\/wp-json\/wp\/v2\/product\/9241","targetHints":{"allow":["GET"]}}],"collection":[{"href":"https:\/\/ddoptics.shop\/pl\/wp-json\/wp\/v2\/product"}],"about":[{"href":"https:\/\/ddoptics.shop\/pl\/wp-json\/wp\/v2\/types\/product"}],"replies":[{"embeddable":true,"href":"https:\/\/ddoptics.shop\/pl\/wp-json\/wp\/v2\/comments?post=9241"}],"version-history":[{"count":2,"href":"https:\/\/ddoptics.shop\/pl\/wp-json\/wp\/v2\/product\/9241\/revisions"}],"predecessor-version":[{"id":28549,"href":"https:\/\/ddoptics.shop\/pl\/wp-json\/wp\/v2\/product\/9241\/revisions\/28549"}],"wp:featuredmedia":[{"embeddable":true,"href":"https:\/\/ddoptics.shop\/pl\/wp-json\/wp\/v2\/media\/9244"}],"wp:attachment":[{"href":"https:\/\/ddoptics.shop\/pl\/wp-json\/wp\/v2\/media?parent=9241"}],"wp:term":[{"taxonomy":"product_brand","embeddable":true,"href":"https:\/\/ddoptics.shop\/pl\/wp-json\/wp\/v2\/product_brand?post=9241"},{"taxonomy":"product_cat","embeddable":true,"href":"https:\/\/ddoptics.shop\/pl\/wp-json\/wp\/v2\/product_cat?post=9241"},{"taxonomy":"product_tag","embeddable":true,"href":"https:\/\/ddoptics.shop\/pl\/wp-json\/wp\/v2\/product_tag?post=9241"}],"curies":[{"name":"wp","href":"https:\/\/api.w.org\/{rel}","templated":true}]}}