{"id":9249,"date":"2016-07-23T12:51:16","date_gmt":"2016-07-23T10:51:16","guid":{"rendered":"https:\/\/beta.optik-sport-shop.at\/kaufen\/swarovski-slc-8x56-fernglas"},"modified":"2025-07-01T12:37:23","modified_gmt":"2025-07-01T10:37:23","slug":"lornetka-swarovski-slc-8x56","status":"publish","type":"product","link":"https:\/\/ddoptics.shop\/pl\/kaufen\/swarovski-fernglas-slc-8x56\/","title":{"rendered":"Lornetka Swarovski SLC 8\u00d756 W B"},"content":{"rendered":"<div class=\"row\"  id=\"row-871709104\">\n\n\t<div id=\"col-375438658\" class=\"col medium-8 small-12 large-8\"  >\n\t\t\t\t<div class=\"col-inner\"  >\n\t\t\t\n\t\t\t\n<h2>Lornetka SWAROVSKI SLC 8\u00d756 W B<\/h2>\n<p>Niech b\u0119dzie \u015bwiat\u0142o z do\u015bwiadczonym specjalist\u0105!<\/p>\n<p>The <strong>Do\u015bwiadczenie natury o p\u00f3\u017aniejszej porze<\/strong>, Ma to szczeg\u00f3lny urok dla wielu os\u00f3b. Dzi\u0119ki szybkiemu <strong>Lornetka Swarovski SLC 8\u00d756<\/strong>\u00a0Do\u015bwiadcz lornetki o wyj\u0105tkowo wysokiej transmisji \u015bwiat\u0142a. To w\u0142a\u015bnie o tej porze roku p\u0142ochliwe zwierz\u0119ta, takie jak <strong>Sowy lub \u017cbiki<\/strong>. Dzi\u0119ki lornetce SLC 8\u00d756 b\u0119dziesz optymalnie wspierany w swojej pracy. <strong>ekscytuj\u0105ce obserwacje<\/strong>\u00a0obs\u0142ugiwane.<\/p>\n<p>The <strong>Optyka zoptymalizowana do pracy w nocy<\/strong> z <strong>Imponuj\u0105ca ostro\u015b\u0107 kraw\u0119dzi<\/strong> oraz<strong> Du\u017ce pole widzenia<\/strong> zadziwia wiele os\u00f3b. Wyd\u0142u\u017cone, zag\u0142\u0119bione uchwyty i zr\u00f3wnowa\u017cona waga zapewniaj\u0105 maksymaln\u0105 \u0142atwo\u015b\u0107 u\u017cytkowania.<\/p>\n\t\t<\/div>\n\t\t\t\t\n<style>\n#col-375438658 > .col-inner {\n  margin: 0px 0px -30px 0px;\n}\n<\/style>\n\t<\/div>\n\n\t\n\n\t<div id=\"col-839110935\" class=\"col medium-4 small-12 large-4\"  >\n\t\t\t\t<div class=\"col-inner\"  >\n\t\t\t\n\t\t\t\n\t<div class=\"img has-hover x md-x lg-x y md-y lg-y\" id=\"image_199310189\">\n\t\t\t\t\t\t\t\t<div class=\"img-inner dark\" >\n\t\t\t\t\t\t\t\t\t\n\t\t\t\t\t<\/div>\n\t\t\t\t\t\t\t\t\n<style>\n#image_199310189 {\n  width: 100%;\n}\n<\/style>\n\t<\/div>\n\t\n<h3>Fakty dotycz\u0105ce lornetek Swarovski<\/h3>\n\n\t\t<div class=\"icon-box featured-box icon-box-left text-left\"  >\n\t\t\t\t\t<div class=\"icon-box-img\" style=\"width: 32px\">\n\t\t\t\t<div class=\"icon\">\n\t\t\t\t\t<div class=\"icon-inner\" >\n\t\t\t\t\t\t<img decoding=\"async\" width=\"100\" height=\"83\" src=\"https:\/\/ddoptics.shop\/wp-content\/uploads\/2021\/05\/DDoptics-SHG-Icon.jpg\" class=\"attachment-medium size-medium\" alt=\"Ikona lornetki DDoptics SHG\" title=\"\">\t\t\t\t\t<\/div>\n\t\t\t\t<\/div>\n\t\t\t<\/div>\n\t\t\t\t<div class=\"icon-box-text last-reset\">\n\t\t\t\t\t\t\t\t\t\n<p>10-letnia gwarancja producenta<\/p>\n\t\t<\/div>\n\t<\/div>\n\t\n\t\n\n\t\t<div class=\"icon-box featured-box icon-box-left text-left\"  >\n\t\t\t\t\t<div class=\"icon-box-img\" style=\"width: 32px\">\n\t\t\t\t<div class=\"icon\">\n\t\t\t\t\t<div class=\"icon-inner\" >\n\t\t\t\t\t\t<img decoding=\"async\" width=\"100\" height=\"83\" src=\"https:\/\/ddoptics.shop\/wp-content\/uploads\/2021\/05\/DDoptics-SHG-Icon.jpg\" class=\"attachment-medium size-medium\" alt=\"Ikona lornetki DDoptics SHG\" title=\"\">\t\t\t\t\t<\/div>\n\t\t\t\t<\/div>\n\t\t\t<\/div>\n\t\t\t\t<div class=\"icon-box-text last-reset\">\n\t\t\t\t\t\t\t\t\t\n<p>Pole widzenia 133 m<\/p>\n\t\t<\/div>\n\t<\/div>\n\t\n\t\n\n\t\t<div class=\"icon-box featured-box icon-box-left text-left\"  >\n\t\t\t\t\t<div class=\"icon-box-img\" style=\"width: 32px\">\n\t\t\t\t<div class=\"icon\">\n\t\t\t\t\t<div class=\"icon-inner\" >\n\t\t\t\t\t\t<img decoding=\"async\" width=\"100\" height=\"83\" src=\"https:\/\/ddoptics.shop\/wp-content\/uploads\/2021\/05\/DDoptics-SHG-Icon.jpg\" class=\"attachment-medium size-medium\" alt=\"Ikona lornetki DDoptics SHG\" title=\"\">\t\t\t\t\t<\/div>\n\t\t\t\t<\/div>\n\t\t\t<\/div>\n\t\t\t\t<div class=\"icon-box-text last-reset\">\n\t\t\t\t\t\t\t\t\t\n<p>Szeroki k\u0105t<\/p>\n\t\t<\/div>\n\t<\/div>\n\t\n\t\n\n\t\t<div class=\"icon-box featured-box icon-box-left text-left\"  >\n\t\t\t\t\t<div class=\"icon-box-img\" style=\"width: 32px\">\n\t\t\t\t<div class=\"icon\">\n\t\t\t\t\t<div class=\"icon-inner\" >\n\t\t\t\t\t\t<img decoding=\"async\" width=\"100\" height=\"83\" src=\"https:\/\/ddoptics.shop\/wp-content\/uploads\/2021\/05\/DDoptics-SHG-Icon.jpg\" class=\"attachment-medium size-medium\" alt=\"Ikona lornetki DDoptics SHG\" title=\"\">\t\t\t\t\t<\/div>\n\t\t\t\t<\/div>\n\t\t\t<\/div>\n\t\t\t\t<div class=\"icon-box-text last-reset\">\n\t\t\t\t\t\t\t\t\t\n<p>\u2705 <strong>Pryzmat dachowy<\/strong><\/p>\n\t\t<\/div>\n\t<\/div>\n\t\n\t\n\n\t\t<div class=\"icon-box featured-box icon-box-left text-left\"  >\n\t\t\t\t\t<div class=\"icon-box-img\" style=\"width: 32px\">\n\t\t\t\t<div class=\"icon\">\n\t\t\t\t\t<div class=\"icon-inner\" >\n\t\t\t\t\t\t<img decoding=\"async\" width=\"100\" height=\"83\" src=\"https:\/\/ddoptics.shop\/wp-content\/uploads\/2021\/05\/DDoptics-SHG-Icon.jpg\" class=\"attachment-medium size-medium\" alt=\"Ikona lornetki DDoptics SHG\" title=\"\">\t\t\t\t\t<\/div>\n\t\t\t\t<\/div>\n\t\t\t<\/div>\n\t\t\t\t<div class=\"icon-box-text last-reset\">\n\t\t\t\t\t\t\t\t\t\n<p>\u2705 <strong>Wytrzyma\u0142a obudowa magnezowa<\/strong><\/p>\n\t\t<\/div>\n\t<\/div>\n\t\n\t\n\n\t\t<div class=\"icon-box featured-box icon-box-left text-left\"  >\n\t\t\t\t\t<div class=\"icon-box-img\" style=\"width: 32px\">\n\t\t\t\t<div class=\"icon\">\n\t\t\t\t\t<div class=\"icon-inner\" >\n\t\t\t\t\t\t<img decoding=\"async\" width=\"100\" height=\"83\" src=\"https:\/\/ddoptics.shop\/wp-content\/uploads\/2021\/05\/DDoptics-SHG-Icon.jpg\" class=\"attachment-medium size-medium\" alt=\"Ikona lornetki DDoptics SHG\" title=\"\">\t\t\t\t\t<\/div>\n\t\t\t\t<\/div>\n\t\t\t<\/div>\n\t\t\t\t<div class=\"icon-box-text last-reset\">\n\t\t\t\t\t\t\t\t\t\n<p>Odpowiedni dla os\u00f3b nosz\u0105cych okulary<\/p>\n\t\t<\/div>\n\t<\/div>\n\t\n\t\n<div class=\"is-divider divider clearfix\" ><\/div>\n\t\t<\/div>\n\t\t\t\t\t<\/div>\n\n\t\n<\/div>\n<h3>Technologia SWAROCLEAN<\/h3>\n<p>Dzi\u0119ki temu <strong>Efekt nieprzywierania sprawia, \u017ce czyszczenie<\/strong> z<strong> Zabrudzenia<\/strong> takich jak plamy z wody, \u015brodki odstraszaj\u0105ce owady lub \u017cywica drzewna.<\/p>\n<h3>Lornetka SWAROVSKI SLC 8\u00d756 - solidny i wszechstronny model<\/h3>\n<p>Z <strong>SLC 8\u00d756<\/strong> utrzymywa\u0107 <strong>Uniwersalna lornetka<\/strong> z wci\u0105\u017c umiarkowan\u0105 wag\u0105 w d\u0142oniach. SLC 8\u00d756 jest solidny przy <strong>ka\u017cd\u0105 pogod\u0119 - dzie\u0144 po dniu i noc po nocy<\/strong>. Imponuje r\u00f3wnie\u017c swoim <strong>Szczeg\u00f3lnie wysoka jako\u015b\u0107 optyczna<\/strong>. Ta solidna i ergonomiczna lornetka b\u0119dzie Ci s\u0142u\u017cy\u0107 przez wiele lat.<\/p>","protected":false},"excerpt":{"rendered":"<h3>Lornetka zmierzchowa Swarovski SLC 8\u00d756<\/h3>\n<ul>\n<li>nowy <strong>Model<\/strong><\/li>\n<li>Bezp\u0142atna dostawa na terenie Niemiec<\/li>\n<li>Wszystkie ceny zawieraj\u0105 podatek VAT.<\/li>\n<\/ul>","protected":false},"featured_media":9251,"comment_status":"open","ping_status":"closed","template":"","meta":{"inline_featured_image":false,"footnotes":""},"product_brand":[],"product_cat":[364,349,67,345,344,237],"product_tag":[75,319,322],"class_list":{"0":"post-9249","1":"product","2":"type-product","3":"status-publish","4":"has-post-thumbnail","6":"product_cat-56-mm-objektiv","7":"product_cat-8x-vergroesserung","8":"product_cat-fernglas","9":"product_cat-jagd-und-wild","10":"product_cat-naturbeobachtung","11":"product_cat-swarovski-optik","12":"product_tag-8x56","13":"product_tag-swarovski","14":"product_tag-swarovski-slc","15":"pa_brand-marke-swarovski","16":"pa_farbe-gruen","17":"pa_produkt-typ-fernglas","19":"first","20":"instock","21":"sale","22":"taxable","23":"shipping-taxable","24":"product-type-external"},"bundled_by":[],"bundle_stock_status":"instock","bundle_stock_quantity":null,"bundle_virtual":false,"bundle_layout":"","bundle_add_to_cart_form_location":"","bundle_editable_in_cart":false,"bundle_sold_individually_context":"","bundle_item_grouping":"","bundle_min_size":"","bundle_max_size":"","bundle_price":[],"bundled_items":[],"bundle_sell_ids":[],"_links":{"self":[{"href":"https:\/\/ddoptics.shop\/pl\/wp-json\/wp\/v2\/product\/9249","targetHints":{"allow":["GET"]}}],"collection":[{"href":"https:\/\/ddoptics.shop\/pl\/wp-json\/wp\/v2\/product"}],"about":[{"href":"https:\/\/ddoptics.shop\/pl\/wp-json\/wp\/v2\/types\/product"}],"replies":[{"embeddable":true,"href":"https:\/\/ddoptics.shop\/pl\/wp-json\/wp\/v2\/comments?post=9249"}],"version-history":[{"count":3,"href":"https:\/\/ddoptics.shop\/pl\/wp-json\/wp\/v2\/product\/9249\/revisions"}],"predecessor-version":[{"id":28504,"href":"https:\/\/ddoptics.shop\/pl\/wp-json\/wp\/v2\/product\/9249\/revisions\/28504"}],"wp:featuredmedia":[{"embeddable":true,"href":"https:\/\/ddoptics.shop\/pl\/wp-json\/wp\/v2\/media\/9251"}],"wp:attachment":[{"href":"https:\/\/ddoptics.shop\/pl\/wp-json\/wp\/v2\/media?parent=9249"}],"wp:term":[{"taxonomy":"product_brand","embeddable":true,"href":"https:\/\/ddoptics.shop\/pl\/wp-json\/wp\/v2\/product_brand?post=9249"},{"taxonomy":"product_cat","embeddable":true,"href":"https:\/\/ddoptics.shop\/pl\/wp-json\/wp\/v2\/product_cat?post=9249"},{"taxonomy":"product_tag","embeddable":true,"href":"https:\/\/ddoptics.shop\/pl\/wp-json\/wp\/v2\/product_tag?post=9249"}],"curies":[{"name":"wp","href":"https:\/\/api.w.org\/{rel}","templated":true}]}}