{"id":9257,"date":"2016-07-23T13:27:47","date_gmt":"2016-07-23T11:27:47","guid":{"rendered":"https:\/\/beta.optik-sport-shop.at\/kaufen\/swarovski-slc-15x56-w-b-fernglas"},"modified":"2025-07-01T12:14:42","modified_gmt":"2025-07-01T10:14:42","slug":"lornetka-swarovski-slc-15x56-w-b","status":"publish","type":"product","link":"https:\/\/ddoptics.shop\/pl\/kaufen\/swarovski-slc-15x56-w-b-fernglas\/","title":{"rendered":"Lornetka Swarovski SLC 15\u00d756 W B"},"content":{"rendered":"<div class=\"row\"  id=\"row-1383358369\">\n\n\t<div id=\"col-1295570464\" class=\"col medium-8 small-12 large-8\"  >\n\t\t\t\t<div class=\"col-inner\"  >\n\t\t\t\n\t\t\t\n<h2>Lornetka SWAROVSKI SLC 15\u00d756 W B<\/h2>\n<p>B\u0119dzie <strong>\u015awiat\u0142o z do\u015bwiadczonym specjalist\u0105 do szczeg\u00f3\u0142\u00f3w na du\u017cych odleg\u0142o\u015bciach<\/strong> z 15-krotnym powi\u0119kszeniem.<\/p>\n<p>The <strong>Lornetka SLC 15\u00d756<\/strong> jest <strong>Specjalista od obserwacji na du\u017ce odleg\u0142o\u015bci.<\/strong> Z jego <strong>Powi\u0119kszenie 15x<\/strong> a zoptymalizowana optyka w po\u0142\u0105czeniu z imponuj\u0105c\u0105 ostro\u015bci\u0105 kraw\u0119dzi umo\u017cliwia <strong>specjalne spostrze\u017cenia - nawet w rozleg\u0142ych obszarach.<\/strong><\/p>\n<p>Wyd\u0142u\u017cone, zag\u0142\u0119bione uchwyty i zr\u00f3wnowa\u017cona waga zapewniaj\u0105 maksymaln\u0105 \u0142atwo\u015b\u0107 u\u017cytkowania.<\/p>\n\t\t<\/div>\n\t\t\t\t\n<style>\n#col-1295570464 > .col-inner {\n  margin: 0px 0px -30px 0px;\n}\n<\/style>\n\t<\/div>\n\n\t\n\n\t<div id=\"col-583925098\" class=\"col medium-4 small-12 large-4\"  >\n\t\t\t\t<div class=\"col-inner\"  >\n\t\t\t\n\t\t\t\n\t<div class=\"img has-hover x md-x lg-x y md-y lg-y\" id=\"image_1132214173\">\n\t\t\t\t\t\t\t\t<div class=\"img-inner dark\" >\n\t\t\t\t\t\t\t\t\t\n\t\t\t\t\t<\/div>\n\t\t\t\t\t\t\t\t\n<style>\n#image_1132214173 {\n  width: 100%;\n}\n<\/style>\n\t<\/div>\n\t\n<h3>Fakty dotycz\u0105ce lornetek Swarovski<\/h3>\n\n\t\t<div class=\"icon-box featured-box icon-box-left text-left\"  >\n\t\t\t\t\t<div class=\"icon-box-img\" style=\"width: 32px\">\n\t\t\t\t<div class=\"icon\">\n\t\t\t\t\t<div class=\"icon-inner\" >\n\t\t\t\t\t\t<img decoding=\"async\" width=\"100\" height=\"83\" src=\"https:\/\/ddoptics.shop\/wp-content\/uploads\/2021\/05\/DDoptics-SHG-Icon.jpg\" class=\"attachment-medium size-medium\" alt=\"Ikona lornetki DDoptics SHG\" title=\"\">\t\t\t\t\t<\/div>\n\t\t\t\t<\/div>\n\t\t\t<\/div>\n\t\t\t\t<div class=\"icon-box-text last-reset\">\n\t\t\t\t\t\t\t\t\t\n<p>10-letnia gwarancja producenta<\/p>\n\t\t<\/div>\n\t<\/div>\n\t\n\t\n\n\t\t<div class=\"icon-box featured-box icon-box-left text-left\"  >\n\t\t\t\t\t<div class=\"icon-box-img\" style=\"width: 32px\">\n\t\t\t\t<div class=\"icon\">\n\t\t\t\t\t<div class=\"icon-inner\" >\n\t\t\t\t\t\t<img decoding=\"async\" width=\"100\" height=\"83\" src=\"https:\/\/ddoptics.shop\/wp-content\/uploads\/2021\/05\/DDoptics-SHG-Icon.jpg\" class=\"attachment-medium size-medium\" alt=\"Ikona lornetki DDoptics SHG\" title=\"\">\t\t\t\t\t<\/div>\n\t\t\t\t<\/div>\n\t\t\t<\/div>\n\t\t\t\t<div class=\"icon-box-text last-reset\">\n\t\t\t\t\t\t\t\t\t\n<p>\u2705 78 m pole widzenia<\/p>\n\t\t<\/div>\n\t<\/div>\n\t\n\t\n\n\t\t<div class=\"icon-box featured-box icon-box-left text-left\"  >\n\t\t\t\t\t<div class=\"icon-box-img\" style=\"width: 32px\">\n\t\t\t\t<div class=\"icon\">\n\t\t\t\t\t<div class=\"icon-inner\" >\n\t\t\t\t\t\t<img decoding=\"async\" width=\"100\" height=\"83\" src=\"https:\/\/ddoptics.shop\/wp-content\/uploads\/2021\/05\/DDoptics-SHG-Icon.jpg\" class=\"attachment-medium size-medium\" alt=\"Ikona lornetki DDoptics SHG\" title=\"\">\t\t\t\t\t<\/div>\n\t\t\t\t<\/div>\n\t\t\t<\/div>\n\t\t\t\t<div class=\"icon-box-text last-reset\">\n\t\t\t\t\t\t\t\t\t\n<p>Szeroki k\u0105t<\/p>\n\t\t<\/div>\n\t<\/div>\n\t\n\t\n\n\t\t<div class=\"icon-box featured-box icon-box-left text-left\"  >\n\t\t\t\t\t<div class=\"icon-box-img\" style=\"width: 32px\">\n\t\t\t\t<div class=\"icon\">\n\t\t\t\t\t<div class=\"icon-inner\" >\n\t\t\t\t\t\t<img decoding=\"async\" width=\"100\" height=\"83\" src=\"https:\/\/ddoptics.shop\/wp-content\/uploads\/2021\/05\/DDoptics-SHG-Icon.jpg\" class=\"attachment-medium size-medium\" alt=\"Ikona lornetki DDoptics SHG\" title=\"\">\t\t\t\t\t<\/div>\n\t\t\t\t<\/div>\n\t\t\t<\/div>\n\t\t\t\t<div class=\"icon-box-text last-reset\">\n\t\t\t\t\t\t\t\t\t\n<p>\u2705 <strong>Pryzmat dachowy<\/strong><\/p>\n\t\t<\/div>\n\t<\/div>\n\t\n\t\n\n\t\t<div class=\"icon-box featured-box icon-box-left text-left\"  >\n\t\t\t\t\t<div class=\"icon-box-img\" style=\"width: 32px\">\n\t\t\t\t<div class=\"icon\">\n\t\t\t\t\t<div class=\"icon-inner\" >\n\t\t\t\t\t\t<img decoding=\"async\" width=\"100\" height=\"83\" src=\"https:\/\/ddoptics.shop\/wp-content\/uploads\/2021\/05\/DDoptics-SHG-Icon.jpg\" class=\"attachment-medium size-medium\" alt=\"Ikona lornetki DDoptics SHG\" title=\"\">\t\t\t\t\t<\/div>\n\t\t\t\t<\/div>\n\t\t\t<\/div>\n\t\t\t\t<div class=\"icon-box-text last-reset\">\n\t\t\t\t\t\t\t\t\t\n<p>\u2705 <strong>Wytrzyma\u0142a obudowa magnezowa<\/strong><\/p>\n\t\t<\/div>\n\t<\/div>\n\t\n\t\n\n\t\t<div class=\"icon-box featured-box icon-box-left text-left\"  >\n\t\t\t\t\t<div class=\"icon-box-img\" style=\"width: 32px\">\n\t\t\t\t<div class=\"icon\">\n\t\t\t\t\t<div class=\"icon-inner\" >\n\t\t\t\t\t\t<img decoding=\"async\" width=\"100\" height=\"83\" src=\"https:\/\/ddoptics.shop\/wp-content\/uploads\/2021\/05\/DDoptics-SHG-Icon.jpg\" class=\"attachment-medium size-medium\" alt=\"Ikona lornetki DDoptics SHG\" title=\"\">\t\t\t\t\t<\/div>\n\t\t\t\t<\/div>\n\t\t\t<\/div>\n\t\t\t\t<div class=\"icon-box-text last-reset\">\n\t\t\t\t\t\t\t\t\t\n<p>Odpowiedni dla os\u00f3b nosz\u0105cych okulary<\/p>\n\t\t<\/div>\n\t<\/div>\n\t\n\t\n<div class=\"is-divider divider clearfix\" ><\/div>\n\t\t<\/div>\n\t\t\t\t\t<\/div>\n\n\t\n<\/div>\n<h3>Technologia SWAROCLEAN<\/h3>\n<p>Dzi\u0119ki temu <strong>Efekt nieprzywierania sprawia, \u017ce czyszczenie<\/strong> z<strong> Zabrudzenia<\/strong> takich jak plamy z wody, \u015brodki odstraszaj\u0105ce owady lub \u017cywica drzewna.<\/p>\n<h3>Lornetka SLC 15\u00d756 - solidny specjalista od d\u0142ugich dystans\u00f3w<\/h3>\n<p>Z <strong>Specjalistyczna lornetka SLC 15\u00d756 z uchwytem<\/strong> przy wci\u0105\u017c umiarkowanej wadze w d\u0142oniach. SLC 15\u00d756 jest solidny przy <strong>ka\u017cd\u0105 pogod\u0119 - dzie\u0144 po dniu<\/strong>. Imponuje r\u00f3wnie\u017c swoim <strong>Szczeg\u00f3lnie wysoka jako\u015b\u0107 optyczna<\/strong>. Ta solidna i ergonomiczna lornetka b\u0119dzie Ci s\u0142u\u017cy\u0107 przez wiele lat.<\/p>","protected":false},"excerpt":{"rendered":"<h3>Lornetka Swarovski SLC 15\u00d756 W B<\/h3>\n<ul>\n<li>nowy <strong>Model<\/strong><\/li>\n<li>Bezp\u0142atna dostawa na terenie Niemiec<\/li>\n<li>Wszystkie ceny zawieraj\u0105 podatek VAT.<\/li>\n<\/ul>","protected":false},"featured_media":9260,"comment_status":"open","ping_status":"closed","template":"","meta":{"inline_featured_image":false,"footnotes":""},"product_brand":[],"product_cat":[353,364,67,237,354],"product_tag":[324,319,322],"class_list":{"0":"post-9257","1":"product","2":"type-product","3":"status-publish","4":"has-post-thumbnail","6":"product_cat-15x-vergroesserung","7":"product_cat-56-mm-objektiv","8":"product_cat-fernglas","9":"product_cat-swarovski-optik","10":"product_cat-vogelbeobachtung","11":"product_tag-15x56","12":"product_tag-swarovski","13":"product_tag-swarovski-slc","14":"pa_brand-marke-swarovski","15":"pa_farbe-gruen","16":"pa_produkt-typ-fernglas","18":"first","19":"instock","20":"taxable","21":"shipping-taxable","22":"product-type-external"},"bundled_by":[],"bundle_stock_status":"instock","bundle_stock_quantity":null,"bundle_virtual":false,"bundle_layout":"","bundle_add_to_cart_form_location":"","bundle_editable_in_cart":false,"bundle_sold_individually_context":"","bundle_item_grouping":"","bundle_min_size":"","bundle_max_size":"","bundle_price":[],"bundled_items":[],"bundle_sell_ids":[],"_links":{"self":[{"href":"https:\/\/ddoptics.shop\/pl\/wp-json\/wp\/v2\/product\/9257","targetHints":{"allow":["GET"]}}],"collection":[{"href":"https:\/\/ddoptics.shop\/pl\/wp-json\/wp\/v2\/product"}],"about":[{"href":"https:\/\/ddoptics.shop\/pl\/wp-json\/wp\/v2\/types\/product"}],"replies":[{"embeddable":true,"href":"https:\/\/ddoptics.shop\/pl\/wp-json\/wp\/v2\/comments?post=9257"}],"version-history":[{"count":3,"href":"https:\/\/ddoptics.shop\/pl\/wp-json\/wp\/v2\/product\/9257\/revisions"}],"predecessor-version":[{"id":28541,"href":"https:\/\/ddoptics.shop\/pl\/wp-json\/wp\/v2\/product\/9257\/revisions\/28541"}],"wp:featuredmedia":[{"embeddable":true,"href":"https:\/\/ddoptics.shop\/pl\/wp-json\/wp\/v2\/media\/9260"}],"wp:attachment":[{"href":"https:\/\/ddoptics.shop\/pl\/wp-json\/wp\/v2\/media?parent=9257"}],"wp:term":[{"taxonomy":"product_brand","embeddable":true,"href":"https:\/\/ddoptics.shop\/pl\/wp-json\/wp\/v2\/product_brand?post=9257"},{"taxonomy":"product_cat","embeddable":true,"href":"https:\/\/ddoptics.shop\/pl\/wp-json\/wp\/v2\/product_cat?post=9257"},{"taxonomy":"product_tag","embeddable":true,"href":"https:\/\/ddoptics.shop\/pl\/wp-json\/wp\/v2\/product_tag?post=9257"}],"curies":[{"name":"wp","href":"https:\/\/api.w.org\/{rel}","templated":true}]}}