{"id":9265,"date":"2016-07-23T14:34:29","date_gmt":"2016-07-23T12:34:29","guid":{"rendered":"https:\/\/beta.optik-sport-shop.at\/kaufen\/zeiss-victory-8x42-ht-fernglas-schwarz"},"modified":"2025-06-27T14:20:31","modified_gmt":"2025-06-27T12:20:31","slug":"lornetka-zeiss-victory-8x42-ht-czarna","status":"publish","type":"product","link":"https:\/\/ddoptics.shop\/pl\/kaufen\/zeiss-victory-8x42-ht-fernglas-schwarz\/","title":{"rendered":"Lornetka Zeiss Victory 8\u00d742 HT - czarna"},"content":{"rendered":"<div class=\"row\"  id=\"row-1913631472\">\n\n\t<div id=\"col-744803238\" class=\"col medium-8 small-12 large-8\"  >\n\t\t\t\t<div class=\"col-inner\"  >\n\t\t\t\n\t\t\t\n<h2>Lornetka Zeiss Victory 8\u00d742 HT - wi\u0119ksza swoboda ruchu w ka\u017cdych warunkach pogodowych<\/h2>\n<p>To jest to, co <strong>Lornetka premium VICTORY HT 8\u00d742<\/strong>. Dzi\u0119ki \u017arenicy wyj\u015bciowej wynosz\u0105cej 5,3 mm <strong>Szczeg\u00f3lnie du\u017ce pole widzenia i 8-krotne powi\u0119kszenie<\/strong> Jest idealny do szerokiego zakresu zastosowa\u0144.<\/p>\n<p>The <strong>przyt\u0142aczaj\u0105ce warto\u015bci transmisji<\/strong> Zapewniaj\u0105 wyj\u0105tkowo jasny obraz nawet w najbardziej niekorzystnych warunkach o\u015bwietleniowych, a tym samym umo\u017cliwiaj\u0105 szczeg\u00f3lnie d\u0142ug\u0105 obserwacj\u0119 - g\u0142\u0119boko w zmierzchu.<\/p>\n<p>Z jego <strong>niska waga<\/strong> Jest to nie tylko niezwykle lekki, ale tak\u017ce niezwykle niezawodny towarzysz dzi\u0119ki solidnemu mostkowi z podw\u00f3jnym ogniwem - z <strong>najwy\u017csza precyzja mechaniczna<\/strong> podczas ustawiania ostro\u015bci.<\/p>\n\t\t<\/div>\n\t\t\t\t\n<style>\n#col-744803238 > .col-inner {\n  margin: 0px 0px -30px 0px;\n}\n<\/style>\n\t<\/div>\n\n\t\n\n\t<div id=\"col-799971560\" class=\"col medium-4 small-12 large-4\"  >\n\t\t\t\t<div class=\"col-inner\"  >\n\t\t\t\n\t\t\t\n\t<div class=\"img has-hover x md-x lg-x y md-y lg-y\" id=\"image_1707225435\">\n\t\t\t\t\t\t\t\t<div class=\"img-inner dark\" >\n\t\t\t\t\t\t\t\t\t\n\t\t\t\t\t<\/div>\n\t\t\t\t\t\t\t\t\n<style>\n#image_1707225435 {\n  width: 100%;\n}\n<\/style>\n\t<\/div>\n\t\n<h3>Fakty dotycz\u0105ce lornetek Zeiss<\/h3>\n\n\t\t<div class=\"icon-box featured-box icon-box-left text-left\"  >\n\t\t\t\t\t<div class=\"icon-box-img\" style=\"width: 32px\">\n\t\t\t\t<div class=\"icon\">\n\t\t\t\t\t<div class=\"icon-inner\" >\n\t\t\t\t\t\t<img decoding=\"async\" width=\"100\" height=\"83\" src=\"https:\/\/ddoptics.shop\/wp-content\/uploads\/2021\/05\/DDoptics-SHG-Icon.jpg\" class=\"attachment-medium size-medium\" alt=\"Ikona lornetki DDoptics SHG\" title=\"\">\t\t\t\t\t<\/div>\n\t\t\t\t<\/div>\n\t\t\t<\/div>\n\t\t\t\t<div class=\"icon-box-text last-reset\">\n\t\t\t\t\t\t\t\t\t\n<p>10-letnia gwarancja producenta<\/p>\n\t\t<\/div>\n\t<\/div>\n\t\n\t\n\n\t\t<div class=\"icon-box featured-box icon-box-left text-left\"  >\n\t\t\t\t\t<div class=\"icon-box-img\" style=\"width: 32px\">\n\t\t\t\t<div class=\"icon\">\n\t\t\t\t\t<div class=\"icon-inner\" >\n\t\t\t\t\t\t<img decoding=\"async\" width=\"100\" height=\"83\" src=\"https:\/\/ddoptics.shop\/wp-content\/uploads\/2021\/05\/DDoptics-SHG-Icon.jpg\" class=\"attachment-medium size-medium\" alt=\"Ikona lornetki DDoptics SHG\" title=\"\">\t\t\t\t\t<\/div>\n\t\t\t\t<\/div>\n\t\t\t<\/div>\n\t\t\t\t<div class=\"icon-box-text last-reset\">\n\t\t\t\t\t\t\t\t\t\n<p>Pole widzenia 136 m<\/p>\n\t\t<\/div>\n\t<\/div>\n\t\n\t\n\n\t\t<div class=\"icon-box featured-box icon-box-left text-left\"  >\n\t\t\t\t\t<div class=\"icon-box-img\" style=\"width: 32px\">\n\t\t\t\t<div class=\"icon\">\n\t\t\t\t\t<div class=\"icon-inner\" >\n\t\t\t\t\t\t<img decoding=\"async\" width=\"100\" height=\"83\" src=\"https:\/\/ddoptics.shop\/wp-content\/uploads\/2021\/05\/DDoptics-SHG-Icon.jpg\" class=\"attachment-medium size-medium\" alt=\"Ikona lornetki DDoptics SHG\" title=\"\">\t\t\t\t\t<\/div>\n\t\t\t\t<\/div>\n\t\t\t<\/div>\n\t\t\t\t<div class=\"icon-box-text last-reset\">\n\t\t\t\t\t\t\t\t\t\n<p>\u2705 Druckwasserdicht<\/p>\n\t\t<\/div>\n\t<\/div>\n\t\n\t\n\n\t\t<div class=\"icon-box featured-box icon-box-left text-left\"  >\n\t\t\t\t\t<div class=\"icon-box-img\" style=\"width: 32px\">\n\t\t\t\t<div class=\"icon\">\n\t\t\t\t\t<div class=\"icon-inner\" >\n\t\t\t\t\t\t<img decoding=\"async\" width=\"100\" height=\"83\" src=\"https:\/\/ddoptics.shop\/wp-content\/uploads\/2021\/05\/DDoptics-SHG-Icon.jpg\" class=\"attachment-medium size-medium\" alt=\"Ikona lornetki DDoptics SHG\" title=\"\">\t\t\t\t\t<\/div>\n\t\t\t\t<\/div>\n\t\t\t<\/div>\n\t\t\t\t<div class=\"icon-box-text last-reset\">\n\t\t\t\t\t\t\t\t\t\n<p>\u2705 SCHOTT HT Glas &#8211; ZEISS T*-Mehrschichtverg\u00fctung<\/p>\n\t\t<\/div>\n\t<\/div>\n\t\n\t\n\n\t\t<div class=\"icon-box featured-box icon-box-left text-left\"  >\n\t\t\t\t\t<div class=\"icon-box-img\" style=\"width: 32px\">\n\t\t\t\t<div class=\"icon\">\n\t\t\t\t\t<div class=\"icon-inner\" >\n\t\t\t\t\t\t<img decoding=\"async\" width=\"100\" height=\"83\" src=\"https:\/\/ddoptics.shop\/wp-content\/uploads\/2021\/05\/DDoptics-SHG-Icon.jpg\" class=\"attachment-medium size-medium\" alt=\"Ikona lornetki DDoptics SHG\" title=\"\">\t\t\t\t\t<\/div>\n\t\t\t\t<\/div>\n\t\t\t<\/div>\n\t\t\t\t<div class=\"icon-box-text last-reset\">\n\t\t\t\t\t\t\t\t\t\n<p>\u2705 Abbe K\u00f6nig Prisma<\/p>\n\t\t<\/div>\n\t<\/div>\n\t\n\t\n\n\t\t<div class=\"icon-box featured-box icon-box-left text-left\"  >\n\t\t\t\t\t<div class=\"icon-box-img\" style=\"width: 32px\">\n\t\t\t\t<div class=\"icon\">\n\t\t\t\t\t<div class=\"icon-inner\" >\n\t\t\t\t\t\t<img decoding=\"async\" width=\"100\" height=\"83\" src=\"https:\/\/ddoptics.shop\/wp-content\/uploads\/2021\/05\/DDoptics-SHG-Icon.jpg\" class=\"attachment-medium size-medium\" alt=\"Ikona lornetki DDoptics SHG\" title=\"\">\t\t\t\t\t<\/div>\n\t\t\t\t<\/div>\n\t\t\t<\/div>\n\t\t\t\t<div class=\"icon-box-text last-reset\">\n\t\t\t\t\t\t\t\t\t\n<p>Magnezowa obudowa<\/p>\n\t\t<\/div>\n\t<\/div>\n\t\n\t\n<div class=\"is-divider divider clearfix\" ><\/div>\n\t\t<\/div>\n\t\t\t\t\t<\/div>\n\n\t\n<\/div>\n<h3>Innowacyjna koncepcja optyczna: wsp\u00f3\u0142dzia\u0142anie soczewek SCHOTT HT, wielowarstwowej pow\u0142oki ZEISS T* i systemu pryzmat\u00f3w Abbe-K\u00f6nig.<\/h3>\n<p>Niezr\u00f3wnana jasno\u015b\u0107 dzi\u0119ki <strong>Skrzynia bieg\u00f3w od 95%<\/strong> i wi\u0119cej. Innowacyjna koncepcja optyczna lornetek z serii VICTORY HT zapewnia wyj\u0105tkow\u0105 warto\u015b\u0107 szczytow\u0105. Jest to mo\u017cliwe dzi\u0119ki doskona\u0142emu wsp\u00f3\u0142dzia\u0142aniu <strong>Soczewki SCHOTT HT, wielowarstwowa pow\u0142oka ZEISS T* i system pryzmat\u00f3w Abbe-K\u00f6nig.<\/strong><\/p>\n<p>Dzi\u0119ki temu pot\u0119\u017cnemu pakietowi innowacji mo\u017cesz obserwowa\u0107 d\u0142u\u017cej ni\u017c kiedykolwiek wcze\u015bniej, na przyk\u0142ad podczas polowania - nawet w najg\u0142\u0119bszym zmierzchu.<\/p>\n<h3>Zeiss Victory 8\u00d742 - Ergonomiczna koncepcja komfortowego ogniskowania dla maksymalnej ergonomii u\u017cytkownika<\/h3>\n<p>Zapewnia to <strong>innowacyjna koncepcja Comfort Focus z ko\u0142em ogniskuj\u0105cym.<\/strong> Uderzaj\u0105co du\u017cy, jest umieszczony daleko z przodu na mostku. Pozwala to na obs\u0142ug\u0119 pokr\u0119t\u0142a ustawiania ostro\u015bci palcem wskazuj\u0105cym w ca\u0142kowicie zrelaksowany spos\u00f3b - nawet w r\u0119kawiczkach. D\u0142ugie prze\u0142o\u017cenie pozwala na szybkie i precyzyjne ustawienie ostro\u015bci.<\/p>\n<h3>Niezwykle wytrzyma\u0142y mostek z podw\u00f3jnym ogniwem w Zeiss Victory 8\u00d742<\/h3>\n<p><strong>Najwy\u017csza precyzja i maksymalna \u017cywotno\u015b\u0107<\/strong> jest gwarantowana przez niezwykle wytrzyma\u0142\u0105 konstrukcj\u0119. Obudowa z innowacyjnym podw\u00f3jnym mostkiem jest wykonana z bardzo wytrzyma\u0142ego, a jednocze\u015bnie super lekkiego magnezu. Pokr\u0119t\u0142o regulacji ostro\u015bci jest bezpiecznie osadzone w obudowie. Oznacza to, \u017ce lornetki klasy premium VICTORY HT s\u0105 idealnie przystosowane do nawet najtrudniejszych warunk\u00f3w u\u017cytkowania.<\/p>\n<h3>Genialna koncepcja FL<\/h3>\n<p><strong>Najja\u015bniejsze lornetki s\u0105 r\u00f3wnie\u017c najja\u015bniejsze.<\/strong> Wypr\u00f3bowana i przetestowana koncepcja FL podnosi decyduj\u0105ce kryteria ostro\u015bci obrazu i blasku kolor\u00f3w na nowy poziom. Dzi\u0119ki zastosowaniu specjalnych soczewek zawieraj\u0105cych fluor, praktycznie nie wida\u0107 ju\u017c kolorowych obw\u00f3dek. Koncepcja FL gwarantuje wyj\u0105tkow\u0105 wydajno\u015b\u0107 obrazowania i obrazy o wysokim kontra\u015bcie.<\/p>\n<h3>Pow\u0142oka LotuTec<\/h3>\n<p>Ciesz si\u0119 fascynuj\u0105c\u0105 jako\u015bci\u0105 obrazu w ka\u017cdych warunkach pogodowych. Pow\u0142oka LotuTec\u00ae zapewnia, \u017ce <strong>Woda natychmiast sp\u0142ywa z soczewki, a brud mo\u017cna usun\u0105\u0107 \u0142atwo, delikatnie i bez pozostawiania \u015blad\u00f3w.<\/strong><\/p>\n<h3>Wnioski dotycz\u0105ce lornetki Zeiss Victory 8\u00d742 HT<\/h3>\n<p>Niezwykle wytrzyma\u0142y i \u0142atwy w obs\u0142udze - w <strong>Je\u015bli chodzi o ergonomi\u0119, lornetka Zeiss Victory 8\u00d742 HT jest imponuj\u0105ca.<\/strong> Jednocze\u015bnie jest bardzo odporna na warunki atmosferyczne, dzi\u0119ki czemu mo\u017ce by\u0107 u\u017cywana r\u00f3wnie\u017c w z\u0142ych warunkach pogodowych. Nie zapominaj\u0105c o optyce, kt\u00f3ra dzi\u0119ki wysokim warto\u015bciom transmisji i wysokiej jako\u015bci funkcjom zapewnia wyra\u017ane i jasne widzenie. <strong>Ostry obraz a\u017c po same kraw\u0119dzie<\/strong> zapewnia. Przy obecnej cenie wynosz\u0105cej oko\u0142o 1,706 euro, otrzymujesz pot\u0119\u017cnego towarzysza, kt\u00f3ry jest r\u00f3wnie\u017c obj\u0119ty 10-letni\u0105 gwarancj\u0105 producenta.<\/p>","protected":false},"excerpt":{"rendered":"<h3>Wysokiej jako\u015bci lornetka VICTORY HT 8\u00d742 T* firmy ZEISS<\/h3>\n<ul>\n<li>Bezp\u0142atna dostawa na terenie Niemiec<\/li>\n<li>Wszystkie ceny zawieraj\u0105 podatek VAT.<\/li>\n<\/ul>","protected":false},"featured_media":9267,"comment_status":"open","ping_status":"closed","template":"","meta":{"inline_featured_image":false,"footnotes":""},"product_brand":[],"product_cat":[362,349,358,345,344,346,238],"product_tag":[91,328,774],"class_list":{"0":"post-9265","1":"product","2":"type-product","3":"status-publish","4":"has-post-thumbnail","6":"product_cat-42-mm-objektiv","7":"product_cat-8x-vergroesserung","8":"product_cat-fernglas-objektivdurchmesser","9":"product_cat-jagd-und-wild","10":"product_cat-naturbeobachtung","11":"product_cat-wandern-und-reisen","12":"product_cat-zeiss-sport-optik","13":"product_tag-8x42","14":"product_tag-zeiss","15":"product_tag-zeiss-victory","16":"pa_brand-marke-zeiss","17":"pa_farbe-schwarz","18":"pa_produkt-typ-fernglas","20":"first","21":"instock","22":"taxable","23":"shipping-taxable","24":"product-type-external"},"bundled_by":[],"bundle_stock_status":"instock","bundle_stock_quantity":null,"bundle_virtual":false,"bundle_layout":"","bundle_add_to_cart_form_location":"","bundle_editable_in_cart":false,"bundle_sold_individually_context":"","bundle_item_grouping":"","bundle_min_size":"","bundle_max_size":"","bundle_price":[],"bundled_items":[],"bundle_sell_ids":[],"_links":{"self":[{"href":"https:\/\/ddoptics.shop\/pl\/wp-json\/wp\/v2\/product\/9265","targetHints":{"allow":["GET"]}}],"collection":[{"href":"https:\/\/ddoptics.shop\/pl\/wp-json\/wp\/v2\/product"}],"about":[{"href":"https:\/\/ddoptics.shop\/pl\/wp-json\/wp\/v2\/types\/product"}],"replies":[{"embeddable":true,"href":"https:\/\/ddoptics.shop\/pl\/wp-json\/wp\/v2\/comments?post=9265"}],"version-history":[{"count":7,"href":"https:\/\/ddoptics.shop\/pl\/wp-json\/wp\/v2\/product\/9265\/revisions"}],"predecessor-version":[{"id":28477,"href":"https:\/\/ddoptics.shop\/pl\/wp-json\/wp\/v2\/product\/9265\/revisions\/28477"}],"wp:featuredmedia":[{"embeddable":true,"href":"https:\/\/ddoptics.shop\/pl\/wp-json\/wp\/v2\/media\/9267"}],"wp:attachment":[{"href":"https:\/\/ddoptics.shop\/pl\/wp-json\/wp\/v2\/media?parent=9265"}],"wp:term":[{"taxonomy":"product_brand","embeddable":true,"href":"https:\/\/ddoptics.shop\/pl\/wp-json\/wp\/v2\/product_brand?post=9265"},{"taxonomy":"product_cat","embeddable":true,"href":"https:\/\/ddoptics.shop\/pl\/wp-json\/wp\/v2\/product_cat?post=9265"},{"taxonomy":"product_tag","embeddable":true,"href":"https:\/\/ddoptics.shop\/pl\/wp-json\/wp\/v2\/product_tag?post=9265"}],"curies":[{"name":"wp","href":"https:\/\/api.w.org\/{rel}","templated":true}]}}