{"id":9915,"date":"2016-08-29T18:01:32","date_gmt":"2016-08-29T16:01:32","guid":{"rendered":"https:\/\/beta.optik-sport-shop.at\/?post_type=product&#038;p=9915"},"modified":"2025-10-03T11:56:31","modified_gmt":"2025-10-03T09:56:31","slug":"silny-lek-dla-zwierzat-naturalna-apteka","status":"publish","type":"product","link":"https:\/\/ddoptics.shop\/pl\/kaufen\/tierisch-starke-medizin-natuerliche-apotheke\/","title":{"rendered":"Ksi\u0105\u017cka medyczna: Bestialsko silny lek - \u0142owiectwo i medycyna naturalna"},"content":{"rendered":"<h2 class=\"ncTitle\"><span class=\"ncTitleSub\"><span class=\"oSubTitle\">Ksi\u0119ga medycyny naturalnej: Prawdziwe, zapomniane, mityczne i mistyczne fakty o cudownej uzdrawiaj\u0105cej mocy naszych dzikich zwierz\u0105t<br \/>\n<\/span><\/span><\/h2>\n<p>Nawet wcze\u015bniej <strong>Tysi\u0105ce lat temu ludzie (my\u015bliwi-zbieracze) uznali, \u017ce<\/strong> specjalny <strong>uzdrawiaj\u0105ce dary naszych zwierz\u0105t<\/strong>, kt\u00f3ry <strong>wykraczaj\u0105 daleko poza zwyk\u0142\u0105 konsumpcj\u0119 mi\u0119sa.<\/strong> Chocia\u017c cia\u0142a zwierz\u0105t kryj\u0105 dla nas wiele innych skarb\u00f3w, wiedza ta nie jest ju\u017c zbyt rozpowszechniona. Chcemy wyruszy\u0107 na poszukiwanie \u015blad\u00f3w tej niemal zapomnianej tradycji i odkry\u0107 j\u0105 na nowo. <strong>Naturalne dobro dla naszego zdrowia<\/strong> zachowa\u0107.<\/p>\n<p>Opr\u00f3cz <strong>niezwykle wa\u017cna rola etyki i uczciwo\u015bci w \u0142owiectwie<\/strong>, ta ksi\u0105\u017cka dotyczy <strong>Produkcja ma\u015bci z t\u0142uszcz\u00f3w i olej\u00f3w zwierz\u0119cych<\/strong>, kt\u00f3re s\u0105 przygotowywane wed\u0142ug starych tradycyjnych receptur, takich jak:<\/p>\n<ul>\n<li>Ma\u015bci z borsuka<\/li>\n<li>Ma\u015bci Marmot<\/li>\n<li>Ma\u015bci z jelenia<\/li>\n<li>Ma\u015b\u0107 na irch\u0119<\/li>\n<li>i wiele wi\u0119cej.<\/li>\n<\/ul>\n<p>The <strong>Zabicie zwierz\u0119cia przez my\u015bliwego<\/strong> by\u0142 przez wiele pokole\u0144 <strong>nie tylko w celu zapewnienia \u017cywno\u015bci<\/strong> po\u015bwi\u0119cony zwierz\u0119ciu. Zamiast tego ca\u0142e zwierz\u0119 by\u0142o u\u017cywane i wykorzystywane tak ostro\u017cnie, jak to tylko mo\u017cliwe. Znaczna jego cz\u0119\u015b\u0107 s\u0142u\u017cy\u0142a <strong>Ludzie jako \u015brodek zaradczy.<\/strong><\/p>\n<p>The <strong>Znajomo\u015b\u0107 efektu leczniczego<\/strong> by\u0142 rozwijany przez d\u0142ugi czas <strong>przekazywane ustnie z pokolenia na pokolenie<\/strong>. Ten \u0142a\u0144cuch <strong>Transfer wiedzy<\/strong> wydaje si\u0119 by\u0107 coraz kr\u00f3tszy i <strong>s\u0142abszy<\/strong> sta\u0107 si\u0119. Celem tej ksi\u0105\u017cki jest<strong> zachowanie wielkiej wiedzy o \u201c\u0142owiectwie i farmacji le\u015bnej\u201d jako dobra kulturowego i przyrodniczego<\/strong> i uzupe\u0142ni\u0107 je nowymi odkryciami nauki i bada\u0144. Wiele prostych starych i nowych przepis\u00f3w na zdrowie, urod\u0119 i dobre samopoczucie sprawi, \u017ce b\u0119dziesz chcia\u0142 ponownie zastosowa\u0107 te odkrycia w praktyce.<\/p>\n<p>W tej ksi\u0105\u017cce - Barbara Hoflacher pracuje obecnie nad rozszerzonym 2. wydaniem - stara si\u0119 wykorzysta\u0107 wszystkie <strong>stara wiedza i do\u015bwiadczenie maj\u0105 by\u0107 gromadzone i archiwizowane<\/strong>. Dzi\u0119ki najnowszemu <strong>Wyniki bada\u0144 naukowych<\/strong> Stara m\u0105dro\u015b\u0107 powinna by\u0107 uzupe\u0142niana i potwierdzana. Dziedzictwo naszych przodk\u00f3w powinno by\u0107 nie tylko zachowane, chcemy r\u00f3wnie\u017c wnie\u015b\u0107 wk\u0142ad w przysz\u0142e pokolenia.<\/p>\n<p>The <strong>Autor Barbara Hoflacher<\/strong> zarz\u0105dza <strong>Plenerowa szko\u0142a aromaterapii i ro\u015blin leczniczych w Tyrolu<\/strong>. Jako entuzjastka sport\u00f3w g\u00f3rskich i we wszystkich ich aspektach jest przedmiotem szczeg\u00f3lnej troski. Jako m\u0142ody my\u015bliwy, natura i naturopatia s\u0105 bliskie jej sercu.<\/p>\n<h3>Nasze do\u015bwiadczenie: Czytanie tej ksi\u0105\u017cki o naturalnym uzdrawianiu <span class=\"ncTitleSub\"><span class=\"oSubTitle\">\u015bwiadomy tego, co prawdziwe i zapomniane<br \/>\n<\/span><\/span><\/h3>\n<p>Je\u015bli ju\u017c o tym m\u00f3wimy <strong>Ksi\u0105\u017cka o medycynie naturalnej \u201cUzdrawiaj\u0105ca moc t\u0142uszcz\u00f3w zwierz\u0119cych<\/strong>\u201d, oszcz\u0119dziliby\u015bmy sobie do\u015bwiadcze\u0144 z naszym \u015bwistakiem i sko\u0144czyliby\u015bmy z doskona\u0142\u0105 ma\u015bci\u0105 \u015bwistaka zamiast czego\u015b zniszczonego.<\/p>\n<p>Ale poniewa\u017c o tym nie wiedzieli\u015bmy, nasze do\u015bwiadczenie by\u0142o takie: <strong>T\u0142uszcz Marmota podgrzany o wiele za mocno<\/strong> oraz<strong> okropny zapach<\/strong> we w\u0142asnych czterech \u015bcianach.<\/p>\n<p>Wniosek: to <strong>Ksi\u0105\u017cka Naturopatia<\/strong> ze zwierz\u0119tami otwiera oczy i od razu zdajemy sobie spraw\u0119, \u017ce wielu my\u015bliwych ju\u017c <strong>Wiele wiedzy zosta\u0142o utracone<\/strong> odesz\u0142a. Ten zbi\u00f3r tradycyjnej wiedzy i nowych receptur, uzupe\u0142niony naukowymi odkryciami i zdj\u0119ciami, to prawdziwy skarb dla ka\u017cdego zainteresowanego tradycyjnymi domowymi lekami!!!<\/p>","protected":false},"excerpt":{"rendered":"<h3>Wskaz\u00f3wka dotycz\u0105ca najlepszej ksi\u0105\u017cki: Tierisch starke Medizin - Medycyna naturalna<\/h3>\n<h4>od 14,95<\/h4>\n<p>Do kupienia w:<\/p>\n<a href=\"https:\/\/www.amazon.de\/gp\/product\/3863862813\/ref=as_li_tl?ie=UTF8&#038;camp=1638&#038;creative=19454&#038;creativeASIN=3863862813&#038;linkCode=as2&#038;tag=optsposho-21&#038;linkId=LEWC6AKA77YYIQUX\" target=\"_blank\" class=\"button success is-success is-medium\" rel=\"nofollow noopener\" >\n\t\t<span>Amazon<\/span>\n\t<\/a>\n\n<a href=\"http:\/\/ad.zanox.com\/ppc\/?30283886C42456355&#038;ULP=http:\/\/www.thalia.de\/shop\/home\/suche\/?sq=tierisch+starke+medizin&#038;sswg=ANY&#038;timestamp=1423159154283&#038;ProvID=10911378\" target=\"_blank\" class=\"button success is-success is-medium\" rel=\"nofollow noopener\" >\n\t\t<span>THALIA NIEMCY<\/span>\n\t<\/a>\n\n<a href=\"http:\/\/ad.zanox.com\/ppc\/?30284203C81391933&#038;ULP=http:\/\/www.thalia.at\/shop\/home\/suche\/?sq=tirisch+starke+medizin&#038;sswg=ANY&#038;timestamp=1423159146801&#038;ProvID=10910929\" target=\"_blank\" class=\"button success is-success is-medium\" rel=\"nofollow noopener\" >\n\t\t<span>THALIA AUSTRIA<\/span>\n\t<\/a>","protected":false},"featured_media":9916,"comment_status":"open","ping_status":"closed","template":"","meta":{"inline_featured_image":false,"footnotes":""},"product_brand":[],"product_cat":[74],"product_tag":[422,423,424],"class_list":{"0":"post-9915","1":"product","2":"type-product","3":"status-publish","4":"has-post-thumbnail","6":"product_cat-buchtipps-buecher","7":"product_tag-buchtipp","8":"product_tag-medizinbuch","9":"product_tag-naturheilkunde-buch","11":"first","12":"instock","13":"taxable","14":"shipping-taxable","15":"product-type-simple"},"bundled_by":[],"bundle_stock_status":"instock","bundle_stock_quantity":null,"bundle_virtual":false,"bundle_layout":"","bundle_add_to_cart_form_location":"","bundle_editable_in_cart":false,"bundle_sold_individually_context":"","bundle_item_grouping":"","bundle_min_size":"","bundle_max_size":"","bundle_price":[],"bundled_items":[],"bundle_sell_ids":[],"_links":{"self":[{"href":"https:\/\/ddoptics.shop\/pl\/wp-json\/wp\/v2\/product\/9915","targetHints":{"allow":["GET"]}}],"collection":[{"href":"https:\/\/ddoptics.shop\/pl\/wp-json\/wp\/v2\/product"}],"about":[{"href":"https:\/\/ddoptics.shop\/pl\/wp-json\/wp\/v2\/types\/product"}],"replies":[{"embeddable":true,"href":"https:\/\/ddoptics.shop\/pl\/wp-json\/wp\/v2\/comments?post=9915"}],"version-history":[{"count":1,"href":"https:\/\/ddoptics.shop\/pl\/wp-json\/wp\/v2\/product\/9915\/revisions"}],"predecessor-version":[{"id":29108,"href":"https:\/\/ddoptics.shop\/pl\/wp-json\/wp\/v2\/product\/9915\/revisions\/29108"}],"wp:featuredmedia":[{"embeddable":true,"href":"https:\/\/ddoptics.shop\/pl\/wp-json\/wp\/v2\/media\/9916"}],"wp:attachment":[{"href":"https:\/\/ddoptics.shop\/pl\/wp-json\/wp\/v2\/media?parent=9915"}],"wp:term":[{"taxonomy":"product_brand","embeddable":true,"href":"https:\/\/ddoptics.shop\/pl\/wp-json\/wp\/v2\/product_brand?post=9915"},{"taxonomy":"product_cat","embeddable":true,"href":"https:\/\/ddoptics.shop\/pl\/wp-json\/wp\/v2\/product_cat?post=9915"},{"taxonomy":"product_tag","embeddable":true,"href":"https:\/\/ddoptics.shop\/pl\/wp-json\/wp\/v2\/product_tag?post=9915"}],"curies":[{"name":"wp","href":"https:\/\/api.w.org\/{rel}","templated":true}]}}