{"id":9922,"date":"2016-08-29T20:16:29","date_gmt":"2016-08-29T18:16:29","guid":{"rendered":"https:\/\/beta.optik-sport-shop.at\/kaufen\/kochbuch-jaeger-kochen-wild"},"modified":"2025-10-03T11:55:00","modified_gmt":"2025-10-03T09:55:00","slug":"ksiazka-kucharska-jaeger-cook-wild","status":"publish","type":"product","link":"https:\/\/ddoptics.shop\/pl\/kaufen\/kochbuch-jaeger-kochen-wild\/","title":{"rendered":"Ksi\u0105\u017cka kucharska: My\u015bliwi gotuj\u0105 dziczyzn\u0119"},"content":{"rendered":"<h2>Gwiazdy zapraszaj\u0105 na misk\u0119 z ksi\u0105\u017ck\u0105 kucharsk\u0105<\/h2>\n<p><strong>Wybitni my\u015bliwi<\/strong> gotowa\u0107 dla Ciebie. The <strong>My\u015bliwska ksi\u0105\u017cka kucharska<\/strong> z efektem spojrzenia w bok: <strong>Wybitni austriaccy my\u015bliwi<\/strong> ujawniaj\u0105 swoje ulubione przepisy na dziczyzn\u0119, \u201cdoprawione\u201d mn\u00f3stwem opowie\u015bci o polowaniach.<br \/>\nDo \u201cdawc\u00f3w przepis\u00f3w\u201d nale\u017c\u0105 na przyk\u0142ad hrabiowie Bernhard i Hans Georg Kinsky; cesarski hrabia Gundaccar Wurmbrand-Stuppach, kierownik sprzeda\u017cy w Steyr-Mannlicher; ksi\u0105\u017c\u0119 Louis zu Sayn-Wittgenstein-Sayn, dyrektor zarz\u0105dzaj\u0105cy G\u00f6ssl Gwandhaus; hrabia Friedrich Hardegg; Hubert St\u00f6hr, piwowar i dyrektor zarz\u0105dzaj\u0105cy Brauerei Schloss Eggenberg; hrabia Alfons Mensdorff-Pouilly; Benedikt hrabia Segur-Cabanac, dyrektor zarz\u0105dzaj\u0105cy BioTech GmbH; Christian Springer, dyrektor zarz\u0105dzaj\u0105cy Johann Springer's Erben GmbH i inni.<br \/>\nThe <strong>Zakres przepis\u00f3w gry<\/strong> rozci\u0105ga si\u0119 od <strong>Ragout z dziczyzny z czekolad\u0105 i siod\u0142em z dziczyzny w sosie z piwa bock, gulasz z kozicy Altaussee, pierogi z dziczyzn\u0105 i tatar z dziczyzny, terrina z ba\u017canta, go\u0142\u0119bie zawijane w boczek, sugo z kr\u00f3lika i na koniec pierogi z kozicy na s\u0142odko.<\/strong>, sznaps orzechowy i przyprawiony szwajcarski sznaps sosnowy.<\/p>\n<h3>Autorzy ksi\u0105\u017cki kucharskiej z grami<\/h3>\n<p>Lisa Helena Lensing pracuje w bran\u017cy komunikacyjnej i sama jest my\u015bliwym. Paul Lensing, z wykszta\u0142cenia architekt, pracuje g\u0142\u00f3wnie w dziedzinie zr\u00f3wnowa\u017conego rozwoju i widzi du\u017cy potencja\u0142 w tym obszarze, zw\u0142aszcza w <strong>Dziczyzna to idealne jedzenie.<\/strong> Joseph Gasteiger-Rabensteiner ma rodzinn\u0105 tradycj\u0119 my\u015bliwsk\u0105 i od dawna zajmuje si\u0119 fotografi\u0105 r\u00f3wnolegle z codzienn\u0105 prac\u0105 w bran\u017cy nieruchomo\u015bci.<\/p>\n<h3>\u015awietna ksi\u0105\u017cka kucharska - odpowiednia na prezent dla wszystkich my\u015bliwych i kucharzy amator\u00f3w<\/h3>\n<p>The <strong>Ksi\u0105\u017cka kucharska z dziczyzn\u0105<\/strong> jest <strong>Dobrze zilustrowane i pe\u0142ne humoru historie<\/strong> zach\u0119caj\u0105ca do czytania i gotowania. Odkryjesz fantastyczne przepisy bezpo\u015brednio od tych, kt\u00f3rzy powinni wiedzie\u0107 najlepiej - my\u015bliwych. <strong>A<\/strong>jednak<strong> oferuje znacznie wi\u0119cej ni\u017c tylko przepisy.<\/strong> Anegdoty i podstawowe informacje na temat \u0142owiectwa sprawiaj\u0105, \u017ce jest to zabawna i pouczaj\u0105ca lektura dla ka\u017cdego, kto chce dowiedzie\u0107 si\u0119 wi\u0119cej o polowaniu. Ksi\u0105\u017cka kucharska jest z pewno\u015bci\u0105 <strong>\u015awietny dodatek do dobrze znanych przepis\u00f3w na gry<\/strong> i z pewno\u015bci\u0105 sprawi ci przyjemno\u015b\u0107!<\/p>","protected":false},"excerpt":{"rendered":"<h3>Ksi\u0105\u017cka kucharska: My\u015bliwi gotuj\u0105 dziczyzn\u0119<\/h3>\n<h4>od 39,90<\/h4>\n<p>Do kupienia w:<\/p>\n<a href=\"https:\/\/www.amazon.de\/gp\/product\/3702013695\/ref=as_li_tl?ie=UTF8&#038;camp=1638&#038;creative=19454&#038;creativeASIN=3702013695&#038;linkCode=as2&#038;tag=optsposho-21&#038;linkId=VJEQQZ25YBVJ4BO2\" target=\"_blank\" class=\"button success is-success is-medium\" rel=\"nofollow noopener\" >\n\t\t<span>Amazon<\/span>\n\t<\/a>\n\n<a href=\"http:\/\/ad.zanox.com\/ppc\/?30283886C42456355&#038;ULP=http:\/\/www.thalia.de\/shop\/home\/suchartikel\/jaeger_kochen_wild\/lisa_lensing\/ISBN3-7020-1369-5\/ID32253324.html?fftrk=2%3A2%3A10%3A10%3A1&#038;jumpId=3946928&#038;ProvID=10911378\" target=\"_blank\" class=\"button success is-success is-medium\" rel=\"nofollow noopener\" >\n\t\t<span>THALIA NIEMCY<\/span>\n\t<\/a>\n\n<a href=\"http:\/\/ad.zanox.com\/ppc\/?30284203C81391933&#038;ULP=http:\/\/www.thalia.at\/shop\/home\/suchartikel\/jaeger_kochen_wild\/lisa_lensing\/ISBN3-7020-1369-5\/ID32253324.html?fftrk=2%3A2%3A10%3A10%3A1&#038;jumpId=12137031&#038;ProvID=10910929\" target=\"_blank\" class=\"button success is-success is-medium\" rel=\"nofollow noopener\" >\n\t\t<span>THALIA AUSTRIA<\/span>\n\t<\/a>","protected":false},"featured_media":9926,"comment_status":"open","ping_status":"closed","template":"","meta":{"inline_featured_image":false,"footnotes":""},"product_brand":[],"product_cat":[74],"product_tag":[422,425],"class_list":{"0":"post-9922","1":"product","2":"type-product","3":"status-publish","4":"has-post-thumbnail","6":"product_cat-buchtipps-buecher","7":"product_tag-buchtipp","8":"product_tag-wild-kochbuch","10":"first","11":"instock","12":"taxable","13":"shipping-taxable","14":"product-type-simple"},"bundled_by":[],"bundle_stock_status":"instock","bundle_stock_quantity":null,"bundle_virtual":false,"bundle_layout":"","bundle_add_to_cart_form_location":"","bundle_editable_in_cart":false,"bundle_sold_individually_context":"","bundle_item_grouping":"","bundle_min_size":"","bundle_max_size":"","bundle_price":[],"bundled_items":[],"bundle_sell_ids":[],"_links":{"self":[{"href":"https:\/\/ddoptics.shop\/pl\/wp-json\/wp\/v2\/product\/9922","targetHints":{"allow":["GET"]}}],"collection":[{"href":"https:\/\/ddoptics.shop\/pl\/wp-json\/wp\/v2\/product"}],"about":[{"href":"https:\/\/ddoptics.shop\/pl\/wp-json\/wp\/v2\/types\/product"}],"replies":[{"embeddable":true,"href":"https:\/\/ddoptics.shop\/pl\/wp-json\/wp\/v2\/comments?post=9922"}],"version-history":[{"count":1,"href":"https:\/\/ddoptics.shop\/pl\/wp-json\/wp\/v2\/product\/9922\/revisions"}],"predecessor-version":[{"id":29106,"href":"https:\/\/ddoptics.shop\/pl\/wp-json\/wp\/v2\/product\/9922\/revisions\/29106"}],"wp:featuredmedia":[{"embeddable":true,"href":"https:\/\/ddoptics.shop\/pl\/wp-json\/wp\/v2\/media\/9926"}],"wp:attachment":[{"href":"https:\/\/ddoptics.shop\/pl\/wp-json\/wp\/v2\/media?parent=9922"}],"wp:term":[{"taxonomy":"product_brand","embeddable":true,"href":"https:\/\/ddoptics.shop\/pl\/wp-json\/wp\/v2\/product_brand?post=9922"},{"taxonomy":"product_cat","embeddable":true,"href":"https:\/\/ddoptics.shop\/pl\/wp-json\/wp\/v2\/product_cat?post=9922"},{"taxonomy":"product_tag","embeddable":true,"href":"https:\/\/ddoptics.shop\/pl\/wp-json\/wp\/v2\/product_tag?post=9922"}],"curies":[{"name":"wp","href":"https:\/\/api.w.org\/{rel}","templated":true}]}}