{"id":9927,"date":"2016-08-29T20:27:41","date_gmt":"2016-08-29T18:27:41","guid":{"rendered":"https:\/\/beta.optik-sport-shop.at\/kaufen\/kochbuch-wild-grillen-tom-heinzle"},"modified":"2025-10-03T11:54:24","modified_gmt":"2025-10-03T09:54:24","slug":"ksiazka-kucharska-dzikie-grillowanie-tom-heinzle","status":"publish","type":"product","link":"https:\/\/ddoptics.shop\/pl\/kaufen\/kochbuch-wild-grillen-tom-heinzle\/","title":{"rendered":"Ksi\u0105\u017cka kucharska: Dzikie grillowanie by Tom Heinzle"},"content":{"rendered":"<h2>Ksi\u0105\u017cka kucharska Wild Grilling - absolutny niezb\u0119dnik ka\u017cdego grillowicza!<\/h2>\n<p><strong>Tom Heinzle, wicemistrz \u015bwiata w grillowaniu<\/strong> i autor bestsellera \u201cWintergrillen\u201d prezentuje wraz ze swoim <strong>Ksi\u0105\u017cka kucharska - najbardziej kompleksowy zbi\u00f3r przepis\u00f3w na temat grillowania dziczyzny<\/strong> przed.<\/p>\n<p>Wild to <strong>Zr\u00f3wnowa\u017cone, niskot\u0142uszczowe i cholernie smaczne<\/strong> - Oto innowacyjne przepisy na grilla od wschodz\u0105cej gwiazdy sceny grillowania.<\/p>\n<h3>Grillowanie wielu r\u00f3\u017cnych rodzaj\u00f3w dziczyzny<\/h3>\n<p>Czy<strong> Burger z dziczyzny, filet z dziczyzny z jajkiem przepi\u00f3rczym lub szarpana wieprzowina z dzika<\/strong> - Przepisy Toma s\u0105 zmys\u0142owe, kreatywne i zawieraj\u0105<strong> Pewny instynkt do kombinacji smakowych.<\/strong> Nagrania przestrzenne w autentycznym otoczeniu pozwalaj\u0105 <strong>Serca fan\u00f3w gier i grillowania<\/strong> bi\u0107 szybciej. Ta ksi\u0105\u017cka jest absolutn\u0105 \u201ckonieczno\u015bci\u0105\u201d dla ka\u017cdego grillowicza.<\/p>\n<h3>Dla ka\u017cdego, kto szuka niezwyk\u0142ych przepis\u00f3w na grilla z dziczyzn\u0105<\/h3>\n<p>Jak mo\u017cna si\u0119 domy\u015bli\u0107 po tytule, wszystko tutaj kr\u0119ci si\u0119 wok\u00f3\u0142 <strong>Kuchnia gier<\/strong>. S\u0105 takie klasyki jak pulled pork, ale oczywi\u015bcie z dzika, a tak\u017ce \u017ceberka i kilka innych klasyk\u00f3w. Daleko im do klasycznego wikdragout z <strong>Kuchnia babci zinterpretowana na nowo z dziczyzn\u0105.<\/strong> The <strong>Przepisy s\u0105 jasno skonstruowane i przejrzyste.<\/strong><br \/>\nHistorie i zdj\u0119cia sprawiaj\u0105, \u017ce chce si\u0119 wypr\u00f3bowa\u0107 przepisy. Prawdziwy poradnik, nie tylko dla my\u015bliwych. Opr\u00f3cz wielu interesuj\u0105cych przepis\u00f3w, jest tu r\u00f3wnie\u017c troch\u0119 wiedzy technicznej i produktowej, jak mo\u017cna znale\u017a\u0107 w wi\u0119kszo\u015bci poradnik\u00f3w dla my\u015bliwych. <strong>Ksi\u0105\u017cki o grillowaniu<\/strong> znaleziska.<\/p>","protected":false},"excerpt":{"rendered":"<h3>Ksi\u0105\u017cka kucharska: My\u015bliwi gotuj\u0105 dziczyzn\u0119<\/h3>\n<h4>od 24,99<\/h4>\n<p>Do kupienia w:<\/p>\n<a href=\"https:\/\/www.amazon.de\/gp\/product\/3868529322\/ref=as_li_tl?ie=UTF8&#038;camp=1638&#038;creative=19454&#038;creativeASIN=3868529322&#038;linkCode=as2&#038;tag=optsposho-21&#038;linkId=VFOE4X7J64IATGGT\" target=\"_blank\" class=\"button success is-success is-medium\" rel=\"nofollow noopener\" >\n\t\t<span>Amazon<\/span>\n\t<\/a>\n\n<a href=\"http:\/\/ad.zanox.com\/ppc\/?30283886C42456355&#038;ULP=http:\/\/www.thalia.de\/shop\/home\/suchartikel\/wild_grillen\/tom_heinzle\/ISBN3-86852-932-2\/ID39362044.html?fftrk=1%3A1%3A10%3A10%3A1&#038;jumpId=4017826&#038;ProvID=10911378\" target=\"_blank\" class=\"button success is-success is-medium\" rel=\"nofollow noopener\" >\n\t\t<span>THALIA NIEMCY<\/span>\n\t<\/a>\n\n<a href=\"http:\/\/ad.zanox.com\/ppc\/?30284203C81391933&#038;ULP=http:\/\/www.thalia.at\/shop\/home\/suchartikel\/wild_grillen\/tom_heinzle\/ISBN3-86852-932-2\/ID39362044.html?fftrk=1%3A1%3A10%3A10%3A1&#038;jumpId=12298663&#038;ProvID=10910929\" target=\"_blank\" class=\"button success is-success is-medium\" rel=\"nofollow noopener\" >\n\t\t<span>THALIA AUSTRIA<\/span>\n\t<\/a>","protected":false},"featured_media":9930,"comment_status":"open","ping_status":"closed","template":"","meta":{"inline_featured_image":false,"footnotes":""},"product_brand":[],"product_cat":[74],"product_tag":[422,426,425],"class_list":{"0":"post-9927","1":"product","2":"type-product","3":"status-publish","4":"has-post-thumbnail","6":"product_cat-buchtipps-buecher","7":"product_tag-buchtipp","8":"product_tag-wild-grillen","9":"product_tag-wild-kochbuch","11":"first","12":"instock","13":"taxable","14":"shipping-taxable","15":"product-type-simple"},"bundled_by":[],"bundle_stock_status":"instock","bundle_stock_quantity":null,"bundle_virtual":false,"bundle_layout":"","bundle_add_to_cart_form_location":"","bundle_editable_in_cart":false,"bundle_sold_individually_context":"","bundle_item_grouping":"","bundle_min_size":"","bundle_max_size":"","bundle_price":[],"bundled_items":[],"bundle_sell_ids":[],"_links":{"self":[{"href":"https:\/\/ddoptics.shop\/pl\/wp-json\/wp\/v2\/product\/9927","targetHints":{"allow":["GET"]}}],"collection":[{"href":"https:\/\/ddoptics.shop\/pl\/wp-json\/wp\/v2\/product"}],"about":[{"href":"https:\/\/ddoptics.shop\/pl\/wp-json\/wp\/v2\/types\/product"}],"replies":[{"embeddable":true,"href":"https:\/\/ddoptics.shop\/pl\/wp-json\/wp\/v2\/comments?post=9927"}],"version-history":[{"count":1,"href":"https:\/\/ddoptics.shop\/pl\/wp-json\/wp\/v2\/product\/9927\/revisions"}],"predecessor-version":[{"id":29105,"href":"https:\/\/ddoptics.shop\/pl\/wp-json\/wp\/v2\/product\/9927\/revisions\/29105"}],"wp:featuredmedia":[{"embeddable":true,"href":"https:\/\/ddoptics.shop\/pl\/wp-json\/wp\/v2\/media\/9930"}],"wp:attachment":[{"href":"https:\/\/ddoptics.shop\/pl\/wp-json\/wp\/v2\/media?parent=9927"}],"wp:term":[{"taxonomy":"product_brand","embeddable":true,"href":"https:\/\/ddoptics.shop\/pl\/wp-json\/wp\/v2\/product_brand?post=9927"},{"taxonomy":"product_cat","embeddable":true,"href":"https:\/\/ddoptics.shop\/pl\/wp-json\/wp\/v2\/product_cat?post=9927"},{"taxonomy":"product_tag","embeddable":true,"href":"https:\/\/ddoptics.shop\/pl\/wp-json\/wp\/v2\/product_tag?post=9927"}],"curies":[{"name":"wp","href":"https:\/\/api.w.org\/{rel}","templated":true}]}}