{"id":9931,"date":"2016-08-29T20:55:47","date_gmt":"2016-08-29T18:55:47","guid":{"rendered":"https:\/\/beta.optik-sport-shop.at\/?post_type=product&#038;p=9931"},"modified":"2025-10-03T11:53:04","modified_gmt":"2025-10-03T09:53:04","slug":"poradnik-przeladowywanie-dla-mysliwych-norbert-klups","status":"publish","type":"product","link":"https:\/\/ddoptics.shop\/pl\/kaufen\/buchtipp-wiederladen-fuer-jaeger-norbert-klups\/","title":{"rendered":"Porada ksi\u0105\u017ckowa: Prze\u0142adowanie dla my\u015bliwych autorstwa Norberta Klupsa"},"content":{"rendered":"<h2>Prze\u0142adowywanie dla my\u015bliwych: ksi\u0105\u017cka o \u0142adowaniu amunicji my\u015bliwskiej do polowa\u0144 na grub\u0105 zwierzyn\u0119 i grub\u0105 zwierzyn\u0119<\/h2>\n<p>Szczeg\u00f3lnie dla <strong>my\u015bliwski reloader<\/strong> powsta\u0142a ta ksi\u0105\u017cka. Celem by\u0142o przedstawienie naboj\u00f3w my\u015bliwskich wolnych od zb\u0119dnego balastu i dostarczenie <strong>\u0141owca ksi\u0105\u017cek<\/strong> w Twoje r\u0119ce. Ksi\u0105\u017cka, kt\u00f3ra w zrozumia\u0142y spos\u00f3b podsumowuje informacje wa\u017cne dla<strong> Prze\u0142adowywanie naboj\u00f3w my\u015bliwskich<\/strong> s\u0105 niezb\u0119dne. Norbert Klups jest jednym z najbardziej znanych dziennikarzy specjalizuj\u0105cych si\u0119 w sprz\u0119cie my\u015bliwskim i technologii broni. Wiele z jego publikacji jest standardowymi pracami w tej dziedzinie.<\/p>\n<h3>Podsumowanie ksi\u0105\u017cki: \u0141adowanie amunicji my\u015bliwskiej do polowa\u0144 na zwierzyn\u0119 grub\u0105 i grub\u0105<\/h3>\n<p>The <strong>Ksi\u0105\u017cka zapewnia kompleksowy zakres fakt\u00f3w<\/strong>, kt\u00f3ry odpowiada <strong>Pocz\u0105tkuj\u0105cy i do\u015bwiadczeni reloaderzy<\/strong> r\u00f3wnie dobrze.<\/p>\n<p>Ka\u017cdy <strong>Kartrid\u017c zosta\u0142 opracowany w oparciu o dog\u0142\u0119bn\u0105 wiedz\u0119 specjalistyczn\u0105<\/strong> i oferuje czytelnikowi nie tylko zarys historyczny, ale tak\u017ce kategoryzacj\u0119 wed\u0142ug aktualnych ocen. Norbert Klups opiera si\u0119 na wieloletnim do\u015bwiadczeniu praktycznym, kt\u00f3re pozwala mu nie tylko analizowa\u0107 <strong>wymogi dotycz\u0105ce jagni\u0105t u zwierzyny \u0142ownej na krajowych terenach \u0142owieckich, ale tak\u017ce w przypadku afryka\u0144skich gatunk\u00f3w zwierz\u0105t \u0142ownych<\/strong> do uwzgl\u0119dnienia.<\/p>\n<p>The <strong>Rodzaje prochu, rodzaje pocisk\u00f3w i masy pocisk\u00f3w<\/strong> s\u0105 wystarczaj\u0105co przedstawione i oferuj\u0105 prze\u0142adowuj\u0105cemu szeroki zakres, kt\u00f3ry nie pozostawia wiele do \u017cyczenia. Jedynym punktem krytyki, kt\u00f3ry jeden lub dw\u00f3ch czytelnik\u00f3w mo\u017ce podnie\u015b\u0107, jest to, \u017ce <strong>\u0141adowanie danych na optymalnych obci\u0105\u017ceniach autora<\/strong> limit i <strong>Brak danych dotycz\u0105cych minimalnego lub maksymalnego \u0142adowania<\/strong> by\u0107 podane. Obecnie nie ma por\u00f3wnywalnej ksi\u0105\u017cki w j\u0119zyku niemieckim i mo\u017cna j\u0105 poleci\u0107 bez zastrze\u017ce\u0144.<\/p>","protected":false},"excerpt":{"rendered":"<h4>od 19,95<\/h4>\n<p>Do kupienia w:<\/p>\n<a href=\"https:\/\/www.amazon.de\/gp\/product\/3788812702\/ref=as_li_tl?ie=UTF8&#038;camp=1638&#038;creative=19454&#038;creativeASIN=3788812702&#038;linkCode=as2&#038;tag=optsposho-21&#038;linkId=Y4EMIX7XE54DDSXO\" target=\"_blank\" class=\"button success is-success is-medium\" rel=\"nofollow noopener\" >\n\t\t<span>Amazon<\/span>\n\t<\/a>\n\n<a href=\"http:\/\/ad.zanox.com\/ppc\/?30283886C42456355&#038;ULP=http:\/\/www.thalia.de\/shop\/home\/suche\/;jsessionid=8B684651E84438E3C608ABB9B2D6BAAC.tc6pc?sq=Wiederladen+f%FCr+J%E4ger&#038;sswg=ANY&#038;timestamp=1423128355382&#038;ProvID=10911378\" target=\"_blank\" class=\"button success is-success is-medium\" rel=\"nofollow noopener\" >\n\t\t<span>THALIA NIEMCY<\/span>\n\t<\/a>\n\n<a href=\"http:\/\/ad.zanox.com\/ppc\/?30284203C81391933&#038;ULP=http:\/\/www.thalia.at\/shop\/home\/suche\/;jsessionid=91728E029DC6402A03A5A5C0D3B0E461.tc5p?sq=Wiederladen+f%FCr+J%E4ger&#038;sswg=ANY&#038;timestamp=1423128379272&#038;ProvID=10910929\" target=\"_blank\" class=\"button success is-success is-medium\" rel=\"nofollow noopener\" >\n\t\t<span>THALIA AUSTRIA<\/span>\n\t<\/a>","protected":false},"featured_media":9932,"comment_status":"open","ping_status":"closed","template":"","meta":{"inline_featured_image":false,"footnotes":""},"product_brand":[],"product_cat":[74],"product_tag":[422,427],"class_list":{"0":"post-9931","1":"product","2":"type-product","3":"status-publish","4":"has-post-thumbnail","6":"product_cat-buchtipps-buecher","7":"product_tag-buchtipp","8":"product_tag-wiederladen-buch","10":"first","11":"instock","12":"taxable","13":"shipping-taxable","14":"product-type-simple"},"bundled_by":[],"bundle_stock_status":"instock","bundle_stock_quantity":null,"bundle_virtual":false,"bundle_layout":"","bundle_add_to_cart_form_location":"","bundle_editable_in_cart":false,"bundle_sold_individually_context":"","bundle_item_grouping":"","bundle_min_size":"","bundle_max_size":"","bundle_price":[],"bundled_items":[],"bundle_sell_ids":[],"_links":{"self":[{"href":"https:\/\/ddoptics.shop\/pl\/wp-json\/wp\/v2\/product\/9931","targetHints":{"allow":["GET"]}}],"collection":[{"href":"https:\/\/ddoptics.shop\/pl\/wp-json\/wp\/v2\/product"}],"about":[{"href":"https:\/\/ddoptics.shop\/pl\/wp-json\/wp\/v2\/types\/product"}],"replies":[{"embeddable":true,"href":"https:\/\/ddoptics.shop\/pl\/wp-json\/wp\/v2\/comments?post=9931"}],"version-history":[{"count":1,"href":"https:\/\/ddoptics.shop\/pl\/wp-json\/wp\/v2\/product\/9931\/revisions"}],"predecessor-version":[{"id":29104,"href":"https:\/\/ddoptics.shop\/pl\/wp-json\/wp\/v2\/product\/9931\/revisions\/29104"}],"wp:featuredmedia":[{"embeddable":true,"href":"https:\/\/ddoptics.shop\/pl\/wp-json\/wp\/v2\/media\/9932"}],"wp:attachment":[{"href":"https:\/\/ddoptics.shop\/pl\/wp-json\/wp\/v2\/media?parent=9931"}],"wp:term":[{"taxonomy":"product_brand","embeddable":true,"href":"https:\/\/ddoptics.shop\/pl\/wp-json\/wp\/v2\/product_brand?post=9931"},{"taxonomy":"product_cat","embeddable":true,"href":"https:\/\/ddoptics.shop\/pl\/wp-json\/wp\/v2\/product_cat?post=9931"},{"taxonomy":"product_tag","embeddable":true,"href":"https:\/\/ddoptics.shop\/pl\/wp-json\/wp\/v2\/product_tag?post=9931"}],"curies":[{"name":"wp","href":"https:\/\/api.w.org\/{rel}","templated":true}]}}