{"id":10619,"date":"2017-03-06T15:40:47","date_gmt":"2017-03-06T14:40:47","guid":{"rendered":"https:\/\/beta.optik-sport-shop.at\/?page_id=10619"},"modified":"2025-11-05T12:24:52","modified_gmt":"2025-11-05T11:24:52","slug":"metode-de-plata","status":"publish","type":"page","link":"https:\/\/ddoptics.shop\/ro\/zahlungsarten\/","title":{"rendered":"Metode de plat\u0103 la Optik Sport Shop"},"content":{"rendered":"<div id=\"gap-614892143\" class=\"gap-element clearfix\" style=\"display:block; height:auto;\">\n\t\t\n<style>\n#gap-614892143 {\n  padding-top: 60px;\n}\n<\/style>\n\t<\/div>\n\t\n\n  <div class=\"banner has-hover\" id=\"banner-770846993\">\n          <div class=\"banner-inner fill\">\n        <div class=\"banner-bg fill\" >\n            <img decoding=\"async\" width=\"1140\" height=\"300\" src=\"https:\/\/ddoptics.shop\/wp-content\/uploads\/2017\/03\/zahlungsmethoden-optik-sport-shop_1140.jpg\" class=\"bg attachment-orginal size-orginal\" alt=\"metode de plat\u0103 optik sport shop\" title=\"\">                        <div class=\"overlay\"><\/div>            \n                    <\/div>\n\t\t\n        <div class=\"banner-layers container\">\n            <div class=\"fill banner-link\"><\/div>            \n   <div id=\"text-box-1098470822\" class=\"text-box banner-layer x50 md-x50 lg-x50 y50 md-y50 lg-y50 res-text\">\n                                <div class=\"text-box-content text dark\">\n              \n              <div class=\"text-inner text-center\">\n                  \n\t<div id=\"gap-198202670\" class=\"gap-element clearfix\" style=\"display:block; height:auto;\">\n\t\t\n<style>\n#gap-198202670 {\n  padding-top: 100px;\n}\n<\/style>\n\t<\/div>\n\t\n<h1 class=\"uppercase\"><span style=\"font-size: 80%;\">METODE DE PLAT\u0102<\/span><\/h1>\n              <\/div>\n           <\/div>\n                            \n<style>\n#text-box-1098470822 {\n  width: 60%;\n}\n#text-box-1098470822 .text-box-content {\n  font-size: 100%;\n}\n<\/style>\n    <\/div>\n \n        <\/div>\n      <\/div>\n\n              <div class=\"height-fix is-invisible\"><img decoding=\"async\" width=\"1140\" height=\"300\" src=\"https:\/\/ddoptics.shop\/wp-content\/uploads\/2017\/03\/zahlungsmethoden-optik-sport-shop_1140.jpg\" class=\"attachment-orginal size-orginal\" alt=\"metode de plat\u0103 optik sport shop\" srcset=\"https:\/\/ddoptics.shop\/wp-content\/uploads\/2017\/03\/zahlungsmethoden-optik-sport-shop_1140.jpg 1140w, https:\/\/ddoptics.shop\/wp-content\/uploads\/2017\/03\/zahlungsmethoden-optik-sport-shop_1140-304x80.jpg 304w, https:\/\/ddoptics.shop\/wp-content\/uploads\/2017\/03\/zahlungsmethoden-optik-sport-shop_1140-305x80.jpg 305w, https:\/\/ddoptics.shop\/wp-content\/uploads\/2017\/03\/zahlungsmethoden-optik-sport-shop_1140-632x166.jpg 632w, https:\/\/ddoptics.shop\/wp-content\/uploads\/2017\/03\/zahlungsmethoden-optik-sport-shop_1140-800x211.jpg 800w, https:\/\/ddoptics.shop\/wp-content\/uploads\/2017\/03\/zahlungsmethoden-optik-sport-shop_1140-250x66.jpg 250w, https:\/\/ddoptics.shop\/wp-content\/uploads\/2017\/03\/zahlungsmethoden-optik-sport-shop_1140-510x134.jpg 510w\" sizes=\"(max-width: 1140px) 100vw, 1140px\" title=\"\"><\/div>\n            \n<style>\n#banner-770846993 .overlay {\n  background-color: rgba(0, 0, 0, 0.17);\n}\n<\/style>\n  <\/div>\n\n\n<div class=\"row\"  id=\"row-55795831\">\n\n\t<div id=\"col-545679383\" class=\"col small-12 large-12\"  >\n\t\t\t\t<div class=\"col-inner\"  >\n\t\t\t\n\t\t\t\n<h2>Cum s\u0103 pl\u0103ti\u021bi convenabil \u00een Optik Sport Shop<\/h2>\n<p>C\u00e2nd am venit cu ideea magazinului Optik Sport, a fost foarte important pentru noi s\u0103 facem procesul de plat\u0103 c\u00e2t mai simplu \u0219i convenabil posibil. Cel mai simplu mod de a atinge acest obiectiv este de a oferi toate op\u021biunile de plat\u0103 cunoscute \u0219i populare. Acest lucru ar trebui s\u0103 v\u0103 faciliteze, \u00een calitate de client, finalizarea comenzii dvs. electronice.<\/p>\n<h3>Nou: Achizi\u021bie \u00een cont - garan\u021bie pentru ambele p\u0103r\u021bi<\/h3>\n<p>Datorit\u0103 numeroaselor solicit\u0103ri ale clien\u021bilor, toate<strong> Produse optice prin cump\u0103rare pe cont<\/strong> - dup\u0103 aprobarea Klarna - disponibile pentru cump\u0103rare.<\/p>\n<div class=\"container section-title-container\" ><h3 class=\"section-title section-title-bold\"><b aria-hidden=\"true\"><\/b><span class=\"section-title-main\" >Plat\u0103 \u00een avans<\/span><b aria-hidden=\"true\"><\/b><\/h3><\/div>\n<p>Imediat ce primim transferul bancar (pentru plata \u00een avans), vom preg\u0103ti coletul pentru expediere. Vom a\u0219tepta maximum 7 zile p\u00e2n\u0103 la primirea transferului bancar, dup\u0103 care v\u0103 vom anula comanda. <strong>V\u0103 rug\u0103m s\u0103 re\u021bine\u021bi:<\/strong> Transferurile bancare (inclusiv online) pot dura 1-3 zile lucr\u0103toare de la DE la AT. Prin urmare, v\u0103 sf\u0103tuim s\u0103 nu pl\u0103ti\u021bi \u00een avans pentru comenzi urgente.<\/p>\n<div class=\"container section-title-container\" ><h3 class=\"section-title section-title-bold\"><b aria-hidden=\"true\"><\/b><span class=\"section-title-main\" >Card de credit<\/span><b aria-hidden=\"true\"><\/b><\/h3><\/div>\n<p><img decoding=\"async\" class=\"alignright size-full wp-image-10637\" src=\"https:\/\/ddoptics.shop\/wp-content\/uploads\/2017\/03\/kreditkarte-optik-sport-shop_300.jpg\" alt=\"\" width=\"100\" height=\"70\" title=\"\">Noi <strong>accept\u0103 VISA \u0219i MasterCard <\/strong>\u0219i folosim furnizorul de servicii financiare Stripe \u00een acest scop. Avem nevoie de urm\u0103toarele date de la dvs: <strong>Num\u0103rul cardului, valabilitatea, compania de carduri de credit <\/strong>\u0219i<strong> Verifica\u021bi cifra cardului dvs. de credit<\/strong>.<\/p>\n<p>La VISA \u0219i MasterCard, cifra de control este un num\u0103r de trei cifre de pe spatele cardului. Aceasta <strong>garantat<\/strong> a<strong> Securitatea pl\u0103\u021bilor<\/strong> pe internet. Cardul dvs. de credit poate fi, de asemenea, activat pentru codul 3-D Secure.<\/p>\n<div class=\"container section-title-container\" ><h3 class=\"section-title section-title-bold\"><b aria-hidden=\"true\"><\/b><span class=\"section-title-main\" >PayPal<\/span><b aria-hidden=\"true\"><\/b><\/h3><\/div>\n<p><img decoding=\"async\" class=\"alignright size-full wp-image-10639\" src=\"https:\/\/ddoptics.shop\/wp-content\/uploads\/2017\/03\/paypal-optik-sport-shop_300.jpg\" alt=\"\" width=\"118\" height=\"30\" title=\"\">PayPal este acum sinonim la nivel mondial cu securitatea dvs. atunci c\u00e2nd efectua\u021bi pl\u0103\u021bi. Dup\u0103 cump\u0103rare, ve\u021bi fi redirec\u021bionat c\u0103tre paypal.com pentru plat\u0103. Cu aceast\u0103 metod\u0103 de plat\u0103, comanda dvs. va fi expediat\u0103 imediat, uneori \u00een aceea\u0219i zi. V\u0103 rug\u0103m s\u0103 re\u021bine\u021bi zilele noastre de expediere \u00een func\u021bie de \u021bara de destina\u021bie. Nu percepem nicio tax\u0103 suplimentar\u0103 de procesare pentru aceast\u0103 metod\u0103 de plat\u0103.<\/p>\n<p>\u00cen cooperare cu furnizorul de servicii financiare Klarna, oferim clien\u021bilor din Austria, Germania \u0219i toate celelalte \u021b\u0103ri activate <strong>Achizi\u021bionarea \u00een cont ca op\u021biune de plat\u0103<\/strong>. Perioada de plat\u0103 pentru <strong>Factura Klarna 14 zile de la data factur\u0103rii.<\/strong> The <strong>Factura va fi emis\u0103 la expedierea bunurilor \u0219i va fi trimis\u0103 fie prin e-mail, fie \u00eempreun\u0103 cu bunurile<\/strong>.<\/p>\n<p>V\u0103 rug\u0103m s\u0103 re\u021bine\u021bi c\u0103 metoda de plat\u0103 pe cont poate fi utilizat\u0103 numai dac\u0103\u00a0<strong>Adresa de facturare \u0219i cea de livrare sunt identice<\/strong> \u0219i re\u0219edin\u021ba dumneavoastr\u0103 privat\u0103 (f\u0103r\u0103 adresa societ\u0103\u021bii \u0219i f\u0103r\u0103 adresa c\u0103su\u021bei po\u0219tale).<\/p>\n<div class=\"container section-title-container\" ><h3 class=\"section-title section-title-bold\"><b aria-hidden=\"true\"><\/b><span class=\"section-title-main\" >Klarna<\/span><b aria-hidden=\"true\"><\/b><\/h3><\/div>\n<p><strong><img decoding=\"async\" class=\"alignright size-full wp-image-10636\" src=\"https:\/\/ddoptics.shop\/wp-content\/uploads\/2017\/03\/klarna-rechnung-optik-sport-shop_300.jpg\" alt=\"\" width=\"109\" height=\"30\" title=\"\">Plata este efectuat\u0103 c\u0103tre Klarna.<\/strong> V\u0103 rug\u0103m s\u0103 re\u021bine\u021bi c\u0103 <strong>Factura Klarna numai pentru consumatori<\/strong> este disponibil\u0103. Informa\u021bii suplimentare \u0219i termenii \u0219i condi\u021biile complete ale Klarna pentru achizi\u021bionarea \u00een cont pot fi g\u0103site la adresa <a href=\"https:\/\/cdn.klarna.com\/1.0\/shared\/content\/legal\/terms\/31492\/de_at\/invoice?fee=0,90\" target=\"_blank\" rel=\"noopener noreferrer\">AICI pentru clien\u021bii din Austria<\/a> resp. <a href=\"https:\/\/cdn.klarna.com\/1.0\/shared\/content\/legal\/terms\/31492\/de_de\/invoice?fee=0,90\" target=\"_blank\" rel=\"noopener noreferrer\">AICI pentru clien\u021bii din Germania<\/a>. Tax\u0103m un comision de serviciu de 1,50 EUR pe comand\u0103 atunci c\u00e2nd achizi\u021biona\u021bi \u00een contul Klarna.<\/p>\n<p><strong><img decoding=\"async\" class=\"alignright size-full wp-image-10635\" src=\"https:\/\/ddoptics.shop\/wp-content\/uploads\/2017\/03\/klarna-ratenkauf-optik-sport-shop_300.jpg\" alt=\"\" width=\"109\" height=\"30\" title=\"\">Klarna cump\u0103rare \u00een rate (exclusiv pentru clien\u021bii din Germania)<\/strong><br \/>Cu serviciul de finan\u021bare Klarna, pute\u021bi pl\u0103ti achizi\u021bia \u00een mod flexibil \u00een rate lunare de cel pu\u021bin 1\/24 din suma total\u0103 (dar cel pu\u021bin 6,95 EUR).<\/p>\n\t<div id=\"gap-1534007469\" class=\"gap-element clearfix\" style=\"display:block; height:auto;\">\n\t\t\n<style>\n#gap-1534007469 {\n  padding-top: 30px;\n}\n<\/style>\n\t<\/div>\n\t\n<div class=\"is-divider divider clearfix\" style=\"max-width:100%;height:1px;\"><\/div>\n<p>Sub rezerva erorilor de tip\u0103rire \u0219i dactilografiere. Statut: 01.01.2025<\/p>\n\t\t<\/div>\n\t\t\t\t\t<\/div>\n\n\t\n<\/div>","protected":false},"excerpt":{"rendered":"","protected":false},"author":2,"featured_media":0,"parent":0,"menu_order":0,"comment_status":"closed","ping_status":"closed","template":"page-transparent-header.php","meta":{"inline_featured_image":false,"footnotes":""},"class_list":["post-10619","page","type-page","status-publish","hentry"],"_links":{"self":[{"href":"https:\/\/ddoptics.shop\/ro\/wp-json\/wp\/v2\/pages\/10619","targetHints":{"allow":["GET"]}}],"collection":[{"href":"https:\/\/ddoptics.shop\/ro\/wp-json\/wp\/v2\/pages"}],"about":[{"href":"https:\/\/ddoptics.shop\/ro\/wp-json\/wp\/v2\/types\/page"}],"author":[{"embeddable":true,"href":"https:\/\/ddoptics.shop\/ro\/wp-json\/wp\/v2\/users\/2"}],"replies":[{"embeddable":true,"href":"https:\/\/ddoptics.shop\/ro\/wp-json\/wp\/v2\/comments?post=10619"}],"version-history":[{"count":12,"href":"https:\/\/ddoptics.shop\/ro\/wp-json\/wp\/v2\/pages\/10619\/revisions"}],"predecessor-version":[{"id":29416,"href":"https:\/\/ddoptics.shop\/ro\/wp-json\/wp\/v2\/pages\/10619\/revisions\/29416"}],"wp:attachment":[{"href":"https:\/\/ddoptics.shop\/ro\/wp-json\/wp\/v2\/media?parent=10619"}],"curies":[{"name":"wp","href":"https:\/\/api.w.org\/{rel}","templated":true}]}}