{"id":10698,"date":"2017-03-08T00:02:51","date_gmt":"2017-03-07T23:02:51","guid":{"rendered":"https:\/\/beta.optik-sport-shop.at\/?page_id=10698"},"modified":"2026-04-13T20:48:05","modified_gmt":"2026-04-13T18:48:05","slug":"retea-de-magazine","status":"publish","type":"page","link":"https:\/\/ddoptics.shop\/ro\/shop-netzwerk\/","title":{"rendered":"Parteneriate comerciale \u00een cadrul re\u021belei"},"content":{"rendered":"<p>Colabor\u0103m activ cu partenerii magazinelor pentru a face mesajul nostru de \u201cs\u0103n\u0103tate holistic\u0103\u201d accesibil unui num\u0103r c\u00e2t mai mare de persoane, \u00eempreun\u0103 cu achizi\u021bionarea produselor preferate. Scopul nostru final este de a restabili \u0219i proteja s\u0103n\u0103tatea prin via\u021b\u0103 \u0219i somn f\u0103r\u0103 radia\u021bii, completate cu produse valoroase \u0219i eficiente.<\/p>\n<p><strong>Suntem m\u00e2ndri s\u0103 lucr\u0103m cu fiecare dintre urm\u0103torii parteneri prin intermediul magazinelor lor online. CLICK AHEAD este o necesitate!<\/strong><\/p>\n\n\t<div id=\"col-73893259\" class=\"col medium-1\/1 large-12\"  data-animate=\"fadeInDown\">\n\t\t\t\t<div class=\"col-inner\"  >\n\t\t\t\n\t\t\t\n<div class=\"container section-title-container\" ><h3 class=\"section-title section-title-bold\"><b aria-hidden=\"true\"><\/b><span class=\"section-title-main\" >Magazinul de br\u00e2nzeturi Alpen Sepp<\/span><b aria-hidden=\"true\"><\/b><\/h3><\/div>\n<p><img decoding=\"async\" class=\"alignright wp-image-8067\" src=\"https:\/\/pronatur24.shop\/wp-content\/uploads\/2014\/12\/alpensepp_logo_300.png\" alt=\"Alpen Sepp Logo\" width=\"250\" height=\"103\" title=\"\"><\/p>\n<p>Suntem implica\u021bi activ \u00een dezvoltarea magazinului proiectului fermierilor \u201cAlpen Sepp\u201d. Alpen Sepp reprezint\u0103 produse valoroase din regiunea Bregenzerwald din Vorarlberg, Austria. Pentru prima dat\u0103, este posibil ca clientul final s\u0103 achizi\u021bioneze cele mai bune br\u00e2nzeturi alpine direct din pivni\u021ba de br\u00e2nzeturi a l\u0103pt\u0103riei alpine cu peste 300 de produc\u0103tori de lactate. Deliciul culinar pur este garantat! Desigur, informa\u021biile despre br\u00e2nz\u0103 sunt, de asemenea, \u201cla bord\u201d.<\/p>\n<p>Unii dintre fermieri au camere de vacan\u021b\u0103 \u0219i, prin urmare, ofer\u0103 o \u201cvacan\u021b\u0103 la ferm\u0103\u201d. Distrac\u021bia cu toate animalele de la ferm\u0103 este garantat\u0103, dar scopul este \u0219i acela de a oferi o perspectiv\u0103 asupra vie\u021bii de zi cu zi a fermierului. Re\u021bete gustoase cu br\u00e2nz\u0103 alpin\u0103 de la brutar a\u0219teapt\u0103, de asemenea, s\u0103 fie descoperite. Proiectul fermei \u201cAlpen Sepp K\u00e4seshop\u201d este completat cu informa\u021bii turistice din regiune \u0219i trasee unice de drume\u021bii \u00een Bregenzerwald.<\/p>\n<p><a title=\"La magazinul de br\u00e2nzeturi Alpen Sepp\" href=\"http:\/\/alpensepp.com\/?partner=d3d9446802a44259755d38e6d163e820\" target=\"_blank\" rel=\"noopener\">\u00bb Direct la magazinul de br\u00e2nzeturi Alpen Sepp<\/a><\/p>\n\t\n    <div class=\"row\">\n    <div class=\"large-12 col\">\n      <h3 class=\"section-title\"><span>Extract de br\u00e2nz\u0103 din Alpen Sepp<\/span><\/h3>\n    <\/div>\n  <\/div>\n  \n    <div class=\"row large-columns-4 medium-columns-3 small-columns-2 row-small slider row-slider slider-nav-reveal slider-nav-push\"  data-flickity-options='{&quot;imagesLoaded&quot;: true, &quot;groupCells&quot;: &quot;100%&quot;, &quot;dragThreshold&quot; : 5, &quot;cellAlign&quot;: &quot;left&quot;,&quot;wrapAround&quot;: true,&quot;prevNextButtons&quot;: true,&quot;percentPosition&quot;: true,&quot;pageDots&quot;: false, &quot;rightToLeft&quot;: false, &quot;autoPlay&quot; : false}' >\n\n  <\/div>\n\t\t<\/div>\n\t\t\t\t\t<\/div>\n\n\t\n\n\t<div id=\"col-557835952\" class=\"col medium-1\/1 large-12\"  data-animate=\"fadeInDown\">\n\t\t\t\t<div class=\"col-inner\"  >\n\t\t\t\n\t\t\t\n<div class=\"container section-title-container\" ><h3 class=\"section-title section-title-bold\"><b aria-hidden=\"true\"><\/b><span class=\"section-title-main\" >Magazin de sport optic<\/span><b aria-hidden=\"true\"><\/b><\/h3><\/div>\n<p><img decoding=\"async\" class=\"alignright wp-image-13394\" src=\"https:\/\/pronatur24.shop\/wp-content\/uploads\/2015\/01\/optik-sport-shop-logo-300.png\" alt=\"Logo-ul magazinului Optik Sport\" width=\"250\" height=\"58\" title=\"\"><\/p>\n<p>Der Optik-Sport-Shop ist der Profi f\u00fcrs Auge. Nein, kein Optiker!<\/p>\n<p>Optik-Sport-Shop dore\u0219te s\u0103 le redea oamenilor un ochi pentru natur\u0103 \u0219i lumea animal\u0103. \u00cen via\u021ba noastr\u0103 agitat\u0103 de zi cu zi, uit\u0103m prea des c\u0103 trebuie s\u0103 tr\u0103im \u00een armonie cu natura pentru a putea tr\u0103i noi \u00een\u0219ine. Mult prea des se \u00eent\u00e2mpl\u0103 ca mediul nostru \u00eenconjur\u0103tor s\u0103 suporte costurile confortului \u0219i luxului nostru, mul\u021bi oameni nu mai realizeaz\u0103 aceast\u0103 dependen\u021b\u0103 \u0219i simbioz\u0103.<\/p>\n<p>Optik-Sport-Shop dore\u0219te s\u0103 v\u0103 transmit\u0103 un sentiment pentru natur\u0103 \u0219i animale prin intermediul vederii \u0219i s\u0103 v\u0103 ating\u0103 astfel inima. Experimenta\u021bi frumuse\u021bea naturii \u0219i diversitatea vie\u021bii s\u0103lbatice cu proprii ochi. Reconecta\u021bi-v\u0103 cu natura prin ochii dumneavoastr\u0103 - momente incredibile v\u0103 a\u0219teapt\u0103 s\u0103 le descoperi\u021bi. Optik-Sport-Shop... ochii t\u0103i vor face OCHI.<\/p>\n<p><a title=\"La magazinul Optik-Sport\" href=\"http:\/\/ddoptics.shop\/ro\/\" target=\"_blank\" rel=\"noopener\">\u00bb Direct la Optik-Sport-Shop<\/a><\/p>\n\t\t<\/div>\n\t\t\t\t\t<\/div>\n\n\t\n\n\t<div id=\"col-1532982847\" class=\"col medium-1\/1 large-12\"  data-animate=\"fadeInDown\">\n\t\t\t\t<div class=\"col-inner\"  >\n\t\t\t\n\t\t\t\n<div class=\"container section-title-container\" ><h3 class=\"section-title section-title-bold\"><b aria-hidden=\"true\"><\/b><span class=\"section-title-main\" >Practic\u0103 LebensPuls<\/span><b aria-hidden=\"true\"><\/b><\/h3><\/div>\n<p><img decoding=\"async\" class=\"alignright wp-image-13395\" src=\"https:\/\/pronatur24.shop\/wp-content\/uploads\/2015\/01\/praxis-lebenspuls-logo_300.png\" alt=\"NaturPraxis LebenPuls Logo\" width=\"250\" height=\"109\" title=\"\"><\/p>\n<p>Andrea Mussmann de la cabinetul LebenPuls s-ar descrie astfel: \u201c<em>Sunt mediator pentru oameni \u0219i animale. S\u0103n\u0103tatea prietenilor cu dou\u0103 picioare este foarte important\u0103 pentru mine, dar inima mea bate mai ales pentru companionii no\u0219tri cu patru picioare - animalele noastre de companie. Ei \u00ee\u0219i \u00eempart via\u021ba cu noi \u0219i sunt un membru important al familiei. V\u0103 ajut s\u0103 v\u0103 \u00een\u021belege\u021bi animalul de companie \u0219i s\u0103 \u00eei men\u021bine\u021bi s\u0103n\u0103tatea, precum \u0219i pe a dumneavoastr\u0103.<\/em>\u201d<\/p>\n<p>Cabinetul LebensPuls lucreaz\u0103 la nivel energetic cu ajutorul kinesiologiei, al florilor Bach, al ierburilor, al uleiurilor aromatice \u0219i al pietrelor vindec\u0103toare \u0219i poate prezenta acum rezultate impresionante. \u00cen 2014, cabinetul a lansat un magazin online cu produse de \u00eengrijire s\u0103n\u0103toase pentru animale \u0219i oameni pe baz\u0103 de aloe vera. De asemenea, acesta ofer\u0103 mai mult dec\u00e2t hran\u0103 special\u0103 pentru c\u00e2ini \u0219i pisici. Cu marca de hran\u0103 pentru animale defu, totul se potrive\u0219te p\u00e2n\u0103 la ultimul detaliu. \u00cencepe cu cre\u0219terea animalelor de ferm\u0103 \u00een func\u021bie de specie - spune\u021bi BUN\u0102 ziua calit\u0103\u021bii Demeter pentru animalul dvs. de companie. Demeter, deoarece organic spune pur \u0219i simplu prea multe despre origine.<\/p>\n<p><a title=\"Pentru practica LebensPuls\" href=\"http:\/\/lebenspuls.com\" target=\"_blank\" rel=\"noopener\">\u00bb Direct la practica LebensPuls<\/a><\/p>\n\t\n    <div class=\"row\">\n    <div class=\"large-12 col\">\n      <h3 class=\"section-title\"><span>Extract alimentar pentru animale de companie din practica LebensPuls<\/span><\/h3>\n    <\/div>\n  <\/div>\n  \n    <div class=\"row large-columns-4 medium-columns-3 small-columns-2 row-small slider row-slider slider-nav-reveal slider-nav-push\"  data-flickity-options='{&quot;imagesLoaded&quot;: true, &quot;groupCells&quot;: &quot;100%&quot;, &quot;dragThreshold&quot; : 5, &quot;cellAlign&quot;: &quot;left&quot;,&quot;wrapAround&quot;: true,&quot;prevNextButtons&quot;: true,&quot;percentPosition&quot;: true,&quot;pageDots&quot;: false, &quot;rightToLeft&quot;: false, &quot;autoPlay&quot; : false}' >\n\n  <\/div>\n\t\t<\/div>\n\t\t\t\t\t<\/div>\n\n\t\n\n\t<div id=\"col-186330709\" class=\"col medium-1\/1 large-12\"  data-animate=\"fadeInDown\">\n\t\t\t\t<div class=\"col-inner\"  >\n\t\t\t\n\t\t\t\n<div class=\"container section-title-container\" ><h3 class=\"section-title section-title-bold\"><b aria-hidden=\"true\"><\/b><span class=\"section-title-main\" >1000 de vaze<\/span><b aria-hidden=\"true\"><\/b><\/h3><\/div>\n<p><img decoding=\"async\" class=\"alignright wp-image-13396\" src=\"https:\/\/pronatur24.shop\/wp-content\/uploads\/2015\/01\/1000vasen-logo_300.png\" alt=\"1000 vaze logo\" width=\"250\" height=\"289\" title=\"\"><\/p>\n<p>In Zusammenarbeit mit Elmar Kalb, der Design Manufaktur in Dornbirn (AT), entstand die Idee zur einfachen Raumversch\u00f6nerung in der Wohnung oder im Haus. Der Mensch verbringt viel Zeit in den eigenen 4 W\u00e4nden und wir dachten uns, ein Spiel von Glas und Farbe bringt Form und Leben ins eigene LEBEN.<\/p>\n<p>Ideea \u201c1000 de vaze\u201d nu are \u00eenc\u0103 un magazin online, dar showroom-ul din Dornbirn este o adev\u0103rat\u0103 atrac\u021bie!<\/p>\n<p>1000 de vaze ... pur \u0219i simplu o via\u021b\u0103 mai frumoas\u0103!<\/p>\n<p><a title=\"Direct la 1000Vases\" href=\"http:\/\/1000vasen.com\" target=\"_blank\" rel=\"noopener\">\u00bb Direct la 1000 de vaze<\/a><\/p>\n\t\t<\/div>\n\t\t\t\t\t<\/div>\n\n\t\n<p>&nbsp;<\/p>","protected":false},"excerpt":{"rendered":"<p>Wir arbeiten aktiv mit Shop-Partnern zusammen um unsere Botschaft f\u00fcr die &#8220;ganzheitliche Gesundheit&#8221; m\u00f6glichst vielen Menschen zug\u00e4nglich zu machen, begleitend zum Einkauf liebgewonnener Produkte. Gesundheit wiederzufinden und zu sch\u00fctzen durch strahlenfrei wohnen und schlafen, erg\u00e4nzt mit wertvollen und wirksamen Produkten ist unser hohes Ziel. Wir sind stolz mit jedem der nachfolgenden Partner \u00fcber deren Onlineshops [&#8230;]\n","protected":false},"author":3,"featured_media":0,"parent":0,"menu_order":0,"comment_status":"closed","ping_status":"closed","template":"page-left-sidebar.php","meta":{"inline_featured_image":false,"footnotes":""},"class_list":["post-10698","page","type-page","status-publish","hentry"],"_links":{"self":[{"href":"https:\/\/ddoptics.shop\/ro\/wp-json\/wp\/v2\/pages\/10698","targetHints":{"allow":["GET"]}}],"collection":[{"href":"https:\/\/ddoptics.shop\/ro\/wp-json\/wp\/v2\/pages"}],"about":[{"href":"https:\/\/ddoptics.shop\/ro\/wp-json\/wp\/v2\/types\/page"}],"author":[{"embeddable":true,"href":"https:\/\/ddoptics.shop\/ro\/wp-json\/wp\/v2\/users\/3"}],"replies":[{"embeddable":true,"href":"https:\/\/ddoptics.shop\/ro\/wp-json\/wp\/v2\/comments?post=10698"}],"version-history":[{"count":0,"href":"https:\/\/ddoptics.shop\/ro\/wp-json\/wp\/v2\/pages\/10698\/revisions"}],"wp:attachment":[{"href":"https:\/\/ddoptics.shop\/ro\/wp-json\/wp\/v2\/media?parent=10698"}],"curies":[{"name":"wp","href":"https:\/\/api.w.org\/{rel}","templated":true}]}}