{"id":14651,"date":"2019-06-03T17:14:56","date_gmt":"2019-06-03T15:14:56","guid":{"rendered":"https:\/\/ddoptics.shop\/?page_id=14651"},"modified":"2019-06-04T17:41:41","modified_gmt":"2019-06-04T15:41:41","slug":"pusca-cu-luneta-de-vanatoare-pentru-vanatorile-conduse","status":"publish","type":"page","link":"https:\/\/ddoptics.shop\/ro\/zielfernrohr-jagd-fuer-drueckjagd\/","title":{"rendered":"Zielfernrohr f\u00fcr die Jagd &#8211; speziell Dr\u00fcckjagd"},"content":{"rendered":"<h1 class=\"page-title category-title\">Recomandare: Luneta ideal\u0103 pentru v\u00e2n\u0103toare - \u00een special pentru v\u00e2n\u0103toarea \u00een v\u00e2nat<\/h1>\n<div class=\"category-description std\">\n<p>Mul\u021bi produc\u0103tori subdivizeaz\u0103 diferitele <strong>Linii de aplicare<\/strong> \u00een principiu \u00eentr-un <strong>Favorabil \u0219i o clas\u0103 premium<\/strong>. Aceast\u0103 distinc\u021bie nu a fost \u0219i nu este niciodat\u0103 f\u0103cut\u0103 la DDoptics.<\/p>\n<p>Aceasta \u00eenseamn\u0103 c\u0103 un <strong>billiges Glas f\u00fcr den nicht so finanzkr\u00e4ftigen Kunden<\/strong> \u0219i <strong>costisitoare pentru clientul puternic din punct de vedere financiar<\/strong>. \u00centr-un sens mai larg, acest lucru conduce la <strong>Perspectiva gestion\u0103rii m\u0103rcii c\u0103tre un fel de \u201cconstr\u00e2ngere a clubului\u201d<\/strong> \u0219i mul\u021bi economisesc pentru un produs premium \u0219i trebuie s\u0103 fac\u0103 sacrificii pentru alte aspecte foarte importante, cum ar fi <strong>Economisi\u021bi la asamblarea ZF<\/strong> (o mare gre\u0219eal\u0103).<\/p>\n<blockquote><p><strong><img decoding=\"async\" class=\"alignright wp-image-11210\" src=\"https:\/\/ddoptics.shop\/wp-content\/uploads\/2016\/09\/DDoptics-Logo.jpg\" alt=\"Logo-ul DDoptics\" width=\"300\" height=\"200\" title=\"\" srcset=\"https:\/\/ddoptics.shop\/wp-content\/uploads\/2016\/09\/DDoptics-Logo.jpg 600w, https:\/\/ddoptics.shop\/wp-content\/uploads\/2016\/09\/DDoptics-Logo-304x203.jpg 304w, https:\/\/ddoptics.shop\/wp-content\/uploads\/2016\/09\/DDoptics-Logo-305x203.jpg 305w, https:\/\/ddoptics.shop\/wp-content\/uploads\/2016\/09\/DDoptics-Logo-510x340.jpg 510w, https:\/\/ddoptics.shop\/wp-content\/uploads\/2016\/09\/DDoptics-Logo-250x167.jpg 250w\" sizes=\"(max-width: 300px) 100vw, 300px\" \/>Ce ne place \u00een mod deosebit la DDoptics:<\/strong><\/p>\n<ul style=\"list-style-type: circle;\">\n<li>La DDoptics, dezvoltarea ulterioar\u0103 a produselor ZF individuale continu\u0103 cu o cre\u0219tere a genera\u021biei. Clientul prime\u0219te \u00eentotdeauna cel mai bun ZF conform stadiului actual de dezvoltare.<\/li>\n<li>Cel mai bun raport pre\u021b\/performan\u021b\u0103 este ob\u021binut prin cantit\u0103\u021bi rezonabile \u0219i f\u0103r\u0103 publicitate costisitoare \u00een media tradi\u021bionale.<\/li>\n<\/ul>\n<\/blockquote>\n<p>Rezultat: Fiecare client prime\u0219te un lunetist de calitate DDoptics cu caracteristici maxime, cum ar fi.<\/p>\n<ul>\n<li>lunete sunt variabile 4x zoom sau 6x zoom<\/li>\n<li>Absehen in der 2ten Bildebene<\/li>\n<li>H\u00f6chstm\u00f6gliche Verg\u00fctungen und Lichttransmissionen \u00fcber 95%<\/li>\n<li>Reglarea paralaxiei este standard<\/li>\n<li>Leuchtpunkt ist Standard<\/li>\n<li>Din Gen 3 - Zerostop pentru ASV<\/li>\n<\/ul>\n<h2>Ce face, \u00een general, un lunetist bun pentru v\u00e2n\u0103toarea \u00een goan\u0103?<\/h2>\n<ul>\n<li>Die Zielfernrohr Linsen:<br \/>\n&#8211; Die Qualit\u00e4t der Verg\u00fctung (=Antireflexbeschichtung) und der Gl\u00e4ser<br \/>\n&#8211; Die Lichttransmission (=Helligkeit im Sichtfeld) zwischen 95 und 97%<br \/>\n&#8211; Die Randsch\u00e4rfe (=Bild am Rand des Sichtfelds)<br \/>\n&#8211; Die M\u00f6glichkeit, die Sch\u00e4rfe der Gl\u00e4ser anzupassen (Parallaxe Verstellung)<\/li>\n<li>Reticulul lunetei:<br \/>\n&#8211; Mit und ohne Beleuchtung (hilft bei D\u00e4mmerung)<\/li>\n<li>Ajustarea domeniului de aplicare:<br \/>\n- St\u00e2nga-dreapta \u0219i reglarea \u00een\u0103l\u021bimii nu sunt prea dure<br \/>\n- Repetabilitatea trebuie s\u0103 fie garantat\u0103<br \/>\n- Robuste\u021be la \u0219ocuri \u0219i lovituri<br \/>\n- Rapid \u0219i u\u0219or<\/li>\n<\/ul>\n<h3>Luneta ideal\u0103 pentru v\u00e2n\u0103tori rapide<\/h3>\n<p>The <strong>V\u00e2n\u0103toarea \u00een goan\u0103 are o singur\u0103 cerin\u021b\u0103 principal\u0103\u00a0<\/strong>pentru un lunet\u0103. Acesta ar trebui s\u0103 fie c\u00e2t mai mic \u0219i u\u0219or posibil \u0219i <strong>C\u00e2mp vizual mare<\/strong> besitzen. Die D\u00e4mmerungsleistung ist nicht mehr von so enormer Bedeutung, weil man <strong>Mi\u0219c\u0103ri rapide \u00een \u00eentuneric<\/strong> nu mai pot fi abordate \u00een mod clar.<\/p>\n<p>C\u00e2nd vine vorba de greutate, to\u021bi produc\u0103torii se bazeaz\u0103 acum pe <strong>Materiale u\u0219oare<\/strong> sunt utilizate. Zilele carcaselor grele din o\u021bel etc. au apus. Numai lentilele mari din sticl\u0103 cresc greutatea \u0219i dimensiunile - ceea ce ne aduce \u00eenapoi la subiect.<\/p>\n<blockquote><p>Atunci c\u00e2nd v\u00e2na\u021bi \u00een mi\u0219care, p\u0103stra\u021bi dimensiunea lunetei c\u00e2t mai mic\u0103 posibil \u0219i urm\u0103ri\u021bi un c\u00e2mp vizual mare - cu o bun\u0103 acuitate a marginilor<\/p><\/blockquote>\n<p>Cu <strong>Este recomandabil\u0103 v\u00e2n\u0103toarea de mi\u0219c\u0103ri,\u00a0<\/strong>ein variables Zielfernrohr mit max. 42\u00a0mm Objektivdurchmesser zu w\u00e4hlen. Der Zoomfaktor bleibt den pers\u00f6nlichen Vorlieben \u00fcberlassen. Dem einen J\u00e4ger reicht ein 1-4 fach. Ein anderer J\u00e4ger will bis zur 6x Vergr\u00f6sserung gehen um den Anwendungsbereich zu erh\u00f6hen.<\/p>\n<p>Cu <strong>v\u00e2n\u0103tori pur conduse cu arme scurte, cu focuri trase la distan\u021be scurte<\/strong> ve\u021bi alege \u00een general un lunetist cu un diametru maxim al obiectivului de 42 mm. Datorit\u0103 distan\u021belor scurte implicate, o m\u0103rire de p\u00e2n\u0103 la 6x \u0219i acum de p\u00e2n\u0103 la 8x (disponibil\u0103 la un pre\u021b ridicat) va fi suficient\u0103. Avantajul acestor lunete mici este c\u0103 nu mai sunt voluminoase.<\/p>\n<p><strong>ZF Vergleich und Eignung nach Objektivdurchmesser<\/strong><\/p>\n<table style=\"width: 835px;\">\n<tbody>\n<tr>\n<td style=\"width: 113px;\"><strong>Intensitatea luminoas\u0103<\/strong><\/td>\n<td style=\"width: 176.778px;\"><strong>Diametrul lentilei<\/strong><\/td>\n<td style=\"width: 527.222px;\"><strong>Utilizare<\/strong><\/td>\n<\/tr>\n<tr>\n<td style=\"width: 113px;\">sc\u0103zut<\/td>\n<td style=\"width: 176.778px;\">25mm<\/td>\n<td style=\"width: 527.222px;\">ZF pentru v\u00e2n\u0103toare cu trac\u021biune<\/td>\n<\/tr>\n<tr>\n<td style=\"width: 113px;\">De la mediu la ridicat<\/td>\n<td style=\"width: 176.778px;\">42 mm, 50 mm<\/td>\n<td style=\"width: 527.222px;\">ZF complet Ideal p\u00e2n\u0103 la asfin\u021bit (t\u00e2rziu), urm\u0103rire, v\u00e2n\u0103toare \u00een mun\u021bi<\/td>\n<\/tr>\n<tr>\n<td style=\"width: 113px;\">Foarte ridicat<\/td>\n<td style=\"width: 176.778px;\">56mm, 60mm<\/td>\n<td style=\"width: 527.222px;\">Ochelari de noapte mai grei pentru v\u00e2n\u0103toarea de piei<\/td>\n<\/tr>\n<\/tbody>\n<\/table>\n<p><strong>Compararea ZV \u0219i adecvarea dup\u0103 extindere<\/strong><\/p>\n<table>\n<tbody>\n<tr>\n<td><strong>Extindere:<\/strong><\/td>\n<td><strong>mic<\/strong><\/td>\n<\/tr>\n<tr>\n<td>1-6x<\/td>\n<td>Ideal\u0103 pentru v\u00e2n\u0103toare la p\u00e2nd\u0103 \u0219i \u00een goan\u0103 - \u00eempu\u0219c\u0103turi la distan\u021be mici<\/td>\n<\/tr>\n<tr>\n<td><strong>M\u0103rire<\/strong><\/td>\n<td><strong>mediu<\/strong><\/td>\n<\/tr>\n<tr>\n<td>\u00a0p\u00e2n\u0103 la 15x<\/td>\n<td>Ideal\u0103 pentru multe aplica\u021bii de v\u00e2n\u0103toare, cum ar fi v\u00e2n\u0103toarea de piele, urm\u0103rirea \u0219i v\u00e2n\u0103toarea montan\u0103<\/td>\n<\/tr>\n<tr>\n<td><strong>M\u0103rire<\/strong><\/td>\n<td><strong>\u00eenalt<\/strong><\/td>\n<\/tr>\n<tr>\n<td>\u00a0p\u00e2n\u0103 la 30x<\/td>\n<td>\u00a0luneta pentru sport \u0219i fotografii la distan\u021b\u0103 mare \u00een mun\u021bi, utilizat\u0103 ca \u00eenlocuitor pentru un luneta de observa\u021bie<\/td>\n<\/tr>\n<\/tbody>\n<\/table>\n<\/div>","protected":false},"excerpt":{"rendered":"<p>Empfehlung: Ideales Zielfernrohr f\u00fcr die Jagd &#8211; speziell Dr\u00fcckjagd Viele Hersteller unterteilen bei den verschiedene Zielfernrohr-Linien grunds\u00e4tzlich in eine G\u00fcnstige und eine Premium Klasse. Diese Unterscheidung wurde und wird bei DDoptics nie gemacht. Das bedeutet n\u00e4mlich, ein billiges Glas f\u00fcr den nicht so finanzkr\u00e4ftigen Kunden und das teure f\u00fcr den finanzkr\u00e4ftigen Kunden. Im weiteren Sinne [&#8230;]\n","protected":false},"author":2,"featured_media":0,"parent":0,"menu_order":0,"comment_status":"closed","ping_status":"closed","template":"","meta":{"inline_featured_image":false,"footnotes":""},"class_list":["post-14651","page","type-page","status-publish","hentry"],"_links":{"self":[{"href":"https:\/\/ddoptics.shop\/ro\/wp-json\/wp\/v2\/pages\/14651","targetHints":{"allow":["GET"]}}],"collection":[{"href":"https:\/\/ddoptics.shop\/ro\/wp-json\/wp\/v2\/pages"}],"about":[{"href":"https:\/\/ddoptics.shop\/ro\/wp-json\/wp\/v2\/types\/page"}],"author":[{"embeddable":true,"href":"https:\/\/ddoptics.shop\/ro\/wp-json\/wp\/v2\/users\/2"}],"replies":[{"embeddable":true,"href":"https:\/\/ddoptics.shop\/ro\/wp-json\/wp\/v2\/comments?post=14651"}],"version-history":[{"count":0,"href":"https:\/\/ddoptics.shop\/ro\/wp-json\/wp\/v2\/pages\/14651\/revisions"}],"wp:attachment":[{"href":"https:\/\/ddoptics.shop\/ro\/wp-json\/wp\/v2\/media?parent=14651"}],"curies":[{"name":"wp","href":"https:\/\/api.w.org\/{rel}","templated":true}]}}