{"id":14708,"date":"2019-06-04T12:39:41","date_gmt":"2019-06-04T10:39:41","guid":{"rendered":"https:\/\/ddoptics.shop\/?page_id=14708"},"modified":"2020-08-16T13:09:48","modified_gmt":"2020-08-16T11:09:48","slug":"luneta-sport-antrenament-si-competitie","status":"publish","type":"page","link":"https:\/\/ddoptics.shop\/ro\/zielfernrohr-sport-training-und-wettkampf\/","title":{"rendered":"Zielfernrohr f\u00fcr Schie\u00dfsport &#8211; Training und Wettkampf"},"content":{"rendered":"<h1 class=\"page-title category-title\">Recomandare: Luneta ideal\u0103 pentru tir sportiv - \u00een special pentru antrenament, competi\u021bie \u0219i tir pe distan\u021be lungi<\/h1>\n<div class=\"category-description std\">\n<div class=\"category-description std\">\n<p>Mul\u021bi produc\u0103tori subdivizeaz\u0103 diferitele <strong>Linii de aplicare<\/strong> \u00een principiu \u00eentr-un <strong>Favorabil \u0219i o clas\u0103 premium<\/strong>. Aceast\u0103 distinc\u021bie nu a fost \u0219i nu este niciodat\u0103 f\u0103cut\u0103 la DDoptics.<\/p>\n<p>Aceasta \u00eenseamn\u0103 c\u0103 un <strong>billiges Glas f\u00fcr den nicht so finanzkr\u00e4ftigen Kunden<\/strong> \u0219i <strong>costisitoare pentru clientul puternic din punct de vedere financiar<\/strong>. \u00centr-un sens mai larg, acest lucru conduce la <strong>Perspectiva gestion\u0103rii m\u0103rcii c\u0103tre un fel de \u201cconstr\u00e2ngere a clubului\u201d<\/strong> \u0219i mul\u021bi economisesc pentru un produs premium \u0219i trebuie s\u0103 fac\u0103 sacrificii pentru alte aspecte foarte importante, cum ar fi <strong>Economisi\u021bi la asamblarea ZF<\/strong> (o mare gre\u0219eal\u0103).<\/p>\n<blockquote><p><strong><img decoding=\"async\" class=\"alignright wp-image-11210\" src=\"https:\/\/ddoptics.shop\/wp-content\/uploads\/2016\/09\/DDoptics-Logo.jpg\" alt=\"Logo-ul DDoptics\" width=\"300\" height=\"200\" title=\"\" srcset=\"https:\/\/ddoptics.shop\/wp-content\/uploads\/2016\/09\/DDoptics-Logo.jpg 600w, https:\/\/ddoptics.shop\/wp-content\/uploads\/2016\/09\/DDoptics-Logo-304x203.jpg 304w, https:\/\/ddoptics.shop\/wp-content\/uploads\/2016\/09\/DDoptics-Logo-305x203.jpg 305w, https:\/\/ddoptics.shop\/wp-content\/uploads\/2016\/09\/DDoptics-Logo-510x340.jpg 510w, https:\/\/ddoptics.shop\/wp-content\/uploads\/2016\/09\/DDoptics-Logo-250x167.jpg 250w\" sizes=\"(max-width: 300px) 100vw, 300px\" \/>Ce ne place cu adev\u0103rat la DDoptics:<\/strong><\/p>\n<ul style=\"list-style-type: circle;\">\n<li>La DDoptics, dezvoltarea ulterioar\u0103 a produselor ZF individuale continu\u0103 cu o cre\u0219tere a genera\u021biei. Modelul <strong>Clientul prime\u0219te \u00eentotdeauna cel mai bun ZF \u00een func\u021bie de stadiul actual de dezvoltare.<\/strong><\/li>\n<li>Cel mai bun raport pre\u021b\/performan\u021b\u0103 este ob\u021binut prin cantit\u0103\u021bi rezonabile \u0219i f\u0103r\u0103 publicitate costisitoare \u00een media tradi\u021bionale.<\/li>\n<\/ul>\n<\/blockquote>\n<p>Rezultat: Fiecare client prime\u0219te un lunetist de calitate DDoptics cu caracteristici maxime, cum ar fi.<\/p>\n<ul>\n<li>lunete sunt variabile 4x zoom sau 6x zoom<\/li>\n<li>Absehen in der 2ten Bildebene<\/li>\n<li>H\u00f6chstm\u00f6gliche Verg\u00fctungen und Lichttransmissionen \u00fcber 95%<\/li>\n<li>Reglarea paralaxiei este standard<\/li>\n<li>Leuchtpunkt ist Standard<\/li>\n<li>Din Gen 3 - Zerostop pentru ASV<\/li>\n<\/ul>\n<h3>Ce face \u00een general un bun <a href=\"https:\/\/de.wikipedia.org\/wiki\/Sportschie%C3%9Fen\" target=\"_blank\" rel=\"noopener noreferrer\">Vedere telescopic\u0103 pentru tir sportiv<\/a> afar\u0103?<\/h3>\n<ul>\n<li>Die Zielfernrohr Linsen:<br \/>\n&#8211; Die Qualit\u00e4t der Verg\u00fctung (=Antireflexbeschichtung) und der Gl\u00e4ser<br \/>\n&#8211; Die Lichttransmission (=Helligkeit im Sichtfeld) zwischen 95 und 97%<br \/>\n&#8211; Die Randsch\u00e4rfe (=Bild am Rand des Sichtfelds)<br \/>\n&#8211; Die M\u00f6glichkeit, die Sch\u00e4rfe der Gl\u00e4ser anzupassen (Parallaxe Verstellung)<\/li>\n<li>Reticulul lunetei:<br \/>\n&#8211; Mit und ohne Beleuchtung (hilft bei D\u00e4mmerung)<\/li>\n<li>Ajustarea domeniului de aplicare:<br \/>\n- St\u00e2nga-dreapta \u0219i reglarea \u00een\u0103l\u021bimii nu sunt prea dure<br \/>\n- Repetabilitatea trebuie s\u0103 fie garantat\u0103<br \/>\n- Robuste\u021be la \u0219ocuri \u0219i lovituri<br \/>\n- Rapid \u0219i u\u0219or<\/li>\n<\/ul>\n<h3>Luneta ideal\u0103 pentru <a href=\"https:\/\/ddoptics.shop\/ro\/lunete-pentru-tir-sportiv-si-competitii\/\" target=\"_blank\" rel=\"noopener noreferrer\">fotografiere sportiv\u0103<\/a><\/h3>\n<p>Aceast\u0103 categorie se refer\u0103 \u00een principal la <strong>utilizarea lunetei telescopice \u0219i rela\u021bia de pre\u021b cu pu\u0219ca<\/strong>. Probabil c\u0103 nu are sens s\u0103 monta\u021bi o lunet\u0103 de 1000 \u20ac pe o pu\u0219c\u0103 KK (22lr) de 300 \u20ac.<\/p>\n<p>Pentru arme lungi de mare precizie \u00een<strong> Calibru de precizie 338 Lapua sau 308 Win<\/strong> c\u00e2nd este larg\u0103 <strong>\u00cempu\u0219c\u0103turi p\u00e2n\u0103 la, de exemplu, 1000 m<\/strong> gefordert sind sieht die Sache ein wenig anders aus. Hier wird dann eine 5-30 variable Vergr\u00f6sserung eher passend sein. F\u00fcr das<strong> tragere dinamic\u0103 IPSC<\/strong> wird eine Zieloptik mit 25 oder 42 mm Objektiv und grossem Sehfeld zur raschen Zielerfassung das beste sein.<\/p>\n<blockquote><p>\u00cen tirul sportiv, disciplina sportiv\u0103 decide asupra opticii potrivite pentru \u021bint\u0103.<\/p><\/blockquote>\n<p><strong>ZF Vergleich und Eignung nach Objektivdurchmesser<\/strong><\/p>\n<table style=\"width: 835px;\">\n<tbody>\n<tr>\n<td style=\"width: 113px;\"><strong>Intensitatea luminoas\u0103<\/strong><\/td>\n<td style=\"width: 176.778px;\"><strong>Diametrul lentilei<\/strong><\/td>\n<td style=\"width: 527.222px;\"><strong>Utilizare<\/strong><\/td>\n<\/tr>\n<tr>\n<td style=\"width: 113px;\">sc\u0103zut<\/td>\n<td style=\"width: 176.778px;\">25 mm<\/td>\n<td style=\"width: 527.222px;\">ZF pentru v\u00e2n\u0103toare cu trac\u021biune<\/td>\n<\/tr>\n<tr>\n<td style=\"width: 113px;\">De la mediu la ridicat<\/td>\n<td style=\"width: 176.778px;\">42 mm, <a href=\"https:\/\/ddoptics.shop\/ro\/magazin\/vedere-telescopica\/diametrul-obiectivului-lunetei\/diametrul-obiectivului-50-mm\/\" target=\"_blank\" rel=\"noopener noreferrer\">50 mm<\/a><\/td>\n<td style=\"width: 527.222px;\">ZF complet Ideal p\u00e2n\u0103 la asfin\u021bit (t\u00e2rziu), urm\u0103rire, v\u00e2n\u0103toare \u00een mun\u021bi<\/td>\n<\/tr>\n<tr>\n<td style=\"width: 113px;\">Foarte ridicat<\/td>\n<td style=\"width: 176.778px;\">56 mm, 60 mm<\/td>\n<td style=\"width: 527.222px;\">Ochelari de noapte mai grei pentru v\u00e2n\u0103toarea de piei<\/td>\n<\/tr>\n<\/tbody>\n<\/table>\n<p><strong>Compararea ZV \u0219i adecvarea dup\u0103 extindere<\/strong><\/p>\n<table>\n<tbody>\n<tr>\n<td><strong>Extindere:<\/strong><\/td>\n<td><strong>mic<\/strong><\/td>\n<\/tr>\n<tr>\n<td>1-6x<\/td>\n<td>Ideal\u0103 pentru v\u00e2n\u0103toare la p\u00e2nd\u0103 \u0219i \u00een goan\u0103 - \u00eempu\u0219c\u0103turi la distan\u021be mici<\/td>\n<\/tr>\n<tr>\n<td><strong>M\u0103rire<\/strong><\/td>\n<td><strong>mediu<\/strong><\/td>\n<\/tr>\n<tr>\n<td>\u00a0p\u00e2n\u0103 la 15x<\/td>\n<td>Ideal\u0103 pentru multe aplica\u021bii de v\u00e2n\u0103toare, cum ar fi v\u00e2n\u0103toarea de piele, urm\u0103rirea \u0219i v\u00e2n\u0103toarea montan\u0103<\/td>\n<\/tr>\n<tr>\n<td><strong>M\u0103rire<\/strong><\/td>\n<td><strong>\u00eenalt<\/strong><\/td>\n<\/tr>\n<tr>\n<td>\u00a0p\u00e2n\u0103 la 30x<\/td>\n<td>\u00a0luneta pentru sport \u0219i fotografii la distan\u021b\u0103 mare \u00een mun\u021bi, utilizat\u0103 ca \u00eenlocuitor pentru un luneta de observa\u021bie<\/td>\n<\/tr>\n<\/tbody>\n<\/table>\n<\/div>\n<\/div>","protected":false},"excerpt":{"rendered":"<p>Empfehlung: Ideales Zielfernrohr f\u00fcr Sportschie\u00dfen &#8211; speziell Training, Wettkampf und Long Range Schie\u00dfen Viele Hersteller unterteilen bei den verschiedene Zielfernrohr-Linien grunds\u00e4tzlich in eine G\u00fcnstige und eine Premium Klasse. Diese Unterscheidung wurde und wird bei DDoptics nie gemacht. Das bedeutet n\u00e4mlich, ein billiges Glas f\u00fcr den nicht so finanzkr\u00e4ftigen Kunden und das teure f\u00fcr den finanzkr\u00e4ftigen [&#8230;]\n","protected":false},"author":2,"featured_media":0,"parent":0,"menu_order":0,"comment_status":"closed","ping_status":"closed","template":"","meta":{"inline_featured_image":false,"footnotes":""},"class_list":["post-14708","page","type-page","status-publish","hentry"],"_links":{"self":[{"href":"https:\/\/ddoptics.shop\/ro\/wp-json\/wp\/v2\/pages\/14708","targetHints":{"allow":["GET"]}}],"collection":[{"href":"https:\/\/ddoptics.shop\/ro\/wp-json\/wp\/v2\/pages"}],"about":[{"href":"https:\/\/ddoptics.shop\/ro\/wp-json\/wp\/v2\/types\/page"}],"author":[{"embeddable":true,"href":"https:\/\/ddoptics.shop\/ro\/wp-json\/wp\/v2\/users\/2"}],"replies":[{"embeddable":true,"href":"https:\/\/ddoptics.shop\/ro\/wp-json\/wp\/v2\/comments?post=14708"}],"version-history":[{"count":2,"href":"https:\/\/ddoptics.shop\/ro\/wp-json\/wp\/v2\/pages\/14708\/revisions"}],"predecessor-version":[{"id":24814,"href":"https:\/\/ddoptics.shop\/ro\/wp-json\/wp\/v2\/pages\/14708\/revisions\/24814"}],"wp:attachment":[{"href":"https:\/\/ddoptics.shop\/ro\/wp-json\/wp\/v2\/media?parent=14708"}],"curies":[{"name":"wp","href":"https:\/\/api.w.org\/{rel}","templated":true}]}}