{"id":15087,"date":"2019-06-05T12:09:37","date_gmt":"2019-06-05T10:09:37","guid":{"rendered":"https:\/\/ddoptics.shop\/?page_id=15087"},"modified":"2019-06-06T11:18:59","modified_gmt":"2019-06-06T09:18:59","slug":"binoclu-binoclu-vanatoare-pentru-urmarire-in-munti","status":"publish","type":"page","link":"https:\/\/ddoptics.shop\/ro\/fernglas-fernglaeser-jagd-fuer-ansitz-pirsch-gebirge\/","title":{"rendered":"Fernglas bzw. Ferngl\u00e4ser f\u00fcr die Jagd &#8211; Ansitz, Pirsch, Gebirge"},"content":{"rendered":"<div class=\"page-title category-title\">\n<h1>Recomandare: Binoclu ideal pentru v\u00e2n\u0103toare, \u00een special pentru v\u00e2n\u0103toare de animale ascunse, v\u00e2n\u0103toare la p\u00e2nd\u0103 \u0219i v\u00e2n\u0103toare montan\u0103<\/h1>\n<p>La v\u00e2n\u0103toare, binoclul trebuie s\u0103 fie foarte robust.<\/p>\n<p><strong>V\u00e2n\u0103tori \u0219i v\u00e2n\u0103toare<\/strong> fac parte, al\u0103turi de ornitologi, din <strong>cei mai exigen\u021bi clien\u021bi pentru binocluri<\/strong>. Datorit\u0103 numeroaselor cerin\u021be de v\u00e2n\u0103toare diferite, binoclurile pentru v\u00e2n\u0103tori trebuie s\u0103 fie, \u00een primul r\u00e2nd, deosebit de robuste.<\/p>\n<p>Observate \u0219i <strong>V\u00e2n\u0103toarea are loc at\u00e2t vara, c\u00e2t \u0219i iarna<\/strong>. Temperaturile \u0219i condi\u021biile meteorologice pot fi foarte nefavorabile. Frigul, z\u0103pada, ploaia \u0219i cea\u021ba pot solicita mult de la binoclu. Principalul lucru aici este s\u0103 ave\u021bi un binoclu de \u00eenalt\u0103 calitate care poate func\u021biona \u00een toate condi\u021biile de mediu.<\/p>\n<p>Pe baza acestor considera\u021bii, este foarte logic s\u0103 opta\u021bi pentru calitate \u00een loc s\u0103 alege\u021bi binocluri din segmentul de pre\u021b ieftin pe termen scurt.<\/p>\n<h2>Binoclul potrivit depinde de tipul de utilizare al v\u00e2n\u0103torului<\/h2>\n<p>Dac\u0103 sunte\u021bi \u00een principal la p\u00e2nd\u0103, ar trebui s\u0103 merge\u021bi la <strong>un model cu o m\u0103rire de aproximativ 8x<\/strong> greifen. Ein grosser Vorteil bei diesen Ferngl\u00e4sern ist generell das grosse Sehfeld. Ist man dagegen mehr im Ansitz, ist eine h\u00f6here Vergr\u00f6\u00dferung wie z.B. ratsam. <strong>Gute Ferngl\u00e4ser haben bei 10-fach Vergr\u00f6sserung auch ein grosses Sehfeld von ca. 115 m auf 1000 m<\/strong>. Wenn man im Gebirge auf die Jagd geht, dann ist 10-fach auch eine ideale Wahl. Erfahrungsgem\u00e4ss ist bei 10-fach ein Mindestobjektivdurchmesser von 42 mm empfehlenswert, da durch die gr\u00f6sseren Linsen die Bauweise grosser wird und das Gewicht des Fernglases steigt. Durch das h\u00f6here Gewicht wiederum steigt die <strong>Iner\u021bia masei<\/strong> iar \u201ctremurul\u201d (transmiterea prin m\u00e2n\u0103) binoclului este evitat.<\/p>\n<h3><span style=\"color: #333333;\">Intensitatea luminii - o problem\u0103 major\u0103 atunci c\u00e2nd se st\u0103 la v\u00e2nat - v\u00e2n\u0103toare \u00een amurg<\/span><\/h3>\n<p>Dac\u0103 v\u0103 folosi\u021bi binoclul \u00een principal \u00een <strong>D\u00e4mmerung oder im Morgengrauen<\/strong> einsetzen m\u00f6chte, sollte auf einen m\u00f6glichst hohen Objektivdurchmesser achten, damit auch bei schwachem Licht noch eine gute Sicht gew\u00e4hrleistet ist. Klassisch wird hier immer das 56 mm Objektiv mit 8-fach Vergr\u00f6sserung empfohlen. In den letzten Jahren haben sich aber die Glassorten derart zur Lichttransmission verbessert, dass auch <strong>Luminozit\u0103\u021bi extreme 7\u00d742 \u0219i 8\u00d742<\/strong> vorweisen k\u00f6nnen. Das alleinige Verlassen auf die rechnerische D\u00e4mmerungszahl ist nicht mehr zul\u00e4ssig.<\/p>\n<p>Este important de \u0219tiut c\u0103 luminozitatea extrem\u0103 este de obicei \u00een detrimentul red\u0103rii culorilor. Acesta este motivul pentru care, de obicei, trebuie f\u0103cut cel mai mare compromis aici.<\/p>\n<blockquote><p>Ca v\u00e2n\u0103tor, din p\u0103cate trebuie s\u0103 face\u021bi compromisuri dac\u0103 dori\u021bi doar o pereche de binocluri<\/p><\/blockquote>\n<p>Dup\u0103 cum arat\u0103 diferitele aplica\u021bii \u00een v\u00e2n\u0103toare, dac\u0103 dori\u021bi s\u0103 cump\u0103ra\u021bi o singur\u0103 pereche de binocluri, va trebui \u00eentotdeauna s\u0103 face\u021bi compromisuri. Modelul optim pentru fiecare tip de v\u00e2n\u0103toare este fundamental diferit \u0219i este \u0219i motivul pentru care mul\u021bi v\u00e2n\u0103tori de\u021bin adesea 2-3 perechi de binocluri.<\/p>\n<p>Un avantaj cu <strong>DDoptics este c\u0103 pute\u021bi cump\u0103ra cel pu\u021bin 2 binocluri pentru pre\u021bul unui binoclu de la un brand cu pre\u021b ridicat.<\/strong> f\u0103r\u0103 a fi nevoit s\u0103 fac\u0103 compromisuri.<\/p>\n<h3>O combina\u021bie ideal\u0103 de v\u00e2n\u0103toare de la DDoptics, de exemplu<\/h3>\n<p><strong>8\u00d730 + 8\u00d756 sau 10\u00d756 sau un 8\u00d730 + 10\u00d742<\/strong><\/p>\n<\/div>\n<div class=\"category-description std\">\n<h3>Compara\u021bie binocular\u0103 general\u0103 \u0219i adecvare \u00een func\u021bie de diametrul lentilei obiectivului<\/h3>\n<table border=\"0\">\n<tbody>\n<tr>\n<td><strong>Intensitatea luminoas\u0103<\/strong><\/td>\n<td><strong>Lentile<\/strong><\/td>\n<td><strong>Utilizare<\/strong><\/td>\n<\/tr>\n<tr>\n<td>sc\u0103zut<\/td>\n<td>25mm<\/td>\n<td>Binoclu de buzunar u\u0219or \u0219i mic Ideal pentru condi\u021bii normale de iluminare<\/td>\n<\/tr>\n<tr>\n<td>mediu<\/td>\n<td>30mm, 32mm<\/td>\n<td>Binoclu mic de toate tipurile Ideal p\u00e2n\u0103 la amurgul timpuriu<\/td>\n<\/tr>\n<tr>\n<td>mediu mai mare<\/td>\n<td>42mm, 45mm<\/td>\n<td>Binoclu universal Ideal p\u00e2n\u0103 la asfin\u021bit (t\u00e2rziu)<\/td>\n<\/tr>\n<tr>\n<td>\u00eenalt<\/td>\n<td>50mm, 56mm, 60mm<\/td>\n<td>Ochelari de noapte mai grei pentru astronomie, pentru condi\u021bii de lumin\u0103 slab\u0103, seara \u0219i noaptea<\/td>\n<\/tr>\n<\/tbody>\n<\/table>\n<h3>Compararea binoclurilor \u0219i adecvarea \u00een func\u021bie de m\u0103rire<\/h3>\n<table border=\"0\">\n<tbody>\n<tr>\n<td><strong>M\u0103rire<\/strong><\/td>\n<td><strong>mediu<\/strong><\/td>\n<\/tr>\n<tr>\n<td>\u00a07x, 8x, 8.5x, 10x, 10.5x<\/td>\n<td>\u00a0Binoclu pentru sport, observarea naturii, astronomie, c\u0103l\u0103torie, ornitologie, safari, observare<br \/>\n<strong>Domeniul general de aplicare pentru selec\u021bie:\u00a0<\/strong>Mic \u0219i la \u00eendem\u00e2n\u0103 cu intensitate redus\u0103 a luminii sau intensitate ridicat\u0103 a luminii cu dimensiuni \u0219i greutate normale<\/td>\n<\/tr>\n<tr>\n<td><strong>M\u0103rire<\/strong><\/td>\n<td><strong>\u00eenalt<\/strong><\/td>\n<\/tr>\n<tr>\n<td>\u00a012x, 15x<\/td>\n<td>\u00a0Binoclu pentru birdwatching, observarea naturii, safari, securitate, supraveghere sau protec\u021bia frontierelor<\/td>\n<\/tr>\n<\/tbody>\n<\/table>\n<\/div>","protected":false},"excerpt":{"rendered":"<p>Empfehlung: Ideales Fernglas f\u00fcr die Jagd speziell Ansitz, Pirsch, Gebirge Auf der Jagd muss ein Fernglas vor allem eines, es muss sehr robust sein. J\u00e4ger und J\u00e4gerinnen geh\u00f6ren, neben den Ornithologen, zu den anspruchsvollsten Kunden f\u00fcr Ferngl\u00e4ser. Aufgrund der vielen unterschiedlichen, jagdlichen Anforderungen, m\u00fcssen Ferngl\u00e4ser f\u00fcr J\u00e4ger zuerst einmal ganz besonders robust gebaut sein. Beobachtet [&#8230;]\n","protected":false},"author":2,"featured_media":0,"parent":0,"menu_order":0,"comment_status":"closed","ping_status":"closed","template":"","meta":{"inline_featured_image":false,"footnotes":""},"class_list":["post-15087","page","type-page","status-publish","hentry"],"_links":{"self":[{"href":"https:\/\/ddoptics.shop\/ro\/wp-json\/wp\/v2\/pages\/15087","targetHints":{"allow":["GET"]}}],"collection":[{"href":"https:\/\/ddoptics.shop\/ro\/wp-json\/wp\/v2\/pages"}],"about":[{"href":"https:\/\/ddoptics.shop\/ro\/wp-json\/wp\/v2\/types\/page"}],"author":[{"embeddable":true,"href":"https:\/\/ddoptics.shop\/ro\/wp-json\/wp\/v2\/users\/2"}],"replies":[{"embeddable":true,"href":"https:\/\/ddoptics.shop\/ro\/wp-json\/wp\/v2\/comments?post=15087"}],"version-history":[{"count":0,"href":"https:\/\/ddoptics.shop\/ro\/wp-json\/wp\/v2\/pages\/15087\/revisions"}],"wp:attachment":[{"href":"https:\/\/ddoptics.shop\/ro\/wp-json\/wp\/v2\/media?parent=15087"}],"curies":[{"name":"wp","href":"https:\/\/api.w.org\/{rel}","templated":true}]}}