{"id":15093,"date":"2019-06-05T17:37:45","date_gmt":"2019-06-05T15:37:45","guid":{"rendered":"https:\/\/ddoptics.shop\/?page_id=15093"},"modified":"2019-06-06T10:58:50","modified_gmt":"2019-06-06T08:58:50","slug":"binoclu-binoclu-drumetii-pentru-biciclete-vacante-trekking","status":"publish","type":"page","link":"https:\/\/ddoptics.shop\/ro\/fernglas-fernglaeser-wandern-fuer-bike-urlaub-trekking\/","title":{"rendered":"Fernglas bzw. Ferngl\u00e4ser f\u00fcr Wandern &#8211; Wanderwege, Bike, Urlaub, Trekking, Outdoor"},"content":{"rendered":"<div class=\"page-title category-title\">\n<h1>Recomandare: Binoclu ideal pentru drume\u021bii, \u00een special trasee de drume\u021bii, ciclism, vacan\u021be, trekking, \u00een aer liber \u0219i c\u0103l\u0103torii<\/h1>\n<\/div>\n<div class=\"category-description std\">\n<div class=\"page-title category-title\">\n<p>Dori\u021bi ca dvs. <strong>Drume\u021bii \u0219i c\u0103l\u0103torii cu observa\u021bii<\/strong> o pereche bun\u0103 de binocluri este o necesitate \u00een bagajul dvs. C\u00e2nd <strong>Drume\u021bia este un binoclu<\/strong> de asemenea, un ajutor pentru a g\u0103si calea.<\/p>\n<p>Prin urmare, o <strong>Binoclu util pentru drume\u021bii<\/strong> s\u0103 aib\u0103 o rezolu\u021bie optic\u0103 clar\u0103, s\u0103 fie u\u0219or de manevrat, compact, robust \u0219i, mai presus de toate, u\u0219or - \u0219i nu prea scump.<\/p>\n<p>Pre\u021bul binoclului joac\u0103 un rol \u00een aceast\u0103 categorie \u00een m\u0103sura \u00een care <strong>Drume\u021bii (\u00eennopt\u0103ri \u00een cabane ale Clubului Alpin etc. \u0219i c\u0103l\u0103torii)<\/strong> immer davon ausgehen sollte, dass ein kleines Fernglas schnell einmal verloren gehen kann aufgrund unterschiedlicher Gr\u00fcnde wie z.B. liegen lassen, <strong>Furt, c\u0103dere de pe st\u00e2nc\u0103<\/strong>, etc.<\/p>\n<h2>Important pentru binoclurile pentru drume\u021bii: Optic\u0103 precis\u0103 \u0219i de \u00eenalt\u0103 rezolu\u021bie<\/h2>\n<p>Unu <strong>Optic\u0103 precis\u0103 \u0219i de \u00eenalt\u0103 rezolu\u021bie<\/strong> mit guten Sehfeld ist wichtig f\u00fcr ein optimalen<strong> Bucurie vizual\u0103 cu binoclul<\/strong>. Pute\u021bi vedea imagini extrem de clare pe distan\u021be foarte mari. Caracteristicile <strong>Prismen und Glas-Linsen<\/strong> (am v\u0103zut chiar \u0219i lentile din plastic) ale binoclurilor foarte ieftine din China nu sunt suficiente pentru a ob\u021bine imagini extrem de clare la astfel de distan\u021be. Binoclurile bune au lentile de \u00eenalt\u0103 calitate <strong>Acoperirea lentilelor<\/strong> \u0219i sunt calculate cu precizie pentru a ob\u021bine cele mai bune rezultate ale imaginii \u00een multe situa\u021bii. Acest lucru se observ\u0103, de asemenea, atunci c\u00e2nd ochii nu obosesc \u0219i nu ame\u021bi\u021bi chiar \u0219i atunci c\u00e2nd privi\u021bi prin ei pentru o perioad\u0103 lung\u0103 de timp.<\/p>\n<h3>Performan\u021b\u0103 crepuscular\u0103 pentru binocluri pentru drume\u021bii \u0219i c\u0103l\u0103torii<\/h3>\n<p>Deoarece binoclurile pentru acest scop sunt mici,<strong> U\u0219oare \u0219i nu prea scumpe<\/strong> sein sollen, spielt auch die D\u00e4mmerungsleistung keine grosse Rolle. Wenn man im Gebirge unterwegs ist, wird man immer darauf schauen, dass man zu einer vern\u00fcnftigen Abendzeit in der Unterkunft ankommt. Bei Tageslicht sind diese Ferngl\u00e4ser mehr als stark genug helle <strong>Imagini cu o reproducere excelent\u0103 a culorilor<\/strong> pentru a da.<\/p>\n<blockquote><p>Hier in teure Glassorten mit extremer Helligkeit zu investieren ist nicht Sinn der Sache.<\/p><\/blockquote>\n<h3>Carcas\u0103 robust\u0103 \u0219i manevrare convenabil\u0103<\/h3>\n<p>\u00cen plus fa\u021b\u0103 de <strong>Optica este materialul carcasei<\/strong> important. Binoclul trebuie s\u0103 fie un<strong> s\u0103 fie un companion pl\u0103cut \u0219i stabil, care abia se remarc\u0103 \u00een ceea ce prive\u0219te greutatea.<\/strong> macht. Einen Sto\u00df gegen einen Felsen, ein Sturz oder Wind und Wetter d\u00fcrfen kein Problem sein. Das muss es aushalten. Dazu geh\u00f6ren ergonomisch geformte Augenmuscheln sowie ein &#8220;Augenabstands-Regulier-Mechanismus&#8221; f\u00fcr die Benutzung mit Brille dazu.<\/p>\n<\/div>\n<div class=\"category-description std\">\n<h3>Compara\u021bie \u0219i adecvare binocular\u0103 \u00een func\u021bie de diametrul lentilei obiectivului<\/h3>\n<table border=\"0\">\n<tbody>\n<tr>\n<td><strong>Intensitatea luminoas\u0103<\/strong><\/td>\n<td><strong>Lentile<\/strong><\/td>\n<td><strong>Utilizare<\/strong><\/td>\n<\/tr>\n<tr>\n<td>sc\u0103zut<\/td>\n<td>25mm<\/td>\n<td>Binoclu de buzunar u\u0219or \u0219i mic Ideal pentru condi\u021bii normale de iluminare<\/td>\n<\/tr>\n<tr>\n<td>mediu<\/td>\n<td>30mm, 32mm<\/td>\n<td>Binoclu mic de toate tipurile Ideal p\u00e2n\u0103 la amurgul timpuriu<\/td>\n<\/tr>\n<tr>\n<td>mediu mai mare<\/td>\n<td>42mm, 45mm<\/td>\n<td>Binoclu universal Ideal p\u00e2n\u0103 la asfin\u021bit (t\u00e2rziu)<\/td>\n<\/tr>\n<tr>\n<td>\u00eenalt<\/td>\n<td>50mm, 56mm, 60mm<\/td>\n<td>Ochelari de noapte mai grei pentru astronomie, pentru condi\u021bii de lumin\u0103 slab\u0103, seara \u0219i noaptea<\/td>\n<\/tr>\n<\/tbody>\n<\/table>\n<h3>Compararea binoclurilor \u0219i adecvarea \u00een func\u021bie de m\u0103rire<\/h3>\n<table border=\"0\">\n<tbody>\n<tr>\n<td><strong>M\u0103rire<\/strong><\/td>\n<td><strong>mediu<\/strong><\/td>\n<\/tr>\n<tr>\n<td>\u00a07x, 8x, 8.5x, 10x, 10.5x<\/td>\n<td>\u00a0Binoclu pentru sport, observarea naturii, astronomie, c\u0103l\u0103torie, ornitologie, safari, observare<br \/>\n<strong>Domeniul general de aplicare pentru selec\u021bie:\u00a0<\/strong>Mic \u0219i la \u00eendem\u00e2n\u0103 cu intensitate redus\u0103 a luminii sau intensitate ridicat\u0103 a luminii cu dimensiuni \u0219i greutate normale<\/td>\n<\/tr>\n<tr>\n<td><strong>M\u0103rire<\/strong><\/td>\n<td><strong>\u00eenalt<\/strong><\/td>\n<\/tr>\n<tr>\n<td>\u00a012x, 15x<\/td>\n<td>\u00a0Binoclu pentru birdwatching, observarea naturii, safari, securitate, supraveghere sau protec\u021bia frontierelor<\/td>\n<\/tr>\n<\/tbody>\n<\/table>\n<\/div>\n<\/div>","protected":false},"excerpt":{"rendered":"<p>Empfehlung: Ideales Fernglas f\u00fcr das Wandern speziell Wanderwege, Bike,Urlaub, Trekking, Outdoor und Reisen Wollen Sie Ihre Wanderungen und Reisen mit Beobachtungen der Natur verbinden, geh\u00f6rt ein gutes Fernglas unbedingt mit ins Gep\u00e4ck. Beim Wandern ist ein Fernglas auch zudem ein Helfer zur Wegsuche. Deshalb sollte ein brauchbares Wanderfernglas scharf in der optischen Aufl\u00f6sung, leicht in [&#8230;]\n","protected":false},"author":2,"featured_media":0,"parent":0,"menu_order":0,"comment_status":"closed","ping_status":"closed","template":"","meta":{"inline_featured_image":false,"footnotes":""},"class_list":["post-15093","page","type-page","status-publish","hentry"],"_links":{"self":[{"href":"https:\/\/ddoptics.shop\/ro\/wp-json\/wp\/v2\/pages\/15093","targetHints":{"allow":["GET"]}}],"collection":[{"href":"https:\/\/ddoptics.shop\/ro\/wp-json\/wp\/v2\/pages"}],"about":[{"href":"https:\/\/ddoptics.shop\/ro\/wp-json\/wp\/v2\/types\/page"}],"author":[{"embeddable":true,"href":"https:\/\/ddoptics.shop\/ro\/wp-json\/wp\/v2\/users\/2"}],"replies":[{"embeddable":true,"href":"https:\/\/ddoptics.shop\/ro\/wp-json\/wp\/v2\/comments?post=15093"}],"version-history":[{"count":0,"href":"https:\/\/ddoptics.shop\/ro\/wp-json\/wp\/v2\/pages\/15093\/revisions"}],"wp:attachment":[{"href":"https:\/\/ddoptics.shop\/ro\/wp-json\/wp\/v2\/media?parent=15093"}],"curies":[{"name":"wp","href":"https:\/\/api.w.org\/{rel}","templated":true}]}}