{"id":15096,"date":"2019-06-06T09:58:55","date_gmt":"2019-06-06T07:58:55","guid":{"rendered":"https:\/\/ddoptics.shop\/?page_id=15096"},"modified":"2019-06-06T10:12:15","modified_gmt":"2019-06-06T08:12:15","slug":"binoclu-binoclu-ornitologie-identificarea-pasarilor-specii-de-pasari-ornitologie","status":"publish","type":"page","link":"https:\/\/ddoptics.shop\/ro\/fernglas-fernglaeser-ornithologie-vogelbestimmung-vogelarten-vogelkunde\/","title":{"rendered":"Fernglas bzw. Ferngl\u00e4ser f\u00fcr Ornithologie &#8211; Vogelbestimmung, Vogelarten, Heimische V\u00f6gel, Vogelkunde"},"content":{"rendered":"<div class=\"page-title category-title\">\n<h1>Recomandare: Binoclu ideal pentru ornitologie - identificarea p\u0103s\u0103rilor, specii de p\u0103s\u0103ri, p\u0103s\u0103ri native, ornitologie, chiar \u0219i observarea insectelor<\/h1>\n<\/div>\n<div class=\"category-description std\">\n<div class=\"category-description std\">\n<div class=\"page-title category-title\">\n<p>The <strong>Vogelbeobachtung ist eines der wichtigsten Anwendungsgebiete f\u00fcr Ferngl\u00e4ser.<\/strong> <strong>Ornitologi sau amatori de birdwatching<\/strong> lauern in die Natur und versuchen, h\u00fcbsche und vor allem seltene V\u00f6gel vor das Fernglas zu bekommen. Hat man dann erst einmal einen wundersch\u00f6nen Vogel mit seinen traumhaften Farben vor dem Objektiv m\u00fcssen 4 Eigenschaften stimmen:<\/p>\n<ol>\n<li>Rezolu\u021bia binoclului - acuitatea imaginii<\/li>\n<li>Reproducerea culorilor - absolut fidel\u0103 realit\u0103\u021bii<\/li>\n<li>Luminozitate \u00een coordonare cu redarea culorilor<\/li>\n<li>Vern\u00fcnftige, angenehme Randsch\u00e4rfe &#8211; ein wenig Randsch\u00e4rfe entspricht der Natur des Auges<\/li>\n<li>m\u00f6glichst gro\u00dfes Sehfeld um das ganze Bild r\u00e4umlich zu erleben<\/li>\n<\/ol>\n<h2>Cerin\u021be speciale ale ornitologilor pentru identificarea \u0219i observarea p\u0103s\u0103rilor<\/h2>\n<p>De asemenea, sunt necesare urm\u0103toarele:<\/p>\n<p><strong>Disponibilitatea binoclului<\/strong><\/p>\n<p>Pe <strong>\u201cV\u00e2n\u0103toare de imagini\u201d pentru p\u0103s\u0103ri<\/strong> este foarte important s\u0103 ave\u021bi binoclul rapid la \u00eendem\u00e2n\u0103 \u0219i s\u0103 nu fie voluminos. Cel mai bine este dac\u0103 pot fi prinse cu u\u0219urin\u021b\u0103 cu o singur\u0103 m\u00e2n\u0103.<\/p>\n<p>Situa\u021bia este diferit\u0103 dac\u0103<strong> Binoclu cu filet pe trepied<\/strong> \u0219i face observa\u021bii continue. Atunci, o greutate de 1,6 kg, de exemplu, nu conteaz\u0103. Pentru toate observa\u021biile cu m\u00e2na liber\u0103, recomand\u0103m o greutate maxim\u0103 de 900 de grame.<\/p>\n<p><strong>Flexibilitatea \u0219i cursa de focalizare a ro\u021bii de reglare<\/strong><\/p>\n<p>Cu<strong> Observarea p\u0103s\u0103rilor<\/strong> trebuie s\u0103 v\u0103 deplasa\u021bi mult \u00eenainte \u0219i \u00eenapoi. P\u0103s\u0103rile sunt aproape mereu \u00een mi\u0219care. Trebuie s\u0103 <strong>Apoi reorienta\u021bi frecvent imaginea<\/strong>, deoarece \u0219i distan\u021ba se modific\u0103 frecvent. Prin urmare, \u00een cazul binoclurilor, este important ca focalizarea s\u0103 fie \u00eentotdeauna reglabil\u0103 foarte fin \u0219i, mai presus de toate, f\u0103r\u0103 joc. De asemenea, este foarte important ca roata de focalizare s\u0103 nu trebuiasc\u0103 s\u0103 fie rotit\u0103 prea mult timp pentru a focaliza \u201cimaginea rapid\u0103\u201d. Acest lucru este cel mai bine testat direct pe binoclu. Este important ca<strong> \u201cViteza de focalizare a rota\u021biei\u201d<\/strong> este adaptat\u0103 la rezisten\u021ba la rota\u021bie.<\/p>\n<p>M\u0103rirea are un efect direct asupra <strong>Focalizarea binoclului<\/strong> de la: Binoclu cu <strong>M\u0103rire 7x<\/strong> trebuie focalizate mai rar dec\u00e2t binoclurile de 12x.<\/p>\n<h3>Calitatea imaginii binoclului pentru birdwatching<\/h3>\n<blockquote><p>Cel mai important lucru \u00een observarea p\u0103s\u0103rilor este claritatea imaginii cuplat\u0103 cu redarea culorilor!<\/p><\/blockquote>\n<p>Numai dac\u0103 <strong>Culorile penelor<\/strong> so erkennen kann, wie sie wirklich sind macht es Spa\u00df. Hochwertigste Verg\u00fctungen von Prismen und Linsen sind unumg\u00e4nglich. Bei Dachkantgl\u00e4sern bedeutet das, dass die Prismen \u00fcber eine <strong>Varietate de straturi dielectrice<\/strong> verf\u00fcgen m\u00fcssen. Einzig Ferngl\u00e4ser mit Porro Prismen k\u00f6nnen darauf verzichten &#8211; das kleine Sehfeld h\u00e4lt aber viele davon ob, so ein Fernglas f\u00fcr die Vogelbeobachtung zu verwenden.<\/p>\n<h3>Binocluri recomandate pentru observarea p\u0103s\u0103rilor<\/h3>\n<p>Wir empfehlen f\u00fcr die Vogelbeobachtung mind. eine 10-fach Vergr\u00f6sserung und ein 42 mm Objektiv.<\/p>\n<\/div>\n<div class=\"category-description std\">\n<h3>Compara\u021bie binocular\u0103 general\u0103 \u0219i adecvare \u00een func\u021bie de diametrul lentilei obiectivului<\/h3>\n<table border=\"0\">\n<tbody>\n<tr>\n<td><strong>Intensitatea luminoas\u0103<\/strong><\/td>\n<td><strong>Lentile<\/strong><\/td>\n<td><strong>Utilizare<\/strong><\/td>\n<\/tr>\n<tr>\n<td>sc\u0103zut<\/td>\n<td>25mm<\/td>\n<td>Binoclu de buzunar u\u0219or \u0219i mic Ideal pentru condi\u021bii normale de iluminare<\/td>\n<\/tr>\n<tr>\n<td>mediu<\/td>\n<td>30mm, 32mm<\/td>\n<td>Binoclu mic de toate tipurile Ideal p\u00e2n\u0103 la amurgul timpuriu<\/td>\n<\/tr>\n<tr>\n<td>mediu mai mare<\/td>\n<td>42mm, 45mm<\/td>\n<td>Binoclu universal Ideal p\u00e2n\u0103 la asfin\u021bit (t\u00e2rziu)<\/td>\n<\/tr>\n<tr>\n<td>\u00eenalt<\/td>\n<td>50mm, 56mm, 60mm<\/td>\n<td>Ochelari de noapte mai grei pentru astronomie, pentru condi\u021bii de lumin\u0103 slab\u0103, seara \u0219i noaptea<\/td>\n<\/tr>\n<\/tbody>\n<\/table>\n<h3>Compararea binoclurilor \u0219i adecvarea \u00een func\u021bie de m\u0103rire<\/h3>\n<table border=\"0\">\n<tbody>\n<tr>\n<td><strong>M\u0103rire<\/strong><\/td>\n<td><strong>mediu<\/strong><\/td>\n<\/tr>\n<tr>\n<td>\u00a07x, 8x, 8.5x, 10x, 10.5x<\/td>\n<td>\u00a0Binoclu pentru sport, observarea naturii, astronomie, c\u0103l\u0103torie, ornitologie, safari, observare<br \/>\n<strong>Domeniul general de aplicare pentru selec\u021bie:\u00a0<\/strong>Mic \u0219i la \u00eendem\u00e2n\u0103 cu intensitate redus\u0103 a luminii sau intensitate ridicat\u0103 a luminii cu dimensiuni \u0219i greutate normale<\/td>\n<\/tr>\n<tr>\n<td><strong>M\u0103rire<\/strong><\/td>\n<td><strong>\u00eenalt<\/strong><\/td>\n<\/tr>\n<tr>\n<td>\u00a012x, 15x<\/td>\n<td>\u00a0Binoclu pentru birdwatching, observarea naturii, safari, securitate, supraveghere sau protec\u021bia frontierelor<\/td>\n<\/tr>\n<\/tbody>\n<\/table>\n<\/div>\n<\/div>\n<\/div>","protected":false},"excerpt":{"rendered":"<p>Empfehlung: Ideales Fernglas f\u00fcr Ornithologie &#8211; Vogelbestimmung, Vogelarten, Heimische V\u00f6gel, Vogelkunde sogar Insektenbeobachtung Die Vogelbeobachtung ist eines der wichtigsten Anwendungsgebiete f\u00fcr Ferngl\u00e4ser. Ornithologen oder Hobby-Vogelbeobachter lauern in die Natur und versuchen, h\u00fcbsche und vor allem seltene V\u00f6gel vor das Fernglas zu bekommen. Hat man dann erst einmal einen wundersch\u00f6nen Vogel mit seinen traumhaften Farben vor [&#8230;]\n","protected":false},"author":2,"featured_media":0,"parent":0,"menu_order":0,"comment_status":"closed","ping_status":"closed","template":"","meta":{"inline_featured_image":false,"footnotes":""},"class_list":["post-15096","page","type-page","status-publish","hentry"],"_links":{"self":[{"href":"https:\/\/ddoptics.shop\/ro\/wp-json\/wp\/v2\/pages\/15096","targetHints":{"allow":["GET"]}}],"collection":[{"href":"https:\/\/ddoptics.shop\/ro\/wp-json\/wp\/v2\/pages"}],"about":[{"href":"https:\/\/ddoptics.shop\/ro\/wp-json\/wp\/v2\/types\/page"}],"author":[{"embeddable":true,"href":"https:\/\/ddoptics.shop\/ro\/wp-json\/wp\/v2\/users\/2"}],"replies":[{"embeddable":true,"href":"https:\/\/ddoptics.shop\/ro\/wp-json\/wp\/v2\/comments?post=15096"}],"version-history":[{"count":0,"href":"https:\/\/ddoptics.shop\/ro\/wp-json\/wp\/v2\/pages\/15096\/revisions"}],"wp:attachment":[{"href":"https:\/\/ddoptics.shop\/ro\/wp-json\/wp\/v2\/media?parent=15096"}],"curies":[{"name":"wp","href":"https:\/\/api.w.org\/{rel}","templated":true}]}}