{"id":1573,"date":"2012-07-04T09:57:58","date_gmt":"2012-07-04T07:57:58","guid":{"rendered":"http:\/\/www.optik-sport-shop.at\/?page_id=1573"},"modified":"2025-06-16T19:59:18","modified_gmt":"2025-06-16T17:59:18","slug":"linie-telefonica-de-urgenta-pentru-comenzi-telefonice","status":"publish","type":"page","link":"https:\/\/ddoptics.shop\/ro\/telefon-hotline-fuer-telefonische-bestellung\/","title":{"rendered":"Hotline pentru \u00eentreb\u0103ri despre produsele noastre sau comenzi telefonice"},"content":{"rendered":"<h2>\u00centreb\u0103rile dumneavoastr\u0103 cu privire la produsele DDoptics sau comenzile telefonice<\/h2>\n<p>Ar trebui s\u0103<strong> \u00centreb\u0103ri despre optica de calitate DDoptics sau despre alte produse<\/strong> atunci pur \u0219i simplu suna\u021bi-ne la linia fierbinte: +43 (0)676 6882000.<\/p>\n<p>A\u0219tept\u0103m cu ner\u0103bdare apelul dumneavoastr\u0103 \u0219i vom fi bucuro\u0219i s\u0103 v\u0103 r\u0103spundem la \u00eentreb\u0103ri.<\/p>\n<p>Magazinul t\u0103u Optik Sport.<\/p>","protected":false},"excerpt":{"rendered":"<p>Ihre Fragen zu unseren DDoptics Produkten oder telefonische Bestellung Sollten Sie Fragen zu den DDoptics Qualit\u00e4tsoptiken oder anderen Produkten haben, dann rufen Sie uns einfach unter der Hotline: +43 (0)676 6882000 an. Wir freuen uns auf Ihren anruf und beantworten gerne wir Ihre Fragen. Ihr Optik Sport Shop.<\/p>","protected":false},"author":2,"featured_media":0,"parent":0,"menu_order":0,"comment_status":"open","ping_status":"open","template":"","meta":{"inline_featured_image":false,"footnotes":""},"class_list":["post-1573","page","type-page","status-publish","hentry"],"_links":{"self":[{"href":"https:\/\/ddoptics.shop\/ro\/wp-json\/wp\/v2\/pages\/1573","targetHints":{"allow":["GET"]}}],"collection":[{"href":"https:\/\/ddoptics.shop\/ro\/wp-json\/wp\/v2\/pages"}],"about":[{"href":"https:\/\/ddoptics.shop\/ro\/wp-json\/wp\/v2\/types\/page"}],"author":[{"embeddable":true,"href":"https:\/\/ddoptics.shop\/ro\/wp-json\/wp\/v2\/users\/2"}],"replies":[{"embeddable":true,"href":"https:\/\/ddoptics.shop\/ro\/wp-json\/wp\/v2\/comments?post=1573"}],"version-history":[{"count":1,"href":"https:\/\/ddoptics.shop\/ro\/wp-json\/wp\/v2\/pages\/1573\/revisions"}],"predecessor-version":[{"id":28447,"href":"https:\/\/ddoptics.shop\/ro\/wp-json\/wp\/v2\/pages\/1573\/revisions\/28447"}],"wp:attachment":[{"href":"https:\/\/ddoptics.shop\/ro\/wp-json\/wp\/v2\/media?parent=1573"}],"curies":[{"name":"wp","href":"https:\/\/api.w.org\/{rel}","templated":true}]}}