{"id":22712,"date":"2020-05-27T00:46:55","date_gmt":"2020-05-26T22:46:55","guid":{"rendered":"https:\/\/ddoptics.shop\/?page_id=22712"},"modified":"2025-11-04T19:22:14","modified_gmt":"2025-11-04T18:22:14","slug":"termen-tehnic-optica-binoclu-pusca-luneta-spotting-scope-wiki","status":"publish","type":"page","link":"https:\/\/ddoptics.shop\/ro\/fachwort-optik-fernglas-zielfernrohr-spektiv-wiki\/","title":{"rendered":"Termeni optici pentru binocluri, lunete \u0219i lunete de observa\u021bie explica\u021bi \u201epe scurt\u201c"},"content":{"rendered":"<div class=\"img has-hover hide-for-small x md-x lg-x y md-y lg-y\" id=\"image_344218243\">\n\t\t\t\t\t\t\t\t<div class=\"img-inner dark\" >\n\t\t\t<img decoding=\"async\" width=\"750\" height=\"150\" src=\"https:\/\/ddoptics.shop\/wp-content\/uploads\/2020\/05\/DDoptics-Wiki-Lexikon.jpg\" class=\"attachment-original size-original\" alt=\"\" srcset=\"https:\/\/ddoptics.shop\/wp-content\/uploads\/2020\/05\/DDoptics-Wiki-Lexikon.jpg 750w, https:\/\/ddoptics.shop\/wp-content\/uploads\/2020\/05\/DDoptics-Wiki-Lexikon-304x61.jpg 304w, https:\/\/ddoptics.shop\/wp-content\/uploads\/2020\/05\/DDoptics-Wiki-Lexikon-305x61.jpg 305w, https:\/\/ddoptics.shop\/wp-content\/uploads\/2020\/05\/DDoptics-Wiki-Lexikon-632x126.jpg 632w, https:\/\/ddoptics.shop\/wp-content\/uploads\/2020\/05\/DDoptics-Wiki-Lexikon-510x102.jpg 510w, https:\/\/ddoptics.shop\/wp-content\/uploads\/2020\/05\/DDoptics-Wiki-Lexikon-250x50.jpg 250w\" sizes=\"(max-width: 750px) 100vw, 750px\" title=\"\">\t\t\t\t\t\t\n\t\t\t\t\t<\/div>\n\t\t\t\t\t\t\t\t\n<style>\n#image_344218243 {\n  width: 100%;\n}\n<\/style>\n\t<\/div>\n\t\r\n\t<div id=\"gap-610171270\" class=\"gap-element clearfix\" style=\"display:block; height:auto;\">\n\t\t\n<style>\n#gap-610171270 {\n  padding-top: 30px;\n}\n<\/style>\n\t<\/div>\n\t\r\n<p>Selecta\u021bi termenul tehnic dorit din c\u00e2mpul de litere din dreapta. Mai jos este prezentat un extras din termenii tehnici stoca\u021bi \u00een prezent. Ne str\u0103duim s\u0103 explic\u0103m acest wiki folosind exemple din practica noastr\u0103. De asemenea, ad\u0103ug\u0103m \u00een mod constant noi termeni tehnici la wiki. V\u0103 mul\u021bumim pentru orice informa\u021bie dac\u0103 un termen tehnic lipse\u0219te \u00eenc\u0103.<\/p>\r\n<div class=\"glossary-term-bar\"><span class=\"glossary-link-initial-item\"><a href=\"#glossary-a\">a<\/a><\/span><span class=\"glossary-link-initial-item\"><a href=\"#glossary-b\">b<\/a><\/span><span class=\"glossary-link-initial-item\"><a href=\"#glossary-d\">d<\/a><\/span><span class=\"glossary-link-initial-item\"><a href=\"#glossary-e\">e<\/a><\/span><span class=\"glossary-link-initial-item\"><a href=\"#glossary-f\">f<\/a><\/span><span class=\"glossary-link-initial-item\"><a href=\"#glossary-g\">g<\/a><\/span><span class=\"glossary-link-initial-item\"><a href=\"#glossary-i\">i<\/a><\/span><span class=\"glossary-link-initial-item\"><a href=\"#glossary-j\">j<\/a><\/span><span class=\"glossary-link-initial-item\"><a href=\"#glossary-l\">l<\/a><\/span><span class=\"glossary-link-initial-item\"><a href=\"#glossary-m\">m<\/a><\/span><span class=\"glossary-link-initial-item\"><a href=\"#glossary-o\">o<\/a><\/span><span class=\"glossary-link-initial-item\"><a href=\"#glossary-p\">p<\/a><\/span><span class=\"glossary-link-initial-item\"><a href=\"#glossary-r\">r<\/a><\/span><span class=\"glossary-link-initial-item\"><a href=\"#glossary-s\">s<\/a><\/span><span class=\"glossary-link-initial-item\"><a href=\"#glossary-v\">v<\/a><\/span><span class=\"glossary-link-initial-item\"><a href=\"#glossary-w\">w<\/a><\/span><span class=\"glossary-link-initial-item\"><a href=\"#glossary-z\">z<\/a><\/span><\/div><div class=\"gt-search-bar\" data-scroll=\"scroll\"><input type=\"text\" class=\"gt-search\" name=\"gt-search\" aria-label=\"C\u0103utare\" placeholder=\"C\u0103utare\" value=\"\" autocomplete=\"off\"><button class=\"gt-next\">\u2193<\/button><button class=\"gt-prev\">\u2191<\/button><\/div><div class=\"glossary-term-list\"><div class=\"glossary-block glossary-block-a\"><span class=\"glossary-letter\" id=\"glossary-a\">a<\/span><ul><li><span class=\"glossary-link-item\" itemscope itemtype=\"https:\/\/schema.org\/DefinedTerm\"><a itemprop=\"inDefinedTermSet\" href=\"https:\/\/ddoptics.shop\/ro\/fachwort\/asphaerische-linsen\/\"><span itemprop=\"name\">Lentile asferice pentru optic\u0103<\/span><\/a><\/span><\/li><li><span class=\"glossary-link-item\" itemscope itemtype=\"https:\/\/schema.org\/DefinedTerm\"><a itemprop=\"inDefinedTermSet\" href=\"https:\/\/ddoptics.shop\/ro\/fachwort\/augenabstand-bei-fernglaesern\/\"><span itemprop=\"name\">Deplasarea ochilor pentru binoclu<\/span><\/a><\/span><\/li><li><span class=\"glossary-link-item\" itemscope itemtype=\"https:\/\/schema.org\/DefinedTerm\"><a itemprop=\"inDefinedTermSet\" href=\"https:\/\/ddoptics.shop\/ro\/fachwort\/austrittspupille-fernglas-berechnen\/\"><span itemprop=\"name\">Calcula\u021bi \u0219i explica\u021bi pupila de ie\u0219ire a binoclului<\/span><\/a><\/span><\/li><\/ul><\/div><div class=\"glossary-block glossary-block-b\"><span class=\"glossary-letter\" id=\"glossary-b\">b<\/span><ul><li><span class=\"glossary-link-item\" itemscope itemtype=\"https:\/\/schema.org\/DefinedTerm\"><a itemprop=\"inDefinedTermSet\" href=\"https:\/\/ddoptics.shop\/ro\/fachwort\/berechnung-winkelminute-bzw-moa-bei-zielfernrohren\/\"><span itemprop=\"name\">Calculul minutei unghiulare sau MOA pentru lunet\u0103<\/span><\/a><\/span><\/li><li><span class=\"glossary-link-item\" itemscope itemtype=\"https:\/\/schema.org\/DefinedTerm\"><a itemprop=\"inDefinedTermSet\" href=\"https:\/\/ddoptics.shop\/ro\/fachwort\/optik-verguetungen\/\"><span itemprop=\"name\">Acoperiri \u0219i acoperiri pentru optic\u0103 - Acoperire sau multiacoperire<\/span><\/a><\/span><\/li><li><span class=\"glossary-link-item\" itemscope itemtype=\"https:\/\/schema.org\/DefinedTerm\"><a itemprop=\"inDefinedTermSet\" href=\"https:\/\/ddoptics.shop\/ro\/fachwort\/bildfeldwoelbung-flattener-linsen\/\"><span itemprop=\"name\">Curbura c\u00e2mpului de imagine - lentile aplatizante pentru optic\u0103<\/span><\/a><\/span><\/li><\/ul><\/div><div class=\"glossary-block glossary-block-d\"><span class=\"glossary-letter\" id=\"glossary-d\">d<\/span><ul><li><span class=\"glossary-link-item\" itemscope itemtype=\"https:\/\/schema.org\/DefinedTerm\"><a itemprop=\"inDefinedTermSet\" href=\"https:\/\/ddoptics.shop\/ro\/fachwort\/dachkant-prisma\/\"><span itemprop=\"name\">Prisma de acoperi\u0219<\/span><\/a><\/span><\/li><li><span class=\"glossary-link-item\" itemscope itemtype=\"https:\/\/schema.org\/DefinedTerm\"><a itemprop=\"inDefinedTermSet\" href=\"https:\/\/ddoptics.shop\/ro\/fachwort\/fernglas-daemmerungszahl-daemmerungsleistung\/\"><span itemprop=\"name\">Factorul crepuscular \u0219i performan\u021ba crepuscular\u0103 a binoclurilor<\/span><\/a><\/span><\/li><li><span class=\"glossary-link-item\" itemscope itemtype=\"https:\/\/schema.org\/DefinedTerm\"><a itemprop=\"inDefinedTermSet\" href=\"https:\/\/ddoptics.shop\/ro\/fachwort\/absehen-erste-bildebene\/\"><span itemprop=\"name\">Reticul din primul plan focal al lunetelor<\/span><\/a><\/span><\/li><li><span class=\"glossary-link-item\" itemscope itemtype=\"https:\/\/schema.org\/DefinedTerm\"><a itemprop=\"inDefinedTermSet\" href=\"https:\/\/ddoptics.shop\/ro\/fachwort\/absehen-zweite-bildebene\/\"><span itemprop=\"name\">Reticul din al doilea plan de imagine al lunetelor<\/span><\/a><\/span><\/li><li><span class=\"glossary-link-item\" itemscope itemtype=\"https:\/\/schema.org\/DefinedTerm\"><a itemprop=\"inDefinedTermSet\" href=\"https:\/\/ddoptics.shop\/ro\/fachwort\/zielfernrohr-leuchtpunkt\/\"><span itemprop=\"name\">DDoptics pu\u0219c\u0103 cu fibr\u0103 optic\u0103 punct iluminat II<\/span><\/a><\/span><\/li><li><span class=\"glossary-link-item\" itemscope itemtype=\"https:\/\/schema.org\/DefinedTerm\"><a itemprop=\"inDefinedTermSet\" href=\"https:\/\/ddoptics.shop\/ro\/fachwort\/dioptrienkorrektur-fernglas\/\"><span itemprop=\"name\">Corec\u021bia dioptriilor pentru purt\u0103torii de ochelari cu binoclu<\/span><\/a><\/span><\/li><\/ul><\/div><div class=\"glossary-block glossary-block-e\"><span class=\"glossary-letter\" id=\"glossary-e\">e<\/span><ul><li><span class=\"glossary-link-item\" itemscope itemtype=\"https:\/\/schema.org\/DefinedTerm\"><a itemprop=\"inDefinedTermSet\" href=\"https:\/\/ddoptics.shop\/ro\/fachwort\/ed-glas\/\"><span itemprop=\"name\">Sticl\u0103 ED - Sticl\u0103 cu dispersie foarte sc\u0103zut\u0103 pentru binocluri<\/span><\/a><\/span><\/li><\/ul><\/div><div class=\"glossary-block glossary-block-f\"><span class=\"glossary-letter\" id=\"glossary-f\">f<\/span><ul><li><span class=\"glossary-link-item\" itemscope itemtype=\"https:\/\/schema.org\/DefinedTerm\"><a itemprop=\"inDefinedTermSet\" href=\"https:\/\/ddoptics.shop\/ro\/fachwort\/fernglas-fuer-vogelbeobachtung\/\"><span itemprop=\"name\">Binoclu pentru birdwatching<\/span><\/a><\/span><\/li><li><span class=\"glossary-link-item\" itemscope itemtype=\"https:\/\/schema.org\/DefinedTerm\"><a itemprop=\"inDefinedTermSet\" href=\"https:\/\/ddoptics.shop\/ro\/fachwort\/fernglas-wasserdicht-druckwasserdicht\/\"><span itemprop=\"name\">Binoclu rezistent la ap\u0103 sau etan\u0219 la presiunea apei<\/span><\/a><\/span><\/li><li><span class=\"glossary-link-item\" itemscope itemtype=\"https:\/\/schema.org\/DefinedTerm\"><a itemprop=\"inDefinedTermSet\" href=\"https:\/\/ddoptics.shop\/ro\/fachwort\/fernglaeser-aufbau-und-prismen\/\"><span itemprop=\"name\">Binocluri - construc\u021bie \u0219i prisme<\/span><\/a><\/span><\/li><li><span class=\"glossary-link-item\" itemscope itemtype=\"https:\/\/schema.org\/DefinedTerm\"><a itemprop=\"inDefinedTermSet\" href=\"https:\/\/ddoptics.shop\/ro\/fachwort\/versenkbare-augenmuscheln\/\"><span itemprop=\"name\">Binoclu cu ochelari retractabili ideal pentru purt\u0103torii de ochelari<\/span><\/a><\/span><\/li><li><span class=\"glossary-link-item\" itemscope itemtype=\"https:\/\/schema.org\/DefinedTerm\"><a itemprop=\"inDefinedTermSet\" href=\"https:\/\/ddoptics.shop\/ro\/fachwort\/licht-im-auge\/\"><span itemprop=\"name\">Func\u021bia ochiului - adaptarea la lumin\u0103 \u0219i \u00eentuneric<\/span><\/a><\/span><\/li><\/ul><\/div><div class=\"glossary-block glossary-block-g\"><span class=\"glossary-letter\" id=\"glossary-g\">g<\/span><ul><li><span class=\"glossary-link-item\" itemscope itemtype=\"https:\/\/schema.org\/DefinedTerm\"><a itemprop=\"inDefinedTermSet\" href=\"https:\/\/ddoptics.shop\/ro\/fachwort\/gummiarmierung-bei-fernglaesern\/\"><span itemprop=\"name\">Arm\u0103tur\u0103 de cauciuc pentru binoclu<\/span><\/a><\/span><\/li><\/ul><\/div><div class=\"glossary-block glossary-block-i\"><span class=\"glossary-letter\" id=\"glossary-i\">i<\/span><ul><li><span class=\"glossary-link-item\" itemscope itemtype=\"https:\/\/schema.org\/DefinedTerm\"><a itemprop=\"inDefinedTermSet\" href=\"https:\/\/ddoptics.shop\/ro\/fachwort\/intelligenter-ddoptics-ifiber-leuchtpunkt\/\"><span itemprop=\"name\">Intelligent DDoptics IFiber Control punct luminat<\/span><\/a><\/span><\/li><\/ul><\/div><div class=\"glossary-block glossary-block-j\"><span class=\"glossary-letter\" id=\"glossary-j\">j<\/span><ul><li><span class=\"glossary-link-item\" itemscope itemtype=\"https:\/\/schema.org\/DefinedTerm\"><a itemprop=\"inDefinedTermSet\" href=\"https:\/\/ddoptics.shop\/ro\/fachwort\/justierung\/\"><span itemprop=\"name\">Ajustare<\/span><\/a><\/span><\/li><\/ul><\/div><div class=\"glossary-block glossary-block-l\"><span class=\"glossary-letter\" id=\"glossary-l\">l<\/span><ul><li><span class=\"glossary-link-item\" itemscope itemtype=\"https:\/\/schema.org\/DefinedTerm\"><a itemprop=\"inDefinedTermSet\" href=\"https:\/\/ddoptics.shop\/ro\/fachwort\/lichtdurchlaessigkeit-lichttransmission-optik\/\"><span itemprop=\"name\">Transmitan\u021b\u0103 luminoas\u0103, transmisie luminoas\u0103 pentru dispozitive optice<\/span><\/a><\/span><\/li><li><span class=\"glossary-link-item\" itemscope itemtype=\"https:\/\/schema.org\/DefinedTerm\"><a itemprop=\"inDefinedTermSet\" href=\"https:\/\/ddoptics.shop\/ro\/fachwort\/ansitzglaeser-fuer-daemmerung-und-nachtjagd\/\"><span itemprop=\"name\">Ochelari de \u0219edere cu luminozitate ridicat\u0103 pentru amurg sau noapte<\/span><\/a><\/span><\/li><\/ul><\/div><div class=\"glossary-block glossary-block-m\"><span class=\"glossary-letter\" id=\"glossary-m\">m<\/span><ul><li><span class=\"glossary-link-item\" itemscope itemtype=\"https:\/\/schema.org\/DefinedTerm\"><a itemprop=\"inDefinedTermSet\" href=\"https:\/\/ddoptics.shop\/ro\/fachwort\/mini-fernglas\/\"><span itemprop=\"name\">Mini binoclu - Binoclu de buzunar<\/span><\/a><\/span><\/li><\/ul><\/div><div class=\"glossary-block glossary-block-o\"><span class=\"glossary-letter\" id=\"glossary-o\">o<\/span><ul><li><span class=\"glossary-link-item\" itemscope itemtype=\"https:\/\/schema.org\/DefinedTerm\"><a itemprop=\"inDefinedTermSet\" href=\"https:\/\/ddoptics.shop\/ro\/fachwort\/objektiv\/\"><span itemprop=\"name\">Lentile<\/span><\/a><\/span><\/li><li><span class=\"glossary-link-item\" itemscope itemtype=\"https:\/\/schema.org\/DefinedTerm\"><a itemprop=\"inDefinedTermSet\" href=\"https:\/\/ddoptics.shop\/ro\/fachwort\/objektivdurchmesser-fernglas-zielfernrohr\/\"><span itemprop=\"name\">Diametrul lentilelor pentru binocluri \u0219i lunete<\/span><\/a><\/span><\/li><li><span class=\"glossary-link-item\" itemscope itemtype=\"https:\/\/schema.org\/DefinedTerm\"><a itemprop=\"inDefinedTermSet\" href=\"https:\/\/ddoptics.shop\/ro\/fachwort\/okular\/\"><span itemprop=\"name\">Ocular pentru binoclu \u0219i lunet\u0103<\/span><\/a><\/span><\/li><li><span class=\"glossary-link-item\" itemscope itemtype=\"https:\/\/schema.org\/DefinedTerm\"><a itemprop=\"inDefinedTermSet\" href=\"https:\/\/ddoptics.shop\/ro\/fachwort\/glassorten-fuer-optik\/\"><span itemprop=\"name\">Optic\u0103 Tipuri de sticl\u0103 pentru dispozitive optice<\/span><\/a><\/span><\/li><li><span class=\"glossary-link-item\" itemscope itemtype=\"https:\/\/schema.org\/DefinedTerm\"><a itemprop=\"inDefinedTermSet\" href=\"https:\/\/ddoptics.shop\/ro\/fachwort\/optik-vergroesserung\/\"><span itemprop=\"name\">M\u0103rire optic\u0103<\/span><\/a><\/span><\/li><li><span class=\"glossary-link-item\" itemscope itemtype=\"https:\/\/schema.org\/DefinedTerm\"><a itemprop=\"inDefinedTermSet\" href=\"https:\/\/ddoptics.shop\/ro\/fachwort\/optische-verguetung\/\"><span itemprop=\"name\">Acoperirea optic\u0103 \u0219i acoperirea lentilelor \u0219i a prismelor<\/span><\/a><\/span><\/li><\/ul><\/div><div class=\"glossary-block glossary-block-p\"><span class=\"glossary-letter\" id=\"glossary-p\">p<\/span><ul><li><span class=\"glossary-link-item\" itemscope itemtype=\"https:\/\/schema.org\/DefinedTerm\"><a itemprop=\"inDefinedTermSet\" href=\"https:\/\/ddoptics.shop\/ro\/fachwort\/parallaxe-und-parallaxenausgleich-zielfernrohr\/\"><span itemprop=\"name\">Eroarea de paralax\u0103 \u0219i compensarea paralaxei - lunet\u0103<\/span><\/a><\/span><\/li><li><span class=\"glossary-link-item\" itemscope itemtype=\"https:\/\/schema.org\/DefinedTerm\"><a itemprop=\"inDefinedTermSet\" href=\"https:\/\/ddoptics.shop\/ro\/fachwort\/porro-prisma\/\"><span itemprop=\"name\">Prism\u0103 Porro<\/span><\/a><\/span><\/li><li><span class=\"glossary-link-item\" itemscope itemtype=\"https:\/\/schema.org\/DefinedTerm\"><a itemprop=\"inDefinedTermSet\" href=\"https:\/\/ddoptics.shop\/ro\/fachwort\/prismen-arten-fernlas\/\"><span itemprop=\"name\">Prisme - diferite tipuri \u00een binocluri<\/span><\/a><\/span><\/li><li><span class=\"glossary-link-item\" itemscope itemtype=\"https:\/\/schema.org\/DefinedTerm\"><a itemprop=\"inDefinedTermSet\" href=\"https:\/\/ddoptics.shop\/ro\/fachwort\/vergleich-porro-dachkant-prisma\/\"><span itemprop=\"name\">Compararea prismelor Porro \u0219i a prismelor de acoperi\u0219<\/span><\/a><\/span><\/li><\/ul><\/div><div class=\"glossary-block glossary-block-r\"><span class=\"glossary-letter\" id=\"glossary-r\">r<\/span><ul><li><span class=\"glossary-link-item\" itemscope itemtype=\"https:\/\/schema.org\/DefinedTerm\"><a itemprop=\"inDefinedTermSet\" href=\"https:\/\/ddoptics.shop\/ro\/fachwort\/randschaerfe-bei-fernglaesern\/\"><span itemprop=\"name\">Ascu\u021bimea marginilor pentru binocluri<\/span><\/a><\/span><\/li><li><span class=\"glossary-link-item\" itemscope itemtype=\"https:\/\/schema.org\/DefinedTerm\"><a itemprop=\"inDefinedTermSet\" href=\"https:\/\/ddoptics.shop\/ro\/fachwort\/rnp-raindefender-nano-protection\/\"><span itemprop=\"name\">RNP - Raindefender Nano Protection<\/span><\/a><\/span><\/li><\/ul><\/div><div class=\"glossary-block glossary-block-s\"><span class=\"glossary-letter\" id=\"glossary-s\">s<\/span><ul><li><span class=\"glossary-link-item\" itemscope itemtype=\"https:\/\/schema.org\/DefinedTerm\"><a itemprop=\"inDefinedTermSet\" href=\"https:\/\/ddoptics.shop\/ro\/fachwort\/schussfestigkeit-zielfernrohr\/\"><span itemprop=\"name\">Rezisten\u021b\u0103 la \u00eempu\u0219care pentru lunete<\/span><\/a><\/span><\/li><li><span class=\"glossary-link-item\" itemscope itemtype=\"https:\/\/schema.org\/DefinedTerm\"><a itemprop=\"inDefinedTermSet\" href=\"https:\/\/ddoptics.shop\/ro\/fachwort\/sehfeld-bei-fernglas-und-zielfernrohr\/\"><span itemprop=\"name\">C\u00e2mpul vizual \u0219i unghiul de vizualizare pentru optic\u0103, cum ar fi binoclul \u0219i luneta<\/span><\/a><\/span><\/li><li><span class=\"glossary-link-item\" itemscope itemtype=\"https:\/\/schema.org\/DefinedTerm\"><a itemprop=\"inDefinedTermSet\" href=\"https:\/\/ddoptics.shop\/ro\/fachwort\/stickstofffuellung-fernglas\/\"><span itemprop=\"name\">Umplere cu azot pentru binocluri<\/span><\/a><\/span><\/li><\/ul><\/div><div class=\"glossary-block glossary-block-v\"><span class=\"glossary-letter\" id=\"glossary-v\">v<\/span><ul><li><span class=\"glossary-link-item\" itemscope itemtype=\"https:\/\/schema.org\/DefinedTerm\"><a itemprop=\"inDefinedTermSet\" href=\"https:\/\/ddoptics.shop\/ro\/fachwort\/fernglaeser-fuer-brillentraeger\/\"><span itemprop=\"name\">Utilizarea binoclurilor pentru purt\u0103torii de ochelari<\/span><\/a><\/span><\/li><\/ul><\/div><div class=\"glossary-block glossary-block-w\"><span class=\"glossary-letter\" id=\"glossary-w\">w<\/span><ul><li><span class=\"glossary-link-item\" itemscope itemtype=\"https:\/\/schema.org\/DefinedTerm\"><a itemprop=\"inDefinedTermSet\" href=\"https:\/\/ddoptics.shop\/ro\/fachwort\/leuchtpunkt-zielfernrohr-beratung\/\"><span itemprop=\"name\">La ce ar trebui s\u0103 fi\u021bi aten\u021bi \u00een punctul iluminat al lunetei optice<\/span><\/a><\/span><\/li><\/ul><\/div><div class=\"glossary-block glossary-block-z\"><span class=\"glossary-letter\" id=\"glossary-z\">z<\/span><ul><li><span class=\"glossary-link-item\" itemscope itemtype=\"https:\/\/schema.org\/DefinedTerm\"><a itemprop=\"inDefinedTermSet\" href=\"https:\/\/ddoptics.shop\/ro\/fachwort\/die-absehen-bei-zielfernrohren\/\"><span itemprop=\"name\">Reticul de pu\u0219c\u0103 \u0219i reticul iluminat pentru optica \u021bint\u0103<\/span><\/a><\/span><\/li><li><span class=\"glossary-link-item\" itemscope itemtype=\"https:\/\/schema.org\/DefinedTerm\"><a itemprop=\"inDefinedTermSet\" href=\"https:\/\/ddoptics.shop\/ro\/fachwort\/zielfernrohr-montagen\/\"><span itemprop=\"name\">Suporturi pentru lunet\u0103<\/span><\/a><\/span><\/li><\/ul><\/div><\/div>","protected":false},"excerpt":{"rendered":"<p>Selecta\u021bi termenul tehnic dorit din c\u00e2mpul de litere din dreapta. Mai jos este prezentat un extras din termenii tehnici stoca\u021bi \u00een prezent. Ne str\u0103duim s\u0103 explic\u0103m acest wiki folosind exemple din practica noastr\u0103. De asemenea, ad\u0103ug\u0103m \u00een mod constant noi termeni tehnici la wiki. V\u0103 mul\u021bumim pentru orice informa\u021bie dac\u0103 un termen tehnic lipse\u0219te \u00eenc\u0103.<\/p>","protected":false},"author":3,"featured_media":22994,"parent":0,"menu_order":0,"comment_status":"closed","ping_status":"closed","template":"page-right-sidebar.php","meta":{"inline_featured_image":false,"footnotes":""},"class_list":["post-22712","page","type-page","status-publish","has-post-thumbnail","hentry"],"_links":{"self":[{"href":"https:\/\/ddoptics.shop\/ro\/wp-json\/wp\/v2\/pages\/22712","targetHints":{"allow":["GET"]}}],"collection":[{"href":"https:\/\/ddoptics.shop\/ro\/wp-json\/wp\/v2\/pages"}],"about":[{"href":"https:\/\/ddoptics.shop\/ro\/wp-json\/wp\/v2\/types\/page"}],"author":[{"embeddable":true,"href":"https:\/\/ddoptics.shop\/ro\/wp-json\/wp\/v2\/users\/3"}],"replies":[{"embeddable":true,"href":"https:\/\/ddoptics.shop\/ro\/wp-json\/wp\/v2\/comments?post=22712"}],"version-history":[{"count":11,"href":"https:\/\/ddoptics.shop\/ro\/wp-json\/wp\/v2\/pages\/22712\/revisions"}],"predecessor-version":[{"id":29400,"href":"https:\/\/ddoptics.shop\/ro\/wp-json\/wp\/v2\/pages\/22712\/revisions\/29400"}],"wp:featuredmedia":[{"embeddable":true,"href":"https:\/\/ddoptics.shop\/ro\/wp-json\/wp\/v2\/media\/22994"}],"wp:attachment":[{"href":"https:\/\/ddoptics.shop\/ro\/wp-json\/wp\/v2\/media?parent=22712"}],"curies":[{"name":"wp","href":"https:\/\/api.w.org\/{rel}","templated":true}]}}