{"id":2501,"date":"2012-11-07T17:23:30","date_gmt":"2012-11-07T16:23:30","guid":{"rendered":"http:\/\/www.optik-sport-shop.at\/?page_id=2501"},"modified":"2026-04-13T20:48:19","modified_gmt":"2026-04-13T18:48:19","slug":"metoda-de-plata-cumparare-in-cont","status":"publish","type":"page","link":"https:\/\/ddoptics.shop\/ro\/zahlungsart-kauf-auf-rechnung\/","title":{"rendered":"Metoda de plat\u0103 achizi\u021bie \u00een cont"},"content":{"rendered":"<h1><span style=\"color: #0000ff;\"><a title=\"La termenii \u0219i condi\u021biile Optik Sport Shop\" href=\"https:\/\/ddoptics.shop\/ro\/agb\/\" target=\"_blank\" rel=\"noopener\"><span style=\"color: #0000ff;\">GTC<\/span><\/a><\/span> Punctul 2.1: Metoda de plat\u0103 actual\u0103 - achizi\u021bia f\u0103r\u0103 risc \u00een cont (<span style=\"color: #0000ff;\">=Testa\u021bi produsul pentru vizualizare<\/span>)<\/h1>\n<p>Pentru clien\u021bii din<strong>\u00a0\u00een Austria \u0219i Germania<\/strong> Optik Sport Shop ofer\u0103 posibilitatea de a pl\u0103ti pentru produsele comandate folosind metoda de plat\u0103 <strong>\u201eAchizi\u021bie pe cont f\u0103r\u0103 risc\u201c<\/strong> pentru a pl\u0103ti. Acest lucru v\u0103 ofer\u0103 posibilitatea de a testa produsul pentru vizualizare.<\/p>\n<p><strong><span style=\"color: #0000ff;\">De ce:<\/span> <\/strong>Multe dintre <strong>Clien\u021bii prefer\u0103 aceast\u0103 metod\u0103 de plat\u0103<\/strong>, deoarece produsul este pur \u0219i simplu returnat dac\u0103 nu este pe placul clientului (un fel de <strong>Comanda pentru vizualizare<\/strong>).<\/p>\n<p>Cu aceast\u0103 form\u0103 de procesare a pl\u0103\u021bilor <strong>colaboreaz\u0103 cu Optik Sport Shop<\/strong> dac\u0103 este necesar, cu un <strong>partener extern de servicii Klarna<\/strong>. \u00cen acest scop, transmitem datele dumneavoastr\u0103 partenerului nostru de servicii pentru \u00eencasarea facturii. Achizi\u021bia \u00een cont deschis are loc exclusiv sub rezerva confirm\u0103rii pozitive de c\u0103tre partenerul de servicii \u00een leg\u0103tur\u0103 cu acest client.<\/p>\n<p>\u00cen cazul \u00een care angajamentul clientului din partea partenerului nu corespunde <strong>Magazin Optics Sport<\/strong> autorizat s\u0103 utilizeze <strong>Ordin de respingere<\/strong> <strong>sau alte metode de plat\u0103 sau ca plat\u0103 anticipat\u0103<\/strong> s\u0103 ofere.<\/p>\n<h2>2.2 Utilizarea autorizat\u0103 a opticii DDoptics pentru achizi\u021bionarea \u00een cont<\/h2>\n<p>Gratuit \u0219i <strong>Utilizarea neangajant\u0103 a produselor DDoptics<\/strong> \u0219i autorizat s\u0103 le inspecteze. Dup\u0103 achizi\u021bionarea bunurilor de c\u0103tre <strong>plata pre\u021bului de achizi\u021bie, dreptul de proprietate este transferat utilizatorului.<\/strong> peste. Acesta din urm\u0103 este apoi complet <strong>Utilizarea bunurilor<\/strong> autorizat. \u00cen cazul unei <strong>utilizarea prev\u0103zut\u0103 a bunurilor<\/strong>, Dac\u0103 bunurile s-au deteriorat, nu trebuie s\u0103 pl\u0103ti\u021bi desp\u0103gubiri sau o tax\u0103 de utilizare.<\/p>","protected":false},"excerpt":{"rendered":"<p>AGB Punkt 2.1: Aktuelle Zahlungsmodalit\u00e4t &#8211; Risikofreier Kauf auf Rechnung (=Produkt zur Ansicht testen) F\u00fcr Kunden in\u00a0in \u00d6sterreich und in Deutschland bietet Optik Sport Shop die M\u00f6glichkeit, bestellte Produkte mittels der Zahlungsart \u201eKauf auf Rechnung ohne Risiko\u201c zu bezahlen. Damit haben Sie die M\u00f6glichkeit, das Produkt zur Ansicht zu testen. Warum: Viele unserer Kunden bevorzugen [&#8230;]\n","protected":false},"author":2,"featured_media":0,"parent":0,"menu_order":0,"comment_status":"closed","ping_status":"open","template":"","meta":{"inline_featured_image":false,"footnotes":""},"class_list":["post-2501","page","type-page","status-publish","hentry"],"_links":{"self":[{"href":"https:\/\/ddoptics.shop\/ro\/wp-json\/wp\/v2\/pages\/2501","targetHints":{"allow":["GET"]}}],"collection":[{"href":"https:\/\/ddoptics.shop\/ro\/wp-json\/wp\/v2\/pages"}],"about":[{"href":"https:\/\/ddoptics.shop\/ro\/wp-json\/wp\/v2\/types\/page"}],"author":[{"embeddable":true,"href":"https:\/\/ddoptics.shop\/ro\/wp-json\/wp\/v2\/users\/2"}],"replies":[{"embeddable":true,"href":"https:\/\/ddoptics.shop\/ro\/wp-json\/wp\/v2\/comments?post=2501"}],"version-history":[{"count":0,"href":"https:\/\/ddoptics.shop\/ro\/wp-json\/wp\/v2\/pages\/2501\/revisions"}],"wp:attachment":[{"href":"https:\/\/ddoptics.shop\/ro\/wp-json\/wp\/v2\/media?parent=2501"}],"curies":[{"name":"wp","href":"https:\/\/api.w.org\/{rel}","templated":true}]}}