{"id":27,"date":"2012-04-01T20:13:01","date_gmt":"2012-04-01T18:13:01","guid":{"rendered":"http:\/\/www.optik-sport-shop.at\/?page_id=27"},"modified":"2025-10-23T16:07:24","modified_gmt":"2025-10-23T14:07:24","slug":"contact","status":"publish","type":"page","link":"https:\/\/ddoptics.shop\/ro\/kontakt\/","title":{"rendered":"Contacta\u021bi-ne"},"content":{"rendered":"\n\t<script type=\"text\/javascript\">\n  jQuery( document ).ready(function() {\n    function initialize() {\n        var styles = {\n            'flatsome':  [{\n            \"featureType\": \"administrative\",\n            \"stylers\": [\n              { \"visibility\": \"on\" }\n            ]\n          },\n          {\n            \"featureType\": \"road\",\n            \"stylers\": [\n              { \"visibility\": \"on\" },\n              { \"hue\": \"#58728a\" }\n            ]\n          },\n          {\n            \"stylers\": [\n\t\t\t  { \"visibility\": \"on\" },\n\t\t\t  { \"hue\": \"#58728a\" },\n\t\t\t  { \"saturation\": -30 }\n            ]\n          }\n        ]};\n\n        var myLatlng = new google.maps.LatLng(47.452745, 9.766089);\n        var myOptions = {\n            zoom: 17,\n            center: myLatlng,\n            mapTypeId: google.maps.MapTypeId.ROADMAP,\n            disableDefaultUI: true,\n            mapTypeId: 'flatsome',\n            draggable: true,\n            zoomControl: false,\n            zoomControlOptions: {\n              position: google.maps.ControlPosition.TOP_LEFT\n            },\n      \t\t\tmapTypeControl: false,\n            mapTypeControlOptions: {\n              position: google.maps.ControlPosition.TOP_LEFT\n            },\n      \t\t\tstreetViewControl: false,\n            streetViewControlOptions: {\n              position: google.maps.ControlPosition.TOP_LEFT\n            },\n            scrollwheel: false,\n            disableDoubleClickZoom: true\n        }\n        var map = new google.maps.Map(document.getElementById(\"map-2887364364-inner\"), myOptions);\n        var styledMapType = new google.maps.StyledMapType(styles['flatsome'], {name: 'flatsome'});\n        map.mapTypes.set('flatsome', styledMapType);\n\n        var marker = new google.maps.Marker({\n            position: myLatlng,\n            map: map,\n            title:\"\"\n        });\n    }\n\n    \/\/ Required to proceed\n    if (!(typeof google === 'object' && typeof google.maps === 'object')) {\n      return\n    }\n\n    initialize()\n    google.maps.event.addDomListener(window, 'resize', initialize);\n    });\n    <\/script>\n\n    <div class=\"google-map relative mb\" id=\"map-2887364364\">\n        <div class=\"map-height\" id=\"map-2887364364-inner\"><\/div>\n        <div id=\"map_overlay_top\"><\/div>\n        <div id=\"map_overlay_bottom\"><\/div>\n                  <div class=\"map_inner map-inner last-reset absolute x95 md-x95 lg-x95 y95 md-y95 lg-y95\">\n              \n<h3>Shop f\u00fcr DDoptics Optiken und UNIC Carbonsch\u00e4fte | Webdeals Shops GmbH<br \/>Holzbodenweg 6<br \/>6858 Schwarzach, \u00d6STERREICH<\/h3>\n<p>Direkt-Hotline: +43 676 6882000<br \/>Mo-Fr 9-18 Uhr<br \/>E-Mail: <a href=\"mailto:info@ddoptics.shop\">info (at) ddoptics.shop<\/a><\/p>\n<p><strong>Onlineshop: 24 Stunden, t\u00e4glich (24\/7)<\/strong><\/p>\n         <\/div>\n       \n       \n<style>\n#map-2887364364 .map-inner {\n  background-color: #fff;\n  max-width: 30%;\n}\n#map-2887364364 .map-height {\n  height: 400px;\n}\n<\/style>\n    <\/div>\n\n\t\n<div class=\"row\"  id=\"row-189773954\">\n\n\t<div id=\"col-1397917296\" class=\"col medium-7 large-7\"  >\n\t\t\t\t<div class=\"col-inner\"  >\n\t\t\t\n\t\t\t\n<div class=\"container section-title-container\" ><h3 class=\"section-title section-title-normal\"><b aria-hidden=\"true\"><\/b><span class=\"section-title-main\" >H\u00e4ufig gestellte Fragen<\/span><b aria-hidden=\"true\"><\/b><\/h3><\/div>\n<p class=\"lead\">Schnelle Hilfe ohne E-Mail und Telefon<\/p>\n<div class=\"accordion\">\r\n\r\n\t<div id=\"accordion-1299363175\" class=\"accordion-item\">\n\t\t<a id=\"accordion-1299363175-label\" class=\"accordion-title plain\" href=\"#accordion-item-wie-hoch-sind-die-versandkosten-bei-bestellungen-im-onlineshop?\" aria-expanded=\"false\" aria-controls=\"accordion-1299363175-content\">\n\t\t\t<button class=\"toggle\" aria-label=\"Toggle\"><i class=\"icon-angle-down\" aria-hidden=\"true\"><\/i><\/button>\n\t\t\t<span>Wie hoch sind die Versandkosten bei Bestellungen im Onlineshop?<\/span>\n\t\t<\/a>\n\t\t<div id=\"accordion-1299363175-content\" class=\"accordion-inner\" aria-labelledby=\"accordion-1299363175-label\">\n\t\t\t\r\n\r\nDetailierte Informationen zum Versand finden Sie auf unserer Seite <a href=\"\/versandkosten\">Versandkosten<\/a>.\r\n\r\n\t\t<\/div>\n\t<\/div>\n\t\r\n\r\n\t<div id=\"accordion-2147915511\" class=\"accordion-item\">\n\t\t<a id=\"accordion-2147915511-label\" class=\"accordion-title plain\" href=\"#accordion-item-welche-zahlungsarten-werden-im-onlineshop-angeboten?\" aria-expanded=\"false\" aria-controls=\"accordion-2147915511-content\">\n\t\t\t<button class=\"toggle\" aria-label=\"Toggle\"><i class=\"icon-angle-down\" aria-hidden=\"true\"><\/i><\/button>\n\t\t\t<span>Welche Zahlungsarten werden im Onlineshop angeboten?<\/span>\n\t\t<\/a>\n\t\t<div id=\"accordion-2147915511-content\" class=\"accordion-inner\" aria-labelledby=\"accordion-2147915511-label\">\n\t\t\t\r\n\r\nDetaillierte Informationen zur Zahlung finden Sie auf unserer Seite Zahlungsarten. Wir bieten mehrere bekannte Zahlungsvarianten an um dem Kunden die jeweils einfachste und bequemste Zahlungsweise zu erm\u00f6glichen. PayPal und Kreditkarte sind zwei sehr gern genutzte Zahlungsarten und nat\u00fcrlich verf\u00fcgbar.\r\n\r\n\t\t<\/div>\n\t<\/div>\n\t\r\n\r\n\t<div id=\"accordion-3947245669\" class=\"accordion-item\">\n\t\t<a id=\"accordion-3947245669-label\" class=\"accordion-title plain\" href=\"#accordion-item-kann-ich-als-unternehmen-mit-uid-eine-innergemeinschaftliche-lieferung-bestellen?\" aria-expanded=\"false\" aria-controls=\"accordion-3947245669-content\">\n\t\t\t<button class=\"toggle\" aria-label=\"Toggle\"><i class=\"icon-angle-down\" aria-hidden=\"true\"><\/i><\/button>\n\t\t\t<span>Kann ich als Unternehmen mit UID eine innergemeinschaftliche Lieferung bestellen?<\/span>\n\t\t<\/a>\n\t\t<div id=\"accordion-3947245669-content\" class=\"accordion-inner\" aria-labelledby=\"accordion-3947245669-label\">\n\t\t\t\r\n\r\nJa das ist m\u00f6glich. Geben auf der Kassaseite gemeinsam mit Ihren Rechnungs- und Lieferdaten auch Ihre UID-Nummer (Umsatzsteueridentifikationsnummer) ein. Die Pr\u00fcfung Ihrer UID-Nummer erfolgt live. Sobald \u00fcberpr\u00fcft wird Ihre Bestellung best\u00e4tigt und Sie erhalten Ihre Bestellbest\u00e4tigung bereits mit ber\u00fccksichtigter UID-Nummer. Bitte beachten Sie das eine umsatzsteuerbefreite innergemeinschaftliche Lieferung nur mit g\u00fcltiger UID-Nummer und ausschlie\u00dflich ins EU-Ausland, ausserhalb von \u00d6sterreich, m\u00f6glich ist.\r\n\r\n\t\t<\/div>\n\t<\/div>\n\t\r\n\r\n\t<div id=\"accordion-884292705\" class=\"accordion-item\">\n\t\t<a id=\"accordion-884292705-label\" class=\"accordion-title plain\" href=\"#accordion-item-wie-lange-dauert-die-lieferung?-\" aria-expanded=\"false\" aria-controls=\"accordion-884292705-content\">\n\t\t\t<button class=\"toggle\" aria-label=\"Toggle\"><i class=\"icon-angle-down\" aria-hidden=\"true\"><\/i><\/button>\n\t\t\t<span>Wie lange dauert die Lieferung? <\/span>\n\t\t<\/a>\n\t\t<div id=\"accordion-884292705-content\" class=\"accordion-inner\" aria-labelledby=\"accordion-884292705-label\">\n\t\t\t\r\n\r\nWir versenden alle Bestellungen nach Zahlungseingang durchschnittlich innerhalb von 3 Arbeitstagen. Bei besonderen Produkte wie z.B. bei Matritzen und Montagen kann es aufgrund der Vielfalt zu Verz\u00f6gerungen kommen. Ausnahme sind eventuelle Verz\u00f6gerungen durch Feiertage.\r\n\r\n\t\t<\/div>\n\t<\/div>\n\t\r\n\r\n\t<div id=\"accordion-3837165466\" class=\"accordion-item\">\n\t\t<a id=\"accordion-3837165466-label\" class=\"accordion-title plain\" href=\"#accordion-item-kann-ich-die-bestellten-waren-am-optik-sport-shop-standort-abholen?\" aria-expanded=\"false\" aria-controls=\"accordion-3837165466-content\">\n\t\t\t<button class=\"toggle\" aria-label=\"Toggle\"><i class=\"icon-angle-down\" aria-hidden=\"true\"><\/i><\/button>\n\t\t\t<span>Kann ich die bestellten Waren am Optik Sport Shop Standort abholen?<\/span>\n\t\t<\/a>\n\t\t<div id=\"accordion-3837165466-content\" class=\"accordion-inner\" aria-labelledby=\"accordion-3837165466-label\">\n\t\t\t\r\n\r\nOptik Sport Shop ist ein spezialisierter Themen Onlineshop und verf\u00fcgt \u00fcber kein zus\u00e4tzliches Einkaufsgesch\u00e4ft mit \u00d6ffnungszeiten. Sie bestimmen den Zeitpunkt zu dem Sie bequem in unserem Onlineshop einkaufen wollen, von uns bestimmte \u00d6ffnungszeiten sind hier v\u00f6llig fehl am Platz. Sie erreichen unseren Onlineshop durchgehend 24\/7 - 24 Stunden lang, 7 Tage die Woche. Dennoch ist eine pers\u00f6nliche Abholung Ihrer Bestellung in AT- 6858 Schwarzach nach vorheriger Terminvereinbarung m\u00f6glich.\r\n\r\n\t\t<\/div>\n\t<\/div>\n\t\r\n\r\n\t<div id=\"accordion-2407015972\" class=\"accordion-item\">\n\t\t<a id=\"accordion-2407015972-label\" class=\"accordion-title plain\" href=\"#accordion-item-was-geschieht-nach-dem-abschluss-meiner-bestellung?-\" aria-expanded=\"false\" aria-controls=\"accordion-2407015972-content\">\n\t\t\t<button class=\"toggle\" aria-label=\"Toggle\"><i class=\"icon-angle-down\" aria-hidden=\"true\"><\/i><\/button>\n\t\t\t<span>Was geschieht nach dem Abschluss meiner Bestellung? <\/span>\n\t\t<\/a>\n\t\t<div id=\"accordion-2407015972-content\" class=\"accordion-inner\" aria-labelledby=\"accordion-2407015972-label\">\n\t\t\t\r\n\r\nSie schlie\u00dfen Ihre Bestellung mit dem Klicken auf \"Kaufen\" ab. Nach dem Abschluss erhalten Sie umgehend eine Bestelleingangsbest\u00e4tigung per E-Mail. Darin aufgelistet sind die bestellten Produkte, alle anfallenden Kosten sowie die Rechnungsadresse und Lieferadresse. Je nach gew\u00e4hlter Zahlungsweise versenden wir Ihre Bestellung bereits am folgenden Werktag bzw. nach dem Eingang Ihrer Vorauszahlung.\r\n\r\n\t\t<\/div>\n\t<\/div>\n\t\r\n\r\n\t<div id=\"accordion-3228328602\" class=\"accordion-item\">\n\t\t<a id=\"accordion-3228328602-label\" class=\"accordion-title plain\" href=\"#accordion-item-wie-erhalte-ich-die-rechnung?-\" aria-expanded=\"false\" aria-controls=\"accordion-3228328602-content\">\n\t\t\t<button class=\"toggle\" aria-label=\"Toggle\"><i class=\"icon-angle-down\" aria-hidden=\"true\"><\/i><\/button>\n\t\t\t<span>Wie erhalte ich die Rechnung? <\/span>\n\t\t<\/a>\n\t\t<div id=\"accordion-3228328602-content\" class=\"accordion-inner\" aria-labelledby=\"accordion-3228328602-label\">\n\t\t\t\r\n\r\nDie Rechnung erhalten Sie nach Fertigstellung durch uns per E-Mail im PDF-Dateiformat. Dem Paket selbst liegt ein Lieferschein bei.\r\n\r\n\t\t<\/div>\n\t<\/div>\n\t\r\n\r\n\t<div id=\"accordion-3188330864\" class=\"accordion-item\">\n\t\t<a id=\"accordion-3188330864-label\" class=\"accordion-title plain\" href=\"#accordion-item-ihre-bestellung-ist-ein-geschenk-mit-direktem-versand?-\" aria-expanded=\"false\" aria-controls=\"accordion-3188330864-content\">\n\t\t\t<button class=\"toggle\" aria-label=\"Toggle\"><i class=\"icon-angle-down\" aria-hidden=\"true\"><\/i><\/button>\n\t\t\t<span>Ihre Bestellung ist ein Geschenk mit direktem Versand? <\/span>\n\t\t<\/a>\n\t\t<div id=\"accordion-3188330864-content\" class=\"accordion-inner\" aria-labelledby=\"accordion-3188330864-label\">\n\t\t\t\r\n\r\nBitte geben Sie bei Ihrer Bestellung zus\u00e4tzlich die abweichende Lieferadresse an. Zus\u00e4tzlich haben Sie die M\u00f6glichkeit dem Geschenk ein pers\u00f6nliches Kommentar mitzugeben, beispielsweise ein Dankesch\u00f6n oder einen Gl\u00fcckwunschgru\u00df. Nutzen Sie hierf\u00fcr das Kommentarfeld auf der Kassa-Seite. Diesen Gru\u00df drucken wir mit auf den Lieferschein welcher dem Paket immer beiliegt. Die Rechnung selbst erhalten Sie als PDF per E-Mail.\r\n\r\n\t\t<\/div>\n\t<\/div>\n\t\r\n\r\n\t<div id=\"accordion-3553640098\" class=\"accordion-item\">\n\t\t<a id=\"accordion-3553640098-label\" class=\"accordion-title plain\" href=\"#accordion-item-wie-sicher-ist-der-einkauf-im-onlineshop?\" aria-expanded=\"false\" aria-controls=\"accordion-3553640098-content\">\n\t\t\t<button class=\"toggle\" aria-label=\"Toggle\"><i class=\"icon-angle-down\" aria-hidden=\"true\"><\/i><\/button>\n\t\t\t<span>Wie sicher ist der Einkauf im Onlineshop?<\/span>\n\t\t<\/a>\n\t\t<div id=\"accordion-3553640098-content\" class=\"accordion-inner\" aria-labelledby=\"accordion-3553640098-label\">\n\t\t\t\r\n\r\nIhre Bestellung ist beginnend mit der Kassa-Seite ab der Eingabe von pers\u00f6nlichen Daten verschl\u00fcsselt. Gleiches gilt f\u00fcr Ihren Kundenbereich nach dem Login. Wir nutzen daf\u00fcr eine sehr sichere 2048-Bit-Verschl\u00fcsselung. Pers\u00f6nliche Bezahlungsdaten wie zB. Kreditkartennummern werden grunds\u00e4tzlich nicht gespeichert. Daher ist auch eine Beauskunftung mittels rechtlicher Mittel nicht m\u00f6glich; jegliche Rechts-Anfrage leiten wir an das entsprechende von Ihnen gew\u00e4hlte Finanzunternehmen weiter.\r\n\r\nDer Optik Sport Shop wurde in Hinblick auf Sicherheit und Datenschutz \u00fcberpr\u00fcft und mit dem PCI DSS Compliant Siegel zertifiziert.\r\n\r\n\t\t<\/div>\n\t<\/div>\n\t\r\n\r\n<\/div>\n\t\t<\/div>\n\t\t\t\t\t<\/div>\n\n\t\n\n\t<div id=\"col-1263976554\" class=\"col medium-5 large-5\"  >\n\t\t\t\t<div class=\"col-inner\"  >\n\t\t\t\n\t\t\t\n<div class=\"container section-title-container\" ><h3 class=\"section-title section-title-normal\"><b aria-hidden=\"true\"><\/b><span class=\"section-title-main\" >Schreiben Sie uns<\/span><b aria-hidden=\"true\"><\/b><\/h3><\/div>\n\n<div class=\"wpcf7 no-js\" id=\"wpcf7-f10675-o1\" lang=\"de-DE\" dir=\"ltr\" data-wpcf7-id=\"10675\">\n<div class=\"screen-reader-response\"><p role=\"status\" aria-live=\"polite\" aria-atomic=\"true\"><\/p> <ul><\/ul><\/div>\n<form action=\"\/ro\/wp-json\/wp\/v2\/pages\/27#wpcf7-f10675-o1\" method=\"post\" class=\"wpcf7-form init\" aria-label=\"Kontaktformular\" novalidate=\"novalidate\" data-status=\"init\">\n<fieldset class=\"hidden-fields-container\"><input type=\"hidden\" name=\"_wpcf7\" value=\"10675\" \/><input type=\"hidden\" name=\"_wpcf7_version\" value=\"6.1.5\" \/><input type=\"hidden\" name=\"_wpcf7_locale\" value=\"de_DE\" \/><input type=\"hidden\" name=\"_wpcf7_unit_tag\" value=\"wpcf7-f10675-o1\" \/><input type=\"hidden\" name=\"_wpcf7_container_post\" value=\"0\" \/><input type=\"hidden\" name=\"_wpcf7_posted_data_hash\" value=\"\" \/><input type=\"hidden\" name=\"_wpcf7dtx_version\" value=\"5.0.5\" \/>\n<\/fieldset>\n<p><span class=\"wpcf7-form-control-wrap\" data-name=\"name01\"><input size=\"40\" maxlength=\"400\" class=\"wpcf7-form-control wpcf7-text wpcf7-validates-as-required\" aria-required=\"true\" aria-invalid=\"false\" placeholder=\"Vor- \/ Nachname\" value=\"\" type=\"text\" name=\"name01\" \/><\/span>\n<\/p>\n<p><span class=\"wpcf7-form-control-wrap\" data-name=\"email01\"><input size=\"40\" maxlength=\"400\" class=\"wpcf7-form-control wpcf7-email wpcf7-validates-as-required wpcf7-text wpcf7-validates-as-email\" aria-required=\"true\" aria-invalid=\"false\" placeholder=\"@E-Mail-Adresse\" value=\"\" type=\"email\" name=\"email01\" \/><\/span>\n<\/p>\n<p><span class=\"wpcf7-form-control-wrap\" data-name=\"telefon01\"><input size=\"40\" maxlength=\"400\" class=\"wpcf7-form-control wpcf7-text\" aria-invalid=\"false\" placeholder=\"Vorwahl Rufnummer\" value=\"\" type=\"text\" name=\"telefon01\" \/><\/span>\n<\/p>\n<p><span class=\"wpcf7-form-control-wrap\" data-name=\"homepage01\"><input size=\"40\" maxlength=\"400\" class=\"wpcf7-form-control wpcf7-text\" aria-invalid=\"false\" placeholder=\"Homepage\" value=\"\" type=\"text\" name=\"homepage01\" \/><\/span>\n<\/p>\n<p><span class=\"wpcf7-form-control-wrap\" data-name=\"nachricht01\"><textarea cols=\"42\" rows=\"6\" maxlength=\"2000\" class=\"wpcf7-form-control wpcf7-textarea wpcf7-validates-as-required\" aria-required=\"true\" aria-invalid=\"false\" placeholder=\"Platz f\u00fcr Ihre Nachricht\" name=\"nachricht01\"><\/textarea><\/span>\n<\/p>\n<p><div class=\"cf7-cf-turnstile\" style=\"margin-top: 0px; margin-bottom: -15px;\"> <div id=\"cf-turnstile-cf7-1152628853\" class=\"cf-turnstile\" data-sitekey=\"0x4AAAAAAABF73A72cG0R_Z9\" data-theme=\"auto\" data-language=\"auto\" data-size=\"normal\" data-retry=\"auto\" data-retry-interval=\"1000\" data-refresh-expired=\"auto\" data-refresh-timeout=\"auto\" data-action=\"contact-form-7\" data-callback=\"turnstileCF7Callback\" data-appearance=\"always\"><\/div> <script>document.addEventListener(\"DOMContentLoaded\", function() { setTimeout(function(){ var e=document.getElementById(\"cf-turnstile-cf7-1152628853\"); if(e&&!e.innerHTML.trim()){turnstile.render(e, {sitekey:\"0x4AAAAAAABF73A72cG0R_Z9\"});} }, 200); });<\/script> <br class=\"cf-turnstile-br cf-turnstile-br-cf7-1152628853\"> <style>#cf-turnstile-cf7-1152628853 { margin-left: -15px; }<\/style> <script>document.addEventListener(\"DOMContentLoaded\",function(){document.querySelectorAll('.wpcf7-form').forEach(function(e){e.addEventListener('submit',function(){if(document.getElementById('cf-turnstile-cf7-1152628853')){setTimeout(function(){turnstile.reset('#cf-turnstile-cf7-1152628853');},1000)}})})});<\/script> <\/div>\n<\/p>\n<p><input class=\"wpcf7-form-control wpcf7-submit has-spinner\" type=\"submit\" value=\"Absenden\" \/>\n<\/p><div class=\"wpcf7-response-output\" aria-hidden=\"true\"><\/div>\n<\/form>\n<\/div>\n\n\t\t<\/div>\n\t\t\t\t\t<\/div>\n\n\t\n<\/div>\n\t<div id=\"gap-29833501\" class=\"gap-element clearfix\" style=\"display:block; height:auto;\">\n\t\t\n<style>\n#gap-29833501 {\n  padding-top: 30px;\n}\n<\/style>\n\t<\/div>\n\t\n","protected":false},"excerpt":{"rendered":"","protected":false},"author":2,"featured_media":0,"parent":0,"menu_order":0,"comment_status":"closed","ping_status":"open","template":"page-blank.php","meta":{"inline_featured_image":false,"footnotes":""},"class_list":["post-27","page","type-page","status-publish","hentry"],"_links":{"self":[{"href":"https:\/\/ddoptics.shop\/ro\/wp-json\/wp\/v2\/pages\/27","targetHints":{"allow":["GET"]}}],"collection":[{"href":"https:\/\/ddoptics.shop\/ro\/wp-json\/wp\/v2\/pages"}],"about":[{"href":"https:\/\/ddoptics.shop\/ro\/wp-json\/wp\/v2\/types\/page"}],"author":[{"embeddable":true,"href":"https:\/\/ddoptics.shop\/ro\/wp-json\/wp\/v2\/users\/2"}],"replies":[{"embeddable":true,"href":"https:\/\/ddoptics.shop\/ro\/wp-json\/wp\/v2\/comments?post=27"}],"version-history":[{"count":8,"href":"https:\/\/ddoptics.shop\/ro\/wp-json\/wp\/v2\/pages\/27\/revisions"}],"predecessor-version":[{"id":29268,"href":"https:\/\/ddoptics.shop\/ro\/wp-json\/wp\/v2\/pages\/27\/revisions\/29268"}],"wp:attachment":[{"href":"https:\/\/ddoptics.shop\/ro\/wp-json\/wp\/v2\/media?parent=27"}],"curies":[{"name":"wp","href":"https:\/\/api.w.org\/{rel}","templated":true}]}}