{"id":29084,"date":"2025-10-03T10:30:51","date_gmt":"2025-10-03T08:30:51","guid":{"rendered":"https:\/\/ddoptics.shop\/?page_id=29084"},"modified":"2025-10-03T10:37:39","modified_gmt":"2025-10-03T08:37:39","slug":"lunete-in-functie-de-potrivire","status":"publish","type":"page","link":"https:\/\/ddoptics.shop\/ro\/zielfernrohre-nach-eignung\/","title":{"rendered":"lunete \u00een func\u021bie de potrivire"},"content":{"rendered":"<div class=\"page-title category-title\">\n<h1>lunete \u00een func\u021bie de potrivire<\/h1>\n<\/div>\n<div class=\"category-description std\">\n<p><strong>Cum s\u0103 g\u0103si\u021bi luneta optim\u0103 pentru utilizarea dvs. cu sistemul nostru de selec\u021bie \u0219i comparare a adecv\u0103rii!<\/strong><\/p>\n<p>Sfaturi : Aici ve\u021bi primi cele mai importante sfaturi pentru a v\u0103 asigura c\u0103 a\u0219tept\u0103rile dvs. sunt \u00eendeplinite \u00een mod optim atunci c\u00e2nd v\u0103 selecta\u021bi optica \u021bint\u0103.<\/p>\n<p><strong>Ochelari de pu\u0219c\u0103 de \u00eenalt\u0103 calitate \u0219i precizie sunt optici excelente de ultim\u0103 genera\u021bie!<\/strong><\/p>\n<p>Cu gama lor variabil\u0103 de m\u0103riri, acestea ofer\u0103 o gam\u0103 larg\u0103 de aplica\u021bii \u00een competi\u021bii \u0219i pentru toate tipurile de v\u00e2n\u0103toare cu diferite condi\u021bii de lumin\u0103.<br \/>\nIndiferent de aplica\u021bie \u0219i de diferitele condi\u021bii de lumin\u0103 \u0219i clim\u0103 - trebuie s\u0103 v\u0103 pute\u021bi baza pe calitatea lunetei dvs. \u00een orice moment.<\/p>\n<p>V\u00e2n\u0103torii \u0219i tr\u0103g\u0103torii pun cele mai mari exigen\u021be \u00een ceea ce prive\u0219te performan\u021ba lunetei optice - numai atunci cea mai bun\u0103 arm\u0103 va oferi performan\u021be generale optime.<br \/>\nEs gibt Zielfernrohre mit konstanter und variabler Vergr\u00f6\u00dferung. Zieloptiken mit variabler Verg\u00f6sserungen erm\u00f6glichen eine Einstellung entsprechend dem Verwendungszweck. Bei weitem Schuss z.B. 10x, beim Schuss auf fl\u00fcchtiges Wild nur 2,5-facher Vergr\u00f6sserung. Wichtiger Bestandteil eines Zielfernrohres ist das Absehen (Fadenkreuz). Das Leuchtabsehen mit dem Glasfaser Leuchtpunkt II ist extrem klar.<\/p>\n<p>Dank der von DDoptics entwickelten Glasfasertechnik \u00fcberstrahlt oder reflektiert der Leuchtpunkt in keiner Situation. Bei starker Dimmung wird der Leuchtpunkt nicht nur dunkler, sondern auch feiner.<br \/>\nEine qualitativ hochwertige Montage sorgt f\u00fcr konstanten, optimalen Sitz auf dem Gewehr \u2013 auch nach wiederholtem Abnehmen. Bekannte Montagen sind, Schwenkmontagen, Aufschubmontagen oder Einhakmontagen wie die bei DDoptics erh\u00e4ltliche Ziegler Einhakmontage.<\/p>\n<table border=\"0\">\n<tbody>\n<tr>\n<td><strong>Tip de v\u00e2n\u0103toare<\/strong><\/td>\n<td><strong>Utilizare<\/strong><\/td>\n<td><strong>Selectarea opticii \u021bint\u0103<\/strong><\/td>\n<\/tr>\n<tr>\n<td>Allround<\/td>\n<td>Variable Vergr\u00f6\u00dferungen und Objektivdurchmesser im mittleren<br \/>\ngama sunt u\u0219oare pentru urm\u0103rire \u0219i ofer\u0103 rezerve<br \/>\nin der D\u00e4mmerung.<\/td>\n<td>1,5-6\u00d742<br \/>\n2,5-10\u00d750<br \/>\n2,5-15\u00d750<br \/>\n2,5-10\u00d756<\/td>\n<\/tr>\n<tr>\n<td>Scaun<\/td>\n<td>Dimensiuni M\u0103rimile \u0219i diametrele lentilelor au ca rezultat o<br \/>\ngute D\u00e4mmerungsleistung \u2013 ein Leuchtabsehen ist vorteilhaft<\/td>\n<td>2,5-10\u00d750<br \/>\n2,5-10\u00d756<br \/>\n5-30\u00d750<br \/>\n2,5-15\u00d750<\/td>\n<\/tr>\n<tr>\n<td>Stalk<\/td>\n<td>M\u0103ririle reduse sau diametrele mici ale lentilelor sunt<br \/>\npreferabile din cauza greut\u0103\u021bii lor sau pentru c\u0103 sunt predominant<br \/>\ns\u0103 fie utilizat la lumina zilei.<\/td>\n<td>1,5-6\u00d742<br \/>\n1-4\u00d724<\/td>\n<\/tr>\n<tr>\n<td>V\u00e2n\u0103toare montan\u0103<\/td>\n<td>M\u0103rimi variabile medii \u0219i diametre medii ale lentilelor,<br \/>\npentru a se adapta la diferite distan\u021be.<br \/>\n\u0219i s\u0103 nu poarte o greutate prea mare.<\/td>\n<td>5-30\u00d750<br \/>\n2,5-15\u00d750<\/td>\n<\/tr>\n<tr>\n<td>\u00cempingerea \u0219i<\/p>\n<p>Joc mare<\/td>\n<td>M\u0103ririle reduse sau diametrele mici ale lentilelor sunt<br \/>\ndatorit\u0103 greut\u0103\u021bii lor \u0219i a c\u00e2mpului vizual mai mare.<br \/>\ndeoarece acestea sunt, de asemenea, utilizate \u00een principal la lumina zilei.<\/td>\n<td>1,5-6\u00d742<br \/>\n1-4\u00d724<\/td>\n<\/tr>\n<\/tbody>\n<\/table>\n<\/div>","protected":false},"excerpt":{"rendered":"<p>Zielfernrohre nach Eignung Wie Sie mit unserer Eignungsauswahl und dem Vergleichssystem das f\u00fcr Ihren Gebrauch optimale Zielfernrohr finden! Beratung : Hier erhalten Sie die wichtigsten Tipps, damit bei der Auswahl Ihrer Zieloptik auch Ihre Erwartungen optimal erf\u00fcllt werden. Hochqualitatve und genaue Zielfernrohre stellen hervorragende Optiken modernster Bauart dar! Sie bieten mit ihrem variablen Vergr\u00f6\u00dferungsbereich vielf\u00e4ltige [&#8230;]\n","protected":false},"author":2,"featured_media":0,"parent":0,"menu_order":0,"comment_status":"closed","ping_status":"closed","template":"page-blank-title-center.php","meta":{"inline_featured_image":false,"footnotes":""},"class_list":["post-29084","page","type-page","status-publish","hentry"],"_links":{"self":[{"href":"https:\/\/ddoptics.shop\/ro\/wp-json\/wp\/v2\/pages\/29084","targetHints":{"allow":["GET"]}}],"collection":[{"href":"https:\/\/ddoptics.shop\/ro\/wp-json\/wp\/v2\/pages"}],"about":[{"href":"https:\/\/ddoptics.shop\/ro\/wp-json\/wp\/v2\/types\/page"}],"author":[{"embeddable":true,"href":"https:\/\/ddoptics.shop\/ro\/wp-json\/wp\/v2\/users\/2"}],"replies":[{"embeddable":true,"href":"https:\/\/ddoptics.shop\/ro\/wp-json\/wp\/v2\/comments?post=29084"}],"version-history":[{"count":4,"href":"https:\/\/ddoptics.shop\/ro\/wp-json\/wp\/v2\/pages\/29084\/revisions"}],"predecessor-version":[{"id":29088,"href":"https:\/\/ddoptics.shop\/ro\/wp-json\/wp\/v2\/pages\/29084\/revisions\/29088"}],"wp:attachment":[{"href":"https:\/\/ddoptics.shop\/ro\/wp-json\/wp\/v2\/media?parent=29084"}],"curies":[{"name":"wp","href":"https:\/\/api.w.org\/{rel}","templated":true}]}}